{"id":10424,"date":"2017-03-14T18:52:56","date_gmt":"2017-03-14T18:52:56","guid":{"rendered":"https:\/\/www.goiko.com\/nuestros-restaurantes\/"},"modified":"2023-11-17T13:04:39","modified_gmt":"2023-11-17T12:04:39","slug":"els-nostres-restaurants","status":"publish","type":"page","link":"https:\/\/www.goiko.com\/es\/ca\/els-nostres-restaurants\/","title":{"rendered":"Els nostres restaurants"},"content":{"rendered":"\t\t<div data-elementor-type=\"wp-page\" data-elementor-id=\"10424\" class=\"elementor elementor-10424 elementor-5862\" data-elementor-post-type=\"page\">\n\t\t\t\t\t\t<section class=\"elementor-section elementor-top-section elementor-element elementor-element-490104de elementor-section-boxed elementor-section-height-default elementor-section-height-default\" data-id=\"490104de\" data-element_type=\"section\">\n\t\t\t\t\t\t<div class=\"elementor-container elementor-column-gap-default\">\n\t\t\t\t\t<div class=\"elementor-column elementor-col-100 elementor-top-column elementor-element elementor-element-bf8ba2\" data-id=\"bf8ba2\" data-element_type=\"column\">\n\t\t\t<div class=\"elementor-widget-wrap elementor-element-populated\">\n\t\t\t\t\t\t<div class=\"elementor-element elementor-element-619e053c elementor-widget elementor-widget-text-editor\" data-id=\"619e053c\" data-element_type=\"widget\" data-widget_type=\"text-editor.default\">\n\t\t\t\t<div class=\"elementor-widget-container\">\n\t\t\t\t\t\t\t<p class=\"afterMapClaim\" style=\"margin: 0 auto 30px auto;\"><strong>Cada Goiko \u00e9s \u00fanic<\/strong>. No nom\u00e9s existeix una hamburguesa especial a cada territori, sin\u00f3 que l&#8217;estil i l&#8217;equip aporten una personalitat i un ambient diferent a cada exper\u00e8ncia.<\/p>\t\t\t\t\t\t<\/div>\n\t\t\t\t<\/div>\n\t\t\t\t\t<\/div>\n\t\t<\/div>\n\t\t\t\t\t<\/div>\n\t\t<\/section>\n\t\t\t\t<\/div>\n\t\t","protected":false},"excerpt":{"rendered":"<p>Cada Goiko \u00e9s \u00fanic. No nom\u00e9s existeix una hamburguesa especial a cada territori, sin\u00f3 que l&#8217;estil i l&#8217;equip aporten una personalitat i un ambient diferent a cada exper\u00e8ncia.<\/p>\n","protected":false},"author":1,"featured_media":28612,"parent":0,"menu_order":259,"comment_status":"closed","ping_status":"closed","template":"templates\/template-locations.php","meta":{"footnotes":""},"class_list":["post-10424","page","type-page","status-publish","has-post-thumbnail","hentry"],"acf":[],"yoast_head":"<!-- This site is optimized with the Yoast SEO plugin v23.8 - https:\/\/yoast.com\/wordpress\/plugins\/seo\/ -->\n<title>Els nostres restaurants - GOIKO<\/title>\n<meta name=\"robots\" content=\"index, follow, max-snippet:-1, max-image-preview:large, max-video-preview:-1\" \/>\n<link rel=\"canonical\" href=\"https:\/\/www.goiko.com\/es\/ca\/els-nostres-restaurants\/\" \/>\n<meta property=\"og:locale\" content=\"ca_ES\" \/>\n<meta property=\"og:type\" content=\"article\" \/>\n<meta property=\"og:title\" content=\"Els nostres restaurants - GOIKO\" \/>\n<meta property=\"og:description\" content=\"Cada Goiko \u00e9s \u00fanic. No nom\u00e9s existeix una hamburguesa especial a cada territori, sin\u00f3 que l&#8217;estil i l&#8217;equip aporten una personalitat i un ambient diferent a cada exper\u00e8ncia.\" \/>\n<meta property=\"og:url\" content=\"https:\/\/www.goiko.com\/es\/ca\/els-nostres-restaurants\/\" \/>\n<meta property=\"og:site_name\" content=\"GOIKO\" \/>\n<meta property=\"article:publisher\" content=\"https:\/\/www.facebook.com\/goiko\" \/>\n<meta property=\"article:modified_time\" content=\"2023-11-17T12:04:39+00:00\" \/>\n<meta property=\"og:image\" content=\"https:\/\/www.goiko.com\/es\/wp-content\/uploads\/2019\/12\/Local2_Web_Desktop-1.jpg\" \/>\n\t<meta property=\"og:image:width\" content=\"1800\" \/>\n\t<meta property=\"og:image:height\" content=\"1201\" \/>\n\t<meta property=\"og:image:type\" content=\"image\/jpeg\" \/>\n<meta name=\"twitter:card\" content=\"summary_large_image\" \/>\n<meta name=\"twitter:site\" content=\"@goiko\" \/>\n<meta name=\"twitter:label1\" content=\"Temps estimat de lectura\" \/>\n\t<meta name=\"twitter:data1\" content=\"1 minut\" \/>\n<script type=\"application\/ld+json\" class=\"yoast-schema-graph\">{\"@context\":\"https:\/\/schema.org\",\"@graph\":[{\"@type\":\"WebPage\",\"@id\":\"https:\/\/www.goiko.com\/es\/ca\/els-nostres-restaurants\/\",\"url\":\"https:\/\/www.goiko.com\/es\/ca\/els-nostres-restaurants\/\",\"name\":\"Els nostres restaurants - GOIKO\",\"isPartOf\":{\"@id\":\"https:\/\/www.goiko.com\/es\/ca\/#website\"},\"primaryImageOfPage\":{\"@id\":\"https:\/\/www.goiko.com\/es\/ca\/els-nostres-restaurants\/#primaryimage\"},\"image\":{\"@id\":\"https:\/\/www.goiko.com\/es\/ca\/els-nostres-restaurants\/#primaryimage\"},\"thumbnailUrl\":\"https:\/\/www.goiko.com\/es\/wp-content\/uploads\/2019\/12\/Local2_Web_Desktop-1.jpg\",\"datePublished\":\"2017-03-14T18:52:56+00:00\",\"dateModified\":\"2023-11-17T12:04:39+00:00\",\"breadcrumb\":{\"@id\":\"https:\/\/www.goiko.com\/es\/ca\/els-nostres-restaurants\/#breadcrumb\"},\"inLanguage\":\"ca\",\"potentialAction\":[{\"@type\":\"ReadAction\",\"target\":[\"https:\/\/www.goiko.com\/es\/ca\/els-nostres-restaurants\/\"]}]},{\"@type\":\"ImageObject\",\"inLanguage\":\"ca\",\"@id\":\"https:\/\/www.goiko.com\/es\/ca\/els-nostres-restaurants\/#primaryimage\",\"url\":\"https:\/\/www.goiko.com\/es\/wp-content\/uploads\/2019\/12\/Local2_Web_Desktop-1.jpg\",\"contentUrl\":\"https:\/\/www.goiko.com\/es\/wp-content\/uploads\/2019\/12\/Local2_Web_Desktop-1.jpg\",\"width\":1800,\"height\":1201},{\"@type\":\"BreadcrumbList\",\"@id\":\"https:\/\/www.goiko.com\/es\/ca\/els-nostres-restaurants\/#breadcrumb\",\"itemListElement\":[{\"@type\":\"ListItem\",\"position\":1,\"name\":\"Portada\",\"item\":\"https:\/\/www.goiko.com\/es\/ca\/\"},{\"@type\":\"ListItem\",\"position\":2,\"name\":\"Els nostres restaurants\"}]},{\"@type\":\"WebSite\",\"@id\":\"https:\/\/www.goiko.com\/es\/ca\/#website\",\"url\":\"https:\/\/www.goiko.com\/es\/ca\/\",\"name\":\"GOIKO\",\"description\":\"Chorreo Forever\",\"potentialAction\":[{\"@type\":\"SearchAction\",\"target\":{\"@type\":\"EntryPoint\",\"urlTemplate\":\"https:\/\/www.goiko.com\/es\/ca\/?s={search_term_string}\"},\"query-input\":{\"@type\":\"PropertyValueSpecification\",\"valueRequired\":true,\"valueName\":\"search_term_string\"}}],\"inLanguage\":\"ca\"}]}<\/script>\n<!-- \/ Yoast SEO plugin. -->","yoast_head_json":{"title":"Els nostres restaurants - GOIKO","robots":{"index":"index","follow":"follow","max-snippet":"max-snippet:-1","max-image-preview":"max-image-preview:large","max-video-preview":"max-video-preview:-1"},"canonical":"https:\/\/www.goiko.com\/es\/ca\/els-nostres-restaurants\/","og_locale":"ca_ES","og_type":"article","og_title":"Els nostres restaurants - GOIKO","og_description":"Cada Goiko \u00e9s \u00fanic. No nom\u00e9s existeix una hamburguesa especial a cada territori, sin\u00f3 que l&#8217;estil i l&#8217;equip aporten una personalitat i un ambient diferent a cada exper\u00e8ncia.","og_url":"https:\/\/www.goiko.com\/es\/ca\/els-nostres-restaurants\/","og_site_name":"GOIKO","article_publisher":"https:\/\/www.facebook.com\/goiko","article_modified_time":"2023-11-17T12:04:39+00:00","og_image":[{"width":1800,"height":1201,"url":"https:\/\/www.goiko.com\/es\/wp-content\/uploads\/2019\/12\/Local2_Web_Desktop-1.jpg","type":"image\/jpeg"}],"twitter_card":"summary_large_image","twitter_site":"@goiko","twitter_misc":{"Temps estimat de lectura":"1 minut"},"schema":{"@context":"https:\/\/schema.org","@graph":[{"@type":"WebPage","@id":"https:\/\/www.goiko.com\/es\/ca\/els-nostres-restaurants\/","url":"https:\/\/www.goiko.com\/es\/ca\/els-nostres-restaurants\/","name":"Els nostres restaurants - GOIKO","isPartOf":{"@id":"https:\/\/www.goiko.com\/es\/ca\/#website"},"primaryImageOfPage":{"@id":"https:\/\/www.goiko.com\/es\/ca\/els-nostres-restaurants\/#primaryimage"},"image":{"@id":"https:\/\/www.goiko.com\/es\/ca\/els-nostres-restaurants\/#primaryimage"},"thumbnailUrl":"https:\/\/www.goiko.com\/es\/wp-content\/uploads\/2019\/12\/Local2_Web_Desktop-1.jpg","datePublished":"2017-03-14T18:52:56+00:00","dateModified":"2023-11-17T12:04:39+00:00","breadcrumb":{"@id":"https:\/\/www.goiko.com\/es\/ca\/els-nostres-restaurants\/#breadcrumb"},"inLanguage":"ca","potentialAction":[{"@type":"ReadAction","target":["https:\/\/www.goiko.com\/es\/ca\/els-nostres-restaurants\/"]}]},{"@type":"ImageObject","inLanguage":"ca","@id":"https:\/\/www.goiko.com\/es\/ca\/els-nostres-restaurants\/#primaryimage","url":"https:\/\/www.goiko.com\/es\/wp-content\/uploads\/2019\/12\/Local2_Web_Desktop-1.jpg","contentUrl":"https:\/\/www.goiko.com\/es\/wp-content\/uploads\/2019\/12\/Local2_Web_Desktop-1.jpg","width":1800,"height":1201},{"@type":"BreadcrumbList","@id":"https:\/\/www.goiko.com\/es\/ca\/els-nostres-restaurants\/#breadcrumb","itemListElement":[{"@type":"ListItem","position":1,"name":"Portada","item":"https:\/\/www.goiko.com\/es\/ca\/"},{"@type":"ListItem","position":2,"name":"Els nostres restaurants"}]},{"@type":"WebSite","@id":"https:\/\/www.goiko.com\/es\/ca\/#website","url":"https:\/\/www.goiko.com\/es\/ca\/","name":"GOIKO","description":"Chorreo Forever","potentialAction":[{"@type":"SearchAction","target":{"@type":"EntryPoint","urlTemplate":"https:\/\/www.goiko.com\/es\/ca\/?s={search_term_string}"},"query-input":{"@type":"PropertyValueSpecification","valueRequired":true,"valueName":"search_term_string"}}],"inLanguage":"ca"}]}},"_links":{"self":[{"href":"https:\/\/www.goiko.com\/es\/ca\/wp-json\/wp\/v2\/pages\/10424","targetHints":{"allow":["GET"]}}],"collection":[{"href":"https:\/\/www.goiko.com\/es\/ca\/wp-json\/wp\/v2\/pages"}],"about":[{"href":"https:\/\/www.goiko.com\/es\/ca\/wp-json\/wp\/v2\/types\/page"}],"author":[{"embeddable":true,"href":"https:\/\/www.goiko.com\/es\/ca\/wp-json\/wp\/v2\/users\/1"}],"replies":[{"embeddable":true,"href":"https:\/\/www.goiko.com\/es\/ca\/wp-json\/wp\/v2\/comments?post=10424"}],"version-history":[{"count":3,"href":"https:\/\/www.goiko.com\/es\/ca\/wp-json\/wp\/v2\/pages\/10424\/revisions"}],"predecessor-version":[{"id":56343,"href":"https:\/\/www.goiko.com\/es\/ca\/wp-json\/wp\/v2\/pages\/10424\/revisions\/56343"}],"wp:featuredmedia":[{"embeddable":true,"href":"https:\/\/www.goiko.com\/es\/ca\/wp-json\/wp\/v2\/media\/28612"}],"wp:attachment":[{"href":"https:\/\/www.goiko.com\/es\/ca\/wp-json\/wp\/v2\/media?parent=10424"}],"curies":[{"name":"wp","href":"https:\/\/api.w.org\/{rel}","templated":true}]}}