{"id":18435,"date":"2018-05-21T14:17:35","date_gmt":"2018-05-21T13:17:35","guid":{"rendered":"https:\/\/www.goiko.com\/gordonut\/"},"modified":"2019-02-04T15:18:22","modified_gmt":"2019-02-04T14:18:22","slug":"gurdunut","status":"publish","type":"page","link":"https:\/\/www.goiko.com\/es\/ca\/gurdunut\/","title":{"rendered":"GURDUNUT"},"content":{"rendered":"<p class=\"p1\" style=\"text-align: center;\">Cuenta la leyenda que ella nunca se fue del todo y que se ha quedado merodeando en una tercera dimensi\u00f3n esperando su regreso. \u00a1La burger m\u00e1s gorda vuelve de m\u00e1s all\u00e1 para deleitarnos nuevamente con su par de rosquillas!<\/p>\n<h3 class=\"p1\" style=\"text-align: center;\"><strong>#GURDUNUT<\/strong><\/h3>\n<p class=\"p1\" style=\"text-align: center;\">Rosquillas, bacon bits, queso americano, huevo frito y sirope de maple<\/p>\n<p class=\"p1\" style=\"text-align: center;\">La misma burger, ahora con U.<\/p>\n<hr \/>\n<p>&nbsp;<\/p>\n<p style=\"text-align: center;\">CONDICIONES<\/p>\n<p style=\"text-align: center;\">Disponible para comer o cenar\u00a0en todos los Goiko de lunes a jueves, desde el 4 de Febrero hasta el 28 de Febrero de 2019.\u00a0Cantidades limitadas.<\/p>\n<p style=\"text-align: center;\">En caso de querer carne adicional, ser\u00eda carnitas de 90gr.<\/p>\n<p style=\"text-align: center;\">No disponible para delivery. No tiene valor comercial. Otras condiciones aplican.<\/p>\n<p style=\"text-align: center;\">\n","protected":false},"excerpt":{"rendered":"<p>Cuenta la leyenda que ella nunca se fue del todo y que se ha quedado merodeando en una tercera dimensi\u00f3n esperando su regreso. \u00a1La burger m\u00e1s gorda vuelve de m\u00e1s all\u00e1 para deleitarnos nuevamente con su par de rosquillas! #GURDUNUT Rosquillas, bacon bits, queso americano, huevo frito y sirope de maple La misma burger, ahora [&hellip;]<\/p>\n","protected":false},"author":1,"featured_media":18411,"parent":0,"menu_order":227,"comment_status":"closed","ping_status":"closed","template":"","meta":{"footnotes":""},"class_list":["post-18435","page","type-page","status-publish","has-post-thumbnail","hentry"],"acf":[],"yoast_head":"<!-- This site is optimized with the Yoast SEO plugin v23.8 - https:\/\/yoast.com\/wordpress\/plugins\/seo\/ -->\n<title>GURDUNUT - GOIKO<\/title>\n<meta name=\"robots\" content=\"index, follow, max-snippet:-1, max-image-preview:large, max-video-preview:-1\" \/>\n<link rel=\"canonical\" href=\"https:\/\/www.goiko.com\/es\/ca\/gurdunut\/\" \/>\n<meta property=\"og:locale\" content=\"ca_ES\" \/>\n<meta property=\"og:type\" content=\"article\" \/>\n<meta property=\"og:title\" content=\"GURDUNUT - GOIKO\" \/>\n<meta property=\"og:description\" content=\"Cuenta la leyenda que ella nunca se fue del todo y que se ha quedado merodeando en una tercera dimensi\u00f3n esperando su regreso. \u00a1La burger m\u00e1s gorda vuelve de m\u00e1s all\u00e1 para deleitarnos nuevamente con su par de rosquillas! #GURDUNUT Rosquillas, bacon bits, queso americano, huevo frito y sirope de maple La misma burger, ahora [&hellip;]\" \/>\n<meta property=\"og:url\" content=\"https:\/\/www.goiko.com\/es\/ca\/gurdunut\/\" \/>\n<meta property=\"og:site_name\" content=\"GOIKO\" \/>\n<meta property=\"article:publisher\" content=\"https:\/\/www.facebook.com\/goiko\" \/>\n<meta property=\"article:modified_time\" content=\"2019-02-04T14:18:22+00:00\" \/>\n<meta property=\"og:image\" content=\"https:\/\/www.goiko.com\/es\/wp-content\/uploads\/2018\/05\/Goijo_Dona_Mayo2018_4-1024x683.jpg\" \/>\n\t<meta property=\"og:image:width\" content=\"1024\" \/>\n\t<meta property=\"og:image:height\" content=\"683\" \/>\n\t<meta property=\"og:image:type\" content=\"image\/jpeg\" \/>\n<meta name=\"twitter:card\" content=\"summary_large_image\" \/>\n<meta name=\"twitter:site\" content=\"@goiko\" \/>\n<meta name=\"twitter:label1\" content=\"Temps estimat de lectura\" \/>\n\t<meta name=\"twitter:data1\" content=\"1 minut\" \/>\n<script type=\"application\/ld+json\" class=\"yoast-schema-graph\">{\"@context\":\"https:\/\/schema.org\",\"@graph\":[{\"@type\":\"WebPage\",\"@id\":\"https:\/\/www.goiko.com\/es\/ca\/gurdunut\/\",\"url\":\"https:\/\/www.goiko.com\/es\/ca\/gurdunut\/\",\"name\":\"GURDUNUT - GOIKO\",\"isPartOf\":{\"@id\":\"https:\/\/www.goiko.com\/es\/ca\/#website\"},\"primaryImageOfPage\":{\"@id\":\"https:\/\/www.goiko.com\/es\/ca\/gurdunut\/#primaryimage\"},\"image\":{\"@id\":\"https:\/\/www.goiko.com\/es\/ca\/gurdunut\/#primaryimage\"},\"thumbnailUrl\":\"https:\/\/www.goiko.com\/es\/wp-content\/uploads\/2018\/05\/Goijo_Dona_Mayo2018_4.jpg\",\"datePublished\":\"2018-05-21T13:17:35+00:00\",\"dateModified\":\"2019-02-04T14:18:22+00:00\",\"breadcrumb\":{\"@id\":\"https:\/\/www.goiko.com\/es\/ca\/gurdunut\/#breadcrumb\"},\"inLanguage\":\"ca\",\"potentialAction\":[{\"@type\":\"ReadAction\",\"target\":[\"https:\/\/www.goiko.com\/es\/ca\/gurdunut\/\"]}]},{\"@type\":\"ImageObject\",\"inLanguage\":\"ca\",\"@id\":\"https:\/\/www.goiko.com\/es\/ca\/gurdunut\/#primaryimage\",\"url\":\"https:\/\/www.goiko.com\/es\/wp-content\/uploads\/2018\/05\/Goijo_Dona_Mayo2018_4.jpg\",\"contentUrl\":\"https:\/\/www.goiko.com\/es\/wp-content\/uploads\/2018\/05\/Goijo_Dona_Mayo2018_4.jpg\",\"width\":7360,\"height\":4912},{\"@type\":\"BreadcrumbList\",\"@id\":\"https:\/\/www.goiko.com\/es\/ca\/gurdunut\/#breadcrumb\",\"itemListElement\":[{\"@type\":\"ListItem\",\"position\":1,\"name\":\"Portada\",\"item\":\"https:\/\/www.goiko.com\/es\/ca\/\"},{\"@type\":\"ListItem\",\"position\":2,\"name\":\"GURDUNUT\"}]},{\"@type\":\"WebSite\",\"@id\":\"https:\/\/www.goiko.com\/es\/ca\/#website\",\"url\":\"https:\/\/www.goiko.com\/es\/ca\/\",\"name\":\"GOIKO\",\"description\":\"Chorreo Forever\",\"potentialAction\":[{\"@type\":\"SearchAction\",\"target\":{\"@type\":\"EntryPoint\",\"urlTemplate\":\"https:\/\/www.goiko.com\/es\/ca\/?s={search_term_string}\"},\"query-input\":{\"@type\":\"PropertyValueSpecification\",\"valueRequired\":true,\"valueName\":\"search_term_string\"}}],\"inLanguage\":\"ca\"}]}<\/script>\n<!-- \/ Yoast SEO plugin. -->","yoast_head_json":{"title":"GURDUNUT - GOIKO","robots":{"index":"index","follow":"follow","max-snippet":"max-snippet:-1","max-image-preview":"max-image-preview:large","max-video-preview":"max-video-preview:-1"},"canonical":"https:\/\/www.goiko.com\/es\/ca\/gurdunut\/","og_locale":"ca_ES","og_type":"article","og_title":"GURDUNUT - GOIKO","og_description":"Cuenta la leyenda que ella nunca se fue del todo y que se ha quedado merodeando en una tercera dimensi\u00f3n esperando su regreso. \u00a1La burger m\u00e1s gorda vuelve de m\u00e1s all\u00e1 para deleitarnos nuevamente con su par de rosquillas! #GURDUNUT Rosquillas, bacon bits, queso americano, huevo frito y sirope de maple La misma burger, ahora [&hellip;]","og_url":"https:\/\/www.goiko.com\/es\/ca\/gurdunut\/","og_site_name":"GOIKO","article_publisher":"https:\/\/www.facebook.com\/goiko","article_modified_time":"2019-02-04T14:18:22+00:00","og_image":[{"width":1024,"height":683,"url":"https:\/\/www.goiko.com\/es\/wp-content\/uploads\/2018\/05\/Goijo_Dona_Mayo2018_4-1024x683.jpg","type":"image\/jpeg"}],"twitter_card":"summary_large_image","twitter_site":"@goiko","twitter_misc":{"Temps estimat de lectura":"1 minut"},"schema":{"@context":"https:\/\/schema.org","@graph":[{"@type":"WebPage","@id":"https:\/\/www.goiko.com\/es\/ca\/gurdunut\/","url":"https:\/\/www.goiko.com\/es\/ca\/gurdunut\/","name":"GURDUNUT - GOIKO","isPartOf":{"@id":"https:\/\/www.goiko.com\/es\/ca\/#website"},"primaryImageOfPage":{"@id":"https:\/\/www.goiko.com\/es\/ca\/gurdunut\/#primaryimage"},"image":{"@id":"https:\/\/www.goiko.com\/es\/ca\/gurdunut\/#primaryimage"},"thumbnailUrl":"https:\/\/www.goiko.com\/es\/wp-content\/uploads\/2018\/05\/Goijo_Dona_Mayo2018_4.jpg","datePublished":"2018-05-21T13:17:35+00:00","dateModified":"2019-02-04T14:18:22+00:00","breadcrumb":{"@id":"https:\/\/www.goiko.com\/es\/ca\/gurdunut\/#breadcrumb"},"inLanguage":"ca","potentialAction":[{"@type":"ReadAction","target":["https:\/\/www.goiko.com\/es\/ca\/gurdunut\/"]}]},{"@type":"ImageObject","inLanguage":"ca","@id":"https:\/\/www.goiko.com\/es\/ca\/gurdunut\/#primaryimage","url":"https:\/\/www.goiko.com\/es\/wp-content\/uploads\/2018\/05\/Goijo_Dona_Mayo2018_4.jpg","contentUrl":"https:\/\/www.goiko.com\/es\/wp-content\/uploads\/2018\/05\/Goijo_Dona_Mayo2018_4.jpg","width":7360,"height":4912},{"@type":"BreadcrumbList","@id":"https:\/\/www.goiko.com\/es\/ca\/gurdunut\/#breadcrumb","itemListElement":[{"@type":"ListItem","position":1,"name":"Portada","item":"https:\/\/www.goiko.com\/es\/ca\/"},{"@type":"ListItem","position":2,"name":"GURDUNUT"}]},{"@type":"WebSite","@id":"https:\/\/www.goiko.com\/es\/ca\/#website","url":"https:\/\/www.goiko.com\/es\/ca\/","name":"GOIKO","description":"Chorreo Forever","potentialAction":[{"@type":"SearchAction","target":{"@type":"EntryPoint","urlTemplate":"https:\/\/www.goiko.com\/es\/ca\/?s={search_term_string}"},"query-input":{"@type":"PropertyValueSpecification","valueRequired":true,"valueName":"search_term_string"}}],"inLanguage":"ca"}]}},"_links":{"self":[{"href":"https:\/\/www.goiko.com\/es\/ca\/wp-json\/wp\/v2\/pages\/18435","targetHints":{"allow":["GET"]}}],"collection":[{"href":"https:\/\/www.goiko.com\/es\/ca\/wp-json\/wp\/v2\/pages"}],"about":[{"href":"https:\/\/www.goiko.com\/es\/ca\/wp-json\/wp\/v2\/types\/page"}],"author":[{"embeddable":true,"href":"https:\/\/www.goiko.com\/es\/ca\/wp-json\/wp\/v2\/users\/1"}],"replies":[{"embeddable":true,"href":"https:\/\/www.goiko.com\/es\/ca\/wp-json\/wp\/v2\/comments?post=18435"}],"version-history":[{"count":0,"href":"https:\/\/www.goiko.com\/es\/ca\/wp-json\/wp\/v2\/pages\/18435\/revisions"}],"wp:featuredmedia":[{"embeddable":true,"href":"https:\/\/www.goiko.com\/es\/ca\/wp-json\/wp\/v2\/media\/18411"}],"wp:attachment":[{"href":"https:\/\/www.goiko.com\/es\/ca\/wp-json\/wp\/v2\/media?parent=18435"}],"curies":[{"name":"wp","href":"https:\/\/api.w.org\/{rel}","templated":true}]}}