{"id":23779,"date":"2019-05-15T09:47:49","date_gmt":"2019-05-15T08:47:49","guid":{"rendered":"https:\/\/www.goiko.com\/unete-al-equipo-2\/"},"modified":"2025-03-20T10:34:55","modified_gmt":"2025-03-20T09:34:55","slug":"unete-al-equipo-2","status":"publish","type":"page","link":"https:\/\/www.goiko.com\/es\/ca\/unete-al-equipo-2\/","title":{"rendered":"UNEIX-TE A L&#8217;EQUIP"},"content":{"rendered":"\t\t<div data-elementor-type=\"wp-page\" data-elementor-id=\"23779\" class=\"elementor elementor-23779 elementor-23482\" data-elementor-post-type=\"page\">\n\t\t\t\t\t\t<section class=\"elementor-section elementor-top-section elementor-element elementor-element-36f031ba elementor-section-boxed elementor-section-height-default elementor-section-height-default\" data-id=\"36f031ba\" data-element_type=\"section\">\n\t\t\t\t\t\t<div class=\"elementor-container elementor-column-gap-default\">\n\t\t\t\t\t<div class=\"elementor-column elementor-col-100 elementor-top-column elementor-element elementor-element-6eebb9b3\" data-id=\"6eebb9b3\" data-element_type=\"column\">\n\t\t\t<div class=\"elementor-widget-wrap elementor-element-populated\">\n\t\t\t\t\t\t<div class=\"elementor-element elementor-element-6e46e9d1 elementor-widget elementor-widget-text-editor\" data-id=\"6e46e9d1\" data-element_type=\"widget\" data-widget_type=\"text-editor.default\">\n\t\t\t\t<div class=\"elementor-widget-container\">\n\t\t\t\t\t\t\t<h2>\u00bfQUI SOM?<\/h2><p style=\"text-align: center;\"><a class=\"vacancies-link\" style=\"text-align: center; display: block; margin: 20px auto;\" href=\"https:\/\/goiko.viterbit.site\/\" target=\"_blank\" rel=\"noopener noreferrer\"><button style=\"margin-bottom: 20px;\">Nostres vacants<\/button><\/a><\/p><p style=\"text-align: center;\" data-start=\"0\" data-end=\"197\"><strong data-start=\"0\" data-end=\"9\">GOIKO<\/strong> \u00e9s la marca pionera i l\u00edder del mercat d&#8217;hamburgueses gurmet a Espanya. La nostra visi\u00f3 \u00e9s convertir-nos en la primera marca global que democratitza l&#8217;experi\u00e8ncia de les burgers gurmet.<\/p><p style=\"text-align: center;\" data-start=\"199\" data-end=\"424\">L&#8217;any 2013, el fundador Andoni Goicoechea va obrir el primer <strong data-start=\"260\" data-end=\"269\">GOIKO<\/strong> sense imaginar l&#8217;incre\u00efble viatge que l&#8217;esperava. Restaurants completament plens, el boca-orella, el FOMO i una r\u00e0pida expansi\u00f3 no van trigar a arribar!<\/p><p style=\"text-align: center;\" data-start=\"426\" data-end=\"626\">El 2018, aquest \u00e8xit aclaparador va atraure l&#8217;atenci\u00f3 de <strong data-start=\"483\" data-end=\"505\">L Catterton (LVMH)<\/strong>, que va adquirir una participaci\u00f3 del 80%. Quina va ser la seg\u00fcent fase? Professionalitzaci\u00f3 i expansi\u00f3 internacional.<\/p><p style=\"text-align: center;\" data-start=\"628\" data-end=\"893\"><strong data-start=\"628\" data-end=\"637\">GOIKO<\/strong> va accelerar el seu creixement establint pres\u00e8ncia a Fran\u00e7a i, des del 2021, a trav\u00e9s de la joint venture <strong data-start=\"744\" data-end=\"774\">WOW International Alliance<\/strong>, es va expandir a Portugal, Andorra i It\u00e0lia. Quin ha estat el resultat? <strong data-start=\"848\" data-end=\"891\">118 restaurants Goiko en nom\u00e9s 10 anys!<\/strong><\/p><p style=\"text-align: center;\" data-start=\"895\" data-end=\"981\">L&#8217;apetit per <strong data-start=\"908\" data-end=\"917\">GOIKO<\/strong> \u00e9s insaciable i continua creixent amb m\u00e9s for\u00e7a que mai. \ud83c\udf54\ud83d\ude80<\/p><p style=\"text-align: center;\" data-start=\"983\" data-end=\"1121\">Aquesta hist\u00f2ria \u00e9s possible gr\u00e0cies a les m\u00e9s de <strong data-start=\"1033\" data-end=\"1051\">2.000 persones<\/strong> que formen part d&#8217;aquest projecte i que tenen un <strong data-start=\"1101\" data-end=\"1115\">POWER \u00fanic<\/strong>. \u263a\ufe0f<\/p><p style=\"text-align: center;\" data-start=\"1123\" data-end=\"1161\">Vols formar part d&#8217;aquesta hist\u00f2ria?<\/p><p style=\"text-align: center;\"><strong>T&#8217;esperem per con\u00e8ixer-te!<\/strong><\/p><p><a class=\"vacancies-link\" style=\"text-align: center; display: block; margin: 20px auto;\" href=\"https:\/\/goiko.viterbit.site\/\" target=\"_blank\" rel=\"noopener noreferrer\"><button style=\"margin-bottom: 20px;\">Nostres vacants<\/button><\/a><\/p>\t\t\t\t\t\t<\/div>\n\t\t\t\t<\/div>\n\t\t\t\t\t<\/div>\n\t\t<\/div>\n\t\t\t\t\t<\/div>\n\t\t<\/section>\n\t\t\t\t<\/div>\n\t\t","protected":false},"excerpt":{"rendered":"<p>\u00bfQUI SOM? Nostres vacants GOIKO \u00e9s la marca pionera i l\u00edder del mercat d&#8217;hamburgueses gurmet a Espanya. La nostra visi\u00f3 \u00e9s convertir-nos en la primera marca global que democratitza l&#8217;experi\u00e8ncia de les burgers gurmet. L&#8217;any 2013, el fundador Andoni Goicoechea va obrir el primer GOIKO sense imaginar l&#8217;incre\u00efble viatge que l&#8217;esperava. Restaurants completament plens, el [&hellip;]<\/p>\n","protected":false},"author":13,"featured_media":62137,"parent":0,"menu_order":184,"comment_status":"closed","ping_status":"closed","template":"","meta":{"footnotes":""},"class_list":["post-23779","page","type-page","status-publish","has-post-thumbnail","hentry"],"acf":[],"yoast_head":"<!-- This site is optimized with the Yoast SEO plugin v23.8 - https:\/\/yoast.com\/wordpress\/plugins\/seo\/ -->\n<title>UNEIX-TE A L&#039;EQUIP - GOIKO<\/title>\n<meta name=\"description\" content=\"Avui la nostra fam\u00edlia es compon de m\u00e9s de 1800 persones a Espanya, amb prop de 30 nacionalitats. El comprom\u00eds i la passi\u00f3 per aquest projecte ens uneixen.\" \/>\n<meta name=\"robots\" content=\"index, follow, max-snippet:-1, max-image-preview:large, max-video-preview:-1\" \/>\n<link rel=\"canonical\" href=\"https:\/\/www.goiko.com\/es\/ca\/unete-al-equipo-2\/\" \/>\n<meta property=\"og:locale\" content=\"ca_ES\" \/>\n<meta property=\"og:type\" content=\"article\" \/>\n<meta property=\"og:title\" content=\"UNEIX-TE A L&#039;EQUIP - GOIKO\" \/>\n<meta property=\"og:description\" content=\"Avui la nostra fam\u00edlia es compon de m\u00e9s de 1800 persones a Espanya, amb prop de 30 nacionalitats. El comprom\u00eds i la passi\u00f3 per aquest projecte ens uneixen.\" \/>\n<meta property=\"og:url\" content=\"https:\/\/www.goiko.com\/es\/ca\/unete-al-equipo-2\/\" \/>\n<meta property=\"og:site_name\" content=\"GOIKO\" \/>\n<meta property=\"article:publisher\" content=\"https:\/\/www.facebook.com\/goiko\" \/>\n<meta property=\"article:modified_time\" content=\"2025-03-20T09:34:55+00:00\" \/>\n<meta property=\"og:image\" content=\"https:\/\/www.goiko.com\/es\/wp-content\/uploads\/2025\/02\/Opcion-1-1.jpg\" \/>\n\t<meta property=\"og:image:width\" content=\"2376\" \/>\n\t<meta property=\"og:image:height\" content=\"1584\" \/>\n\t<meta property=\"og:image:type\" content=\"image\/jpeg\" \/>\n<meta name=\"twitter:card\" content=\"summary_large_image\" \/>\n<meta name=\"twitter:site\" content=\"@goiko\" \/>\n<meta name=\"twitter:label1\" content=\"Temps estimat de lectura\" \/>\n\t<meta name=\"twitter:data1\" content=\"2 minuts\" \/>\n<script type=\"application\/ld+json\" class=\"yoast-schema-graph\">{\"@context\":\"https:\/\/schema.org\",\"@graph\":[{\"@type\":\"WebPage\",\"@id\":\"https:\/\/www.goiko.com\/es\/ca\/unete-al-equipo-2\/\",\"url\":\"https:\/\/www.goiko.com\/es\/ca\/unete-al-equipo-2\/\",\"name\":\"UNEIX-TE A L'EQUIP - GOIKO\",\"isPartOf\":{\"@id\":\"https:\/\/www.goiko.com\/es\/ca\/#website\"},\"primaryImageOfPage\":{\"@id\":\"https:\/\/www.goiko.com\/es\/ca\/unete-al-equipo-2\/#primaryimage\"},\"image\":{\"@id\":\"https:\/\/www.goiko.com\/es\/ca\/unete-al-equipo-2\/#primaryimage\"},\"thumbnailUrl\":\"https:\/\/www.goiko.com\/es\/wp-content\/uploads\/2025\/02\/Opcion-1-1.jpg\",\"datePublished\":\"2019-05-15T08:47:49+00:00\",\"dateModified\":\"2025-03-20T09:34:55+00:00\",\"description\":\"Avui la nostra fam\u00edlia es compon de m\u00e9s de 1800 persones a Espanya, amb prop de 30 nacionalitats. El comprom\u00eds i la passi\u00f3 per aquest projecte ens uneixen.\",\"breadcrumb\":{\"@id\":\"https:\/\/www.goiko.com\/es\/ca\/unete-al-equipo-2\/#breadcrumb\"},\"inLanguage\":\"ca\",\"potentialAction\":[{\"@type\":\"ReadAction\",\"target\":[\"https:\/\/www.goiko.com\/es\/ca\/unete-al-equipo-2\/\"]}]},{\"@type\":\"ImageObject\",\"inLanguage\":\"ca\",\"@id\":\"https:\/\/www.goiko.com\/es\/ca\/unete-al-equipo-2\/#primaryimage\",\"url\":\"https:\/\/www.goiko.com\/es\/wp-content\/uploads\/2025\/02\/Opcion-1-1.jpg\",\"contentUrl\":\"https:\/\/www.goiko.com\/es\/wp-content\/uploads\/2025\/02\/Opcion-1-1.jpg\",\"width\":2376,\"height\":1584},{\"@type\":\"BreadcrumbList\",\"@id\":\"https:\/\/www.goiko.com\/es\/ca\/unete-al-equipo-2\/#breadcrumb\",\"itemListElement\":[{\"@type\":\"ListItem\",\"position\":1,\"name\":\"Portada\",\"item\":\"https:\/\/www.goiko.com\/es\/ca\/\"},{\"@type\":\"ListItem\",\"position\":2,\"name\":\"UNEIX-TE A L&#8217;EQUIP\"}]},{\"@type\":\"WebSite\",\"@id\":\"https:\/\/www.goiko.com\/es\/ca\/#website\",\"url\":\"https:\/\/www.goiko.com\/es\/ca\/\",\"name\":\"GOIKO\",\"description\":\"Chorreo Forever\",\"potentialAction\":[{\"@type\":\"SearchAction\",\"target\":{\"@type\":\"EntryPoint\",\"urlTemplate\":\"https:\/\/www.goiko.com\/es\/ca\/?s={search_term_string}\"},\"query-input\":{\"@type\":\"PropertyValueSpecification\",\"valueRequired\":true,\"valueName\":\"search_term_string\"}}],\"inLanguage\":\"ca\"}]}<\/script>\n<!-- \/ Yoast SEO plugin. -->","yoast_head_json":{"title":"UNEIX-TE A L'EQUIP - GOIKO","description":"Avui la nostra fam\u00edlia es compon de m\u00e9s de 1800 persones a Espanya, amb prop de 30 nacionalitats. El comprom\u00eds i la passi\u00f3 per aquest projecte ens uneixen.","robots":{"index":"index","follow":"follow","max-snippet":"max-snippet:-1","max-image-preview":"max-image-preview:large","max-video-preview":"max-video-preview:-1"},"canonical":"https:\/\/www.goiko.com\/es\/ca\/unete-al-equipo-2\/","og_locale":"ca_ES","og_type":"article","og_title":"UNEIX-TE A L'EQUIP - GOIKO","og_description":"Avui la nostra fam\u00edlia es compon de m\u00e9s de 1800 persones a Espanya, amb prop de 30 nacionalitats. El comprom\u00eds i la passi\u00f3 per aquest projecte ens uneixen.","og_url":"https:\/\/www.goiko.com\/es\/ca\/unete-al-equipo-2\/","og_site_name":"GOIKO","article_publisher":"https:\/\/www.facebook.com\/goiko","article_modified_time":"2025-03-20T09:34:55+00:00","og_image":[{"width":2376,"height":1584,"url":"https:\/\/www.goiko.com\/es\/wp-content\/uploads\/2025\/02\/Opcion-1-1.jpg","type":"image\/jpeg"}],"twitter_card":"summary_large_image","twitter_site":"@goiko","twitter_misc":{"Temps estimat de lectura":"2 minuts"},"schema":{"@context":"https:\/\/schema.org","@graph":[{"@type":"WebPage","@id":"https:\/\/www.goiko.com\/es\/ca\/unete-al-equipo-2\/","url":"https:\/\/www.goiko.com\/es\/ca\/unete-al-equipo-2\/","name":"UNEIX-TE A L'EQUIP - GOIKO","isPartOf":{"@id":"https:\/\/www.goiko.com\/es\/ca\/#website"},"primaryImageOfPage":{"@id":"https:\/\/www.goiko.com\/es\/ca\/unete-al-equipo-2\/#primaryimage"},"image":{"@id":"https:\/\/www.goiko.com\/es\/ca\/unete-al-equipo-2\/#primaryimage"},"thumbnailUrl":"https:\/\/www.goiko.com\/es\/wp-content\/uploads\/2025\/02\/Opcion-1-1.jpg","datePublished":"2019-05-15T08:47:49+00:00","dateModified":"2025-03-20T09:34:55+00:00","description":"Avui la nostra fam\u00edlia es compon de m\u00e9s de 1800 persones a Espanya, amb prop de 30 nacionalitats. El comprom\u00eds i la passi\u00f3 per aquest projecte ens uneixen.","breadcrumb":{"@id":"https:\/\/www.goiko.com\/es\/ca\/unete-al-equipo-2\/#breadcrumb"},"inLanguage":"ca","potentialAction":[{"@type":"ReadAction","target":["https:\/\/www.goiko.com\/es\/ca\/unete-al-equipo-2\/"]}]},{"@type":"ImageObject","inLanguage":"ca","@id":"https:\/\/www.goiko.com\/es\/ca\/unete-al-equipo-2\/#primaryimage","url":"https:\/\/www.goiko.com\/es\/wp-content\/uploads\/2025\/02\/Opcion-1-1.jpg","contentUrl":"https:\/\/www.goiko.com\/es\/wp-content\/uploads\/2025\/02\/Opcion-1-1.jpg","width":2376,"height":1584},{"@type":"BreadcrumbList","@id":"https:\/\/www.goiko.com\/es\/ca\/unete-al-equipo-2\/#breadcrumb","itemListElement":[{"@type":"ListItem","position":1,"name":"Portada","item":"https:\/\/www.goiko.com\/es\/ca\/"},{"@type":"ListItem","position":2,"name":"UNEIX-TE A L&#8217;EQUIP"}]},{"@type":"WebSite","@id":"https:\/\/www.goiko.com\/es\/ca\/#website","url":"https:\/\/www.goiko.com\/es\/ca\/","name":"GOIKO","description":"Chorreo Forever","potentialAction":[{"@type":"SearchAction","target":{"@type":"EntryPoint","urlTemplate":"https:\/\/www.goiko.com\/es\/ca\/?s={search_term_string}"},"query-input":{"@type":"PropertyValueSpecification","valueRequired":true,"valueName":"search_term_string"}}],"inLanguage":"ca"}]}},"_links":{"self":[{"href":"https:\/\/www.goiko.com\/es\/ca\/wp-json\/wp\/v2\/pages\/23779","targetHints":{"allow":["GET"]}}],"collection":[{"href":"https:\/\/www.goiko.com\/es\/ca\/wp-json\/wp\/v2\/pages"}],"about":[{"href":"https:\/\/www.goiko.com\/es\/ca\/wp-json\/wp\/v2\/types\/page"}],"author":[{"embeddable":true,"href":"https:\/\/www.goiko.com\/es\/ca\/wp-json\/wp\/v2\/users\/13"}],"replies":[{"embeddable":true,"href":"https:\/\/www.goiko.com\/es\/ca\/wp-json\/wp\/v2\/comments?post=23779"}],"version-history":[{"count":36,"href":"https:\/\/www.goiko.com\/es\/ca\/wp-json\/wp\/v2\/pages\/23779\/revisions"}],"predecessor-version":[{"id":63228,"href":"https:\/\/www.goiko.com\/es\/ca\/wp-json\/wp\/v2\/pages\/23779\/revisions\/63228"}],"wp:featuredmedia":[{"embeddable":true,"href":"https:\/\/www.goiko.com\/es\/ca\/wp-json\/wp\/v2\/media\/62137"}],"wp:attachment":[{"href":"https:\/\/www.goiko.com\/es\/ca\/wp-json\/wp\/v2\/media?parent=23779"}],"curies":[{"name":"wp","href":"https:\/\/api.w.org\/{rel}","templated":true}]}}