{"id":23901,"date":"2019-04-24T09:30:27","date_gmt":"2019-04-24T08:30:27","guid":{"rendered":"https:\/\/www.goiko.com\/paying-it-forward\/"},"modified":"2021-11-04T11:43:04","modified_gmt":"2021-11-04T10:43:04","slug":"rsc","status":"publish","type":"page","link":"https:\/\/www.goiko.com\/es\/ca\/rsc\/","title":{"rendered":"RSC"},"content":{"rendered":"<p style=\"text-align: center; margin-top: 50px; margin-bottom: 0;\">EN GOIKO LE PONEMOS CORAZ\u00d3N A TODO LO QUE HACEMOS Y LUCHAMOS D\u00cdA A D\u00cdA POR ALIMENTAR EL DESEO DE SUPERACI\u00d3N Y DEMOSTRAR QUE TODO ES POSIBLE HACIENDO LAS COSAS BIEN.<\/p>\n<p>&nbsp;<\/p>\n<h2><b>\u00a1ADI\u00d3S PAJITAS!<\/b><\/h2>\n<p><span style=\"font-weight: 400;\"><img fetchpriority=\"high\" decoding=\"async\" class=\" wp-image-24116 alignleft\" src=\"https:\/\/www.goiko.com\/wp-content\/uploads\/2019\/06\/BCD_6437-300x200.jpg\" alt=\"\" width=\"517\" height=\"344\" srcset=\"https:\/\/www.goiko.com\/es\/wp-content\/uploads\/2019\/06\/BCD_6437-300x200.jpg 300w, https:\/\/www.goiko.com\/es\/wp-content\/uploads\/2019\/06\/BCD_6437-768x512.jpg 768w, https:\/\/www.goiko.com\/es\/wp-content\/uploads\/2019\/06\/BCD_6437-1024x683.jpg 1024w, https:\/\/www.goiko.com\/es\/wp-content\/uploads\/2019\/06\/BCD_6437-450x300.jpg 450w, https:\/\/www.goiko.com\/es\/wp-content\/uploads\/2019\/06\/BCD_6437-600x400.jpg 600w\" sizes=\"(max-width: 517px) 100vw, 517px\" \/><\/span><span style=\"font-weight: 400;\">\u00a1Goiko goes GREEN! Queremos ayudar a generar un impacto positivo en el medio ambiente y es por esto que nos hemos unido al compromiso verde y as\u00ed ayudar a promoverlo. Comenzamos sustituyendo nuestros cl\u00e1sicos recipientes reciclables hechos del tallo de la ca\u00f1a, por envases 100% compostables. Desde el mes de agosto nos enfocamos en eliminar las pajitas de pl\u00e1stico<\/span><span style=\"font-weight: 400;\">. \u00a1Y ya es un hecho! <\/span><span style=\"font-weight: 400;\">De utilizar aproximadamente 271.000 pajitas al mes por cada bebida consumida, ahora utilizamos un estimado de 60.000 pajitas\/mes, es decir, redujimos en un 80% el uso de las mismas. <\/span><\/p>\n<p><span style=\"font-weight: 400;\">Pensando en la sostenibilidad y en nuestro compromiso verde, hemos decidido eliminar las pajitas de pl\u00e1stico tradicional, incorporando unas nuevas en todos nuestros locales, elaboradas con material PLA, un biopl\u00e1stico de origen org\u00e1nico que proviene del almid\u00f3n de ma\u00edz y que es <\/span><b>100% compostable y biodegradable<\/b><span style=\"font-weight: 400;\">. Frente a su presentaci\u00f3n en pl\u00e1stico, \u00e9stas tardan en descomponerse aproximadamente un a\u00f1o sin ning\u00fan tipo de tratamiento o apenas 60 d\u00edas si se someten a un proceso controlado de compostaje. Modificamos la din\u00e1mica de utilidad de ellas &nbsp;las bebidas de la carta, ahora las tenemos a disposici\u00f3n para quien la solicite. <\/span><\/p>\n<p><span style=\"font-weight: 400;\">De peque\u00f1as decisiones, tomamos grandes pasos, empezamos con pajitas compostables, pero esto no termina aqu\u00ed. Seguimos motivados a formar parte de este movimiento verde y de cualquier otro que tenga como resultado, crear un mundo mejor. &nbsp;<\/span><\/p>\n<p>&nbsp;<\/p>\n<h2><strong>PLAN DE CARRERA<\/strong><\/h2>\n<p><span style=\"font-weight: 400;\"><img decoding=\"async\" class=\"wp-image-13917 alignright\" src=\"https:\/\/www.goiko.com\/wp-content\/uploads\/2018\/02\/GG_FamiliaGG-3-2.jpg\" alt=\"\" width=\"501\" height=\"423\" srcset=\"https:\/\/www.goiko.com\/es\/wp-content\/uploads\/2018\/02\/GG_FamiliaGG-3-2.jpg 1000w, https:\/\/www.goiko.com\/es\/wp-content\/uploads\/2018\/02\/GG_FamiliaGG-3-2-600x506.jpg 600w, https:\/\/www.goiko.com\/es\/wp-content\/uploads\/2018\/02\/GG_FamiliaGG-3-2-300x253.jpg 300w, https:\/\/www.goiko.com\/es\/wp-content\/uploads\/2018\/02\/GG_FamiliaGG-3-2-768x648.jpg 768w\" sizes=\"(max-width: 501px) 100vw, 501px\" \/><\/span><\/p>\n<p><span style=\"font-weight: 400;\">El Plan de Carrera Goiko es un programa de desarrollo que optimiza la formaci\u00f3n, ayuda a identificar el talento en la empresa, establece rutas de crecimiento a cada trabajador e incentiva al progreso a trav\u00e9s de nuevos beneficios.<\/span><\/p>\n<p><span style=\"font-weight: 400;\">Su proceso de implementaci\u00f3n se lleva a cabo en el mes de junio 2018 mediante una primera fase de nivelaci\u00f3n para medir el dominio de los procesos internos en todos los niveles.<\/span><\/p>\n<p><span style=\"font-weight: 400;\">Para poder evaluar los conocimientos del staff que participa activamente en el Plan de Carrera Goiko, se gener\u00f3 una normativa sobre el procedimiento de aprobaci\u00f3n de ambas escaleras de crecimiento.<\/span><\/p>\n<p><span style=\"font-weight: 400;\">Para garantizar el \u00e9xito del proceso de expansi\u00f3n de Goiko es necesario estandarizar la formaci\u00f3n que reciben los nuevos trabajadores<\/span><\/p>\n<p><span style=\"font-weight: 400;\">&nbsp;<\/span><\/p>\n<h3 style=\"text-align: center;\"><strong>Goiko&nbsp;no es franquicia.<\/strong>&nbsp;Somos una familia en la que compartimos unos valores, una ilusi\u00f3n y un sue\u00f1o.<\/h3>\n<p>&nbsp;<\/p>\n","protected":false},"excerpt":{"rendered":"<p>EN GOIKO LE PONEMOS CORAZ\u00d3N A TODO LO QUE HACEMOS Y LUCHAMOS D\u00cdA A D\u00cdA POR ALIMENTAR EL DESEO DE SUPERACI\u00d3N Y DEMOSTRAR QUE TODO ES POSIBLE HACIENDO LAS COSAS BIEN. &nbsp; \u00a1ADI\u00d3S PAJITAS! \u00a1Goiko goes GREEN! Queremos ayudar a generar un impacto positivo en el medio ambiente y es por esto que nos hemos [&hellip;]<\/p>\n","protected":false},"author":13,"featured_media":28205,"parent":0,"menu_order":185,"comment_status":"closed","ping_status":"closed","template":"","meta":{"footnotes":""},"class_list":["post-23901","page","type-page","status-publish","has-post-thumbnail","hentry"],"acf":[],"yoast_head":"<!-- This site is optimized with the Yoast SEO plugin v23.8 - https:\/\/yoast.com\/wordpress\/plugins\/seo\/ -->\n<title>RSC - GOIKO<\/title>\n<meta name=\"robots\" content=\"index, follow, max-snippet:-1, max-image-preview:large, max-video-preview:-1\" \/>\n<link rel=\"canonical\" href=\"https:\/\/www.goiko.com\/es\/ca\/rsc\/\" \/>\n<meta property=\"og:locale\" content=\"ca_ES\" \/>\n<meta property=\"og:type\" content=\"article\" \/>\n<meta property=\"og:title\" content=\"RSC - GOIKO\" \/>\n<meta property=\"og:description\" content=\"EN GOIKO LE PONEMOS CORAZ\u00d3N A TODO LO QUE HACEMOS Y LUCHAMOS D\u00cdA A D\u00cdA POR ALIMENTAR EL DESEO DE SUPERACI\u00d3N Y DEMOSTRAR QUE TODO ES POSIBLE HACIENDO LAS COSAS BIEN. &nbsp; \u00a1ADI\u00d3S PAJITAS! \u00a1Goiko goes GREEN! Queremos ayudar a generar un impacto positivo en el medio ambiente y es por esto que nos hemos [&hellip;]\" \/>\n<meta property=\"og:url\" content=\"https:\/\/www.goiko.com\/es\/ca\/rsc\/\" \/>\n<meta property=\"og:site_name\" content=\"GOIKO\" \/>\n<meta property=\"article:publisher\" content=\"https:\/\/www.facebook.com\/goiko\" \/>\n<meta property=\"article:modified_time\" content=\"2021-11-04T10:43:04+00:00\" \/>\n<meta property=\"og:image\" content=\"https:\/\/www.goiko.com\/es\/wp-content\/uploads\/2019\/11\/Merry_SliderHome_Normal.jpg\" \/>\n\t<meta property=\"og:image:width\" content=\"1200\" \/>\n\t<meta property=\"og:image:height\" content=\"800\" \/>\n\t<meta property=\"og:image:type\" content=\"image\/jpeg\" \/>\n<meta name=\"twitter:card\" content=\"summary_large_image\" \/>\n<meta name=\"twitter:site\" content=\"@goiko\" \/>\n<meta name=\"twitter:label1\" content=\"Temps estimat de lectura\" \/>\n\t<meta name=\"twitter:data1\" content=\"3 minuts\" \/>\n<script type=\"application\/ld+json\" class=\"yoast-schema-graph\">{\"@context\":\"https:\/\/schema.org\",\"@graph\":[{\"@type\":\"WebPage\",\"@id\":\"https:\/\/www.goiko.com\/es\/ca\/rsc\/\",\"url\":\"https:\/\/www.goiko.com\/es\/ca\/rsc\/\",\"name\":\"RSC - GOIKO\",\"isPartOf\":{\"@id\":\"https:\/\/www.goiko.com\/es\/ca\/#website\"},\"primaryImageOfPage\":{\"@id\":\"https:\/\/www.goiko.com\/es\/ca\/rsc\/#primaryimage\"},\"image\":{\"@id\":\"https:\/\/www.goiko.com\/es\/ca\/rsc\/#primaryimage\"},\"thumbnailUrl\":\"https:\/\/www.goiko.com\/es\/wp-content\/uploads\/2019\/11\/Merry_SliderHome_Normal.jpg\",\"datePublished\":\"2019-04-24T08:30:27+00:00\",\"dateModified\":\"2021-11-04T10:43:04+00:00\",\"breadcrumb\":{\"@id\":\"https:\/\/www.goiko.com\/es\/ca\/rsc\/#breadcrumb\"},\"inLanguage\":\"ca\",\"potentialAction\":[{\"@type\":\"ReadAction\",\"target\":[\"https:\/\/www.goiko.com\/es\/ca\/rsc\/\"]}]},{\"@type\":\"ImageObject\",\"inLanguage\":\"ca\",\"@id\":\"https:\/\/www.goiko.com\/es\/ca\/rsc\/#primaryimage\",\"url\":\"https:\/\/www.goiko.com\/es\/wp-content\/uploads\/2019\/11\/Merry_SliderHome_Normal.jpg\",\"contentUrl\":\"https:\/\/www.goiko.com\/es\/wp-content\/uploads\/2019\/11\/Merry_SliderHome_Normal.jpg\",\"width\":1200,\"height\":800},{\"@type\":\"BreadcrumbList\",\"@id\":\"https:\/\/www.goiko.com\/es\/ca\/rsc\/#breadcrumb\",\"itemListElement\":[{\"@type\":\"ListItem\",\"position\":1,\"name\":\"Portada\",\"item\":\"https:\/\/www.goiko.com\/es\/ca\/\"},{\"@type\":\"ListItem\",\"position\":2,\"name\":\"RSC\"}]},{\"@type\":\"WebSite\",\"@id\":\"https:\/\/www.goiko.com\/es\/ca\/#website\",\"url\":\"https:\/\/www.goiko.com\/es\/ca\/\",\"name\":\"GOIKO\",\"description\":\"Chorreo Forever\",\"potentialAction\":[{\"@type\":\"SearchAction\",\"target\":{\"@type\":\"EntryPoint\",\"urlTemplate\":\"https:\/\/www.goiko.com\/es\/ca\/?s={search_term_string}\"},\"query-input\":{\"@type\":\"PropertyValueSpecification\",\"valueRequired\":true,\"valueName\":\"search_term_string\"}}],\"inLanguage\":\"ca\"}]}<\/script>\n<!-- \/ Yoast SEO plugin. -->","yoast_head_json":{"title":"RSC - GOIKO","robots":{"index":"index","follow":"follow","max-snippet":"max-snippet:-1","max-image-preview":"max-image-preview:large","max-video-preview":"max-video-preview:-1"},"canonical":"https:\/\/www.goiko.com\/es\/ca\/rsc\/","og_locale":"ca_ES","og_type":"article","og_title":"RSC - GOIKO","og_description":"EN GOIKO LE PONEMOS CORAZ\u00d3N A TODO LO QUE HACEMOS Y LUCHAMOS D\u00cdA A D\u00cdA POR ALIMENTAR EL DESEO DE SUPERACI\u00d3N Y DEMOSTRAR QUE TODO ES POSIBLE HACIENDO LAS COSAS BIEN. &nbsp; \u00a1ADI\u00d3S PAJITAS! \u00a1Goiko goes GREEN! Queremos ayudar a generar un impacto positivo en el medio ambiente y es por esto que nos hemos [&hellip;]","og_url":"https:\/\/www.goiko.com\/es\/ca\/rsc\/","og_site_name":"GOIKO","article_publisher":"https:\/\/www.facebook.com\/goiko","article_modified_time":"2021-11-04T10:43:04+00:00","og_image":[{"width":1200,"height":800,"url":"https:\/\/www.goiko.com\/es\/wp-content\/uploads\/2019\/11\/Merry_SliderHome_Normal.jpg","type":"image\/jpeg"}],"twitter_card":"summary_large_image","twitter_site":"@goiko","twitter_misc":{"Temps estimat de lectura":"3 minuts"},"schema":{"@context":"https:\/\/schema.org","@graph":[{"@type":"WebPage","@id":"https:\/\/www.goiko.com\/es\/ca\/rsc\/","url":"https:\/\/www.goiko.com\/es\/ca\/rsc\/","name":"RSC - GOIKO","isPartOf":{"@id":"https:\/\/www.goiko.com\/es\/ca\/#website"},"primaryImageOfPage":{"@id":"https:\/\/www.goiko.com\/es\/ca\/rsc\/#primaryimage"},"image":{"@id":"https:\/\/www.goiko.com\/es\/ca\/rsc\/#primaryimage"},"thumbnailUrl":"https:\/\/www.goiko.com\/es\/wp-content\/uploads\/2019\/11\/Merry_SliderHome_Normal.jpg","datePublished":"2019-04-24T08:30:27+00:00","dateModified":"2021-11-04T10:43:04+00:00","breadcrumb":{"@id":"https:\/\/www.goiko.com\/es\/ca\/rsc\/#breadcrumb"},"inLanguage":"ca","potentialAction":[{"@type":"ReadAction","target":["https:\/\/www.goiko.com\/es\/ca\/rsc\/"]}]},{"@type":"ImageObject","inLanguage":"ca","@id":"https:\/\/www.goiko.com\/es\/ca\/rsc\/#primaryimage","url":"https:\/\/www.goiko.com\/es\/wp-content\/uploads\/2019\/11\/Merry_SliderHome_Normal.jpg","contentUrl":"https:\/\/www.goiko.com\/es\/wp-content\/uploads\/2019\/11\/Merry_SliderHome_Normal.jpg","width":1200,"height":800},{"@type":"BreadcrumbList","@id":"https:\/\/www.goiko.com\/es\/ca\/rsc\/#breadcrumb","itemListElement":[{"@type":"ListItem","position":1,"name":"Portada","item":"https:\/\/www.goiko.com\/es\/ca\/"},{"@type":"ListItem","position":2,"name":"RSC"}]},{"@type":"WebSite","@id":"https:\/\/www.goiko.com\/es\/ca\/#website","url":"https:\/\/www.goiko.com\/es\/ca\/","name":"GOIKO","description":"Chorreo Forever","potentialAction":[{"@type":"SearchAction","target":{"@type":"EntryPoint","urlTemplate":"https:\/\/www.goiko.com\/es\/ca\/?s={search_term_string}"},"query-input":{"@type":"PropertyValueSpecification","valueRequired":true,"valueName":"search_term_string"}}],"inLanguage":"ca"}]}},"_links":{"self":[{"href":"https:\/\/www.goiko.com\/es\/ca\/wp-json\/wp\/v2\/pages\/23901","targetHints":{"allow":["GET"]}}],"collection":[{"href":"https:\/\/www.goiko.com\/es\/ca\/wp-json\/wp\/v2\/pages"}],"about":[{"href":"https:\/\/www.goiko.com\/es\/ca\/wp-json\/wp\/v2\/types\/page"}],"author":[{"embeddable":true,"href":"https:\/\/www.goiko.com\/es\/ca\/wp-json\/wp\/v2\/users\/13"}],"replies":[{"embeddable":true,"href":"https:\/\/www.goiko.com\/es\/ca\/wp-json\/wp\/v2\/comments?post=23901"}],"version-history":[{"count":1,"href":"https:\/\/www.goiko.com\/es\/ca\/wp-json\/wp\/v2\/pages\/23901\/revisions"}],"predecessor-version":[{"id":38142,"href":"https:\/\/www.goiko.com\/es\/ca\/wp-json\/wp\/v2\/pages\/23901\/revisions\/38142"}],"wp:featuredmedia":[{"embeddable":true,"href":"https:\/\/www.goiko.com\/es\/ca\/wp-json\/wp\/v2\/media\/28205"}],"wp:attachment":[{"href":"https:\/\/www.goiko.com\/es\/ca\/wp-json\/wp\/v2\/media?parent=23901"}],"curies":[{"name":"wp","href":"https:\/\/api.w.org\/{rel}","templated":true}]}}