{"id":56112,"date":"2023-11-08T17:28:36","date_gmt":"2023-11-08T16:28:36","guid":{"rendered":"https:\/\/www.goiko.com\/es\/?page_id=56112"},"modified":"2025-01-13T10:59:41","modified_gmt":"2025-01-13T09:59:41","slug":"foodtruck","status":"publish","type":"page","link":"https:\/\/www.goiko.com\/es\/ca\/foodtruck\/","title":{"rendered":"Foodtruck"},"content":{"rendered":"\t\t<div data-elementor-type=\"wp-page\" data-elementor-id=\"56112\" class=\"elementor elementor-56112 elementor-40820\" data-elementor-post-type=\"page\">\n\t\t\t\t\t\t<section class=\"elementor-section elementor-top-section elementor-element elementor-element-0302bff elementor-section-height-min-height elementor-section-boxed elementor-section-height-default elementor-section-items-middle\" data-id=\"0302bff\" data-element_type=\"section\" data-settings=\"{&quot;background_background&quot;:&quot;classic&quot;}\">\n\t\t\t\t\t\t<div class=\"elementor-container elementor-column-gap-default\">\n\t\t\t\t\t<div class=\"elementor-column elementor-col-100 elementor-top-column elementor-element elementor-element-bc56695\" data-id=\"bc56695\" data-element_type=\"column\">\n\t\t\t<div class=\"elementor-widget-wrap\">\n\t\t\t\t\t\t\t<\/div>\n\t\t<\/div>\n\t\t\t\t\t<\/div>\n\t\t<\/section>\n\t\t\t\t<section class=\"elementor-section elementor-top-section elementor-element elementor-element-a970286 elementor-section-boxed elementor-section-height-default elementor-section-height-default\" data-id=\"a970286\" data-element_type=\"section\">\n\t\t\t\t\t\t<div class=\"elementor-container elementor-column-gap-default\">\n\t\t\t\t\t<div class=\"elementor-column elementor-col-100 elementor-top-column elementor-element elementor-element-ea44554\" data-id=\"ea44554\" data-element_type=\"column\">\n\t\t\t<div class=\"elementor-widget-wrap elementor-element-populated\">\n\t\t\t\t\t\t<div class=\"elementor-element elementor-element-3246d6c elementor-widget elementor-widget-heading\" data-id=\"3246d6c\" data-element_type=\"widget\" data-widget_type=\"heading.default\">\n\t\t\t\t<div class=\"elementor-widget-container\">\n\t\t\t<h2 class=\"elementor-heading-title elementor-size-default\">\u00a1LES B\u00c8STIES NO PAREN!<\/h2>\t\t<\/div>\n\t\t\t\t<\/div>\n\t\t\t\t<div class=\"elementor-element elementor-element-13e1bb7 elementor-widget elementor-widget-text-editor\" data-id=\"13e1bb7\" data-element_type=\"widget\" data-widget_type=\"text-editor.default\">\n\t\t\t\t<div class=\"elementor-widget-container\">\n\t\t\t\t\t\t\t<p>Els nostres foodtrucks GOIKO porten dos anys plens d&#8217;adrenalina, recorrent els millors esdeveniments i festivals del pa\u00eds. Som all\u00e0 on hi ha bon rotllo, preparats per servir les nostres street burgers!<\/p><p><span style=\"color: var( --e-global-color-text );\">LA B\u00c8STIA no t\u00e9 seients, per\u00f2 s\u00ed un parell de planxes a punt per cuinar les burgers m\u00e9s \u00e8piques. I prepara&#8217;t&#8230; Ja estem escalfant motors per arrasar el 2025!<\/span><\/p>\t\t\t\t\t\t<\/div>\n\t\t\t\t<\/div>\n\t\t\t\t<div class=\"elementor-element elementor-element-fdc2fc6 elementor-widget elementor-widget-image\" data-id=\"fdc2fc6\" data-element_type=\"widget\" data-widget_type=\"image.default\">\n\t\t\t\t<div class=\"elementor-widget-container\">\n\t\t\t\t\t\t\t\t\t\t\t\t\t<img fetchpriority=\"high\" decoding=\"async\" width=\"548\" height=\"257\" src=\"https:\/\/www.goiko.com\/es\/wp-content\/uploads\/2022\/04\/Ilustracion.svg\" class=\"attachment-large size-large wp-image-40846\" alt=\"\" \/>\t\t\t\t\t\t\t\t\t\t\t\t\t<\/div>\n\t\t\t\t<\/div>\n\t\t\t\t<div class=\"elementor-element elementor-element-4e5621b elementor-widget elementor-widget-text-editor\" data-id=\"4e5621b\" data-element_type=\"widget\" data-widget_type=\"text-editor.default\">\n\t\t\t\t<div class=\"elementor-widget-container\">\n\t\t\t\t\t\t\t<p><span style=\"font-weight: bold;\">LES B\u00c8STIES\u00a0<\/span>s\u00f3n un\u00a0<span style=\"font-weight: bold;\">GOIKO\u00a0<\/span>tot terreny, sense seients per\u00f2 amb un parell de planxes a punt per preparar les millors street burgers.<\/p>\t\t\t\t\t\t<\/div>\n\t\t\t\t<\/div>\n\t\t\t\t<div class=\"elementor-element elementor-element-8933113 elementor-widget elementor-widget-text-editor\" data-id=\"8933113\" data-element_type=\"widget\" data-widget_type=\"text-editor.default\">\n\t\t\t\t<div class=\"elementor-widget-container\">\n\t\t\t\t\t\t\t<p><span style=\"font-weight: 700;\">DOS FOODTRUCKS&nbsp;<\/span>a punt per viatjar on hi hagi ganes de burger.<br><\/p>\t\t\t\t\t\t<\/div>\n\t\t\t\t<\/div>\n\t\t\t\t<div class=\"elementor-element elementor-element-af0a19b elementor-widget elementor-widget-video\" data-id=\"af0a19b\" data-element_type=\"widget\" data-settings=\"{&quot;youtube_url&quot;:&quot;https:\\\/\\\/youtu.be\\\/p04md3YTO64&quot;,&quot;video_type&quot;:&quot;youtube&quot;,&quot;controls&quot;:&quot;yes&quot;}\" data-widget_type=\"video.default\">\n\t\t\t\t<div class=\"elementor-widget-container\">\n\t\t\t\t\t<div class=\"elementor-wrapper elementor-open-inline\">\n\t\t\t<div class=\"elementor-video\"><\/div>\t\t<\/div>\n\t\t\t\t<\/div>\n\t\t\t\t<\/div>\n\t\t\t\t\t<\/div>\n\t\t<\/div>\n\t\t\t\t\t<\/div>\n\t\t<\/section>\n\t\t\t\t<\/div>\n\t\t","protected":false},"excerpt":{"rendered":"<p>\u00a1LES B\u00c8STIES NO PAREN! Els nostres foodtrucks GOIKO porten dos anys plens d&#8217;adrenalina, recorrent els millors esdeveniments i festivals del pa\u00eds. Som all\u00e0 on hi ha bon rotllo, preparats per servir les nostres street burgers! LA B\u00c8STIA no t\u00e9 seients, per\u00f2 s\u00ed un parell de planxes a punt per cuinar les burgers m\u00e9s \u00e8piques. I [&hellip;]<\/p>\n","protected":false},"author":53,"featured_media":48485,"parent":0,"menu_order":42,"comment_status":"closed","ping_status":"closed","template":"templates\/template-landings.php","meta":{"footnotes":""},"class_list":["post-56112","page","type-page","status-publish","has-post-thumbnail","hentry"],"acf":[],"yoast_head":"<!-- This site is optimized with the Yoast SEO plugin v23.8 - https:\/\/yoast.com\/wordpress\/plugins\/seo\/ -->\n<title>Foodtruck - GOIKO<\/title>\n<meta name=\"robots\" content=\"index, follow, max-snippet:-1, max-image-preview:large, max-video-preview:-1\" \/>\n<link rel=\"canonical\" href=\"https:\/\/www.goiko.com\/es\/ca\/foodtruck\/\" \/>\n<meta property=\"og:locale\" content=\"ca_ES\" \/>\n<meta property=\"og:type\" content=\"article\" \/>\n<meta property=\"og:title\" content=\"Foodtruck - GOIKO\" \/>\n<meta property=\"og:description\" content=\"\u00a1LES B\u00c8STIES NO PAREN! Els nostres foodtrucks GOIKO porten dos anys plens d&#8217;adrenalina, recorrent els millors esdeveniments i festivals del pa\u00eds. Som all\u00e0 on hi ha bon rotllo, preparats per servir les nostres street burgers! LA B\u00c8STIA no t\u00e9 seients, per\u00f2 s\u00ed un parell de planxes a punt per cuinar les burgers m\u00e9s \u00e8piques. I [&hellip;]\" \/>\n<meta property=\"og:url\" content=\"https:\/\/www.goiko.com\/es\/ca\/foodtruck\/\" \/>\n<meta property=\"og:site_name\" content=\"GOIKO\" \/>\n<meta property=\"article:publisher\" content=\"https:\/\/www.facebook.com\/goiko\" \/>\n<meta property=\"article:modified_time\" content=\"2025-01-13T09:59:41+00:00\" \/>\n<meta property=\"og:image\" content=\"https:\/\/www.goiko.com\/es\/wp-content\/uploads\/2023\/07\/Foodtruck_Carrousel-1200x800_V1.jpg\" \/>\n\t<meta property=\"og:image:width\" content=\"1200\" \/>\n\t<meta property=\"og:image:height\" content=\"800\" \/>\n\t<meta property=\"og:image:type\" content=\"image\/jpeg\" \/>\n<meta name=\"twitter:card\" content=\"summary_large_image\" \/>\n<meta name=\"twitter:site\" content=\"@goiko\" \/>\n<meta name=\"twitter:label1\" content=\"Temps estimat de lectura\" \/>\n\t<meta name=\"twitter:data1\" content=\"1 minut\" \/>\n<script type=\"application\/ld+json\" class=\"yoast-schema-graph\">{\"@context\":\"https:\/\/schema.org\",\"@graph\":[{\"@type\":\"WebPage\",\"@id\":\"https:\/\/www.goiko.com\/es\/ca\/foodtruck\/\",\"url\":\"https:\/\/www.goiko.com\/es\/ca\/foodtruck\/\",\"name\":\"Foodtruck - GOIKO\",\"isPartOf\":{\"@id\":\"https:\/\/www.goiko.com\/es\/ca\/#website\"},\"primaryImageOfPage\":{\"@id\":\"https:\/\/www.goiko.com\/es\/ca\/foodtruck\/#primaryimage\"},\"image\":{\"@id\":\"https:\/\/www.goiko.com\/es\/ca\/foodtruck\/#primaryimage\"},\"thumbnailUrl\":\"https:\/\/www.goiko.com\/es\/wp-content\/uploads\/2023\/07\/Foodtruck_Carrousel-1200x800_V1.jpg\",\"datePublished\":\"2023-11-08T16:28:36+00:00\",\"dateModified\":\"2025-01-13T09:59:41+00:00\",\"breadcrumb\":{\"@id\":\"https:\/\/www.goiko.com\/es\/ca\/foodtruck\/#breadcrumb\"},\"inLanguage\":\"ca\",\"potentialAction\":[{\"@type\":\"ReadAction\",\"target\":[\"https:\/\/www.goiko.com\/es\/ca\/foodtruck\/\"]}]},{\"@type\":\"ImageObject\",\"inLanguage\":\"ca\",\"@id\":\"https:\/\/www.goiko.com\/es\/ca\/foodtruck\/#primaryimage\",\"url\":\"https:\/\/www.goiko.com\/es\/wp-content\/uploads\/2023\/07\/Foodtruck_Carrousel-1200x800_V1.jpg\",\"contentUrl\":\"https:\/\/www.goiko.com\/es\/wp-content\/uploads\/2023\/07\/Foodtruck_Carrousel-1200x800_V1.jpg\",\"width\":1200,\"height\":800},{\"@type\":\"BreadcrumbList\",\"@id\":\"https:\/\/www.goiko.com\/es\/ca\/foodtruck\/#breadcrumb\",\"itemListElement\":[{\"@type\":\"ListItem\",\"position\":1,\"name\":\"Portada\",\"item\":\"https:\/\/www.goiko.com\/es\/ca\/\"},{\"@type\":\"ListItem\",\"position\":2,\"name\":\"Foodtruck\"}]},{\"@type\":\"WebSite\",\"@id\":\"https:\/\/www.goiko.com\/es\/ca\/#website\",\"url\":\"https:\/\/www.goiko.com\/es\/ca\/\",\"name\":\"GOIKO\",\"description\":\"Chorreo Forever\",\"potentialAction\":[{\"@type\":\"SearchAction\",\"target\":{\"@type\":\"EntryPoint\",\"urlTemplate\":\"https:\/\/www.goiko.com\/es\/ca\/?s={search_term_string}\"},\"query-input\":{\"@type\":\"PropertyValueSpecification\",\"valueRequired\":true,\"valueName\":\"search_term_string\"}}],\"inLanguage\":\"ca\"}]}<\/script>\n<!-- \/ Yoast SEO plugin. -->","yoast_head_json":{"title":"Foodtruck - GOIKO","robots":{"index":"index","follow":"follow","max-snippet":"max-snippet:-1","max-image-preview":"max-image-preview:large","max-video-preview":"max-video-preview:-1"},"canonical":"https:\/\/www.goiko.com\/es\/ca\/foodtruck\/","og_locale":"ca_ES","og_type":"article","og_title":"Foodtruck - GOIKO","og_description":"\u00a1LES B\u00c8STIES NO PAREN! Els nostres foodtrucks GOIKO porten dos anys plens d&#8217;adrenalina, recorrent els millors esdeveniments i festivals del pa\u00eds. Som all\u00e0 on hi ha bon rotllo, preparats per servir les nostres street burgers! LA B\u00c8STIA no t\u00e9 seients, per\u00f2 s\u00ed un parell de planxes a punt per cuinar les burgers m\u00e9s \u00e8piques. I [&hellip;]","og_url":"https:\/\/www.goiko.com\/es\/ca\/foodtruck\/","og_site_name":"GOIKO","article_publisher":"https:\/\/www.facebook.com\/goiko","article_modified_time":"2025-01-13T09:59:41+00:00","og_image":[{"width":1200,"height":800,"url":"https:\/\/www.goiko.com\/es\/wp-content\/uploads\/2023\/07\/Foodtruck_Carrousel-1200x800_V1.jpg","type":"image\/jpeg"}],"twitter_card":"summary_large_image","twitter_site":"@goiko","twitter_misc":{"Temps estimat de lectura":"1 minut"},"schema":{"@context":"https:\/\/schema.org","@graph":[{"@type":"WebPage","@id":"https:\/\/www.goiko.com\/es\/ca\/foodtruck\/","url":"https:\/\/www.goiko.com\/es\/ca\/foodtruck\/","name":"Foodtruck - GOIKO","isPartOf":{"@id":"https:\/\/www.goiko.com\/es\/ca\/#website"},"primaryImageOfPage":{"@id":"https:\/\/www.goiko.com\/es\/ca\/foodtruck\/#primaryimage"},"image":{"@id":"https:\/\/www.goiko.com\/es\/ca\/foodtruck\/#primaryimage"},"thumbnailUrl":"https:\/\/www.goiko.com\/es\/wp-content\/uploads\/2023\/07\/Foodtruck_Carrousel-1200x800_V1.jpg","datePublished":"2023-11-08T16:28:36+00:00","dateModified":"2025-01-13T09:59:41+00:00","breadcrumb":{"@id":"https:\/\/www.goiko.com\/es\/ca\/foodtruck\/#breadcrumb"},"inLanguage":"ca","potentialAction":[{"@type":"ReadAction","target":["https:\/\/www.goiko.com\/es\/ca\/foodtruck\/"]}]},{"@type":"ImageObject","inLanguage":"ca","@id":"https:\/\/www.goiko.com\/es\/ca\/foodtruck\/#primaryimage","url":"https:\/\/www.goiko.com\/es\/wp-content\/uploads\/2023\/07\/Foodtruck_Carrousel-1200x800_V1.jpg","contentUrl":"https:\/\/www.goiko.com\/es\/wp-content\/uploads\/2023\/07\/Foodtruck_Carrousel-1200x800_V1.jpg","width":1200,"height":800},{"@type":"BreadcrumbList","@id":"https:\/\/www.goiko.com\/es\/ca\/foodtruck\/#breadcrumb","itemListElement":[{"@type":"ListItem","position":1,"name":"Portada","item":"https:\/\/www.goiko.com\/es\/ca\/"},{"@type":"ListItem","position":2,"name":"Foodtruck"}]},{"@type":"WebSite","@id":"https:\/\/www.goiko.com\/es\/ca\/#website","url":"https:\/\/www.goiko.com\/es\/ca\/","name":"GOIKO","description":"Chorreo Forever","potentialAction":[{"@type":"SearchAction","target":{"@type":"EntryPoint","urlTemplate":"https:\/\/www.goiko.com\/es\/ca\/?s={search_term_string}"},"query-input":{"@type":"PropertyValueSpecification","valueRequired":true,"valueName":"search_term_string"}}],"inLanguage":"ca"}]}},"_links":{"self":[{"href":"https:\/\/www.goiko.com\/es\/ca\/wp-json\/wp\/v2\/pages\/56112","targetHints":{"allow":["GET"]}}],"collection":[{"href":"https:\/\/www.goiko.com\/es\/ca\/wp-json\/wp\/v2\/pages"}],"about":[{"href":"https:\/\/www.goiko.com\/es\/ca\/wp-json\/wp\/v2\/types\/page"}],"author":[{"embeddable":true,"href":"https:\/\/www.goiko.com\/es\/ca\/wp-json\/wp\/v2\/users\/53"}],"replies":[{"embeddable":true,"href":"https:\/\/www.goiko.com\/es\/ca\/wp-json\/wp\/v2\/comments?post=56112"}],"version-history":[{"count":16,"href":"https:\/\/www.goiko.com\/es\/ca\/wp-json\/wp\/v2\/pages\/56112\/revisions"}],"predecessor-version":[{"id":61492,"href":"https:\/\/www.goiko.com\/es\/ca\/wp-json\/wp\/v2\/pages\/56112\/revisions\/61492"}],"wp:featuredmedia":[{"embeddable":true,"href":"https:\/\/www.goiko.com\/es\/ca\/wp-json\/wp\/v2\/media\/48485"}],"wp:attachment":[{"href":"https:\/\/www.goiko.com\/es\/ca\/wp-json\/wp\/v2\/media?parent=56112"}],"curies":[{"name":"wp","href":"https:\/\/api.w.org\/{rel}","templated":true}]}}