{"id":63089,"date":"2024-10-09T09:48:46","date_gmt":"2024-10-09T08:48:46","guid":{"rendered":"https:\/\/www.goiko.com\/es\/bebidasprecioreducido\/"},"modified":"2025-03-18T11:21:45","modified_gmt":"2025-03-18T10:21:45","slug":"begudesapreureduit","status":"publish","type":"page","link":"https:\/\/www.goiko.com\/es\/ca\/begudesapreureduit\/","title":{"rendered":"BEGUDES A 1,9\u20ac"},"content":{"rendered":"\t\t<div data-elementor-type=\"wp-page\" data-elementor-id=\"63089\" class=\"elementor elementor-63089 elementor-60418\" data-elementor-post-type=\"page\">\n\t\t\t\t\t\t<section class=\"elementor-section elementor-top-section elementor-element elementor-element-0302bff elementor-section-height-min-height elementor-section-boxed elementor-section-height-default elementor-section-items-middle\" data-id=\"0302bff\" data-element_type=\"section\" data-settings=\"{&quot;background_background&quot;:&quot;classic&quot;}\">\n\t\t\t\t\t\t<div class=\"elementor-container elementor-column-gap-default\">\n\t\t\t\t\t<div class=\"elementor-column elementor-col-100 elementor-top-column elementor-element elementor-element-bc56695\" data-id=\"bc56695\" data-element_type=\"column\">\n\t\t\t<div class=\"elementor-widget-wrap\">\n\t\t\t\t\t\t\t<\/div>\n\t\t<\/div>\n\t\t\t\t\t<\/div>\n\t\t<\/section>\n\t\t\t\t<section class=\"elementor-section elementor-top-section elementor-element elementor-element-a970286 elementor-section-boxed elementor-section-height-default elementor-section-height-default\" data-id=\"a970286\" data-element_type=\"section\">\n\t\t\t\t\t\t<div class=\"elementor-container elementor-column-gap-default\">\n\t\t\t\t\t<div class=\"elementor-column elementor-col-100 elementor-top-column elementor-element elementor-element-ea44554\" data-id=\"ea44554\" data-element_type=\"column\">\n\t\t\t<div class=\"elementor-widget-wrap elementor-element-populated\">\n\t\t\t\t\t\t<div class=\"elementor-element elementor-element-fdc2fc6 animated-slow e-transform elementor-hidden-tablet elementor-hidden-mobile elementor-invisible elementor-widget elementor-widget-image\" data-id=\"fdc2fc6\" data-element_type=\"widget\" data-settings=\"{&quot;_animation&quot;:&quot;fadeIn&quot;,&quot;_transform_translateY_effect&quot;:{&quot;unit&quot;:&quot;px&quot;,&quot;size&quot;:-86,&quot;sizes&quot;:[]},&quot;_transform_translateX_effect&quot;:{&quot;unit&quot;:&quot;px&quot;,&quot;size&quot;:&quot;&quot;,&quot;sizes&quot;:[]},&quot;_transform_translateX_effect_tablet&quot;:{&quot;unit&quot;:&quot;px&quot;,&quot;size&quot;:&quot;&quot;,&quot;sizes&quot;:[]},&quot;_transform_translateX_effect_mobile&quot;:{&quot;unit&quot;:&quot;px&quot;,&quot;size&quot;:&quot;&quot;,&quot;sizes&quot;:[]},&quot;_transform_translateY_effect_tablet&quot;:{&quot;unit&quot;:&quot;px&quot;,&quot;size&quot;:&quot;&quot;,&quot;sizes&quot;:[]},&quot;_transform_translateY_effect_mobile&quot;:{&quot;unit&quot;:&quot;px&quot;,&quot;size&quot;:&quot;&quot;,&quot;sizes&quot;:[]}}\" data-widget_type=\"image.default\">\n\t\t\t\t<div class=\"elementor-widget-container\">\n\t\t\t\t\t\t\t\t\t\t\t\t\t<img fetchpriority=\"high\" decoding=\"async\" width=\"520\" height=\"1024\" src=\"https:\/\/www.goiko.com\/es\/wp-content\/uploads\/2025\/03\/FlyerWeb-QueSigaLaRonda_520x1024px_CAT.jpg\" class=\"attachment-large size-large wp-image-63090\" alt=\"\" srcset=\"https:\/\/www.goiko.com\/es\/wp-content\/uploads\/2025\/03\/FlyerWeb-QueSigaLaRonda_520x1024px_CAT.jpg 520w, https:\/\/www.goiko.com\/es\/wp-content\/uploads\/2025\/03\/FlyerWeb-QueSigaLaRonda_520x1024px_CAT-152x300.jpg 152w, https:\/\/www.goiko.com\/es\/wp-content\/uploads\/2025\/03\/FlyerWeb-QueSigaLaRonda_520x1024px_CAT-300x591.jpg 300w, https:\/\/www.goiko.com\/es\/wp-content\/uploads\/2025\/03\/FlyerWeb-QueSigaLaRonda_520x1024px_CAT-450x886.jpg 450w, https:\/\/www.goiko.com\/es\/wp-content\/uploads\/2025\/03\/FlyerWeb-QueSigaLaRonda_520x1024px_CAT-406x800.jpg 406w\" sizes=\"(max-width: 520px) 100vw, 520px\" \/>\t\t\t\t\t\t\t\t\t\t\t\t\t<\/div>\n\t\t\t\t<\/div>\n\t\t\t\t<div class=\"elementor-element elementor-element-202d355 animated-slow elementor-hidden-desktop elementor-invisible elementor-widget elementor-widget-image\" data-id=\"202d355\" data-element_type=\"widget\" data-settings=\"{&quot;_animation&quot;:&quot;fadeIn&quot;}\" data-widget_type=\"image.default\">\n\t\t\t\t<div class=\"elementor-widget-container\">\n\t\t\t\t\t\t\t\t\t\t\t\t\t<img decoding=\"async\" width=\"520\" height=\"1024\" src=\"https:\/\/www.goiko.com\/es\/wp-content\/uploads\/2024\/10\/BAJA_BEBIDAS_Mesa-de-trabajo-1-copia-2-520x1024.jpg\" class=\"attachment-large size-large wp-image-60421\" alt=\"\" srcset=\"https:\/\/www.goiko.com\/es\/wp-content\/uploads\/2024\/10\/BAJA_BEBIDAS_Mesa-de-trabajo-1-copia-2-520x1024.jpg 520w, https:\/\/www.goiko.com\/es\/wp-content\/uploads\/2024\/10\/BAJA_BEBIDAS_Mesa-de-trabajo-1-copia-2-152x300.jpg 152w, https:\/\/www.goiko.com\/es\/wp-content\/uploads\/2024\/10\/BAJA_BEBIDAS_Mesa-de-trabajo-1-copia-2-768x1513.jpg 768w, https:\/\/www.goiko.com\/es\/wp-content\/uploads\/2024\/10\/BAJA_BEBIDAS_Mesa-de-trabajo-1-copia-2-779x1536.jpg 779w, https:\/\/www.goiko.com\/es\/wp-content\/uploads\/2024\/10\/BAJA_BEBIDAS_Mesa-de-trabajo-1-copia-2-300x591.jpg 300w, https:\/\/www.goiko.com\/es\/wp-content\/uploads\/2024\/10\/BAJA_BEBIDAS_Mesa-de-trabajo-1-copia-2-450x887.jpg 450w, https:\/\/www.goiko.com\/es\/wp-content\/uploads\/2024\/10\/BAJA_BEBIDAS_Mesa-de-trabajo-1-copia-2-406x800.jpg 406w, https:\/\/www.goiko.com\/es\/wp-content\/uploads\/2024\/10\/BAJA_BEBIDAS_Mesa-de-trabajo-1-copia-2.jpg 984w\" sizes=\"(max-width: 520px) 100vw, 520px\" \/>\t\t\t\t\t\t\t\t\t\t\t\t\t<\/div>\n\t\t\t\t<\/div>\n\t\t\t\t\t<\/div>\n\t\t<\/div>\n\t\t\t\t\t<\/div>\n\t\t<\/section>\n\t\t\t\t<section class=\"elementor-section elementor-top-section elementor-element elementor-element-9f706c1 elementor-section-boxed elementor-section-height-default elementor-section-height-default\" data-id=\"9f706c1\" data-element_type=\"section\">\n\t\t\t\t\t\t<div class=\"elementor-container elementor-column-gap-default\">\n\t\t\t\t\t<div class=\"elementor-column elementor-col-100 elementor-top-column elementor-element elementor-element-cfb6aa4\" data-id=\"cfb6aa4\" data-element_type=\"column\">\n\t\t\t<div class=\"elementor-widget-wrap elementor-element-populated\">\n\t\t\t\t\t\t<div class=\"elementor-element elementor-element-868abae elementor-align-center e-transform elementor-hidden-tablet elementor-hidden-mobile elementor-widget elementor-widget-button\" data-id=\"868abae\" data-element_type=\"widget\" data-settings=\"{&quot;_transform_translateY_effect&quot;:{&quot;unit&quot;:&quot;px&quot;,&quot;size&quot;:-57,&quot;sizes&quot;:[]},&quot;_transform_translateX_effect&quot;:{&quot;unit&quot;:&quot;px&quot;,&quot;size&quot;:&quot;&quot;,&quot;sizes&quot;:[]},&quot;_transform_translateX_effect_tablet&quot;:{&quot;unit&quot;:&quot;px&quot;,&quot;size&quot;:&quot;&quot;,&quot;sizes&quot;:[]},&quot;_transform_translateX_effect_mobile&quot;:{&quot;unit&quot;:&quot;px&quot;,&quot;size&quot;:&quot;&quot;,&quot;sizes&quot;:[]},&quot;_transform_translateY_effect_tablet&quot;:{&quot;unit&quot;:&quot;px&quot;,&quot;size&quot;:&quot;&quot;,&quot;sizes&quot;:[]},&quot;_transform_translateY_effect_mobile&quot;:{&quot;unit&quot;:&quot;px&quot;,&quot;size&quot;:&quot;&quot;,&quot;sizes&quot;:[]}}\" data-widget_type=\"button.default\">\n\t\t\t\t<div class=\"elementor-widget-container\">\n\t\t\t\t\t\t\t<div class=\"elementor-button-wrapper\">\n\t\t\t\t\t<a class=\"elementor-button elementor-button-link elementor-size-sm\" href=\"https:\/\/www.goiko.com\/es\/reservas\/\" target=\"_blank\">\n\t\t\t\t\t\t<span class=\"elementor-button-content-wrapper\">\n\t\t\t\t\t\t\t\t\t<span class=\"elementor-button-text\">RESERVA ARA<\/span>\n\t\t\t\t\t<\/span>\n\t\t\t\t\t<\/a>\n\t\t\t\t<\/div>\n\t\t\t\t\t\t<\/div>\n\t\t\t\t<\/div>\n\t\t\t\t<div class=\"elementor-element elementor-element-55c7c79 elementor-align-center e-transform elementor-hidden-desktop elementor-widget elementor-widget-button\" data-id=\"55c7c79\" data-element_type=\"widget\" data-settings=\"{&quot;_transform_translateY_effect_mobile&quot;:{&quot;unit&quot;:&quot;px&quot;,&quot;size&quot;:29,&quot;sizes&quot;:[]},&quot;_transform_translateX_effect&quot;:{&quot;unit&quot;:&quot;px&quot;,&quot;size&quot;:&quot;&quot;,&quot;sizes&quot;:[]},&quot;_transform_translateX_effect_tablet&quot;:{&quot;unit&quot;:&quot;px&quot;,&quot;size&quot;:&quot;&quot;,&quot;sizes&quot;:[]},&quot;_transform_translateX_effect_mobile&quot;:{&quot;unit&quot;:&quot;px&quot;,&quot;size&quot;:&quot;&quot;,&quot;sizes&quot;:[]},&quot;_transform_translateY_effect&quot;:{&quot;unit&quot;:&quot;px&quot;,&quot;size&quot;:&quot;&quot;,&quot;sizes&quot;:[]},&quot;_transform_translateY_effect_tablet&quot;:{&quot;unit&quot;:&quot;px&quot;,&quot;size&quot;:&quot;&quot;,&quot;sizes&quot;:[]}}\" data-widget_type=\"button.default\">\n\t\t\t\t<div class=\"elementor-widget-container\">\n\t\t\t\t\t\t\t<div class=\"elementor-button-wrapper\">\n\t\t\t\t\t<a class=\"elementor-button elementor-button-link elementor-size-sm\" href=\"https:\/\/www.goiko.com\/es\/reservas\/\" target=\"_blank\">\n\t\t\t\t\t\t<span class=\"elementor-button-content-wrapper\">\n\t\t\t\t\t\t\t\t\t<span class=\"elementor-button-text\">RESERVA ARA<\/span>\n\t\t\t\t\t<\/span>\n\t\t\t\t\t<\/a>\n\t\t\t\t<\/div>\n\t\t\t\t\t\t<\/div>\n\t\t\t\t<\/div>\n\t\t\t\t\t<\/div>\n\t\t<\/div>\n\t\t\t\t\t<\/div>\n\t\t<\/section>\n\t\t\t\t<section class=\"elementor-section elementor-top-section elementor-element elementor-element-cd54978 elementor-section-full_width elementor-section-height-default elementor-section-height-default\" data-id=\"cd54978\" data-element_type=\"section\">\n\t\t\t\t\t\t<div class=\"elementor-container elementor-column-gap-default\">\n\t\t\t\t\t<div class=\"elementor-column elementor-col-100 elementor-top-column elementor-element elementor-element-96965df\" data-id=\"96965df\" data-element_type=\"column\">\n\t\t\t<div class=\"elementor-widget-wrap elementor-element-populated\">\n\t\t\t\t\t\t<div class=\"elementor-element elementor-element-d4daab6 elementor-widget-mobile__width-initial elementor-hidden-desktop elementor-widget elementor-widget-text-editor\" data-id=\"d4daab6\" data-element_type=\"widget\" data-widget_type=\"text-editor.default\">\n\t\t\t\t<div class=\"elementor-widget-container\">\n\t\t\t\t\t\t\t<h6 style=\"text-align: center;\">La promoci\u00f3n ser\u00e1 v\u00e1lida en todos los GOIKO de la pen\u00ednsula espa\u00f1ola, Islas Canarias, Islas Baleares y Andorra (no es v\u00e1lido en Francia), desde el 04 de octubre de 2024, de lunes a domingo, en todo el horario del restaurante.<\/h6><h6 style=\"text-align: center;\">&#8211; El Cliente podr\u00e1 disfrutar de las bebidas abajo mencionadas por el precio de UNO CON NOVENTA EUROS (1,90\u20ac), despu\u00e9s del consumo de UNA (1) primera bebida que puede ser distinta a las abajo indicadas.<\/h6><h6 style=\"text-align: center;\">&#8211; Las bebidas que podr\u00e1 disfrutar el Cliente por el precio antes se\u00f1alado son:<br \/>\u2022 Goiko Ice Tea (lim\u00f3n o melocot\u00f3n).<br \/>\u2022 Refrescos (Coca-Cola, Coca-Cola Zero, Coca-Cola Zero Zero, Fanta de Naranja y Aquarius de Lim\u00f3n).<br \/>\u2022 Cerveza (Doble, Clara Lim\u00f3n, Clara Casera).<br \/>\u2022 Cerveza Mahou Tostada 0,0.<br \/>\u2022 Cerveza Mahou Sin Gluten.<br \/>\u2022 Agua mineral o Agua con Gas.<br \/><br \/>-V\u00e1lido para el men\u00fa del d\u00eda.<br \/>-Disponible s\u00f3lo en sala, no disponible en delivery y take away.<br \/>-No acumulable con otras promociones que impliquen un % de descuento.<\/h6>\t\t\t\t\t\t<\/div>\n\t\t\t\t<\/div>\n\t\t\t\t<div class=\"elementor-element elementor-element-49bdb86 elementor-widget-mobile__width-initial e-transform elementor-hidden-tablet elementor-hidden-mobile elementor-widget elementor-widget-text-editor\" data-id=\"49bdb86\" data-element_type=\"widget\" data-settings=\"{&quot;_transform_translateY_effect&quot;:{&quot;unit&quot;:&quot;px&quot;,&quot;size&quot;:-143,&quot;sizes&quot;:[]},&quot;_transform_translateX_effect&quot;:{&quot;unit&quot;:&quot;px&quot;,&quot;size&quot;:&quot;&quot;,&quot;sizes&quot;:[]},&quot;_transform_translateX_effect_tablet&quot;:{&quot;unit&quot;:&quot;px&quot;,&quot;size&quot;:&quot;&quot;,&quot;sizes&quot;:[]},&quot;_transform_translateX_effect_mobile&quot;:{&quot;unit&quot;:&quot;px&quot;,&quot;size&quot;:&quot;&quot;,&quot;sizes&quot;:[]},&quot;_transform_translateY_effect_tablet&quot;:{&quot;unit&quot;:&quot;px&quot;,&quot;size&quot;:&quot;&quot;,&quot;sizes&quot;:[]},&quot;_transform_translateY_effect_mobile&quot;:{&quot;unit&quot;:&quot;px&quot;,&quot;size&quot;:&quot;&quot;,&quot;sizes&quot;:[]}}\" data-widget_type=\"text-editor.default\">\n\t\t\t\t<div class=\"elementor-widget-container\">\n\t\t\t\t\t\t\t<h6 style=\"text-align: center;\" data-start=\"0\" data-end=\"222\">La promoci\u00f3 ser\u00e0 v\u00e0lida a tots els GOIKO de la pen\u00ednsula espanyola, Illes Can\u00e0ries, Illes Balears i Andorra (no \u00e9s v\u00e0lida a Fran\u00e7a), des del 4 d&#8217;octubre de 2024, de dilluns a diumenge, durant tot l&#8217;horari del restaurant.<\/h6><ul data-start=\"224\" data-end=\"980\" data-is-only-node=\"\" data-is-last-node=\"\"><li style=\"text-align: center;\" data-start=\"224\" data-end=\"430\"><h6 data-start=\"226\" data-end=\"430\">El Client podr\u00e0 gaudir de les begudes esmentades a continuaci\u00f3 pel preu d&#8217;UN AMB NORANTA EUROS (1,90 \u20ac), despr\u00e9s del consum d&#8217;UNA (1) primera beguda, que pot ser diferent de les indicades a continuaci\u00f3.<br \/>-Les begudes que el Client podr\u00e0 gaudir pel preu abans esmentat s\u00f3n:<br data-start=\"500\" data-end=\"503\" \/>\u2022 Goiko Ice Tea (llimona o pr\u00e9ssec).<br data-start=\"541\" data-end=\"544\" \/>\u2022 Refrescos (Coca-Cola, Coca-Cola Zero, Coca-Cola Zero Zero, Fanta de Taronja i Aquarius de Llimona).<br data-start=\"647\" data-end=\"650\" \/>\u2022 Cervesa (Doble, Clara Llimona, Clara Casera).<br data-start=\"699\" data-end=\"702\" \/>\u2022 Cervesa Mahou Torrada 0,0.<br data-start=\"732\" data-end=\"735\" \/>\u2022 Cervesa Mahou Sense Gluten.<br data-start=\"766\" data-end=\"769\" \/>\u2022 Aigua mineral o Aigua amb Gas.<br \/><br \/>-V\u00e0lid per al men\u00fa del dia.<br \/>-Disponible nom\u00e9s a sala, no disponible per a delivery ni take away.<br \/>-No acumulable amb altres promocions que impliquin un % de descompte.<\/h6><\/li><\/ul>\t\t\t\t\t\t<\/div>\n\t\t\t\t<\/div>\n\t\t\t\t\t<\/div>\n\t\t<\/div>\n\t\t\t\t\t<\/div>\n\t\t<\/section>\n\t\t\t\t<\/div>\n\t\t","protected":false},"excerpt":{"rendered":"<p>RESERVA ARA RESERVA ARA La promoci\u00f3n ser\u00e1 v\u00e1lida en todos los GOIKO de la pen\u00ednsula espa\u00f1ola, Islas Canarias, Islas Baleares y Andorra (no es v\u00e1lido en Francia), desde el 04 de octubre de 2024, de lunes a domingo, en todo el horario del restaurante. &#8211; El Cliente podr\u00e1 disfrutar de las bebidas abajo mencionadas por [&hellip;]<\/p>\n","protected":false},"author":53,"featured_media":60412,"parent":0,"menu_order":0,"comment_status":"closed","ping_status":"closed","template":"templates\/template-landings.php","meta":{"footnotes":""},"class_list":["post-63089","page","type-page","status-publish","has-post-thumbnail","hentry"],"acf":[],"yoast_head":"<!-- This site is optimized with the Yoast SEO plugin v23.8 - https:\/\/yoast.com\/wordpress\/plugins\/seo\/ -->\n<title>BEGUDES A 1,9\u20ac - GOIKO<\/title>\n<meta name=\"description\" content=\"\u00a1Desp\u00faes de la primera, tus bebidas por 1,9\u20ac! Corre ya a GOIKO, pide tu bebida, y las siguientes disfrutalas con un precio reducido ;).\" \/>\n<meta name=\"robots\" content=\"index, follow, max-snippet:-1, max-image-preview:large, max-video-preview:-1\" \/>\n<link rel=\"canonical\" href=\"https:\/\/www.goiko.com\/es\/ca\/begudesapreureduit\/\" \/>\n<meta property=\"og:locale\" content=\"ca_ES\" \/>\n<meta property=\"og:type\" content=\"article\" \/>\n<meta property=\"og:title\" content=\"BEGUDES A 1,9\u20ac - GOIKO\" \/>\n<meta property=\"og:description\" content=\"\u00a1Desp\u00faes de la primera, tus bebidas por 1,9\u20ac! Corre ya a GOIKO, pide tu bebida, y las siguientes disfrutalas con un precio reducido ;).\" \/>\n<meta property=\"og:url\" content=\"https:\/\/www.goiko.com\/es\/ca\/begudesapreureduit\/\" \/>\n<meta property=\"og:site_name\" content=\"GOIKO\" \/>\n<meta property=\"article:publisher\" content=\"https:\/\/www.facebook.com\/goiko\" \/>\n<meta property=\"article:modified_time\" content=\"2025-03-18T10:21:45+00:00\" \/>\n<meta property=\"og:image\" content=\"https:\/\/www.goiko.com\/es\/wp-content\/uploads\/2024\/10\/BEBIDAS_CARRUSEL.jpg\" \/>\n\t<meta property=\"og:image:width\" content=\"1600\" \/>\n\t<meta property=\"og:image:height\" content=\"725\" \/>\n\t<meta property=\"og:image:type\" content=\"image\/jpeg\" \/>\n<meta name=\"twitter:card\" content=\"summary_large_image\" \/>\n<meta name=\"twitter:site\" content=\"@goiko\" \/>\n<meta name=\"twitter:label1\" content=\"Temps estimat de lectura\" \/>\n\t<meta name=\"twitter:data1\" content=\"3 minuts\" \/>\n<script type=\"application\/ld+json\" class=\"yoast-schema-graph\">{\"@context\":\"https:\/\/schema.org\",\"@graph\":[{\"@type\":\"WebPage\",\"@id\":\"https:\/\/www.goiko.com\/es\/ca\/begudesapreureduit\/\",\"url\":\"https:\/\/www.goiko.com\/es\/ca\/begudesapreureduit\/\",\"name\":\"BEGUDES A 1,9\u20ac - GOIKO\",\"isPartOf\":{\"@id\":\"https:\/\/www.goiko.com\/es\/ca\/#website\"},\"primaryImageOfPage\":{\"@id\":\"https:\/\/www.goiko.com\/es\/ca\/begudesapreureduit\/#primaryimage\"},\"image\":{\"@id\":\"https:\/\/www.goiko.com\/es\/ca\/begudesapreureduit\/#primaryimage\"},\"thumbnailUrl\":\"https:\/\/www.goiko.com\/es\/wp-content\/uploads\/2024\/10\/BEBIDAS_CARRUSEL.jpg\",\"datePublished\":\"2024-10-09T08:48:46+00:00\",\"dateModified\":\"2025-03-18T10:21:45+00:00\",\"description\":\"\u00a1Desp\u00faes de la primera, tus bebidas por 1,9\u20ac! Corre ya a GOIKO, pide tu bebida, y las siguientes disfrutalas con un precio reducido ;).\",\"breadcrumb\":{\"@id\":\"https:\/\/www.goiko.com\/es\/ca\/begudesapreureduit\/#breadcrumb\"},\"inLanguage\":\"ca\",\"potentialAction\":[{\"@type\":\"ReadAction\",\"target\":[\"https:\/\/www.goiko.com\/es\/ca\/begudesapreureduit\/\"]}]},{\"@type\":\"ImageObject\",\"inLanguage\":\"ca\",\"@id\":\"https:\/\/www.goiko.com\/es\/ca\/begudesapreureduit\/#primaryimage\",\"url\":\"https:\/\/www.goiko.com\/es\/wp-content\/uploads\/2024\/10\/BEBIDAS_CARRUSEL.jpg\",\"contentUrl\":\"https:\/\/www.goiko.com\/es\/wp-content\/uploads\/2024\/10\/BEBIDAS_CARRUSEL.jpg\",\"width\":1600,\"height\":725},{\"@type\":\"BreadcrumbList\",\"@id\":\"https:\/\/www.goiko.com\/es\/ca\/begudesapreureduit\/#breadcrumb\",\"itemListElement\":[{\"@type\":\"ListItem\",\"position\":1,\"name\":\"Portada\",\"item\":\"https:\/\/www.goiko.com\/es\/ca\/\"},{\"@type\":\"ListItem\",\"position\":2,\"name\":\"BEGUDES A 1,9\u20ac\"}]},{\"@type\":\"WebSite\",\"@id\":\"https:\/\/www.goiko.com\/es\/ca\/#website\",\"url\":\"https:\/\/www.goiko.com\/es\/ca\/\",\"name\":\"GOIKO\",\"description\":\"Chorreo Forever\",\"potentialAction\":[{\"@type\":\"SearchAction\",\"target\":{\"@type\":\"EntryPoint\",\"urlTemplate\":\"https:\/\/www.goiko.com\/es\/ca\/?s={search_term_string}\"},\"query-input\":{\"@type\":\"PropertyValueSpecification\",\"valueRequired\":true,\"valueName\":\"search_term_string\"}}],\"inLanguage\":\"ca\"}]}<\/script>\n<!-- \/ Yoast SEO plugin. -->","yoast_head_json":{"title":"BEGUDES A 1,9\u20ac - GOIKO","description":"\u00a1Desp\u00faes de la primera, tus bebidas por 1,9\u20ac! Corre ya a GOIKO, pide tu bebida, y las siguientes disfrutalas con un precio reducido ;).","robots":{"index":"index","follow":"follow","max-snippet":"max-snippet:-1","max-image-preview":"max-image-preview:large","max-video-preview":"max-video-preview:-1"},"canonical":"https:\/\/www.goiko.com\/es\/ca\/begudesapreureduit\/","og_locale":"ca_ES","og_type":"article","og_title":"BEGUDES A 1,9\u20ac - GOIKO","og_description":"\u00a1Desp\u00faes de la primera, tus bebidas por 1,9\u20ac! Corre ya a GOIKO, pide tu bebida, y las siguientes disfrutalas con un precio reducido ;).","og_url":"https:\/\/www.goiko.com\/es\/ca\/begudesapreureduit\/","og_site_name":"GOIKO","article_publisher":"https:\/\/www.facebook.com\/goiko","article_modified_time":"2025-03-18T10:21:45+00:00","og_image":[{"width":1600,"height":725,"url":"https:\/\/www.goiko.com\/es\/wp-content\/uploads\/2024\/10\/BEBIDAS_CARRUSEL.jpg","type":"image\/jpeg"}],"twitter_card":"summary_large_image","twitter_site":"@goiko","twitter_misc":{"Temps estimat de lectura":"3 minuts"},"schema":{"@context":"https:\/\/schema.org","@graph":[{"@type":"WebPage","@id":"https:\/\/www.goiko.com\/es\/ca\/begudesapreureduit\/","url":"https:\/\/www.goiko.com\/es\/ca\/begudesapreureduit\/","name":"BEGUDES A 1,9\u20ac - GOIKO","isPartOf":{"@id":"https:\/\/www.goiko.com\/es\/ca\/#website"},"primaryImageOfPage":{"@id":"https:\/\/www.goiko.com\/es\/ca\/begudesapreureduit\/#primaryimage"},"image":{"@id":"https:\/\/www.goiko.com\/es\/ca\/begudesapreureduit\/#primaryimage"},"thumbnailUrl":"https:\/\/www.goiko.com\/es\/wp-content\/uploads\/2024\/10\/BEBIDAS_CARRUSEL.jpg","datePublished":"2024-10-09T08:48:46+00:00","dateModified":"2025-03-18T10:21:45+00:00","description":"\u00a1Desp\u00faes de la primera, tus bebidas por 1,9\u20ac! Corre ya a GOIKO, pide tu bebida, y las siguientes disfrutalas con un precio reducido ;).","breadcrumb":{"@id":"https:\/\/www.goiko.com\/es\/ca\/begudesapreureduit\/#breadcrumb"},"inLanguage":"ca","potentialAction":[{"@type":"ReadAction","target":["https:\/\/www.goiko.com\/es\/ca\/begudesapreureduit\/"]}]},{"@type":"ImageObject","inLanguage":"ca","@id":"https:\/\/www.goiko.com\/es\/ca\/begudesapreureduit\/#primaryimage","url":"https:\/\/www.goiko.com\/es\/wp-content\/uploads\/2024\/10\/BEBIDAS_CARRUSEL.jpg","contentUrl":"https:\/\/www.goiko.com\/es\/wp-content\/uploads\/2024\/10\/BEBIDAS_CARRUSEL.jpg","width":1600,"height":725},{"@type":"BreadcrumbList","@id":"https:\/\/www.goiko.com\/es\/ca\/begudesapreureduit\/#breadcrumb","itemListElement":[{"@type":"ListItem","position":1,"name":"Portada","item":"https:\/\/www.goiko.com\/es\/ca\/"},{"@type":"ListItem","position":2,"name":"BEGUDES A 1,9\u20ac"}]},{"@type":"WebSite","@id":"https:\/\/www.goiko.com\/es\/ca\/#website","url":"https:\/\/www.goiko.com\/es\/ca\/","name":"GOIKO","description":"Chorreo Forever","potentialAction":[{"@type":"SearchAction","target":{"@type":"EntryPoint","urlTemplate":"https:\/\/www.goiko.com\/es\/ca\/?s={search_term_string}"},"query-input":{"@type":"PropertyValueSpecification","valueRequired":true,"valueName":"search_term_string"}}],"inLanguage":"ca"}]}},"_links":{"self":[{"href":"https:\/\/www.goiko.com\/es\/ca\/wp-json\/wp\/v2\/pages\/63089","targetHints":{"allow":["GET"]}}],"collection":[{"href":"https:\/\/www.goiko.com\/es\/ca\/wp-json\/wp\/v2\/pages"}],"about":[{"href":"https:\/\/www.goiko.com\/es\/ca\/wp-json\/wp\/v2\/types\/page"}],"author":[{"embeddable":true,"href":"https:\/\/www.goiko.com\/es\/ca\/wp-json\/wp\/v2\/users\/53"}],"replies":[{"embeddable":true,"href":"https:\/\/www.goiko.com\/es\/ca\/wp-json\/wp\/v2\/comments?post=63089"}],"version-history":[{"count":10,"href":"https:\/\/www.goiko.com\/es\/ca\/wp-json\/wp\/v2\/pages\/63089\/revisions"}],"predecessor-version":[{"id":63130,"href":"https:\/\/www.goiko.com\/es\/ca\/wp-json\/wp\/v2\/pages\/63089\/revisions\/63130"}],"wp:featuredmedia":[{"embeddable":true,"href":"https:\/\/www.goiko.com\/es\/ca\/wp-json\/wp\/v2\/media\/60412"}],"wp:attachment":[{"href":"https:\/\/www.goiko.com\/es\/ca\/wp-json\/wp\/v2\/media?parent=63089"}],"curies":[{"name":"wp","href":"https:\/\/api.w.org\/{rel}","templated":true}]}}