{"id":366,"date":"2020-12-23T16:34:52","date_gmt":"2020-12-23T16:34:52","guid":{"rendered":"https:\/\/goikocina.com\/?page_id=366"},"modified":"2023-03-10T09:00:08","modified_gmt":"2023-03-10T09:00:08","slug":"privacidad","status":"publish","type":"page","link":"https:\/\/www.goiko.com\/es\/goikocina\/privacidad\/","title":{"rendered":"Pol\u00edtica de privacidad"},"content":{"rendered":"\n<p>Desde el <strong><em>GRUPO GOIKO<\/em><\/strong> entendemos que es esencial mantener una relaci\u00f3n transparente contigo, por ello, a continuaci\u00f3n, te presentamos nuestra Pol\u00edtica de Privacidad, para que en todo momento est\u00e9s debidamente informado acerca de c\u00f3mo recopilamos y tratamos de forma segura cualquier dato que nos facilites.<\/p>\n\n\n\n<p>Tus datos ser\u00e1n tratados de conformidad con la legislaci\u00f3n vigente y, en concreto, de acuerdo a lo establecido en el Reglamento (UE) 2016\/679 de 27 de abril de 2016 (RGPD) relativo a la protecci\u00f3n de las personas f\u00edsicas en lo que respecta al tratamiento de datos personales y a la libre circulaci\u00f3n de estos datos. Tambi\u00e9n en lo referente a la Ley Org\u00e1nica 3\/2018, del 5 de diciembre, de Protecci\u00f3n de Datos Personales y Garant\u00eda de los Derechos Digitales.<\/p>\n\n\n\n<p>Una lectura detenida de nuestra Pol\u00edtica de Privacidad te aportar\u00e1 la informaci\u00f3n necesaria para conocer qu\u00e9 destino le daremos a los datos que nos proporciones.&nbsp;<\/p>\n\n\n\n<h2 class=\"wp-block-heading\"><strong>\u00bfQUI\u00c9N ES EL RESPONSABLE DEL TRATAMIENTO DE TUS DATOS?<\/strong><\/h2>\n\n\n\n<p>Si t\u00fa, o una persona autorizada, nos has facilitado tus datos, te informamos de que estos datos ser\u00e1n tratados de conformidad con lo dispuesto en las normativas vigentes sobre protecci\u00f3n de datos personales.<\/p>\n\n\n\n<p><strong><em>GRUPO GOIKO es una denominaci\u00f3n que usaremos para poder referenciar a un grupo de empresas que realiz\u00e1n un tratamiento cojunto de datos, est\u00e1 formado por:<\/em><\/strong><\/p>\n\n\n\n<ul><li>GOIKO GOURMET, S.L. &nbsp; ESB86590841<\/li><li>GOIKO GRILL GROUP, S.L. &nbsp; ESB87771945<\/li><li>INTERNATIONALBURGERCO, S.L &nbsp; ESB88117718<\/li><li>GOIKO GRILL FRANCIA SASU&nbsp; 853 573 806 RCS de PARIS&nbsp;<\/li><\/ul>\n\n\n\n<p>Es posible que existan otros responsables en los tratamientos que realizamos, en ese caso siempre informaremos de quien es el\/la responsable del tratamiento de los mismos, as\u00ed como de sus&nbsp; datos de identificaci\u00f3n.<\/p>\n\n\n\n<p>Desde <strong><em>GRUPO GOIKO<\/em><\/strong> nos comprometemos al cumplimiento de la obligaci\u00f3n de secreto de los datos de car\u00e1cter personal y de su deber de guardarlos. Para eso adoptamos las medidas necesarias para evitar su alteraci\u00f3n, p\u00e9rdida, tratamiento o acceso no autorizado de acuerdo con establecido en el Reglamento.<\/p>\n\n\n\n<h2 class=\"wp-block-heading\"><strong>\u00bfTENEMOS DELEGADO\/A DE PROTECCI\u00d3N DE DATOS?<\/strong><\/h2>\n\n\n\n<p>S\u00ed, por el volum\u00e9n de datos que tratamos, contamos con un Delegado\/a de Protecci\u00f3n de Datos para garantizar el cumplimiento de la normativa de protecci\u00f3n de datos vigente.<\/p>\n\n\n\n<p>Puedes contactar con \u00e9l a trav\u00e9s de dpo@goiko.com<\/p>\n\n\n\n<h2 class=\"wp-block-heading\"><strong>\u00bfD\u00d3NDE INFORMAMOS?<\/strong><\/h2>\n\n\n\n<p>Desde <strong><em>GRUPO GOIKO<\/em><\/strong> informamos a trav\u00e9s de la p\u00e1ginas web <a href=\"http:\/\/www.goiko.con\/\">www.goiko.con<\/a> en el apartado correspondiente a la <em>pol\u00edtica de privacidad<\/em>.&nbsp;<\/p>\n\n\n\n<h2 class=\"wp-block-heading\"><strong>\u00bfQU\u00c9 DATOS PERSONALES TRATAMOS?<\/strong><\/h2>\n\n\n\n<p>Los datos personales que tratamos son:<\/p>\n\n\n\n<ul><li>Aquellos que t\u00fa decidas facilitarnos voluntariamente<\/li><li>Los datos derivados de las comunicaciones que mantengas con nosotros.<\/li><li>La informaci\u00f3n correspondiente a tu propia navegaci\u00f3n en el caso de Servicios Online, (direcci\u00f3n IP o informaci\u00f3n derivada de cookies o dispositivos similares (puedes ver nuestra Pol\u00edtica de Cookies en la web).<\/li><li>Aquella informaci\u00f3n que se encuentre disponible en fuentes accesibles al p\u00fablico, a la que leg\u00edtimamente podamos acceder.<\/li><li>Los datos que se deriven de la relaci\u00f3n contractual o precontractual que mantengas con nosotros, incluida tu imagen, inform\u00e1ndote siempre en este caso de la posibilidad de captarla.<\/li><li>Los que terceras personas nos proporcionen sobre ti, existiendo una base leg\u00edtima para ello o habiendo obtenido tu consentimiento para ello.<\/li><li>Los datos de terceros que t\u00fa nos facilites, previo consentimiento del tercero en cuesti\u00f3n.<\/li><\/ul>\n\n\n\n<p>Siempre ser\u00e1n los datos m\u00ednimos e imprescindibles para poder realizar la gest\u00edon que realizas con nosotros, y de la cual informamos en el apartado de finalidades para las que tratamos datos de esta pol\u00edtica de privacidad.<\/p>\n\n\n\n<h2 class=\"wp-block-heading\"><strong>\u00bfC\u00d3MO TRATAMOS LOS DATOS?<\/strong><\/h2>\n\n\n\n<p>En <strong><em>GRUPO GOIKO<\/em><\/strong> tratamos tus datos personales siempre en estricto cumplimiento de la legislaci\u00f3n vigente. Adem\u00e1s, te informamos de que contamos con las medidas t\u00e9cnicas y organizativas adecuadas para garantizar un nivel \u00f3ptimo de seguridad, garantizando con ello que solo acceder\u00e1n aquellas personas que tengan autorizaci\u00f3n, que los mantendremos \u00edntegros, evitando cualquier p\u00e9rdida intencionada o accidental y que hemos reforzado los sistemas y servicios de tratamiento de datos.<\/p>\n\n\n\n<p>Las operaciones, gestiones y procedimientos t\u00e9cnicos que realizamos de forma automatizada o no automatizada y que posibiliten la recogida, almacenamiento, modificaci\u00f3n, transferencia y otras acciones sobre datos de car\u00e1cter personal, tienen la consideraci\u00f3n de tratamiento de datos personales.<\/p>\n\n\n\n<p>Adem\u00e1s, informamos de un tratamiento conjunto de los datos por parte de las entidades del grupo detalladas en el punto 1 de esta pol\u00edtica de privacidad.<\/p>\n\n\n\n<h2 class=\"wp-block-heading\"><strong>\u00bfCU\u00c1L ES LA LEGITIMACI\u00d3N DEL TRATAMIENTO?<\/strong><\/h2>\n\n\n\n<p>La base de la legitimaci\u00f3n del tratamiento de Datos Personales ser\u00e1 la que resulte de la relaci\u00f3n contractual o precontractual, de la relaci\u00f3n laboral o de cualquier otra que se requiera para el tratamiento de datos, tales como el consentimiento expreso o un a obligaci\u00f3n legal para el responsable del tratamiento.<\/p>\n\n\n\n<h2 class=\"wp-block-heading\"><strong>\u00bfC\u00d3MO GESTIONAMOS LAS COMUNICACIONES ELECTR\u00d3NICAS?<\/strong><\/h2>\n\n\n\n<p>De conformidad con lo establecido en la Ley 34\/2002 de 11 de julio, de Servicios de la Sociedad de la Informaci\u00f3n y del Comercio Electr\u00f3nico, y la Directiva 2002\/58\/CE te informamos de que puedes recibir comunicaciones e informaci\u00f3n de \u00edndole comercial mediante este sistema de comunicaci\u00f3n electr\u00f3nica (correos electr\u00f3nicos, mensajes de respuesta automatizada de formularios y otros sistemas de comunicaci\u00f3n) cuando nos hubieras otorgado tu consentimiento o bien se trate de comunicaciones comerciales referentes a productos o servicios similares a los prestados con anterioridad por el responsable del tratamiento de tus datos.<\/p>\n\n\n\n<p>En el supuesto de que no desees recibir comunicaciones e informaciones de esta \u00edndole, nos lo puedes notificar por esta misma v\u00eda indicando en el asunto \u00abBAJA COMUNICACIONES COMERCIALES\u00bb para que tus datos personales sean dados de baja de nuestra base de datos. Tu solicitud ser\u00e1 accionada en un plazo de 1 mes desde su env\u00edo. En el supuesto de que no recibamos contestaci\u00f3n expresa por tu parte, entenderemos que aceptas y autorizas que nuestra entidad siga realizando las referidas comunicaciones<\/p>\n\n\n\n<p>En el caso de recibir dichas comunicaciones por estos medios te informamos que los mensajes se dirigen exclusivamente a su destinatario y puede contener informaci\u00f3n privilegiada o confidencial. Si no eres el destinatario indicado, te notificamos de que la utilizaci\u00f3n, divulgaci\u00f3n y\/o copia sin autorizaci\u00f3n est\u00e1 prohibida en virtud de la legislaci\u00f3n vigente.<\/p>\n\n\n\n<h2 class=\"wp-block-heading\"><strong>\u00bfCU\u00c1NTO TIEMPO CONSERVAMOS TUS DATOS?<\/strong><\/h2>\n\n\n\n<p>Los datos personales relativos a personas f\u00edsicas que desde <strong><em>GRUPO GOIKO<\/em><\/strong> recopilamos por cualquier medio, se conservar\u00e1n mientras el interesado no solicite su supresi\u00f3n. As\u00ed mismo, se conservar\u00e1n mientras se mantenga la relaci\u00f3n que origin\u00f3 el tratamiento de los datos, respetando en cualquier caso los plazos legales de conservaci\u00f3n. Concluido este per\u00edodo, los datos personales ser\u00e1n eliminados de todos los sistemas de las empresas que conforman <strong><em>GRUPO GOIKO<\/em><\/strong><\/p>\n\n\n\n<h2 class=\"wp-block-heading\"><strong>\u00bfTUS DATOS SER\u00c1N COMUNICADOS A TERCEROS?<\/strong><\/h2>\n\n\n\n<p>No habr\u00e1 cesi\u00f3n, transmisi\u00f3n o transferencia de datos personales, salvo de las que te informemos, que no sean a consecuencia de una obligaci\u00f3n legal. Si por requerimiento de la Administraci\u00f3n P\u00fablica o de las Instituciones Auton\u00f3micas en el \u00e1mbito de las funciones que la ley les atribuya expresamente, se nos solicitan tus datos, estos ser\u00e1n transmitidos.<\/p>\n\n\n\n<p>De existir una cesi\u00f3n, transmisi\u00f3n o transferencia de datos personales fuera de los casos anteriormente previstos, ser\u00e1s previamente informado para que, si procede, nos prestes tu consentimiento.<\/p>\n\n\n\n<p>Pero para poder organizarnos correctamente, tener buenas operativas y procedimientos que garanticen una buena gesti\u00f3n, desde <strong><em>GRUPO GOIKO<\/em><\/strong> puede ser necesario el tener que contratar los servicios de asesores, profesionales, u otras empresas de servicios para tratar datos bajo nuestras indicaciones. Este tratamiento por cuenta de terceros est\u00e1 regulada en un contrato que consta por escrito o de alguna otra forma legalmente admitida y que permita acreditar su celebraci\u00f3n y contenido, especificando expresamente que el encargado del tratamiento tratar\u00e1 los datos conforme a nuestras instrucciones y no los aplicar\u00e1 o usar\u00e1 con un fin distinto al que figure en dicho contrato, ni los comunicar\u00e1, ni siquiera para su conservaci\u00f3n, a otras personas.<\/p>\n\n\n\n<h2 class=\"wp-block-heading\"><strong>\u00bfCU\u00c1LES SON TUS DERECHOS?<\/strong><\/h2>\n\n\n\n<p>La normativa de protecci\u00f3n de datos le confiere los siguientes derechos:<\/p>\n\n\n\n<ul><li><strong>Derecho a revocar<\/strong> cualquier consentimiento prestado previamente.&nbsp;<\/li><li><strong>Derecho de acceso<\/strong>: Conocer qu\u00e9 tipo de datos se est\u00e1n tratando y las caracter\u00edsticas del tratamiento que se lleva a cabo.&nbsp;<\/li><li><strong>Derecho de rectificaci\u00f3n<\/strong>: Poder solicitar la modificaci\u00f3n de los datos que sean inexactos o no veraces&nbsp;<\/li><li><strong>Derecho de portabilidad<\/strong>: Poder obtener una copia en formato interoperable de los datos que est\u00e9n siendo tratados.&nbsp;<\/li><li><strong>Derecho a la limitaci\u00f3n<\/strong> del tratamiento en los casos que considere que no es necesario.&nbsp;<\/li><li><strong>Derecho de cancelaci\u00f3n<\/strong>: Solicitar el cese del tratamiento de los datos y su supresi\u00f3n cuando ya no sea necesaria su conservaci\u00f3n.<\/li><\/ul>\n\n\n\n<p>Si deseas m\u00e1s informaci\u00f3n respecto al tratamiento de tus datos, rectificar aquellos que sean inexactos, oponerse y\/o limitar alg\u00fan tratamiento que consideres que no es necesario, o solicitar la cancelaci\u00f3n del tratamiento cuando los datos ya no sean necesarios, puedes dirigirte por escrito a <strong><em>GRUPO GOIKO<\/em><\/strong> en C\/ Maestro \u00c1ngel Llorca, 6, 5\u00ba, , 28003 &#8211; Madrid (Madrid) o mediante correo electr\u00f3nico a&nbsp;dpo@goiko.com<\/p>\n\n\n\n<ul><li>Dicha comunicaci\u00f3n deber\u00e1 reflejar la siguiente informaci\u00f3n: Nombre y apellidos del usuario, la petici\u00f3n de solicitud, el domicilio y los datos acreditativos.&nbsp;<\/li><li>El ejercicio de derechos deber\u00e1 ser realizado por el propio usuario. No obstante, podr\u00e1n ser ejecutados por una persona autorizada como representante legal del autorizado. En tal caso, se deber\u00e1 aportar la documentaci\u00f3n que acredite esta representaci\u00f3n del interesado.&nbsp;<\/li><\/ul>\n\n\n\n<p>As\u00ed mismo, queremos informarte de que puedes retirar el consentimiento prestado sin que ello afecte a la licitud del tratamiento ya realizado, enviando tu solicitud a la misma direcci\u00f3n indicada en el p\u00e1rrafo anterior. En este caso, deber\u00e1s acompa\u00f1ar a tu solicitud, copia de tu DNI o documento acreditativo de tu identidad.<\/p>\n\n\n\n<p>Recordarte, adem\u00e1s, que tienes derecho a presentar una reclamaci\u00f3n ante la Agencia Espa\u00f1ola de Protecci\u00f3n de Datos (AEPD), si consideras infringidos tus derechos Protecci\u00f3n de datos C\/ Jorge Juan, 6 28001-Madrid &#8211; FAX: 914483680- TELF: 901 100 099- E-mail: ciudadano@agpd.es&nbsp;<\/p>\n\n\n\n<h2 class=\"wp-block-heading\"><strong>\u00bfCU\u00c1L ES LA FINALIDAD Y BASE DE LEGITIMACI\u00d3N PARA EL TRATAMIENTO DE LOS DATOS Y CUANTO SE CONSERVARAN LOS DATOS?<\/strong><\/h2>\n\n\n\n<p>Detallamos a continuaci\u00f3n las finalidades de los tratamientos de datos llevados a cabo por alguno, o todos, de los Responsables de Tratamiento enumerados&nbsp; con anterioridad.<\/p>\n\n\n\n<figure class=\"wp-block-table\"><table><tbody><tr><td><strong>ACTIVIDAD DE TRATAMIENTO<\/strong><\/td><td><strong>FINALIDAD DEL TRATAMIENTO<\/strong><\/td><td><strong>BASE DE LEGITIMACI\u00d3N<\/strong><\/td><td><strong>PLAZO DE CONSERVACI\u00d3N<\/strong><\/td><\/tr><tr><td>Gesti\u00f3n laboral&nbsp;<\/td><td>Gesti\u00f3n del personal para formalizaci\u00f3n de un contratro laboral, control de expedientes, gesti\u00f3n de n\u00f3minas<\/td><td>Relaci\u00f3n contractual<\/td><td>5 a\u00f1os desde la finalizaci\u00f3n del contrato<\/td><\/tr><tr><td>Gesti\u00f3n fiscal y contable<\/td><td>Tratamiento necesario para el cumplimiento de las obligaciones fiscales y contables<\/td><td>Relaci\u00f3n contractual Obligaci\u00f3n legal para el\/la responsable Intereses leg\u00edtimos prevalentes del responsable o de terceros<\/td><td>5 a\u00f1os desde la finalizaci\u00f3n del contrato El tiempo necesario para responder de obligaciones legales<\/td><\/tr><tr><td>Gesti\u00f3n de contactos<\/td><td>Tratamiento de los datos para poder mantener comunicaciones con los interesados\/as<\/td><td>Relaci\u00f3n contractual Intereses leg\u00edtimos prevalentes del responsable o de terceros Consentimiento expreso del interesado\/a<\/td><td>5 a\u00f1os desde la finalizaci\u00f3n del contrato Hasta la cancelaci\u00f3n y\/o oposici\u00f3n por parte del\/de la titular Hasta la p\u00e9rdida relevante de su uso<\/td><\/tr><tr><td>Prevenci\u00f3n de riesgos laborales<\/td><td>Cumplimiento de la legislaci\u00f3n vigente en materia de prevenci\u00f3n de riesgos laborales y vigilancia de la salud<\/td><td>Relaci\u00f3n contractual Obligaci\u00f3n legal para el\/la responsable<\/td><td>Hasta la finalizaci\u00f3n de la relaci\u00f3n contractual El plazo legalmente establecido por la normativa espec\u00edfica<\/td><\/tr><tr><td>Videovigilancia<\/td><td>Captaci\u00f3n de im\u00e1genes por el sistema de videovigilancia y\/o sistema de alarma con captaci\u00f3n de im\u00e1genes, para proteger los activos de la entidad<\/td><td>Intereses leg\u00edtimos prevalentes del responsable o de terceros<\/td><td>1 mes<\/td><\/tr><tr><td>Gesti\u00f3n de candidatos\/as a un puesto de trabajo<\/td><td>Selecci\u00f3n de personal y provisi\u00f3n de puestos de trabajo mediante gesti\u00f3n de curriculum, entrevistas personales y pruebas de valoraci\u00f3n<\/td><td>Intereses vitales del interesado\/a o de otras personas Consentimiento expreso del interesado\/a<\/td><td>M\u00e1ximo 2 a\u00f1os<\/td><\/tr><tr><td>Organizaci\u00f3n de eventos y actividades<\/td><td>Gesti\u00f3n y coordinaci\u00f3n de actividades y eventos afines a la actividad de la entidad. Control de asistencia y participantes.<\/td><td>Relaci\u00f3n contractual Consentimiento expreso del interesado\/a<\/td><td>Hasta la cancelaci\u00f3n y\/o oposici\u00f3n por parte del\/de la titular El tiempo necesario para responder de obligaciones legales<\/td><\/tr><tr><td>Comunicaci\u00f3n informativa y notificaciones<\/td><td>Difusi\u00f3n de actividades y notificaciones de informaci\u00f3n relevante relacionada con la actividad de la entidad<\/td><td>Intereses leg\u00edtimos prevalentes del responsable o de terceros Consentimiento expreso del interesado\/a<\/td><td>Hasta la cancelaci\u00f3n y\/o oposici\u00f3n por parte del\/de la titular<\/td><\/tr><tr><td>Gesti\u00f3n multimedia<\/td><td>Tratamiento de im\u00e1genes y\/o v\u00eddeos para la difusi\u00f3n en medios de comunicaci\u00f3n y redes sociales y la promoci\u00f3n de las actividades<\/td><td>Consentimiento expreso del interesado\/a<\/td><td>Hasta la cancelaci\u00f3n y\/o oposici\u00f3n por parte del\/de la titular Hasta la p\u00e9rdida relevante de su uso<\/td><\/tr><tr><td>Gesti\u00f3n de clientes<\/td><td>Tratamiento de los datos necesarios para el mantenimiento de la relaci\u00f3n comercial\/contractual con los clientes, la facturaci\u00f3n, el servicio post-venta, el env\u00edo de promociones y publicidad y la fidelizaci\u00f3n.<\/td><td>Relaci\u00f3n contractual Relaci\u00f3n comercial<\/td><td>5 a\u00f1os desde la finalizaci\u00f3n del contrato El plazo legalmente establecido por la normativa espec\u00edfica<\/td><\/tr><tr><td>Control laboral<\/td><td>Control de asistencia de los empleados\/as al puesto de trabajo (vacaciones, faltas de asistencia, registro de jornada)<\/td><td>Relaci\u00f3n contractual Obligaci\u00f3n legal para el\/la responsable Intereses leg\u00edtimos prevalentes del responsable o de terceros<\/td><td>Hasta la finalizaci\u00f3n de la relaci\u00f3n contractual<\/td><\/tr><tr><td>Gesti\u00f3n de proveedores<\/td><td>An\u00e1lisis, valoraci\u00f3n, contrataci\u00f3n, gesti\u00f3n de pedidos y gesti\u00f3n de pagos a proveedores<\/td><td>Relaci\u00f3n contractual<\/td><td>5 a\u00f1os desde la finalizaci\u00f3n del contrato El plazo legalmente establecido por la normativa espec\u00edfica<\/td><\/tr><tr><td>Gesti\u00f3n de las empresas del grupo<\/td><td>Gesti\u00f3n y mantenimiento de las empresas del grupo<\/td><td>Relaci\u00f3n contractual<\/td><td>El tiempo necesario para responder de obligaciones legales<\/td><\/tr><tr><td>Gesti\u00f3n de pedidos<\/td><td>Gesti\u00f3n y trazabilidad de los pedidos realizados a trav\u00e9s de los diferentes canales de distribuci\u00f3n del responsable<\/td><td>Relaci\u00f3n contractual Relaci\u00f3n comercial<\/td><td>Hasta la finalizaci\u00f3n de la relaci\u00f3n contractual<\/td><\/tr><tr><td>Gesti\u00f3n de potenciales clientes<\/td><td>Poder realizar las comunicaciones necesarias con posibles clientes y\/u otros interesados\/as, env\u00edo de presupuestos, tarifas, costes de productos y dem\u00e1s informaci\u00f3n solicitada previa a establecer una relaci\u00f3n contractual<\/td><td>Relaci\u00f3n comercial<\/td><td>Hasta la p\u00e9rdida relevante de su uso<\/td><\/tr><tr><td>Gesti\u00f3n de reservas<\/td><td>Datos identificativos necesarios para la gesti\u00f3n de la reserva<\/td><td>Consentimiento expreso del interesado\/a<\/td><td>El tiempo necesario para responder de obligaciones legales<\/td><\/tr><tr><td>Gesti\u00f3n APPCC<\/td><td>Cumplimiento de la normativa vigente en materia de APPCC<\/td><td>Obligaci\u00f3n legal para el\/la responsable<\/td><td>5 a\u00f1os desde la finalizaci\u00f3n del contrato<\/td><\/tr><tr><td>Organizaci\u00f3n de concursos y sorteos<\/td><td>Tratamiento de los datos identificativos y de contacto de los clientes para comunicarles si han resultado ganadores\/as del sorteo organizado por el responsable y hacerle entrega de lo sorteado.<\/td><td>Consentimiento expreso del interesado\/a<\/td><td>Hasta la cancelaci\u00f3n y\/o oposici\u00f3n por parte del\/de la titular El tiempo necesario para responder de obligaciones legales<\/td><\/tr><tr><td>Env\u00edo de publicidad&nbsp;<\/td><td>Env\u00edo de informaci\u00f3n comercial, notificaciones sobre actos y eventos de inter\u00e9s, ofertas, informaci\u00f3n sobre productos y servicios, a clientes y\/o potenciales clientes.<\/td><td>Consentimiento expreso del interesado\/a<\/td><td>Hasta la cancelaci\u00f3n y\/o oposici\u00f3n por parte del\/de la titular Hasta la p\u00e9rdida relevante de su uso<\/td><\/tr><tr><td>Comercio electr\u00f3nico<\/td><td>Elaboraci\u00f3n y gesti\u00f3n de pedidos y compras realizados a trav\u00e9s de plataformas web.<\/td><td>Relaci\u00f3n contractual Relaci\u00f3n comercial<\/td><td>5 a\u00f1os desde la finalizaci\u00f3n del contrato El plazo legalmente establecido por la normativa espec\u00edfica<\/td><\/tr><\/tbody><\/table><\/figure>\n","protected":false},"excerpt":{"rendered":"<p>Desde el GRUPO GOIKO entendemos que es esencial mantener una&#8230;<\/p>\n","protected":false},"author":1,"featured_media":0,"parent":0,"menu_order":0,"comment_status":"closed","ping_status":"closed","template":"","meta":[],"acf":[],"yoast_head":"<!-- This site is optimized with the Yoast SEO plugin v20.8 - https:\/\/yoast.com\/wordpress\/plugins\/seo\/ -->\n<title>Pol\u00edtica de privacidad - GOIKOCINA<\/title>\n<meta name=\"robots\" content=\"index, follow, max-snippet:-1, max-image-preview:large, max-video-preview:-1\" \/>\n<link rel=\"canonical\" href=\"https:\/\/www.goiko.com\/es\/goikocina\/privacidad\/\" \/>\n<meta property=\"og:locale\" content=\"es_ES\" \/>\n<meta property=\"og:type\" content=\"article\" \/>\n<meta property=\"og:title\" content=\"Pol\u00edtica de privacidad - GOIKOCINA\" \/>\n<meta property=\"og:description\" content=\"Desde el GRUPO GOIKO entendemos que es esencial mantener una...\" \/>\n<meta property=\"og:url\" content=\"https:\/\/www.goiko.com\/es\/goikocina\/privacidad\/\" \/>\n<meta property=\"og:site_name\" content=\"GOIKOCINA\" \/>\n<meta property=\"article:modified_time\" content=\"2023-03-10T09:00:08+00:00\" \/>\n<meta name=\"twitter:card\" content=\"summary_large_image\" \/>\n<meta name=\"twitter:label1\" content=\"Tiempo de lectura\" \/>\n\t<meta name=\"twitter:data1\" content=\"12 minutos\" \/>\n<script type=\"application\/ld+json\" class=\"yoast-schema-graph\">{\"@context\":\"https:\/\/schema.org\",\"@graph\":[{\"@type\":\"WebPage\",\"@id\":\"https:\/\/www.goiko.com\/es\/goikocina\/privacidad\/\",\"url\":\"https:\/\/www.goiko.com\/es\/goikocina\/privacidad\/\",\"name\":\"Pol\u00edtica de privacidad - GOIKOCINA\",\"isPartOf\":{\"@id\":\"https:\/\/www.goiko.com\/es\/goikocina\/#website\"},\"datePublished\":\"2020-12-23T16:34:52+00:00\",\"dateModified\":\"2023-03-10T09:00:08+00:00\",\"breadcrumb\":{\"@id\":\"https:\/\/www.goiko.com\/es\/goikocina\/privacidad\/#breadcrumb\"},\"inLanguage\":\"es\",\"potentialAction\":[{\"@type\":\"ReadAction\",\"target\":[\"https:\/\/www.goiko.com\/es\/goikocina\/privacidad\/\"]}]},{\"@type\":\"BreadcrumbList\",\"@id\":\"https:\/\/www.goiko.com\/es\/goikocina\/privacidad\/#breadcrumb\",\"itemListElement\":[{\"@type\":\"ListItem\",\"position\":1,\"name\":\"Portada\",\"item\":\"https:\/\/www.goiko.com\/es\/goikocina\/\"},{\"@type\":\"ListItem\",\"position\":2,\"name\":\"Pol\u00edtica de privacidad\"}]},{\"@type\":\"WebSite\",\"@id\":\"https:\/\/www.goiko.com\/es\/goikocina\/#website\",\"url\":\"https:\/\/www.goiko.com\/es\/goikocina\/\",\"name\":\"GOIKOCINA\",\"description\":\"\",\"potentialAction\":[{\"@type\":\"SearchAction\",\"target\":{\"@type\":\"EntryPoint\",\"urlTemplate\":\"https:\/\/www.goiko.com\/es\/goikocina\/?s={search_term_string}\"},\"query-input\":\"required name=search_term_string\"}],\"inLanguage\":\"es\"}]}<\/script>\n<!-- \/ Yoast SEO plugin. -->","yoast_head_json":{"title":"Pol\u00edtica de privacidad - GOIKOCINA","robots":{"index":"index","follow":"follow","max-snippet":"max-snippet:-1","max-image-preview":"max-image-preview:large","max-video-preview":"max-video-preview:-1"},"canonical":"https:\/\/www.goiko.com\/es\/goikocina\/privacidad\/","og_locale":"es_ES","og_type":"article","og_title":"Pol\u00edtica de privacidad - GOIKOCINA","og_description":"Desde el GRUPO GOIKO entendemos que es esencial mantener una...","og_url":"https:\/\/www.goiko.com\/es\/goikocina\/privacidad\/","og_site_name":"GOIKOCINA","article_modified_time":"2023-03-10T09:00:08+00:00","twitter_card":"summary_large_image","twitter_misc":{"Tiempo de lectura":"12 minutos"},"schema":{"@context":"https:\/\/schema.org","@graph":[{"@type":"WebPage","@id":"https:\/\/www.goiko.com\/es\/goikocina\/privacidad\/","url":"https:\/\/www.goiko.com\/es\/goikocina\/privacidad\/","name":"Pol\u00edtica de privacidad - GOIKOCINA","isPartOf":{"@id":"https:\/\/www.goiko.com\/es\/goikocina\/#website"},"datePublished":"2020-12-23T16:34:52+00:00","dateModified":"2023-03-10T09:00:08+00:00","breadcrumb":{"@id":"https:\/\/www.goiko.com\/es\/goikocina\/privacidad\/#breadcrumb"},"inLanguage":"es","potentialAction":[{"@type":"ReadAction","target":["https:\/\/www.goiko.com\/es\/goikocina\/privacidad\/"]}]},{"@type":"BreadcrumbList","@id":"https:\/\/www.goiko.com\/es\/goikocina\/privacidad\/#breadcrumb","itemListElement":[{"@type":"ListItem","position":1,"name":"Portada","item":"https:\/\/www.goiko.com\/es\/goikocina\/"},{"@type":"ListItem","position":2,"name":"Pol\u00edtica de privacidad"}]},{"@type":"WebSite","@id":"https:\/\/www.goiko.com\/es\/goikocina\/#website","url":"https:\/\/www.goiko.com\/es\/goikocina\/","name":"GOIKOCINA","description":"","potentialAction":[{"@type":"SearchAction","target":{"@type":"EntryPoint","urlTemplate":"https:\/\/www.goiko.com\/es\/goikocina\/?s={search_term_string}"},"query-input":"required name=search_term_string"}],"inLanguage":"es"}]}},"_links":{"self":[{"href":"https:\/\/www.goiko.com\/es\/goikocina\/wp-json\/wp\/v2\/pages\/366"}],"collection":[{"href":"https:\/\/www.goiko.com\/es\/goikocina\/wp-json\/wp\/v2\/pages"}],"about":[{"href":"https:\/\/www.goiko.com\/es\/goikocina\/wp-json\/wp\/v2\/types\/page"}],"author":[{"embeddable":true,"href":"https:\/\/www.goiko.com\/es\/goikocina\/wp-json\/wp\/v2\/users\/1"}],"replies":[{"embeddable":true,"href":"https:\/\/www.goiko.com\/es\/goikocina\/wp-json\/wp\/v2\/comments?post=366"}],"version-history":[{"count":6,"href":"https:\/\/www.goiko.com\/es\/goikocina\/wp-json\/wp\/v2\/pages\/366\/revisions"}],"predecessor-version":[{"id":580,"href":"https:\/\/www.goiko.com\/es\/goikocina\/wp-json\/wp\/v2\/pages\/366\/revisions\/580"}],"wp:attachment":[{"href":"https:\/\/www.goiko.com\/es\/goikocina\/wp-json\/wp\/v2\/media?parent=366"}],"curies":[{"name":"wp","href":"https:\/\/api.w.org\/{rel}","templated":true}]}}