{"id":5,"date":"2020-09-16T14:42:36","date_gmt":"2020-09-16T14:42:36","guid":{"rendered":"https:\/\/goikocina.com\/?page_id=5"},"modified":"2023-05-31T14:57:51","modified_gmt":"2023-05-31T14:57:51","slug":"home","status":"publish","type":"page","link":"https:\/\/www.goiko.com\/es\/goikocina\/","title":{"rendered":"Home"},"content":{"rendered":"","protected":false},"excerpt":{"rendered":"","protected":false},"author":1,"featured_media":339,"parent":0,"menu_order":0,"comment_status":"closed","ping_status":"closed","template":"","meta":[],"acf":[],"yoast_head":"<!-- This site is optimized with the Yoast SEO plugin v20.8 - https:\/\/yoast.com\/wordpress\/plugins\/seo\/ -->\n<title>GOIKOCINA - Los ingredientes m\u00e1s top ahora en tu cocina<\/title>\n<meta name=\"description\" content=\"Aqu\u00ed encontrar\u00e1s todo lo que tienes que saber sobre nuestros productos. Haz clic y convi\u00e9rtete en un experto de la Goikocina.\" \/>\n<meta name=\"robots\" content=\"index, follow, max-snippet:-1, max-image-preview:large, max-video-preview:-1\" \/>\n<link rel=\"canonical\" href=\"https:\/\/www.goiko.com\/es\/goikocina\/\" \/>\n<meta property=\"og:locale\" content=\"es_ES\" \/>\n<meta property=\"og:type\" content=\"article\" \/>\n<meta property=\"og:title\" content=\"GOIKOCINA - Los ingredientes m\u00e1s top ahora en tu cocina\" \/>\n<meta property=\"og:description\" content=\"Aqu\u00ed encontrar\u00e1s todo lo que tienes que saber sobre nuestros productos. Haz clic y convi\u00e9rtete en un experto de la Goikocina.\" \/>\n<meta property=\"og:url\" content=\"https:\/\/www.goiko.com\/es\/goikocina\/\" \/>\n<meta property=\"og:site_name\" content=\"GOIKOCINA\" \/>\n<meta property=\"article:modified_time\" content=\"2023-05-31T14:57:51+00:00\" \/>\n<meta property=\"og:image\" content=\"https:\/\/www.goiko.com\/es\/goikocina\/wp-content\/uploads\/2021\/02\/M30_Web.jpg\" \/>\n\t<meta property=\"og:image:width\" content=\"1800\" \/>\n\t<meta property=\"og:image:height\" content=\"1201\" \/>\n\t<meta property=\"og:image:type\" content=\"image\/jpeg\" \/>\n<meta name=\"twitter:card\" content=\"summary_large_image\" \/>\n<meta name=\"twitter:image\" content=\"https:\/\/www.goiko.com\/es\/goikocina\/wp-content\/uploads\/2021\/02\/M30_Web.jpg\" \/>\n<script type=\"application\/ld+json\" class=\"yoast-schema-graph\">{\"@context\":\"https:\/\/schema.org\",\"@graph\":[{\"@type\":\"WebPage\",\"@id\":\"https:\/\/www.goiko.com\/es\/goikocina\/\",\"url\":\"https:\/\/www.goiko.com\/es\/goikocina\/\",\"name\":\"GOIKOCINA - Los ingredientes m\u00e1s top ahora en tu cocina\",\"isPartOf\":{\"@id\":\"https:\/\/www.goiko.com\/es\/goikocina\/#website\"},\"datePublished\":\"2020-09-16T14:42:36+00:00\",\"dateModified\":\"2023-05-31T14:57:51+00:00\",\"description\":\"Aqu\u00ed encontrar\u00e1s todo lo que tienes que saber sobre nuestros productos. Haz clic y convi\u00e9rtete en un experto de la Goikocina.\",\"breadcrumb\":{\"@id\":\"https:\/\/www.goiko.com\/es\/goikocina\/#breadcrumb\"},\"inLanguage\":\"es\",\"potentialAction\":[{\"@type\":\"ReadAction\",\"target\":[\"https:\/\/www.goiko.com\/es\/goikocina\/\"]}]},{\"@type\":\"BreadcrumbList\",\"@id\":\"https:\/\/www.goiko.com\/es\/goikocina\/#breadcrumb\",\"itemListElement\":[{\"@type\":\"ListItem\",\"position\":1,\"name\":\"Portada\",\"item\":\"https:\/\/www.goiko.com\/es\/goikocina\/\"},{\"@type\":\"ListItem\",\"position\":2,\"name\":\"Home\"}]},{\"@type\":\"WebSite\",\"@id\":\"https:\/\/www.goiko.com\/es\/goikocina\/#website\",\"url\":\"https:\/\/www.goiko.com\/es\/goikocina\/\",\"name\":\"GOIKOCINA\",\"description\":\"\",\"potentialAction\":[{\"@type\":\"SearchAction\",\"target\":{\"@type\":\"EntryPoint\",\"urlTemplate\":\"https:\/\/www.goiko.com\/es\/goikocina\/?s={search_term_string}\"},\"query-input\":\"required name=search_term_string\"}],\"inLanguage\":\"es\"}]}<\/script>\n<!-- \/ Yoast SEO plugin. -->","yoast_head_json":{"title":"GOIKOCINA - Los ingredientes m\u00e1s top ahora en tu cocina","description":"Aqu\u00ed encontrar\u00e1s todo lo que tienes que saber sobre nuestros productos. Haz clic y convi\u00e9rtete en un experto de la Goikocina.","robots":{"index":"index","follow":"follow","max-snippet":"max-snippet:-1","max-image-preview":"max-image-preview:large","max-video-preview":"max-video-preview:-1"},"canonical":"https:\/\/www.goiko.com\/es\/goikocina\/","og_locale":"es_ES","og_type":"article","og_title":"GOIKOCINA - Los ingredientes m\u00e1s top ahora en tu cocina","og_description":"Aqu\u00ed encontrar\u00e1s todo lo que tienes que saber sobre nuestros productos. Haz clic y convi\u00e9rtete en un experto de la Goikocina.","og_url":"https:\/\/www.goiko.com\/es\/goikocina\/","og_site_name":"GOIKOCINA","article_modified_time":"2023-05-31T14:57:51+00:00","og_image":[{"width":1800,"height":1201,"url":"https:\/\/www.goiko.com\/es\/goikocina\/wp-content\/uploads\/2021\/02\/M30_Web.jpg","type":"image\/jpeg"}],"twitter_card":"summary_large_image","twitter_image":"https:\/\/www.goiko.com\/es\/goikocina\/wp-content\/uploads\/2021\/02\/M30_Web.jpg","schema":{"@context":"https:\/\/schema.org","@graph":[{"@type":"WebPage","@id":"https:\/\/www.goiko.com\/es\/goikocina\/","url":"https:\/\/www.goiko.com\/es\/goikocina\/","name":"GOIKOCINA - Los ingredientes m\u00e1s top ahora en tu cocina","isPartOf":{"@id":"https:\/\/www.goiko.com\/es\/goikocina\/#website"},"datePublished":"2020-09-16T14:42:36+00:00","dateModified":"2023-05-31T14:57:51+00:00","description":"Aqu\u00ed encontrar\u00e1s todo lo que tienes que saber sobre nuestros productos. Haz clic y convi\u00e9rtete en un experto de la Goikocina.","breadcrumb":{"@id":"https:\/\/www.goiko.com\/es\/goikocina\/#breadcrumb"},"inLanguage":"es","potentialAction":[{"@type":"ReadAction","target":["https:\/\/www.goiko.com\/es\/goikocina\/"]}]},{"@type":"BreadcrumbList","@id":"https:\/\/www.goiko.com\/es\/goikocina\/#breadcrumb","itemListElement":[{"@type":"ListItem","position":1,"name":"Portada","item":"https:\/\/www.goiko.com\/es\/goikocina\/"},{"@type":"ListItem","position":2,"name":"Home"}]},{"@type":"WebSite","@id":"https:\/\/www.goiko.com\/es\/goikocina\/#website","url":"https:\/\/www.goiko.com\/es\/goikocina\/","name":"GOIKOCINA","description":"","potentialAction":[{"@type":"SearchAction","target":{"@type":"EntryPoint","urlTemplate":"https:\/\/www.goiko.com\/es\/goikocina\/?s={search_term_string}"},"query-input":"required name=search_term_string"}],"inLanguage":"es"}]}},"_links":{"self":[{"href":"https:\/\/www.goiko.com\/es\/goikocina\/wp-json\/wp\/v2\/pages\/5"}],"collection":[{"href":"https:\/\/www.goiko.com\/es\/goikocina\/wp-json\/wp\/v2\/pages"}],"about":[{"href":"https:\/\/www.goiko.com\/es\/goikocina\/wp-json\/wp\/v2\/types\/page"}],"author":[{"embeddable":true,"href":"https:\/\/www.goiko.com\/es\/goikocina\/wp-json\/wp\/v2\/users\/1"}],"replies":[{"embeddable":true,"href":"https:\/\/www.goiko.com\/es\/goikocina\/wp-json\/wp\/v2\/comments?post=5"}],"version-history":[{"count":50,"href":"https:\/\/www.goiko.com\/es\/goikocina\/wp-json\/wp\/v2\/pages\/5\/revisions"}],"predecessor-version":[{"id":513,"href":"https:\/\/www.goiko.com\/es\/goikocina\/wp-json\/wp\/v2\/pages\/5\/revisions\/513"}],"wp:featuredmedia":[{"embeddable":true,"href":"https:\/\/www.goiko.com\/es\/goikocina\/wp-json\/wp\/v2\/media\/339"}],"wp:attachment":[{"href":"https:\/\/www.goiko.com\/es\/goikocina\/wp-json\/wp\/v2\/media?parent=5"}],"curies":[{"name":"wp","href":"https:\/\/api.w.org\/{rel}","templated":true}]}}