{"id":18446,"date":"2018-05-23T22:46:56","date_gmt":"2018-05-23T21:46:56","guid":{"rendered":"https:\/\/www.goiko.com\/?page_id=18446"},"modified":"2022-08-01T10:39:58","modified_gmt":"2022-08-01T09:39:58","slug":"aviso_legal","status":"publish","type":"page","link":"https:\/\/www.goiko.com\/es\/aviso_legal\/","title":{"rendered":"CONDICIONES DE USO DE LA WEB (Aviso Legal)"},"content":{"rendered":"<p>&nbsp;<\/p>\r\n<p><br \/>1. Condiciones de Uso y su aceptaci\u00f3n<br \/>2. Acceso y uso de la Web<br \/>3. Tratamiento de los datos de los Usuarios<br \/>4. Garant\u00edas y responsabilidad<br \/>5. Denegaci\u00f3n de acceso a la Web y\/o MEDIO DIGITAL y retirada de credenciales<br \/>6. Propiedad intelectual e industrial<br \/>7.- Ley aplicable y resoluci\u00f3n de conflictos<\/p>\r\n<p><br \/><strong>1. Condiciones de Uso y su aceptaci\u00f3n<\/strong><\/p>\r\n<p>Las presentes Condiciones regulan el uso de la Web y\/o MEDIO DIGITAL responsabilidad de GOIKO GRILL GROUP, S.L. con domicilio social en C\/ Maestro \u00c1ngel Llorca, 6, 5o , 28003 \u2013 Madrid (Madrid); sociedad inscrita en el Registro Mercantil de Madrid Tomo 35926, de la secci\u00f3n 8a, Folio 191, Hoja 645523 , inscripci\u00f3n primera, provista de CIF ESB87771945, La utilizaci\u00f3n de la Web y\/o MEDIO DIGITAL atribuye la condici\u00f3n de usuario y expresa la conformidad plena y sin reservas de \u00e9ste a todas y cada una de las condiciones generales y\/o particulares, con respecto a la versi\u00f3n publicada en el momento del acceso del Usuario. Por ello, se recomienda al Usuario que lea detenidamente su contenido.<br \/>A trav\u00e9s de la Web y\/o MEDIO DIGITAL, GOIKO facilita a los Usuarios el acceso y la utilizaci\u00f3n de diversos servicios y contenidos puestos a disposici\u00f3n por GOIKO o por terceros usuarios de la Web y\/o MEDIO DIGITAL y\/o terceros proveedores de servicios y contenidos (en adelante, los \u00abServicios\u00bb).<br \/>GOIKO se reserva el derecho a modificar unilateralmente, en cualquier momento y sin aviso previo, la presentaci\u00f3n y configuraci\u00f3n de la Web, as\u00ed como tambi\u00e9n se reserva el derecho a modificar o eliminar, en cualquier momento y sin previo aviso, los Servicios y las condiciones requeridas para acceder y\/o utilizar la Web y sus Servicios.<\/p>\r\n<p><strong>2. Acceso y uso de la Web<\/strong><br \/>2.1. Car\u00e1cter gratuito del acceso y utilizaci\u00f3n de la Web <br \/>Los Servicios prestados por medio de la Web y\/o MEDIO DIGITAL tienen car\u00e1cter gratuito para los usuarios, sin embargo, en ocasiones requerir\u00e1 el Registro en la Web y\/o MEDIO DIGITAL. El registro no est\u00e1 permitido a los menores de 16 a\u00f1os.<br \/>2.2. Obligaci\u00f3n de hacer un uso correcto de la Web y\/o MEDIO DIGITAL y de los Servicios<br \/>El Usuario se compromete a utilizar la Web y\/o MEDIO DIGITAL y los Servicios de conformidad con la Ley, con lo dispuesto en estas Condiciones, las buenas costumbres, el orden p\u00fablico, y los usos generalmente aceptados, y se obliga a abstenerse de utilizar la Web y\/o MEDIO DIGITAL y los Servicios con fines o efectos il\u00edcitos, contrarios a lo establecido en las presentes Condiciones, lesivos de los derechos e intereses y la imagen de terceros, o que de cualquier forma puedan da\u00f1ar, inutilizar, sobrecargar o deteriorar la Web y\/o MEDIO DIGITAL y los Servicios o impedir la normal utilizaci\u00f3n o disfrute de la Web y\/o MEDIO DIGITAL y sus Servicios por parte de los Usuarios.<br \/>2.3. Uso correcto de los Contenido por el Usuario<br \/>El Usuario se obliga a usar informaciones, mensajes, gr\u00e1ficos, dibujos, archivos de sonido y\/o imagen, fotograf\u00edas, grabaciones, software y, en general, cualquier clase de material accesible a trav\u00e9s del Portal o de los Servicios (en adelante, los \u00abContenidos\u00bb) de forma diligente, correcta y l\u00edcita y, en particular, se compromete a abstenerse de: <br \/>(a) Utilizar los Contenidos de forma, con fines o efectos contrarios a la ley, las buenas costumbres y los usos generalmente aceptados o al orden p\u00fablico; <br \/>(b) Suprimir, eludir o manipular los derechos de propiedad intelectual o industrial de GOIKO as\u00ed como de cualquier titular de marca, as\u00ed como el resto de datos identificativos o derechos de GOIKO o de cualquiera de sus titulares que figuren en los Contenidos, as\u00ed como los dispositivos t\u00e9cnicos de protecci\u00f3n, las huellas digitales o cualesquiera mecanismos de informaci\u00f3n que pudieren contener los Contenidos; <br \/>(c) Emplear los Contenidos y, en particular, la informaci\u00f3n de cualquier clase obtenida a trav\u00e9s de la Web y\/o MEDIO DIGITAL o de los Servicios para remitir publicidad, comunicaciones con fines de venta directa o con cualquier otra clase de finalidad comercial, mensajes no solicitados dirigidos a una pluralidad de personas con independencia de su finalidad, as\u00ed como a abstenerse de comercializar o divulgar de cualquier modo dicha informaci\u00f3n; <br \/>(d) y en especial, a realizar cualquier acto contrario a las normas que regula la protecci\u00f3n de datos de car\u00e1cter personal, el mercado, los consumidores y la Propiedad Intelectual.<br \/>El incumplimiento por el Usuario de cualquiera de estas obligaciones llevar\u00e1 aparejada la\/s acci\u00f3n\/es legales oportunas. <br \/>2.4.- Enlaces e Hiperenlaces<br \/>Los Usuarios y, en general, aquellas personas que se propongan establecer un hiperenlace entre su p\u00e1gina web y cualquiera de las p\u00e1ginas de la Web y\/o MEDIO DIGITAL o de los Servicios (en adelante, el \u00abHiperenlace\u00bb) deber\u00e1n cumplir las condiciones siguientes: <br \/>el Hiperenlace \u00fanicamente permitir\u00e1 el acceso a las p\u00e1ginas de la Web y\/o MEDIO DIGITAL y a los Servicios, pero no podr\u00e1 reproducirlos de ninguna forma; <br \/>no se establecer\u00e1n deep-links o hiperenlaces con las p\u00e1ginas de la Web y\/o MEDIO DIGITAL o los Servicios; <br \/>2.5. Responsabilidad por da\u00f1os y perjuicios<br \/>El Usuario responder\u00e1 de todos y cada uno de los da\u00f1os (presentes, probables y presumibles) y perjuicios de toda naturaleza que GOIKO pueda sufrir como consecuencia de incumplimiento de cualquiera de las obligaciones a las que queda sometido por las Condiciones, y dispuesto en los art\u00edculos aqu\u00ed recogidos.<br \/>GOIKO se reserva el derecho de incoar las acciones legales que en derecho le pudieran asistir.<\/p>\r\n<p><strong>3. Tratamiento de los datos de los Usuarios<\/strong><\/p>\r\n<p>Para acceder a y\/o utilizar algunos de los Servicios es necesario que los Usuarios proporcionen previamente a GOIKO ciertos datos de car\u00e1cter personal (en adelante, los \u00abDatos Personales\u00bb), que GOIKO tratar\u00e1 automatizadamente e incorporar\u00e1 a un fichero, con las finalidades de prestar los servicio de la Web y\/o MEDIO DIGITAL.<\/p>\r\n<p>Todas estas circunstancias ser\u00e1n previa y debidamente advertidas por GOIKO a los Usuarios, en los casos y en la forma en que ello resulta legalmente exigible.<\/p>\r\n<p>Si el Usuario facilita datos de car\u00e1cter personal de terceras personas, informar\u00e1 a dichos terceros del contenido de los datos facilitados, de la existencia y finalidad del fichero donde se contienen sus datos, de la posibilidad de ejercitar los derechos, identificar\u00e1 a GOIKO y deber\u00e1 obtener el consentimiento de dicho tercero para comunicar los datos de \u00e9ste a GOIKO.<\/p>\r\n<p>GOIKO garantiza que ha adoptado las medidas oportunas de seguridad en sus instalaciones, sistemas y ficheros. Asimismo, GOIKO garantiza la confidencialidad de los Datos Personales. Ello no obstante, GOIKO revelar\u00e1 a las autoridades p\u00fablicas competentes los Datos Personales y cualquier otra informaci\u00f3n que est\u00e9 en su poder o sea accesible a trav\u00e9s de sus sistemas y sea requerida de conformidad con las disposiciones legales y reglamentarias aplicables al caso.<\/p>\r\n<p>Los Usuarios tienen reconocidos y podr\u00e1n ejercitar los derechos de acceso, supresi\u00f3n, rectificaci\u00f3n y oposici\u00f3n, revocar su consentimiento, limitar su tratamiento y solicitar la portabilidad de sus datos en cualquier momento, contactando con GOIKO siguiendo el procedimiento para el ejercicio de derechos descrito a tal efecto en la Pol\u00edtica de Protecci\u00f3n de Datos.<\/p>\r\n<p><strong>4. Garant\u00edas y responsabilidad<\/strong><\/p>\r\n<p>4.1. Exclusi\u00f3n de garant\u00edas y de responsabilidad por el funcionamiento de la Web y\/o MEDIO DIGITAL y de los Servicios <br \/>GOIKO no garantiza la disponibilidad y continuidad en cuanto al funcionamiento de la Web y\/o MEDIO DIGITAL o a la informaci\u00f3n, contenido, software, materiales, o productos incluidos en el mismo en la medida que lo permita la legislaci\u00f3n aplicable. <br \/>De esta forma, se excluye cualquier responsabilidad por los da\u00f1os y perjuicios de cualquier naturaleza que puedan derivarse de la falta de disponibilidad o de continuidad del funcionamiento de la Web y\/o MEDIO DIGITAL y de sus servicios y la utilidad que los usuarios hubieran podido atribuir al presente sitio Web y\/o MEDIO DIGITAL.<\/p>\r\n<p>En cualquier caso, GOIKO realizar\u00e1 sus mejores esfuerzos de cara a mantener la disponibilidad continuada de la presente Web y\/o MEDIO DIGITAL.<\/p>\r\n<p>Asimismo, GOIKO no se hace responsable de los posibles errores o deficiencias de seguridad que pudieran producirse por la utilizaci\u00f3n, por parte del Usuario, de un navegador de una versi\u00f3n no actualizada o insegura, as\u00ed como por la activaci\u00f3n de los dispositivos de conservaci\u00f3n de claves o c\u00f3digos de identificaci\u00f3n del Usuario registrado en el navegador o de los da\u00f1os, errores o inexactitudes que pudieran derivarse del mal funcionamiento del mismo.<\/p>\r\n<p>GOIKO ha implantado todas las medidas de seguridad t\u00e9cnicas y organizativas necesarias que garanticen la integridad, confidencialidad y disponibilidad de los datos de car\u00e1cter personales facilitados por el usuario.<\/p>\r\n<p>El usuario acepta que la Web y\/o MEDIO DIGITAL ha sido creada y desarrollada de buena fe por GOIKO con informaci\u00f3n procedente de fuentes internas y externas y lo ofrece en su estado actual a los usuarios, pudiendo contener imprecisiones o erratas. Por ello, el usuario exonera a GOIKO de cualquier responsabilidad en relaci\u00f3n con la fiabilidad, utilidad o falsa expectativa que la Web y\/o MEDIO DIGITAL pudiera producirle durante su navegaci\u00f3n por el mismo.<\/p>\r\n<p>4.2. Exclusi\u00f3n de garant\u00edas y de responsabilidad por los servicios y contenidos alojados fuera de la Web y\/o MEDIO DIGITAL<br \/>La Web y\/o MEDIO DIGITAL podr\u00eda poner a disposici\u00f3n de los Usuarios dispositivos t\u00e9cnicos de enlace (tales como, entre otros, links, banners, botones), directorios y herramientas de b\u00fasqueda que permiten a los Usuarios acceder a sitios web pertenecientes a terceros (en adelante, \u00abSitios Enlazados\u00bb). En ese caso, la instalaci\u00f3n de estos enlaces, directorios y herramientas de b\u00fasqueda en la Web y\/o MEDIO DIGITAL tiene por \u00fanico objeto facilitar a los Usuarios la b\u00fasqueda de y acceso a la informaci\u00f3n disponible en Internet, y no presupone que exista ninguna clase de v\u00ednculo o asociaci\u00f3n entre GOIKO y los operadores de los Sitios Enlazados.<br \/>GOIKO no controla previamente, aprueba ni hace propios los servicios, informaci\u00f3n, datos, archivos, productos y cualquier clase de material existente en los Sitios Enlazados. El Usuario, por tanto, debe extremar la prudencia en la valoraci\u00f3n y utilizaci\u00f3n de los servicios, informaci\u00f3n, datos, archivos, productos y cualquier clase de material existente en los Sitios Enlazados.<br \/>GOIKO excluye plenamente su responsabilidad por cualquier da\u00f1o o perjuicio de cualquier clase que derive o pueda derivar del (a) funcionamiento, disponibilidad, accesibilidad de los servicios enlazados; (b) del mantenimiento de informaci\u00f3n, o cualquier material existente en los sitios, (c) la prestaci\u00f3n o transmisi\u00f3n de los servicios enlazados en los mismos t\u00e9rminos y con el mismo alcance recogido en la condici\u00f3n 4.2.<\/p>\r\n<p><strong>5. Propiedad intelectual e industrial<\/strong><\/p>\r\n<p>GOIKO autoriza al Usuario la utilizaci\u00f3n de los derechos de propiedad intelectual e industrial y de los secretos empresariales relativos al Software instalado en su equipo inform\u00e1tico \u00fanicamente para utilizar la Web y\/o MEDIO DIGITAL y los Servicios de conformidad con lo establecido en estas Condiciones. GOIKO no concede ninguna otra licencia o autorizaci\u00f3n de uso de ninguna clase sobre sus derechos de propiedad industrial e intelectual, secretos empresariales o sobre cualquier otra propiedad o derecho relacionado con la Web y\/o MEDIO DIGITAL, los Servicios o los Contenidos.<br \/>En el caso de que cualquier Usuario o un tercero considere que cualquiera de los Contenidos han sido introducido en la Web y\/o MEDIO DIGITAL con violaci\u00f3n de sus derechos de propiedad intelectual deber\u00e1 enviar una notificaci\u00f3n a GOIKO en la que se contengan los siguientes extremos: (a) datos personales: nombre, direcci\u00f3n, n\u00famero de tel\u00e9fono y direcci\u00f3n de correo electr\u00f3nico del reclamante; (b) firma aut\u00e9ntica o equivalente, con los datos personales del titular de los derechos de propiedad intelectual supuestamente infringidos o de la persona autorizada para actuar en nombre y por cuenta del titular de los derechos de propiedad intelectual supuestamente infringidos; (c) indicaci\u00f3n precisa y completa de los Contenidos protegidos mediante los derechos de propiedad intelectual supuestamente infringidos, as\u00ed como de su localizaci\u00f3n en la Web y\/o MEDIO DIGITAL; (d) declaraci\u00f3n expresa y clara de que la introducci\u00f3n de los Contenidos indicados se ha realizado sin el consentimiento del titular de los derechos de propiedad intelectual supuestamente infringidos; (e) declaraci\u00f3n expresa, clara y bajo la responsabilidad del reclamante de que la informaci\u00f3n proporcionada en la notificaci\u00f3n es exacta y de que la introducci\u00f3n de los contenidos constituye una violaci\u00f3n de sus derechos de propiedad intelectual.<br \/>Estas notificaciones deber\u00e1n ser enviadas a GOIKO, C\/ Maestro \u00c1ngel Llorca, 6, 5o, 28003 \u2013 Madrid (Madrid)<\/p>\r\n<p><strong>6.- Ley aplicable y resoluci\u00f3n de conflictos<\/strong><\/p>\r\n<p>Estas Condiciones se rigen por la ley espa\u00f1ola. <br \/>GOIKO y el Usuario, con renuncia expresa a cualquier otro fuero, se someten al de los Juzgados y Tribunales del domicilio social de GOIKO para cualquier controversia que pudiera derivarse de la prestaci\u00f3n de los servicios objeto de estas Condiciones. En el caso de que el Usuario tenga su domicilio fuera de Espa\u00f1a, igualmente GOIKO y el Usuario se someten, con renuncia expresa a cualquier otro fuero, a los juzgados y tribunales de la ciudad de Madrid.<\/p>\r\n\r\n<p>&nbsp;<\/p>\r\n","protected":false},"excerpt":{"rendered":"<p>&nbsp; 1. Condiciones de Uso y su aceptaci\u00f3n2. Acceso y uso de la Web3. Tratamiento de los datos de los Usuarios4. Garant\u00edas y responsabilidad5. Denegaci\u00f3n de acceso a la Web y\/o MEDIO DIGITAL y retirada de credenciales6. Propiedad intelectual e industrial7.- Ley aplicable y resoluci\u00f3n de conflictos 1. Condiciones de Uso y su aceptaci\u00f3n Las [&hellip;]<\/p>\n","protected":false},"author":1,"featured_media":28505,"parent":0,"menu_order":224,"comment_status":"closed","ping_status":"closed","template":"","meta":{"footnotes":""},"class_list":["post-18446","page","type-page","status-publish","has-post-thumbnail","hentry"],"acf":[],"yoast_head":"<!-- This site is optimized with the Yoast SEO plugin v23.8 - https:\/\/yoast.com\/wordpress\/plugins\/seo\/ -->\n<title>CONDICIONES DE USO DE LA WEB (Aviso Legal) - GOIKO<\/title>\n<meta name=\"robots\" content=\"index, follow, max-snippet:-1, max-image-preview:large, max-video-preview:-1\" \/>\n<link rel=\"canonical\" href=\"https:\/\/www.goiko.com\/es\/aviso_legal\/\" \/>\n<meta property=\"og:locale\" content=\"es_ES\" \/>\n<meta property=\"og:type\" content=\"article\" \/>\n<meta property=\"og:title\" content=\"CONDICIONES DE USO DE LA WEB (Aviso Legal) - GOIKO\" \/>\n<meta property=\"og:description\" content=\"&nbsp; 1. Condiciones de Uso y su aceptaci\u00f3n2. Acceso y uso de la Web3. Tratamiento de los datos de los Usuarios4. Garant\u00edas y responsabilidad5. Denegaci\u00f3n de acceso a la Web y\/o MEDIO DIGITAL y retirada de credenciales6. Propiedad intelectual e industrial7.- Ley aplicable y resoluci\u00f3n de conflictos 1. Condiciones de Uso y su aceptaci\u00f3n Las [&hellip;]\" \/>\n<meta property=\"og:url\" content=\"https:\/\/www.goiko.com\/es\/aviso_legal\/\" \/>\n<meta property=\"og:site_name\" content=\"GOIKO\" \/>\n<meta property=\"article:publisher\" content=\"https:\/\/www.facebook.com\/goiko\" \/>\n<meta property=\"article:modified_time\" content=\"2022-08-01T09:39:58+00:00\" \/>\n<meta property=\"og:image\" content=\"https:\/\/www.goiko.com\/es\/wp-content\/uploads\/2019\/12\/FondoLocalBorroso.jpg\" \/>\n\t<meta property=\"og:image:width\" content=\"1800\" \/>\n\t<meta property=\"og:image:height\" content=\"1201\" \/>\n\t<meta property=\"og:image:type\" content=\"image\/jpeg\" \/>\n<meta name=\"twitter:card\" content=\"summary_large_image\" \/>\n<meta name=\"twitter:site\" content=\"@goiko\" \/>\n<meta name=\"twitter:label1\" content=\"Tiempo de lectura\" \/>\n\t<meta name=\"twitter:data1\" content=\"10 minutos\" \/>\n<script type=\"application\/ld+json\" class=\"yoast-schema-graph\">{\"@context\":\"https:\/\/schema.org\",\"@graph\":[{\"@type\":\"WebPage\",\"@id\":\"https:\/\/www.goiko.com\/es\/aviso_legal\/\",\"url\":\"https:\/\/www.goiko.com\/es\/aviso_legal\/\",\"name\":\"CONDICIONES DE USO DE LA WEB (Aviso Legal) - GOIKO\",\"isPartOf\":{\"@id\":\"https:\/\/www.goiko.com\/es\/#website\"},\"primaryImageOfPage\":{\"@id\":\"https:\/\/www.goiko.com\/es\/aviso_legal\/#primaryimage\"},\"image\":{\"@id\":\"https:\/\/www.goiko.com\/es\/aviso_legal\/#primaryimage\"},\"thumbnailUrl\":\"https:\/\/www.goiko.com\/es\/wp-content\/uploads\/2019\/12\/FondoLocalBorroso.jpg\",\"datePublished\":\"2018-05-23T21:46:56+00:00\",\"dateModified\":\"2022-08-01T09:39:58+00:00\",\"breadcrumb\":{\"@id\":\"https:\/\/www.goiko.com\/es\/aviso_legal\/#breadcrumb\"},\"inLanguage\":\"es\",\"potentialAction\":[{\"@type\":\"ReadAction\",\"target\":[\"https:\/\/www.goiko.com\/es\/aviso_legal\/\"]}]},{\"@type\":\"ImageObject\",\"inLanguage\":\"es\",\"@id\":\"https:\/\/www.goiko.com\/es\/aviso_legal\/#primaryimage\",\"url\":\"https:\/\/www.goiko.com\/es\/wp-content\/uploads\/2019\/12\/FondoLocalBorroso.jpg\",\"contentUrl\":\"https:\/\/www.goiko.com\/es\/wp-content\/uploads\/2019\/12\/FondoLocalBorroso.jpg\",\"width\":1800,\"height\":1201},{\"@type\":\"BreadcrumbList\",\"@id\":\"https:\/\/www.goiko.com\/es\/aviso_legal\/#breadcrumb\",\"itemListElement\":[{\"@type\":\"ListItem\",\"position\":1,\"name\":\"Portada\",\"item\":\"https:\/\/www.goiko.com\/es\/\"},{\"@type\":\"ListItem\",\"position\":2,\"name\":\"CONDICIONES DE USO DE LA WEB (Aviso Legal)\"}]},{\"@type\":\"WebSite\",\"@id\":\"https:\/\/www.goiko.com\/es\/#website\",\"url\":\"https:\/\/www.goiko.com\/es\/\",\"name\":\"GOIKO\",\"description\":\"Chorreo Forever\",\"potentialAction\":[{\"@type\":\"SearchAction\",\"target\":{\"@type\":\"EntryPoint\",\"urlTemplate\":\"https:\/\/www.goiko.com\/es\/?s={search_term_string}\"},\"query-input\":{\"@type\":\"PropertyValueSpecification\",\"valueRequired\":true,\"valueName\":\"search_term_string\"}}],\"inLanguage\":\"es\"}]}<\/script>\n<!-- \/ Yoast SEO plugin. -->","yoast_head_json":{"title":"CONDICIONES DE USO DE LA WEB (Aviso Legal) - GOIKO","robots":{"index":"index","follow":"follow","max-snippet":"max-snippet:-1","max-image-preview":"max-image-preview:large","max-video-preview":"max-video-preview:-1"},"canonical":"https:\/\/www.goiko.com\/es\/aviso_legal\/","og_locale":"es_ES","og_type":"article","og_title":"CONDICIONES DE USO DE LA WEB (Aviso Legal) - GOIKO","og_description":"&nbsp; 1. Condiciones de Uso y su aceptaci\u00f3n2. Acceso y uso de la Web3. Tratamiento de los datos de los Usuarios4. Garant\u00edas y responsabilidad5. Denegaci\u00f3n de acceso a la Web y\/o MEDIO DIGITAL y retirada de credenciales6. Propiedad intelectual e industrial7.- Ley aplicable y resoluci\u00f3n de conflictos 1. Condiciones de Uso y su aceptaci\u00f3n Las [&hellip;]","og_url":"https:\/\/www.goiko.com\/es\/aviso_legal\/","og_site_name":"GOIKO","article_publisher":"https:\/\/www.facebook.com\/goiko","article_modified_time":"2022-08-01T09:39:58+00:00","og_image":[{"width":1800,"height":1201,"url":"https:\/\/www.goiko.com\/es\/wp-content\/uploads\/2019\/12\/FondoLocalBorroso.jpg","type":"image\/jpeg"}],"twitter_card":"summary_large_image","twitter_site":"@goiko","twitter_misc":{"Tiempo de lectura":"10 minutos"},"schema":{"@context":"https:\/\/schema.org","@graph":[{"@type":"WebPage","@id":"https:\/\/www.goiko.com\/es\/aviso_legal\/","url":"https:\/\/www.goiko.com\/es\/aviso_legal\/","name":"CONDICIONES DE USO DE LA WEB (Aviso Legal) - GOIKO","isPartOf":{"@id":"https:\/\/www.goiko.com\/es\/#website"},"primaryImageOfPage":{"@id":"https:\/\/www.goiko.com\/es\/aviso_legal\/#primaryimage"},"image":{"@id":"https:\/\/www.goiko.com\/es\/aviso_legal\/#primaryimage"},"thumbnailUrl":"https:\/\/www.goiko.com\/es\/wp-content\/uploads\/2019\/12\/FondoLocalBorroso.jpg","datePublished":"2018-05-23T21:46:56+00:00","dateModified":"2022-08-01T09:39:58+00:00","breadcrumb":{"@id":"https:\/\/www.goiko.com\/es\/aviso_legal\/#breadcrumb"},"inLanguage":"es","potentialAction":[{"@type":"ReadAction","target":["https:\/\/www.goiko.com\/es\/aviso_legal\/"]}]},{"@type":"ImageObject","inLanguage":"es","@id":"https:\/\/www.goiko.com\/es\/aviso_legal\/#primaryimage","url":"https:\/\/www.goiko.com\/es\/wp-content\/uploads\/2019\/12\/FondoLocalBorroso.jpg","contentUrl":"https:\/\/www.goiko.com\/es\/wp-content\/uploads\/2019\/12\/FondoLocalBorroso.jpg","width":1800,"height":1201},{"@type":"BreadcrumbList","@id":"https:\/\/www.goiko.com\/es\/aviso_legal\/#breadcrumb","itemListElement":[{"@type":"ListItem","position":1,"name":"Portada","item":"https:\/\/www.goiko.com\/es\/"},{"@type":"ListItem","position":2,"name":"CONDICIONES DE USO DE LA WEB (Aviso Legal)"}]},{"@type":"WebSite","@id":"https:\/\/www.goiko.com\/es\/#website","url":"https:\/\/www.goiko.com\/es\/","name":"GOIKO","description":"Chorreo Forever","potentialAction":[{"@type":"SearchAction","target":{"@type":"EntryPoint","urlTemplate":"https:\/\/www.goiko.com\/es\/?s={search_term_string}"},"query-input":{"@type":"PropertyValueSpecification","valueRequired":true,"valueName":"search_term_string"}}],"inLanguage":"es"}]}},"_links":{"self":[{"href":"https:\/\/www.goiko.com\/es\/wp-json\/wp\/v2\/pages\/18446","targetHints":{"allow":["GET"]}}],"collection":[{"href":"https:\/\/www.goiko.com\/es\/wp-json\/wp\/v2\/pages"}],"about":[{"href":"https:\/\/www.goiko.com\/es\/wp-json\/wp\/v2\/types\/page"}],"author":[{"embeddable":true,"href":"https:\/\/www.goiko.com\/es\/wp-json\/wp\/v2\/users\/1"}],"replies":[{"embeddable":true,"href":"https:\/\/www.goiko.com\/es\/wp-json\/wp\/v2\/comments?post=18446"}],"version-history":[{"count":10,"href":"https:\/\/www.goiko.com\/es\/wp-json\/wp\/v2\/pages\/18446\/revisions"}],"predecessor-version":[{"id":42670,"href":"https:\/\/www.goiko.com\/es\/wp-json\/wp\/v2\/pages\/18446\/revisions\/42670"}],"wp:featuredmedia":[{"embeddable":true,"href":"https:\/\/www.goiko.com\/es\/wp-json\/wp\/v2\/media\/28505"}],"wp:attachment":[{"href":"https:\/\/www.goiko.com\/es\/wp-json\/wp\/v2\/media?parent=18446"}],"curies":[{"name":"wp","href":"https:\/\/api.w.org\/{rel}","templated":true}]}}