{"id":21607,"date":"2019-02-11T17:50:46","date_gmt":"2019-02-11T16:50:46","guid":{"rendered":"https:\/\/www.goiko.com\/?page_id=21607"},"modified":"2019-05-07T13:15:14","modified_gmt":"2019-05-07T12:15:14","slug":"goikolab","status":"publish","type":"page","link":"https:\/\/www.goiko.com\/es\/goikolab\/","title":{"rendered":"GOIKOLAB"},"content":{"rendered":"<p class=\"pageTextBlock\">\u00bfTienes algunas ideas? Estamos ansiosos por escucharte y con muchas ganas de que aportes a las mejoras, innovaciones y creaciones locas y deliciosas que no parar\u00e1n de llegar.<br \/>\nTe invitamos a que formes parte del nuevo #GoikoLAB.<\/p>\n<p class=\"pageTextBlock\"><strong>D\u00e9janos tu nombre y correo electr\u00f3nico para participar en nuestros procesos de innovaci\u00f3n y ser de los primeros en enterarte de nuestras novedades.<\/strong><\/p>\n<p>&nbsp;<\/p>\n<h2>Forma parte del #GoikoLAB<\/h2>\n<div class=\"mailChimpForm\">\n<style type=\"text\/css\">\n\t#mc_embed_signup{background:#fff; clear:left; font:14px Helvetica,Arial,sans-serif; }<br \/><\/style>\n<div id=\"mc_embed_signup\">\n<form id=\"mc-embedded-subscribe-form\" class=\"validate\" action=\"https:\/\/goikogrill.us20.list-manage.com\/subscribe\/post?u=055a6a42845067a1e0865c58f&amp;id=f020a8efe3\" method=\"post\" name=\"mc-embedded-subscribe-form\" novalidate=\"\" target=\"_blank\">\n<div id=\"mc_embed_signup_scroll\">\n<div class=\"mc-field-group\"><label for=\"mce-FNAME\">Nombre <\/label><input id=\"mce-FNAME\" class=\"required\" name=\"FNAME\" type=\"text\" value=\"\" \/><\/div>\n<div class=\"mc-field-group\"><label for=\"mce-EMAIL\">E-mail <\/label><input id=\"mce-EMAIL\" class=\"required email\" name=\"EMAIL\" type=\"email\" value=\"\" \/><\/div>\n<div class=\"mc-field-group checkbox-field\"><label for=\"privacy1\"><input id=\"privacy1\" name=\"privacy1\" required=\"\" type=\"checkbox\" value=\"\" \/>Acepto la <a href=\"\/politica_de_privacidad\/\" target=\"_blank\" rel=\"noopener noreferrer\">pol\u00edtica de protecci\u00f3n de datos.<\/a><\/label><\/div>\n<div class=\"mc-field-group checkbox-field\"><label for=\"privacy2\"><input id=\"privacy2\" name=\"privacy2\" required=\"\" type=\"checkbox\" value=\"\" \/>Consiento el tratamiento de datos personales<\/label><\/div>\n<div class=\"mc-field-group checkbox-field\"><label for=\"privacy3\"><input id=\"privacy3\" name=\"privacy3\" required=\"\" type=\"checkbox\" value=\"\" \/>Consiento la recepci\u00f3n de comunicaciones del restaurante por e-mail<\/label><\/div>\n<div style=\"position: absolute; left: -5000px;\" aria-hidden=\"true\"><input tabindex=\"-1\" name=\"b_055a6a42845067a1e0865c58f_f020a8efe3\" type=\"text\" value=\"\" \/><\/div>\n<div class=\"clear\">\n<p class=\"allRequired\"><input id=\"mc-embedded-subscribe\" class=\"button\" name=\"subscribe\" type=\"submit\" value=\"\u00danete\" \/>Todos los campos son obligatorios.<\/p>\n<\/div>\n<\/div>\n<div id=\"mce-responses\" class=\"clear\">\n<div id=\"mce-error-response\" class=\"response\" style=\"display: none;\"><\/div>\n<div id=\"mce-success-response\" class=\"response\" style=\"display: none;\"><\/div>\n<\/div>\n<\/form>\n<\/div>\n<p><script type='text\/javascript' src='\/\/s3.amazonaws.com\/downloads.mailchimp.com\/js\/mc-validate.js'><\/script><script type='text\/javascript'>(function($) {window.fnames = new Array(); window.ftypes = new Array();fnames[1]='FNAME';ftypes[1]='text';fnames[0]='EMAIL';ftypes[0]='email'; \/*\n * Translated default messages for the $ validation plugin.\n * Locale: ES\n *\/\n$.extend($.validator.messages, {\n  required: \"Este campo es obligatorio.\",\n  remote: \"Por favor, rellena este campo.\",\n  email: \"Por favor, escribe una direcci\u00f3n de correo v\u00e1lida\",\n  url: \"Por favor, escribe una URL v\u00e1lida.\",\n  date: \"Por favor, escribe una fecha v\u00e1lida.\",\n  dateISO: \"Por favor, escribe una fecha (ISO) v\u00e1lida.\",\n  number: \"Por favor, escribe un n\u00famero entero v\u00e1lido.\",\n  digits: \"Por favor, escribe s\u00f3lo d\u00edgitos.\",\n  creditcard: \"Por favor, escribe un n\u00famero de tarjeta v\u00e1lido.\",\n  equalTo: \"Por favor, escribe el mismo valor de nuevo.\",\n  accept: \"Por favor, escribe un valor con una extensi\u00f3n aceptada.\",\n  maxlength: $.validator.format(\"Por favor, no escribas m\u00e1s de {0} caracteres.\"),\n  minlength: $.validator.format(\"Por favor, no escribas menos de {0} caracteres.\"),\n  rangelength: $.validator.format(\"Por favor, escribe un valor entre {0} y {1} caracteres.\"),\n  range: $.validator.format(\"Por favor, escribe un valor entre {0} y {1}.\"),\n  max: $.validator.format(\"Por favor, escribe un valor menor o igual a {0}.\"),\n  min: $.validator.format(\"Por favor, escribe un valor mayor o igual a {0}.\")\n});}(jQuery));var $mcj = jQuery.noConflict(true);<\/script><\/p>\n<p>&nbsp;<\/p>\n<\/div>\n<p>&nbsp;<\/p>\n<p>&nbsp;<\/p>\n","protected":false},"excerpt":{"rendered":"<p>\u00bfTienes algunas ideas? Estamos ansiosos por escucharte y con muchas ganas de que aportes a las mejoras, innovaciones y creaciones locas y deliciosas que no parar\u00e1n de llegar. Te invitamos a que formes parte del nuevo #GoikoLAB. D\u00e9janos tu nombre y correo electr\u00f3nico para participar en nuestros procesos de innovaci\u00f3n y ser de los primeros [&hellip;]<\/p>\n","protected":false},"author":1,"featured_media":0,"parent":0,"menu_order":205,"comment_status":"closed","ping_status":"closed","template":"","meta":{"footnotes":""},"class_list":["post-21607","page","type-page","status-publish","hentry"],"acf":[],"yoast_head":"<!-- This site is optimized with the Yoast SEO plugin v23.8 - https:\/\/yoast.com\/wordpress\/plugins\/seo\/ -->\n<title>GOIKOLAB - GOIKO<\/title>\n<meta name=\"robots\" content=\"index, follow, max-snippet:-1, max-image-preview:large, max-video-preview:-1\" \/>\n<link rel=\"canonical\" href=\"https:\/\/www.goiko.com\/es\/goikolab\/\" \/>\n<meta property=\"og:locale\" content=\"es_ES\" \/>\n<meta property=\"og:type\" content=\"article\" \/>\n<meta property=\"og:title\" content=\"GOIKOLAB - GOIKO\" \/>\n<meta property=\"og:description\" content=\"\u00bfTienes algunas ideas? Estamos ansiosos por escucharte y con muchas ganas de que aportes a las mejoras, innovaciones y creaciones locas y deliciosas que no parar\u00e1n de llegar. Te invitamos a que formes parte del nuevo #GoikoLAB. D\u00e9janos tu nombre y correo electr\u00f3nico para participar en nuestros procesos de innovaci\u00f3n y ser de los primeros [&hellip;]\" \/>\n<meta property=\"og:url\" content=\"https:\/\/www.goiko.com\/es\/goikolab\/\" \/>\n<meta property=\"og:site_name\" content=\"GOIKO\" \/>\n<meta property=\"article:publisher\" content=\"https:\/\/www.facebook.com\/goiko\" \/>\n<meta property=\"article:modified_time\" content=\"2019-05-07T12:15:14+00:00\" \/>\n<meta property=\"og:image\" content=\"https:\/\/www.goiko.com\/es\/wp-content\/uploads\/2017\/03\/Kevin_Web_Desktop.jpg\" \/>\n\t<meta property=\"og:image:width\" content=\"1800\" \/>\n\t<meta property=\"og:image:height\" content=\"1201\" \/>\n\t<meta property=\"og:image:type\" content=\"image\/jpeg\" \/>\n<meta name=\"twitter:card\" content=\"summary_large_image\" \/>\n<meta name=\"twitter:site\" content=\"@goiko\" \/>\n<meta name=\"twitter:label1\" content=\"Tiempo de lectura\" \/>\n\t<meta name=\"twitter:data1\" content=\"1 minuto\" \/>\n<script type=\"application\/ld+json\" class=\"yoast-schema-graph\">{\"@context\":\"https:\/\/schema.org\",\"@graph\":[{\"@type\":\"WebPage\",\"@id\":\"https:\/\/www.goiko.com\/es\/goikolab\/\",\"url\":\"https:\/\/www.goiko.com\/es\/goikolab\/\",\"name\":\"GOIKOLAB - GOIKO\",\"isPartOf\":{\"@id\":\"https:\/\/www.goiko.com\/es\/#website\"},\"datePublished\":\"2019-02-11T16:50:46+00:00\",\"dateModified\":\"2019-05-07T12:15:14+00:00\",\"breadcrumb\":{\"@id\":\"https:\/\/www.goiko.com\/es\/goikolab\/#breadcrumb\"},\"inLanguage\":\"es\",\"potentialAction\":[{\"@type\":\"ReadAction\",\"target\":[\"https:\/\/www.goiko.com\/es\/goikolab\/\"]}]},{\"@type\":\"BreadcrumbList\",\"@id\":\"https:\/\/www.goiko.com\/es\/goikolab\/#breadcrumb\",\"itemListElement\":[{\"@type\":\"ListItem\",\"position\":1,\"name\":\"Portada\",\"item\":\"https:\/\/www.goiko.com\/es\/\"},{\"@type\":\"ListItem\",\"position\":2,\"name\":\"GOIKOLAB\"}]},{\"@type\":\"WebSite\",\"@id\":\"https:\/\/www.goiko.com\/es\/#website\",\"url\":\"https:\/\/www.goiko.com\/es\/\",\"name\":\"GOIKO\",\"description\":\"Chorreo Forever\",\"potentialAction\":[{\"@type\":\"SearchAction\",\"target\":{\"@type\":\"EntryPoint\",\"urlTemplate\":\"https:\/\/www.goiko.com\/es\/?s={search_term_string}\"},\"query-input\":{\"@type\":\"PropertyValueSpecification\",\"valueRequired\":true,\"valueName\":\"search_term_string\"}}],\"inLanguage\":\"es\"}]}<\/script>\n<!-- \/ Yoast SEO plugin. -->","yoast_head_json":{"title":"GOIKOLAB - GOIKO","robots":{"index":"index","follow":"follow","max-snippet":"max-snippet:-1","max-image-preview":"max-image-preview:large","max-video-preview":"max-video-preview:-1"},"canonical":"https:\/\/www.goiko.com\/es\/goikolab\/","og_locale":"es_ES","og_type":"article","og_title":"GOIKOLAB - GOIKO","og_description":"\u00bfTienes algunas ideas? Estamos ansiosos por escucharte y con muchas ganas de que aportes a las mejoras, innovaciones y creaciones locas y deliciosas que no parar\u00e1n de llegar. Te invitamos a que formes parte del nuevo #GoikoLAB. D\u00e9janos tu nombre y correo electr\u00f3nico para participar en nuestros procesos de innovaci\u00f3n y ser de los primeros [&hellip;]","og_url":"https:\/\/www.goiko.com\/es\/goikolab\/","og_site_name":"GOIKO","article_publisher":"https:\/\/www.facebook.com\/goiko","article_modified_time":"2019-05-07T12:15:14+00:00","og_image":[{"width":1800,"height":1201,"url":"https:\/\/www.goiko.com\/es\/wp-content\/uploads\/2017\/03\/Kevin_Web_Desktop.jpg","type":"image\/jpeg"}],"twitter_card":"summary_large_image","twitter_site":"@goiko","twitter_misc":{"Tiempo de lectura":"1 minuto"},"schema":{"@context":"https:\/\/schema.org","@graph":[{"@type":"WebPage","@id":"https:\/\/www.goiko.com\/es\/goikolab\/","url":"https:\/\/www.goiko.com\/es\/goikolab\/","name":"GOIKOLAB - GOIKO","isPartOf":{"@id":"https:\/\/www.goiko.com\/es\/#website"},"datePublished":"2019-02-11T16:50:46+00:00","dateModified":"2019-05-07T12:15:14+00:00","breadcrumb":{"@id":"https:\/\/www.goiko.com\/es\/goikolab\/#breadcrumb"},"inLanguage":"es","potentialAction":[{"@type":"ReadAction","target":["https:\/\/www.goiko.com\/es\/goikolab\/"]}]},{"@type":"BreadcrumbList","@id":"https:\/\/www.goiko.com\/es\/goikolab\/#breadcrumb","itemListElement":[{"@type":"ListItem","position":1,"name":"Portada","item":"https:\/\/www.goiko.com\/es\/"},{"@type":"ListItem","position":2,"name":"GOIKOLAB"}]},{"@type":"WebSite","@id":"https:\/\/www.goiko.com\/es\/#website","url":"https:\/\/www.goiko.com\/es\/","name":"GOIKO","description":"Chorreo Forever","potentialAction":[{"@type":"SearchAction","target":{"@type":"EntryPoint","urlTemplate":"https:\/\/www.goiko.com\/es\/?s={search_term_string}"},"query-input":{"@type":"PropertyValueSpecification","valueRequired":true,"valueName":"search_term_string"}}],"inLanguage":"es"}]}},"_links":{"self":[{"href":"https:\/\/www.goiko.com\/es\/wp-json\/wp\/v2\/pages\/21607","targetHints":{"allow":["GET"]}}],"collection":[{"href":"https:\/\/www.goiko.com\/es\/wp-json\/wp\/v2\/pages"}],"about":[{"href":"https:\/\/www.goiko.com\/es\/wp-json\/wp\/v2\/types\/page"}],"author":[{"embeddable":true,"href":"https:\/\/www.goiko.com\/es\/wp-json\/wp\/v2\/users\/1"}],"replies":[{"embeddable":true,"href":"https:\/\/www.goiko.com\/es\/wp-json\/wp\/v2\/comments?post=21607"}],"version-history":[{"count":0,"href":"https:\/\/www.goiko.com\/es\/wp-json\/wp\/v2\/pages\/21607\/revisions"}],"wp:attachment":[{"href":"https:\/\/www.goiko.com\/es\/wp-json\/wp\/v2\/media?parent=21607"}],"curies":[{"name":"wp","href":"https:\/\/api.w.org\/{rel}","templated":true}]}}