{"id":23482,"date":"2019-05-15T09:47:49","date_gmt":"2019-05-15T08:47:49","guid":{"rendered":"https:\/\/www.goiko.com\/?page_id=23482"},"modified":"2025-02-10T14:49:14","modified_gmt":"2025-02-10T13:49:14","slug":"unete-al-equipo","status":"publish","type":"page","link":"https:\/\/www.goiko.com\/es\/unete-al-equipo\/","title":{"rendered":"\u00danete al Equipo"},"content":{"rendered":"\t\t<div data-elementor-type=\"wp-page\" data-elementor-id=\"23482\" class=\"elementor elementor-23482\" data-elementor-post-type=\"page\">\n\t\t\t\t\t\t<section class=\"elementor-section elementor-top-section elementor-element elementor-element-36f031ba elementor-section-boxed elementor-section-height-default elementor-section-height-default\" data-id=\"36f031ba\" data-element_type=\"section\">\n\t\t\t\t\t\t<div class=\"elementor-container elementor-column-gap-default\">\n\t\t\t\t\t<div class=\"elementor-column elementor-col-100 elementor-top-column elementor-element elementor-element-6eebb9b3\" data-id=\"6eebb9b3\" data-element_type=\"column\">\n\t\t\t<div class=\"elementor-widget-wrap elementor-element-populated\">\n\t\t\t\t\t\t<div class=\"elementor-element elementor-element-6e46e9d1 elementor-widget-mobile__width-initial elementor-widget elementor-widget-text-editor\" data-id=\"6e46e9d1\" data-element_type=\"widget\" data-widget_type=\"text-editor.default\">\n\t\t\t\t<div class=\"elementor-widget-container\">\n\t\t\t\t\t\t\t<h2 style=\"text-align: center; padding-left: 40px;\">\u00bfQUI\u00c9NES SOMOS?<\/h2><p style=\"text-align: center; padding-left: 40px;\"><a style=\"text-align: center; display: block; margin: 20px auto;\" href=\"http:\/\/goiko.viterbit.site\/\" target=\"_blank\" rel=\"noopener noreferrer\"><button style=\"margin-bottom: 20px;\">Nuestras vacantes<\/button><\/a><\/p><p style=\"text-align: center; padding-left: 40px;\"><span style=\"color: #000000; font-family: arial, sans-serif;\"><strong>GOIKO<\/strong>\u00a0es la marca pionera y l\u00edder del mercado de hamburguesas gourmet en Espa\u00f1a. Nuestra visi\u00f3n es convertirnos en la primera marca global que democratiza la experiencia de las burgers gourmet.<\/span><\/p><p style=\"text-align: center; padding-left: 40px;\"><span style=\"color: #000000; font-family: arial, sans-serif;\">En 2013, el fundador Andoni Goicoechea abri\u00f3 el primer\u00a0<strong>GOIKO\u00a0<\/strong>sin imaginar el incre\u00edble viaje que le esperaba. \u00a1Restaurantes completamente llenos, el boca a boca, el FOMO y una r\u00e1pida expansi\u00f3n no tardaron en llegar!<\/span><\/p><p style=\"text-align: center; padding-left: 40px;\"><span style=\"color: #000000; font-family: arial, sans-serif;\">En el 2018, este \u00e9xito abrumador atrajo la atenci\u00f3n de L Catterton (LVMH), que adquiri\u00f3 una participaci\u00f3n del 80%. \u00bfCu\u00e1l fue la siguiente fase? Profesionalizaci\u00f3n y expansi\u00f3n internacional.<\/span><\/p><p style=\"text-align: center; padding-left: 40px;\"><span style=\"color: #000000; font-family: arial, sans-serif;\"><strong>GOIKO\u00a0<\/strong>aceler\u00f3 su crecimiento, estableciendo presencia en Francia, y desde\u00a0<strong>2021<\/strong>, a trav\u00e9s de la joint venture WOW International Alliance, se expandi\u00f3 a Portugal, Andorra e Italia. \u00bfEl resultado? \u00a1118 restaurantes Goiko en solo 10 a\u00f1os!<\/span><\/p><p style=\"text-align: center; padding-left: 40px;\"><span style=\"color: #000000; font-family: arial, sans-serif;\" data-wp-editing=\"1\">El apetito por <strong>GOIKO<\/strong> es insaciable y sigue creciendo con m\u00e1s fuerza que nunca.\ud83c\udf54\ud83d\ude80<\/span><\/p><p style=\"text-align: center; padding-left: 40px;\"><span style=\"color: #000000; font-family: arial, sans-serif;\">Esta historia es posible gracias a las m\u00e1s de 2.000 personas que integran este proyecto y que cuentan con un POWER \u00fanico. \u263a\ufe0f<\/span><\/p><p style=\"text-align: center; padding-left: 40px;\"><span style=\"color: #000000; font-family: arial, sans-serif;\">\u00bfQuieres formar parte de esta historia?<\/span><\/p><p style=\"text-align: center; padding-left: 40px;\"><span style=\"color: #000000; font-family: arial, sans-serif;\">\u00a1Te esperamos para conocerte!<\/span><\/p><p style=\"text-align: center; padding-left: 40px;\"><a style=\"display: block; margin: 20px auto;\" href=\"http:\/\/goiko.viterbit.site\/\" target=\"_blank\" rel=\"noopener noreferrer\"><button style=\"margin-bottom: 20px; transition-property: all;\">Nuestras vacantes<\/button><\/a><\/p>\t\t\t\t\t\t<\/div>\n\t\t\t\t<\/div>\n\t\t\t\t\t<\/div>\n\t\t<\/div>\n\t\t\t\t\t<\/div>\n\t\t<\/section>\n\t\t\t\t<\/div>\n\t\t","protected":false},"excerpt":{"rendered":"<p>\u00bfQUI\u00c9NES SOMOS? Nuestras vacantes GOIKO\u00a0es la marca pionera y l\u00edder del mercado de hamburguesas gourmet en Espa\u00f1a. Nuestra visi\u00f3n es convertirnos en la primera marca global que democratiza la experiencia de las burgers gourmet. En 2013, el fundador Andoni Goicoechea abri\u00f3 el primer\u00a0GOIKO\u00a0sin imaginar el incre\u00edble viaje que le esperaba. \u00a1Restaurantes completamente llenos, el boca [&hellip;]<\/p>\n","protected":false},"author":13,"featured_media":62136,"parent":0,"menu_order":184,"comment_status":"closed","ping_status":"closed","template":"","meta":{"footnotes":""},"class_list":["post-23482","page","type-page","status-publish","has-post-thumbnail","hentry"],"acf":[],"yoast_head":"<!-- This site is optimized with the Yoast SEO plugin v23.8 - https:\/\/yoast.com\/wordpress\/plugins\/seo\/ -->\n<title>\u00danete al Equipo - GOIKO<\/title>\n<meta name=\"robots\" content=\"index, follow, max-snippet:-1, max-image-preview:large, max-video-preview:-1\" \/>\n<link rel=\"canonical\" href=\"https:\/\/www.goiko.com\/es\/unete-al-equipo\/\" \/>\n<meta property=\"og:locale\" content=\"es_ES\" \/>\n<meta property=\"og:type\" content=\"article\" \/>\n<meta property=\"og:title\" content=\"\u00danete al Equipo - GOIKO\" \/>\n<meta property=\"og:description\" content=\"\u00bfQUI\u00c9NES SOMOS? Nuestras vacantes GOIKO\u00a0es la marca pionera y l\u00edder del mercado de hamburguesas gourmet en Espa\u00f1a. Nuestra visi\u00f3n es convertirnos en la primera marca global que democratiza la experiencia de las burgers gourmet. En 2013, el fundador Andoni Goicoechea abri\u00f3 el primer\u00a0GOIKO\u00a0sin imaginar el incre\u00edble viaje que le esperaba. \u00a1Restaurantes completamente llenos, el boca [&hellip;]\" \/>\n<meta property=\"og:url\" content=\"https:\/\/www.goiko.com\/es\/unete-al-equipo\/\" \/>\n<meta property=\"og:site_name\" content=\"GOIKO\" \/>\n<meta property=\"article:publisher\" content=\"https:\/\/www.facebook.com\/goiko\" \/>\n<meta property=\"article:modified_time\" content=\"2025-02-10T13:49:14+00:00\" \/>\n<meta property=\"og:image\" content=\"https:\/\/www.goiko.com\/es\/wp-content\/uploads\/2025\/02\/Opcion-1-1.jpg\" \/>\n\t<meta property=\"og:image:width\" content=\"2376\" \/>\n\t<meta property=\"og:image:height\" content=\"1584\" \/>\n\t<meta property=\"og:image:type\" content=\"image\/jpeg\" \/>\n<meta name=\"twitter:card\" content=\"summary_large_image\" \/>\n<meta name=\"twitter:site\" content=\"@goiko\" \/>\n<meta name=\"twitter:label1\" content=\"Tiempo de lectura\" \/>\n\t<meta name=\"twitter:data1\" content=\"1 minuto\" \/>\n<script type=\"application\/ld+json\" class=\"yoast-schema-graph\">{\"@context\":\"https:\/\/schema.org\",\"@graph\":[{\"@type\":\"WebPage\",\"@id\":\"https:\/\/www.goiko.com\/es\/unete-al-equipo\/\",\"url\":\"https:\/\/www.goiko.com\/es\/unete-al-equipo\/\",\"name\":\"\u00danete al Equipo - GOIKO\",\"isPartOf\":{\"@id\":\"https:\/\/www.goiko.com\/es\/#website\"},\"primaryImageOfPage\":{\"@id\":\"https:\/\/www.goiko.com\/es\/unete-al-equipo\/#primaryimage\"},\"image\":{\"@id\":\"https:\/\/www.goiko.com\/es\/unete-al-equipo\/#primaryimage\"},\"thumbnailUrl\":\"https:\/\/www.goiko.com\/es\/wp-content\/uploads\/2025\/02\/Opcion-1-1.jpg\",\"datePublished\":\"2019-05-15T08:47:49+00:00\",\"dateModified\":\"2025-02-10T13:49:14+00:00\",\"breadcrumb\":{\"@id\":\"https:\/\/www.goiko.com\/es\/unete-al-equipo\/#breadcrumb\"},\"inLanguage\":\"es\",\"potentialAction\":[{\"@type\":\"ReadAction\",\"target\":[\"https:\/\/www.goiko.com\/es\/unete-al-equipo\/\"]}]},{\"@type\":\"ImageObject\",\"inLanguage\":\"es\",\"@id\":\"https:\/\/www.goiko.com\/es\/unete-al-equipo\/#primaryimage\",\"url\":\"https:\/\/www.goiko.com\/es\/wp-content\/uploads\/2025\/02\/Opcion-1-1.jpg\",\"contentUrl\":\"https:\/\/www.goiko.com\/es\/wp-content\/uploads\/2025\/02\/Opcion-1-1.jpg\",\"width\":2376,\"height\":1584},{\"@type\":\"BreadcrumbList\",\"@id\":\"https:\/\/www.goiko.com\/es\/unete-al-equipo\/#breadcrumb\",\"itemListElement\":[{\"@type\":\"ListItem\",\"position\":1,\"name\":\"Portada\",\"item\":\"https:\/\/www.goiko.com\/es\/\"},{\"@type\":\"ListItem\",\"position\":2,\"name\":\"\u00danete al Equipo\"}]},{\"@type\":\"WebSite\",\"@id\":\"https:\/\/www.goiko.com\/es\/#website\",\"url\":\"https:\/\/www.goiko.com\/es\/\",\"name\":\"GOIKO\",\"description\":\"Chorreo Forever\",\"potentialAction\":[{\"@type\":\"SearchAction\",\"target\":{\"@type\":\"EntryPoint\",\"urlTemplate\":\"https:\/\/www.goiko.com\/es\/?s={search_term_string}\"},\"query-input\":{\"@type\":\"PropertyValueSpecification\",\"valueRequired\":true,\"valueName\":\"search_term_string\"}}],\"inLanguage\":\"es\"}]}<\/script>\n<!-- \/ Yoast SEO plugin. -->","yoast_head_json":{"title":"\u00danete al Equipo - GOIKO","robots":{"index":"index","follow":"follow","max-snippet":"max-snippet:-1","max-image-preview":"max-image-preview:large","max-video-preview":"max-video-preview:-1"},"canonical":"https:\/\/www.goiko.com\/es\/unete-al-equipo\/","og_locale":"es_ES","og_type":"article","og_title":"\u00danete al Equipo - GOIKO","og_description":"\u00bfQUI\u00c9NES SOMOS? Nuestras vacantes GOIKO\u00a0es la marca pionera y l\u00edder del mercado de hamburguesas gourmet en Espa\u00f1a. Nuestra visi\u00f3n es convertirnos en la primera marca global que democratiza la experiencia de las burgers gourmet. En 2013, el fundador Andoni Goicoechea abri\u00f3 el primer\u00a0GOIKO\u00a0sin imaginar el incre\u00edble viaje que le esperaba. \u00a1Restaurantes completamente llenos, el boca [&hellip;]","og_url":"https:\/\/www.goiko.com\/es\/unete-al-equipo\/","og_site_name":"GOIKO","article_publisher":"https:\/\/www.facebook.com\/goiko","article_modified_time":"2025-02-10T13:49:14+00:00","og_image":[{"width":2376,"height":1584,"url":"https:\/\/www.goiko.com\/es\/wp-content\/uploads\/2025\/02\/Opcion-1-1.jpg","type":"image\/jpeg"}],"twitter_card":"summary_large_image","twitter_site":"@goiko","twitter_misc":{"Tiempo de lectura":"1 minuto"},"schema":{"@context":"https:\/\/schema.org","@graph":[{"@type":"WebPage","@id":"https:\/\/www.goiko.com\/es\/unete-al-equipo\/","url":"https:\/\/www.goiko.com\/es\/unete-al-equipo\/","name":"\u00danete al Equipo - GOIKO","isPartOf":{"@id":"https:\/\/www.goiko.com\/es\/#website"},"primaryImageOfPage":{"@id":"https:\/\/www.goiko.com\/es\/unete-al-equipo\/#primaryimage"},"image":{"@id":"https:\/\/www.goiko.com\/es\/unete-al-equipo\/#primaryimage"},"thumbnailUrl":"https:\/\/www.goiko.com\/es\/wp-content\/uploads\/2025\/02\/Opcion-1-1.jpg","datePublished":"2019-05-15T08:47:49+00:00","dateModified":"2025-02-10T13:49:14+00:00","breadcrumb":{"@id":"https:\/\/www.goiko.com\/es\/unete-al-equipo\/#breadcrumb"},"inLanguage":"es","potentialAction":[{"@type":"ReadAction","target":["https:\/\/www.goiko.com\/es\/unete-al-equipo\/"]}]},{"@type":"ImageObject","inLanguage":"es","@id":"https:\/\/www.goiko.com\/es\/unete-al-equipo\/#primaryimage","url":"https:\/\/www.goiko.com\/es\/wp-content\/uploads\/2025\/02\/Opcion-1-1.jpg","contentUrl":"https:\/\/www.goiko.com\/es\/wp-content\/uploads\/2025\/02\/Opcion-1-1.jpg","width":2376,"height":1584},{"@type":"BreadcrumbList","@id":"https:\/\/www.goiko.com\/es\/unete-al-equipo\/#breadcrumb","itemListElement":[{"@type":"ListItem","position":1,"name":"Portada","item":"https:\/\/www.goiko.com\/es\/"},{"@type":"ListItem","position":2,"name":"\u00danete al Equipo"}]},{"@type":"WebSite","@id":"https:\/\/www.goiko.com\/es\/#website","url":"https:\/\/www.goiko.com\/es\/","name":"GOIKO","description":"Chorreo Forever","potentialAction":[{"@type":"SearchAction","target":{"@type":"EntryPoint","urlTemplate":"https:\/\/www.goiko.com\/es\/?s={search_term_string}"},"query-input":{"@type":"PropertyValueSpecification","valueRequired":true,"valueName":"search_term_string"}}],"inLanguage":"es"}]}},"_links":{"self":[{"href":"https:\/\/www.goiko.com\/es\/wp-json\/wp\/v2\/pages\/23482","targetHints":{"allow":["GET"]}}],"collection":[{"href":"https:\/\/www.goiko.com\/es\/wp-json\/wp\/v2\/pages"}],"about":[{"href":"https:\/\/www.goiko.com\/es\/wp-json\/wp\/v2\/types\/page"}],"author":[{"embeddable":true,"href":"https:\/\/www.goiko.com\/es\/wp-json\/wp\/v2\/users\/13"}],"replies":[{"embeddable":true,"href":"https:\/\/www.goiko.com\/es\/wp-json\/wp\/v2\/comments?post=23482"}],"version-history":[{"count":40,"href":"https:\/\/www.goiko.com\/es\/wp-json\/wp\/v2\/pages\/23482\/revisions"}],"predecessor-version":[{"id":62156,"href":"https:\/\/www.goiko.com\/es\/wp-json\/wp\/v2\/pages\/23482\/revisions\/62156"}],"wp:featuredmedia":[{"embeddable":true,"href":"https:\/\/www.goiko.com\/es\/wp-json\/wp\/v2\/media\/62136"}],"wp:attachment":[{"href":"https:\/\/www.goiko.com\/es\/wp-json\/wp\/v2\/media?parent=23482"}],"curies":[{"name":"wp","href":"https:\/\/api.w.org\/{rel}","templated":true}]}}