{"id":27581,"date":"2019-11-27T14:51:44","date_gmt":"2019-11-27T13:51:44","guid":{"rendered":"https:\/\/www.goiko.com\/?page_id=27581"},"modified":"2023-01-27T16:01:06","modified_gmt":"2023-01-27T15:01:06","slug":"nuestra-historia","status":"publish","type":"page","link":"https:\/\/www.goiko.com\/es\/conocenos\/nuestra-historia\/","title":{"rendered":"Nuestra historia"},"content":{"rendered":"<p><strong>GOIKO<\/strong> es el lugar donde puedes dejarte llevar por el placer de las burgers m\u00e1s irresistibles y de mejor calidad, donde puedes rendirte a tus impulsos y disfrutar del chorreo sin que te importe mancharte las manos. <strong>GOIKO<\/strong> es pura autenticidad en la experiencia, de principio a fin, y un Buen Rollo al que es imposible no sumarse. Si te preguntan \u00ab\u00bfTe hace un <strong>GOIKO<\/strong>?\u00bb solo podr\u00e1s responder \u00ab<strong>F*CK YEAH!<\/strong>\u00bb<\/p>\n<h2>NUESTRA HISTORIA<\/h2>\n<p><span style=\"color: #000000;\">Nuestra historia comienza en plena crisis, en el a\u00f1o 2013, con Andoni Goicoechea, un joven venezolano de 25 a\u00f1os, de ascendencia vasca, que llega a Madrid para ejercer como M\u00e9dico Interno Residente (MIR) de la especialidad de Geriatr\u00eda en el Hospital de La Paz.<\/span><\/p>\n<p><span style=\"color: #000000;\">Con 50.000 euros prestados por su padre, Andoni decidi\u00f3 emprender su sue\u00f1o y abrir un restaurante. Se plante\u00f3 hacer una hamburgueser\u00eda gourmet, con la m\u00e1xima calidad y atenci\u00f3n, y junto a su hermana, dise\u00f1\u00f3 la primera carta. As\u00ed naci\u00f3 GOIKO<\/span>\u00ae.<\/p>\n","protected":false},"excerpt":{"rendered":"<p>GOIKO es el lugar donde puedes dejarte llevar por el placer de las burgers m\u00e1s irresistibles y de mejor calidad, donde puedes rendirte a tus impulsos y disfrutar del chorreo sin que te importe mancharte las manos. GOIKO es pura autenticidad en la experiencia, de principio a fin, y un Buen Rollo al que es [&hellip;]<\/p>\n","protected":false},"author":1,"featured_media":27609,"parent":2,"menu_order":160,"comment_status":"closed","ping_status":"closed","template":"","meta":{"footnotes":""},"class_list":["post-27581","page","type-page","status-publish","has-post-thumbnail","hentry"],"acf":[],"yoast_head":"<!-- This site is optimized with the Yoast SEO plugin v23.8 - https:\/\/yoast.com\/wordpress\/plugins\/seo\/ -->\n<title>Nuestra historia - GOIKO<\/title>\n<meta name=\"description\" content=\"Conoce la historia de Goiko desde nuestra creaci\u00f3n hasta la actualidad. Un camino de chorreo y burgers gourmet que no para de crecer.\" \/>\n<meta name=\"robots\" content=\"index, follow, max-snippet:-1, max-image-preview:large, max-video-preview:-1\" \/>\n<link rel=\"canonical\" href=\"https:\/\/www.goiko.com\/es\/conocenos\/nuestra-historia\/\" \/>\n<meta property=\"og:locale\" content=\"es_ES\" \/>\n<meta property=\"og:type\" content=\"article\" \/>\n<meta property=\"og:title\" content=\"Nuestra historia - GOIKO\" \/>\n<meta property=\"og:description\" content=\"Conoce la historia de Goiko desde nuestra creaci\u00f3n hasta la actualidad. Un camino de chorreo y burgers gourmet que no para de crecer.\" \/>\n<meta property=\"og:url\" content=\"https:\/\/www.goiko.com\/es\/conocenos\/nuestra-historia\/\" \/>\n<meta property=\"og:site_name\" content=\"GOIKO\" \/>\n<meta property=\"article:publisher\" content=\"https:\/\/www.facebook.com\/goiko\" \/>\n<meta property=\"article:modified_time\" content=\"2023-01-27T15:01:06+00:00\" \/>\n<meta property=\"og:image\" content=\"https:\/\/www.goiko.com\/es\/wp-content\/uploads\/2019\/11\/foto-principal@2x-2-scaled.jpg\" \/>\n\t<meta property=\"og:image:width\" content=\"2560\" \/>\n\t<meta property=\"og:image:height\" content=\"803\" \/>\n\t<meta property=\"og:image:type\" content=\"image\/jpeg\" \/>\n<meta name=\"twitter:card\" content=\"summary_large_image\" \/>\n<meta name=\"twitter:site\" content=\"@goiko\" \/>\n<meta name=\"twitter:label1\" content=\"Tiempo de lectura\" \/>\n\t<meta name=\"twitter:data1\" content=\"1 minuto\" \/>\n<script type=\"application\/ld+json\" class=\"yoast-schema-graph\">{\"@context\":\"https:\/\/schema.org\",\"@graph\":[{\"@type\":\"WebPage\",\"@id\":\"https:\/\/www.goiko.com\/es\/conocenos\/nuestra-historia\/\",\"url\":\"https:\/\/www.goiko.com\/es\/conocenos\/nuestra-historia\/\",\"name\":\"Nuestra historia - GOIKO\",\"isPartOf\":{\"@id\":\"https:\/\/www.goiko.com\/es\/#website\"},\"primaryImageOfPage\":{\"@id\":\"https:\/\/www.goiko.com\/es\/conocenos\/nuestra-historia\/#primaryimage\"},\"image\":{\"@id\":\"https:\/\/www.goiko.com\/es\/conocenos\/nuestra-historia\/#primaryimage\"},\"thumbnailUrl\":\"https:\/\/www.goiko.com\/es\/wp-content\/uploads\/2019\/11\/foto-principal@2x-2-scaled.jpg\",\"datePublished\":\"2019-11-27T13:51:44+00:00\",\"dateModified\":\"2023-01-27T15:01:06+00:00\",\"description\":\"Conoce la historia de Goiko desde nuestra creaci\u00f3n hasta la actualidad. Un camino de chorreo y burgers gourmet que no para de crecer.\",\"breadcrumb\":{\"@id\":\"https:\/\/www.goiko.com\/es\/conocenos\/nuestra-historia\/#breadcrumb\"},\"inLanguage\":\"es\",\"potentialAction\":[{\"@type\":\"ReadAction\",\"target\":[\"https:\/\/www.goiko.com\/es\/conocenos\/nuestra-historia\/\"]}]},{\"@type\":\"ImageObject\",\"inLanguage\":\"es\",\"@id\":\"https:\/\/www.goiko.com\/es\/conocenos\/nuestra-historia\/#primaryimage\",\"url\":\"https:\/\/www.goiko.com\/es\/wp-content\/uploads\/2019\/11\/foto-principal@2x-2-scaled.jpg\",\"contentUrl\":\"https:\/\/www.goiko.com\/es\/wp-content\/uploads\/2019\/11\/foto-principal@2x-2-scaled.jpg\",\"width\":2560,\"height\":803},{\"@type\":\"BreadcrumbList\",\"@id\":\"https:\/\/www.goiko.com\/es\/conocenos\/nuestra-historia\/#breadcrumb\",\"itemListElement\":[{\"@type\":\"ListItem\",\"position\":1,\"name\":\"Portada\",\"item\":\"https:\/\/www.goiko.com\/es\/\"},{\"@type\":\"ListItem\",\"position\":2,\"name\":\"Con\u00f3cenos\",\"item\":\"https:\/\/www.goiko.com\/es\/conocenos\/\"},{\"@type\":\"ListItem\",\"position\":3,\"name\":\"Nuestra historia\"}]},{\"@type\":\"WebSite\",\"@id\":\"https:\/\/www.goiko.com\/es\/#website\",\"url\":\"https:\/\/www.goiko.com\/es\/\",\"name\":\"GOIKO\",\"description\":\"Chorreo Forever\",\"potentialAction\":[{\"@type\":\"SearchAction\",\"target\":{\"@type\":\"EntryPoint\",\"urlTemplate\":\"https:\/\/www.goiko.com\/es\/?s={search_term_string}\"},\"query-input\":{\"@type\":\"PropertyValueSpecification\",\"valueRequired\":true,\"valueName\":\"search_term_string\"}}],\"inLanguage\":\"es\"}]}<\/script>\n<!-- \/ Yoast SEO plugin. -->","yoast_head_json":{"title":"Nuestra historia - GOIKO","description":"Conoce la historia de Goiko desde nuestra creaci\u00f3n hasta la actualidad. Un camino de chorreo y burgers gourmet que no para de crecer.","robots":{"index":"index","follow":"follow","max-snippet":"max-snippet:-1","max-image-preview":"max-image-preview:large","max-video-preview":"max-video-preview:-1"},"canonical":"https:\/\/www.goiko.com\/es\/conocenos\/nuestra-historia\/","og_locale":"es_ES","og_type":"article","og_title":"Nuestra historia - GOIKO","og_description":"Conoce la historia de Goiko desde nuestra creaci\u00f3n hasta la actualidad. Un camino de chorreo y burgers gourmet que no para de crecer.","og_url":"https:\/\/www.goiko.com\/es\/conocenos\/nuestra-historia\/","og_site_name":"GOIKO","article_publisher":"https:\/\/www.facebook.com\/goiko","article_modified_time":"2023-01-27T15:01:06+00:00","og_image":[{"width":2560,"height":803,"url":"https:\/\/www.goiko.com\/es\/wp-content\/uploads\/2019\/11\/foto-principal@2x-2-scaled.jpg","type":"image\/jpeg"}],"twitter_card":"summary_large_image","twitter_site":"@goiko","twitter_misc":{"Tiempo de lectura":"1 minuto"},"schema":{"@context":"https:\/\/schema.org","@graph":[{"@type":"WebPage","@id":"https:\/\/www.goiko.com\/es\/conocenos\/nuestra-historia\/","url":"https:\/\/www.goiko.com\/es\/conocenos\/nuestra-historia\/","name":"Nuestra historia - GOIKO","isPartOf":{"@id":"https:\/\/www.goiko.com\/es\/#website"},"primaryImageOfPage":{"@id":"https:\/\/www.goiko.com\/es\/conocenos\/nuestra-historia\/#primaryimage"},"image":{"@id":"https:\/\/www.goiko.com\/es\/conocenos\/nuestra-historia\/#primaryimage"},"thumbnailUrl":"https:\/\/www.goiko.com\/es\/wp-content\/uploads\/2019\/11\/foto-principal@2x-2-scaled.jpg","datePublished":"2019-11-27T13:51:44+00:00","dateModified":"2023-01-27T15:01:06+00:00","description":"Conoce la historia de Goiko desde nuestra creaci\u00f3n hasta la actualidad. Un camino de chorreo y burgers gourmet que no para de crecer.","breadcrumb":{"@id":"https:\/\/www.goiko.com\/es\/conocenos\/nuestra-historia\/#breadcrumb"},"inLanguage":"es","potentialAction":[{"@type":"ReadAction","target":["https:\/\/www.goiko.com\/es\/conocenos\/nuestra-historia\/"]}]},{"@type":"ImageObject","inLanguage":"es","@id":"https:\/\/www.goiko.com\/es\/conocenos\/nuestra-historia\/#primaryimage","url":"https:\/\/www.goiko.com\/es\/wp-content\/uploads\/2019\/11\/foto-principal@2x-2-scaled.jpg","contentUrl":"https:\/\/www.goiko.com\/es\/wp-content\/uploads\/2019\/11\/foto-principal@2x-2-scaled.jpg","width":2560,"height":803},{"@type":"BreadcrumbList","@id":"https:\/\/www.goiko.com\/es\/conocenos\/nuestra-historia\/#breadcrumb","itemListElement":[{"@type":"ListItem","position":1,"name":"Portada","item":"https:\/\/www.goiko.com\/es\/"},{"@type":"ListItem","position":2,"name":"Con\u00f3cenos","item":"https:\/\/www.goiko.com\/es\/conocenos\/"},{"@type":"ListItem","position":3,"name":"Nuestra historia"}]},{"@type":"WebSite","@id":"https:\/\/www.goiko.com\/es\/#website","url":"https:\/\/www.goiko.com\/es\/","name":"GOIKO","description":"Chorreo Forever","potentialAction":[{"@type":"SearchAction","target":{"@type":"EntryPoint","urlTemplate":"https:\/\/www.goiko.com\/es\/?s={search_term_string}"},"query-input":{"@type":"PropertyValueSpecification","valueRequired":true,"valueName":"search_term_string"}}],"inLanguage":"es"}]}},"_links":{"self":[{"href":"https:\/\/www.goiko.com\/es\/wp-json\/wp\/v2\/pages\/27581","targetHints":{"allow":["GET"]}}],"collection":[{"href":"https:\/\/www.goiko.com\/es\/wp-json\/wp\/v2\/pages"}],"about":[{"href":"https:\/\/www.goiko.com\/es\/wp-json\/wp\/v2\/types\/page"}],"author":[{"embeddable":true,"href":"https:\/\/www.goiko.com\/es\/wp-json\/wp\/v2\/users\/1"}],"replies":[{"embeddable":true,"href":"https:\/\/www.goiko.com\/es\/wp-json\/wp\/v2\/comments?post=27581"}],"version-history":[{"count":3,"href":"https:\/\/www.goiko.com\/es\/wp-json\/wp\/v2\/pages\/27581\/revisions"}],"predecessor-version":[{"id":43231,"href":"https:\/\/www.goiko.com\/es\/wp-json\/wp\/v2\/pages\/27581\/revisions\/43231"}],"up":[{"embeddable":true,"href":"https:\/\/www.goiko.com\/es\/wp-json\/wp\/v2\/pages\/2"}],"wp:featuredmedia":[{"embeddable":true,"href":"https:\/\/www.goiko.com\/es\/wp-json\/wp\/v2\/media\/27609"}],"wp:attachment":[{"href":"https:\/\/www.goiko.com\/es\/wp-json\/wp\/v2\/media?parent=27581"}],"curies":[{"name":"wp","href":"https:\/\/api.w.org\/{rel}","templated":true}]}}