{"id":28946,"date":"2019-12-11T16:30:10","date_gmt":"2019-12-11T15:30:10","guid":{"rendered":"https:\/\/www.goiko.com\/goiko-club-copy\/"},"modified":"2020-03-02T10:17:58","modified_gmt":"2020-03-02T09:17:58","slug":"bases-islazul","status":"publish","type":"page","link":"https:\/\/www.goiko.com\/es\/bases-islazul\/","title":{"rendered":"Sorteo apertura Islazul"},"content":{"rendered":"<h2>\u00a1Atenci\u00f3n, sorteamos 400 ENTRANTES!<\/h2>\n<p><span style=\"font-weight: 400;\">El 28 de febrero abrimos un nuevo local, esta vez en el C.C. Islazul y para celebrarlo por todo lo alto, sorteamos 400 entrantes.<\/span><\/p>\n<p><span style=\"font-weight: 400;\">Participa en el sorteo y el d\u00eda 17 de febrero sabr\u00e1s si eres uno de los ganadores.<\/span><\/p>\n<p><b>INSTRUCCIONES Y CONDICIONES OBLIGATORIAS DEL SORTEO DE 400 ENTRANTES <\/b><\/p>\n<ul>\n<li style=\"font-weight: 400;\"><span style=\"font-weight: 400;\">Para poder participar es necesario introducir los datos (nombre, apellido y correo) en el formulario del sorteo.\u00a0<\/span><\/li>\n<li style=\"font-weight: 400;\"><span style=\"font-weight: 400;\">El sorteo finaliza el 16 de febrero de 2020 a las 23:59.\u00a0<\/span><\/li>\n<li style=\"font-weight: 400;\"><span style=\"font-weight: 400;\">Los ganadores recibir\u00e1n un correo con un c\u00f3digo de reserva v\u00e1lido para canjear por el premio.<\/span><\/li>\n<li style=\"font-weight: 400;\"><span style=\"font-weight: 400;\">El c\u00f3digo incluye: 1 entrante gratis (menos los nachos de Daniela) por cada dos hamburguesas consumidas.<\/span><\/li>\n<li style=\"font-weight: 400;\"><span style=\"font-weight: 400;\">Para poder canjear el c\u00f3digo es indispensable hacer una reserva a trav\u00e9s de la web goiko.com e introducir el c\u00f3digo en el campo \u201c\u00bfTiene alg\u00fan c\u00f3digo para canjear?\u201d.<\/span><\/li>\n<li style=\"font-weight: 400;\"><span style=\"font-weight: 400;\">El c\u00f3digo es v\u00e1lido para 1 sola reserva de m\u00e1ximo 4 personas. Si la reserva superara este n\u00famero de comensales, solo se servir\u00e1 un m\u00e1ximo de 2 entrantes gratis por reserva.<\/span><\/li>\n<li style=\"font-weight: 400;\"><span style=\"font-weight: 400;\">La persona titular de la promoci\u00f3n es aquella que aparece en los datos de la reserva. Esta reserva es personal e intransferible.<\/span><\/li>\n<li style=\"font-weight: 400;\"><span style=\"font-weight: 400;\">Este c\u00f3digo <\/span><b>no es v\u00e1lido con el men\u00fa del d\u00eda.\u00a0<\/b><\/li>\n<li style=\"font-weight: 400;\"><span style=\"font-weight: 400;\">La reserva es para la cantidad de personas seleccionadas durante el proceso de reserva.<\/span><\/li>\n<li style=\"font-weight: 400;\"><span style=\"font-weight: 400;\">No es compatible con otras ofertas. No es v\u00e1lido para delivery ni takeaway. No tiene valor comercial. Otras condiciones aplican.<\/span><\/li>\n<\/ul>\n","protected":false},"excerpt":{"rendered":"<p>\u00a1Atenci\u00f3n, sorteamos 400 ENTRANTES! El 28 de febrero abrimos un nuevo local, esta vez en el C.C. Islazul y para celebrarlo por todo lo alto, sorteamos 400 entrantes. Participa en el sorteo y el d\u00eda 17 de febrero sabr\u00e1s si eres uno de los ganadores. INSTRUCCIONES Y CONDICIONES OBLIGATORIAS DEL SORTEO DE 400 ENTRANTES Para [&hellip;]<\/p>\n","protected":false},"author":1,"featured_media":28151,"parent":0,"menu_order":154,"comment_status":"closed","ping_status":"closed","template":"templates\/template-baseslegales.php","meta":{"footnotes":""},"class_list":["post-28946","page","type-page","status-publish","has-post-thumbnail","hentry"],"acf":[],"yoast_head":"<!-- This site is optimized with the Yoast SEO plugin v23.8 - https:\/\/yoast.com\/wordpress\/plugins\/seo\/ -->\n<title>Sorteo apertura Islazul - GOIKO<\/title>\n<meta name=\"robots\" content=\"index, follow, max-snippet:-1, max-image-preview:large, max-video-preview:-1\" \/>\n<link rel=\"canonical\" href=\"https:\/\/www.goiko.com\/es\/bases-islazul\/\" \/>\n<meta property=\"og:locale\" content=\"es_ES\" \/>\n<meta property=\"og:type\" content=\"article\" \/>\n<meta property=\"og:title\" content=\"Sorteo apertura Islazul - GOIKO\" \/>\n<meta property=\"og:description\" content=\"\u00a1Atenci\u00f3n, sorteamos 400 ENTRANTES! El 28 de febrero abrimos un nuevo local, esta vez en el C.C. Islazul y para celebrarlo por todo lo alto, sorteamos 400 entrantes. Participa en el sorteo y el d\u00eda 17 de febrero sabr\u00e1s si eres uno de los ganadores. INSTRUCCIONES Y CONDICIONES OBLIGATORIAS DEL SORTEO DE 400 ENTRANTES Para [&hellip;]\" \/>\n<meta property=\"og:url\" content=\"https:\/\/www.goiko.com\/es\/bases-islazul\/\" \/>\n<meta property=\"og:site_name\" content=\"GOIKO\" \/>\n<meta property=\"article:publisher\" content=\"https:\/\/www.facebook.com\/goiko\" \/>\n<meta property=\"article:modified_time\" content=\"2020-03-02T09:17:58+00:00\" \/>\n<meta property=\"og:image\" content=\"https:\/\/www.goiko.com\/es\/wp-content\/uploads\/2019\/11\/GaleriaHome_Pigma.jpg\" \/>\n\t<meta property=\"og:image:width\" content=\"1800\" \/>\n\t<meta property=\"og:image:height\" content=\"1200\" \/>\n\t<meta property=\"og:image:type\" content=\"image\/jpeg\" \/>\n<meta name=\"twitter:card\" content=\"summary_large_image\" \/>\n<meta name=\"twitter:site\" content=\"@goiko\" \/>\n<meta name=\"twitter:label1\" content=\"Tiempo de lectura\" \/>\n\t<meta name=\"twitter:data1\" content=\"1 minuto\" \/>\n<script type=\"application\/ld+json\" class=\"yoast-schema-graph\">{\"@context\":\"https:\/\/schema.org\",\"@graph\":[{\"@type\":\"WebPage\",\"@id\":\"https:\/\/www.goiko.com\/es\/bases-islazul\/\",\"url\":\"https:\/\/www.goiko.com\/es\/bases-islazul\/\",\"name\":\"Sorteo apertura Islazul - GOIKO\",\"isPartOf\":{\"@id\":\"https:\/\/www.goiko.com\/es\/#website\"},\"primaryImageOfPage\":{\"@id\":\"https:\/\/www.goiko.com\/es\/bases-islazul\/#primaryimage\"},\"image\":{\"@id\":\"https:\/\/www.goiko.com\/es\/bases-islazul\/#primaryimage\"},\"thumbnailUrl\":\"https:\/\/www.goiko.com\/es\/wp-content\/uploads\/2019\/11\/GaleriaHome_Pigma.jpg\",\"datePublished\":\"2019-12-11T15:30:10+00:00\",\"dateModified\":\"2020-03-02T09:17:58+00:00\",\"breadcrumb\":{\"@id\":\"https:\/\/www.goiko.com\/es\/bases-islazul\/#breadcrumb\"},\"inLanguage\":\"es\",\"potentialAction\":[{\"@type\":\"ReadAction\",\"target\":[\"https:\/\/www.goiko.com\/es\/bases-islazul\/\"]}]},{\"@type\":\"ImageObject\",\"inLanguage\":\"es\",\"@id\":\"https:\/\/www.goiko.com\/es\/bases-islazul\/#primaryimage\",\"url\":\"https:\/\/www.goiko.com\/es\/wp-content\/uploads\/2019\/11\/GaleriaHome_Pigma.jpg\",\"contentUrl\":\"https:\/\/www.goiko.com\/es\/wp-content\/uploads\/2019\/11\/GaleriaHome_Pigma.jpg\",\"width\":1800,\"height\":1200,\"caption\":\"Pigma\"},{\"@type\":\"BreadcrumbList\",\"@id\":\"https:\/\/www.goiko.com\/es\/bases-islazul\/#breadcrumb\",\"itemListElement\":[{\"@type\":\"ListItem\",\"position\":1,\"name\":\"Portada\",\"item\":\"https:\/\/www.goiko.com\/es\/\"},{\"@type\":\"ListItem\",\"position\":2,\"name\":\"Sorteo apertura Islazul\"}]},{\"@type\":\"WebSite\",\"@id\":\"https:\/\/www.goiko.com\/es\/#website\",\"url\":\"https:\/\/www.goiko.com\/es\/\",\"name\":\"GOIKO\",\"description\":\"Chorreo Forever\",\"potentialAction\":[{\"@type\":\"SearchAction\",\"target\":{\"@type\":\"EntryPoint\",\"urlTemplate\":\"https:\/\/www.goiko.com\/es\/?s={search_term_string}\"},\"query-input\":{\"@type\":\"PropertyValueSpecification\",\"valueRequired\":true,\"valueName\":\"search_term_string\"}}],\"inLanguage\":\"es\"}]}<\/script>\n<!-- \/ Yoast SEO plugin. -->","yoast_head_json":{"title":"Sorteo apertura Islazul - GOIKO","robots":{"index":"index","follow":"follow","max-snippet":"max-snippet:-1","max-image-preview":"max-image-preview:large","max-video-preview":"max-video-preview:-1"},"canonical":"https:\/\/www.goiko.com\/es\/bases-islazul\/","og_locale":"es_ES","og_type":"article","og_title":"Sorteo apertura Islazul - GOIKO","og_description":"\u00a1Atenci\u00f3n, sorteamos 400 ENTRANTES! El 28 de febrero abrimos un nuevo local, esta vez en el C.C. Islazul y para celebrarlo por todo lo alto, sorteamos 400 entrantes. Participa en el sorteo y el d\u00eda 17 de febrero sabr\u00e1s si eres uno de los ganadores. INSTRUCCIONES Y CONDICIONES OBLIGATORIAS DEL SORTEO DE 400 ENTRANTES Para [&hellip;]","og_url":"https:\/\/www.goiko.com\/es\/bases-islazul\/","og_site_name":"GOIKO","article_publisher":"https:\/\/www.facebook.com\/goiko","article_modified_time":"2020-03-02T09:17:58+00:00","og_image":[{"width":1800,"height":1200,"url":"https:\/\/www.goiko.com\/es\/wp-content\/uploads\/2019\/11\/GaleriaHome_Pigma.jpg","type":"image\/jpeg"}],"twitter_card":"summary_large_image","twitter_site":"@goiko","twitter_misc":{"Tiempo de lectura":"1 minuto"},"schema":{"@context":"https:\/\/schema.org","@graph":[{"@type":"WebPage","@id":"https:\/\/www.goiko.com\/es\/bases-islazul\/","url":"https:\/\/www.goiko.com\/es\/bases-islazul\/","name":"Sorteo apertura Islazul - GOIKO","isPartOf":{"@id":"https:\/\/www.goiko.com\/es\/#website"},"primaryImageOfPage":{"@id":"https:\/\/www.goiko.com\/es\/bases-islazul\/#primaryimage"},"image":{"@id":"https:\/\/www.goiko.com\/es\/bases-islazul\/#primaryimage"},"thumbnailUrl":"https:\/\/www.goiko.com\/es\/wp-content\/uploads\/2019\/11\/GaleriaHome_Pigma.jpg","datePublished":"2019-12-11T15:30:10+00:00","dateModified":"2020-03-02T09:17:58+00:00","breadcrumb":{"@id":"https:\/\/www.goiko.com\/es\/bases-islazul\/#breadcrumb"},"inLanguage":"es","potentialAction":[{"@type":"ReadAction","target":["https:\/\/www.goiko.com\/es\/bases-islazul\/"]}]},{"@type":"ImageObject","inLanguage":"es","@id":"https:\/\/www.goiko.com\/es\/bases-islazul\/#primaryimage","url":"https:\/\/www.goiko.com\/es\/wp-content\/uploads\/2019\/11\/GaleriaHome_Pigma.jpg","contentUrl":"https:\/\/www.goiko.com\/es\/wp-content\/uploads\/2019\/11\/GaleriaHome_Pigma.jpg","width":1800,"height":1200,"caption":"Pigma"},{"@type":"BreadcrumbList","@id":"https:\/\/www.goiko.com\/es\/bases-islazul\/#breadcrumb","itemListElement":[{"@type":"ListItem","position":1,"name":"Portada","item":"https:\/\/www.goiko.com\/es\/"},{"@type":"ListItem","position":2,"name":"Sorteo apertura Islazul"}]},{"@type":"WebSite","@id":"https:\/\/www.goiko.com\/es\/#website","url":"https:\/\/www.goiko.com\/es\/","name":"GOIKO","description":"Chorreo Forever","potentialAction":[{"@type":"SearchAction","target":{"@type":"EntryPoint","urlTemplate":"https:\/\/www.goiko.com\/es\/?s={search_term_string}"},"query-input":{"@type":"PropertyValueSpecification","valueRequired":true,"valueName":"search_term_string"}}],"inLanguage":"es"}]}},"_links":{"self":[{"href":"https:\/\/www.goiko.com\/es\/wp-json\/wp\/v2\/pages\/28946","targetHints":{"allow":["GET"]}}],"collection":[{"href":"https:\/\/www.goiko.com\/es\/wp-json\/wp\/v2\/pages"}],"about":[{"href":"https:\/\/www.goiko.com\/es\/wp-json\/wp\/v2\/types\/page"}],"author":[{"embeddable":true,"href":"https:\/\/www.goiko.com\/es\/wp-json\/wp\/v2\/users\/1"}],"replies":[{"embeddable":true,"href":"https:\/\/www.goiko.com\/es\/wp-json\/wp\/v2\/comments?post=28946"}],"version-history":[{"count":0,"href":"https:\/\/www.goiko.com\/es\/wp-json\/wp\/v2\/pages\/28946\/revisions"}],"wp:featuredmedia":[{"embeddable":true,"href":"https:\/\/www.goiko.com\/es\/wp-json\/wp\/v2\/media\/28151"}],"wp:attachment":[{"href":"https:\/\/www.goiko.com\/es\/wp-json\/wp\/v2\/media?parent=28946"}],"curies":[{"name":"wp","href":"https:\/\/api.w.org\/{rel}","templated":true}]}}