{"id":35864,"date":"2021-02-05T14:59:46","date_gmt":"2021-02-05T13:59:46","guid":{"rendered":"https:\/\/www.goiko.com\/black-friday-goiko-t-copy\/"},"modified":"2021-03-30T18:52:48","modified_gmt":"2021-03-30T17:52:48","slug":"mucho-kevin-2021","status":"publish","type":"page","link":"https:\/\/www.goiko.com\/es\/mucho-kevin-2021\/","title":{"rendered":"MUCHO KEVIN"},"content":{"rendered":"<p style=\"text-align: center;\"><strong>Si conoces Goiko, conoces a Kevin<\/strong> \ud83c\udf54<\/p>\n<p style=\"text-align: center;\"><strong>El<\/strong> <strong>primer amor fue Kevin Bacon y despu\u00e9s se uni\u00f3 Kevin Costner<\/strong> (con su carne picada a lo Kevin, bacon bits, cebolla crunchy y queso americano m\u00e1s costilla desmenuzada y salsa barbacoa).<\/p>\n<p style=\"text-align: center;\">Peeeero la familia NO acababa ah\u00ed\u2026 <strong>\u00a1Llega KEVIN CHICK! \ud83d\ude0e <\/strong>Tu Kevin de pollo empanado picado, bacon bits, cebolla crunchy y queso americano\u2026\ud83d\udd25<\/p>\n<p style=\"text-align: center;\">\u00a1WOW! Este tr\u00edo de burgers va a hacer que no pares de gritar: \u00a1KEEEEVIIIIIIN! \ud83e\udd24<\/p>\n<p style=\"text-align: center;\">Pru\u00e9balas <strong>en sala, delivery y take away hasta el 30 de mayo<\/strong> (salvo la Kevin Bacon, que vivir\u00e1 con nosotros para siempre WOOOHOOO) \u26a1\ufe0f<\/p>\n<p style=\"text-align: center;\">No te pierdas el v\u00eddeo super COOL de la Kevin Chick&#8230; Check it OUT!<\/p>\n<p style=\"text-align: center;\"><a class=\"takeaway-link\" style=\"text-align: center; display: block; margin: 20px auto;\" href=\"https:\/\/www.goiko.com\/reservas\/\" target=\"_blank\" rel=\"noopener noreferrer\"><button>\u00a1Kevin, ven a m\u00ed!<\/button><\/a><\/p>\n<p style=\"text-align: center;\">\n","protected":false},"excerpt":{"rendered":"<p>Si conoces Goiko, conoces a Kevin \ud83c\udf54 El primer amor fue Kevin Bacon y despu\u00e9s se uni\u00f3 Kevin Costner (con su carne picada a lo Kevin, bacon bits, cebolla crunchy y queso americano m\u00e1s costilla desmenuzada y salsa barbacoa). Peeeero la familia NO acababa ah\u00ed\u2026 \u00a1Llega KEVIN CHICK! \ud83d\ude0e Tu Kevin de pollo empanado picado, [&hellip;]<\/p>\n","protected":false},"author":1,"featured_media":35812,"parent":0,"menu_order":101,"comment_status":"closed","ping_status":"closed","template":"","meta":{"footnotes":""},"class_list":["post-35864","page","type-page","status-publish","has-post-thumbnail","hentry"],"acf":[],"yoast_head":"<!-- This site is optimized with the Yoast SEO plugin v23.8 - https:\/\/yoast.com\/wordpress\/plugins\/seo\/ -->\n<title>MUCHO KEVIN - GOIKO<\/title>\n<meta name=\"description\" content=\"El primer amor fue Kevin Bacon y despu\u00e9s se uni\u00f3 Kevin Costner. \u00a1Ahora llega KEVIN CHICK! Tu hamburguesa tipo Kevin de pollo empanado picado, bacon bits, cebolla crunchy y queso americano.\" \/>\n<meta name=\"robots\" content=\"index, follow, max-snippet:-1, max-image-preview:large, max-video-preview:-1\" \/>\n<link rel=\"canonical\" href=\"https:\/\/www.goiko.com\/es\/mucho-kevin-2021\/\" \/>\n<meta property=\"og:locale\" content=\"es_ES\" \/>\n<meta property=\"og:type\" content=\"article\" \/>\n<meta property=\"og:title\" content=\"MUCHO KEVIN - GOIKO\" \/>\n<meta property=\"og:description\" content=\"El primer amor fue Kevin Bacon y despu\u00e9s se uni\u00f3 Kevin Costner. \u00a1Ahora llega KEVIN CHICK! Tu hamburguesa tipo Kevin de pollo empanado picado, bacon bits, cebolla crunchy y queso americano.\" \/>\n<meta property=\"og:url\" content=\"https:\/\/www.goiko.com\/es\/mucho-kevin-2021\/\" \/>\n<meta property=\"og:site_name\" content=\"GOIKO\" \/>\n<meta property=\"article:publisher\" content=\"https:\/\/www.facebook.com\/goiko\" \/>\n<meta property=\"article:modified_time\" content=\"2021-03-30T17:52:48+00:00\" \/>\n<meta property=\"og:image\" content=\"https:\/\/www.goiko.com\/es\/wp-content\/uploads\/2021\/02\/Carrusel_Desktop_1200x800_MuchoKevin.jpg\" \/>\n\t<meta property=\"og:image:width\" content=\"1200\" \/>\n\t<meta property=\"og:image:height\" content=\"800\" \/>\n\t<meta property=\"og:image:type\" content=\"image\/jpeg\" \/>\n<meta name=\"twitter:card\" content=\"summary_large_image\" \/>\n<meta name=\"twitter:site\" content=\"@goiko\" \/>\n<meta name=\"twitter:label1\" content=\"Tiempo de lectura\" \/>\n\t<meta name=\"twitter:data1\" content=\"1 minuto\" \/>\n<script type=\"application\/ld+json\" class=\"yoast-schema-graph\">{\"@context\":\"https:\/\/schema.org\",\"@graph\":[{\"@type\":\"WebPage\",\"@id\":\"https:\/\/www.goiko.com\/es\/mucho-kevin-2021\/\",\"url\":\"https:\/\/www.goiko.com\/es\/mucho-kevin-2021\/\",\"name\":\"MUCHO KEVIN - GOIKO\",\"isPartOf\":{\"@id\":\"https:\/\/www.goiko.com\/es\/#website\"},\"primaryImageOfPage\":{\"@id\":\"https:\/\/www.goiko.com\/es\/mucho-kevin-2021\/#primaryimage\"},\"image\":{\"@id\":\"https:\/\/www.goiko.com\/es\/mucho-kevin-2021\/#primaryimage\"},\"thumbnailUrl\":\"https:\/\/www.goiko.com\/es\/wp-content\/uploads\/2021\/02\/Carrusel_Desktop_1200x800_MuchoKevin.jpg\",\"datePublished\":\"2021-02-05T13:59:46+00:00\",\"dateModified\":\"2021-03-30T17:52:48+00:00\",\"description\":\"El primer amor fue Kevin Bacon y despu\u00e9s se uni\u00f3 Kevin Costner. \u00a1Ahora llega KEVIN CHICK! Tu hamburguesa tipo Kevin de pollo empanado picado, bacon bits, cebolla crunchy y queso americano.\",\"breadcrumb\":{\"@id\":\"https:\/\/www.goiko.com\/es\/mucho-kevin-2021\/#breadcrumb\"},\"inLanguage\":\"es\",\"potentialAction\":[{\"@type\":\"ReadAction\",\"target\":[\"https:\/\/www.goiko.com\/es\/mucho-kevin-2021\/\"]}]},{\"@type\":\"ImageObject\",\"inLanguage\":\"es\",\"@id\":\"https:\/\/www.goiko.com\/es\/mucho-kevin-2021\/#primaryimage\",\"url\":\"https:\/\/www.goiko.com\/es\/wp-content\/uploads\/2021\/02\/Carrusel_Desktop_1200x800_MuchoKevin.jpg\",\"contentUrl\":\"https:\/\/www.goiko.com\/es\/wp-content\/uploads\/2021\/02\/Carrusel_Desktop_1200x800_MuchoKevin.jpg\",\"width\":1200,\"height\":800},{\"@type\":\"BreadcrumbList\",\"@id\":\"https:\/\/www.goiko.com\/es\/mucho-kevin-2021\/#breadcrumb\",\"itemListElement\":[{\"@type\":\"ListItem\",\"position\":1,\"name\":\"Portada\",\"item\":\"https:\/\/www.goiko.com\/es\/\"},{\"@type\":\"ListItem\",\"position\":2,\"name\":\"MUCHO KEVIN\"}]},{\"@type\":\"WebSite\",\"@id\":\"https:\/\/www.goiko.com\/es\/#website\",\"url\":\"https:\/\/www.goiko.com\/es\/\",\"name\":\"GOIKO\",\"description\":\"Chorreo Forever\",\"potentialAction\":[{\"@type\":\"SearchAction\",\"target\":{\"@type\":\"EntryPoint\",\"urlTemplate\":\"https:\/\/www.goiko.com\/es\/?s={search_term_string}\"},\"query-input\":{\"@type\":\"PropertyValueSpecification\",\"valueRequired\":true,\"valueName\":\"search_term_string\"}}],\"inLanguage\":\"es\"}]}<\/script>\n<!-- \/ Yoast SEO plugin. -->","yoast_head_json":{"title":"MUCHO KEVIN - GOIKO","description":"El primer amor fue Kevin Bacon y despu\u00e9s se uni\u00f3 Kevin Costner. \u00a1Ahora llega KEVIN CHICK! Tu hamburguesa tipo Kevin de pollo empanado picado, bacon bits, cebolla crunchy y queso americano.","robots":{"index":"index","follow":"follow","max-snippet":"max-snippet:-1","max-image-preview":"max-image-preview:large","max-video-preview":"max-video-preview:-1"},"canonical":"https:\/\/www.goiko.com\/es\/mucho-kevin-2021\/","og_locale":"es_ES","og_type":"article","og_title":"MUCHO KEVIN - GOIKO","og_description":"El primer amor fue Kevin Bacon y despu\u00e9s se uni\u00f3 Kevin Costner. \u00a1Ahora llega KEVIN CHICK! Tu hamburguesa tipo Kevin de pollo empanado picado, bacon bits, cebolla crunchy y queso americano.","og_url":"https:\/\/www.goiko.com\/es\/mucho-kevin-2021\/","og_site_name":"GOIKO","article_publisher":"https:\/\/www.facebook.com\/goiko","article_modified_time":"2021-03-30T17:52:48+00:00","og_image":[{"width":1200,"height":800,"url":"https:\/\/www.goiko.com\/es\/wp-content\/uploads\/2021\/02\/Carrusel_Desktop_1200x800_MuchoKevin.jpg","type":"image\/jpeg"}],"twitter_card":"summary_large_image","twitter_site":"@goiko","twitter_misc":{"Tiempo de lectura":"1 minuto"},"schema":{"@context":"https:\/\/schema.org","@graph":[{"@type":"WebPage","@id":"https:\/\/www.goiko.com\/es\/mucho-kevin-2021\/","url":"https:\/\/www.goiko.com\/es\/mucho-kevin-2021\/","name":"MUCHO KEVIN - GOIKO","isPartOf":{"@id":"https:\/\/www.goiko.com\/es\/#website"},"primaryImageOfPage":{"@id":"https:\/\/www.goiko.com\/es\/mucho-kevin-2021\/#primaryimage"},"image":{"@id":"https:\/\/www.goiko.com\/es\/mucho-kevin-2021\/#primaryimage"},"thumbnailUrl":"https:\/\/www.goiko.com\/es\/wp-content\/uploads\/2021\/02\/Carrusel_Desktop_1200x800_MuchoKevin.jpg","datePublished":"2021-02-05T13:59:46+00:00","dateModified":"2021-03-30T17:52:48+00:00","description":"El primer amor fue Kevin Bacon y despu\u00e9s se uni\u00f3 Kevin Costner. \u00a1Ahora llega KEVIN CHICK! Tu hamburguesa tipo Kevin de pollo empanado picado, bacon bits, cebolla crunchy y queso americano.","breadcrumb":{"@id":"https:\/\/www.goiko.com\/es\/mucho-kevin-2021\/#breadcrumb"},"inLanguage":"es","potentialAction":[{"@type":"ReadAction","target":["https:\/\/www.goiko.com\/es\/mucho-kevin-2021\/"]}]},{"@type":"ImageObject","inLanguage":"es","@id":"https:\/\/www.goiko.com\/es\/mucho-kevin-2021\/#primaryimage","url":"https:\/\/www.goiko.com\/es\/wp-content\/uploads\/2021\/02\/Carrusel_Desktop_1200x800_MuchoKevin.jpg","contentUrl":"https:\/\/www.goiko.com\/es\/wp-content\/uploads\/2021\/02\/Carrusel_Desktop_1200x800_MuchoKevin.jpg","width":1200,"height":800},{"@type":"BreadcrumbList","@id":"https:\/\/www.goiko.com\/es\/mucho-kevin-2021\/#breadcrumb","itemListElement":[{"@type":"ListItem","position":1,"name":"Portada","item":"https:\/\/www.goiko.com\/es\/"},{"@type":"ListItem","position":2,"name":"MUCHO KEVIN"}]},{"@type":"WebSite","@id":"https:\/\/www.goiko.com\/es\/#website","url":"https:\/\/www.goiko.com\/es\/","name":"GOIKO","description":"Chorreo Forever","potentialAction":[{"@type":"SearchAction","target":{"@type":"EntryPoint","urlTemplate":"https:\/\/www.goiko.com\/es\/?s={search_term_string}"},"query-input":{"@type":"PropertyValueSpecification","valueRequired":true,"valueName":"search_term_string"}}],"inLanguage":"es"}]}},"_links":{"self":[{"href":"https:\/\/www.goiko.com\/es\/wp-json\/wp\/v2\/pages\/35864","targetHints":{"allow":["GET"]}}],"collection":[{"href":"https:\/\/www.goiko.com\/es\/wp-json\/wp\/v2\/pages"}],"about":[{"href":"https:\/\/www.goiko.com\/es\/wp-json\/wp\/v2\/types\/page"}],"author":[{"embeddable":true,"href":"https:\/\/www.goiko.com\/es\/wp-json\/wp\/v2\/users\/1"}],"replies":[{"embeddable":true,"href":"https:\/\/www.goiko.com\/es\/wp-json\/wp\/v2\/comments?post=35864"}],"version-history":[{"count":3,"href":"https:\/\/www.goiko.com\/es\/wp-json\/wp\/v2\/pages\/35864\/revisions"}],"predecessor-version":[{"id":36770,"href":"https:\/\/www.goiko.com\/es\/wp-json\/wp\/v2\/pages\/35864\/revisions\/36770"}],"wp:featuredmedia":[{"embeddable":true,"href":"https:\/\/www.goiko.com\/es\/wp-json\/wp\/v2\/media\/35812"}],"wp:attachment":[{"href":"https:\/\/www.goiko.com\/es\/wp-json\/wp\/v2\/media?parent=35864"}],"curies":[{"name":"wp","href":"https:\/\/api.w.org\/{rel}","templated":true}]}}