{"id":36907,"date":"2021-06-09T14:06:47","date_gmt":"2021-06-09T13:06:47","guid":{"rendered":"https:\/\/www.goiko.com\/bases-condiciones\/ojoninjagoiko-copy\/"},"modified":"2023-03-01T15:32:33","modified_gmt":"2023-03-01T14:32:33","slug":"sorteo-grita-gol","status":"publish","type":"page","link":"https:\/\/www.goiko.com\/es\/sorteo-grita-gol\/","title":{"rendered":"Sorteo Combo Golazo"},"content":{"rendered":"<h2 style=\"text-align: center;\"><strong>Bases sorteo Combo Golazo<\/strong><\/h2>\n<div style=\"text-align: center;\">\n<p style=\"text-align: left;\"><b>CL\u00c1USULA 1.- EMPRESAS ORGANIZADORAS.<\/b><\/p>\n<p style=\"text-align: left;\"><span style=\"font-weight: 400;\">GOIKO GOURMET S.L., (en adelante, GOIKO) con domicilio en Madrid CP 28003, C\/ Maestro \u00c1ngel Llorca 6, Planta 5, con CIF N\u00ba 86590841, organiza en las fechas indicadas a continuaci\u00f3n, el sorteo gratuito, con obligaci\u00f3n de compra, llamado \u00a1GRITA GOOOOOOOOOOL! (en adelante, el \u201csorteo\u201d) de acuerdo con los requisitos que se recogen en estas bases.<\/span><\/p>\n<p style=\"text-align: left;\"><b>CL\u00c1USULA 2.- PLAZO Y MODO DE PARTICIPAR.<\/b><\/p>\n<p style=\"text-align: left;\"><span style=\"font-weight: 400;\">El plazo para participar en el sorteo es del d\u00eda lunes 14 de junio 2021 al domingo 11 de julio de 2021, ambos incluidos.<\/span><\/p>\n<p style=\"text-align: left;\"><span style=\"font-weight: 400;\">Quien desee participar deber\u00e1:<\/span><\/p>\n<ul style=\"text-align: left;\">\n<li><span style=\"font-weight: 400;\">Ser mayor de 18 a\u00f1os<\/span><span style=\"font-weight: 400;\"> y residir en alg\u00fan punto del territorio nacional de Espa\u00f1a<\/span><\/li>\n<li><span style=\"font-weight: 400;\"> Pedir como m\u00ednimo, <\/span><b>un<\/b><span style=\"font-weight: 400;\"> (1) Combo Golazo a trav\u00e9s del servicio Takeaway de Goiko.<\/span><\/li>\n<\/ul>\n<p style=\"text-align: left;\"><span style=\"font-weight: 400;\">La participaci\u00f3n en el sorteo implica que el participante cumple con los requisitos establecidos y respeta y cumple las condiciones de Takeaway Goiko.<\/span><\/p>\n<p style=\"text-align: left;\"><span style=\"font-weight: 400;\">Quedan excluidos de esta promoci\u00f3n los empleados de GOIKO, adem\u00e1s de los empleados de las empresas que intervienen en la gesti\u00f3n de esta promoci\u00f3n. Tampoco podr\u00e1n participar las personas jur\u00eddicas.<\/span><\/p>\n<p style=\"text-align: left;\"><b>CL\u00c1USULA 3.- PREMIO.<\/b><\/p>\n<p style=\"text-align: left;\"><span style=\"font-weight: 400;\">Se sortear\u00e1n <\/span><b>catorce<\/b><span style=\"font-weight: 400;\"> (14) premios para <\/span><b>catorce <\/b><span style=\"font-weight: 400;\">(14) ganadores, divididos en diferentes per\u00edodos, que consistir\u00e1n en:<\/span><\/p>\n<ul style=\"text-align: left;\">\n<li><b>Cinco<\/b><span style=\"font-weight: 400;\"> (5) sillas Gaming Drift Dr75 durante el periodo del lunes 14 de junio 2021 al domingo 20 de junio 2021, ambos incluidos.<\/span><\/li>\n<li><b>Tres<\/b><span style=\"font-weight: 400;\"> (3) auriculares inal\u00e1mbricos Apple Airpods Pro durante el periodo del lunes 21 de junio 2021 al domingo 27 de junio 2021, ambos incluidos.<\/span><\/li>\n<li><b>Tres<\/b><span style=\"font-weight: 400;\"> (3) consolas Xbox Series S durante el periodo del lunes 28 de junio 2021 al domingo 4 de julio 2021, ambos incluidos.<\/span><\/li>\n<li><b>Dos<\/b><span style=\"font-weight: 400;\"> (2) patinetes el\u00e9ctricos Xiaomi Mi Scooter Pro 2 durante el periodo del lunes 5 de julio 2021 al viernes 9 de julio 2021, ambos incluidos.<\/span><\/li>\n<li><b>Un <\/b><span style=\"font-weight: 400;\">(1) Apple iPhone 12 128 GB (Negro) durante el s\u00e1bado 10 y domingo 11 de julio 2021.<\/span><\/li>\n<\/ul>\n<p style=\"text-align: left;\"><span style=\"font-weight: 400;\">Los premios son intransferibles y no se podr\u00e1n canjear por dinero.<\/span><\/p>\n<p style=\"text-align: left;\"><b>CL\u00c1USULA 4.- SORTEO.<\/b><\/p>\n<p style=\"text-align: left;\"><span style=\"font-weight: 400;\">El sorteo ser\u00e1 realizado el lunes 12 de julio de 2021 por el Departamento de Marketing de GOIKO, mediante la extracci\u00f3n aleatoria de <\/span><b>un<\/b><span style=\"font-weight: 400;\"> (1) ganador por cada premio sorteado.<\/span><\/p>\n<p style=\"text-align: left;\"><b>CL\u00c1USULA 5.- ENTREGA DEL PREMIO.<\/b><\/p>\n<p style=\"text-align: left;\"><span style=\"font-weight: 400;\">Los ganadores ser\u00e1n contactados por correo electr\u00f3nico a partir del lunes 12 de julio de 2021. En el caso de que no fuera posible localizar a alguno de los ganadores en un plazo de 48 horas, o bien, si rechazase el premio expresamente por cualquier causa, el premio correspondiente del sorteo ser\u00e1 declarado desierto.<\/span><\/p>\n<p style=\"text-align: left;\"><span style=\"font-weight: 400;\">Una vez aceptado el premio, el ganador recibir\u00e1 un correo electr\u00f3nico explicativo sobre c\u00f3mo proceder con la entrega. El ganador autoriza a que su nombre de perfil en Instagram sea publicado en la p\u00e1gina web y redes sociales de Goiko, as\u00ed como en cualquiera de los canales oficiales de comunicaci\u00f3n de las marcas sin que ello genere derecho a su favor a recibir contraprestaci\u00f3n alguna. A los ganadores se les solicitar\u00e1 adem\u00e1s los datos necesarios para gestionar la entrega del premio.<\/span><\/p>\n<p style=\"text-align: left;\"><b>CL\u00c1USULA 6.- PROTECCI\u00d3N DE DATOS DE CAR\u00c1CTER PERSONAL.<\/b><\/p>\n<p style=\"text-align: left;\"><span style=\"font-weight: 400;\">Los participantes del sorteo consienten inequ\u00edvocamente que, en caso de resultar ganador, sus datos personales (nombre y apellidos), datos facilitados u otros que, adicionalmente, podamos solicitar para el desarrollo de las finalidades mencionadas puedan ser comunicados a terceros mediante su difusi\u00f3n a trav\u00e9s de los medios que GOIKO estime m\u00e1s convenientes. Los datos de car\u00e1cter personal de los participantes en esta promoci\u00f3n ser\u00e1n tratados dando estricto cumplimiento a lo establecido en el Reglamento (UE) 2019\/679, de 27 de abril de 2016, general de protecci\u00f3n de datos (\u201cRGPD\u201d) as\u00ed como a la legislaci\u00f3n nacional aplicable en el momento del sorteo.<\/span><\/p>\n<ul style=\"text-align: left;\">\n<li><span style=\"font-weight: 400;\"> Responsables:<\/span><\/li>\n<\/ul>\n<p style=\"text-align: left;\"><span style=\"font-weight: 400;\"> GOIKO GOURMET S.L., (en adelante, GOIKO) con domicilio en Madrid CP 28003, C\/ Maestro \u00c1ngel Llorca 6, Planta 5, con CIF N\u00ba 86590841<\/span><\/p>\n<ul style=\"text-align: left;\">\n<li><span style=\"font-weight: 400;\"> Finalidad y legitimaci\u00f3n:<\/span><\/li>\n<\/ul>\n<p style=\"text-align: left;\"><span style=\"font-weight: 400;\">Tramitar tu participaci\u00f3n en el sorteo y, en su caso, proceder a la entrega del premio con las retenciones fiscales que resultasen procedentes \u2013 Ejecuci\u00f3n del contrato: Suscripci\u00f3n.<\/span><\/p>\n<ul style=\"text-align: left;\">\n<li><span style=\"font-weight: 400;\"> Datos tratados:<\/span><\/li>\n<\/ul>\n<p style=\"text-align: left;\"><span style=\"font-weight: 400;\">Datos facilitados u otros que, adicionalmente, podamos solicitar para el desarrollo de las finalidades mencionadas.<\/span><\/p>\n<ul style=\"text-align: left;\">\n<li><span style=\"font-weight: 400;\"> Destinatarios:<\/span><\/li>\n<\/ul>\n<p style=\"text-align: left;\"><span style=\"font-weight: 400;\">Para el desarrollo de las finalidades previstas anteriormente no se prev\u00e9 que tus datos se comuniquen a terceras sociedades, salvo obligaci\u00f3n legal y para lo necesario para gesti\u00f3n del previo.<\/span><\/p>\n<ul style=\"text-align: left;\">\n<li><span style=\"font-weight: 400;\"> Transferencias internacionales:<\/span><\/li>\n<\/ul>\n<p style=\"text-align: left;\"><span style=\"font-weight: 400;\">Los datos del ganador pueden publicarse en las distintas Plataformas Web o Redes Sociales de GOIKO. Esta publicaci\u00f3n puede implicar una transferencia internacional con destino a un pa\u00eds cuya normativa de protecci\u00f3n de datos no presente un nivel equivalente a la europea.<\/span><\/p>\n<p style=\"text-align: left;\"><span style=\"font-weight: 400;\">El interesado, a trav\u00e9s de su participaci\u00f3n en el sorteo, acepta tal transferencia, sin perjuicio de que GOIKO puedan adoptar medidas adicionales para garantizar el nivel de seguridad de los datos.<\/span><\/p>\n<ul style=\"text-align: left;\">\n<li><span style=\"font-weight: 400;\"> Plazo de conservaci\u00f3n:<\/span><\/li>\n<\/ul>\n<p style=\"text-align: left;\"><span style=\"font-weight: 400;\">Una vez finalizado el sorteo, tus datos no ser\u00e1n tratados.<\/span><\/p>\n<ul style=\"text-align: left;\">\n<li><span style=\"font-weight: 400;\"> Derechos:<\/span><\/li>\n<\/ul>\n<p style=\"text-align: left;\"><span style=\"font-weight: 400;\">Acceso, rectificaci\u00f3n, oposici\u00f3n, supresi\u00f3n, portabilidad, revocaci\u00f3n del consentimiento previamente prestado, limitaci\u00f3n al tratamiento a trav\u00e9s del correo electr\u00f3nico dpo@goiko.com, o tambi\u00e9n por escrito, adjuntando una copia de un documento acreditativo de su identidad a la direcci\u00f3n: C\/ Maestro \u00c1ngel Llorca, 6, 5\u00ba, 28003 &#8211; Madrid (Madrid) Informaci\u00f3n adicional: Puede consultar la informaci\u00f3n adicional y detallada sobre Protecci\u00f3n de datos en nuestra pol\u00edtica de privacidad: https:\/\/www.goiko.com\/politica_de_privacidad\/<\/span><\/p>\n<p style=\"text-align: left;\"><b>CL\u00c1USULA 7.- ACEPTACI\u00d3N DE LAS BASES Y RESPONSABILIDAD.<\/b><\/p>\n<ol style=\"text-align: left;\">\n<li><span style=\"font-weight: 400;\"> El mero hecho de participar en el sorteo implica la aceptaci\u00f3n \u00edntegra de las presentes bases.<\/span><\/li>\n<li><span style=\"font-weight: 400;\"> GOIKO se reserva el derecho a modificar las bases del sorteo, parcial o totalmente en cualquier momento en la medida que no perjudique o menoscabe los derechos de los participantes en el sorteo. Asimismo, se reservan tambi\u00e9n el derecho de anularlo o dejar el premio desierto en caso de detectarse alguna irregularidad. Realizada cualquier modificaci\u00f3n, \u00e9sta ser\u00e1 debidamente puesta en conocimiento de los participantes.\u00a0<\/span><\/li>\n<li><span style=\"font-weight: 400;\"> GOIKO se reserva el derecho de excluir de la participaci\u00f3n en el sorteo a todos aquellos participantes que, estime, est\u00e1n incumpliendo cualquier condici\u00f3n de participaci\u00f3n incluida en las presentes bases. La exclusi\u00f3n de un participante, cualquiera que sea la causa, conlleva la p\u00e9rdida de todos los derechos derivados de su condici\u00f3n como tal.<\/span><\/li>\n<li><span style=\"font-weight: 400;\"> Cualquier utilizaci\u00f3n abusiva o fraudulenta de estas bases dar\u00e1 lugar a la consiguiente descalificaci\u00f3n del participante en el sorteo.<\/span><\/li>\n<li><span style=\"font-weight: 400;\"> GOIKO quedan eximidos de cualquier responsabilidad en el supuesto de existir alg\u00fan error en los datos facilitados en su caso por los propios agraciados que impidiera su identificaci\u00f3n.<\/span><\/li>\n<\/ol>\n<p style=\"text-align: left;\"><span style=\"font-weight: 400;\">GOIKO est\u00e1 exento de cualquier responsabilidad derivada de cualquier circunstancia imputable a terceros que pueda afectar al desarrollo del sorteo y\/o a la entrega del premio. GOIKO en ning\u00fan caso ser\u00e1n responsable por los da\u00f1os y perjuicios directa o indirectamente resultantes de cualquier fallo, problema, acci\u00f3n u omisi\u00f3n por parte de terceros ajenos a GOIKO, como por ejemplo y sin limitaci\u00f3n, ataques inform\u00e1ticos, huelgas, cualquier tipo de revuelta civil o amenaza, incendios, inundaciones, terremotos o desastres naturales, etc\u00e9tera. GOIKO en ning\u00fan caso ser\u00e1n responsables por cualquier da\u00f1o causado directa o indirectamente por cualquier acci\u00f3n, omisi\u00f3n o negligencia imputable a los participantes y\/o ganadores.<\/span><\/p>\n<p style=\"text-align: left;\"><b>CL\u00c1USULA 8.- CAUSAS DE DESCALIFICACI\u00d3N DE UN PARTICIPANTE DEL SORTEO.<\/b><\/p>\n<p style=\"text-align: left;\"><span style=\"font-weight: 400;\">Este sorteo se organiza con la pretensi\u00f3n de incentivar y fomentar la participaci\u00f3n de todos los concursantes en condiciones de igualdad y con estricto respeto al principio general de la buena fe. Por ese motivo, GOIKO excluir\u00e1 autom\u00e1tica e inmediatamente del mismo a cualquier participante que transgreda las normas de buena fe, observe una conducta mendaz, inadecuada, falaz o impropia, emplee medios desproporcionados, fraudulentos o abusivos, o incumpla estas bases en cualquiera de sus extremos.<\/span><\/p>\n<p style=\"text-align: left;\"><span style=\"font-weight: 400;\">En cualquier caso, con car\u00e1cter enunciativo pero no limitativo, y en aquello que resulte de aplicaci\u00f3n, se excluir\u00e1 a cualquier participante del sorteo en los siguientes casos:<\/span><\/p>\n<ol style=\"text-align: left;\">\n<li><span style=\"font-weight: 400;\"> Empleo de v\u00edas, sistemas o dispositivos para alterar el sistema de votaciones, como la compra de votos, o la introducci\u00f3n automatizada de datos o c\u00f3digos. La mera sospecha de que un participante est\u00e1 utilizando cualquier sistema automatizado para la introducci\u00f3n masiva o repetitiva de los datos o c\u00f3digos necesarios para participar en el sorteo, dar\u00e1 lugar a la exclusi\u00f3n inmediata de todas sus participaciones y le inhabilitar\u00e1 para recibir cualquier premio, sin que sea necesario comunic\u00e1rselo.<\/span><\/li>\n<li><span style=\"font-weight: 400;\"> Introducci\u00f3n de datos personales inexactos, err\u00f3neos, no coincidentes o falsos. La constataci\u00f3n de que un participante ha introducido datos personales inexactos, alterados o falsos, dar\u00e1 lugar a la exclusi\u00f3n inmediata de todas sus participaciones en la promoci\u00f3n, y le inhabilitar\u00e1 para recibir cualquier premio, sin que sea necesario comunic\u00e1rselo.<\/span><\/li>\n<li><span style=\"font-weight: 400;\"> De igual modo, cualquier anomal\u00eda atribuible a un participante que impida, altere o perturbe el normal desarrollo del sorteo, que afecte o perjudique a cualquier otro participante, que pueda falsear los datos de participaci\u00f3n, comprometa la seguridad o la fiabilidad de los sistemas t\u00e9cnicos utilizados para su desarrollo, o que contravenga, de alg\u00fan otro modo las presentes bases, dar\u00e1 derecho a GOIKO a excluir unilateral e inmediatamente a dicho participante y a dar cuenta de los hechos a las autoridades competentes. En caso de que cualquiera de las anteriores irregularidades, o cualesquiera otras, se detecten con posterioridad a la entrega efectiva de alguno de los premios, GOIKO se reservan el derecho de ejercitar las acciones legales pertinentes contra su autor o responsable, entre otras, las tendentes a la devoluci\u00f3n del premio.<\/span><\/li>\n<\/ol>\n<p style=\"text-align: left;\"><b>CL\u00c1USULA 10.- LEY APLICABLE &#8211; CONTROVERSIA.<\/b><\/p>\n<p style=\"text-align: left;\"><span style=\"font-weight: 400;\">Estas bases est\u00e1n sujetas a la legislaci\u00f3n espa\u00f1ola. Cualquier reclamaci\u00f3n relacionada con el sorteo debe enviarse por correo electr\u00f3nico a GOIKO, a la siguiente direcci\u00f3n: sorteo@goiko.com, en los treinta (30) d\u00edas posteriores a la fecha l\u00edmite de participaci\u00f3n en el sorteo. En caso de controversia en la aplicaci\u00f3n o interpretaci\u00f3n de estas bases y en ausencia de un acuerdo amistoso, todo litigio estar\u00e1 sujeto a los Tribunales de la ciudad de Madrid.<\/span><\/p>\n<\/div>\n","protected":false},"excerpt":{"rendered":"<p>Bases sorteo Combo Golazo CL\u00c1USULA 1.- EMPRESAS ORGANIZADORAS. GOIKO GOURMET S.L., (en adelante, GOIKO) con domicilio en Madrid CP 28003, C\/ Maestro \u00c1ngel Llorca 6, Planta 5, con CIF N\u00ba 86590841, organiza en las fechas indicadas a continuaci\u00f3n, el sorteo gratuito, con obligaci\u00f3n de compra, llamado \u00a1GRITA GOOOOOOOOOOL! (en adelante, el \u201csorteo\u201d) de acuerdo con [&hellip;]<\/p>\n","protected":false},"author":1,"featured_media":35822,"parent":0,"menu_order":88,"comment_status":"closed","ping_status":"closed","template":"","meta":{"footnotes":""},"class_list":["post-36907","page","type-page","status-publish","has-post-thumbnail","hentry"],"acf":[],"yoast_head":"<!-- This site is optimized with the Yoast SEO plugin v23.8 - https:\/\/yoast.com\/wordpress\/plugins\/seo\/ -->\n<title>Sorteo Combo Golazo - GOIKO<\/title>\n<meta name=\"robots\" content=\"index, follow, max-snippet:-1, max-image-preview:large, max-video-preview:-1\" \/>\n<link rel=\"canonical\" href=\"https:\/\/www.goiko.com\/es\/sorteo-grita-gol\/\" \/>\n<meta property=\"og:locale\" content=\"es_ES\" \/>\n<meta property=\"og:type\" content=\"article\" \/>\n<meta property=\"og:title\" content=\"Sorteo Combo Golazo - GOIKO\" \/>\n<meta property=\"og:description\" content=\"Bases sorteo Combo Golazo CL\u00c1USULA 1.- EMPRESAS ORGANIZADORAS. GOIKO GOURMET S.L., (en adelante, GOIKO) con domicilio en Madrid CP 28003, C\/ Maestro \u00c1ngel Llorca 6, Planta 5, con CIF N\u00ba 86590841, organiza en las fechas indicadas a continuaci\u00f3n, el sorteo gratuito, con obligaci\u00f3n de compra, llamado \u00a1GRITA GOOOOOOOOOOL! (en adelante, el \u201csorteo\u201d) de acuerdo con [&hellip;]\" \/>\n<meta property=\"og:url\" content=\"https:\/\/www.goiko.com\/es\/sorteo-grita-gol\/\" \/>\n<meta property=\"og:site_name\" content=\"GOIKO\" \/>\n<meta property=\"article:publisher\" content=\"https:\/\/www.facebook.com\/goiko\" \/>\n<meta property=\"article:modified_time\" content=\"2023-03-01T14:32:33+00:00\" \/>\n<meta property=\"og:image\" content=\"https:\/\/www.goiko.com\/es\/wp-content\/uploads\/2017\/03\/Ficha-de-producto_1200x600_KevinChick.jpg\" \/>\n\t<meta property=\"og:image:width\" content=\"1200\" \/>\n\t<meta property=\"og:image:height\" content=\"600\" \/>\n\t<meta property=\"og:image:type\" content=\"image\/jpeg\" \/>\n<meta name=\"twitter:card\" content=\"summary_large_image\" \/>\n<meta name=\"twitter:site\" content=\"@goiko\" \/>\n<meta name=\"twitter:label1\" content=\"Tiempo de lectura\" \/>\n\t<meta name=\"twitter:data1\" content=\"8 minutos\" \/>\n<script type=\"application\/ld+json\" class=\"yoast-schema-graph\">{\"@context\":\"https:\/\/schema.org\",\"@graph\":[{\"@type\":\"WebPage\",\"@id\":\"https:\/\/www.goiko.com\/es\/sorteo-grita-gol\/\",\"url\":\"https:\/\/www.goiko.com\/es\/sorteo-grita-gol\/\",\"name\":\"Sorteo Combo Golazo - GOIKO\",\"isPartOf\":{\"@id\":\"https:\/\/www.goiko.com\/es\/#website\"},\"primaryImageOfPage\":{\"@id\":\"https:\/\/www.goiko.com\/es\/sorteo-grita-gol\/#primaryimage\"},\"image\":{\"@id\":\"https:\/\/www.goiko.com\/es\/sorteo-grita-gol\/#primaryimage\"},\"thumbnailUrl\":\"https:\/\/www.goiko.com\/es\/wp-content\/uploads\/2017\/03\/Ficha-de-producto_1200x600_KevinChick.jpg\",\"datePublished\":\"2021-06-09T13:06:47+00:00\",\"dateModified\":\"2023-03-01T14:32:33+00:00\",\"breadcrumb\":{\"@id\":\"https:\/\/www.goiko.com\/es\/sorteo-grita-gol\/#breadcrumb\"},\"inLanguage\":\"es\",\"potentialAction\":[{\"@type\":\"ReadAction\",\"target\":[\"https:\/\/www.goiko.com\/es\/sorteo-grita-gol\/\"]}]},{\"@type\":\"ImageObject\",\"inLanguage\":\"es\",\"@id\":\"https:\/\/www.goiko.com\/es\/sorteo-grita-gol\/#primaryimage\",\"url\":\"https:\/\/www.goiko.com\/es\/wp-content\/uploads\/2017\/03\/Ficha-de-producto_1200x600_KevinChick.jpg\",\"contentUrl\":\"https:\/\/www.goiko.com\/es\/wp-content\/uploads\/2017\/03\/Ficha-de-producto_1200x600_KevinChick.jpg\",\"width\":1200,\"height\":600},{\"@type\":\"BreadcrumbList\",\"@id\":\"https:\/\/www.goiko.com\/es\/sorteo-grita-gol\/#breadcrumb\",\"itemListElement\":[{\"@type\":\"ListItem\",\"position\":1,\"name\":\"Portada\",\"item\":\"https:\/\/www.goiko.com\/es\/\"},{\"@type\":\"ListItem\",\"position\":2,\"name\":\"Sorteo Combo Golazo\"}]},{\"@type\":\"WebSite\",\"@id\":\"https:\/\/www.goiko.com\/es\/#website\",\"url\":\"https:\/\/www.goiko.com\/es\/\",\"name\":\"GOIKO\",\"description\":\"Chorreo Forever\",\"potentialAction\":[{\"@type\":\"SearchAction\",\"target\":{\"@type\":\"EntryPoint\",\"urlTemplate\":\"https:\/\/www.goiko.com\/es\/?s={search_term_string}\"},\"query-input\":{\"@type\":\"PropertyValueSpecification\",\"valueRequired\":true,\"valueName\":\"search_term_string\"}}],\"inLanguage\":\"es\"}]}<\/script>\n<!-- \/ Yoast SEO plugin. -->","yoast_head_json":{"title":"Sorteo Combo Golazo - GOIKO","robots":{"index":"index","follow":"follow","max-snippet":"max-snippet:-1","max-image-preview":"max-image-preview:large","max-video-preview":"max-video-preview:-1"},"canonical":"https:\/\/www.goiko.com\/es\/sorteo-grita-gol\/","og_locale":"es_ES","og_type":"article","og_title":"Sorteo Combo Golazo - GOIKO","og_description":"Bases sorteo Combo Golazo CL\u00c1USULA 1.- EMPRESAS ORGANIZADORAS. GOIKO GOURMET S.L., (en adelante, GOIKO) con domicilio en Madrid CP 28003, C\/ Maestro \u00c1ngel Llorca 6, Planta 5, con CIF N\u00ba 86590841, organiza en las fechas indicadas a continuaci\u00f3n, el sorteo gratuito, con obligaci\u00f3n de compra, llamado \u00a1GRITA GOOOOOOOOOOL! (en adelante, el \u201csorteo\u201d) de acuerdo con [&hellip;]","og_url":"https:\/\/www.goiko.com\/es\/sorteo-grita-gol\/","og_site_name":"GOIKO","article_publisher":"https:\/\/www.facebook.com\/goiko","article_modified_time":"2023-03-01T14:32:33+00:00","og_image":[{"width":1200,"height":600,"url":"https:\/\/www.goiko.com\/es\/wp-content\/uploads\/2017\/03\/Ficha-de-producto_1200x600_KevinChick.jpg","type":"image\/jpeg"}],"twitter_card":"summary_large_image","twitter_site":"@goiko","twitter_misc":{"Tiempo de lectura":"8 minutos"},"schema":{"@context":"https:\/\/schema.org","@graph":[{"@type":"WebPage","@id":"https:\/\/www.goiko.com\/es\/sorteo-grita-gol\/","url":"https:\/\/www.goiko.com\/es\/sorteo-grita-gol\/","name":"Sorteo Combo Golazo - GOIKO","isPartOf":{"@id":"https:\/\/www.goiko.com\/es\/#website"},"primaryImageOfPage":{"@id":"https:\/\/www.goiko.com\/es\/sorteo-grita-gol\/#primaryimage"},"image":{"@id":"https:\/\/www.goiko.com\/es\/sorteo-grita-gol\/#primaryimage"},"thumbnailUrl":"https:\/\/www.goiko.com\/es\/wp-content\/uploads\/2017\/03\/Ficha-de-producto_1200x600_KevinChick.jpg","datePublished":"2021-06-09T13:06:47+00:00","dateModified":"2023-03-01T14:32:33+00:00","breadcrumb":{"@id":"https:\/\/www.goiko.com\/es\/sorteo-grita-gol\/#breadcrumb"},"inLanguage":"es","potentialAction":[{"@type":"ReadAction","target":["https:\/\/www.goiko.com\/es\/sorteo-grita-gol\/"]}]},{"@type":"ImageObject","inLanguage":"es","@id":"https:\/\/www.goiko.com\/es\/sorteo-grita-gol\/#primaryimage","url":"https:\/\/www.goiko.com\/es\/wp-content\/uploads\/2017\/03\/Ficha-de-producto_1200x600_KevinChick.jpg","contentUrl":"https:\/\/www.goiko.com\/es\/wp-content\/uploads\/2017\/03\/Ficha-de-producto_1200x600_KevinChick.jpg","width":1200,"height":600},{"@type":"BreadcrumbList","@id":"https:\/\/www.goiko.com\/es\/sorteo-grita-gol\/#breadcrumb","itemListElement":[{"@type":"ListItem","position":1,"name":"Portada","item":"https:\/\/www.goiko.com\/es\/"},{"@type":"ListItem","position":2,"name":"Sorteo Combo Golazo"}]},{"@type":"WebSite","@id":"https:\/\/www.goiko.com\/es\/#website","url":"https:\/\/www.goiko.com\/es\/","name":"GOIKO","description":"Chorreo Forever","potentialAction":[{"@type":"SearchAction","target":{"@type":"EntryPoint","urlTemplate":"https:\/\/www.goiko.com\/es\/?s={search_term_string}"},"query-input":{"@type":"PropertyValueSpecification","valueRequired":true,"valueName":"search_term_string"}}],"inLanguage":"es"}]}},"_links":{"self":[{"href":"https:\/\/www.goiko.com\/es\/wp-json\/wp\/v2\/pages\/36907","targetHints":{"allow":["GET"]}}],"collection":[{"href":"https:\/\/www.goiko.com\/es\/wp-json\/wp\/v2\/pages"}],"about":[{"href":"https:\/\/www.goiko.com\/es\/wp-json\/wp\/v2\/types\/page"}],"author":[{"embeddable":true,"href":"https:\/\/www.goiko.com\/es\/wp-json\/wp\/v2\/users\/1"}],"replies":[{"embeddable":true,"href":"https:\/\/www.goiko.com\/es\/wp-json\/wp\/v2\/comments?post=36907"}],"version-history":[{"count":4,"href":"https:\/\/www.goiko.com\/es\/wp-json\/wp\/v2\/pages\/36907\/revisions"}],"predecessor-version":[{"id":45036,"href":"https:\/\/www.goiko.com\/es\/wp-json\/wp\/v2\/pages\/36907\/revisions\/45036"}],"wp:featuredmedia":[{"embeddable":true,"href":"https:\/\/www.goiko.com\/es\/wp-json\/wp\/v2\/media\/35822"}],"wp:attachment":[{"href":"https:\/\/www.goiko.com\/es\/wp-json\/wp\/v2\/media?parent=36907"}],"curies":[{"name":"wp","href":"https:\/\/api.w.org\/{rel}","templated":true}]}}