{"id":36935,"date":"2021-06-15T16:17:41","date_gmt":"2021-06-15T15:17:41","guid":{"rendered":"https:\/\/www.goiko.com\/extra-ricas-copy\/"},"modified":"2021-06-18T09:25:39","modified_gmt":"2021-06-18T08:25:39","slug":"waf","status":"publish","type":"page","link":"https:\/\/www.goiko.com\/es\/waf\/","title":{"rendered":""},"content":{"rendered":"\n<p><\/p>\n\n\n\n<ul class=\"has-normal-font-size wp-block-list\"><li>El programa WAF estar\u00e1&nbsp;<strong>activo durante el mes de junio 2021.&nbsp;<\/strong>Recuerda que puedes usar tu c\u00f3digo hasta el 30 de junio de 2021.<\/li><li>Cada c\u00f3digo es personal e intransferible y&nbsp;<strong>s\u00f3lo pueden ser utilizados una vez.<\/strong> <strong>V\u00e1lido solo para reservas (sala).<\/strong><\/li><li><strong>Debes introducir el<\/strong>&nbsp;<strong>c\u00f3digo en la reserva<\/strong>&nbsp;para poder disfrutar del beneficio.<\/li><li>El beneficio de Goiko \u201cWe are Friends\u201d&nbsp;<strong>no es acumulable con otras promociones&nbsp;<\/strong>tipo: men\u00fa del d\u00eda u otras.<\/li><li>Una vez tengas tu c\u00f3digo puedes reservar inmediatamente, pero&nbsp;<strong>la mesa debe sentarse a partir de 1 hora desde la reserva<\/strong><em>.<\/em><\/li><\/ul>\n\n\n\n<div class=\"wp-block-image\"><figure class=\"aligncenter size-large\"><img fetchpriority=\"high\" decoding=\"async\" width=\"560\" height=\"1024\" src=\"https:\/\/www.goiko.com\/wp-content\/uploads\/2021\/06\/WAF-friends-560x1024.jpg\" alt=\"\" class=\"wp-image-36983\" srcset=\"https:\/\/www.goiko.com\/es\/wp-content\/uploads\/2021\/06\/WAF-friends-560x1024.jpg 560w, https:\/\/www.goiko.com\/es\/wp-content\/uploads\/2021\/06\/WAF-friends-164x300.jpg 164w, https:\/\/www.goiko.com\/es\/wp-content\/uploads\/2021\/06\/WAF-friends-768x1405.jpg 768w, https:\/\/www.goiko.com\/es\/wp-content\/uploads\/2021\/06\/WAF-friends-840x1536.jpg 840w, https:\/\/www.goiko.com\/es\/wp-content\/uploads\/2021\/06\/WAF-friends-300x549.jpg 300w, https:\/\/www.goiko.com\/es\/wp-content\/uploads\/2021\/06\/WAF-friends-450x823.jpg 450w, https:\/\/www.goiko.com\/es\/wp-content\/uploads\/2021\/06\/WAF-friends-437x800.jpg 437w, https:\/\/www.goiko.com\/es\/wp-content\/uploads\/2021\/06\/WAF-friends.jpg 900w\" sizes=\"(max-width: 560px) 100vw, 560px\" \/><\/figure><\/div>\n\n\n\n<p><a class=\"takeaway-link\" style=\"text-align: center; display: block; margin: 20px auto;\" href=\"https:\/\/www.goiko.com\/reservas\/\" target=\"_blank\" rel=\"noopener noreferrer\"><button>\u00a1Reserva ya!<\/button><\/a><\/p>\n","protected":false},"excerpt":{"rendered":"<p>El programa WAF estar\u00e1&nbsp;activo durante el mes de junio 2021.&nbsp;Recuerda que puedes usar tu c\u00f3digo hasta el 30 de junio de 2021. Cada c\u00f3digo es personal e intransferible y&nbsp;s\u00f3lo pueden ser utilizados una vez. V\u00e1lido solo para reservas (sala). Debes introducir el&nbsp;c\u00f3digo en la reserva&nbsp;para poder disfrutar del beneficio. El beneficio de Goiko \u201cWe are [&hellip;]<\/p>\n","protected":false},"author":1,"featured_media":36953,"parent":0,"menu_order":87,"comment_status":"closed","ping_status":"closed","template":"","meta":{"footnotes":""},"class_list":["post-36935","page","type-page","status-publish","has-post-thumbnail","hentry"],"acf":[],"yoast_head":"<!-- This site is optimized with the Yoast SEO plugin v23.8 - https:\/\/yoast.com\/wordpress\/plugins\/seo\/ -->\n<title>- GOIKO<\/title>\n<meta name=\"description\" content=\"WAF. We Are Friends \ud83d\ude0e\" \/>\n<meta name=\"robots\" content=\"index, follow, max-snippet:-1, max-image-preview:large, max-video-preview:-1\" \/>\n<link rel=\"canonical\" href=\"https:\/\/www.goiko.com\/es\/waf\/\" \/>\n<meta property=\"og:locale\" content=\"es_ES\" \/>\n<meta property=\"og:type\" content=\"article\" \/>\n<meta property=\"og:title\" content=\"- GOIKO\" \/>\n<meta property=\"og:description\" content=\"WAF. We Are Friends \ud83d\ude0e\" \/>\n<meta property=\"og:url\" content=\"https:\/\/www.goiko.com\/es\/waf\/\" \/>\n<meta property=\"og:site_name\" content=\"GOIKO\" \/>\n<meta property=\"article:publisher\" content=\"https:\/\/www.facebook.com\/goiko\" \/>\n<meta property=\"article:modified_time\" content=\"2021-06-18T08:25:39+00:00\" \/>\n<meta property=\"og:image\" content=\"https:\/\/www.goiko.com\/es\/wp-content\/uploads\/2021\/06\/Web_OPC-1_logo-pequeno.jpg\" \/>\n\t<meta property=\"og:image:width\" content=\"1200\" \/>\n\t<meta property=\"og:image:height\" content=\"600\" \/>\n\t<meta property=\"og:image:type\" content=\"image\/jpeg\" \/>\n<meta name=\"twitter:card\" content=\"summary_large_image\" \/>\n<meta name=\"twitter:site\" content=\"@goiko\" \/>\n<meta name=\"twitter:label1\" content=\"Tiempo de lectura\" \/>\n\t<meta name=\"twitter:data1\" content=\"1 minuto\" \/>\n<script type=\"application\/ld+json\" class=\"yoast-schema-graph\">{\"@context\":\"https:\/\/schema.org\",\"@graph\":[{\"@type\":\"WebPage\",\"@id\":\"https:\/\/www.goiko.com\/es\/waf\/\",\"url\":\"https:\/\/www.goiko.com\/es\/waf\/\",\"name\":\"- GOIKO\",\"isPartOf\":{\"@id\":\"https:\/\/www.goiko.com\/es\/#website\"},\"primaryImageOfPage\":{\"@id\":\"https:\/\/www.goiko.com\/es\/waf\/#primaryimage\"},\"image\":{\"@id\":\"https:\/\/www.goiko.com\/es\/waf\/#primaryimage\"},\"thumbnailUrl\":\"https:\/\/www.goiko.com\/es\/wp-content\/uploads\/2021\/06\/Web_OPC-1_logo-pequeno.jpg\",\"datePublished\":\"2021-06-15T15:17:41+00:00\",\"dateModified\":\"2021-06-18T08:25:39+00:00\",\"description\":\"WAF. We Are Friends \ud83d\ude0e\",\"inLanguage\":\"es\",\"potentialAction\":[{\"@type\":\"ReadAction\",\"target\":[\"https:\/\/www.goiko.com\/es\/waf\/\"]}]},{\"@type\":\"ImageObject\",\"inLanguage\":\"es\",\"@id\":\"https:\/\/www.goiko.com\/es\/waf\/#primaryimage\",\"url\":\"https:\/\/www.goiko.com\/es\/wp-content\/uploads\/2021\/06\/Web_OPC-1_logo-pequeno.jpg\",\"contentUrl\":\"https:\/\/www.goiko.com\/es\/wp-content\/uploads\/2021\/06\/Web_OPC-1_logo-pequeno.jpg\",\"width\":1200,\"height\":600},{\"@type\":\"WebSite\",\"@id\":\"https:\/\/www.goiko.com\/es\/#website\",\"url\":\"https:\/\/www.goiko.com\/es\/\",\"name\":\"GOIKO\",\"description\":\"Chorreo Forever\",\"potentialAction\":[{\"@type\":\"SearchAction\",\"target\":{\"@type\":\"EntryPoint\",\"urlTemplate\":\"https:\/\/www.goiko.com\/es\/?s={search_term_string}\"},\"query-input\":{\"@type\":\"PropertyValueSpecification\",\"valueRequired\":true,\"valueName\":\"search_term_string\"}}],\"inLanguage\":\"es\"}]}<\/script>\n<!-- \/ Yoast SEO plugin. -->","yoast_head_json":{"title":"- GOIKO","description":"WAF. We Are Friends \ud83d\ude0e","robots":{"index":"index","follow":"follow","max-snippet":"max-snippet:-1","max-image-preview":"max-image-preview:large","max-video-preview":"max-video-preview:-1"},"canonical":"https:\/\/www.goiko.com\/es\/waf\/","og_locale":"es_ES","og_type":"article","og_title":"- GOIKO","og_description":"WAF. We Are Friends \ud83d\ude0e","og_url":"https:\/\/www.goiko.com\/es\/waf\/","og_site_name":"GOIKO","article_publisher":"https:\/\/www.facebook.com\/goiko","article_modified_time":"2021-06-18T08:25:39+00:00","og_image":[{"width":1200,"height":600,"url":"https:\/\/www.goiko.com\/es\/wp-content\/uploads\/2021\/06\/Web_OPC-1_logo-pequeno.jpg","type":"image\/jpeg"}],"twitter_card":"summary_large_image","twitter_site":"@goiko","twitter_misc":{"Tiempo de lectura":"1 minuto"},"schema":{"@context":"https:\/\/schema.org","@graph":[{"@type":"WebPage","@id":"https:\/\/www.goiko.com\/es\/waf\/","url":"https:\/\/www.goiko.com\/es\/waf\/","name":"- GOIKO","isPartOf":{"@id":"https:\/\/www.goiko.com\/es\/#website"},"primaryImageOfPage":{"@id":"https:\/\/www.goiko.com\/es\/waf\/#primaryimage"},"image":{"@id":"https:\/\/www.goiko.com\/es\/waf\/#primaryimage"},"thumbnailUrl":"https:\/\/www.goiko.com\/es\/wp-content\/uploads\/2021\/06\/Web_OPC-1_logo-pequeno.jpg","datePublished":"2021-06-15T15:17:41+00:00","dateModified":"2021-06-18T08:25:39+00:00","description":"WAF. We Are Friends \ud83d\ude0e","inLanguage":"es","potentialAction":[{"@type":"ReadAction","target":["https:\/\/www.goiko.com\/es\/waf\/"]}]},{"@type":"ImageObject","inLanguage":"es","@id":"https:\/\/www.goiko.com\/es\/waf\/#primaryimage","url":"https:\/\/www.goiko.com\/es\/wp-content\/uploads\/2021\/06\/Web_OPC-1_logo-pequeno.jpg","contentUrl":"https:\/\/www.goiko.com\/es\/wp-content\/uploads\/2021\/06\/Web_OPC-1_logo-pequeno.jpg","width":1200,"height":600},{"@type":"WebSite","@id":"https:\/\/www.goiko.com\/es\/#website","url":"https:\/\/www.goiko.com\/es\/","name":"GOIKO","description":"Chorreo Forever","potentialAction":[{"@type":"SearchAction","target":{"@type":"EntryPoint","urlTemplate":"https:\/\/www.goiko.com\/es\/?s={search_term_string}"},"query-input":{"@type":"PropertyValueSpecification","valueRequired":true,"valueName":"search_term_string"}}],"inLanguage":"es"}]}},"_links":{"self":[{"href":"https:\/\/www.goiko.com\/es\/wp-json\/wp\/v2\/pages\/36935","targetHints":{"allow":["GET"]}}],"collection":[{"href":"https:\/\/www.goiko.com\/es\/wp-json\/wp\/v2\/pages"}],"about":[{"href":"https:\/\/www.goiko.com\/es\/wp-json\/wp\/v2\/types\/page"}],"author":[{"embeddable":true,"href":"https:\/\/www.goiko.com\/es\/wp-json\/wp\/v2\/users\/1"}],"replies":[{"embeddable":true,"href":"https:\/\/www.goiko.com\/es\/wp-json\/wp\/v2\/comments?post=36935"}],"version-history":[{"count":6,"href":"https:\/\/www.goiko.com\/es\/wp-json\/wp\/v2\/pages\/36935\/revisions"}],"predecessor-version":[{"id":36986,"href":"https:\/\/www.goiko.com\/es\/wp-json\/wp\/v2\/pages\/36935\/revisions\/36986"}],"wp:featuredmedia":[{"embeddable":true,"href":"https:\/\/www.goiko.com\/es\/wp-json\/wp\/v2\/media\/36953"}],"wp:attachment":[{"href":"https:\/\/www.goiko.com\/es\/wp-json\/wp\/v2\/media?parent=36935"}],"curies":[{"name":"wp","href":"https:\/\/api.w.org\/{rel}","templated":true}]}}