{"id":38186,"date":"2021-11-12T17:43:14","date_gmt":"2021-11-12T16:43:14","guid":{"rendered":"https:\/\/www.goiko.com\/bases-condiciones\/promocion-mi-kevin-copy\/"},"modified":"2023-03-01T12:21:32","modified_gmt":"2023-03-01T11:21:32","slug":"bases-valoracion-delivery","status":"publish","type":"page","link":"https:\/\/www.goiko.com\/es\/bases-condiciones\/bases-valoracion-delivery\/","title":{"rendered":"Bases valoraci\u00f3n delivery"},"content":{"rendered":"<p style=\"text-align: center;\"><b>BASES SORTEO VALORACI\u00d3N DELIVERY<\/b><\/p>\n<p><strong>CL\u00c1USULA 1.- EMPRESA ORGANIZADORA.<\/strong><br \/>\nGOIKO GOURMET S.L. (\u201cGOIKO\u201d) con domicilio en Madrid CP 28003, C\/ Maestro \u00c1ngel Llorca<br \/>\n6, 5 Bajo, y CIF no 86590841, organiza en las fechas indicadas a continuaci\u00f3n, el sorteo<br \/>\ngratuito, con obligaci\u00f3n de compra, llamado #ENCUESTA_SATISFACCION_DELIVERY (en<br \/>\nadelante, el \u201cSorteo\u201d) de acuerdo con los requisitos que se recogen en estas Bases.<\/p>\n<p><strong>CL\u00c1USULA 2.- PLAZO Y MODO DE PARTICIPAR<\/strong><br \/>\n1. El plazo para participar en el Sorteo ser\u00e1 el comprendido entre el primer y \u00faltimo d\u00eda de<br \/>\ncada mes, a partir del 1 de noviembre de 2021.<br \/>\n2. Quien desee participar deber\u00e1 cumplir los siguientes requisitos:<br \/>\n\u25cf Ser mayor de 18 a\u00f1os y residir en alg\u00fan punto del territorio nacional de Espa\u00f1a.<br \/>\n\u25cf No ser empleado de GOIKO.<br \/>\n\u25cf Completar correctamente la Encuesta de satisfacci\u00f3n Delivery.<br \/>\n3. Se podr\u00e1 participar todas las veces que se quiera. La participaci\u00f3n en el Sorteo implica<br \/>\nque el participante cumple con los requisitos establecidos.<br \/>\n4. No podr\u00e1n participar en este sorteo las personas jur\u00eddicas.<\/p>\n<p><strong>CL\u00c1USULA 3.- PREMIO.<\/strong><br \/>\nSe sortear\u00e1 cada mes 1 cena para dos personas en cualquier Goiko de Espa\u00f1a, valorada<br \/>\nen un m\u00e1ximo de 50\u20ac.<br \/>\nLos premios son intransferibles y no se podr\u00e1n canjear por dinero.<\/p>\n<p><strong>CL\u00c1USULA 4.- SORTEO.<\/strong><br \/>\nEl Sorteo ser\u00e1 realizado CON CAR\u00c1CTER MENSUAL por el Departamento de Marketing de<br \/>\nGOIKO, mediante la extracci\u00f3n aleatoria de 10 ganadores.<\/p>\n<p><strong>CL\u00c1USULA 5.- ENTREGA DEL PREMIO.<\/strong><br \/>\nLos ganadores ser\u00e1n contactados por correo electr\u00f3nico durante los 7 d\u00edas posteriores a la<br \/>\nfinalizaci\u00f3n de cada periodo promocional. En el caso de que no fuera posible localizar a alguno<br \/>\nde ellos en un plazo de 48 horas desde el anuncio de los ganadores del sorteo<br \/>\ncorrespondiente, o bien, si rechazase el premio expresamente por cualquier causa, el premio<br \/>\ncorrespondiente del sorteo ser\u00e1 declarado desierto.<br \/>\nUna vez aceptado el premio, el ganador recibir\u00e1 un mensaje privado explicativo sobre c\u00f3mo<br \/>\nproceder con la entrega del premio. El ganador autoriza a que su nombre de perfil en Instagram<br \/>\nsea publicado en la p\u00e1gina web y redes sociales de GOIKO, as\u00ed como en cualquiera de los<br \/>\ncanales oficiales de comunicaci\u00f3n de las marcas sin que ello genere derecho a su favor a recibir contraprestaci\u00f3n alguna. A los ganadores se les solicitar\u00e1 adem\u00e1s los datos necesarios para gestionar la entrega del premio.<\/p>\n<p><strong>CL\u00c1USULA 6.- PROTECCI\u00d3N DE DATOS DE CAR\u00c1CTER PERSONAL.<\/strong><br \/>\nLos participantes del Sorteo consienten inequ\u00edvocamente que, en caso de resultar ganador, sus<br \/>\ndatos personales (datos facilitados u otros que, adicionalmente, podamos solicitar para el<br \/>\ndesarrollo de las finalidades mencionadas) puedan ser comunicados a terceros mediante su<br \/>\ndifusi\u00f3n a trav\u00e9s de los medios que GOIKO estime m\u00e1s convenientes. Los datos de car\u00e1cter<br \/>\npersonal de los participantes en esta promoci\u00f3n ser\u00e1n tratados dando estricto cumplimiento a lo<br \/>\nestablecido en el Reglamento (UE) 2019\/679, de 27 de abril de 2016, general de protecci\u00f3n de<br \/>\ndatos (\u201cRGPD\u201d) as\u00ed como a la legislaci\u00f3n nacional aplicable en el momento del sorteo.<br \/>\n\u25cf Responsable:<br \/>\nGOIKO GOURMET S.L., (en adelante, GOIKO) con domicilio en Madrid CP 28003, C\/<br \/>\nMaestro \u00c1ngel Llorca 6, 5 Bajo, con CIF No 86590841.<br \/>\n\u25cf Finalidad y legitimaci\u00f3n:<br \/>\nTramitar tu participaci\u00f3n en el Sorteo y, en su caso, proceder a la entrega del premio con<br \/>\nlas retenciones fiscales que resultasen procedentes, siendo la base de legitimaci\u00f3n<br \/>\nEjecuci\u00f3n del contrato: Suscripci\u00f3n.<br \/>\n\u25cf Datos tratados:<br \/>\nDatos facilitados u otros que, adicionalmente, podamos solicitar para el desarrollo de las<br \/>\nfinalidades mencionadas.<br \/>\n\u25cf Destinatarios:<br \/>\nPara el desarrollo de las finalidades previstas anteriormente no se prev\u00e9 que tus datos se<br \/>\ncomuniquen a terceras sociedades, salvo obligaci\u00f3n legal y lo necesario para gesti\u00f3n del<br \/>\npremio.<br \/>\n\u25cf Plazo de conservaci\u00f3n:<br \/>\nUna vez finalizado el Sorteo y realizada la entrega del premio, tus datos no ser\u00e1n tratados<br \/>\nen caso de no haber dado el consentimiento espec\u00edfico para tal fin durante la encuesta.<br \/>\n\u25cf Derechos:<br \/>\nDe acceso, rectificaci\u00f3n, oposici\u00f3n, supresi\u00f3n, portabilidad, revocaci\u00f3n del consentimiento<br \/>\npreviamente prestado y limitaci\u00f3n al tratamiento, que podr\u00e1 ejercer a trav\u00e9s del correo<br \/>\nelectr\u00f3nico dpo@goiko.com o por escrito a la direcci\u00f3n postal del<br \/>\nresponsable adjuntando copia de su documento acreditativo de su identidad (DNI o NIE).<br \/>\nPuede consultar la informaci\u00f3n adicional y detallada sobre Protecci\u00f3n de datos en nuestra<br \/>\npol\u00edtica de privacidad: https:\/\/www.goiko.com\/politica_de_privacidad. Tambi\u00e9n podr\u00e1<br \/>\npresentar reclamaci\u00f3n ante la Agencia Espa\u00f1ola de Protecci\u00f3n de Datos www.aepd.es<\/p>\n<p><strong>CL\u00c1USULA 7.- ACEPTACI\u00d3N DE LAS BASES Y RESPONSABILIDAD.<\/strong><br \/>\n1. El mero hecho de participar en el Sorteo implica la aceptaci\u00f3n \u00edntegra de las presentes<br \/>\nBases.<\/p>\n<p>2. GOIKO se reserva el derecho (i) a modificar las Bases del Sorteo, parcial o totalmente<br \/>\nen cualquier momento en la medida que no perjudique o menoscabe los derechos de los<br \/>\nparticipantes en el Sorteo, y (ii) a anularlo o dejar el premio desierto en caso de detectarse<br \/>\nalguna irregularidad. Realizada cualquier modificaci\u00f3n, \u00e9sta ser\u00e1 debidamente puesta en<br \/>\nconocimiento de los participantes.<br \/>\n3. Asimismo, GOIKO se reserva el derecho de excluir de la participaci\u00f3n en el Sorteo a<br \/>\ntodos aquellos participantes que, estime, est\u00e1n incumpliendo cualquier requisito o condici\u00f3n de<br \/>\nparticipaci\u00f3n incluida en las presentes Bases o utilizando las misma de manera abusiva o<br \/>\nfraudulenta. La exclusi\u00f3n de un participante, cualquiera que sea la causa, conlleva la p\u00e9rdida<br \/>\nde todos los derechos derivados de su condici\u00f3n como tal.<br \/>\n4. GOIKO queda exento de toda responsabilidad derivada de cualquier acci\u00f3n u omisi\u00f3n<br \/>\nimputable a terceros o a los participantes y\/o ganadores del Sorteo, que puedan afectar al<br \/>\ndesarrollo del Sorteo y\/o a la entrega del premio.<\/p>\n<p><strong>CL\u00c1USULA 8.- CAUSAS DE DESCALIFICACI\u00d3N DE UN PARTICIPANTE DEL SORTEO.<\/strong><br \/>\n1. El Sorteo se organiza con la pretensi\u00f3n de incentivar y fomentar la participaci\u00f3n de<br \/>\ntodos los participantes en condiciones de igualdad y con estricto respeto al principio general de<br \/>\nla buena fe. Por ese motivo, GOIKO excluir\u00e1 autom\u00e1tica e inmediatamente del mismo a<br \/>\ncualquier participante que transgreda las normas de honradez y buena fe, observe una<br \/>\nconducta mendaz, inadecuada, falaz o impropia, emplee medios desproporcionados,<br \/>\nfraudulentos o abusivos, o incumpla estas Bases en cualquiera de sus extremos.<br \/>\n2. En consecuencia y a t\u00edtulo de ejemplo, ser\u00e1n causas de exclusi\u00f3n del Sorteo:<br \/>\n\u25cf El empleo de v\u00edas, sistemas o dispositivos para alterar el sistema de votaciones, como<br \/>\nla compra de votos, o la introducci\u00f3n automatizada de datos o c\u00f3digos. La mera sospecha de<br \/>\nque un participante est\u00e1 utilizando cualquier sistema automatizado para la introducci\u00f3n masiva<br \/>\no repetitiva de los datos o c\u00f3digos necesarios para participar en el Sorteo, dar\u00e1 lugar a la<br \/>\nexclusi\u00f3n inmediata de todas sus participaciones y le inhabilitar\u00e1 para recibir cualquier premio,<br \/>\nsin que sea necesario comunic\u00e1rselo.<br \/>\n\u25cf La introducci\u00f3n de datos personales inexactos, err\u00f3neos, no coincidentes o falsos. La<br \/>\nconstataci\u00f3n de que un participante ha introducido datos personales inexactos, alterados o<br \/>\nfalsos, dar\u00e1 lugar a la exclusi\u00f3n inmediata de todas sus participaciones en la promoci\u00f3n, y le<br \/>\ninhabilitar\u00e1 para recibir cualquier premio, sin que sea necesario comunic\u00e1rselo.<br \/>\n\u25cf De igual modo, cualquier anomal\u00eda atribuible a un participante que impida, altere o<br \/>\nperturbe el normal desarrollo del Sorteo y\/o entrega del premio, que afecte o perjudique a<br \/>\ncualquier otro participante, que pueda falsear los datos de participaci\u00f3n, comprometa la<br \/>\nseguridad o la fiabilidad de los sistemas utilizados, o contravenga de alg\u00fan otro modo las<br \/>\npresentes Bases, dar\u00e1 derecho a GOIKO a excluir unilateral e inmediatamente a dicho<br \/>\nparticipante y dar cuenta de los hechos a las autoridades competentes.<br \/>\nEn caso de que cualquiera de las anteriores irregularidades, o cualesquiera otras, se detecten<br \/>\ncon posterioridad a la entrega efectiva de alguno de los premios, GOIKO se reserva el derecho<br \/>\nde ejercitar las acciones legales pertinentes contra su autor o responsable, entre otras, las<br \/>\ndirigidas a la devoluci\u00f3n del premio.<\/p>\n<p><strong>CL\u00c1USULA 9.- LEY APLICABLE &#8211; CONTROVERSIA.<\/strong><br \/>\nEstas Bases est\u00e1n sujetas a la legislaci\u00f3n espa\u00f1ola. Cualquier reclamaci\u00f3n relacionada con el<br \/>\nSorteo debe enviarse por correo electr\u00f3nico a GOIKO GOURMET, S.L a la direcci\u00f3n<br \/>\nsorteo@goiko.com, en los treinta (30) d\u00edas posteriores a la fecha l\u00edmite de participaci\u00f3n en el sorteo. En caso de controversia en la aplicaci\u00f3n o interpretaci\u00f3n de estas Bases y en ausencia<br \/>\nde un acuerdo amistoso, todo litigio estar\u00e1 sujeto a los Tribunales de la ciudad de Madrid.<\/p>\n","protected":false},"excerpt":{"rendered":"<p>BASES SORTEO VALORACI\u00d3N DELIVERY CL\u00c1USULA 1.- EMPRESA ORGANIZADORA. GOIKO GOURMET S.L. (\u201cGOIKO\u201d) con domicilio en Madrid CP 28003, C\/ Maestro \u00c1ngel Llorca 6, 5 Bajo, y CIF no 86590841, organiza en las fechas indicadas a continuaci\u00f3n, el sorteo gratuito, con obligaci\u00f3n de compra, llamado #ENCUESTA_SATISFACCION_DELIVERY (en adelante, el \u201cSorteo\u201d) de acuerdo con los requisitos que [&hellip;]<\/p>\n","protected":false},"author":1,"featured_media":37148,"parent":24894,"menu_order":67,"comment_status":"closed","ping_status":"closed","template":"templates\/template-baseslegales.php","meta":{"footnotes":""},"class_list":["post-38186","page","type-page","status-publish","has-post-thumbnail","hentry"],"acf":[],"yoast_head":"<!-- This site is optimized with the Yoast SEO plugin v23.8 - https:\/\/yoast.com\/wordpress\/plugins\/seo\/ -->\n<title>Bases valoraci\u00f3n delivery - GOIKO<\/title>\n<meta name=\"robots\" content=\"index, follow, max-snippet:-1, max-image-preview:large, max-video-preview:-1\" \/>\n<link rel=\"canonical\" href=\"https:\/\/www.goiko.com\/es\/bases-condiciones\/bases-valoracion-delivery\/\" \/>\n<meta property=\"og:locale\" content=\"es_ES\" \/>\n<meta property=\"og:type\" content=\"article\" \/>\n<meta property=\"og:title\" content=\"Bases valoraci\u00f3n delivery - GOIKO\" \/>\n<meta property=\"og:description\" content=\"BASES SORTEO VALORACI\u00d3N DELIVERY CL\u00c1USULA 1.- EMPRESA ORGANIZADORA. GOIKO GOURMET S.L. (\u201cGOIKO\u201d) con domicilio en Madrid CP 28003, C\/ Maestro \u00c1ngel Llorca 6, 5 Bajo, y CIF no 86590841, organiza en las fechas indicadas a continuaci\u00f3n, el sorteo gratuito, con obligaci\u00f3n de compra, llamado #ENCUESTA_SATISFACCION_DELIVERY (en adelante, el \u201cSorteo\u201d) de acuerdo con los requisitos que [&hellip;]\" \/>\n<meta property=\"og:url\" content=\"https:\/\/www.goiko.com\/es\/bases-condiciones\/bases-valoracion-delivery\/\" \/>\n<meta property=\"og:site_name\" content=\"GOIKO\" \/>\n<meta property=\"article:publisher\" content=\"https:\/\/www.facebook.com\/goiko\" \/>\n<meta property=\"article:modified_time\" content=\"2023-03-01T11:21:32+00:00\" \/>\n<meta property=\"og:image\" content=\"https:\/\/www.goiko.com\/es\/wp-content\/uploads\/2021\/07\/EncuestaSatisfaccio\u0301nDelivery_2.jpg\" \/>\n\t<meta property=\"og:image:width\" content=\"1800\" \/>\n\t<meta property=\"og:image:height\" content=\"1201\" \/>\n\t<meta property=\"og:image:type\" content=\"image\/jpeg\" \/>\n<meta name=\"twitter:card\" content=\"summary_large_image\" \/>\n<meta name=\"twitter:site\" content=\"@goiko\" \/>\n<meta name=\"twitter:label1\" content=\"Tiempo de lectura\" \/>\n\t<meta name=\"twitter:data1\" content=\"7 minutos\" \/>\n<script type=\"application\/ld+json\" class=\"yoast-schema-graph\">{\"@context\":\"https:\/\/schema.org\",\"@graph\":[{\"@type\":\"WebPage\",\"@id\":\"https:\/\/www.goiko.com\/es\/bases-condiciones\/bases-valoracion-delivery\/\",\"url\":\"https:\/\/www.goiko.com\/es\/bases-condiciones\/bases-valoracion-delivery\/\",\"name\":\"Bases valoraci\u00f3n delivery - GOIKO\",\"isPartOf\":{\"@id\":\"https:\/\/www.goiko.com\/es\/#website\"},\"primaryImageOfPage\":{\"@id\":\"https:\/\/www.goiko.com\/es\/bases-condiciones\/bases-valoracion-delivery\/#primaryimage\"},\"image\":{\"@id\":\"https:\/\/www.goiko.com\/es\/bases-condiciones\/bases-valoracion-delivery\/#primaryimage\"},\"thumbnailUrl\":\"https:\/\/www.goiko.com\/es\/wp-content\/uploads\/2021\/07\/EncuestaSatisfaccio\u0301nDelivery_2.jpg\",\"datePublished\":\"2021-11-12T16:43:14+00:00\",\"dateModified\":\"2023-03-01T11:21:32+00:00\",\"breadcrumb\":{\"@id\":\"https:\/\/www.goiko.com\/es\/bases-condiciones\/bases-valoracion-delivery\/#breadcrumb\"},\"inLanguage\":\"es\",\"potentialAction\":[{\"@type\":\"ReadAction\",\"target\":[\"https:\/\/www.goiko.com\/es\/bases-condiciones\/bases-valoracion-delivery\/\"]}]},{\"@type\":\"ImageObject\",\"inLanguage\":\"es\",\"@id\":\"https:\/\/www.goiko.com\/es\/bases-condiciones\/bases-valoracion-delivery\/#primaryimage\",\"url\":\"https:\/\/www.goiko.com\/es\/wp-content\/uploads\/2021\/07\/EncuestaSatisfaccio\u0301nDelivery_2.jpg\",\"contentUrl\":\"https:\/\/www.goiko.com\/es\/wp-content\/uploads\/2021\/07\/EncuestaSatisfaccio\u0301nDelivery_2.jpg\",\"width\":1800,\"height\":1201},{\"@type\":\"BreadcrumbList\",\"@id\":\"https:\/\/www.goiko.com\/es\/bases-condiciones\/bases-valoracion-delivery\/#breadcrumb\",\"itemListElement\":[{\"@type\":\"ListItem\",\"position\":1,\"name\":\"Portada\",\"item\":\"https:\/\/www.goiko.com\/es\/\"},{\"@type\":\"ListItem\",\"position\":2,\"name\":\"Bases y condiciones\",\"item\":\"https:\/\/www.goiko.com\/es\/bases-condiciones\/\"},{\"@type\":\"ListItem\",\"position\":3,\"name\":\"Bases valoraci\u00f3n delivery\"}]},{\"@type\":\"WebSite\",\"@id\":\"https:\/\/www.goiko.com\/es\/#website\",\"url\":\"https:\/\/www.goiko.com\/es\/\",\"name\":\"GOIKO\",\"description\":\"Chorreo Forever\",\"potentialAction\":[{\"@type\":\"SearchAction\",\"target\":{\"@type\":\"EntryPoint\",\"urlTemplate\":\"https:\/\/www.goiko.com\/es\/?s={search_term_string}\"},\"query-input\":{\"@type\":\"PropertyValueSpecification\",\"valueRequired\":true,\"valueName\":\"search_term_string\"}}],\"inLanguage\":\"es\"}]}<\/script>\n<!-- \/ Yoast SEO plugin. -->","yoast_head_json":{"title":"Bases valoraci\u00f3n delivery - GOIKO","robots":{"index":"index","follow":"follow","max-snippet":"max-snippet:-1","max-image-preview":"max-image-preview:large","max-video-preview":"max-video-preview:-1"},"canonical":"https:\/\/www.goiko.com\/es\/bases-condiciones\/bases-valoracion-delivery\/","og_locale":"es_ES","og_type":"article","og_title":"Bases valoraci\u00f3n delivery - GOIKO","og_description":"BASES SORTEO VALORACI\u00d3N DELIVERY CL\u00c1USULA 1.- EMPRESA ORGANIZADORA. GOIKO GOURMET S.L. (\u201cGOIKO\u201d) con domicilio en Madrid CP 28003, C\/ Maestro \u00c1ngel Llorca 6, 5 Bajo, y CIF no 86590841, organiza en las fechas indicadas a continuaci\u00f3n, el sorteo gratuito, con obligaci\u00f3n de compra, llamado #ENCUESTA_SATISFACCION_DELIVERY (en adelante, el \u201cSorteo\u201d) de acuerdo con los requisitos que [&hellip;]","og_url":"https:\/\/www.goiko.com\/es\/bases-condiciones\/bases-valoracion-delivery\/","og_site_name":"GOIKO","article_publisher":"https:\/\/www.facebook.com\/goiko","article_modified_time":"2023-03-01T11:21:32+00:00","og_image":[{"width":1800,"height":1201,"url":"https:\/\/www.goiko.com\/es\/wp-content\/uploads\/2021\/07\/EncuestaSatisfaccio\u0301nDelivery_2.jpg","type":"image\/jpeg"}],"twitter_card":"summary_large_image","twitter_site":"@goiko","twitter_misc":{"Tiempo de lectura":"7 minutos"},"schema":{"@context":"https:\/\/schema.org","@graph":[{"@type":"WebPage","@id":"https:\/\/www.goiko.com\/es\/bases-condiciones\/bases-valoracion-delivery\/","url":"https:\/\/www.goiko.com\/es\/bases-condiciones\/bases-valoracion-delivery\/","name":"Bases valoraci\u00f3n delivery - GOIKO","isPartOf":{"@id":"https:\/\/www.goiko.com\/es\/#website"},"primaryImageOfPage":{"@id":"https:\/\/www.goiko.com\/es\/bases-condiciones\/bases-valoracion-delivery\/#primaryimage"},"image":{"@id":"https:\/\/www.goiko.com\/es\/bases-condiciones\/bases-valoracion-delivery\/#primaryimage"},"thumbnailUrl":"https:\/\/www.goiko.com\/es\/wp-content\/uploads\/2021\/07\/EncuestaSatisfaccio\u0301nDelivery_2.jpg","datePublished":"2021-11-12T16:43:14+00:00","dateModified":"2023-03-01T11:21:32+00:00","breadcrumb":{"@id":"https:\/\/www.goiko.com\/es\/bases-condiciones\/bases-valoracion-delivery\/#breadcrumb"},"inLanguage":"es","potentialAction":[{"@type":"ReadAction","target":["https:\/\/www.goiko.com\/es\/bases-condiciones\/bases-valoracion-delivery\/"]}]},{"@type":"ImageObject","inLanguage":"es","@id":"https:\/\/www.goiko.com\/es\/bases-condiciones\/bases-valoracion-delivery\/#primaryimage","url":"https:\/\/www.goiko.com\/es\/wp-content\/uploads\/2021\/07\/EncuestaSatisfaccio\u0301nDelivery_2.jpg","contentUrl":"https:\/\/www.goiko.com\/es\/wp-content\/uploads\/2021\/07\/EncuestaSatisfaccio\u0301nDelivery_2.jpg","width":1800,"height":1201},{"@type":"BreadcrumbList","@id":"https:\/\/www.goiko.com\/es\/bases-condiciones\/bases-valoracion-delivery\/#breadcrumb","itemListElement":[{"@type":"ListItem","position":1,"name":"Portada","item":"https:\/\/www.goiko.com\/es\/"},{"@type":"ListItem","position":2,"name":"Bases y condiciones","item":"https:\/\/www.goiko.com\/es\/bases-condiciones\/"},{"@type":"ListItem","position":3,"name":"Bases valoraci\u00f3n delivery"}]},{"@type":"WebSite","@id":"https:\/\/www.goiko.com\/es\/#website","url":"https:\/\/www.goiko.com\/es\/","name":"GOIKO","description":"Chorreo Forever","potentialAction":[{"@type":"SearchAction","target":{"@type":"EntryPoint","urlTemplate":"https:\/\/www.goiko.com\/es\/?s={search_term_string}"},"query-input":{"@type":"PropertyValueSpecification","valueRequired":true,"valueName":"search_term_string"}}],"inLanguage":"es"}]}},"_links":{"self":[{"href":"https:\/\/www.goiko.com\/es\/wp-json\/wp\/v2\/pages\/38186","targetHints":{"allow":["GET"]}}],"collection":[{"href":"https:\/\/www.goiko.com\/es\/wp-json\/wp\/v2\/pages"}],"about":[{"href":"https:\/\/www.goiko.com\/es\/wp-json\/wp\/v2\/types\/page"}],"author":[{"embeddable":true,"href":"https:\/\/www.goiko.com\/es\/wp-json\/wp\/v2\/users\/1"}],"replies":[{"embeddable":true,"href":"https:\/\/www.goiko.com\/es\/wp-json\/wp\/v2\/comments?post=38186"}],"version-history":[{"count":3,"href":"https:\/\/www.goiko.com\/es\/wp-json\/wp\/v2\/pages\/38186\/revisions"}],"predecessor-version":[{"id":45033,"href":"https:\/\/www.goiko.com\/es\/wp-json\/wp\/v2\/pages\/38186\/revisions\/45033"}],"up":[{"embeddable":true,"href":"https:\/\/www.goiko.com\/es\/wp-json\/wp\/v2\/pages\/24894"}],"wp:featuredmedia":[{"embeddable":true,"href":"https:\/\/www.goiko.com\/es\/wp-json\/wp\/v2\/media\/37148"}],"wp:attachment":[{"href":"https:\/\/www.goiko.com\/es\/wp-json\/wp\/v2\/media?parent=38186"}],"curies":[{"name":"wp","href":"https:\/\/api.w.org\/{rel}","templated":true}]}}