{"id":40820,"date":"2022-04-22T18:20:09","date_gmt":"2022-04-22T17:20:09","guid":{"rendered":"https:\/\/www.goiko.com\/?page_id=40820"},"modified":"2025-02-19T12:40:20","modified_gmt":"2025-02-19T11:40:20","slug":"foodtruck","status":"publish","type":"page","link":"https:\/\/www.goiko.com\/es\/foodtruck\/","title":{"rendered":"Las Bestias"},"content":{"rendered":"\t\t<div data-elementor-type=\"wp-page\" data-elementor-id=\"40820\" class=\"elementor elementor-40820\" data-elementor-post-type=\"page\">\n\t\t\t\t\t\t<section class=\"elementor-section elementor-top-section elementor-element elementor-element-0302bff elementor-section-height-min-height elementor-section-boxed elementor-section-height-default elementor-section-items-middle\" data-id=\"0302bff\" data-element_type=\"section\" data-settings=\"{&quot;background_background&quot;:&quot;classic&quot;}\">\n\t\t\t\t\t\t<div class=\"elementor-container elementor-column-gap-default\">\n\t\t\t\t\t<div class=\"elementor-column elementor-col-100 elementor-top-column elementor-element elementor-element-bc56695\" data-id=\"bc56695\" data-element_type=\"column\">\n\t\t\t<div class=\"elementor-widget-wrap\">\n\t\t\t\t\t\t\t<\/div>\n\t\t<\/div>\n\t\t\t\t\t<\/div>\n\t\t<\/section>\n\t\t\t\t<section class=\"elementor-section elementor-top-section elementor-element elementor-element-a970286 elementor-section-boxed elementor-section-height-default elementor-section-height-default\" data-id=\"a970286\" data-element_type=\"section\">\n\t\t\t\t\t\t<div class=\"elementor-container elementor-column-gap-default\">\n\t\t\t\t\t<div class=\"elementor-column elementor-col-100 elementor-top-column elementor-element elementor-element-ea44554\" data-id=\"ea44554\" data-element_type=\"column\">\n\t\t\t<div class=\"elementor-widget-wrap elementor-element-populated\">\n\t\t\t\t\t\t<div class=\"elementor-element elementor-element-3246d6c elementor-widget elementor-widget-heading\" data-id=\"3246d6c\" data-element_type=\"widget\" data-widget_type=\"heading.default\">\n\t\t\t\t<div class=\"elementor-widget-container\">\n\t\t\t<h2 class=\"elementor-heading-title elementor-size-default\">\u00a1LAS BESTIAS NO PARAN!<\/h2>\t\t<\/div>\n\t\t\t\t<\/div>\n\t\t\t\t<div class=\"elementor-element elementor-element-13e1bb7 elementor-widget elementor-widget-text-editor\" data-id=\"13e1bb7\" data-element_type=\"widget\" data-widget_type=\"text-editor.default\">\n\t\t\t\t<div class=\"elementor-widget-container\">\n\t\t\t\t\t\t\t<p>Nuestros foodtrucks GOIKO llevan dos a\u00f1os de pura adrenalina, recorriendo los mejores eventos y festivales del pa\u00eds. \u00a1Estamos donde est\u00e1 el buen rollo, listos para servir nuestras street burgers!<\/p><p>LA BESTIA no tiene asientos, pero s\u00ed un par de planchas listas para cocinar las burgers m\u00e1s \u00e9picas. Y prep\u00e1rate\u2026 \u00a1Ya estamos calentando motores para arrasar en 2025!<\/p>\t\t\t\t\t\t<\/div>\n\t\t\t\t<\/div>\n\t\t\t\t<div class=\"elementor-element elementor-element-fdc2fc6 elementor-widget elementor-widget-image\" data-id=\"fdc2fc6\" data-element_type=\"widget\" data-widget_type=\"image.default\">\n\t\t\t\t<div class=\"elementor-widget-container\">\n\t\t\t\t\t\t\t\t\t\t\t\t\t<img fetchpriority=\"high\" decoding=\"async\" width=\"548\" height=\"257\" src=\"https:\/\/www.goiko.com\/es\/wp-content\/uploads\/2022\/04\/Ilustracion.svg\" class=\"attachment-large size-large wp-image-40846\" alt=\"\" \/>\t\t\t\t\t\t\t\t\t\t\t\t\t<\/div>\n\t\t\t\t<\/div>\n\t\t\t\t<div class=\"elementor-element elementor-element-4e5621b elementor-widget elementor-widget-text-editor\" data-id=\"4e5621b\" data-element_type=\"widget\" data-widget_type=\"text-editor.default\">\n\t\t\t\t<div class=\"elementor-widget-container\">\n\t\t\t\t\t\t\t<p>LAS BESTIAS son un GOIKO todoterreno, sin asientos pero con un par de planchas ready para montar las mejores street burgers.<\/p>\t\t\t\t\t\t<\/div>\n\t\t\t\t<\/div>\n\t\t\t\t<div class=\"elementor-element elementor-element-8933113 elementor-widget elementor-widget-text-editor\" data-id=\"8933113\" data-element_type=\"widget\" data-widget_type=\"text-editor.default\">\n\t\t\t\t<div class=\"elementor-widget-container\">\n\t\t\t\t\t\t\t<p><strong>DOS FOODTRUCKS<\/strong> listos para viajar donde est\u00e9n las ganas de burger.<\/p>\t\t\t\t\t\t<\/div>\n\t\t\t\t<\/div>\n\t\t\t\t<div class=\"elementor-element elementor-element-af0a19b elementor-widget elementor-widget-video\" data-id=\"af0a19b\" data-element_type=\"widget\" data-settings=\"{&quot;youtube_url&quot;:&quot;https:\\\/\\\/youtu.be\\\/p04md3YTO64&quot;,&quot;video_type&quot;:&quot;youtube&quot;,&quot;controls&quot;:&quot;yes&quot;}\" data-widget_type=\"video.default\">\n\t\t\t\t<div class=\"elementor-widget-container\">\n\t\t\t\t\t<div class=\"elementor-wrapper elementor-open-inline\">\n\t\t\t<div class=\"elementor-video\"><\/div>\t\t<\/div>\n\t\t\t\t<\/div>\n\t\t\t\t<\/div>\n\t\t\t\t\t<\/div>\n\t\t<\/div>\n\t\t\t\t\t<\/div>\n\t\t<\/section>\n\t\t\t\t<section class=\"elementor-section elementor-top-section elementor-element elementor-element-87a8491 elementor-hidden-desktop elementor-hidden-tablet elementor-hidden-mobile elementor-section-boxed elementor-section-height-default elementor-section-height-default\" data-id=\"87a8491\" data-element_type=\"section\">\n\t\t\t\t\t\t<div class=\"elementor-container elementor-column-gap-default\">\n\t\t\t\t\t<div class=\"elementor-column elementor-col-100 elementor-top-column elementor-element elementor-element-0f37965\" data-id=\"0f37965\" data-element_type=\"column\">\n\t\t\t<div class=\"elementor-widget-wrap elementor-element-populated\">\n\t\t\t\t\t\t<div class=\"elementor-element elementor-element-3a9a316 elementor-widget-divider--view-line elementor-widget elementor-widget-divider\" data-id=\"3a9a316\" data-element_type=\"widget\" data-widget_type=\"divider.default\">\n\t\t\t\t<div class=\"elementor-widget-container\">\n\t\t\t\t\t<div class=\"elementor-divider\">\n\t\t\t<span class=\"elementor-divider-separator\">\n\t\t\t\t\t\t<\/span>\n\t\t<\/div>\n\t\t\t\t<\/div>\n\t\t\t\t<\/div>\n\t\t\t\t<div class=\"elementor-element elementor-element-4825bf6 elementor-widget elementor-widget-heading\" data-id=\"4825bf6\" data-element_type=\"widget\" data-widget_type=\"heading.default\">\n\t\t\t\t<div class=\"elementor-widget-container\">\n\t\t\t<h2 class=\"elementor-heading-title elementor-size-default\">\u00bfNECESITAS UNA BESTIA EN TU VIDA?<\/h2>\t\t<\/div>\n\t\t\t\t<\/div>\n\t\t\t\t<div class=\"elementor-element elementor-element-8205450 elementor-widget elementor-widget-text-editor\" data-id=\"8205450\" data-element_type=\"widget\" data-widget_type=\"text-editor.default\">\n\t\t\t\t<div class=\"elementor-widget-container\">\n\t\t\t\t\t\t\t<p>Recuerda que <span style=\"text-decoration: underline;\">se requiere el pago por anticipado<\/span> al momento de la contrataci\u00f3n del Foodtruck para cualquier evento.\u00a0<\/p><p><span style=\"color: var( --e-global-color-text ); font-weight: var( --e-global-typography-text-font-weight );\">D\u00e9janos tus datos y te contactaremos.<\/span><\/p><p>\u00a0<\/p>\t\t\t\t\t\t<\/div>\n\t\t\t\t<\/div>\n\t\t\t\t<div class=\"elementor-element elementor-element-7371bcb elementor-button-align-center elementor-hidden-desktop elementor-hidden-tablet elementor-hidden-mobile elementor-widget elementor-widget-form\" data-id=\"7371bcb\" data-element_type=\"widget\" data-settings=\"{&quot;button_width&quot;:&quot;100&quot;,&quot;step_type&quot;:&quot;number_text&quot;,&quot;step_icon_shape&quot;:&quot;circle&quot;}\" data-widget_type=\"form.default\">\n\t\t\t\t<div class=\"elementor-widget-container\">\n\t\t\t\t\t<form class=\"elementor-form\" method=\"post\" name=\"Formulario Foodtruck\">\n\t\t\t<input type=\"hidden\" name=\"post_id\" value=\"40820\"\/>\n\t\t\t<input type=\"hidden\" name=\"form_id\" value=\"7371bcb\"\/>\n\t\t\t<input type=\"hidden\" name=\"referer_title\" value=\"GOIKO\" \/>\n\n\t\t\t\n\t\t\t<div class=\"elementor-form-fields-wrapper elementor-labels-above\">\n\t\t\t\t\t\t\t\t<div class=\"elementor-field-type-text elementor-field-group elementor-column elementor-field-group-name elementor-col-50 elementor-field-required\">\n\t\t\t\t\t\t\t\t\t\t\t\t<label for=\"form-field-name\" class=\"elementor-field-label\">\n\t\t\t\t\t\t\t\tNombre y Apellidos\t\t\t\t\t\t\t<\/label>\n\t\t\t\t\t\t\t\t\t\t\t\t\t\t<input size=\"1\" type=\"text\" name=\"form_fields[name]\" id=\"form-field-name\" class=\"elementor-field elementor-size-sm  elementor-field-textual\" required=\"required\" aria-required=\"true\">\n\t\t\t\t\t\t\t\t\t\t\t<\/div>\n\t\t\t\t\t\t\t\t<div class=\"elementor-field-type-email elementor-field-group elementor-column elementor-field-group-field_e1b3e4b elementor-col-50 elementor-field-required\">\n\t\t\t\t\t\t\t\t\t\t\t\t<label for=\"form-field-field_e1b3e4b\" class=\"elementor-field-label\">\n\t\t\t\t\t\t\t\tCorreo\t\t\t\t\t\t\t<\/label>\n\t\t\t\t\t\t\t\t\t\t\t\t\t\t<input size=\"1\" type=\"email\" name=\"form_fields[field_e1b3e4b]\" id=\"form-field-field_e1b3e4b\" class=\"elementor-field elementor-size-sm  elementor-field-textual\" required=\"required\" aria-required=\"true\">\n\t\t\t\t\t\t\t\t\t\t\t<\/div>\n\t\t\t\t\t\t\t\t<div class=\"elementor-field-type-text elementor-field-group elementor-column elementor-field-group-email elementor-col-50 elementor-field-required\">\n\t\t\t\t\t\t\t\t\t\t\t\t<label for=\"form-field-email\" class=\"elementor-field-label\">\n\t\t\t\t\t\t\t\tTel\u00e9fono\t\t\t\t\t\t\t<\/label>\n\t\t\t\t\t\t\t\t\t\t\t\t\t\t<input size=\"1\" type=\"text\" name=\"form_fields[email]\" id=\"form-field-email\" class=\"elementor-field elementor-size-sm  elementor-field-textual\" required=\"required\" aria-required=\"true\">\n\t\t\t\t\t\t\t\t\t\t\t<\/div>\n\t\t\t\t\t\t\t\t<div class=\"elementor-field-type-date elementor-field-group elementor-column elementor-field-group-field_e7632a6 elementor-col-50 elementor-field-required\">\n\t\t\t\t\t\t\t\t\t\t\t\t<label for=\"form-field-field_e7632a6\" class=\"elementor-field-label\">\n\t\t\t\t\t\t\t\tFecha del evento\t\t\t\t\t\t\t<\/label>\n\t\t\t\t\t\t\n\t\t<input type=\"date\" name=\"form_fields[field_e7632a6]\" id=\"form-field-field_e7632a6\" class=\"elementor-field elementor-size-sm  elementor-field-textual elementor-date-field elementor-use-native\" required=\"required\" aria-required=\"true\" pattern=\"[0-9]{4}-[0-9]{2}-[0-9]{2}\">\n\t\t\t\t\t\t<\/div>\n\t\t\t\t\t\t\t\t<div class=\"elementor-field-type-text elementor-field-group elementor-column elementor-field-group-field_afb41aa elementor-col-50 elementor-field-required\">\n\t\t\t\t\t\t\t\t\t\t\t\t<label for=\"form-field-field_afb41aa\" class=\"elementor-field-label\">\n\t\t\t\t\t\t\t\tLugar del evento\t\t\t\t\t\t\t<\/label>\n\t\t\t\t\t\t\t\t\t\t\t\t\t\t<input size=\"1\" type=\"text\" name=\"form_fields[field_afb41aa]\" id=\"form-field-field_afb41aa\" class=\"elementor-field elementor-size-sm  elementor-field-textual\" required=\"required\" aria-required=\"true\">\n\t\t\t\t\t\t\t\t\t\t\t<\/div>\n\t\t\t\t\t\t\t\t<div class=\"elementor-field-type-select elementor-field-group elementor-column elementor-field-group-field_d5a3a85 elementor-col-50\">\n\t\t\t\t\t\t\t\t\t\t\t\t<label for=\"form-field-field_d5a3a85\" class=\"elementor-field-label\">\n\t\t\t\t\t\t\t\tDuraci\u00f3n del evento\t\t\t\t\t\t\t<\/label>\n\t\t\t\t\t\t\t\t<div class=\"elementor-field elementor-select-wrapper remove-before \">\n\t\t\t<div class=\"select-caret-down-wrapper\">\n\t\t\t\t<i aria-hidden=\"true\" class=\"eicon-caret-down\"><\/i>\t\t\t<\/div>\n\t\t\t<select name=\"form_fields[field_d5a3a85]\" id=\"form-field-field_d5a3a85\" class=\"elementor-field-textual elementor-size-sm\">\n\t\t\t\t\t\t\t\t\t<option value=\"1 hora\">1 hora<\/option>\n\t\t\t\t\t\t\t\t\t<option value=\"2 horas\">2 horas<\/option>\n\t\t\t\t\t\t\t\t\t<option value=\"3 horas\">3 horas<\/option>\n\t\t\t\t\t\t\t\t\t<option value=\"4 horas\">4 horas<\/option>\n\t\t\t\t\t\t\t\t\t<option value=\"5 horas\">5 horas<\/option>\n\t\t\t\t\t\t\t\t\t<option value=\"6 horas\">6 horas<\/option>\n\t\t\t\t\t\t\t\t\t<option value=\"7 horas\">7 horas<\/option>\n\t\t\t\t\t\t\t\t\t<option value=\"8 horas\">8 horas<\/option>\n\t\t\t\t\t\t\t\t\t<option value=\"9 horas\">9 horas<\/option>\n\t\t\t\t\t\t\t\t\t<option value=\"10 horas\">10 horas<\/option>\n\t\t\t\t\t\t\t\t\t<option value=\"11 horas\">11 horas<\/option>\n\t\t\t\t\t\t\t\t\t<option value=\"12 horas\">12 horas<\/option>\n\t\t\t\t\t\t\t<\/select>\n\t\t<\/div>\n\t\t\t\t\t\t<\/div>\n\t\t\t\t\t\t\t\t<div class=\"elementor-field-type-number elementor-field-group elementor-column elementor-field-group-field_e7cb05f elementor-col-50 elementor-field-required\">\n\t\t\t\t\t\t\t\t\t\t\t\t<label for=\"form-field-field_e7cb05f\" class=\"elementor-field-label\">\n\t\t\t\t\t\t\t\tN\u00famero de burgers (M\u00ednimo 150)\t\t\t\t\t\t\t<\/label>\n\t\t\t\t\t\t\t\t\t<input type=\"number\" name=\"form_fields[field_e7cb05f]\" id=\"form-field-field_e7cb05f\" class=\"elementor-field elementor-size-sm  elementor-field-textual\" required=\"required\" aria-required=\"true\" min=\"150\" max=\"\" >\n\t\t\t\t\t\t<\/div>\n\t\t\t\t\t\t\t\t<div class=\"elementor-field-type-number elementor-field-group elementor-column elementor-field-group-field_f2279b2 elementor-col-50 elementor-field-required\">\n\t\t\t\t\t\t\t\t\t\t\t\t<label for=\"form-field-field_f2279b2\" class=\"elementor-field-label\">\n\t\t\t\t\t\t\t\tN\u00famero de patatas\t\t\t\t\t\t\t<\/label>\n\t\t\t\t\t\t\t\t\t<input type=\"number\" name=\"form_fields[field_f2279b2]\" id=\"form-field-field_f2279b2\" class=\"elementor-field elementor-size-sm  elementor-field-textual\" required=\"required\" aria-required=\"true\" min=\"0\" max=\"\" >\n\t\t\t\t\t\t<\/div>\n\t\t\t\t\t\t\t\t<div class=\"elementor-field-type-html elementor-field-group elementor-column elementor-field-group-field_d28d1c1 elementor-col-100\">\n\t\t\t\t\t<p style=\"font-size: 11px; color: #595959\"><strong>Responsable de tratamiento:<\/strong> Sus datos ser\u00e1n tratados por GOIKO GRILL GROUP, S.L., con NIF ESB87771945, direcci\u00f3n C\/ Maestro \u00c1ngel Llorca, 6, 5\u00ba, 28003 \u2013 Madrid (Madrid)<br>\n\n<strong>Finalidad y legitimaci\u00f3n:<\/strong> Trataremos sus datos personales con el fin de ofrecerle la informaci\u00f3n solicitada acerca del servicio de Food Truck \u201cLa Bestia\u201d y sobre nuestros productos, en base a su consentimiento, de conformidad con el art. 6.1 a) del RGPD.<br>\n<strong>Cesiones:<\/strong> No ser\u00e1n cedidos a terceros salvo obligaci\u00f3n legal.\n<br>\n<strong>Derechos:<\/strong> Le informamos que puede ejercer sus derechos de acceso, rectificaci\u00f3n, supresi\u00f3n, oposici\u00f3n, limitaci\u00f3n del tratamiento, portabilidad y no ser objeto de decisiones automatizadas a trav\u00e9s de este formulario de contacto o dirigi\u00e9ndose a la siguiente direcci\u00f3n de correo electr\u00f3nico: dpo@goiko.com, o tambi\u00e9n por escrito, adjuntando una copia de un documento acreditativo de su identidad a la direcci\u00f3n: C\/ Maestro \u00c1ngel Llorca, 6, 5\u00ba, 28003 \u2013 Madrid (Madrid)\n<br>\n<strong>Informaci\u00f3n adicional:<\/strong> Puede consultar la informaci\u00f3n adicional y detallada sobre Protecci\u00f3n de datos en nuestra pol\u00edtica de privacidad: <a href=\"https:\/\/www.goiko.com\/politica_de_privacidad\/ \" target=\"_blank\">https:\/\/www.goiko.com\/politica_de_privacidad\/ <\/a><\/p>\t\t\t\t<\/div>\n\t\t\t\t\t\t\t\t<div class=\"elementor-field-type-acceptance elementor-field-group elementor-column elementor-field-group-field_320de0c elementor-col-100 elementor-field-required\">\n\t\t\t\t\t\t\t<div class=\"elementor-field-subgroup\">\n\t\t\t<span class=\"elementor-field-option\">\n\t\t\t\t<input type=\"checkbox\" name=\"form_fields[field_320de0c]\" id=\"form-field-field_320de0c\" class=\"elementor-field elementor-size-sm  elementor-acceptance-field\" required=\"required\" aria-required=\"true\">\n\t\t\t\t<label for=\"form-field-field_320de0c\">Acepto el tratamiento de datos con la finalidad de recibir la informaci\u00f3n solicitada.<\/label>\t\t\t<\/span>\n\t\t<\/div>\n\t\t\t\t\t\t<\/div>\n\t\t\t\t\t\t\t\t<div class=\"elementor-field-type-hidden elementor-field-group elementor-column elementor-field-group-field_fbf3120 elementor-col-100\">\n\t\t\t\t\t\t\t\t\t\t\t\t\t<input size=\"1\" type=\"hidden\" name=\"form_fields[field_fbf3120]\" id=\"form-field-field_fbf3120\" class=\"elementor-field elementor-size-sm  elementor-field-textual\" value=\"8 mayo, 2026 12:09 pm\">\n\t\t\t\t\t\t\t\t\t\t\t<\/div>\n\t\t\t\t\t\t\t\t<div class=\"elementor-field-group elementor-column elementor-field-type-submit elementor-col-100 e-form__buttons\">\n\t\t\t\t\t<button class=\"elementor-button elementor-size-md\" type=\"submit\">\n\t\t\t\t\t\t<span class=\"elementor-button-content-wrapper\">\n\t\t\t\t\t\t\t\t\t\t\t\t\t\t\t\t\t\t\t\t\t\t<span class=\"elementor-button-text\">Enviar<\/span>\n\t\t\t\t\t\t\t\t\t\t\t\t\t<\/span>\n\t\t\t\t\t<\/button>\n\t\t\t\t<\/div>\n\t\t\t<\/div>\n\t\t<\/form>\n\t\t\t\t<\/div>\n\t\t\t\t<\/div>\n\t\t\t\t\t<\/div>\n\t\t<\/div>\n\t\t\t\t\t<\/div>\n\t\t<\/section>\n\t\t\t\t<section class=\"elementor-section elementor-top-section elementor-element elementor-element-57e01f3 elementor-section-boxed elementor-section-height-default elementor-section-height-default\" data-id=\"57e01f3\" data-element_type=\"section\">\n\t\t\t\t\t\t<div class=\"elementor-container elementor-column-gap-default\">\n\t\t\t\t\t<div class=\"elementor-column elementor-col-100 elementor-top-column elementor-element elementor-element-0b955ad\" data-id=\"0b955ad\" data-element_type=\"column\">\n\t\t\t<div class=\"elementor-widget-wrap elementor-element-populated\">\n\t\t\t\t\t\t<div class=\"elementor-element elementor-element-e0ac095 elementor-widget elementor-widget-spacer\" data-id=\"e0ac095\" data-element_type=\"widget\" data-widget_type=\"spacer.default\">\n\t\t\t\t<div class=\"elementor-widget-container\">\n\t\t\t\t\t<div class=\"elementor-spacer\">\n\t\t\t<div class=\"elementor-spacer-inner\"><\/div>\n\t\t<\/div>\n\t\t\t\t<\/div>\n\t\t\t\t<\/div>\n\t\t\t\t\t<\/div>\n\t\t<\/div>\n\t\t\t\t\t<\/div>\n\t\t<\/section>\n\t\t\t\t<\/div>\n\t\t","protected":false},"excerpt":{"rendered":"<p>\u00a1LAS BESTIAS NO PARAN! Nuestros foodtrucks GOIKO llevan dos a\u00f1os de pura adrenalina, recorriendo los mejores eventos y festivales del pa\u00eds. \u00a1Estamos donde est\u00e1 el buen rollo, listos para servir nuestras street burgers! LA BESTIA no tiene asientos, pero s\u00ed un par de planchas listas para cocinar las burgers m\u00e1s \u00e9picas. Y prep\u00e1rate\u2026 \u00a1Ya estamos [&hellip;]<\/p>\n","protected":false},"author":1,"featured_media":48484,"parent":0,"menu_order":42,"comment_status":"closed","ping_status":"closed","template":"templates\/template-landings.php","meta":{"footnotes":""},"class_list":["post-40820","page","type-page","status-publish","has-post-thumbnail","hentry"],"acf":[],"yoast_head":"<!-- This site is optimized with the Yoast SEO plugin v23.8 - https:\/\/yoast.com\/wordpress\/plugins\/seo\/ -->\n<title>Foodtrucks para eventos - GOIKO<\/title>\n<meta name=\"description\" content=\"Nos hemos lanzado a la carretera con dos foodtrucks de GOIKO: LA BESTIA y su hermana, LA MINI BESTIA. Un d\u00fao salvaje sobre ruedas.\" \/>\n<meta name=\"robots\" content=\"index, follow, max-snippet:-1, max-image-preview:large, max-video-preview:-1\" \/>\n<link rel=\"canonical\" href=\"https:\/\/www.goiko.com\/es\/foodtruck\/\" \/>\n<meta property=\"og:locale\" content=\"es_ES\" \/>\n<meta property=\"og:type\" content=\"article\" \/>\n<meta property=\"og:title\" content=\"Foodtrucks para eventos - GOIKO\" \/>\n<meta property=\"og:description\" content=\"Nos hemos lanzado a la carretera con dos foodtrucks de GOIKO: LA BESTIA y su hermana, LA MINI BESTIA. Un d\u00fao salvaje sobre ruedas.\" \/>\n<meta property=\"og:url\" content=\"https:\/\/www.goiko.com\/es\/foodtruck\/\" \/>\n<meta property=\"og:site_name\" content=\"GOIKO\" \/>\n<meta property=\"article:publisher\" content=\"https:\/\/www.facebook.com\/goiko\" \/>\n<meta property=\"article:modified_time\" content=\"2025-02-19T11:40:20+00:00\" \/>\n<meta property=\"og:image\" content=\"https:\/\/www.goiko.com\/es\/wp-content\/uploads\/2023\/07\/Foodtruck_Carrousel-1200x800_V1.jpg\" \/>\n\t<meta property=\"og:image:width\" content=\"1200\" \/>\n\t<meta property=\"og:image:height\" content=\"800\" \/>\n\t<meta property=\"og:image:type\" content=\"image\/jpeg\" \/>\n<meta name=\"twitter:card\" content=\"summary_large_image\" \/>\n<meta name=\"twitter:site\" content=\"@goiko\" \/>\n<meta name=\"twitter:label1\" content=\"Tiempo de lectura\" \/>\n\t<meta name=\"twitter:data1\" content=\"2 minutos\" \/>\n<script type=\"application\/ld+json\" class=\"yoast-schema-graph\">{\"@context\":\"https:\/\/schema.org\",\"@graph\":[{\"@type\":\"WebPage\",\"@id\":\"https:\/\/www.goiko.com\/es\/foodtruck\/\",\"url\":\"https:\/\/www.goiko.com\/es\/foodtruck\/\",\"name\":\"Foodtrucks para eventos - GOIKO\",\"isPartOf\":{\"@id\":\"https:\/\/www.goiko.com\/es\/#website\"},\"primaryImageOfPage\":{\"@id\":\"https:\/\/www.goiko.com\/es\/foodtruck\/#primaryimage\"},\"image\":{\"@id\":\"https:\/\/www.goiko.com\/es\/foodtruck\/#primaryimage\"},\"thumbnailUrl\":\"https:\/\/www.goiko.com\/es\/wp-content\/uploads\/2023\/07\/Foodtruck_Carrousel-1200x800_V1.jpg\",\"datePublished\":\"2022-04-22T17:20:09+00:00\",\"dateModified\":\"2025-02-19T11:40:20+00:00\",\"description\":\"Nos hemos lanzado a la carretera con dos foodtrucks de GOIKO: LA BESTIA y su hermana, LA MINI BESTIA. Un d\u00fao salvaje sobre ruedas.\",\"breadcrumb\":{\"@id\":\"https:\/\/www.goiko.com\/es\/foodtruck\/#breadcrumb\"},\"inLanguage\":\"es\",\"potentialAction\":[{\"@type\":\"ReadAction\",\"target\":[\"https:\/\/www.goiko.com\/es\/foodtruck\/\"]}]},{\"@type\":\"ImageObject\",\"inLanguage\":\"es\",\"@id\":\"https:\/\/www.goiko.com\/es\/foodtruck\/#primaryimage\",\"url\":\"https:\/\/www.goiko.com\/es\/wp-content\/uploads\/2023\/07\/Foodtruck_Carrousel-1200x800_V1.jpg\",\"contentUrl\":\"https:\/\/www.goiko.com\/es\/wp-content\/uploads\/2023\/07\/Foodtruck_Carrousel-1200x800_V1.jpg\",\"width\":1200,\"height\":800},{\"@type\":\"BreadcrumbList\",\"@id\":\"https:\/\/www.goiko.com\/es\/foodtruck\/#breadcrumb\",\"itemListElement\":[{\"@type\":\"ListItem\",\"position\":1,\"name\":\"Portada\",\"item\":\"https:\/\/www.goiko.com\/es\/\"},{\"@type\":\"ListItem\",\"position\":2,\"name\":\"Las Bestias\"}]},{\"@type\":\"WebSite\",\"@id\":\"https:\/\/www.goiko.com\/es\/#website\",\"url\":\"https:\/\/www.goiko.com\/es\/\",\"name\":\"GOIKO\",\"description\":\"Chorreo Forever\",\"potentialAction\":[{\"@type\":\"SearchAction\",\"target\":{\"@type\":\"EntryPoint\",\"urlTemplate\":\"https:\/\/www.goiko.com\/es\/?s={search_term_string}\"},\"query-input\":{\"@type\":\"PropertyValueSpecification\",\"valueRequired\":true,\"valueName\":\"search_term_string\"}}],\"inLanguage\":\"es\"}]}<\/script>\n<!-- \/ Yoast SEO plugin. -->","yoast_head_json":{"title":"Foodtrucks para eventos - GOIKO","description":"Nos hemos lanzado a la carretera con dos foodtrucks de GOIKO: LA BESTIA y su hermana, LA MINI BESTIA. Un d\u00fao salvaje sobre ruedas.","robots":{"index":"index","follow":"follow","max-snippet":"max-snippet:-1","max-image-preview":"max-image-preview:large","max-video-preview":"max-video-preview:-1"},"canonical":"https:\/\/www.goiko.com\/es\/foodtruck\/","og_locale":"es_ES","og_type":"article","og_title":"Foodtrucks para eventos - GOIKO","og_description":"Nos hemos lanzado a la carretera con dos foodtrucks de GOIKO: LA BESTIA y su hermana, LA MINI BESTIA. Un d\u00fao salvaje sobre ruedas.","og_url":"https:\/\/www.goiko.com\/es\/foodtruck\/","og_site_name":"GOIKO","article_publisher":"https:\/\/www.facebook.com\/goiko","article_modified_time":"2025-02-19T11:40:20+00:00","og_image":[{"width":1200,"height":800,"url":"https:\/\/www.goiko.com\/es\/wp-content\/uploads\/2023\/07\/Foodtruck_Carrousel-1200x800_V1.jpg","type":"image\/jpeg"}],"twitter_card":"summary_large_image","twitter_site":"@goiko","twitter_misc":{"Tiempo de lectura":"2 minutos"},"schema":{"@context":"https:\/\/schema.org","@graph":[{"@type":"WebPage","@id":"https:\/\/www.goiko.com\/es\/foodtruck\/","url":"https:\/\/www.goiko.com\/es\/foodtruck\/","name":"Foodtrucks para eventos - GOIKO","isPartOf":{"@id":"https:\/\/www.goiko.com\/es\/#website"},"primaryImageOfPage":{"@id":"https:\/\/www.goiko.com\/es\/foodtruck\/#primaryimage"},"image":{"@id":"https:\/\/www.goiko.com\/es\/foodtruck\/#primaryimage"},"thumbnailUrl":"https:\/\/www.goiko.com\/es\/wp-content\/uploads\/2023\/07\/Foodtruck_Carrousel-1200x800_V1.jpg","datePublished":"2022-04-22T17:20:09+00:00","dateModified":"2025-02-19T11:40:20+00:00","description":"Nos hemos lanzado a la carretera con dos foodtrucks de GOIKO: LA BESTIA y su hermana, LA MINI BESTIA. Un d\u00fao salvaje sobre ruedas.","breadcrumb":{"@id":"https:\/\/www.goiko.com\/es\/foodtruck\/#breadcrumb"},"inLanguage":"es","potentialAction":[{"@type":"ReadAction","target":["https:\/\/www.goiko.com\/es\/foodtruck\/"]}]},{"@type":"ImageObject","inLanguage":"es","@id":"https:\/\/www.goiko.com\/es\/foodtruck\/#primaryimage","url":"https:\/\/www.goiko.com\/es\/wp-content\/uploads\/2023\/07\/Foodtruck_Carrousel-1200x800_V1.jpg","contentUrl":"https:\/\/www.goiko.com\/es\/wp-content\/uploads\/2023\/07\/Foodtruck_Carrousel-1200x800_V1.jpg","width":1200,"height":800},{"@type":"BreadcrumbList","@id":"https:\/\/www.goiko.com\/es\/foodtruck\/#breadcrumb","itemListElement":[{"@type":"ListItem","position":1,"name":"Portada","item":"https:\/\/www.goiko.com\/es\/"},{"@type":"ListItem","position":2,"name":"Las Bestias"}]},{"@type":"WebSite","@id":"https:\/\/www.goiko.com\/es\/#website","url":"https:\/\/www.goiko.com\/es\/","name":"GOIKO","description":"Chorreo Forever","potentialAction":[{"@type":"SearchAction","target":{"@type":"EntryPoint","urlTemplate":"https:\/\/www.goiko.com\/es\/?s={search_term_string}"},"query-input":{"@type":"PropertyValueSpecification","valueRequired":true,"valueName":"search_term_string"}}],"inLanguage":"es"}]}},"_links":{"self":[{"href":"https:\/\/www.goiko.com\/es\/wp-json\/wp\/v2\/pages\/40820","targetHints":{"allow":["GET"]}}],"collection":[{"href":"https:\/\/www.goiko.com\/es\/wp-json\/wp\/v2\/pages"}],"about":[{"href":"https:\/\/www.goiko.com\/es\/wp-json\/wp\/v2\/types\/page"}],"author":[{"embeddable":true,"href":"https:\/\/www.goiko.com\/es\/wp-json\/wp\/v2\/users\/1"}],"replies":[{"embeddable":true,"href":"https:\/\/www.goiko.com\/es\/wp-json\/wp\/v2\/comments?post=40820"}],"version-history":[{"count":112,"href":"https:\/\/www.goiko.com\/es\/wp-json\/wp\/v2\/pages\/40820\/revisions"}],"predecessor-version":[{"id":62189,"href":"https:\/\/www.goiko.com\/es\/wp-json\/wp\/v2\/pages\/40820\/revisions\/62189"}],"wp:featuredmedia":[{"embeddable":true,"href":"https:\/\/www.goiko.com\/es\/wp-json\/wp\/v2\/media\/48484"}],"wp:attachment":[{"href":"https:\/\/www.goiko.com\/es\/wp-json\/wp\/v2\/media?parent=40820"}],"curies":[{"name":"wp","href":"https:\/\/api.w.org\/{rel}","templated":true}]}}