{"id":42906,"date":"2022-09-05T12:09:56","date_gmt":"2022-09-05T11:09:56","guid":{"rendered":"https:\/\/www.goiko.com\/platos-hamburguesas-kimcheese-copy\/"},"modified":"2022-09-08T13:46:47","modified_gmt":"2022-09-08T12:46:47","slug":"platos-hamburguesas-trufavorita","status":"publish","type":"page","link":"https:\/\/www.goiko.com\/es\/platos-hamburguesas-trufavorita\/","title":{"rendered":"Trufavorita"},"content":{"rendered":"\t\t<div data-elementor-type=\"wp-page\" data-elementor-id=\"42906\" class=\"elementor elementor-42906\" data-elementor-post-type=\"page\">\n\t\t\t\t\t\t<section class=\"elementor-section elementor-top-section elementor-element elementor-element-5eaec049 elementor-section-boxed elementor-section-height-default elementor-section-height-default\" data-id=\"5eaec049\" data-element_type=\"section\">\n\t\t\t\t\t\t<div class=\"elementor-container elementor-column-gap-default\">\n\t\t\t\t\t<div class=\"elementor-column elementor-col-100 elementor-top-column elementor-element elementor-element-3d56b08\" data-id=\"3d56b08\" data-element_type=\"column\">\n\t\t\t<div class=\"elementor-widget-wrap elementor-element-populated\">\n\t\t\t\t\t\t<div class=\"elementor-element elementor-element-250b61ec elementor-widget elementor-widget-text-editor\" data-id=\"250b61ec\" data-element_type=\"widget\" data-widget_type=\"text-editor.default\">\n\t\t\t\t<div class=\"elementor-widget-container\">\n\t\t\t\t\t\t\t<h2><span style=\"color: var( --e-global-color-text );\">trufavorita<\/span><\/h2><p><span style=\"font-weight: 400;\">\u00a1Nuestra nueva hamburguesa de temporada que se convertir\u00e1 en trufavorita!<\/span><\/p><p><span style=\"font-weight: 400;\">Carne de 190g con queso de oveja trufado, r\u00facula, champi\u00f1ones a la plancha, huevo frito y un toque de aceite trufado.<\/span><\/p><p>Y si lo tuyo es la trufa&#8230; \u00a1Pide tus patatas con extra de Truff Love!<span style=\"font-weight: 400;\"><br \/><\/span><\/p>\t\t\t\t\t\t<\/div>\n\t\t\t\t<\/div>\n\t\t\t\t<div class=\"elementor-element elementor-element-6d2e97c elementor-widget elementor-widget-heading\" data-id=\"6d2e97c\" data-element_type=\"widget\" data-widget_type=\"heading.default\">\n\t\t\t\t<div class=\"elementor-widget-container\">\n\t\t\t<h2 class=\"elementor-heading-title elementor-size-xl\">extra de truff love<\/h2>\t\t<\/div>\n\t\t\t\t<\/div>\n\t\t\t\t<div class=\"elementor-element elementor-element-35971ff elementor-widget elementor-widget-text-editor\" data-id=\"35971ff\" data-element_type=\"widget\" data-widget_type=\"text-editor.default\">\n\t\t\t\t<div class=\"elementor-widget-container\">\n\t\t\t\t\t\t\t<p><span style=\"text-align: center;\">Extra de queso Grana Padano y aceite trufado en nuestras patatas caseras de gajo o finas.<\/span><\/p>\t\t\t\t\t\t<\/div>\n\t\t\t\t<\/div>\n\t\t\t\t\t<\/div>\n\t\t<\/div>\n\t\t\t\t\t<\/div>\n\t\t<\/section>\n\t\t\t\t<section class=\"elementor-section elementor-top-section elementor-element elementor-element-bb5c61f elementor-section-boxed elementor-section-height-default elementor-section-height-default\" data-id=\"bb5c61f\" data-element_type=\"section\">\n\t\t\t\t\t\t<div class=\"elementor-container elementor-column-gap-default\">\n\t\t\t\t\t<div class=\"elementor-column elementor-col-100 elementor-top-column elementor-element elementor-element-a72cd2b\" data-id=\"a72cd2b\" data-element_type=\"column\">\n\t\t\t<div class=\"elementor-widget-wrap\">\n\t\t\t\t\t\t\t<\/div>\n\t\t<\/div>\n\t\t\t\t\t<\/div>\n\t\t<\/section>\n\t\t\t\t<\/div>\n\t\t","protected":false},"excerpt":{"rendered":"<p>trufavorita \u00a1Nuestra nueva hamburguesa de temporada que se convertir\u00e1 en trufavorita! Carne de 190g con queso de oveja trufado, r\u00facula, champi\u00f1ones a la plancha, huevo frito y un toque de aceite trufado. Y si lo tuyo es la trufa&#8230; \u00a1Pide tus patatas con extra de Truff Love! extra de truff love Extra de queso Grana [&hellip;]<\/p>\n","protected":false},"author":53,"featured_media":43010,"parent":0,"menu_order":26,"comment_status":"closed","ping_status":"closed","template":"","meta":{"footnotes":""},"class_list":["post-42906","page","type-page","status-publish","has-post-thumbnail","hentry"],"acf":[],"yoast_head":"<!-- This site is optimized with the Yoast SEO plugin v23.8 - https:\/\/yoast.com\/wordpress\/plugins\/seo\/ -->\n<title>Trufavorita - GOIKO<\/title>\n<meta name=\"robots\" content=\"index, follow, max-snippet:-1, max-image-preview:large, max-video-preview:-1\" \/>\n<link rel=\"canonical\" href=\"https:\/\/www.goiko.com\/es\/platos-hamburguesas-trufavorita\/\" \/>\n<meta property=\"og:locale\" content=\"es_ES\" \/>\n<meta property=\"og:type\" content=\"article\" \/>\n<meta property=\"og:title\" content=\"Trufavorita - GOIKO\" \/>\n<meta property=\"og:description\" content=\"trufavorita \u00a1Nuestra nueva hamburguesa de temporada que se convertir\u00e1 en trufavorita! Carne de 190g con queso de oveja trufado, r\u00facula, champi\u00f1ones a la plancha, huevo frito y un toque de aceite trufado. Y si lo tuyo es la trufa&#8230; \u00a1Pide tus patatas con extra de Truff Love! extra de truff love Extra de queso Grana [&hellip;]\" \/>\n<meta property=\"og:url\" content=\"https:\/\/www.goiko.com\/es\/platos-hamburguesas-trufavorita\/\" \/>\n<meta property=\"og:site_name\" content=\"GOIKO\" \/>\n<meta property=\"article:publisher\" content=\"https:\/\/www.facebook.com\/goiko\" \/>\n<meta property=\"article:modified_time\" content=\"2022-09-08T12:46:47+00:00\" \/>\n<meta property=\"og:image\" content=\"https:\/\/www.goiko.com\/es\/wp-content\/uploads\/2022\/08\/Trufavorita_1200x600_Ficha-de-producto_Web.png\" \/>\n\t<meta property=\"og:image:width\" content=\"1200\" \/>\n\t<meta property=\"og:image:height\" content=\"600\" \/>\n\t<meta property=\"og:image:type\" content=\"image\/png\" \/>\n<meta name=\"twitter:card\" content=\"summary_large_image\" \/>\n<meta name=\"twitter:site\" content=\"@goiko\" \/>\n<meta name=\"twitter:label1\" content=\"Tiempo de lectura\" \/>\n\t<meta name=\"twitter:data1\" content=\"1 minuto\" \/>\n<script type=\"application\/ld+json\" class=\"yoast-schema-graph\">{\"@context\":\"https:\/\/schema.org\",\"@graph\":[{\"@type\":\"WebPage\",\"@id\":\"https:\/\/www.goiko.com\/es\/platos-hamburguesas-trufavorita\/\",\"url\":\"https:\/\/www.goiko.com\/es\/platos-hamburguesas-trufavorita\/\",\"name\":\"Trufavorita - GOIKO\",\"isPartOf\":{\"@id\":\"https:\/\/www.goiko.com\/es\/#website\"},\"primaryImageOfPage\":{\"@id\":\"https:\/\/www.goiko.com\/es\/platos-hamburguesas-trufavorita\/#primaryimage\"},\"image\":{\"@id\":\"https:\/\/www.goiko.com\/es\/platos-hamburguesas-trufavorita\/#primaryimage\"},\"thumbnailUrl\":\"https:\/\/www.goiko.com\/es\/wp-content\/uploads\/2022\/08\/Trufavorita_1200x600_Ficha-de-producto_Web.png\",\"datePublished\":\"2022-09-05T11:09:56+00:00\",\"dateModified\":\"2022-09-08T12:46:47+00:00\",\"breadcrumb\":{\"@id\":\"https:\/\/www.goiko.com\/es\/platos-hamburguesas-trufavorita\/#breadcrumb\"},\"inLanguage\":\"es\",\"potentialAction\":[{\"@type\":\"ReadAction\",\"target\":[\"https:\/\/www.goiko.com\/es\/platos-hamburguesas-trufavorita\/\"]}]},{\"@type\":\"ImageObject\",\"inLanguage\":\"es\",\"@id\":\"https:\/\/www.goiko.com\/es\/platos-hamburguesas-trufavorita\/#primaryimage\",\"url\":\"https:\/\/www.goiko.com\/es\/wp-content\/uploads\/2022\/08\/Trufavorita_1200x600_Ficha-de-producto_Web.png\",\"contentUrl\":\"https:\/\/www.goiko.com\/es\/wp-content\/uploads\/2022\/08\/Trufavorita_1200x600_Ficha-de-producto_Web.png\",\"width\":1200,\"height\":600},{\"@type\":\"BreadcrumbList\",\"@id\":\"https:\/\/www.goiko.com\/es\/platos-hamburguesas-trufavorita\/#breadcrumb\",\"itemListElement\":[{\"@type\":\"ListItem\",\"position\":1,\"name\":\"Portada\",\"item\":\"https:\/\/www.goiko.com\/es\/\"},{\"@type\":\"ListItem\",\"position\":2,\"name\":\"Trufavorita\"}]},{\"@type\":\"WebSite\",\"@id\":\"https:\/\/www.goiko.com\/es\/#website\",\"url\":\"https:\/\/www.goiko.com\/es\/\",\"name\":\"GOIKO\",\"description\":\"Chorreo Forever\",\"potentialAction\":[{\"@type\":\"SearchAction\",\"target\":{\"@type\":\"EntryPoint\",\"urlTemplate\":\"https:\/\/www.goiko.com\/es\/?s={search_term_string}\"},\"query-input\":{\"@type\":\"PropertyValueSpecification\",\"valueRequired\":true,\"valueName\":\"search_term_string\"}}],\"inLanguage\":\"es\"}]}<\/script>\n<!-- \/ Yoast SEO plugin. -->","yoast_head_json":{"title":"Trufavorita - GOIKO","robots":{"index":"index","follow":"follow","max-snippet":"max-snippet:-1","max-image-preview":"max-image-preview:large","max-video-preview":"max-video-preview:-1"},"canonical":"https:\/\/www.goiko.com\/es\/platos-hamburguesas-trufavorita\/","og_locale":"es_ES","og_type":"article","og_title":"Trufavorita - GOIKO","og_description":"trufavorita \u00a1Nuestra nueva hamburguesa de temporada que se convertir\u00e1 en trufavorita! Carne de 190g con queso de oveja trufado, r\u00facula, champi\u00f1ones a la plancha, huevo frito y un toque de aceite trufado. Y si lo tuyo es la trufa&#8230; \u00a1Pide tus patatas con extra de Truff Love! extra de truff love Extra de queso Grana [&hellip;]","og_url":"https:\/\/www.goiko.com\/es\/platos-hamburguesas-trufavorita\/","og_site_name":"GOIKO","article_publisher":"https:\/\/www.facebook.com\/goiko","article_modified_time":"2022-09-08T12:46:47+00:00","og_image":[{"width":1200,"height":600,"url":"https:\/\/www.goiko.com\/es\/wp-content\/uploads\/2022\/08\/Trufavorita_1200x600_Ficha-de-producto_Web.png","type":"image\/png"}],"twitter_card":"summary_large_image","twitter_site":"@goiko","twitter_misc":{"Tiempo de lectura":"1 minuto"},"schema":{"@context":"https:\/\/schema.org","@graph":[{"@type":"WebPage","@id":"https:\/\/www.goiko.com\/es\/platos-hamburguesas-trufavorita\/","url":"https:\/\/www.goiko.com\/es\/platos-hamburguesas-trufavorita\/","name":"Trufavorita - GOIKO","isPartOf":{"@id":"https:\/\/www.goiko.com\/es\/#website"},"primaryImageOfPage":{"@id":"https:\/\/www.goiko.com\/es\/platos-hamburguesas-trufavorita\/#primaryimage"},"image":{"@id":"https:\/\/www.goiko.com\/es\/platos-hamburguesas-trufavorita\/#primaryimage"},"thumbnailUrl":"https:\/\/www.goiko.com\/es\/wp-content\/uploads\/2022\/08\/Trufavorita_1200x600_Ficha-de-producto_Web.png","datePublished":"2022-09-05T11:09:56+00:00","dateModified":"2022-09-08T12:46:47+00:00","breadcrumb":{"@id":"https:\/\/www.goiko.com\/es\/platos-hamburguesas-trufavorita\/#breadcrumb"},"inLanguage":"es","potentialAction":[{"@type":"ReadAction","target":["https:\/\/www.goiko.com\/es\/platos-hamburguesas-trufavorita\/"]}]},{"@type":"ImageObject","inLanguage":"es","@id":"https:\/\/www.goiko.com\/es\/platos-hamburguesas-trufavorita\/#primaryimage","url":"https:\/\/www.goiko.com\/es\/wp-content\/uploads\/2022\/08\/Trufavorita_1200x600_Ficha-de-producto_Web.png","contentUrl":"https:\/\/www.goiko.com\/es\/wp-content\/uploads\/2022\/08\/Trufavorita_1200x600_Ficha-de-producto_Web.png","width":1200,"height":600},{"@type":"BreadcrumbList","@id":"https:\/\/www.goiko.com\/es\/platos-hamburguesas-trufavorita\/#breadcrumb","itemListElement":[{"@type":"ListItem","position":1,"name":"Portada","item":"https:\/\/www.goiko.com\/es\/"},{"@type":"ListItem","position":2,"name":"Trufavorita"}]},{"@type":"WebSite","@id":"https:\/\/www.goiko.com\/es\/#website","url":"https:\/\/www.goiko.com\/es\/","name":"GOIKO","description":"Chorreo Forever","potentialAction":[{"@type":"SearchAction","target":{"@type":"EntryPoint","urlTemplate":"https:\/\/www.goiko.com\/es\/?s={search_term_string}"},"query-input":{"@type":"PropertyValueSpecification","valueRequired":true,"valueName":"search_term_string"}}],"inLanguage":"es"}]}},"_links":{"self":[{"href":"https:\/\/www.goiko.com\/es\/wp-json\/wp\/v2\/pages\/42906","targetHints":{"allow":["GET"]}}],"collection":[{"href":"https:\/\/www.goiko.com\/es\/wp-json\/wp\/v2\/pages"}],"about":[{"href":"https:\/\/www.goiko.com\/es\/wp-json\/wp\/v2\/types\/page"}],"author":[{"embeddable":true,"href":"https:\/\/www.goiko.com\/es\/wp-json\/wp\/v2\/users\/53"}],"replies":[{"embeddable":true,"href":"https:\/\/www.goiko.com\/es\/wp-json\/wp\/v2\/comments?post=42906"}],"version-history":[{"count":65,"href":"https:\/\/www.goiko.com\/es\/wp-json\/wp\/v2\/pages\/42906\/revisions"}],"predecessor-version":[{"id":43032,"href":"https:\/\/www.goiko.com\/es\/wp-json\/wp\/v2\/pages\/42906\/revisions\/43032"}],"wp:featuredmedia":[{"embeddable":true,"href":"https:\/\/www.goiko.com\/es\/wp-json\/wp\/v2\/media\/43010"}],"wp:attachment":[{"href":"https:\/\/www.goiko.com\/es\/wp-json\/wp\/v2\/media?parent=42906"}],"curies":[{"name":"wp","href":"https:\/\/api.w.org\/{rel}","templated":true}]}}