{"id":43407,"date":"2022-11-10T17:26:29","date_gmt":"2022-11-10T16:26:29","guid":{"rendered":"https:\/\/www.goiko.com\/goiko-games-2021-copy\/"},"modified":"2022-11-25T16:53:28","modified_gmt":"2022-11-25T15:53:28","slug":"goiko-games-2022","status":"publish","type":"page","link":"https:\/\/www.goiko.com\/es\/goiko-games-2022\/","title":{"rendered":"Goiko Games 2022"},"content":{"rendered":"\r\n<h2 style=\"text-align: center;\">GOIKO GAMES 2022<\/h2>\r\n<p style=\"text-align: center;\">La quinta edici\u00f3n del Encuentro Internacional del Staff de GOIKO fue una celebraci\u00f3n \u00e9pica donde vivimos el POWER de todas las personas que formamos parte de esta marca. Un hito en el que cerramos m\u00e1s de 100 restaurantes para encontrarnos en Madrid y disfrutar juntos.\u00a0<\/p>\r\n<p style=\"text-align: center;\">Gracias por tanto POWER a las 1.800 personas que hicimos posible este d\u00eda, d\u00e1ndolo todo en los Games y emocion\u00e1ndonos y disfrutando como ni\u00f1os en la Power Bike Race.\u00a0<\/p>\r\n<p style=\"text-align: center;\">Porque GOIKO es equipo, un equipo de cracks que estamos aqu\u00ed para darle POWER. Esto no solo va de cocinar y servir. Esto va de disfrutar. De ir a full. De tener actitud. Nuestro Talento nos llevar\u00e1 a donde no llegamos a imaginar siquiera.<\/p>\r\n<p style=\"text-align: center;\">Es un hecho: \u00a1Seguimos a por m\u00e1s y mejor!\u00a0<\/p>\r\n<p style=\"text-align: center;\">\u00a0#Aqu\u00edHayPower<\/p>\r\n\r\n\r\n\r\n<p class=\"has-text-align-center\">\u00a0<\/p>\r\n\r\n\r\n\r\n<p class=\"has-text-align-center\"><a href=\"https:\/\/photos.app.goo.gl\/r4vop12JmKCgfyKd8\" target=\"_blank\" rel=\"noreferrer noopener\">LLEGADA<\/a><\/p>\r\n\r\n\r\n\r\n<p class=\"has-text-align-center\"><a href=\"https:\/\/photos.app.goo.gl\/GrB72k46Hd5TrVtV9\" target=\"_blank\" rel=\"noreferrer noopener\">LIVING GOIKO GAMES<\/a><\/p>\r\n\r\n\r\n\r\n<p class=\"has-text-align-center\"><a href=\"https:\/\/photos.app.goo.gl\/t1PPXWu6W4Z1FebT8\" target=\"_blank\" rel=\"noreferrer noopener\">GAMES<\/a><\/p>\r\n\r\n\r\n\r\n<p class=\"has-text-align-center\"><a href=\"https:\/\/photos.app.goo.gl\/2pk6o9eeru2i9Kmv9\" target=\"_blank\" rel=\"noreferrer noopener\">POWER BIKE RACE<\/a><\/p>\r\n\r\n\r\n\r\n<p class=\"has-text-align-center\"><a href=\"https:\/\/photos.app.goo.gl\/eAV6JaRqhBNL9aPZ7\" target=\"_blank\" rel=\"noreferrer noopener\">BATALLA DE GALLOS<\/a><\/p>\r\n\r\n\r\n\r\n<p class=\"has-text-align-center\"><a href=\"https:\/\/photos.app.goo.gl\/6J5nQBPUYePwqEco8\" target=\"_blank\" rel=\"noreferrer noopener\">PARTY TIME<\/a><\/p>\r\n\r\n\r\n\r\n\r\n\r\n<p>&nbsp;<\/p>\r\n\r\n\r\n\r\n<p>&nbsp;<\/p>\r\n\r\n\r\n\r\n<p>&nbsp;<\/p>\r\n\r\n\r\n\r\n<p>&nbsp;<\/p>\r\n\r\n\r\n\r\n<p>&nbsp;<\/p>\r\n\r\n\r\n\r\n<p>&nbsp;<\/p>\r\n\r\n\r\n\r\n<p>&nbsp;<\/p>\r\n","protected":false},"excerpt":{"rendered":"<p>GOIKO GAMES 2022 La quinta edici\u00f3n del Encuentro Internacional del Staff de GOIKO fue una celebraci\u00f3n \u00e9pica donde vivimos el POWER de todas las personas que formamos parte de esta marca. Un hito en el que cerramos m\u00e1s de 100 restaurantes para encontrarnos en Madrid y disfrutar juntos.\u00a0 Gracias por tanto POWER a las 1.800 [&hellip;]<\/p>\n","protected":false},"author":53,"featured_media":44066,"parent":0,"menu_order":2,"comment_status":"closed","ping_status":"closed","template":"","meta":{"footnotes":""},"class_list":["post-43407","page","type-page","status-publish","has-post-thumbnail","hentry"],"acf":[],"yoast_head":"<!-- This site is optimized with the Yoast SEO plugin v23.8 - https:\/\/yoast.com\/wordpress\/plugins\/seo\/ -->\n<title>Goiko Games 2022 - GOIKO<\/title>\n<meta name=\"description\" content=\"Entra aqu\u00ed para ver todas las fotos de los GOIKO GAMES 2022 - AQU\u00cd HAY POWER\" \/>\n<meta name=\"robots\" content=\"index, follow, max-snippet:-1, max-image-preview:large, max-video-preview:-1\" \/>\n<link rel=\"canonical\" href=\"https:\/\/www.goiko.com\/es\/goiko-games-2022\/\" \/>\n<meta property=\"og:locale\" content=\"es_ES\" \/>\n<meta property=\"og:type\" content=\"article\" \/>\n<meta property=\"og:title\" content=\"Goiko Games 2022 - GOIKO\" \/>\n<meta property=\"og:description\" content=\"Entra aqu\u00ed para ver todas las fotos de los GOIKO GAMES 2022 - AQU\u00cd HAY POWER\" \/>\n<meta property=\"og:url\" content=\"https:\/\/www.goiko.com\/es\/goiko-games-2022\/\" \/>\n<meta property=\"og:site_name\" content=\"GOIKO\" \/>\n<meta property=\"article:publisher\" content=\"https:\/\/www.facebook.com\/goiko\" \/>\n<meta property=\"article:modified_time\" content=\"2022-11-25T15:53:28+00:00\" \/>\n<meta property=\"og:image\" content=\"https:\/\/www.goiko.com\/es\/wp-content\/uploads\/2022\/11\/Opcio\u0301n-2.jpeg\" \/>\n\t<meta property=\"og:image:width\" content=\"1024\" \/>\n\t<meta property=\"og:image:height\" content=\"683\" \/>\n\t<meta property=\"og:image:type\" content=\"image\/jpeg\" \/>\n<meta name=\"twitter:card\" content=\"summary_large_image\" \/>\n<meta name=\"twitter:site\" content=\"@goiko\" \/>\n<meta name=\"twitter:label1\" content=\"Tiempo de lectura\" \/>\n\t<meta name=\"twitter:data1\" content=\"1 minuto\" \/>\n<script type=\"application\/ld+json\" class=\"yoast-schema-graph\">{\"@context\":\"https:\/\/schema.org\",\"@graph\":[{\"@type\":\"WebPage\",\"@id\":\"https:\/\/www.goiko.com\/es\/goiko-games-2022\/\",\"url\":\"https:\/\/www.goiko.com\/es\/goiko-games-2022\/\",\"name\":\"Goiko Games 2022 - GOIKO\",\"isPartOf\":{\"@id\":\"https:\/\/www.goiko.com\/es\/#website\"},\"primaryImageOfPage\":{\"@id\":\"https:\/\/www.goiko.com\/es\/goiko-games-2022\/#primaryimage\"},\"image\":{\"@id\":\"https:\/\/www.goiko.com\/es\/goiko-games-2022\/#primaryimage\"},\"thumbnailUrl\":\"https:\/\/www.goiko.com\/es\/wp-content\/uploads\/2022\/11\/Opcio\u0301n-2.jpeg\",\"datePublished\":\"2022-11-10T16:26:29+00:00\",\"dateModified\":\"2022-11-25T15:53:28+00:00\",\"description\":\"Entra aqu\u00ed para ver todas las fotos de los GOIKO GAMES 2022 - AQU\u00cd HAY POWER\",\"breadcrumb\":{\"@id\":\"https:\/\/www.goiko.com\/es\/goiko-games-2022\/#breadcrumb\"},\"inLanguage\":\"es\",\"potentialAction\":[{\"@type\":\"ReadAction\",\"target\":[\"https:\/\/www.goiko.com\/es\/goiko-games-2022\/\"]}]},{\"@type\":\"ImageObject\",\"inLanguage\":\"es\",\"@id\":\"https:\/\/www.goiko.com\/es\/goiko-games-2022\/#primaryimage\",\"url\":\"https:\/\/www.goiko.com\/es\/wp-content\/uploads\/2022\/11\/Opcio\u0301n-2.jpeg\",\"contentUrl\":\"https:\/\/www.goiko.com\/es\/wp-content\/uploads\/2022\/11\/Opcio\u0301n-2.jpeg\",\"width\":1024,\"height\":683},{\"@type\":\"BreadcrumbList\",\"@id\":\"https:\/\/www.goiko.com\/es\/goiko-games-2022\/#breadcrumb\",\"itemListElement\":[{\"@type\":\"ListItem\",\"position\":1,\"name\":\"Portada\",\"item\":\"https:\/\/www.goiko.com\/es\/\"},{\"@type\":\"ListItem\",\"position\":2,\"name\":\"Goiko Games 2022\"}]},{\"@type\":\"WebSite\",\"@id\":\"https:\/\/www.goiko.com\/es\/#website\",\"url\":\"https:\/\/www.goiko.com\/es\/\",\"name\":\"GOIKO\",\"description\":\"Chorreo Forever\",\"potentialAction\":[{\"@type\":\"SearchAction\",\"target\":{\"@type\":\"EntryPoint\",\"urlTemplate\":\"https:\/\/www.goiko.com\/es\/?s={search_term_string}\"},\"query-input\":{\"@type\":\"PropertyValueSpecification\",\"valueRequired\":true,\"valueName\":\"search_term_string\"}}],\"inLanguage\":\"es\"}]}<\/script>\n<!-- \/ Yoast SEO plugin. -->","yoast_head_json":{"title":"Goiko Games 2022 - GOIKO","description":"Entra aqu\u00ed para ver todas las fotos de los GOIKO GAMES 2022 - AQU\u00cd HAY POWER","robots":{"index":"index","follow":"follow","max-snippet":"max-snippet:-1","max-image-preview":"max-image-preview:large","max-video-preview":"max-video-preview:-1"},"canonical":"https:\/\/www.goiko.com\/es\/goiko-games-2022\/","og_locale":"es_ES","og_type":"article","og_title":"Goiko Games 2022 - GOIKO","og_description":"Entra aqu\u00ed para ver todas las fotos de los GOIKO GAMES 2022 - AQU\u00cd HAY POWER","og_url":"https:\/\/www.goiko.com\/es\/goiko-games-2022\/","og_site_name":"GOIKO","article_publisher":"https:\/\/www.facebook.com\/goiko","article_modified_time":"2022-11-25T15:53:28+00:00","og_image":[{"width":1024,"height":683,"url":"https:\/\/www.goiko.com\/es\/wp-content\/uploads\/2022\/11\/Opcio\u0301n-2.jpeg","type":"image\/jpeg"}],"twitter_card":"summary_large_image","twitter_site":"@goiko","twitter_misc":{"Tiempo de lectura":"1 minuto"},"schema":{"@context":"https:\/\/schema.org","@graph":[{"@type":"WebPage","@id":"https:\/\/www.goiko.com\/es\/goiko-games-2022\/","url":"https:\/\/www.goiko.com\/es\/goiko-games-2022\/","name":"Goiko Games 2022 - GOIKO","isPartOf":{"@id":"https:\/\/www.goiko.com\/es\/#website"},"primaryImageOfPage":{"@id":"https:\/\/www.goiko.com\/es\/goiko-games-2022\/#primaryimage"},"image":{"@id":"https:\/\/www.goiko.com\/es\/goiko-games-2022\/#primaryimage"},"thumbnailUrl":"https:\/\/www.goiko.com\/es\/wp-content\/uploads\/2022\/11\/Opcio\u0301n-2.jpeg","datePublished":"2022-11-10T16:26:29+00:00","dateModified":"2022-11-25T15:53:28+00:00","description":"Entra aqu\u00ed para ver todas las fotos de los GOIKO GAMES 2022 - AQU\u00cd HAY POWER","breadcrumb":{"@id":"https:\/\/www.goiko.com\/es\/goiko-games-2022\/#breadcrumb"},"inLanguage":"es","potentialAction":[{"@type":"ReadAction","target":["https:\/\/www.goiko.com\/es\/goiko-games-2022\/"]}]},{"@type":"ImageObject","inLanguage":"es","@id":"https:\/\/www.goiko.com\/es\/goiko-games-2022\/#primaryimage","url":"https:\/\/www.goiko.com\/es\/wp-content\/uploads\/2022\/11\/Opcio\u0301n-2.jpeg","contentUrl":"https:\/\/www.goiko.com\/es\/wp-content\/uploads\/2022\/11\/Opcio\u0301n-2.jpeg","width":1024,"height":683},{"@type":"BreadcrumbList","@id":"https:\/\/www.goiko.com\/es\/goiko-games-2022\/#breadcrumb","itemListElement":[{"@type":"ListItem","position":1,"name":"Portada","item":"https:\/\/www.goiko.com\/es\/"},{"@type":"ListItem","position":2,"name":"Goiko Games 2022"}]},{"@type":"WebSite","@id":"https:\/\/www.goiko.com\/es\/#website","url":"https:\/\/www.goiko.com\/es\/","name":"GOIKO","description":"Chorreo Forever","potentialAction":[{"@type":"SearchAction","target":{"@type":"EntryPoint","urlTemplate":"https:\/\/www.goiko.com\/es\/?s={search_term_string}"},"query-input":{"@type":"PropertyValueSpecification","valueRequired":true,"valueName":"search_term_string"}}],"inLanguage":"es"}]}},"_links":{"self":[{"href":"https:\/\/www.goiko.com\/es\/wp-json\/wp\/v2\/pages\/43407","targetHints":{"allow":["GET"]}}],"collection":[{"href":"https:\/\/www.goiko.com\/es\/wp-json\/wp\/v2\/pages"}],"about":[{"href":"https:\/\/www.goiko.com\/es\/wp-json\/wp\/v2\/types\/page"}],"author":[{"embeddable":true,"href":"https:\/\/www.goiko.com\/es\/wp-json\/wp\/v2\/users\/53"}],"replies":[{"embeddable":true,"href":"https:\/\/www.goiko.com\/es\/wp-json\/wp\/v2\/comments?post=43407"}],"version-history":[{"count":3,"href":"https:\/\/www.goiko.com\/es\/wp-json\/wp\/v2\/pages\/43407\/revisions"}],"predecessor-version":[{"id":44069,"href":"https:\/\/www.goiko.com\/es\/wp-json\/wp\/v2\/pages\/43407\/revisions\/44069"}],"wp:featuredmedia":[{"embeddable":true,"href":"https:\/\/www.goiko.com\/es\/wp-json\/wp\/v2\/media\/44066"}],"wp:attachment":[{"href":"https:\/\/www.goiko.com\/es\/wp-json\/wp\/v2\/media?parent=43407"}],"curies":[{"name":"wp","href":"https:\/\/api.w.org\/{rel}","templated":true}]}}