{"id":44887,"date":"2023-02-28T18:23:29","date_gmt":"2023-02-28T17:23:29","guid":{"rendered":"https:\/\/www.goiko.com\/tardeo-copy\/"},"modified":"2023-03-01T10:56:47","modified_gmt":"2023-03-01T09:56:47","slug":"tomatella-versace","status":"publish","type":"page","link":"https:\/\/www.goiko.com\/es\/tomatella-versace\/","title":{"rendered":"TOMATELLA VERSACE"},"content":{"rendered":"\t\t<div data-elementor-type=\"wp-page\" data-elementor-id=\"44887\" class=\"elementor elementor-44887\" data-elementor-post-type=\"page\">\n\t\t\t\t\t\t<section class=\"elementor-section elementor-top-section elementor-element elementor-element-0302bff elementor-section-height-min-height elementor-section-boxed elementor-section-height-default elementor-section-items-middle\" data-id=\"0302bff\" data-element_type=\"section\" data-settings=\"{&quot;background_background&quot;:&quot;classic&quot;}\">\n\t\t\t\t\t\t<div class=\"elementor-container elementor-column-gap-default\">\n\t\t\t\t\t<div class=\"elementor-column elementor-col-100 elementor-top-column elementor-element elementor-element-bc56695\" data-id=\"bc56695\" data-element_type=\"column\">\n\t\t\t<div class=\"elementor-widget-wrap\">\n\t\t\t\t\t\t\t<\/div>\n\t\t<\/div>\n\t\t\t\t\t<\/div>\n\t\t<\/section>\n\t\t\t\t<section class=\"elementor-section elementor-top-section elementor-element elementor-element-a970286 elementor-section-boxed elementor-section-height-default elementor-section-height-default\" data-id=\"a970286\" data-element_type=\"section\">\n\t\t\t\t\t\t<div class=\"elementor-container elementor-column-gap-default\">\n\t\t\t\t\t<div class=\"elementor-column elementor-col-100 elementor-top-column elementor-element elementor-element-ea44554\" data-id=\"ea44554\" data-element_type=\"column\">\n\t\t\t<div class=\"elementor-widget-wrap elementor-element-populated\">\n\t\t\t\t\t\t<div class=\"elementor-element elementor-element-13e1bb7 elementor-widget elementor-widget-text-editor\" data-id=\"13e1bb7\" data-element_type=\"widget\" data-widget_type=\"text-editor.default\">\n\t\t\t\t<div class=\"elementor-widget-container\">\n\t\t\t\t\t\t\t<h1 style=\"text-align: center;\">TOMATELLA VERSACE<\/h1><h3 style=\"text-align: center;\">TRES BURGERS HECHAS A MEDIDA\u00a0\u00a0<\/h3><p style=\"text-align: center;\">\u00a0Esta vez, la casa se inspira en el sabor y la dulzura natural del tomate caramelizado dando origen a tres aut\u00e9nticas versiones: <b>Chick, Kevin y Classy.<\/b><\/p>\t\t\t\t\t\t<\/div>\n\t\t\t\t<\/div>\n\t\t\t\t<div class=\"elementor-element elementor-element-b288a0a elementor-widget elementor-widget-text-editor\" data-id=\"b288a0a\" data-element_type=\"widget\" data-widget_type=\"text-editor.default\">\n\t\t\t\t<div class=\"elementor-widget-container\">\n\t\t\t\t\t\t\t<h3>TOMATELLA chick<\/h3><p>Luce 2 pechugas de pollo frito con rebozado de cereales acompa\u00f1ada de cebolla a la plancha, pepinillo, coulis de tomate caramelizado, acabada con volante de lechuga batavia muy fresca.<span style=\"text-transform: uppercase; color: var( --e-global-color-text );\"><br \/><\/span><\/p><h3>TOMATELLA KEVIN<\/h3><h3><span style=\"font-family: Nunito Sans, Arial, sans-serif;\"><span style=\"font-size: 18px; font-weight: 400; text-transform: none;\">Un dise\u00f1o muy de nosotros, inspiraci\u00f3n de la burger m\u00e1s popular de Goiko \u00abLa Kevin\u00bb. Carne picada en la plancha con pepinillo, cebolla a plancha, coulis de tomate caramelizado y lechuga batavia.<\/span><\/span><\/h3><div><h3>TOMATELLA CLASSY<\/h3><h3><span style=\"font-family: Nunito Sans, Arial, sans-serif;\"><span style=\"font-size: 18px; font-weight: 400; text-transform: none;\">Una pieza que conquista a los esp\u00edritus cl\u00e1sicos. Vestida con una carne de 190 g, cebolla a plancha, coulis de tomate caramelizado y lechuga batavia.<\/span><\/span><\/h3><\/div><div>\u00a0<\/div>\t\t\t\t\t\t<\/div>\n\t\t\t\t<\/div>\n\t\t\t\t<div class=\"elementor-element elementor-element-fdc2fc6 e-transform elementor-invisible elementor-widget elementor-widget-image\" data-id=\"fdc2fc6\" data-element_type=\"widget\" data-settings=\"{&quot;_animation&quot;:&quot;slideInRight&quot;,&quot;_transform_scale_effect_mobile&quot;:{&quot;unit&quot;:&quot;px&quot;,&quot;size&quot;:1.5,&quot;sizes&quot;:[]},&quot;_transform_scale_effect&quot;:{&quot;unit&quot;:&quot;px&quot;,&quot;size&quot;:&quot;&quot;,&quot;sizes&quot;:[]},&quot;_transform_scale_effect_tablet&quot;:{&quot;unit&quot;:&quot;px&quot;,&quot;size&quot;:&quot;&quot;,&quot;sizes&quot;:[]}}\" data-widget_type=\"image.default\">\n\t\t\t\t<div class=\"elementor-widget-container\">\n\t\t\t\t\t\t\t\t\t\t\t\t\t<img fetchpriority=\"high\" decoding=\"async\" width=\"640\" height=\"320\" src=\"https:\/\/www.goiko.com\/es\/wp-content\/uploads\/2023\/02\/1200x600_Ficha-de-producto_Web_1-1024x512.png\" class=\"attachment-large size-large wp-image-44890\" alt=\"\" srcset=\"https:\/\/www.goiko.com\/es\/wp-content\/uploads\/2023\/02\/1200x600_Ficha-de-producto_Web_1-1024x512.png 1024w, https:\/\/www.goiko.com\/es\/wp-content\/uploads\/2023\/02\/1200x600_Ficha-de-producto_Web_1-300x150.png 300w, https:\/\/www.goiko.com\/es\/wp-content\/uploads\/2023\/02\/1200x600_Ficha-de-producto_Web_1-768x384.png 768w, https:\/\/www.goiko.com\/es\/wp-content\/uploads\/2023\/02\/1200x600_Ficha-de-producto_Web_1-450x225.png 450w, https:\/\/www.goiko.com\/es\/wp-content\/uploads\/2023\/02\/1200x600_Ficha-de-producto_Web_1.png 1200w\" sizes=\"(max-width: 640px) 100vw, 640px\" \/>\t\t\t\t\t\t\t\t\t\t\t\t\t<\/div>\n\t\t\t\t<\/div>\n\t\t\t\t<div class=\"elementor-element elementor-element-44bde8f elementor-widget elementor-widget-text-editor\" data-id=\"44bde8f\" data-element_type=\"widget\" data-widget_type=\"text-editor.default\">\n\t\t\t\t<div class=\"elementor-widget-container\">\n\t\t\t\t\t\t\t<h3>Enjoy!<\/h3>\t\t\t\t\t\t<\/div>\n\t\t\t\t<\/div>\n\t\t\t\t\t<\/div>\n\t\t<\/div>\n\t\t\t\t\t<\/div>\n\t\t<\/section>\n\t\t\t\t<section class=\"elementor-section elementor-top-section elementor-element elementor-element-9f706c1 elementor-section-boxed elementor-section-height-default elementor-section-height-default\" data-id=\"9f706c1\" data-element_type=\"section\">\n\t\t\t\t\t\t<div class=\"elementor-container elementor-column-gap-default\">\n\t\t\t\t\t<div class=\"elementor-column elementor-col-100 elementor-top-column elementor-element elementor-element-cfb6aa4\" data-id=\"cfb6aa4\" data-element_type=\"column\">\n\t\t\t<div class=\"elementor-widget-wrap elementor-element-populated\">\n\t\t\t\t\t\t<div class=\"elementor-element elementor-element-868abae elementor-align-center elementor-absolute elementor-widget elementor-widget-button\" data-id=\"868abae\" data-element_type=\"widget\" data-settings=\"{&quot;_position&quot;:&quot;absolute&quot;}\" data-widget_type=\"button.default\">\n\t\t\t\t<div class=\"elementor-widget-container\">\n\t\t\t\t\t\t\t<div class=\"elementor-button-wrapper\">\n\t\t\t\t\t<a class=\"elementor-button elementor-button-link elementor-size-sm\" href=\"https:\/\/www.goiko.com\/reservas\/\" target=\"_blank\">\n\t\t\t\t\t\t<span class=\"elementor-button-content-wrapper\">\n\t\t\t\t\t\t\t\t\t<span class=\"elementor-button-text\">RESERVA AHORA<\/span>\n\t\t\t\t\t<\/span>\n\t\t\t\t\t<\/a>\n\t\t\t\t<\/div>\n\t\t\t\t\t\t<\/div>\n\t\t\t\t<\/div>\n\t\t\t\t\t<\/div>\n\t\t<\/div>\n\t\t\t\t\t<\/div>\n\t\t<\/section>\n\t\t\t\t<\/div>\n\t\t","protected":false},"excerpt":{"rendered":"<p>TOMATELLA VERSACE TRES BURGERS HECHAS A MEDIDA\u00a0\u00a0 \u00a0Esta vez, la casa se inspira en el sabor y la dulzura natural del tomate caramelizado dando origen a tres aut\u00e9nticas versiones: Chick, Kevin y Classy. TOMATELLA chick Luce 2 pechugas de pollo frito con rebozado de cereales acompa\u00f1ada de cebolla a la plancha, pepinillo, coulis de tomate [&hellip;]<\/p>\n","protected":false},"author":53,"featured_media":44890,"parent":0,"menu_order":0,"comment_status":"closed","ping_status":"closed","template":"templates\/template-landings.php","meta":{"footnotes":""},"class_list":["post-44887","page","type-page","status-publish","has-post-thumbnail","hentry"],"acf":[],"yoast_head":"<!-- This site is optimized with the Yoast SEO plugin v23.8 - https:\/\/yoast.com\/wordpress\/plugins\/seo\/ -->\n<title>TOMATELLA VERSACE - GOIKO<\/title>\n<meta name=\"description\" content=\"Tres burgers hechas a medida. GOIKO se inspira en el sabor y la dulzura natural del tomate caramelizado dando lugar a tres aut\u00e9nticas maravillas.\" \/>\n<meta name=\"robots\" content=\"index, follow, max-snippet:-1, max-image-preview:large, max-video-preview:-1\" \/>\n<link rel=\"canonical\" href=\"https:\/\/www.goiko.com\/es\/tomatella-versace\/\" \/>\n<meta property=\"og:locale\" content=\"es_ES\" \/>\n<meta property=\"og:type\" content=\"article\" \/>\n<meta property=\"og:title\" content=\"TOMATELLA VERSACE - GOIKO\" \/>\n<meta property=\"og:description\" content=\"Tres burgers hechas a medida. GOIKO se inspira en el sabor y la dulzura natural del tomate caramelizado dando lugar a tres aut\u00e9nticas maravillas.\" \/>\n<meta property=\"og:url\" content=\"https:\/\/www.goiko.com\/es\/tomatella-versace\/\" \/>\n<meta property=\"og:site_name\" content=\"GOIKO\" \/>\n<meta property=\"article:publisher\" content=\"https:\/\/www.facebook.com\/goiko\" \/>\n<meta property=\"article:modified_time\" content=\"2023-03-01T09:56:47+00:00\" \/>\n<meta property=\"og:image\" content=\"https:\/\/www.goiko.com\/es\/wp-content\/uploads\/2023\/02\/1200x600_Ficha-de-producto_Web_1.png\" \/>\n\t<meta property=\"og:image:width\" content=\"1200\" \/>\n\t<meta property=\"og:image:height\" content=\"600\" \/>\n\t<meta property=\"og:image:type\" content=\"image\/png\" \/>\n<meta name=\"twitter:card\" content=\"summary_large_image\" \/>\n<meta name=\"twitter:site\" content=\"@goiko\" \/>\n<meta name=\"twitter:label1\" content=\"Tiempo de lectura\" \/>\n\t<meta name=\"twitter:data1\" content=\"1 minuto\" \/>\n<script type=\"application\/ld+json\" class=\"yoast-schema-graph\">{\"@context\":\"https:\/\/schema.org\",\"@graph\":[{\"@type\":\"WebPage\",\"@id\":\"https:\/\/www.goiko.com\/es\/tomatella-versace\/\",\"url\":\"https:\/\/www.goiko.com\/es\/tomatella-versace\/\",\"name\":\"TOMATELLA VERSACE - GOIKO\",\"isPartOf\":{\"@id\":\"https:\/\/www.goiko.com\/es\/#website\"},\"primaryImageOfPage\":{\"@id\":\"https:\/\/www.goiko.com\/es\/tomatella-versace\/#primaryimage\"},\"image\":{\"@id\":\"https:\/\/www.goiko.com\/es\/tomatella-versace\/#primaryimage\"},\"thumbnailUrl\":\"https:\/\/www.goiko.com\/es\/wp-content\/uploads\/2023\/02\/1200x600_Ficha-de-producto_Web_1.png\",\"datePublished\":\"2023-02-28T17:23:29+00:00\",\"dateModified\":\"2023-03-01T09:56:47+00:00\",\"description\":\"Tres burgers hechas a medida. GOIKO se inspira en el sabor y la dulzura natural del tomate caramelizado dando lugar a tres aut\u00e9nticas maravillas.\",\"breadcrumb\":{\"@id\":\"https:\/\/www.goiko.com\/es\/tomatella-versace\/#breadcrumb\"},\"inLanguage\":\"es\",\"potentialAction\":[{\"@type\":\"ReadAction\",\"target\":[\"https:\/\/www.goiko.com\/es\/tomatella-versace\/\"]}]},{\"@type\":\"ImageObject\",\"inLanguage\":\"es\",\"@id\":\"https:\/\/www.goiko.com\/es\/tomatella-versace\/#primaryimage\",\"url\":\"https:\/\/www.goiko.com\/es\/wp-content\/uploads\/2023\/02\/1200x600_Ficha-de-producto_Web_1.png\",\"contentUrl\":\"https:\/\/www.goiko.com\/es\/wp-content\/uploads\/2023\/02\/1200x600_Ficha-de-producto_Web_1.png\",\"width\":1200,\"height\":600},{\"@type\":\"BreadcrumbList\",\"@id\":\"https:\/\/www.goiko.com\/es\/tomatella-versace\/#breadcrumb\",\"itemListElement\":[{\"@type\":\"ListItem\",\"position\":1,\"name\":\"Portada\",\"item\":\"https:\/\/www.goiko.com\/es\/\"},{\"@type\":\"ListItem\",\"position\":2,\"name\":\"TOMATELLA VERSACE\"}]},{\"@type\":\"WebSite\",\"@id\":\"https:\/\/www.goiko.com\/es\/#website\",\"url\":\"https:\/\/www.goiko.com\/es\/\",\"name\":\"GOIKO\",\"description\":\"Chorreo Forever\",\"potentialAction\":[{\"@type\":\"SearchAction\",\"target\":{\"@type\":\"EntryPoint\",\"urlTemplate\":\"https:\/\/www.goiko.com\/es\/?s={search_term_string}\"},\"query-input\":{\"@type\":\"PropertyValueSpecification\",\"valueRequired\":true,\"valueName\":\"search_term_string\"}}],\"inLanguage\":\"es\"}]}<\/script>\n<!-- \/ Yoast SEO plugin. -->","yoast_head_json":{"title":"TOMATELLA VERSACE - GOIKO","description":"Tres burgers hechas a medida. GOIKO se inspira en el sabor y la dulzura natural del tomate caramelizado dando lugar a tres aut\u00e9nticas maravillas.","robots":{"index":"index","follow":"follow","max-snippet":"max-snippet:-1","max-image-preview":"max-image-preview:large","max-video-preview":"max-video-preview:-1"},"canonical":"https:\/\/www.goiko.com\/es\/tomatella-versace\/","og_locale":"es_ES","og_type":"article","og_title":"TOMATELLA VERSACE - GOIKO","og_description":"Tres burgers hechas a medida. GOIKO se inspira en el sabor y la dulzura natural del tomate caramelizado dando lugar a tres aut\u00e9nticas maravillas.","og_url":"https:\/\/www.goiko.com\/es\/tomatella-versace\/","og_site_name":"GOIKO","article_publisher":"https:\/\/www.facebook.com\/goiko","article_modified_time":"2023-03-01T09:56:47+00:00","og_image":[{"width":1200,"height":600,"url":"https:\/\/www.goiko.com\/es\/wp-content\/uploads\/2023\/02\/1200x600_Ficha-de-producto_Web_1.png","type":"image\/png"}],"twitter_card":"summary_large_image","twitter_site":"@goiko","twitter_misc":{"Tiempo de lectura":"1 minuto"},"schema":{"@context":"https:\/\/schema.org","@graph":[{"@type":"WebPage","@id":"https:\/\/www.goiko.com\/es\/tomatella-versace\/","url":"https:\/\/www.goiko.com\/es\/tomatella-versace\/","name":"TOMATELLA VERSACE - GOIKO","isPartOf":{"@id":"https:\/\/www.goiko.com\/es\/#website"},"primaryImageOfPage":{"@id":"https:\/\/www.goiko.com\/es\/tomatella-versace\/#primaryimage"},"image":{"@id":"https:\/\/www.goiko.com\/es\/tomatella-versace\/#primaryimage"},"thumbnailUrl":"https:\/\/www.goiko.com\/es\/wp-content\/uploads\/2023\/02\/1200x600_Ficha-de-producto_Web_1.png","datePublished":"2023-02-28T17:23:29+00:00","dateModified":"2023-03-01T09:56:47+00:00","description":"Tres burgers hechas a medida. GOIKO se inspira en el sabor y la dulzura natural del tomate caramelizado dando lugar a tres aut\u00e9nticas maravillas.","breadcrumb":{"@id":"https:\/\/www.goiko.com\/es\/tomatella-versace\/#breadcrumb"},"inLanguage":"es","potentialAction":[{"@type":"ReadAction","target":["https:\/\/www.goiko.com\/es\/tomatella-versace\/"]}]},{"@type":"ImageObject","inLanguage":"es","@id":"https:\/\/www.goiko.com\/es\/tomatella-versace\/#primaryimage","url":"https:\/\/www.goiko.com\/es\/wp-content\/uploads\/2023\/02\/1200x600_Ficha-de-producto_Web_1.png","contentUrl":"https:\/\/www.goiko.com\/es\/wp-content\/uploads\/2023\/02\/1200x600_Ficha-de-producto_Web_1.png","width":1200,"height":600},{"@type":"BreadcrumbList","@id":"https:\/\/www.goiko.com\/es\/tomatella-versace\/#breadcrumb","itemListElement":[{"@type":"ListItem","position":1,"name":"Portada","item":"https:\/\/www.goiko.com\/es\/"},{"@type":"ListItem","position":2,"name":"TOMATELLA VERSACE"}]},{"@type":"WebSite","@id":"https:\/\/www.goiko.com\/es\/#website","url":"https:\/\/www.goiko.com\/es\/","name":"GOIKO","description":"Chorreo Forever","potentialAction":[{"@type":"SearchAction","target":{"@type":"EntryPoint","urlTemplate":"https:\/\/www.goiko.com\/es\/?s={search_term_string}"},"query-input":{"@type":"PropertyValueSpecification","valueRequired":true,"valueName":"search_term_string"}}],"inLanguage":"es"}]}},"_links":{"self":[{"href":"https:\/\/www.goiko.com\/es\/wp-json\/wp\/v2\/pages\/44887","targetHints":{"allow":["GET"]}}],"collection":[{"href":"https:\/\/www.goiko.com\/es\/wp-json\/wp\/v2\/pages"}],"about":[{"href":"https:\/\/www.goiko.com\/es\/wp-json\/wp\/v2\/types\/page"}],"author":[{"embeddable":true,"href":"https:\/\/www.goiko.com\/es\/wp-json\/wp\/v2\/users\/53"}],"replies":[{"embeddable":true,"href":"https:\/\/www.goiko.com\/es\/wp-json\/wp\/v2\/comments?post=44887"}],"version-history":[{"count":110,"href":"https:\/\/www.goiko.com\/es\/wp-json\/wp\/v2\/pages\/44887\/revisions"}],"predecessor-version":[{"id":46049,"href":"https:\/\/www.goiko.com\/es\/wp-json\/wp\/v2\/pages\/44887\/revisions\/46049"}],"wp:featuredmedia":[{"embeddable":true,"href":"https:\/\/www.goiko.com\/es\/wp-json\/wp\/v2\/media\/44890"}],"wp:attachment":[{"href":"https:\/\/www.goiko.com\/es\/wp-json\/wp\/v2\/media?parent=44887"}],"curies":[{"name":"wp","href":"https:\/\/api.w.org\/{rel}","templated":true}]}}