{"id":5539,"date":"2017-02-21T17:51:37","date_gmt":"2017-02-21T17:51:37","guid":{"rendered":"http:\/\/www.goikogrill.com\/?page_id=5539"},"modified":"2026-05-07T14:37:19","modified_gmt":"2026-05-07T13:37:19","slug":"alergenos","status":"publish","type":"page","link":"https:\/\/www.goiko.com\/es\/alergenos\/","title":{"rendered":"Al\u00e9rgenos"},"content":{"rendered":"<p><strong>Nuestra carne es TOP. Natural, 100% de vacuno y sazonada con nuestro condimento especial.<\/strong><\/p>\n<p><strong>Nuestro pan, el mejor pan de burger jam\u00e1s creado, es una receta exclusiva de Goiko.<\/strong><\/p>\n<p><strong>Nuestras patatas est\u00e1n buen\u00edsimas y condimentadas con nuestra saz\u00f3n.<\/strong><\/p>\n<p><span style=\"color: #000000;\"><b>Estimado\/a cliente, para atenderte mejor necesitamos que nos informes si tienes alguna alergia o intolerancia a alguno de nuestros ingredientes<\/b>.<\/span><\/p>\n<p><span style=\"color: #000000;\"> Los platos y bebidas elaborados en los restaurantes GOIKO pueden contener al\u00e9rgenos, esta\u00a0informaci\u00f3n se detalla\u00a0a continuaci\u00f3n en base a los datos suministrados por nuestros proveedores y de nuestro an\u00e1lisis de peligros. <\/span><\/p>\n<p><span style=\"color: #000000;\">Los restaurantes GOIKO preparan y sirven sus platos y bebidas siguiendo estrictos protocolos de seguridad alimentaria,\u00a0aunque\u00a0no contamos con equipos exclusivos para la elaboraci\u00f3n de los distintos tipos de platos,\u00a0<\/span><span style=\"color: #000000;\">por lo que excepcionalmente los productos podr\u00edan contener alguna traza de otro al\u00e9rgeno<\/span><span style=\"color: #000000;\">. Si tienes cualquier duda, consulta con el responsable del restaurante.<\/span><\/p>\n<p>No todos los ingredientes est\u00e1n disponibles en todos los restaurantes. La informaci\u00f3n de al\u00e9rgenos es v\u00e1lida para los restaurantes GOIKO de Espa\u00f1a (excepto aeropuertos) y Andorra<span style=\"color: #ff0000;\">\u00a0<\/span><span style=\"color: #000000;\">y<b>\u00a0<\/b>para el momento en el que se hace la consulta, ya que puede actualizarse en el futuro.<\/span><\/p>\n<p><strong>En los platos en los cuales se puede elegir la salsa o el consumidor realice un cambio de salsa, se deber\u00e1n tener en cuenta los al\u00e9rgenos de la salsa elegida adem\u00e1s de los declarados en el plato.<\/strong><\/p>\n<p><strong>En los pedidos de delivery y takeaway (para llevar o recoger), revise siempre los al\u00e9rgenos del cuenco de salsa que acompa\u00f1a al pedido, adem\u00e1s de los al\u00e9rgenos declarados en el plato.<\/strong><\/p>\n<p>Fecha de \u00faltima actualizaci\u00f3n: 06\/05\/2026<\/p>\n","protected":false},"excerpt":{"rendered":"<p>Nuestra carne es TOP. Natural, 100% de vacuno y sazonada con nuestro condimento especial. Nuestro pan, el mejor pan de burger jam\u00e1s creado, es una receta exclusiva de Goiko. Nuestras patatas est\u00e1n buen\u00edsimas y condimentadas con nuestra saz\u00f3n. Estimado\/a cliente, para atenderte mejor necesitamos que nos informes si tienes alguna alergia o intolerancia a alguno [&hellip;]<\/p>\n","protected":false},"author":1,"featured_media":61239,"parent":0,"menu_order":267,"comment_status":"closed","ping_status":"closed","template":"templates\/template-allergens.php","meta":{"footnotes":""},"class_list":["post-5539","page","type-page","status-publish","has-post-thumbnail","hentry"],"acf":[],"yoast_head":"<!-- This site is optimized with the Yoast SEO plugin v23.8 - https:\/\/yoast.com\/wordpress\/plugins\/seo\/ -->\n<title>Al\u00e9rgenos: descubre los al\u00e9rgenos de cada plato - GOIKO<\/title>\n<meta name=\"description\" content=\"Encuentra aqu\u00ed los al\u00e9rgenos de toda la carta de GOIKO.\" \/>\n<meta name=\"robots\" content=\"index, follow, max-snippet:-1, max-image-preview:large, max-video-preview:-1\" \/>\n<link rel=\"canonical\" href=\"https:\/\/www.goiko.com\/es\/alergenos\/\" \/>\n<meta property=\"og:locale\" content=\"es_ES\" \/>\n<meta property=\"og:type\" content=\"article\" \/>\n<meta property=\"og:title\" content=\"Al\u00e9rgenos: descubre los al\u00e9rgenos de cada plato - GOIKO\" \/>\n<meta property=\"og:description\" content=\"Encuentra aqu\u00ed los al\u00e9rgenos de toda la carta de GOIKO.\" \/>\n<meta property=\"og:url\" content=\"https:\/\/www.goiko.com\/es\/alergenos\/\" \/>\n<meta property=\"og:site_name\" content=\"GOIKO\" \/>\n<meta property=\"article:publisher\" content=\"https:\/\/www.facebook.com\/goiko\" \/>\n<meta property=\"article:modified_time\" content=\"2026-05-07T13:37:19+00:00\" \/>\n<meta property=\"og:image\" content=\"https:\/\/www.goiko.com\/es\/wp-content\/uploads\/2024\/11\/LandingCartaDigital_1200x800.png\" \/>\n\t<meta property=\"og:image:width\" content=\"1200\" \/>\n\t<meta property=\"og:image:height\" content=\"800\" \/>\n\t<meta property=\"og:image:type\" content=\"image\/png\" \/>\n<meta name=\"twitter:card\" content=\"summary_large_image\" \/>\n<meta name=\"twitter:site\" content=\"@goiko\" \/>\n<meta name=\"twitter:label1\" content=\"Tiempo de lectura\" \/>\n\t<meta name=\"twitter:data1\" content=\"2 minutos\" \/>\n<script type=\"application\/ld+json\" class=\"yoast-schema-graph\">{\"@context\":\"https:\/\/schema.org\",\"@graph\":[{\"@type\":\"WebPage\",\"@id\":\"https:\/\/www.goiko.com\/es\/alergenos\/\",\"url\":\"https:\/\/www.goiko.com\/es\/alergenos\/\",\"name\":\"Al\u00e9rgenos: descubre los al\u00e9rgenos de cada plato - GOIKO\",\"isPartOf\":{\"@id\":\"https:\/\/www.goiko.com\/es\/#website\"},\"primaryImageOfPage\":{\"@id\":\"https:\/\/www.goiko.com\/es\/alergenos\/#primaryimage\"},\"image\":{\"@id\":\"https:\/\/www.goiko.com\/es\/alergenos\/#primaryimage\"},\"thumbnailUrl\":\"https:\/\/www.goiko.com\/es\/wp-content\/uploads\/2024\/11\/LandingCartaDigital_1200x800.png\",\"datePublished\":\"2017-02-21T17:51:37+00:00\",\"dateModified\":\"2026-05-07T13:37:19+00:00\",\"description\":\"Encuentra aqu\u00ed los al\u00e9rgenos de toda la carta de GOIKO.\",\"breadcrumb\":{\"@id\":\"https:\/\/www.goiko.com\/es\/alergenos\/#breadcrumb\"},\"inLanguage\":\"es\",\"potentialAction\":[{\"@type\":\"ReadAction\",\"target\":[\"https:\/\/www.goiko.com\/es\/alergenos\/\"]}]},{\"@type\":\"ImageObject\",\"inLanguage\":\"es\",\"@id\":\"https:\/\/www.goiko.com\/es\/alergenos\/#primaryimage\",\"url\":\"https:\/\/www.goiko.com\/es\/wp-content\/uploads\/2024\/11\/LandingCartaDigital_1200x800.png\",\"contentUrl\":\"https:\/\/www.goiko.com\/es\/wp-content\/uploads\/2024\/11\/LandingCartaDigital_1200x800.png\",\"width\":1200,\"height\":800},{\"@type\":\"BreadcrumbList\",\"@id\":\"https:\/\/www.goiko.com\/es\/alergenos\/#breadcrumb\",\"itemListElement\":[{\"@type\":\"ListItem\",\"position\":1,\"name\":\"Portada\",\"item\":\"https:\/\/www.goiko.com\/es\/\"},{\"@type\":\"ListItem\",\"position\":2,\"name\":\"Al\u00e9rgenos\"}]},{\"@type\":\"WebSite\",\"@id\":\"https:\/\/www.goiko.com\/es\/#website\",\"url\":\"https:\/\/www.goiko.com\/es\/\",\"name\":\"GOIKO\",\"description\":\"Chorreo Forever\",\"potentialAction\":[{\"@type\":\"SearchAction\",\"target\":{\"@type\":\"EntryPoint\",\"urlTemplate\":\"https:\/\/www.goiko.com\/es\/?s={search_term_string}\"},\"query-input\":{\"@type\":\"PropertyValueSpecification\",\"valueRequired\":true,\"valueName\":\"search_term_string\"}}],\"inLanguage\":\"es\"}]}<\/script>\n<!-- \/ Yoast SEO plugin. -->","yoast_head_json":{"title":"Al\u00e9rgenos: descubre los al\u00e9rgenos de cada plato - GOIKO","description":"Encuentra aqu\u00ed los al\u00e9rgenos de toda la carta de GOIKO.","robots":{"index":"index","follow":"follow","max-snippet":"max-snippet:-1","max-image-preview":"max-image-preview:large","max-video-preview":"max-video-preview:-1"},"canonical":"https:\/\/www.goiko.com\/es\/alergenos\/","og_locale":"es_ES","og_type":"article","og_title":"Al\u00e9rgenos: descubre los al\u00e9rgenos de cada plato - GOIKO","og_description":"Encuentra aqu\u00ed los al\u00e9rgenos de toda la carta de GOIKO.","og_url":"https:\/\/www.goiko.com\/es\/alergenos\/","og_site_name":"GOIKO","article_publisher":"https:\/\/www.facebook.com\/goiko","article_modified_time":"2026-05-07T13:37:19+00:00","og_image":[{"width":1200,"height":800,"url":"https:\/\/www.goiko.com\/es\/wp-content\/uploads\/2024\/11\/LandingCartaDigital_1200x800.png","type":"image\/png"}],"twitter_card":"summary_large_image","twitter_site":"@goiko","twitter_misc":{"Tiempo de lectura":"2 minutos"},"schema":{"@context":"https:\/\/schema.org","@graph":[{"@type":"WebPage","@id":"https:\/\/www.goiko.com\/es\/alergenos\/","url":"https:\/\/www.goiko.com\/es\/alergenos\/","name":"Al\u00e9rgenos: descubre los al\u00e9rgenos de cada plato - GOIKO","isPartOf":{"@id":"https:\/\/www.goiko.com\/es\/#website"},"primaryImageOfPage":{"@id":"https:\/\/www.goiko.com\/es\/alergenos\/#primaryimage"},"image":{"@id":"https:\/\/www.goiko.com\/es\/alergenos\/#primaryimage"},"thumbnailUrl":"https:\/\/www.goiko.com\/es\/wp-content\/uploads\/2024\/11\/LandingCartaDigital_1200x800.png","datePublished":"2017-02-21T17:51:37+00:00","dateModified":"2026-05-07T13:37:19+00:00","description":"Encuentra aqu\u00ed los al\u00e9rgenos de toda la carta de GOIKO.","breadcrumb":{"@id":"https:\/\/www.goiko.com\/es\/alergenos\/#breadcrumb"},"inLanguage":"es","potentialAction":[{"@type":"ReadAction","target":["https:\/\/www.goiko.com\/es\/alergenos\/"]}]},{"@type":"ImageObject","inLanguage":"es","@id":"https:\/\/www.goiko.com\/es\/alergenos\/#primaryimage","url":"https:\/\/www.goiko.com\/es\/wp-content\/uploads\/2024\/11\/LandingCartaDigital_1200x800.png","contentUrl":"https:\/\/www.goiko.com\/es\/wp-content\/uploads\/2024\/11\/LandingCartaDigital_1200x800.png","width":1200,"height":800},{"@type":"BreadcrumbList","@id":"https:\/\/www.goiko.com\/es\/alergenos\/#breadcrumb","itemListElement":[{"@type":"ListItem","position":1,"name":"Portada","item":"https:\/\/www.goiko.com\/es\/"},{"@type":"ListItem","position":2,"name":"Al\u00e9rgenos"}]},{"@type":"WebSite","@id":"https:\/\/www.goiko.com\/es\/#website","url":"https:\/\/www.goiko.com\/es\/","name":"GOIKO","description":"Chorreo Forever","potentialAction":[{"@type":"SearchAction","target":{"@type":"EntryPoint","urlTemplate":"https:\/\/www.goiko.com\/es\/?s={search_term_string}"},"query-input":{"@type":"PropertyValueSpecification","valueRequired":true,"valueName":"search_term_string"}}],"inLanguage":"es"}]}},"_links":{"self":[{"href":"https:\/\/www.goiko.com\/es\/wp-json\/wp\/v2\/pages\/5539","targetHints":{"allow":["GET"]}}],"collection":[{"href":"https:\/\/www.goiko.com\/es\/wp-json\/wp\/v2\/pages"}],"about":[{"href":"https:\/\/www.goiko.com\/es\/wp-json\/wp\/v2\/types\/page"}],"author":[{"embeddable":true,"href":"https:\/\/www.goiko.com\/es\/wp-json\/wp\/v2\/users\/1"}],"replies":[{"embeddable":true,"href":"https:\/\/www.goiko.com\/es\/wp-json\/wp\/v2\/comments?post=5539"}],"version-history":[{"count":68,"href":"https:\/\/www.goiko.com\/es\/wp-json\/wp\/v2\/pages\/5539\/revisions"}],"predecessor-version":[{"id":69079,"href":"https:\/\/www.goiko.com\/es\/wp-json\/wp\/v2\/pages\/5539\/revisions\/69079"}],"wp:featuredmedia":[{"embeddable":true,"href":"https:\/\/www.goiko.com\/es\/wp-json\/wp\/v2\/media\/61239"}],"wp:attachment":[{"href":"https:\/\/www.goiko.com\/es\/wp-json\/wp\/v2\/media?parent=5539"}],"curies":[{"name":"wp","href":"https:\/\/api.w.org\/{rel}","templated":true}]}}