{"id":5772,"date":"2017-03-14T08:57:50","date_gmt":"2017-03-14T08:57:50","guid":{"rendered":"http:\/\/www.goikogrill.com\/?page_id=5772"},"modified":"2023-05-24T13:02:16","modified_gmt":"2023-05-24T12:02:16","slug":"prensa","status":"publish","type":"page","link":"https:\/\/www.goiko.com\/es\/prensa\/","title":{"rendered":"Prensa"},"content":{"rendered":"<h2>Menciones en medios<\/h2>\n<p>Si deseas conocer informaci\u00f3n sobre GOIKO, puedes contactar a <a href=\"mailto:mariajosevilchez@goiko.com\"><span class=\"ue8vk\">mariajosevilchez@goiko.com<\/span><\/a>\u00a0o tambi\u00e9n escribir a <a href=\"mailto:comunicaciones@goiko.com\">comunicaciones@goiko.com<\/a><\/p>\n<hr \/>\n<h3 class=\"titular\"><a href=\"https:\/\/www.europapress.es\/economia\/noticia-goiko-desembarca-paris-hamburguesas-premium-preve-mas-aperturas-francia-2020-20191219114040.html\">Goiko desembarca en Par\u00eds con sus hamburguesas &#8216;premium&#8217; y prev\u00e9 m\u00e1s aperturas en Francia en 2020 &#8211; Europa Press<\/a><\/h3>\n<p>Goiko, la cadena de hamburgueser\u00edas &#8216;premium&#8217;, inicia su expansi\u00f3n internacional con su desembarco en Par\u00eds, mientras que prev\u00e9 m\u00e1s aperturas en Francia a lo largo de 2020, seg\u00fan confirmaron a Europa Press fuentes de la ense\u00f1a.<\/p>\n<hr \/>\n<h3 id=\"titulo-5df9339c468aebc37e8b45d6\" class=\"js-headline\"><a href=\"https:\/\/www.expansion.com\/empresas\/distribucion\/2019\/12\/18\/5df9339c468aebc37e8b45d6.html\">Goiko da el salto fuera de Espa\u00f1a con su primer restaurante en Par\u00eds &#8211; Expansi\u00f3n<\/a><\/h3>\n<p>Goiko acelera el ritmo de su vertiginosa expansi\u00f3n con su primera aventura internacional. La cadena de hamburgueser\u00edas inaugurar\u00e1 hoy en Par\u00eds su primer restaurante fuera de Espa\u00f1a, un local de 350 metros cuadrados y dos plantas, con capacidad para 90 personas, ubicado en el la Rue Richelieu de Par\u00eds, muy cerca de la \u00f3pera de la ciudad.<\/p>\n<hr \/>\n<h3 class=\"entry-title\"><a href=\"https:\/\/restauracionnews.com\/goiko-internacional-restaurante-paris\/\">Goiko da el salto internacional y abre su primer restaurante en Par\u00eds &#8211; Restauraci\u00f3n News<\/a><\/h3>\n<p>La\u00a0<a href=\"https:\/\/restauracionnews.com\/tag\/goiko\/\" target=\"_blank\" rel=\"noopener noreferrer\">cadena de hamburgueser\u00edas premium<\/a> nacida en Espa\u00f1a en 2013 Goiko acaba de inaugurar su primer local internacional en Par\u00eds, en el 106 de la Rue Richelieu, en pleno 2do. Arrondisement, convirti\u00e9ndose en vecino de La \u00d3pera de Par\u00eds o del cine Grand Rex. El local cuenta con\u00a0350 metros cuadrados distribuidos en dos plantas y su apertura ha generado 11 puestos de trabajo.<\/p>\n<hr \/>\n<h3 class=\"articleTitle\"><a href=\"https:\/\/www.eleconomista.es\/empresas-finanzas\/noticias\/10231533\/12\/19\/Goiko-Grill-ahora-es-GOIKO-cambia-su-imagen-dias-antes-de-abrir-su-primer-local-en-Paris.html\">Goiko Grill ahora es GOIKO: cambia su imagen d\u00edas antes de abrir su primer local en Par\u00eds &#8211; El Economista<\/a><\/h3>\n<p>\u00abVamos a Goiko\u00bb o \u00abpedimos un Goiko\u00bb, la forma de referirse a Goiko Grill se ha implantado tanto que la popular hamburgueser\u00eda ha decidido cambiar su nombre y toda su imagen para pasar a ser simplemente GOIKO. Este rebranding llega d\u00edas antes de abrir en Par\u00eds su primer restaurante fuera de Espa\u00f1a, cumpliendo as\u00ed con su objetivo de saltar a Europa que se hab\u00edan marcado en\u00a0<a href=\"https:\/\/www.eleconomista.es\/empresas-finanzas\/noticias\/8923810\/02\/18\/Goiko-Grill-pone-sus-miras-en-Europa-asi-es-su-futuro-plan-de-crecimiento.html\">su plan estrat\u00e9gico que\u00a0<i>elEconomista.es<\/i>\u00a0adelant\u00f3 en febrero de 2018.<\/a><\/p>\n<hr \/>\n<h3 class=\"entry-title\"><a href=\"https:\/\/www.elpublicista.es\/anunciantes\/goiko-inunda-espana-hamburguesas-gratis-para-celebrar-nueva\">Goiko inunda Espa\u00f1a de hamburguesas gratis para celebrar su nueva imagen &#8211; El Publicista<\/a><\/h3>\n<p>La cadena espa\u00f1ola de restaurantes pondr\u00e1 a disposici\u00f3n de clientes y fans 10.000 burgers gratis en la tarde del d\u00eda de hoy para celebrar la implantaci\u00f3n de su nueva identidad e imagen, creada y desarrollada de forma interna.<\/p>\n<hr \/>\n<h3 class=\"subtitle-cn\"><a href=\"https:\/\/www.marketingdirecto.com\/anunciantes-general\/anunciantes\/goiko-asi-ha-sido-el-cambio-de-imagen-de-goiko-grill\">GOIKO: as\u00ed ha sido el cambio de imagen de Goiko Grill &#8211; Marketing Directo<\/a><\/h3>\n<p><strong>Goiko Grill<\/strong>, la popular cadena de hamburguesas, est\u00e1 de celebraci\u00f3n, ya que\u00a0<strong>ha decidido darle un cambio a su imagen<\/strong> y pasar a denominarse GOIKO. El motivo principal de este cambio ha sido, como explica su fundador, Andoni Goicoechea, por los fans de la marca.<\/p>\n<hr \/>\n<h3><a href=\"https:\/\/www.abc.es\/espana\/madrid\/abci-goiko-grill-regala-10000-hamburguesas-durante-hora-201912021831_noticia.html\">Goiko regala 10.000 hamburguesas durante una hora &#8211; ABC<\/a><\/h3>\n<p>La cadena\u00a0<strong>Goiko\u00a0<\/strong>reparte este lunes, de 19 a 20 horas,\u00a0<strong>10.000 hamburguesas gratis\u00a0<\/strong>en sus restaurantes de toda Espa\u00f1a. Esta oferta de una hora se restringe a uno de sus platos m\u00e1s famosos, la hamburguesa Kevin Bacon, que se podr\u00e1 conseguir gratis solo para llevar.<\/p>\n<hr \/>\n<h3 class=\"title title-node text-center font-weight-bold\"><a href=\"https:\/\/www.reasonwhy.es\/actualidad\/rebranding-goiko-grill-nuevo-logo\">Goiko Grill estrena naming y logotipo &#8211; Reason Why<\/a><\/h3>\n<p>Seg\u00fan explica su fundador, Andoni Goicoechea, el <strong>rebranding<\/strong>\u00a0refleja c\u00f3mo les ven\u00a0<em>\u201clos clientes, c\u00f3mo nos sentimos y a d\u00f3nde queremos llegar\u201d. \u201cEstoy demasiado feliz por la etapa que inauguramos hoy y deseando conocer qu\u00e9 piensan los fans de GOIKO\u201d<\/em>, ha a\u00f1adido.<\/p>\n<hr \/>\n<h3 class=\"entry-title\"><a href=\"https:\/\/restauracionnews.com\/goiko-grill-presenta-su-pan-pan-5-pro-max-al-estilo-apple\/\">Goiko Grill presenta su pan Pan 5 Pro Max al estilo Apple &#8211; Marketing Directo<\/a><\/h3>\n<p>Desde este lunes los clientes de\u00a0<a href=\"https:\/\/restauracionnews.com\/tag\/goiko-grill\/\" target=\"_blank\" rel=\"noopener noreferrer\">Goiko Grill<\/a> de Madrid, Bilbao, Pamplona, Oviedo y Salamanca pueden disfrutar del nuevo Pan 5 Pro Max que ir\u00e1 llegando al resto de ciudades en las que la cadena tiene presencia. La nueva receta es exclusiva de Goiko Grill.<\/p>\n<hr \/>\n<h3 class=\"articleTitle\"><a href=\"https:\/\/www.eleconomista.es\/empresas-finanzas\/noticias\/10152574\/10\/19\/Goiko-Grill-renueva-el-pan-de-sus-hamburguesas-ahora-es-mas-ligero-esponjoso-y-resistente.html\">Goiko Grill renueva el pan de sus hamburguesas: ahora es m\u00e1s ligero, esponjoso y resistente &#8211; El Economista<\/a><\/h3>\n<p>Nueva revoluci\u00f3n en Goiko Grill. La popular hamburgueser\u00eda gourmet ha llevado a cabo uno de los cambios m\u00e1s ambiciosos en los \u00faltimos tiempos: ha cambiado el pan de sus hamburguesas para optar por un bollo mejor.<\/p>\n<hr \/>\n<h3 class=\"subtitle-cn\"><a href=\"https:\/\/www.marketingdirecto.com\/marketing-general\/publicidad\/goiko-grill-lanza-su-pan-5-pro-max-al-estilo-de-la-mismisima-apple\">Goiko Grill lanza su Pan 5 Pro Max al estilo de la mism\u00edsima Apple &#8211; Marketing Directo<\/a><\/h3>\n<p>Ojipl\u00e1ticos ha querido dejar <strong>Goiko Grill<\/strong>\u00a0a los fans de sus hamburguesas. Como si de un iPhone se tratase, la cadena ha lanzado el\u00a0<strong>Pan 5 Pro Max<\/strong>\u00a0con un v\u00eddeo que compara su nueva delicia con el \u00faltimo buque insignia de Apple.<\/p>\n<hr \/>\n<h3 class=\"title\"><a href=\"https:\/\/navarra.elespanol.com\/articulo\/sociedad\/goiko-grill-huarte-local-hamburguesa-nueva\/20191121132808298927.html\">&#8216;Nava-Rica&#8217;, as\u00ed es la hamburguesa que ha creado Goiko Grill para su nuevo local en Itaroa Huarte &#8211; El Espa\u00f1ol<\/a><\/h3>\n<p>La hamburguesa especial que solo se podr\u00e1 degustar en este nuevo local se llamar\u00e1 la <strong>NAVA-RICA\u00a0y sus ingredientes<\/strong>\u00a0son: queso Roncal, tiras de piquillos, salteado de esp\u00e1rragos navarros, cebolla crunchy y lechuga batavia.<\/p>\n<hr \/>\n<h3 class=\"entry-title\"><a href=\"https:\/\/restauracionnews.com\/goiko-grill-entre-el-guinness-world-records\/\">Goiko Grill entra en el Guinness World Records &#8211; Restauraci\u00f3n News<\/a><\/h3>\n<p>Los empleados de\u00a0Goiko Grill\u00a0han logrado un t\u00edtulo de Guinness World Records durante los Goiko Games 2019, celebrados el 14 de octubre, al hacer una\u00a0representaci\u00f3n humana de la hamburguesa m\u00e1s grande jam\u00e1s vista y mantener la forma exacta durante cinco minutos. Esto fue posible gracias a la participaci\u00f3n y la gran concentraci\u00f3n de 1.047 miembros de Goiko Grill.<\/p>\n<hr \/>\n<h3 class=\"cover-title\"><a href=\"https:\/\/www.lavozdigital.es\/gurme\/actualidad\/goiko-grill-cadiz\/\">Goiko Grill inaugura su local en C\u00e1diz &#8211; La Voz Digital<\/a><\/h3>\n<p>La cadena de hamburgueser\u00edas\u00a0Goiko Grill\u00a0ha abierto recientemente su primer\u00a0establecimiento en C\u00e1diz,\u00a0en el n\u00famero 1 de la\u00a0calle San Miguel. Para ello ofreci\u00f3 una\u00a0fiesta de inauguraci\u00f3n\u00a0en la que se dio a conocer una hamburguesa especial para la ciudad con el nombre\u00a0\u201cLa Decai\u201d, elaborada con queso payoyo, piri\u00f1aca andaluza, bacon en tiras y espinacas.<\/p>\n<hr \/>\n<h3 class=\"articleTitle\"><a href=\"https:\/\/www.eleconomista.es\/empresas-finanzas\/noticias\/10078445\/09\/19\/Goiko-Grill-se-afianza-en-Espana-logro-38-millones-de-clientes-y-una-facturacion-de-60-millones-en-2018.html\">Goiko Grill se afianza en Espa\u00f1a: logr\u00f3 3,8 millones de clientes y una facturaci\u00f3n de 60 millones en 2018 &#8211; El Economista<\/a><\/h3>\n<p>Goiko Grill se afianza en Espa\u00f1a. En un momento en el que la popular firma de restauraci\u00f3n se encuentra trabajando en la apertura de su primer restaurante fuera de Espa\u00f1a antes de que acabe el a\u00f1o, la empresa ha compartido algunos de sus datos financieros que confirman su profunda huella en el pa\u00eds.<\/p>\n<hr \/>\n<h3 class=\"news_ext_title3\"><a href=\"https:\/\/cronicaglobal.elespanol.com\/business\/goiko-grill-tienda-2013-sumar-70-35-ciudades_274158_102.html\">Goiko Grill, de abrir una tienda en Madrid en 2013 a sumar 70 en 35 ciudades &#8211; El Espa\u00f1ol<\/a><\/h3>\n<p>Hay una cadena internacional de hamburgueser\u00edas cuyo lema es \u201cel rey de las hamburguesas\u201d. Pero si atendemos a los n\u00fameros, el rey de las hamburguesas no ser\u00eda Burger King, sino\u00a0Goiko Grill,\u00a0cuyo eslogan es\u00a0<strong>\u00abhacemos burgers, cocinamos historias\u00bb.\u00a0<\/strong><\/p>\n<hr \/>\n<h3 class=\"titulo\"><a href=\"https:\/\/www.rioja2.com\/n-134840-2-la-popular-cadena-de-restauracion-goiko-grill-abre-este-viernes-en-logrono\/\">La popular cadena de restauraci\u00f3n Goiko Grill abre este viernes en Logro\u00f1o &#8211; Rioja 2<\/a><\/h3>\n<p>Se ubicar\u00e1 en el n\u00famero 36 de la calle Avenida de Portugal, en el local que anteriormente ocupaba el restaurante Entrepuentes City. La carta del Goiko Grill ofrece decenas de hamburguesas. De hecho, en cada uno de los locales ofrece una hamburguesa exclusiva que s\u00f3lo se puede conseguir ah\u00ed.<\/p>\n<hr \/>\n<h3 class=\"title m-b-5\"><a href=\"https:\/\/www.businessinsider.es\/goiko-grill-incluye-hamburguesa-vegana-beyond-meat-menu-442815\">Beyond Meat, la hamburguesa vegana que est\u00e1 arrasando en Wall Street, aterriza en Goiko Grill en Espa\u00f1a &#8211; Business Insider<\/a><\/h3>\n<p>Beyond Meat ha ido ganando en popularidad gracias a su producto estrella: una hamburguesa vegana hecha a base de guisantes que se parece mucho en textura, calidad y sabor a una hamburguesa de carne tradicional.\u00a0Ahora las diferentes variantes de la hamburguesa de Beyond Meat estar\u00e1n disponibles en la carta de Goiko Grill.<\/p>\n<hr \/>\n<h3 class=\"post-title entry-title\"><a href=\"https:\/\/www.lavozdelsur.es\/las-hamburguesas-gourmet-de-goiko-grill-llegan-a-cadiz-tras-una-peticion-en-change-org\/\">Las hamburguesas gourmet de Goiko Grill llegan a C\u00e1diz tras una petici\u00f3n en \u2018change.org\u2019 &#8211; La Voz del Sur<\/a><\/h3>\n<p>Hace siete meses Toni Oliveira escribi\u00f3 una singular petici\u00f3n en\u00a0<em>change<\/em>.<em>org:\u00a0<\/em>\u201cLos gaditanos tambi\u00e9n tenemos derecho a disfrutar de las m\u00e1s sabrosas hamburguesas en nuestra ciudad sin tener que desplazarnos a Sevilla o M\u00e1laga (\u2026) Goiko Grill\u2026 Queremos una hamburgueser\u00eda de las vuestras aqu\u00ed, \u00a1y ahora!\u201d. Dicho y hecho. La hamburgueser\u00eda gourmet abrir\u00e1 en breve sus puertas en la capital gaditana en la calle Novena<\/p>\n<hr \/>\n<h3 class=\"subtitle-cn\"><a href=\"https:\/\/www.marketingdirecto.com\/digital-general\/social-media-marketing\/goiko-grill-la-empresa-de-restauracion-con-mayor-exito-en-redes-sociales\">Goiko Grill, la empresa de restauraci\u00f3n con mayor \u00e9xito en redes sociales &#8211; Marketing Directo<\/a><\/h3>\n<p>Epsilon Technologies ha presentado el \u00faltimo\u00a0Panel Icarus Analytics de la Restauraci\u00f3n, que muestra a las empresas m\u00e1s destacadas en las redes sociales en Espa\u00f1a. Para ello, se han analizado casi 15.000 contenidos de los perfiles en redes sociales de 28 marcas del sector de la restauraci\u00f3n, con un agregado total de 100 perfiles en Facebook, Twitter, Instagram y YouTube.<\/p>\n<hr \/>\n<h3><a href=\"http:\/\/www.elmundo.es\/andalucia\/malaga\/2018\/01\/30\/5a70535c468aebc6668b457d.html\">Goiko Grill\u00a0abre en M\u00e1laga &#8211; El Mundo\u00a0<\/a><\/h3>\n<p>Son ellos los creadores de la Kevin Bacon, la hamburguesa estrella de la casa y la m\u00e1s vendida en Espa\u00f1a. Adem\u00e1s de por su sabor, es celebrada continuamente por los clientes en el mundo online y de las redes sociales junto al resto de las hamburguesas de la carta y otros platos ya cl\u00e1sicos como los teque\u00f1os o los nachos de Daniela.<\/p>\n<hr \/>\n<h3><a href=\"https:\/\/www.elespanol.com\/branded\/andoni-goicoechea-goiko-grill\/\">Entrevista a Andoni Goicoechea &#8211; El Espa\u00f1ol para Range Rover<\/a><\/h3>\n<p>Nosotros hemos logrado superar dos barreras culturales. En Espa\u00f1a, la gente nos dec\u00eda cuando nos propusimos abrir el segundo local que \u00edbamos a morir de \u00e9xito; en Venezuela, que a un empresario le vaya bien se asocia con la corrupci\u00f3n. Hemos demostrado que se puede vivir de \u00e9xito haciendo las cosas bien, sin joder a nadie. De las 300 personas que hay en plantilla, todas son buena gente. Y seguimos creciendo.<\/p>\n<hr \/>\n<h3><a href=\"http:\/\/www.harpersbazaar.com\/es\/cultura\/viajes-planes\/a355593\/restaurantes-colonizado-instagram\/\">Goiko Grill: El Rey de Instagram &#8211; Harper&#8217;s Bazaar<\/a><\/h3>\n<p>Si hay un proyecto gastron\u00f3mico que pueda presumir de ser el verdadero rey de Instagram (en terreno foodie, por supuesto) es Goiko Grill. M\u00e1s de 100 mil seguidores nada m\u00e1s y nada menos. Un gran equipo de marketing, el boca a boca y la fidelizaci\u00f3n de los clientes,han sido la combinaci\u00f3n perfecta para lograr el \u00e9xito de esta hamburgueser\u00eda.<\/p>\n<p>&nbsp;<\/p>\n","protected":false},"excerpt":{"rendered":"<p>Menciones en medios Si deseas conocer informaci\u00f3n sobre GOIKO, puedes contactar a mariajosevilchez@goiko.com\u00a0o tambi\u00e9n escribir a comunicaciones@goiko.com Goiko desembarca en Par\u00eds con sus hamburguesas &#8216;premium&#8217; y prev\u00e9 m\u00e1s aperturas en Francia en 2020 &#8211; Europa Press Goiko, la cadena de hamburgueser\u00edas &#8216;premium&#8217;, inicia su expansi\u00f3n internacional con su desembarco en Par\u00eds, mientras que prev\u00e9 m\u00e1s [&hellip;]<\/p>\n","protected":false},"author":1,"featured_media":28164,"parent":0,"menu_order":263,"comment_status":"closed","ping_status":"closed","template":"","meta":{"footnotes":""},"class_list":["post-5772","page","type-page","status-publish","has-post-thumbnail","hentry"],"acf":[],"yoast_head":"<!-- This site is optimized with the Yoast SEO plugin v23.8 - https:\/\/yoast.com\/wordpress\/plugins\/seo\/ -->\n<title>Prensa - GOIKO<\/title>\n<meta name=\"description\" content=\"Menciones en medios de comunicaci\u00f3n sobre todo el mundo Goiko, nuestros restaurantes, hamburguesas gourmets y reconocimientos.\" \/>\n<meta name=\"robots\" content=\"index, follow, max-snippet:-1, max-image-preview:large, max-video-preview:-1\" \/>\n<link rel=\"canonical\" href=\"https:\/\/www.goiko.com\/es\/prensa\/\" \/>\n<meta property=\"og:locale\" content=\"es_ES\" \/>\n<meta property=\"og:type\" content=\"article\" \/>\n<meta property=\"og:title\" content=\"Prensa - GOIKO\" \/>\n<meta property=\"og:description\" content=\"Menciones en medios de comunicaci\u00f3n sobre todo el mundo Goiko, nuestros restaurantes, hamburguesas gourmets y reconocimientos.\" \/>\n<meta property=\"og:url\" content=\"https:\/\/www.goiko.com\/es\/prensa\/\" \/>\n<meta property=\"og:site_name\" content=\"GOIKO\" \/>\n<meta property=\"article:publisher\" content=\"https:\/\/www.facebook.com\/goiko\" \/>\n<meta property=\"article:modified_time\" content=\"2023-05-24T12:02:16+00:00\" \/>\n<meta property=\"og:image\" content=\"https:\/\/www.goiko.com\/es\/wp-content\/uploads\/2019\/11\/GaleriaHome_Mesa.jpg\" \/>\n\t<meta property=\"og:image:width\" content=\"1800\" \/>\n\t<meta property=\"og:image:height\" content=\"1200\" \/>\n\t<meta property=\"og:image:type\" content=\"image\/jpeg\" \/>\n<meta name=\"twitter:card\" content=\"summary_large_image\" \/>\n<meta name=\"twitter:site\" content=\"@goiko\" \/>\n<meta name=\"twitter:label1\" content=\"Tiempo de lectura\" \/>\n\t<meta name=\"twitter:data1\" content=\"8 minutos\" \/>\n<script type=\"application\/ld+json\" class=\"yoast-schema-graph\">{\"@context\":\"https:\/\/schema.org\",\"@graph\":[{\"@type\":\"WebPage\",\"@id\":\"https:\/\/www.goiko.com\/es\/prensa\/\",\"url\":\"https:\/\/www.goiko.com\/es\/prensa\/\",\"name\":\"Prensa - GOIKO\",\"isPartOf\":{\"@id\":\"https:\/\/www.goiko.com\/es\/#website\"},\"primaryImageOfPage\":{\"@id\":\"https:\/\/www.goiko.com\/es\/prensa\/#primaryimage\"},\"image\":{\"@id\":\"https:\/\/www.goiko.com\/es\/prensa\/#primaryimage\"},\"thumbnailUrl\":\"https:\/\/www.goiko.com\/es\/wp-content\/uploads\/2019\/11\/GaleriaHome_Mesa.jpg\",\"datePublished\":\"2017-03-14T08:57:50+00:00\",\"dateModified\":\"2023-05-24T12:02:16+00:00\",\"description\":\"Menciones en medios de comunicaci\u00f3n sobre todo el mundo Goiko, nuestros restaurantes, hamburguesas gourmets y reconocimientos.\",\"breadcrumb\":{\"@id\":\"https:\/\/www.goiko.com\/es\/prensa\/#breadcrumb\"},\"inLanguage\":\"es\",\"potentialAction\":[{\"@type\":\"ReadAction\",\"target\":[\"https:\/\/www.goiko.com\/es\/prensa\/\"]}]},{\"@type\":\"ImageObject\",\"inLanguage\":\"es\",\"@id\":\"https:\/\/www.goiko.com\/es\/prensa\/#primaryimage\",\"url\":\"https:\/\/www.goiko.com\/es\/wp-content\/uploads\/2019\/11\/GaleriaHome_Mesa.jpg\",\"contentUrl\":\"https:\/\/www.goiko.com\/es\/wp-content\/uploads\/2019\/11\/GaleriaHome_Mesa.jpg\",\"width\":1800,\"height\":1200},{\"@type\":\"BreadcrumbList\",\"@id\":\"https:\/\/www.goiko.com\/es\/prensa\/#breadcrumb\",\"itemListElement\":[{\"@type\":\"ListItem\",\"position\":1,\"name\":\"Portada\",\"item\":\"https:\/\/www.goiko.com\/es\/\"},{\"@type\":\"ListItem\",\"position\":2,\"name\":\"Prensa\"}]},{\"@type\":\"WebSite\",\"@id\":\"https:\/\/www.goiko.com\/es\/#website\",\"url\":\"https:\/\/www.goiko.com\/es\/\",\"name\":\"GOIKO\",\"description\":\"Chorreo Forever\",\"potentialAction\":[{\"@type\":\"SearchAction\",\"target\":{\"@type\":\"EntryPoint\",\"urlTemplate\":\"https:\/\/www.goiko.com\/es\/?s={search_term_string}\"},\"query-input\":{\"@type\":\"PropertyValueSpecification\",\"valueRequired\":true,\"valueName\":\"search_term_string\"}}],\"inLanguage\":\"es\"}]}<\/script>\n<!-- \/ Yoast SEO plugin. -->","yoast_head_json":{"title":"Prensa - GOIKO","description":"Menciones en medios de comunicaci\u00f3n sobre todo el mundo Goiko, nuestros restaurantes, hamburguesas gourmets y reconocimientos.","robots":{"index":"index","follow":"follow","max-snippet":"max-snippet:-1","max-image-preview":"max-image-preview:large","max-video-preview":"max-video-preview:-1"},"canonical":"https:\/\/www.goiko.com\/es\/prensa\/","og_locale":"es_ES","og_type":"article","og_title":"Prensa - GOIKO","og_description":"Menciones en medios de comunicaci\u00f3n sobre todo el mundo Goiko, nuestros restaurantes, hamburguesas gourmets y reconocimientos.","og_url":"https:\/\/www.goiko.com\/es\/prensa\/","og_site_name":"GOIKO","article_publisher":"https:\/\/www.facebook.com\/goiko","article_modified_time":"2023-05-24T12:02:16+00:00","og_image":[{"width":1800,"height":1200,"url":"https:\/\/www.goiko.com\/es\/wp-content\/uploads\/2019\/11\/GaleriaHome_Mesa.jpg","type":"image\/jpeg"}],"twitter_card":"summary_large_image","twitter_site":"@goiko","twitter_misc":{"Tiempo de lectura":"8 minutos"},"schema":{"@context":"https:\/\/schema.org","@graph":[{"@type":"WebPage","@id":"https:\/\/www.goiko.com\/es\/prensa\/","url":"https:\/\/www.goiko.com\/es\/prensa\/","name":"Prensa - GOIKO","isPartOf":{"@id":"https:\/\/www.goiko.com\/es\/#website"},"primaryImageOfPage":{"@id":"https:\/\/www.goiko.com\/es\/prensa\/#primaryimage"},"image":{"@id":"https:\/\/www.goiko.com\/es\/prensa\/#primaryimage"},"thumbnailUrl":"https:\/\/www.goiko.com\/es\/wp-content\/uploads\/2019\/11\/GaleriaHome_Mesa.jpg","datePublished":"2017-03-14T08:57:50+00:00","dateModified":"2023-05-24T12:02:16+00:00","description":"Menciones en medios de comunicaci\u00f3n sobre todo el mundo Goiko, nuestros restaurantes, hamburguesas gourmets y reconocimientos.","breadcrumb":{"@id":"https:\/\/www.goiko.com\/es\/prensa\/#breadcrumb"},"inLanguage":"es","potentialAction":[{"@type":"ReadAction","target":["https:\/\/www.goiko.com\/es\/prensa\/"]}]},{"@type":"ImageObject","inLanguage":"es","@id":"https:\/\/www.goiko.com\/es\/prensa\/#primaryimage","url":"https:\/\/www.goiko.com\/es\/wp-content\/uploads\/2019\/11\/GaleriaHome_Mesa.jpg","contentUrl":"https:\/\/www.goiko.com\/es\/wp-content\/uploads\/2019\/11\/GaleriaHome_Mesa.jpg","width":1800,"height":1200},{"@type":"BreadcrumbList","@id":"https:\/\/www.goiko.com\/es\/prensa\/#breadcrumb","itemListElement":[{"@type":"ListItem","position":1,"name":"Portada","item":"https:\/\/www.goiko.com\/es\/"},{"@type":"ListItem","position":2,"name":"Prensa"}]},{"@type":"WebSite","@id":"https:\/\/www.goiko.com\/es\/#website","url":"https:\/\/www.goiko.com\/es\/","name":"GOIKO","description":"Chorreo Forever","potentialAction":[{"@type":"SearchAction","target":{"@type":"EntryPoint","urlTemplate":"https:\/\/www.goiko.com\/es\/?s={search_term_string}"},"query-input":{"@type":"PropertyValueSpecification","valueRequired":true,"valueName":"search_term_string"}}],"inLanguage":"es"}]}},"_links":{"self":[{"href":"https:\/\/www.goiko.com\/es\/wp-json\/wp\/v2\/pages\/5772","targetHints":{"allow":["GET"]}}],"collection":[{"href":"https:\/\/www.goiko.com\/es\/wp-json\/wp\/v2\/pages"}],"about":[{"href":"https:\/\/www.goiko.com\/es\/wp-json\/wp\/v2\/types\/page"}],"author":[{"embeddable":true,"href":"https:\/\/www.goiko.com\/es\/wp-json\/wp\/v2\/users\/1"}],"replies":[{"embeddable":true,"href":"https:\/\/www.goiko.com\/es\/wp-json\/wp\/v2\/comments?post=5772"}],"version-history":[{"count":3,"href":"https:\/\/www.goiko.com\/es\/wp-json\/wp\/v2\/pages\/5772\/revisions"}],"predecessor-version":[{"id":46951,"href":"https:\/\/www.goiko.com\/es\/wp-json\/wp\/v2\/pages\/5772\/revisions\/46951"}],"wp:featuredmedia":[{"embeddable":true,"href":"https:\/\/www.goiko.com\/es\/wp-json\/wp\/v2\/media\/28164"}],"wp:attachment":[{"href":"https:\/\/www.goiko.com\/es\/wp-json\/wp\/v2\/media?parent=5772"}],"curies":[{"name":"wp","href":"https:\/\/api.w.org\/{rel}","templated":true}]}}