{"id":58011,"date":"2024-03-18T11:00:10","date_gmt":"2024-03-18T10:00:10","guid":{"rendered":"https:\/\/www.goiko.com\/es\/?page_id=58011"},"modified":"2024-04-29T14:59:21","modified_gmt":"2024-04-29T13:59:21","slug":"nueva-promo-frecuencia-5e-de-regalo-por-consumo-de-25e","status":"publish","type":"page","link":"https:\/\/www.goiko.com\/es\/bases-condiciones\/nueva-promo-frecuencia-5e-de-regalo-por-consumo-de-25e\/","title":{"rendered":"Nueva Promo Frecuencia &#8211; 5\u20ac de regalo por consumo de 25\u20ac"},"content":{"rendered":"<h2>5\u20ac de regalo por consumo de 25\u20ac<\/h2>\n<p>Goiko Gourmet S.L. de C.I.F. B-86.590.841, con domicilio fiscal en calle Maestro \u00c1ngel Llorca, 6, planta 5, CP 28003 en adelante GOIKO. Ofrece a sus clientes la promoci\u00f3n \u201c5\u20ac DE REGALO POR CONSUMO M\u00cdNIMO DE 25\u201d en adelante la promoci\u00f3n, bajo las siguientes descripciones y condiciones.<\/p>\n<p><strong>PRIMERO.\u00a0Objetivo.<\/strong><\/p>\n<p>GOIKO entregar\u00e1 a los clientes que hayan realizado un consumo en cualquiera de los restaurantes GOIKO ubicados en la pen\u00ednsula espa\u00f1ola una tarjeta f\u00edsica para canjear en su pr\u00f3ximo consumo en restaurante. Esta promoci\u00f3n estar\u00e1 sujeta a las condiciones abajo expuestas.<\/p>\n<p><strong>SEGUNDO.\u00a0Restaurantes y Plazo.<\/strong><\/p>\n<p>La promoci\u00f3n ser\u00e1 aplicable en todos los restaurantes GOIKO de Espa\u00f1a (excluyendo Canarias y Baleares) de lunes a domingo en los horarios de servicio de nuestros restaurantes, hasta el 28 de abril del 2024.<\/p>\n<p><strong>TERCERO.\u00a0Descripci\u00f3n y condiciones del canje.<\/strong><\/p>\n<ul>\n<li>Los empleados de los restaurantes GOIKO ubicados en la pen\u00ednsula espa\u00f1ola, entregar\u00e1n a los clientes al finalizar su consumo una tarjeta f\u00edsica con un c\u00f3digo de descuento v\u00e1lido por 5\u20ac de descuento en su pr\u00f3xima visita con un consumo m\u00ednimo de 25\u20ac.<\/li>\n<li>Las tarjetas de descuento entregadas por los trabajadores de GOIKO a los comensales son de existencia limitada, por lo que, su entrega no podr\u00e1 ser exigible por el comensal en caso de haberse agotado su existencia.<\/li>\n<li>Para que la promoci\u00f3n sea v\u00e1lida, el cliente deber\u00e1 realizar un consumo m\u00ednimo de 25\u20ac en nuestros productos.<\/li>\n<li>El descuento se har\u00e1 sobre el ticket final de m\u00ednimo 25\u20ac.<\/li>\n<li>La promoci\u00f3n ser\u00e1 v\u00e1lida \u00fanicamente para consumos dentro de los restaurantes GOIKO, excluyendo as\u00ed el canje del c\u00f3digo en pedidos de Take Away, pedidos de Delivery propio o de plataformas externas.<\/li>\n<li>S\u00f3lo podr\u00e1 canjearse UN (1) c\u00f3digo por consumo y mesa, por lo que, si hay varios comensales en una misma mesa con distintos c\u00f3digos, s\u00f3lo se aplicar\u00e1 UNO.<\/li>\n<li>El canje NO ser\u00e1 v\u00e1lido con las siguientes promociones:<\/li>\n<\/ul>\n<p>o Men\u00fa del D\u00eda.<br \/>\no Privilege.<br \/>\no Neighbor.<br \/>\no Colectivos.<br \/>\no Promoci\u00f3n Come Back (Entrante o Postre For Free).<br \/>\no Margarita -50% segunda unidad.<br \/>\no Vouchers de productos de Friends With Benefits canjeados por GoikoIns.<br \/>\no Ninguna otra promoci\u00f3n que incluya alg\u00fan porcentaje de descuento.<\/p>\n<ul>\n<li>El c\u00f3digo no podr\u00e1 ser canjeado por dinero en efectivo o por cualquier otro producto no aplicable en la promoci\u00f3n.<\/li>\n<\/ul>\n<p><strong>CUARTO.\u00a0Modificaciones.<\/strong><\/p>\n<p>GOIKO se reserva el derecho a realizar modificaciones o a\u00f1adir anexos sobres las presentes Bases, siempre que las mismas est\u00e9n justificadas o no perjudiquen a los involucrados.<\/p>\n<p><strong>QUINTO. Tratamiento de datos de car\u00e1cter personal.<\/strong><\/p>\n<p>En caso de que sean necesarios los datos personales de los participantes de la promoci\u00f3n, estos ser\u00e1n tratados de acuerdo con las condiciones establecidas a continuaci\u00f3n en el siguiente enlace:\u00a0<a href=\"https:\/\/www.goiko.com\/politica_de_proteccion_de_datos\/\">https:\/\/www.goiko.com\/politica_de_proteccion_de_datos\/<\/a><\/p>\n<p><strong>SEXTO. Legislaci\u00f3n aplicable y fuero competente.<\/strong><\/p>\n<p>Esta promoci\u00f3n se rige por la legislaci\u00f3n vigente en Espa\u00f1a y por las presentes Bases. Ser\u00e1n competentes para resolver cualquier reclamaci\u00f3n o controversia que pudiera plantearse en relaci\u00f3n con la validez, interpretaci\u00f3n o cumplimiento de estas Bases los Juzgados y Tribunales de la ciudad de Madrid.<\/p>\n","protected":false},"excerpt":{"rendered":"<p>5\u20ac de regalo por consumo de 25\u20ac Goiko Gourmet S.L. de C.I.F. B-86.590.841, con domicilio fiscal en calle Maestro \u00c1ngel Llorca, 6, planta 5, CP 28003 en adelante GOIKO. Ofrece a sus clientes la promoci\u00f3n \u201c5\u20ac DE REGALO POR CONSUMO M\u00cdNIMO DE 25\u201d en adelante la promoci\u00f3n, bajo las siguientes descripciones y condiciones. PRIMERO.\u00a0Objetivo. GOIKO [&hellip;]<\/p>\n","protected":false},"author":53,"featured_media":57302,"parent":24894,"menu_order":0,"comment_status":"closed","ping_status":"closed","template":"","meta":{"footnotes":""},"class_list":["post-58011","page","type-page","status-publish","has-post-thumbnail","hentry"],"acf":[],"yoast_head":"<!-- This site is optimized with the Yoast SEO plugin v23.8 - https:\/\/yoast.com\/wordpress\/plugins\/seo\/ -->\n<title>Nueva Promo Frecuencia - 5\u20ac de regalo por consumo de 25\u20ac - GOIKO<\/title>\n<meta name=\"robots\" content=\"index, follow, max-snippet:-1, max-image-preview:large, max-video-preview:-1\" \/>\n<link rel=\"canonical\" href=\"https:\/\/www.goiko.com\/es\/bases-condiciones\/nueva-promo-frecuencia-5e-de-regalo-por-consumo-de-25e\/\" \/>\n<meta property=\"og:locale\" content=\"es_ES\" \/>\n<meta property=\"og:type\" content=\"article\" \/>\n<meta property=\"og:title\" content=\"Nueva Promo Frecuencia - 5\u20ac de regalo por consumo de 25\u20ac - GOIKO\" \/>\n<meta property=\"og:description\" content=\"5\u20ac de regalo por consumo de 25\u20ac Goiko Gourmet S.L. de C.I.F. B-86.590.841, con domicilio fiscal en calle Maestro \u00c1ngel Llorca, 6, planta 5, CP 28003 en adelante GOIKO. Ofrece a sus clientes la promoci\u00f3n \u201c5\u20ac DE REGALO POR CONSUMO M\u00cdNIMO DE 25\u201d en adelante la promoci\u00f3n, bajo las siguientes descripciones y condiciones. PRIMERO.\u00a0Objetivo. GOIKO [&hellip;]\" \/>\n<meta property=\"og:url\" content=\"https:\/\/www.goiko.com\/es\/bases-condiciones\/nueva-promo-frecuencia-5e-de-regalo-por-consumo-de-25e\/\" \/>\n<meta property=\"og:site_name\" content=\"GOIKO\" \/>\n<meta property=\"article:publisher\" content=\"https:\/\/www.facebook.com\/goiko\" \/>\n<meta property=\"article:modified_time\" content=\"2024-04-29T13:59:21+00:00\" \/>\n<meta property=\"og:image\" content=\"https:\/\/www.goiko.com\/es\/wp-content\/uploads\/2024\/01\/CATEGORIA-PRODUCTO-BURGERS-4.png\" \/>\n\t<meta property=\"og:image:width\" content=\"1200\" \/>\n\t<meta property=\"og:image:height\" content=\"600\" \/>\n\t<meta property=\"og:image:type\" content=\"image\/png\" \/>\n<meta name=\"twitter:card\" content=\"summary_large_image\" \/>\n<meta name=\"twitter:site\" content=\"@goiko\" \/>\n<meta name=\"twitter:label1\" content=\"Tiempo de lectura\" \/>\n\t<meta name=\"twitter:data1\" content=\"3 minutos\" \/>\n<script type=\"application\/ld+json\" class=\"yoast-schema-graph\">{\"@context\":\"https:\/\/schema.org\",\"@graph\":[{\"@type\":\"WebPage\",\"@id\":\"https:\/\/www.goiko.com\/es\/bases-condiciones\/nueva-promo-frecuencia-5e-de-regalo-por-consumo-de-25e\/\",\"url\":\"https:\/\/www.goiko.com\/es\/bases-condiciones\/nueva-promo-frecuencia-5e-de-regalo-por-consumo-de-25e\/\",\"name\":\"Nueva Promo Frecuencia - 5\u20ac de regalo por consumo de 25\u20ac - GOIKO\",\"isPartOf\":{\"@id\":\"https:\/\/www.goiko.com\/es\/#website\"},\"primaryImageOfPage\":{\"@id\":\"https:\/\/www.goiko.com\/es\/bases-condiciones\/nueva-promo-frecuencia-5e-de-regalo-por-consumo-de-25e\/#primaryimage\"},\"image\":{\"@id\":\"https:\/\/www.goiko.com\/es\/bases-condiciones\/nueva-promo-frecuencia-5e-de-regalo-por-consumo-de-25e\/#primaryimage\"},\"thumbnailUrl\":\"https:\/\/www.goiko.com\/es\/wp-content\/uploads\/2024\/01\/CATEGORIA-PRODUCTO-BURGERS-4.png\",\"datePublished\":\"2024-03-18T10:00:10+00:00\",\"dateModified\":\"2024-04-29T13:59:21+00:00\",\"breadcrumb\":{\"@id\":\"https:\/\/www.goiko.com\/es\/bases-condiciones\/nueva-promo-frecuencia-5e-de-regalo-por-consumo-de-25e\/#breadcrumb\"},\"inLanguage\":\"es\",\"potentialAction\":[{\"@type\":\"ReadAction\",\"target\":[\"https:\/\/www.goiko.com\/es\/bases-condiciones\/nueva-promo-frecuencia-5e-de-regalo-por-consumo-de-25e\/\"]}]},{\"@type\":\"ImageObject\",\"inLanguage\":\"es\",\"@id\":\"https:\/\/www.goiko.com\/es\/bases-condiciones\/nueva-promo-frecuencia-5e-de-regalo-por-consumo-de-25e\/#primaryimage\",\"url\":\"https:\/\/www.goiko.com\/es\/wp-content\/uploads\/2024\/01\/CATEGORIA-PRODUCTO-BURGERS-4.png\",\"contentUrl\":\"https:\/\/www.goiko.com\/es\/wp-content\/uploads\/2024\/01\/CATEGORIA-PRODUCTO-BURGERS-4.png\",\"width\":1200,\"height\":600},{\"@type\":\"BreadcrumbList\",\"@id\":\"https:\/\/www.goiko.com\/es\/bases-condiciones\/nueva-promo-frecuencia-5e-de-regalo-por-consumo-de-25e\/#breadcrumb\",\"itemListElement\":[{\"@type\":\"ListItem\",\"position\":1,\"name\":\"Portada\",\"item\":\"https:\/\/www.goiko.com\/es\/\"},{\"@type\":\"ListItem\",\"position\":2,\"name\":\"Bases y condiciones\",\"item\":\"https:\/\/www.goiko.com\/es\/bases-condiciones\/\"},{\"@type\":\"ListItem\",\"position\":3,\"name\":\"Nueva Promo Frecuencia &#8211; 5\u20ac de regalo por consumo de 25\u20ac\"}]},{\"@type\":\"WebSite\",\"@id\":\"https:\/\/www.goiko.com\/es\/#website\",\"url\":\"https:\/\/www.goiko.com\/es\/\",\"name\":\"GOIKO\",\"description\":\"Chorreo Forever\",\"potentialAction\":[{\"@type\":\"SearchAction\",\"target\":{\"@type\":\"EntryPoint\",\"urlTemplate\":\"https:\/\/www.goiko.com\/es\/?s={search_term_string}\"},\"query-input\":{\"@type\":\"PropertyValueSpecification\",\"valueRequired\":true,\"valueName\":\"search_term_string\"}}],\"inLanguage\":\"es\"}]}<\/script>\n<!-- \/ Yoast SEO plugin. -->","yoast_head_json":{"title":"Nueva Promo Frecuencia - 5\u20ac de regalo por consumo de 25\u20ac - GOIKO","robots":{"index":"index","follow":"follow","max-snippet":"max-snippet:-1","max-image-preview":"max-image-preview:large","max-video-preview":"max-video-preview:-1"},"canonical":"https:\/\/www.goiko.com\/es\/bases-condiciones\/nueva-promo-frecuencia-5e-de-regalo-por-consumo-de-25e\/","og_locale":"es_ES","og_type":"article","og_title":"Nueva Promo Frecuencia - 5\u20ac de regalo por consumo de 25\u20ac - GOIKO","og_description":"5\u20ac de regalo por consumo de 25\u20ac Goiko Gourmet S.L. de C.I.F. B-86.590.841, con domicilio fiscal en calle Maestro \u00c1ngel Llorca, 6, planta 5, CP 28003 en adelante GOIKO. Ofrece a sus clientes la promoci\u00f3n \u201c5\u20ac DE REGALO POR CONSUMO M\u00cdNIMO DE 25\u201d en adelante la promoci\u00f3n, bajo las siguientes descripciones y condiciones. PRIMERO.\u00a0Objetivo. GOIKO [&hellip;]","og_url":"https:\/\/www.goiko.com\/es\/bases-condiciones\/nueva-promo-frecuencia-5e-de-regalo-por-consumo-de-25e\/","og_site_name":"GOIKO","article_publisher":"https:\/\/www.facebook.com\/goiko","article_modified_time":"2024-04-29T13:59:21+00:00","og_image":[{"width":1200,"height":600,"url":"https:\/\/www.goiko.com\/es\/wp-content\/uploads\/2024\/01\/CATEGORIA-PRODUCTO-BURGERS-4.png","type":"image\/png"}],"twitter_card":"summary_large_image","twitter_site":"@goiko","twitter_misc":{"Tiempo de lectura":"3 minutos"},"schema":{"@context":"https:\/\/schema.org","@graph":[{"@type":"WebPage","@id":"https:\/\/www.goiko.com\/es\/bases-condiciones\/nueva-promo-frecuencia-5e-de-regalo-por-consumo-de-25e\/","url":"https:\/\/www.goiko.com\/es\/bases-condiciones\/nueva-promo-frecuencia-5e-de-regalo-por-consumo-de-25e\/","name":"Nueva Promo Frecuencia - 5\u20ac de regalo por consumo de 25\u20ac - GOIKO","isPartOf":{"@id":"https:\/\/www.goiko.com\/es\/#website"},"primaryImageOfPage":{"@id":"https:\/\/www.goiko.com\/es\/bases-condiciones\/nueva-promo-frecuencia-5e-de-regalo-por-consumo-de-25e\/#primaryimage"},"image":{"@id":"https:\/\/www.goiko.com\/es\/bases-condiciones\/nueva-promo-frecuencia-5e-de-regalo-por-consumo-de-25e\/#primaryimage"},"thumbnailUrl":"https:\/\/www.goiko.com\/es\/wp-content\/uploads\/2024\/01\/CATEGORIA-PRODUCTO-BURGERS-4.png","datePublished":"2024-03-18T10:00:10+00:00","dateModified":"2024-04-29T13:59:21+00:00","breadcrumb":{"@id":"https:\/\/www.goiko.com\/es\/bases-condiciones\/nueva-promo-frecuencia-5e-de-regalo-por-consumo-de-25e\/#breadcrumb"},"inLanguage":"es","potentialAction":[{"@type":"ReadAction","target":["https:\/\/www.goiko.com\/es\/bases-condiciones\/nueva-promo-frecuencia-5e-de-regalo-por-consumo-de-25e\/"]}]},{"@type":"ImageObject","inLanguage":"es","@id":"https:\/\/www.goiko.com\/es\/bases-condiciones\/nueva-promo-frecuencia-5e-de-regalo-por-consumo-de-25e\/#primaryimage","url":"https:\/\/www.goiko.com\/es\/wp-content\/uploads\/2024\/01\/CATEGORIA-PRODUCTO-BURGERS-4.png","contentUrl":"https:\/\/www.goiko.com\/es\/wp-content\/uploads\/2024\/01\/CATEGORIA-PRODUCTO-BURGERS-4.png","width":1200,"height":600},{"@type":"BreadcrumbList","@id":"https:\/\/www.goiko.com\/es\/bases-condiciones\/nueva-promo-frecuencia-5e-de-regalo-por-consumo-de-25e\/#breadcrumb","itemListElement":[{"@type":"ListItem","position":1,"name":"Portada","item":"https:\/\/www.goiko.com\/es\/"},{"@type":"ListItem","position":2,"name":"Bases y condiciones","item":"https:\/\/www.goiko.com\/es\/bases-condiciones\/"},{"@type":"ListItem","position":3,"name":"Nueva Promo Frecuencia &#8211; 5\u20ac de regalo por consumo de 25\u20ac"}]},{"@type":"WebSite","@id":"https:\/\/www.goiko.com\/es\/#website","url":"https:\/\/www.goiko.com\/es\/","name":"GOIKO","description":"Chorreo Forever","potentialAction":[{"@type":"SearchAction","target":{"@type":"EntryPoint","urlTemplate":"https:\/\/www.goiko.com\/es\/?s={search_term_string}"},"query-input":{"@type":"PropertyValueSpecification","valueRequired":true,"valueName":"search_term_string"}}],"inLanguage":"es"}]}},"_links":{"self":[{"href":"https:\/\/www.goiko.com\/es\/wp-json\/wp\/v2\/pages\/58011","targetHints":{"allow":["GET"]}}],"collection":[{"href":"https:\/\/www.goiko.com\/es\/wp-json\/wp\/v2\/pages"}],"about":[{"href":"https:\/\/www.goiko.com\/es\/wp-json\/wp\/v2\/types\/page"}],"author":[{"embeddable":true,"href":"https:\/\/www.goiko.com\/es\/wp-json\/wp\/v2\/users\/53"}],"replies":[{"embeddable":true,"href":"https:\/\/www.goiko.com\/es\/wp-json\/wp\/v2\/comments?post=58011"}],"version-history":[{"count":2,"href":"https:\/\/www.goiko.com\/es\/wp-json\/wp\/v2\/pages\/58011\/revisions"}],"predecessor-version":[{"id":58647,"href":"https:\/\/www.goiko.com\/es\/wp-json\/wp\/v2\/pages\/58011\/revisions\/58647"}],"up":[{"embeddable":true,"href":"https:\/\/www.goiko.com\/es\/wp-json\/wp\/v2\/pages\/24894"}],"wp:featuredmedia":[{"embeddable":true,"href":"https:\/\/www.goiko.com\/es\/wp-json\/wp\/v2\/media\/57302"}],"wp:attachment":[{"href":"https:\/\/www.goiko.com\/es\/wp-json\/wp\/v2\/media?parent=58011"}],"curies":[{"name":"wp","href":"https:\/\/api.w.org\/{rel}","templated":true}]}}