{"id":5862,"date":"2017-03-14T18:52:56","date_gmt":"2017-03-14T18:52:56","guid":{"rendered":"http:\/\/www.goikogrill.com\/?page_id=5862"},"modified":"2024-11-18T11:07:56","modified_gmt":"2024-11-18T10:07:56","slug":"nuestros-restaurantes","status":"publish","type":"page","link":"https:\/\/www.goiko.com\/es\/nuestros-restaurantes\/","title":{"rendered":"Nuestros restaurantes"},"content":{"rendered":"\t\t<div data-elementor-type=\"wp-page\" data-elementor-id=\"5862\" class=\"elementor elementor-5862\" data-elementor-post-type=\"page\">\n\t\t\t\t\t\t<section class=\"elementor-section elementor-top-section elementor-element elementor-element-39fedbf5 elementor-section-boxed elementor-section-height-default elementor-section-height-default\" data-id=\"39fedbf5\" data-element_type=\"section\">\n\t\t\t\t\t\t<div class=\"elementor-container elementor-column-gap-default\">\n\t\t\t\t\t<div class=\"elementor-column elementor-col-100 elementor-top-column elementor-element elementor-element-64440772\" data-id=\"64440772\" data-element_type=\"column\">\n\t\t\t<div class=\"elementor-widget-wrap elementor-element-populated\">\n\t\t\t\t\t\t<div class=\"elementor-element elementor-element-5f65e79c elementor-widget elementor-widget-text-editor\" data-id=\"5f65e79c\" data-element_type=\"widget\" data-widget_type=\"text-editor.default\">\n\t\t\t\t<div class=\"elementor-widget-container\">\n\t\t\t\t\t\t\t<p class=\"afterMapClaim\" style=\"margin: 0 auto 30px auto;\"><strong>Cada GOIKO es \u00fanico.<br \/><br \/><\/strong>El estilo y el staff aportan una personalidad y un ambiente diferente a cada experiencia.<br \/>\u00a1Encuentra tu GOIKO m\u00e1s cercano!<\/p>\t\t\t\t\t\t<\/div>\n\t\t\t\t<\/div>\n\t\t\t\t\t<\/div>\n\t\t<\/div>\n\t\t\t\t\t<\/div>\n\t\t<\/section>\n\t\t\t\t<\/div>\n\t\t","protected":false},"excerpt":{"rendered":"<p>Cada GOIKO es \u00fanico. El estilo y el staff aportan una personalidad y un ambiente diferente a cada experiencia.\u00a1Encuentra tu GOIKO m\u00e1s cercano!<\/p>\n","protected":false},"author":1,"featured_media":28611,"parent":0,"menu_order":259,"comment_status":"closed","ping_status":"closed","template":"templates\/template-locations.php","meta":{"footnotes":""},"class_list":["post-5862","page","type-page","status-publish","has-post-thumbnail","hentry"],"acf":[],"yoast_head":"<!-- This site is optimized with the Yoast SEO plugin v23.8 - https:\/\/yoast.com\/wordpress\/plugins\/seo\/ -->\n<title>Nuestros restaurantes - GOIKO<\/title>\n<meta name=\"description\" content=\"Si quieres reservar una mesa en tu restaurante Goiko m\u00e1s cercano, aqu\u00ed podr\u00e1s encontrar todos nuestros locales.\" \/>\n<meta name=\"robots\" content=\"index, follow, max-snippet:-1, max-image-preview:large, max-video-preview:-1\" \/>\n<link rel=\"canonical\" href=\"https:\/\/www.goiko.com\/es\/nuestros-restaurantes\/\" \/>\n<meta property=\"og:locale\" content=\"es_ES\" \/>\n<meta property=\"og:type\" content=\"article\" \/>\n<meta property=\"og:title\" content=\"Nuestros restaurantes - GOIKO\" \/>\n<meta property=\"og:description\" content=\"Si quieres reservar una mesa en tu restaurante Goiko m\u00e1s cercano, aqu\u00ed podr\u00e1s encontrar todos nuestros locales.\" \/>\n<meta property=\"og:url\" content=\"https:\/\/www.goiko.com\/es\/nuestros-restaurantes\/\" \/>\n<meta property=\"og:site_name\" content=\"GOIKO\" \/>\n<meta property=\"article:publisher\" content=\"https:\/\/www.facebook.com\/goiko\" \/>\n<meta property=\"article:modified_time\" content=\"2024-11-18T10:07:56+00:00\" \/>\n<meta property=\"og:image\" content=\"https:\/\/www.goiko.com\/es\/wp-content\/uploads\/2019\/12\/Local2_Web_Desktop-1.jpg\" \/>\n\t<meta property=\"og:image:width\" content=\"1800\" \/>\n\t<meta property=\"og:image:height\" content=\"1201\" \/>\n\t<meta property=\"og:image:type\" content=\"image\/jpeg\" \/>\n<meta name=\"twitter:card\" content=\"summary_large_image\" \/>\n<meta name=\"twitter:site\" content=\"@goiko\" \/>\n<meta name=\"twitter:label1\" content=\"Tiempo de lectura\" \/>\n\t<meta name=\"twitter:data1\" content=\"1 minuto\" \/>\n<script type=\"application\/ld+json\" class=\"yoast-schema-graph\">{\"@context\":\"https:\/\/schema.org\",\"@graph\":[{\"@type\":\"WebPage\",\"@id\":\"https:\/\/www.goiko.com\/es\/nuestros-restaurantes\/\",\"url\":\"https:\/\/www.goiko.com\/es\/nuestros-restaurantes\/\",\"name\":\"Nuestros restaurantes - GOIKO\",\"isPartOf\":{\"@id\":\"https:\/\/www.goiko.com\/es\/#website\"},\"primaryImageOfPage\":{\"@id\":\"https:\/\/www.goiko.com\/es\/nuestros-restaurantes\/#primaryimage\"},\"image\":{\"@id\":\"https:\/\/www.goiko.com\/es\/nuestros-restaurantes\/#primaryimage\"},\"thumbnailUrl\":\"https:\/\/www.goiko.com\/es\/wp-content\/uploads\/2019\/12\/Local2_Web_Desktop-1.jpg\",\"datePublished\":\"2017-03-14T18:52:56+00:00\",\"dateModified\":\"2024-11-18T10:07:56+00:00\",\"description\":\"Si quieres reservar una mesa en tu restaurante Goiko m\u00e1s cercano, aqu\u00ed podr\u00e1s encontrar todos nuestros locales.\",\"breadcrumb\":{\"@id\":\"https:\/\/www.goiko.com\/es\/nuestros-restaurantes\/#breadcrumb\"},\"inLanguage\":\"es\",\"potentialAction\":[{\"@type\":\"ReadAction\",\"target\":[\"https:\/\/www.goiko.com\/es\/nuestros-restaurantes\/\"]}]},{\"@type\":\"ImageObject\",\"inLanguage\":\"es\",\"@id\":\"https:\/\/www.goiko.com\/es\/nuestros-restaurantes\/#primaryimage\",\"url\":\"https:\/\/www.goiko.com\/es\/wp-content\/uploads\/2019\/12\/Local2_Web_Desktop-1.jpg\",\"contentUrl\":\"https:\/\/www.goiko.com\/es\/wp-content\/uploads\/2019\/12\/Local2_Web_Desktop-1.jpg\",\"width\":1800,\"height\":1201},{\"@type\":\"BreadcrumbList\",\"@id\":\"https:\/\/www.goiko.com\/es\/nuestros-restaurantes\/#breadcrumb\",\"itemListElement\":[{\"@type\":\"ListItem\",\"position\":1,\"name\":\"Portada\",\"item\":\"https:\/\/www.goiko.com\/es\/\"},{\"@type\":\"ListItem\",\"position\":2,\"name\":\"Nuestros restaurantes\"}]},{\"@type\":\"WebSite\",\"@id\":\"https:\/\/www.goiko.com\/es\/#website\",\"url\":\"https:\/\/www.goiko.com\/es\/\",\"name\":\"GOIKO\",\"description\":\"Chorreo Forever\",\"potentialAction\":[{\"@type\":\"SearchAction\",\"target\":{\"@type\":\"EntryPoint\",\"urlTemplate\":\"https:\/\/www.goiko.com\/es\/?s={search_term_string}\"},\"query-input\":{\"@type\":\"PropertyValueSpecification\",\"valueRequired\":true,\"valueName\":\"search_term_string\"}}],\"inLanguage\":\"es\"}]}<\/script>\n<!-- \/ Yoast SEO plugin. -->","yoast_head_json":{"title":"Nuestros restaurantes - GOIKO","description":"Si quieres reservar una mesa en tu restaurante Goiko m\u00e1s cercano, aqu\u00ed podr\u00e1s encontrar todos nuestros locales.","robots":{"index":"index","follow":"follow","max-snippet":"max-snippet:-1","max-image-preview":"max-image-preview:large","max-video-preview":"max-video-preview:-1"},"canonical":"https:\/\/www.goiko.com\/es\/nuestros-restaurantes\/","og_locale":"es_ES","og_type":"article","og_title":"Nuestros restaurantes - GOIKO","og_description":"Si quieres reservar una mesa en tu restaurante Goiko m\u00e1s cercano, aqu\u00ed podr\u00e1s encontrar todos nuestros locales.","og_url":"https:\/\/www.goiko.com\/es\/nuestros-restaurantes\/","og_site_name":"GOIKO","article_publisher":"https:\/\/www.facebook.com\/goiko","article_modified_time":"2024-11-18T10:07:56+00:00","og_image":[{"width":1800,"height":1201,"url":"https:\/\/www.goiko.com\/es\/wp-content\/uploads\/2019\/12\/Local2_Web_Desktop-1.jpg","type":"image\/jpeg"}],"twitter_card":"summary_large_image","twitter_site":"@goiko","twitter_misc":{"Tiempo de lectura":"1 minuto"},"schema":{"@context":"https:\/\/schema.org","@graph":[{"@type":"WebPage","@id":"https:\/\/www.goiko.com\/es\/nuestros-restaurantes\/","url":"https:\/\/www.goiko.com\/es\/nuestros-restaurantes\/","name":"Nuestros restaurantes - GOIKO","isPartOf":{"@id":"https:\/\/www.goiko.com\/es\/#website"},"primaryImageOfPage":{"@id":"https:\/\/www.goiko.com\/es\/nuestros-restaurantes\/#primaryimage"},"image":{"@id":"https:\/\/www.goiko.com\/es\/nuestros-restaurantes\/#primaryimage"},"thumbnailUrl":"https:\/\/www.goiko.com\/es\/wp-content\/uploads\/2019\/12\/Local2_Web_Desktop-1.jpg","datePublished":"2017-03-14T18:52:56+00:00","dateModified":"2024-11-18T10:07:56+00:00","description":"Si quieres reservar una mesa en tu restaurante Goiko m\u00e1s cercano, aqu\u00ed podr\u00e1s encontrar todos nuestros locales.","breadcrumb":{"@id":"https:\/\/www.goiko.com\/es\/nuestros-restaurantes\/#breadcrumb"},"inLanguage":"es","potentialAction":[{"@type":"ReadAction","target":["https:\/\/www.goiko.com\/es\/nuestros-restaurantes\/"]}]},{"@type":"ImageObject","inLanguage":"es","@id":"https:\/\/www.goiko.com\/es\/nuestros-restaurantes\/#primaryimage","url":"https:\/\/www.goiko.com\/es\/wp-content\/uploads\/2019\/12\/Local2_Web_Desktop-1.jpg","contentUrl":"https:\/\/www.goiko.com\/es\/wp-content\/uploads\/2019\/12\/Local2_Web_Desktop-1.jpg","width":1800,"height":1201},{"@type":"BreadcrumbList","@id":"https:\/\/www.goiko.com\/es\/nuestros-restaurantes\/#breadcrumb","itemListElement":[{"@type":"ListItem","position":1,"name":"Portada","item":"https:\/\/www.goiko.com\/es\/"},{"@type":"ListItem","position":2,"name":"Nuestros restaurantes"}]},{"@type":"WebSite","@id":"https:\/\/www.goiko.com\/es\/#website","url":"https:\/\/www.goiko.com\/es\/","name":"GOIKO","description":"Chorreo Forever","potentialAction":[{"@type":"SearchAction","target":{"@type":"EntryPoint","urlTemplate":"https:\/\/www.goiko.com\/es\/?s={search_term_string}"},"query-input":{"@type":"PropertyValueSpecification","valueRequired":true,"valueName":"search_term_string"}}],"inLanguage":"es"}]}},"_links":{"self":[{"href":"https:\/\/www.goiko.com\/es\/wp-json\/wp\/v2\/pages\/5862","targetHints":{"allow":["GET"]}}],"collection":[{"href":"https:\/\/www.goiko.com\/es\/wp-json\/wp\/v2\/pages"}],"about":[{"href":"https:\/\/www.goiko.com\/es\/wp-json\/wp\/v2\/types\/page"}],"author":[{"embeddable":true,"href":"https:\/\/www.goiko.com\/es\/wp-json\/wp\/v2\/users\/1"}],"replies":[{"embeddable":true,"href":"https:\/\/www.goiko.com\/es\/wp-json\/wp\/v2\/comments?post=5862"}],"version-history":[{"count":16,"href":"https:\/\/www.goiko.com\/es\/wp-json\/wp\/v2\/pages\/5862\/revisions"}],"predecessor-version":[{"id":61257,"href":"https:\/\/www.goiko.com\/es\/wp-json\/wp\/v2\/pages\/5862\/revisions\/61257"}],"wp:featuredmedia":[{"embeddable":true,"href":"https:\/\/www.goiko.com\/es\/wp-json\/wp\/v2\/media\/28611"}],"wp:attachment":[{"href":"https:\/\/www.goiko.com\/es\/wp-json\/wp\/v2\/media?parent=5862"}],"curies":[{"name":"wp","href":"https:\/\/api.w.org\/{rel}","templated":true}]}}