{"id":59101,"date":"2024-06-20T16:26:26","date_gmt":"2024-06-20T15:26:26","guid":{"rendered":"https:\/\/www.goiko.com\/es\/menu-del-dia-copy-2\/"},"modified":"2024-11-04T09:52:31","modified_gmt":"2024-11-04T08:52:31","slug":"menugoikokids","status":"publish","type":"page","link":"https:\/\/www.goiko.com\/es\/menugoikokids\/","title":{"rendered":"Men\u00fa GOIKO KIDS"},"content":{"rendered":"\t\t<div data-elementor-type=\"wp-page\" data-elementor-id=\"59101\" class=\"elementor elementor-59101\" data-elementor-post-type=\"page\">\n\t\t\t\t\t\t<section class=\"elementor-section elementor-top-section elementor-element elementor-element-aceeb5b elementor-section-boxed elementor-section-height-default elementor-section-height-default\" data-id=\"aceeb5b\" data-element_type=\"section\">\n\t\t\t\t\t\t<div class=\"elementor-container elementor-column-gap-default\">\n\t\t\t\t\t<div class=\"elementor-column elementor-col-100 elementor-top-column elementor-element elementor-element-3c17dc1\" data-id=\"3c17dc1\" data-element_type=\"column\">\n\t\t\t<div class=\"elementor-widget-wrap elementor-element-populated\">\n\t\t\t\t\t\t<div class=\"elementor-element elementor-element-2ba37c5 elementor-widget elementor-widget-image\" data-id=\"2ba37c5\" data-element_type=\"widget\" data-widget_type=\"image.default\">\n\t\t\t\t<div class=\"elementor-widget-container\">\n\t\t\t\t\t\t\t\t\t\t\t\t\t<img fetchpriority=\"high\" decoding=\"async\" width=\"1200\" height=\"600\" src=\"https:\/\/www.goiko.com\/es\/wp-content\/uploads\/2024\/10\/MENU-GOIKOKIDSSEPT_1200x600px.png\" class=\"attachment-1536x1536 size-1536x1536 wp-image-60348\" alt=\"\" srcset=\"https:\/\/www.goiko.com\/es\/wp-content\/uploads\/2024\/10\/MENU-GOIKOKIDSSEPT_1200x600px.png 1200w, https:\/\/www.goiko.com\/es\/wp-content\/uploads\/2024\/10\/MENU-GOIKOKIDSSEPT_1200x600px-300x150.png 300w, https:\/\/www.goiko.com\/es\/wp-content\/uploads\/2024\/10\/MENU-GOIKOKIDSSEPT_1200x600px-1024x512.png 1024w, https:\/\/www.goiko.com\/es\/wp-content\/uploads\/2024\/10\/MENU-GOIKOKIDSSEPT_1200x600px-768x384.png 768w, https:\/\/www.goiko.com\/es\/wp-content\/uploads\/2024\/10\/MENU-GOIKOKIDSSEPT_1200x600px-450x225.png 450w\" sizes=\"(max-width: 1200px) 100vw, 1200px\" \/>\t\t\t\t\t\t\t\t\t\t\t\t\t<\/div>\n\t\t\t\t<\/div>\n\t\t\t\t\t<\/div>\n\t\t<\/div>\n\t\t\t\t\t<\/div>\n\t\t<\/section>\n\t\t\t\t<section class=\"elementor-section elementor-top-section elementor-element elementor-element-5b306825 elementor-section-boxed elementor-section-height-default elementor-section-height-default\" data-id=\"5b306825\" data-element_type=\"section\">\n\t\t\t\t\t\t<div class=\"elementor-container elementor-column-gap-default\">\n\t\t\t\t\t<div class=\"elementor-column elementor-col-100 elementor-top-column elementor-element elementor-element-d525ff1\" data-id=\"d525ff1\" data-element_type=\"column\">\n\t\t\t<div class=\"elementor-widget-wrap elementor-element-populated\">\n\t\t\t\t\t\t<div class=\"elementor-element elementor-element-05c4d54 elementor-hidden-tablet elementor-hidden-mobile elementor-widget elementor-widget-image\" data-id=\"05c4d54\" data-element_type=\"widget\" data-widget_type=\"image.default\">\n\t\t\t\t<div class=\"elementor-widget-container\">\n\t\t\t\t\t\t\t\t\t\t\t\t\t<img decoding=\"async\" src=\"https:\/\/www.goiko.com\/es\/wp-content\/uploads\/2024\/11\/MENUDIGITAL_KIDS_NOV_HELADOVAINILLAYCHOCOLATE_ES.png\" title=\"MENU\u0301DIGITAL_KIDS_NOV_HELADOVAINILLAYCHOCOLATE_ES\" alt=\"MENU\u0301DIGITAL_KIDS_NOV_HELADOVAINILLAYCHOCOLATE_ES\" loading=\"lazy\" \/>\t\t\t\t\t\t\t\t\t\t\t\t\t<\/div>\n\t\t\t\t<\/div>\n\t\t\t\t<div class=\"elementor-element elementor-element-6a41f2c elementor-hidden-desktop elementor-widget elementor-widget-image\" data-id=\"6a41f2c\" data-element_type=\"widget\" data-widget_type=\"image.default\">\n\t\t\t\t<div class=\"elementor-widget-container\">\n\t\t\t\t\t\t\t\t\t\t\t\t\t<img decoding=\"async\" src=\"https:\/\/www.goiko.com\/es\/wp-content\/uploads\/2024\/11\/MENUDIGITAL_KIDS_NOV_HELADOVAINILLAYCHOCOLATE_ES.png\" title=\"MENU\u0301DIGITAL_KIDS_NOV_HELADOVAINILLAYCHOCOLATE_ES\" alt=\"MENU\u0301DIGITAL_KIDS_NOV_HELADOVAINILLAYCHOCOLATE_ES\" loading=\"lazy\" \/>\t\t\t\t\t\t\t\t\t\t\t\t\t<\/div>\n\t\t\t\t<\/div>\n\t\t\t\t\t<\/div>\n\t\t<\/div>\n\t\t\t\t\t<\/div>\n\t\t<\/section>\n\t\t\t\t<\/div>\n\t\t","protected":false},"excerpt":{"rendered":"","protected":false},"author":53,"featured_media":59063,"parent":0,"menu_order":275,"comment_status":"closed","ping_status":"closed","template":"templates\/template-landings.php","meta":{"footnotes":""},"class_list":["post-59101","page","type-page","status-publish","has-post-thumbnail","hentry"],"acf":[],"yoast_head":"<!-- This site is optimized with the Yoast SEO plugin v23.8 - https:\/\/yoast.com\/wordpress\/plugins\/seo\/ -->\n<title>Men\u00fa GOIKO KIDS - GOIKO<\/title>\n<meta name=\"description\" content=\"\u00a1Men\u00fa GOIKO para los m\u00e1s peque\u00f1os! Bebida, principal y postre. Disponible todos los d\u00edas de la semana en horario de apertura.\" \/>\n<meta name=\"robots\" content=\"index, follow, max-snippet:-1, max-image-preview:large, max-video-preview:-1\" \/>\n<link rel=\"canonical\" href=\"https:\/\/www.goiko.com\/es\/menugoikokids\/\" \/>\n<meta property=\"og:locale\" content=\"es_ES\" \/>\n<meta property=\"og:type\" content=\"article\" \/>\n<meta property=\"og:title\" content=\"Men\u00fa GOIKO KIDS - GOIKO\" \/>\n<meta property=\"og:description\" content=\"\u00a1Men\u00fa GOIKO para los m\u00e1s peque\u00f1os! Bebida, principal y postre. Disponible todos los d\u00edas de la semana en horario de apertura.\" \/>\n<meta property=\"og:url\" content=\"https:\/\/www.goiko.com\/es\/menugoikokids\/\" \/>\n<meta property=\"og:site_name\" content=\"GOIKO\" \/>\n<meta property=\"article:publisher\" content=\"https:\/\/www.facebook.com\/goiko\" \/>\n<meta property=\"article:modified_time\" content=\"2024-11-04T08:52:31+00:00\" \/>\n<meta property=\"og:image\" content=\"https:\/\/www.goiko.com\/es\/wp-content\/uploads\/2024\/06\/MENU-GOIKO_KIDS_1200x600px.png\" \/>\n\t<meta property=\"og:image:width\" content=\"1200\" \/>\n\t<meta property=\"og:image:height\" content=\"600\" \/>\n\t<meta property=\"og:image:type\" content=\"image\/png\" \/>\n<meta name=\"twitter:card\" content=\"summary_large_image\" \/>\n<meta name=\"twitter:site\" content=\"@goiko\" \/>\n<meta name=\"twitter:label1\" content=\"Tiempo de lectura\" \/>\n\t<meta name=\"twitter:data1\" content=\"1 minuto\" \/>\n<script type=\"application\/ld+json\" class=\"yoast-schema-graph\">{\"@context\":\"https:\/\/schema.org\",\"@graph\":[{\"@type\":\"WebPage\",\"@id\":\"https:\/\/www.goiko.com\/es\/menugoikokids\/\",\"url\":\"https:\/\/www.goiko.com\/es\/menugoikokids\/\",\"name\":\"Men\u00fa GOIKO KIDS - GOIKO\",\"isPartOf\":{\"@id\":\"https:\/\/www.goiko.com\/es\/#website\"},\"primaryImageOfPage\":{\"@id\":\"https:\/\/www.goiko.com\/es\/menugoikokids\/#primaryimage\"},\"image\":{\"@id\":\"https:\/\/www.goiko.com\/es\/menugoikokids\/#primaryimage\"},\"thumbnailUrl\":\"https:\/\/www.goiko.com\/es\/wp-content\/uploads\/2024\/06\/MENU-GOIKO_KIDS_1200x600px.png\",\"datePublished\":\"2024-06-20T15:26:26+00:00\",\"dateModified\":\"2024-11-04T08:52:31+00:00\",\"description\":\"\u00a1Men\u00fa GOIKO para los m\u00e1s peque\u00f1os! Bebida, principal y postre. Disponible todos los d\u00edas de la semana en horario de apertura.\",\"breadcrumb\":{\"@id\":\"https:\/\/www.goiko.com\/es\/menugoikokids\/#breadcrumb\"},\"inLanguage\":\"es\",\"potentialAction\":[{\"@type\":\"ReadAction\",\"target\":[\"https:\/\/www.goiko.com\/es\/menugoikokids\/\"]}]},{\"@type\":\"ImageObject\",\"inLanguage\":\"es\",\"@id\":\"https:\/\/www.goiko.com\/es\/menugoikokids\/#primaryimage\",\"url\":\"https:\/\/www.goiko.com\/es\/wp-content\/uploads\/2024\/06\/MENU-GOIKO_KIDS_1200x600px.png\",\"contentUrl\":\"https:\/\/www.goiko.com\/es\/wp-content\/uploads\/2024\/06\/MENU-GOIKO_KIDS_1200x600px.png\",\"width\":1200,\"height\":600},{\"@type\":\"BreadcrumbList\",\"@id\":\"https:\/\/www.goiko.com\/es\/menugoikokids\/#breadcrumb\",\"itemListElement\":[{\"@type\":\"ListItem\",\"position\":1,\"name\":\"Portada\",\"item\":\"https:\/\/www.goiko.com\/es\/\"},{\"@type\":\"ListItem\",\"position\":2,\"name\":\"Men\u00fa GOIKO KIDS\"}]},{\"@type\":\"WebSite\",\"@id\":\"https:\/\/www.goiko.com\/es\/#website\",\"url\":\"https:\/\/www.goiko.com\/es\/\",\"name\":\"GOIKO\",\"description\":\"Chorreo Forever\",\"potentialAction\":[{\"@type\":\"SearchAction\",\"target\":{\"@type\":\"EntryPoint\",\"urlTemplate\":\"https:\/\/www.goiko.com\/es\/?s={search_term_string}\"},\"query-input\":{\"@type\":\"PropertyValueSpecification\",\"valueRequired\":true,\"valueName\":\"search_term_string\"}}],\"inLanguage\":\"es\"}]}<\/script>\n<!-- \/ Yoast SEO plugin. -->","yoast_head_json":{"title":"Men\u00fa GOIKO KIDS - GOIKO","description":"\u00a1Men\u00fa GOIKO para los m\u00e1s peque\u00f1os! Bebida, principal y postre. Disponible todos los d\u00edas de la semana en horario de apertura.","robots":{"index":"index","follow":"follow","max-snippet":"max-snippet:-1","max-image-preview":"max-image-preview:large","max-video-preview":"max-video-preview:-1"},"canonical":"https:\/\/www.goiko.com\/es\/menugoikokids\/","og_locale":"es_ES","og_type":"article","og_title":"Men\u00fa GOIKO KIDS - GOIKO","og_description":"\u00a1Men\u00fa GOIKO para los m\u00e1s peque\u00f1os! Bebida, principal y postre. Disponible todos los d\u00edas de la semana en horario de apertura.","og_url":"https:\/\/www.goiko.com\/es\/menugoikokids\/","og_site_name":"GOIKO","article_publisher":"https:\/\/www.facebook.com\/goiko","article_modified_time":"2024-11-04T08:52:31+00:00","og_image":[{"width":1200,"height":600,"url":"https:\/\/www.goiko.com\/es\/wp-content\/uploads\/2024\/06\/MENU-GOIKO_KIDS_1200x600px.png","type":"image\/png"}],"twitter_card":"summary_large_image","twitter_site":"@goiko","twitter_misc":{"Tiempo de lectura":"1 minuto"},"schema":{"@context":"https:\/\/schema.org","@graph":[{"@type":"WebPage","@id":"https:\/\/www.goiko.com\/es\/menugoikokids\/","url":"https:\/\/www.goiko.com\/es\/menugoikokids\/","name":"Men\u00fa GOIKO KIDS - GOIKO","isPartOf":{"@id":"https:\/\/www.goiko.com\/es\/#website"},"primaryImageOfPage":{"@id":"https:\/\/www.goiko.com\/es\/menugoikokids\/#primaryimage"},"image":{"@id":"https:\/\/www.goiko.com\/es\/menugoikokids\/#primaryimage"},"thumbnailUrl":"https:\/\/www.goiko.com\/es\/wp-content\/uploads\/2024\/06\/MENU-GOIKO_KIDS_1200x600px.png","datePublished":"2024-06-20T15:26:26+00:00","dateModified":"2024-11-04T08:52:31+00:00","description":"\u00a1Men\u00fa GOIKO para los m\u00e1s peque\u00f1os! Bebida, principal y postre. Disponible todos los d\u00edas de la semana en horario de apertura.","breadcrumb":{"@id":"https:\/\/www.goiko.com\/es\/menugoikokids\/#breadcrumb"},"inLanguage":"es","potentialAction":[{"@type":"ReadAction","target":["https:\/\/www.goiko.com\/es\/menugoikokids\/"]}]},{"@type":"ImageObject","inLanguage":"es","@id":"https:\/\/www.goiko.com\/es\/menugoikokids\/#primaryimage","url":"https:\/\/www.goiko.com\/es\/wp-content\/uploads\/2024\/06\/MENU-GOIKO_KIDS_1200x600px.png","contentUrl":"https:\/\/www.goiko.com\/es\/wp-content\/uploads\/2024\/06\/MENU-GOIKO_KIDS_1200x600px.png","width":1200,"height":600},{"@type":"BreadcrumbList","@id":"https:\/\/www.goiko.com\/es\/menugoikokids\/#breadcrumb","itemListElement":[{"@type":"ListItem","position":1,"name":"Portada","item":"https:\/\/www.goiko.com\/es\/"},{"@type":"ListItem","position":2,"name":"Men\u00fa GOIKO KIDS"}]},{"@type":"WebSite","@id":"https:\/\/www.goiko.com\/es\/#website","url":"https:\/\/www.goiko.com\/es\/","name":"GOIKO","description":"Chorreo Forever","potentialAction":[{"@type":"SearchAction","target":{"@type":"EntryPoint","urlTemplate":"https:\/\/www.goiko.com\/es\/?s={search_term_string}"},"query-input":{"@type":"PropertyValueSpecification","valueRequired":true,"valueName":"search_term_string"}}],"inLanguage":"es"}]}},"_links":{"self":[{"href":"https:\/\/www.goiko.com\/es\/wp-json\/wp\/v2\/pages\/59101","targetHints":{"allow":["GET"]}}],"collection":[{"href":"https:\/\/www.goiko.com\/es\/wp-json\/wp\/v2\/pages"}],"about":[{"href":"https:\/\/www.goiko.com\/es\/wp-json\/wp\/v2\/types\/page"}],"author":[{"embeddable":true,"href":"https:\/\/www.goiko.com\/es\/wp-json\/wp\/v2\/users\/53"}],"replies":[{"embeddable":true,"href":"https:\/\/www.goiko.com\/es\/wp-json\/wp\/v2\/comments?post=59101"}],"version-history":[{"count":45,"href":"https:\/\/www.goiko.com\/es\/wp-json\/wp\/v2\/pages\/59101\/revisions"}],"predecessor-version":[{"id":61160,"href":"https:\/\/www.goiko.com\/es\/wp-json\/wp\/v2\/pages\/59101\/revisions\/61160"}],"wp:featuredmedia":[{"embeddable":true,"href":"https:\/\/www.goiko.com\/es\/wp-json\/wp\/v2\/media\/59063"}],"wp:attachment":[{"href":"https:\/\/www.goiko.com\/es\/wp-json\/wp\/v2\/media?parent=59101"}],"curies":[{"name":"wp","href":"https:\/\/api.w.org\/{rel}","templated":true}]}}