{"id":60924,"date":"2024-10-15T14:12:01","date_gmt":"2024-10-15T13:12:01","guid":{"rendered":"https:\/\/www.goiko.com\/es\/bases-condiciones\/bbll-2x1masburgersmenosdramas-copy\/"},"modified":"2024-10-15T14:14:17","modified_gmt":"2024-10-15T13:14:17","slug":"bbll-gokoprivilege10","status":"publish","type":"page","link":"https:\/\/www.goiko.com\/es\/bases-condiciones\/bbll-gokoprivilege10\/","title":{"rendered":"BASES LEGALES GOIKO PRIVILEGE 10%"},"content":{"rendered":"<h1>BASES LEGALES \u201cGOIKO PRIVILEGE 10%\u201d<\/h1>\n<p><strong>Goiko Gourmet S.L. <\/strong>de C.I.F. <strong>B-86.590.841,<\/strong> con domicilio fiscal en calle Maestro \u00c1ngel Llorca, 6, planta 5, C.P. 28003 en adelante <strong>GOIKO.<\/strong> Ofrece a sus clientes el beneficio de <strong>\u201cGOIKO PRIVILEGE 10%\u201d, <\/strong>en adelante el beneficio, bajo las siguientes descripciones y condiciones.<\/p>\n<p><strong>PRIMERO. <\/strong><u>Objetivo.<\/u><\/p>\n<p>GOIKO ofrecer\u00e1 en sus restaurantes un descuento de Familias Numerosas para los clientes que acrediten tener el t\u00edtulo de familia numerosa. Este beneficio estar\u00e1 sujeto a las condiciones abajo expuestas.<\/p>\n<p><strong>SEGUNDO. <\/strong><u>Restaurantes y Plazo.<\/u><\/p>\n<p>Este beneficio estar\u00e1 vigente desde el 25 de septiembre de 2024 hasta el 31 de diciembre de 2024 en todos los restaurantes GOIKO de Espa\u00f1a (exceptuando Islas Baleares), de lunes a domingos en todo el horario en el que nuestros restaurantes ofrezcan sus servicios.<\/p>\n<p><strong>TERCERO. <\/strong><u>Descripci\u00f3n y condiciones del beneficio.<\/u><\/p>\n<p>-Para que el cliente pueda acceder a este beneficio, deber\u00e1 descargar su tarjeta \u201cGOIKO PRIVILEGE\u201d desde el Qr dispuesto en los flyers que se encuentran en los restaurantes GOIKO Espa\u00f1a (excluyendo Islas Baleares), agregando as\u00ed la mencionada tarjeta a su aplicaci\u00f3n \u201cWALLET\u201d del m\u00f3vil.<\/p>\n<p>-Para que el beneficio sea v\u00e1lido, el cliente deber\u00e1 presentar su tarjeta \u201cGOIKO PRIVILEGE\u201d junto con su acreditaci\u00f3n de familia numerosa expedida por el \u00f3rgano competente.<\/p>\n<p>-El beneficio supondr\u00e1 un 10 % de descuento sobre el ticket final de consumo.<\/p>\n<p>-S\u00f3lo se podr\u00e1 usar UN (1) descuento por ticket de consumo, no siendo posible aplicar m\u00e1s de un 10% de descuento por ticket.<\/p>\n<p>-El descuento NO ser\u00e1 v\u00e1lido con ninguna promoci\u00f3n u oferta de GOIKO, incluyendo Men\u00fa del D\u00eda.<\/p>\n<p>-El beneficio podr\u00e1 ser usado para pedido de TAKEAWAY, pero no ser\u00e1 v\u00e1lido para pedidos de Delivery propio o plataformas externas.<\/p>\n<p>-El beneficio no podr\u00e1 ser canjeado por dinero en efectivo.<\/p>\n<p>-El beneficio es personal e intransferible y no podr\u00e1 ser objeto de alteraci\u00f3n o compensaci\u00f3n.<\/p>\n<p><strong>CUARTO. <\/strong><u>Modificaciones<\/u><\/p>\n<p>Goiko se reserva el derecho a realizar modificaciones o a\u00f1adir anexos sobres las presentes Bases, siempre que las mismas est\u00e9n justificadas o no perjudiquen a los involucrados.<\/p>\n<p><strong>QUINTO. <\/strong><u>Tratamiento de datos de car\u00e1cter personal.<\/u><\/p>\n<p>En caso de que sean necesarios los datos personales de los participantes de la promoci\u00f3n, estos ser\u00e1n tratados de acuerdo con las condiciones establecidas a continuaci\u00f3n en el siguiente enlace:\u00a0<a href=\"https:\/\/www.goiko.com\/politica_de_proteccion_de_datos\/\">https:\/\/www.goiko.com\/politica_de_proteccion_de_datos\/<\/a><\/p>\n<p><strong><u>SEXTO.<\/u> <\/strong><u>Legislaci\u00f3n aplicable y fuero competente.<\/u><\/p>\n<p>Esta promoci\u00f3n se rige por la\u00a0legislaci\u00f3n vigente en Espa\u00f1a y por las presentes Bases. Ser\u00e1n competentes\u00a0para resolver cualquier reclamaci\u00f3n o controversia que pudiera plantearse en\u00a0relaci\u00f3n con la validez, interpretaci\u00f3n o cumplimiento de estas Bases los\u00a0Juzgados y Tribunales de la ciudad de Madrid.<\/p>\n","protected":false},"excerpt":{"rendered":"<p>BASES LEGALES \u201cGOIKO PRIVILEGE 10%\u201d Goiko Gourmet S.L. de C.I.F. B-86.590.841, con domicilio fiscal en calle Maestro \u00c1ngel Llorca, 6, planta 5, C.P. 28003 en adelante GOIKO. Ofrece a sus clientes el beneficio de \u201cGOIKO PRIVILEGE 10%\u201d, en adelante el beneficio, bajo las siguientes descripciones y condiciones. PRIMERO. Objetivo. GOIKO ofrecer\u00e1 en sus restaurantes un [&hellip;]<\/p>\n","protected":false},"author":53,"featured_media":59660,"parent":24894,"menu_order":0,"comment_status":"closed","ping_status":"closed","template":"","meta":{"footnotes":""},"class_list":["post-60924","page","type-page","status-publish","has-post-thumbnail","hentry"],"acf":[],"yoast_head":"<!-- This site is optimized with the Yoast SEO plugin v23.8 - https:\/\/yoast.com\/wordpress\/plugins\/seo\/ -->\n<title>BASES LEGALES GOIKO PRIVILEGE 10% - GOIKO<\/title>\n<meta name=\"robots\" content=\"index, follow, max-snippet:-1, max-image-preview:large, max-video-preview:-1\" \/>\n<link rel=\"canonical\" href=\"https:\/\/www.goiko.com\/es\/bases-condiciones\/bbll-gokoprivilege10\/\" \/>\n<meta property=\"og:locale\" content=\"es_ES\" \/>\n<meta property=\"og:type\" content=\"article\" \/>\n<meta property=\"og:title\" content=\"BASES LEGALES GOIKO PRIVILEGE 10% - GOIKO\" \/>\n<meta property=\"og:description\" content=\"BASES LEGALES \u201cGOIKO PRIVILEGE 10%\u201d Goiko Gourmet S.L. de C.I.F. B-86.590.841, con domicilio fiscal en calle Maestro \u00c1ngel Llorca, 6, planta 5, C.P. 28003 en adelante GOIKO. Ofrece a sus clientes el beneficio de \u201cGOIKO PRIVILEGE 10%\u201d, en adelante el beneficio, bajo las siguientes descripciones y condiciones. PRIMERO. Objetivo. GOIKO ofrecer\u00e1 en sus restaurantes un [&hellip;]\" \/>\n<meta property=\"og:url\" content=\"https:\/\/www.goiko.com\/es\/bases-condiciones\/bbll-gokoprivilege10\/\" \/>\n<meta property=\"og:site_name\" content=\"GOIKO\" \/>\n<meta property=\"article:publisher\" content=\"https:\/\/www.facebook.com\/goiko\" \/>\n<meta property=\"article:modified_time\" content=\"2024-10-15T13:14:17+00:00\" \/>\n<meta property=\"og:image\" content=\"https:\/\/www.goiko.com\/es\/wp-content\/uploads\/2024\/08\/RESERVAS_CARRUSEL_3NOVEDADES.png\" \/>\n\t<meta property=\"og:image:width\" content=\"1437\" \/>\n\t<meta property=\"og:image:height\" content=\"651\" \/>\n\t<meta property=\"og:image:type\" content=\"image\/png\" \/>\n<meta name=\"twitter:card\" content=\"summary_large_image\" \/>\n<meta name=\"twitter:site\" content=\"@goiko\" \/>\n<meta name=\"twitter:label1\" content=\"Tiempo de lectura\" \/>\n\t<meta name=\"twitter:data1\" content=\"3 minutos\" \/>\n<script type=\"application\/ld+json\" class=\"yoast-schema-graph\">{\"@context\":\"https:\/\/schema.org\",\"@graph\":[{\"@type\":\"WebPage\",\"@id\":\"https:\/\/www.goiko.com\/es\/bases-condiciones\/bbll-gokoprivilege10\/\",\"url\":\"https:\/\/www.goiko.com\/es\/bases-condiciones\/bbll-gokoprivilege10\/\",\"name\":\"BASES LEGALES GOIKO PRIVILEGE 10% - GOIKO\",\"isPartOf\":{\"@id\":\"https:\/\/www.goiko.com\/es\/#website\"},\"primaryImageOfPage\":{\"@id\":\"https:\/\/www.goiko.com\/es\/bases-condiciones\/bbll-gokoprivilege10\/#primaryimage\"},\"image\":{\"@id\":\"https:\/\/www.goiko.com\/es\/bases-condiciones\/bbll-gokoprivilege10\/#primaryimage\"},\"thumbnailUrl\":\"https:\/\/www.goiko.com\/es\/wp-content\/uploads\/2024\/08\/RESERVAS_CARRUSEL_3NOVEDADES.png\",\"datePublished\":\"2024-10-15T13:12:01+00:00\",\"dateModified\":\"2024-10-15T13:14:17+00:00\",\"breadcrumb\":{\"@id\":\"https:\/\/www.goiko.com\/es\/bases-condiciones\/bbll-gokoprivilege10\/#breadcrumb\"},\"inLanguage\":\"es\",\"potentialAction\":[{\"@type\":\"ReadAction\",\"target\":[\"https:\/\/www.goiko.com\/es\/bases-condiciones\/bbll-gokoprivilege10\/\"]}]},{\"@type\":\"ImageObject\",\"inLanguage\":\"es\",\"@id\":\"https:\/\/www.goiko.com\/es\/bases-condiciones\/bbll-gokoprivilege10\/#primaryimage\",\"url\":\"https:\/\/www.goiko.com\/es\/wp-content\/uploads\/2024\/08\/RESERVAS_CARRUSEL_3NOVEDADES.png\",\"contentUrl\":\"https:\/\/www.goiko.com\/es\/wp-content\/uploads\/2024\/08\/RESERVAS_CARRUSEL_3NOVEDADES.png\",\"width\":1437,\"height\":651},{\"@type\":\"BreadcrumbList\",\"@id\":\"https:\/\/www.goiko.com\/es\/bases-condiciones\/bbll-gokoprivilege10\/#breadcrumb\",\"itemListElement\":[{\"@type\":\"ListItem\",\"position\":1,\"name\":\"Portada\",\"item\":\"https:\/\/www.goiko.com\/es\/\"},{\"@type\":\"ListItem\",\"position\":2,\"name\":\"Bases y condiciones\",\"item\":\"https:\/\/www.goiko.com\/es\/bases-condiciones\/\"},{\"@type\":\"ListItem\",\"position\":3,\"name\":\"BASES LEGALES GOIKO PRIVILEGE 10%\"}]},{\"@type\":\"WebSite\",\"@id\":\"https:\/\/www.goiko.com\/es\/#website\",\"url\":\"https:\/\/www.goiko.com\/es\/\",\"name\":\"GOIKO\",\"description\":\"Chorreo Forever\",\"potentialAction\":[{\"@type\":\"SearchAction\",\"target\":{\"@type\":\"EntryPoint\",\"urlTemplate\":\"https:\/\/www.goiko.com\/es\/?s={search_term_string}\"},\"query-input\":{\"@type\":\"PropertyValueSpecification\",\"valueRequired\":true,\"valueName\":\"search_term_string\"}}],\"inLanguage\":\"es\"}]}<\/script>\n<!-- \/ Yoast SEO plugin. -->","yoast_head_json":{"title":"BASES LEGALES GOIKO PRIVILEGE 10% - GOIKO","robots":{"index":"index","follow":"follow","max-snippet":"max-snippet:-1","max-image-preview":"max-image-preview:large","max-video-preview":"max-video-preview:-1"},"canonical":"https:\/\/www.goiko.com\/es\/bases-condiciones\/bbll-gokoprivilege10\/","og_locale":"es_ES","og_type":"article","og_title":"BASES LEGALES GOIKO PRIVILEGE 10% - GOIKO","og_description":"BASES LEGALES \u201cGOIKO PRIVILEGE 10%\u201d Goiko Gourmet S.L. de C.I.F. B-86.590.841, con domicilio fiscal en calle Maestro \u00c1ngel Llorca, 6, planta 5, C.P. 28003 en adelante GOIKO. Ofrece a sus clientes el beneficio de \u201cGOIKO PRIVILEGE 10%\u201d, en adelante el beneficio, bajo las siguientes descripciones y condiciones. PRIMERO. Objetivo. GOIKO ofrecer\u00e1 en sus restaurantes un [&hellip;]","og_url":"https:\/\/www.goiko.com\/es\/bases-condiciones\/bbll-gokoprivilege10\/","og_site_name":"GOIKO","article_publisher":"https:\/\/www.facebook.com\/goiko","article_modified_time":"2024-10-15T13:14:17+00:00","og_image":[{"width":1437,"height":651,"url":"https:\/\/www.goiko.com\/es\/wp-content\/uploads\/2024\/08\/RESERVAS_CARRUSEL_3NOVEDADES.png","type":"image\/png"}],"twitter_card":"summary_large_image","twitter_site":"@goiko","twitter_misc":{"Tiempo de lectura":"3 minutos"},"schema":{"@context":"https:\/\/schema.org","@graph":[{"@type":"WebPage","@id":"https:\/\/www.goiko.com\/es\/bases-condiciones\/bbll-gokoprivilege10\/","url":"https:\/\/www.goiko.com\/es\/bases-condiciones\/bbll-gokoprivilege10\/","name":"BASES LEGALES GOIKO PRIVILEGE 10% - GOIKO","isPartOf":{"@id":"https:\/\/www.goiko.com\/es\/#website"},"primaryImageOfPage":{"@id":"https:\/\/www.goiko.com\/es\/bases-condiciones\/bbll-gokoprivilege10\/#primaryimage"},"image":{"@id":"https:\/\/www.goiko.com\/es\/bases-condiciones\/bbll-gokoprivilege10\/#primaryimage"},"thumbnailUrl":"https:\/\/www.goiko.com\/es\/wp-content\/uploads\/2024\/08\/RESERVAS_CARRUSEL_3NOVEDADES.png","datePublished":"2024-10-15T13:12:01+00:00","dateModified":"2024-10-15T13:14:17+00:00","breadcrumb":{"@id":"https:\/\/www.goiko.com\/es\/bases-condiciones\/bbll-gokoprivilege10\/#breadcrumb"},"inLanguage":"es","potentialAction":[{"@type":"ReadAction","target":["https:\/\/www.goiko.com\/es\/bases-condiciones\/bbll-gokoprivilege10\/"]}]},{"@type":"ImageObject","inLanguage":"es","@id":"https:\/\/www.goiko.com\/es\/bases-condiciones\/bbll-gokoprivilege10\/#primaryimage","url":"https:\/\/www.goiko.com\/es\/wp-content\/uploads\/2024\/08\/RESERVAS_CARRUSEL_3NOVEDADES.png","contentUrl":"https:\/\/www.goiko.com\/es\/wp-content\/uploads\/2024\/08\/RESERVAS_CARRUSEL_3NOVEDADES.png","width":1437,"height":651},{"@type":"BreadcrumbList","@id":"https:\/\/www.goiko.com\/es\/bases-condiciones\/bbll-gokoprivilege10\/#breadcrumb","itemListElement":[{"@type":"ListItem","position":1,"name":"Portada","item":"https:\/\/www.goiko.com\/es\/"},{"@type":"ListItem","position":2,"name":"Bases y condiciones","item":"https:\/\/www.goiko.com\/es\/bases-condiciones\/"},{"@type":"ListItem","position":3,"name":"BASES LEGALES GOIKO PRIVILEGE 10%"}]},{"@type":"WebSite","@id":"https:\/\/www.goiko.com\/es\/#website","url":"https:\/\/www.goiko.com\/es\/","name":"GOIKO","description":"Chorreo Forever","potentialAction":[{"@type":"SearchAction","target":{"@type":"EntryPoint","urlTemplate":"https:\/\/www.goiko.com\/es\/?s={search_term_string}"},"query-input":{"@type":"PropertyValueSpecification","valueRequired":true,"valueName":"search_term_string"}}],"inLanguage":"es"}]}},"_links":{"self":[{"href":"https:\/\/www.goiko.com\/es\/wp-json\/wp\/v2\/pages\/60924","targetHints":{"allow":["GET"]}}],"collection":[{"href":"https:\/\/www.goiko.com\/es\/wp-json\/wp\/v2\/pages"}],"about":[{"href":"https:\/\/www.goiko.com\/es\/wp-json\/wp\/v2\/types\/page"}],"author":[{"embeddable":true,"href":"https:\/\/www.goiko.com\/es\/wp-json\/wp\/v2\/users\/53"}],"replies":[{"embeddable":true,"href":"https:\/\/www.goiko.com\/es\/wp-json\/wp\/v2\/comments?post=60924"}],"version-history":[{"count":2,"href":"https:\/\/www.goiko.com\/es\/wp-json\/wp\/v2\/pages\/60924\/revisions"}],"predecessor-version":[{"id":60926,"href":"https:\/\/www.goiko.com\/es\/wp-json\/wp\/v2\/pages\/60924\/revisions\/60926"}],"up":[{"embeddable":true,"href":"https:\/\/www.goiko.com\/es\/wp-json\/wp\/v2\/pages\/24894"}],"wp:featuredmedia":[{"embeddable":true,"href":"https:\/\/www.goiko.com\/es\/wp-json\/wp\/v2\/media\/59660"}],"wp:attachment":[{"href":"https:\/\/www.goiko.com\/es\/wp-json\/wp\/v2\/media?parent=60924"}],"curies":[{"name":"wp","href":"https:\/\/api.w.org\/{rel}","templated":true}]}}