{"id":60955,"date":"2024-10-18T12:28:36","date_gmt":"2024-10-18T11:28:36","guid":{"rendered":"https:\/\/www.goiko.com\/es\/politica_de_cookies-copy\/"},"modified":"2024-10-18T12:28:36","modified_gmt":"2024-10-18T11:28:36","slug":"politica_de_cookies-copy","status":"publish","type":"page","link":"https:\/\/www.goiko.com\/es\/politica_de_cookies-copy\/","title":{"rendered":"Pol\u00edtica de Cookies Copiar"},"content":{"rendered":"<h1><\/h1>\n<h2 style=\"text-align: center\">Pol\u00edtica de Cookies<\/h2>\n<p><span style=\"font-weight: 400\">Una cookie es un fichero que se descarga en tu ordenador al acceder a determinadas p\u00e1ginas web. Las cookies permiten a una p\u00e1gina web, entre otras cosas, almacenar y recuperar informaci\u00f3n sobre los h\u00e1bitos de navegaci\u00f3n de un usuario o de su equipo y, dependiendo de la informaci\u00f3n que contengan y de la forma en que utilice tu equipo, pueden utilizarse para reconocer al usuario.<\/span><\/p>\n<p><span style=\"font-weight: 400\">GOIKO utiliza cookies para facilitar la navegaci\u00f3n por su web, por motivos de seguridad y para obtener una mayor eficacia y personalizaci\u00f3n de los servicios ofrecidos a los usuarios. La informaci\u00f3n que obtiene est\u00e1 relacionada con el n\u00famero de p\u00e1ginas visitas, el idioma, red social en la que se publican nuestras noticias, la ubicaci\u00f3n geogr\u00e1fica asignada a la direcci\u00f3n IP desde la que accede, el n\u00famero de nuevos usuarios, la frecuencia y reincidencia de las visitas, el tiempo de visita, el navegador y el operador o tipo de terminal desde el que se realiza la visita.<\/span><\/p>\n<p><span style=\"font-weight: 400\">Esta informaci\u00f3n la utilizamos para mejorar nuestras p\u00e1ginas, detectar nuevas necesidades y valorar las mejoras a introducir con la finalidad de prestar un mejor servicio a los usuarios que nos visitan adapt\u00e1ndolas, por ejemplo, a los navegadores o terminales m\u00e1s utilizados.<\/span><\/p>\n<p><span style=\"font-weight: 400\">Permiten mejorar la calidad y seguridad de la p\u00e1gina web. Poseen una fecha de caducidad, que puede oscilar desde el tiempo que dure la sesi\u00f3n, hasta una fecha futura especificada a partir de la cual dejan de ser operativas.<\/span><\/p>\n<p><span style=\"font-weight: 400\">GOIKO hace uso de cookies propias, as\u00ed como de terceros. Algunas estrictamente necesarias, para el correcto funcionamiento de esta p\u00e1gina y anal\u00edticas, para mostrarte informaci\u00f3n de tu inter\u00e9s.\u00a0<\/span><\/p>\n<p><span style=\"font-weight: 400\">En cualquier momento puedes cambiar o retirar tu consentimiento desde la Declaraci\u00f3n de cookies, por medio del enlace \u201cCambiar su consentimiento\u201d en nuestro sitio web.\u00a0<\/span><\/p>\n<p><span style=\"font-weight: 400\">Para m\u00e1s informaci\u00f3n relacionada con el tratamiento de sus datos de car\u00e1cter personal, puede consultar nuestra <a href=\"https:\/\/www.goiko.com\/politica_de_proteccion_de_datos\/\">Pol\u00edtica de Protecci\u00f3n de Datos<\/a>.<\/span><\/p>\n<p>&lt;\/<\/p>\n<\/p>\n<p>\n","protected":false},"excerpt":{"rendered":"<p>Pol\u00edtica de Cookies Una cookie es un fichero que se descarga en tu ordenador al acceder a determinadas p\u00e1ginas web. Las cookies permiten a una p\u00e1gina web, entre otras cosas, almacenar y recuperar informaci\u00f3n sobre los h\u00e1bitos de navegaci\u00f3n de un usuario o de su equipo y, dependiendo de la informaci\u00f3n que contengan y de [&hellip;]<\/p>\n","protected":false},"author":1,"featured_media":57761,"parent":0,"menu_order":111,"comment_status":"closed","ping_status":"closed","template":"","meta":{"footnotes":""},"class_list":["post-60955","page","type-page","status-publish","has-post-thumbnail","hentry"],"acf":[],"yoast_head":"<!-- This site is optimized with the Yoast SEO plugin v23.8 - https:\/\/yoast.com\/wordpress\/plugins\/seo\/ -->\n<title>Pol\u00edtica de Cookies Copiar - GOIKO<\/title>\n<meta name=\"robots\" content=\"index, follow, max-snippet:-1, max-image-preview:large, max-video-preview:-1\" \/>\n<link rel=\"canonical\" href=\"https:\/\/www.goiko.com\/es\/politica_de_cookies-copy\/\" \/>\n<meta property=\"og:locale\" content=\"es_ES\" \/>\n<meta property=\"og:type\" content=\"article\" \/>\n<meta property=\"og:title\" content=\"Pol\u00edtica de Cookies Copiar - GOIKO\" \/>\n<meta property=\"og:description\" content=\"Pol\u00edtica de Cookies Una cookie es un fichero que se descarga en tu ordenador al acceder a determinadas p\u00e1ginas web. Las cookies permiten a una p\u00e1gina web, entre otras cosas, almacenar y recuperar informaci\u00f3n sobre los h\u00e1bitos de navegaci\u00f3n de un usuario o de su equipo y, dependiendo de la informaci\u00f3n que contengan y de [&hellip;]\" \/>\n<meta property=\"og:url\" content=\"https:\/\/www.goiko.com\/es\/politica_de_cookies-copy\/\" \/>\n<meta property=\"og:site_name\" content=\"GOIKO\" \/>\n<meta property=\"article:publisher\" content=\"https:\/\/www.facebook.com\/goiko\" \/>\n<meta property=\"og:image\" content=\"https:\/\/www.goiko.com\/es\/wp-content\/uploads\/2017\/03\/Kevin_Web_Desktop.jpg\" \/>\n\t<meta property=\"og:image:width\" content=\"1800\" \/>\n\t<meta property=\"og:image:height\" content=\"1201\" \/>\n\t<meta property=\"og:image:type\" content=\"image\/jpeg\" \/>\n<meta name=\"twitter:card\" content=\"summary_large_image\" \/>\n<meta name=\"twitter:site\" content=\"@goiko\" \/>\n<meta name=\"twitter:label1\" content=\"Tiempo de lectura\" \/>\n\t<meta name=\"twitter:data1\" content=\"2 minutos\" \/>\n<script type=\"application\/ld+json\" class=\"yoast-schema-graph\">{\"@context\":\"https:\/\/schema.org\",\"@graph\":[{\"@type\":\"WebPage\",\"@id\":\"https:\/\/www.goiko.com\/es\/politica_de_cookies-copy\/\",\"url\":\"https:\/\/www.goiko.com\/es\/politica_de_cookies-copy\/\",\"name\":\"Pol\u00edtica de Cookies Copiar - GOIKO\",\"isPartOf\":{\"@id\":\"https:\/\/www.goiko.com\/es\/#website\"},\"primaryImageOfPage\":{\"@id\":\"https:\/\/www.goiko.com\/es\/politica_de_cookies-copy\/#primaryimage\"},\"image\":{\"@id\":\"https:\/\/www.goiko.com\/es\/politica_de_cookies-copy\/#primaryimage\"},\"thumbnailUrl\":\"https:\/\/www.goiko.com\/es\/wp-content\/uploads\/2024\/02\/CARRUSEL_50_2BURGER.png\",\"datePublished\":\"2024-10-18T11:28:36+00:00\",\"dateModified\":\"2024-10-18T11:28:36+00:00\",\"breadcrumb\":{\"@id\":\"https:\/\/www.goiko.com\/es\/politica_de_cookies-copy\/#breadcrumb\"},\"inLanguage\":\"es\",\"potentialAction\":[{\"@type\":\"ReadAction\",\"target\":[\"https:\/\/www.goiko.com\/es\/politica_de_cookies-copy\/\"]}]},{\"@type\":\"ImageObject\",\"inLanguage\":\"es\",\"@id\":\"https:\/\/www.goiko.com\/es\/politica_de_cookies-copy\/#primaryimage\",\"url\":\"https:\/\/www.goiko.com\/es\/wp-content\/uploads\/2024\/02\/CARRUSEL_50_2BURGER.png\",\"contentUrl\":\"https:\/\/www.goiko.com\/es\/wp-content\/uploads\/2024\/02\/CARRUSEL_50_2BURGER.png\",\"width\":1600,\"height\":725},{\"@type\":\"BreadcrumbList\",\"@id\":\"https:\/\/www.goiko.com\/es\/politica_de_cookies-copy\/#breadcrumb\",\"itemListElement\":[{\"@type\":\"ListItem\",\"position\":1,\"name\":\"Portada\",\"item\":\"https:\/\/www.goiko.com\/es\/\"},{\"@type\":\"ListItem\",\"position\":2,\"name\":\"Pol\u00edtica de Cookies Copiar\"}]},{\"@type\":\"WebSite\",\"@id\":\"https:\/\/www.goiko.com\/es\/#website\",\"url\":\"https:\/\/www.goiko.com\/es\/\",\"name\":\"GOIKO\",\"description\":\"Chorreo Forever\",\"potentialAction\":[{\"@type\":\"SearchAction\",\"target\":{\"@type\":\"EntryPoint\",\"urlTemplate\":\"https:\/\/www.goiko.com\/es\/?s={search_term_string}\"},\"query-input\":{\"@type\":\"PropertyValueSpecification\",\"valueRequired\":true,\"valueName\":\"search_term_string\"}}],\"inLanguage\":\"es\"}]}<\/script>\n<!-- \/ Yoast SEO plugin. -->","yoast_head_json":{"title":"Pol\u00edtica de Cookies Copiar - GOIKO","robots":{"index":"index","follow":"follow","max-snippet":"max-snippet:-1","max-image-preview":"max-image-preview:large","max-video-preview":"max-video-preview:-1"},"canonical":"https:\/\/www.goiko.com\/es\/politica_de_cookies-copy\/","og_locale":"es_ES","og_type":"article","og_title":"Pol\u00edtica de Cookies Copiar - GOIKO","og_description":"Pol\u00edtica de Cookies Una cookie es un fichero que se descarga en tu ordenador al acceder a determinadas p\u00e1ginas web. Las cookies permiten a una p\u00e1gina web, entre otras cosas, almacenar y recuperar informaci\u00f3n sobre los h\u00e1bitos de navegaci\u00f3n de un usuario o de su equipo y, dependiendo de la informaci\u00f3n que contengan y de [&hellip;]","og_url":"https:\/\/www.goiko.com\/es\/politica_de_cookies-copy\/","og_site_name":"GOIKO","article_publisher":"https:\/\/www.facebook.com\/goiko","og_image":[{"width":1800,"height":1201,"url":"https:\/\/www.goiko.com\/es\/wp-content\/uploads\/2017\/03\/Kevin_Web_Desktop.jpg","type":"image\/jpeg"}],"twitter_card":"summary_large_image","twitter_site":"@goiko","twitter_misc":{"Tiempo de lectura":"2 minutos"},"schema":{"@context":"https:\/\/schema.org","@graph":[{"@type":"WebPage","@id":"https:\/\/www.goiko.com\/es\/politica_de_cookies-copy\/","url":"https:\/\/www.goiko.com\/es\/politica_de_cookies-copy\/","name":"Pol\u00edtica de Cookies Copiar - GOIKO","isPartOf":{"@id":"https:\/\/www.goiko.com\/es\/#website"},"primaryImageOfPage":{"@id":"https:\/\/www.goiko.com\/es\/politica_de_cookies-copy\/#primaryimage"},"image":{"@id":"https:\/\/www.goiko.com\/es\/politica_de_cookies-copy\/#primaryimage"},"thumbnailUrl":"https:\/\/www.goiko.com\/es\/wp-content\/uploads\/2024\/02\/CARRUSEL_50_2BURGER.png","datePublished":"2024-10-18T11:28:36+00:00","dateModified":"2024-10-18T11:28:36+00:00","breadcrumb":{"@id":"https:\/\/www.goiko.com\/es\/politica_de_cookies-copy\/#breadcrumb"},"inLanguage":"es","potentialAction":[{"@type":"ReadAction","target":["https:\/\/www.goiko.com\/es\/politica_de_cookies-copy\/"]}]},{"@type":"ImageObject","inLanguage":"es","@id":"https:\/\/www.goiko.com\/es\/politica_de_cookies-copy\/#primaryimage","url":"https:\/\/www.goiko.com\/es\/wp-content\/uploads\/2024\/02\/CARRUSEL_50_2BURGER.png","contentUrl":"https:\/\/www.goiko.com\/es\/wp-content\/uploads\/2024\/02\/CARRUSEL_50_2BURGER.png","width":1600,"height":725},{"@type":"BreadcrumbList","@id":"https:\/\/www.goiko.com\/es\/politica_de_cookies-copy\/#breadcrumb","itemListElement":[{"@type":"ListItem","position":1,"name":"Portada","item":"https:\/\/www.goiko.com\/es\/"},{"@type":"ListItem","position":2,"name":"Pol\u00edtica de Cookies Copiar"}]},{"@type":"WebSite","@id":"https:\/\/www.goiko.com\/es\/#website","url":"https:\/\/www.goiko.com\/es\/","name":"GOIKO","description":"Chorreo Forever","potentialAction":[{"@type":"SearchAction","target":{"@type":"EntryPoint","urlTemplate":"https:\/\/www.goiko.com\/es\/?s={search_term_string}"},"query-input":{"@type":"PropertyValueSpecification","valueRequired":true,"valueName":"search_term_string"}}],"inLanguage":"es"}]}},"_links":{"self":[{"href":"https:\/\/www.goiko.com\/es\/wp-json\/wp\/v2\/pages\/60955","targetHints":{"allow":["GET"]}}],"collection":[{"href":"https:\/\/www.goiko.com\/es\/wp-json\/wp\/v2\/pages"}],"about":[{"href":"https:\/\/www.goiko.com\/es\/wp-json\/wp\/v2\/types\/page"}],"author":[{"embeddable":true,"href":"https:\/\/www.goiko.com\/es\/wp-json\/wp\/v2\/users\/1"}],"replies":[{"embeddable":true,"href":"https:\/\/www.goiko.com\/es\/wp-json\/wp\/v2\/comments?post=60955"}],"version-history":[{"count":0,"href":"https:\/\/www.goiko.com\/es\/wp-json\/wp\/v2\/pages\/60955\/revisions"}],"wp:featuredmedia":[{"embeddable":true,"href":"https:\/\/www.goiko.com\/es\/wp-json\/wp\/v2\/media\/57761"}],"wp:attachment":[{"href":"https:\/\/www.goiko.com\/es\/wp-json\/wp\/v2\/media?parent=60955"}],"curies":[{"name":"wp","href":"https:\/\/api.w.org\/{rel}","templated":true}]}}