{"id":61115,"date":"2024-10-25T08:30:14","date_gmt":"2024-10-25T07:30:14","guid":{"rendered":"https:\/\/www.goiko.com\/es\/bases-condiciones\/56469-2-copy\/"},"modified":"2025-05-20T09:57:00","modified_gmt":"2025-05-20T08:57:00","slug":"localesventasalsasgoiko","status":"publish","type":"page","link":"https:\/\/www.goiko.com\/es\/bases-condiciones\/localesventasalsasgoiko\/","title":{"rendered":"LOCALES VENTA SALSAS GOIKO"},"content":{"rendered":"<h2 style=\"text-align: center;\" data-pm-slice=\"1 1 []\">LOCALES VENTA SALSAS GOIKO<\/h2>\n<ul>\n<li>Calle Rosario 56, 02003 Albacete<\/li>\n<li>Parque Comercial de Palmones CC Bah\u00eda Plaza. Los Barrios, C\u00e1diz<\/li>\n<li>Calle M\u00e9dico Vicente Reyes 61, planta baja,03015 Alicante<\/li>\n<li>Rambla Obispo Orber\u00e1 11, 04001 Almer\u00eda<\/li>\n<li>Carrer de Mar 73, 08911 Badalona<\/li>\n<li>Carrer d&#8217;Arcadi Balaguer 54, 08860 Castelldefels, Barcelona<\/li>\n<li>Carrer d&#8217;Aribau 113, 08036 Barcelona<\/li>\n<li>Carrer Can Segalar 18, 08014 Barcelona<\/li>\n<li>CC Diagonal Mar, Barcelona, planta primera<\/li>\n<li>Plaza Europa 38, 08902 Hospitalet de Llobregat<\/li>\n<li>Passeig Maragall 148, 08027 Barcelona<\/li>\n<li>Avinguda Torre Blanca 2, 08172 Sant Cugat del Vall\u00e8s, Barcelona<\/li>\n<li>Av. R\u00edo de Janeiro 42, Centro Comercial Som Multiespai, 08016 Barcelona<\/li>\n<li>Av. del Segle XXI 6, Centro Comercial Vilamarina, 08840 Viladecans, Barcelona<\/li>\n<li>Av. Sinforiano Madro\u00f1ero 15, 06011<\/li>\n<li>General Concha 28, 48010 Bilbao<\/li>\n<li>Gran V\u00eda Diego de L\u00f3pez de Haro 68, 48011 Bilbao<\/li>\n<li>Plaza Alonso Mart\u00ednez 3 &#8211; 4, 09003 Burgos<\/li>\n<li>Calle San Miguel 1-3, 11001 C\u00e1diz<\/li>\n<li>Avenida Hermanos Bou 19, 12003 Castell\u00f3n de la Plana<\/li>\n<li>Avenida Gran Capit\u00e1n 26 1\u00ba1, 14001 C\u00f3rdoba<\/li>\n<li>R\u00faa Rep\u00fablica Salvador 34, Santiago de Compostela, A Coru\u00f1a<\/li>\n<li>Rubin\u00e9 11, 15004 A Coru\u00f1a<\/li>\n<li>CC L&#8217;Aljub, Calle Jacarilla 7,\u00a0 Elche (Alicante)<\/li>\n<li>Plaza de la Trinidad 4, 18002 Granada<\/li>\n<li>Calle Virgen de la Capilla 7, 23001 Ja\u00e9n<\/li>\n<li>Do\u00f1a Blanca 3, 11402 Jerez de la Frontera, C\u00e1diz<\/li>\n<li>Avenida de la Independencia 1, 24001 Le\u00f3n<\/li>\n<li>Avenida de Portugal 36, 26001 Logro\u00f1o, La Rioja<\/li>\n<li>Plaza de Santo Domingo 5, 27001 Lugo<\/li>\n<li>Parque Comercial y de Ocio Alegra &#8211; Calle Salvador de Madariaga s\/n, 28702 San Sebasti\u00e1n de los Reyes, Madrid<\/li>\n<li>Centro Comercial Plaza Loranca 2, Fuenlabrada (Madrid)<\/li>\n<li>Calle de la Infanta Mercedes 105, 28020 Madrid<\/li>\n<li>Calle Calderilla 1, CC Isla Azul Local 125a, 28054 Carabanchel, Madrid<\/li>\n<li>Calle L\u00f3pez de Hoyos 161, 28002 Madrid<\/li>\n<li>Avenida de la Libertad 2, 28924 Alcorc\u00f3n, Madrid<\/li>\n<li>Calle Maria Reiche 15, local 1, Valdebebas, 28055 Madrid<\/li>\n<li>Av. Niza 42, 28022 Madrid<\/li>\n<li>Avda del Juncal 15-17, CC Plaza Norte 2, San Sebasti\u00e1n de los Reyes, Madrid<\/li>\n<li>Avenida Juan Carlos I 46, Collado Villalba, Madrid<\/li>\n<li>Avenida de la Comunidad de Madrid 3, 28224 Pozuelo de Alarc\u00f3n, Madrid<\/li>\n<li>Calle Marie Curie 4, 28521 Rivas Vaciamadrid<\/li>\n<li>Avenida San Mart\u00edn de Valdeiglesias 20, CC Tres Aguas, 28922 Alcorc\u00f3n<\/li>\n<li>Av. Constituci\u00f3n 159-161, 28850 Torrej\u00f3n, Madrid<\/li>\n<li>La Riera 89, 08301 Matar\u00f3, Barcelona<\/li>\n<li>Calle Armengual de la Mota 12, C.C. M\u00e1laga Plaza, 29007 M\u00e1laga<\/li>\n<li>Avenida Ricardo Soriano 15, Marbella, M\u00e1laga 29601<\/li>\n<li>Calle Riga 87, CC Espacio Mediterr\u00e1neo, 30353 Cartagena, Murcia<\/li>\n<li>Calle San Francisco 13, 33003 Oviedo<\/li>\n<li>Centro Comercial y de Ocio Itaroa, Calle Intxaurdia 5, 31620 Huarte, Navarra<\/li>\n<li>Paseo Sarasate 36, 31001 Pamplona, Navarra<\/li>\n<li>Carrer Sant Joan 23-31, 08202 Sabadell, Barcelona<\/li>\n<li>Calle Albareda 14, 41001 Sevilla<\/li>\n<li>Avenida Eduardo Dato 79, 41005 Sevilla<\/li>\n<li>Av. Rep\u00fablica Argentina 26, 41011 Sevilla<\/li>\n<li>Calle de la Uni\u00f3 7, 08221 Terrassa<\/li>\n<li>Avinguda de Sant Jordi 6, Centro Comercial La Fira, Reus, Tarragona<\/li>\n<li>Calle de la Paz 9, 46003 Valencia<\/li>\n<li>R\u00faa de Rosal\u00eda de Castro 9, 36201 Vigo<\/li>\n<li>Calle Duque de la Victoria 5, 47001 Valladolid<\/li>\n<li>Calle Francisco de Vitoria 30, 50008 Zaragoza<\/li>\n<\/ul>\n","protected":false},"excerpt":{"rendered":"<p>LOCALES VENTA SALSAS GOIKO Calle Rosario 56, 02003 Albacete Parque Comercial de Palmones CC Bah\u00eda Plaza. Los Barrios, C\u00e1diz Calle M\u00e9dico Vicente Reyes 61, planta baja,03015 Alicante Rambla Obispo Orber\u00e1 11, 04001 Almer\u00eda Carrer de Mar 73, 08911 Badalona Carrer d&#8217;Arcadi Balaguer 54, 08860 Castelldefels, Barcelona Carrer d&#8217;Aribau 113, 08036 Barcelona Carrer Can Segalar 18, [&hellip;]<\/p>\n","protected":false},"author":53,"featured_media":61117,"parent":24894,"menu_order":0,"comment_status":"closed","ping_status":"closed","template":"","meta":{"footnotes":""},"class_list":["post-61115","page","type-page","status-publish","has-post-thumbnail","hentry"],"acf":[],"yoast_head":"<!-- This site is optimized with the Yoast SEO plugin v23.8 - https:\/\/yoast.com\/wordpress\/plugins\/seo\/ -->\n<title>LOCALES VENTA SALSAS GOIKO - GOIKO<\/title>\n<meta name=\"robots\" content=\"index, follow, max-snippet:-1, max-image-preview:large, max-video-preview:-1\" \/>\n<link rel=\"canonical\" href=\"https:\/\/www.goiko.com\/es\/bases-condiciones\/localesventasalsasgoiko\/\" \/>\n<meta property=\"og:locale\" content=\"es_ES\" \/>\n<meta property=\"og:type\" content=\"article\" \/>\n<meta property=\"og:title\" content=\"LOCALES VENTA SALSAS GOIKO - GOIKO\" \/>\n<meta property=\"og:description\" content=\"LOCALES VENTA SALSAS GOIKO Calle Rosario 56, 02003 Albacete Parque Comercial de Palmones CC Bah\u00eda Plaza. Los Barrios, C\u00e1diz Calle M\u00e9dico Vicente Reyes 61, planta baja,03015 Alicante Rambla Obispo Orber\u00e1 11, 04001 Almer\u00eda Carrer de Mar 73, 08911 Badalona Carrer d&#8217;Arcadi Balaguer 54, 08860 Castelldefels, Barcelona Carrer d&#8217;Aribau 113, 08036 Barcelona Carrer Can Segalar 18, [&hellip;]\" \/>\n<meta property=\"og:url\" content=\"https:\/\/www.goiko.com\/es\/bases-condiciones\/localesventasalsasgoiko\/\" \/>\n<meta property=\"og:site_name\" content=\"GOIKO\" \/>\n<meta property=\"article:publisher\" content=\"https:\/\/www.facebook.com\/goiko\" \/>\n<meta property=\"article:modified_time\" content=\"2025-05-20T08:57:00+00:00\" \/>\n<meta property=\"og:image\" content=\"https:\/\/www.goiko.com\/es\/wp-content\/uploads\/2024\/10\/4SalsasGoikocina-1024x683.jpg\" \/>\n\t<meta property=\"og:image:width\" content=\"1024\" \/>\n\t<meta property=\"og:image:height\" content=\"683\" \/>\n\t<meta property=\"og:image:type\" content=\"image\/jpeg\" \/>\n<meta name=\"twitter:card\" content=\"summary_large_image\" \/>\n<meta name=\"twitter:site\" content=\"@goiko\" \/>\n<meta name=\"twitter:label1\" content=\"Tiempo de lectura\" \/>\n\t<meta name=\"twitter:data1\" content=\"3 minutos\" \/>\n<script type=\"application\/ld+json\" class=\"yoast-schema-graph\">{\"@context\":\"https:\/\/schema.org\",\"@graph\":[{\"@type\":\"WebPage\",\"@id\":\"https:\/\/www.goiko.com\/es\/bases-condiciones\/localesventasalsasgoiko\/\",\"url\":\"https:\/\/www.goiko.com\/es\/bases-condiciones\/localesventasalsasgoiko\/\",\"name\":\"LOCALES VENTA SALSAS GOIKO - GOIKO\",\"isPartOf\":{\"@id\":\"https:\/\/www.goiko.com\/es\/#website\"},\"primaryImageOfPage\":{\"@id\":\"https:\/\/www.goiko.com\/es\/bases-condiciones\/localesventasalsasgoiko\/#primaryimage\"},\"image\":{\"@id\":\"https:\/\/www.goiko.com\/es\/bases-condiciones\/localesventasalsasgoiko\/#primaryimage\"},\"thumbnailUrl\":\"https:\/\/www.goiko.com\/es\/wp-content\/uploads\/2024\/10\/4SalsasGoikocina.jpg\",\"datePublished\":\"2024-10-25T07:30:14+00:00\",\"dateModified\":\"2025-05-20T08:57:00+00:00\",\"breadcrumb\":{\"@id\":\"https:\/\/www.goiko.com\/es\/bases-condiciones\/localesventasalsasgoiko\/#breadcrumb\"},\"inLanguage\":\"es\",\"potentialAction\":[{\"@type\":\"ReadAction\",\"target\":[\"https:\/\/www.goiko.com\/es\/bases-condiciones\/localesventasalsasgoiko\/\"]}]},{\"@type\":\"ImageObject\",\"inLanguage\":\"es\",\"@id\":\"https:\/\/www.goiko.com\/es\/bases-condiciones\/localesventasalsasgoiko\/#primaryimage\",\"url\":\"https:\/\/www.goiko.com\/es\/wp-content\/uploads\/2024\/10\/4SalsasGoikocina.jpg\",\"contentUrl\":\"https:\/\/www.goiko.com\/es\/wp-content\/uploads\/2024\/10\/4SalsasGoikocina.jpg\",\"width\":9193,\"height\":6129},{\"@type\":\"BreadcrumbList\",\"@id\":\"https:\/\/www.goiko.com\/es\/bases-condiciones\/localesventasalsasgoiko\/#breadcrumb\",\"itemListElement\":[{\"@type\":\"ListItem\",\"position\":1,\"name\":\"Portada\",\"item\":\"https:\/\/www.goiko.com\/es\/\"},{\"@type\":\"ListItem\",\"position\":2,\"name\":\"Bases y condiciones\",\"item\":\"https:\/\/www.goiko.com\/es\/bases-condiciones\/\"},{\"@type\":\"ListItem\",\"position\":3,\"name\":\"LOCALES VENTA SALSAS GOIKO\"}]},{\"@type\":\"WebSite\",\"@id\":\"https:\/\/www.goiko.com\/es\/#website\",\"url\":\"https:\/\/www.goiko.com\/es\/\",\"name\":\"GOIKO\",\"description\":\"Chorreo Forever\",\"potentialAction\":[{\"@type\":\"SearchAction\",\"target\":{\"@type\":\"EntryPoint\",\"urlTemplate\":\"https:\/\/www.goiko.com\/es\/?s={search_term_string}\"},\"query-input\":{\"@type\":\"PropertyValueSpecification\",\"valueRequired\":true,\"valueName\":\"search_term_string\"}}],\"inLanguage\":\"es\"}]}<\/script>\n<!-- \/ Yoast SEO plugin. -->","yoast_head_json":{"title":"LOCALES VENTA SALSAS GOIKO - GOIKO","robots":{"index":"index","follow":"follow","max-snippet":"max-snippet:-1","max-image-preview":"max-image-preview:large","max-video-preview":"max-video-preview:-1"},"canonical":"https:\/\/www.goiko.com\/es\/bases-condiciones\/localesventasalsasgoiko\/","og_locale":"es_ES","og_type":"article","og_title":"LOCALES VENTA SALSAS GOIKO - GOIKO","og_description":"LOCALES VENTA SALSAS GOIKO Calle Rosario 56, 02003 Albacete Parque Comercial de Palmones CC Bah\u00eda Plaza. Los Barrios, C\u00e1diz Calle M\u00e9dico Vicente Reyes 61, planta baja,03015 Alicante Rambla Obispo Orber\u00e1 11, 04001 Almer\u00eda Carrer de Mar 73, 08911 Badalona Carrer d&#8217;Arcadi Balaguer 54, 08860 Castelldefels, Barcelona Carrer d&#8217;Aribau 113, 08036 Barcelona Carrer Can Segalar 18, [&hellip;]","og_url":"https:\/\/www.goiko.com\/es\/bases-condiciones\/localesventasalsasgoiko\/","og_site_name":"GOIKO","article_publisher":"https:\/\/www.facebook.com\/goiko","article_modified_time":"2025-05-20T08:57:00+00:00","og_image":[{"width":1024,"height":683,"url":"https:\/\/www.goiko.com\/es\/wp-content\/uploads\/2024\/10\/4SalsasGoikocina-1024x683.jpg","type":"image\/jpeg"}],"twitter_card":"summary_large_image","twitter_site":"@goiko","twitter_misc":{"Tiempo de lectura":"3 minutos"},"schema":{"@context":"https:\/\/schema.org","@graph":[{"@type":"WebPage","@id":"https:\/\/www.goiko.com\/es\/bases-condiciones\/localesventasalsasgoiko\/","url":"https:\/\/www.goiko.com\/es\/bases-condiciones\/localesventasalsasgoiko\/","name":"LOCALES VENTA SALSAS GOIKO - GOIKO","isPartOf":{"@id":"https:\/\/www.goiko.com\/es\/#website"},"primaryImageOfPage":{"@id":"https:\/\/www.goiko.com\/es\/bases-condiciones\/localesventasalsasgoiko\/#primaryimage"},"image":{"@id":"https:\/\/www.goiko.com\/es\/bases-condiciones\/localesventasalsasgoiko\/#primaryimage"},"thumbnailUrl":"https:\/\/www.goiko.com\/es\/wp-content\/uploads\/2024\/10\/4SalsasGoikocina.jpg","datePublished":"2024-10-25T07:30:14+00:00","dateModified":"2025-05-20T08:57:00+00:00","breadcrumb":{"@id":"https:\/\/www.goiko.com\/es\/bases-condiciones\/localesventasalsasgoiko\/#breadcrumb"},"inLanguage":"es","potentialAction":[{"@type":"ReadAction","target":["https:\/\/www.goiko.com\/es\/bases-condiciones\/localesventasalsasgoiko\/"]}]},{"@type":"ImageObject","inLanguage":"es","@id":"https:\/\/www.goiko.com\/es\/bases-condiciones\/localesventasalsasgoiko\/#primaryimage","url":"https:\/\/www.goiko.com\/es\/wp-content\/uploads\/2024\/10\/4SalsasGoikocina.jpg","contentUrl":"https:\/\/www.goiko.com\/es\/wp-content\/uploads\/2024\/10\/4SalsasGoikocina.jpg","width":9193,"height":6129},{"@type":"BreadcrumbList","@id":"https:\/\/www.goiko.com\/es\/bases-condiciones\/localesventasalsasgoiko\/#breadcrumb","itemListElement":[{"@type":"ListItem","position":1,"name":"Portada","item":"https:\/\/www.goiko.com\/es\/"},{"@type":"ListItem","position":2,"name":"Bases y condiciones","item":"https:\/\/www.goiko.com\/es\/bases-condiciones\/"},{"@type":"ListItem","position":3,"name":"LOCALES VENTA SALSAS GOIKO"}]},{"@type":"WebSite","@id":"https:\/\/www.goiko.com\/es\/#website","url":"https:\/\/www.goiko.com\/es\/","name":"GOIKO","description":"Chorreo Forever","potentialAction":[{"@type":"SearchAction","target":{"@type":"EntryPoint","urlTemplate":"https:\/\/www.goiko.com\/es\/?s={search_term_string}"},"query-input":{"@type":"PropertyValueSpecification","valueRequired":true,"valueName":"search_term_string"}}],"inLanguage":"es"}]}},"_links":{"self":[{"href":"https:\/\/www.goiko.com\/es\/wp-json\/wp\/v2\/pages\/61115","targetHints":{"allow":["GET"]}}],"collection":[{"href":"https:\/\/www.goiko.com\/es\/wp-json\/wp\/v2\/pages"}],"about":[{"href":"https:\/\/www.goiko.com\/es\/wp-json\/wp\/v2\/types\/page"}],"author":[{"embeddable":true,"href":"https:\/\/www.goiko.com\/es\/wp-json\/wp\/v2\/users\/53"}],"replies":[{"embeddable":true,"href":"https:\/\/www.goiko.com\/es\/wp-json\/wp\/v2\/comments?post=61115"}],"version-history":[{"count":5,"href":"https:\/\/www.goiko.com\/es\/wp-json\/wp\/v2\/pages\/61115\/revisions"}],"predecessor-version":[{"id":65127,"href":"https:\/\/www.goiko.com\/es\/wp-json\/wp\/v2\/pages\/61115\/revisions\/65127"}],"up":[{"embeddable":true,"href":"https:\/\/www.goiko.com\/es\/wp-json\/wp\/v2\/pages\/24894"}],"wp:featuredmedia":[{"embeddable":true,"href":"https:\/\/www.goiko.com\/es\/wp-json\/wp\/v2\/media\/61117"}],"wp:attachment":[{"href":"https:\/\/www.goiko.com\/es\/wp-json\/wp\/v2\/media?parent=61115"}],"curies":[{"name":"wp","href":"https:\/\/api.w.org\/{rel}","templated":true}]}}