{"id":61128,"date":"2024-10-25T14:38:52","date_gmt":"2024-10-25T13:38:52","guid":{"rendered":"https:\/\/www.goiko.com\/es\/bases-condiciones\/sorteo-energy-curso-de-surf-copy\/"},"modified":"2025-08-08T10:32:22","modified_gmt":"2025-08-08T09:32:22","slug":"oneyearcard","status":"publish","type":"page","link":"https:\/\/www.goiko.com\/es\/bases-condiciones\/oneyearcard\/","title":{"rendered":"BASES LEGALES | SORTEO \u201cONE YEAR CARD\u201d"},"content":{"rendered":"<h1 style=\"text-align: center;\"><b>BASES LEGALES SORTEO \u201cONE YEAR CARD\u201d<\/b><\/h1>\n<p><span style=\"font-weight: 400;\">CL\u00c1USULA 1. \u2013 EMPRESA ORGANIZADORA.<\/span><\/p>\n<p><b>GOIKO GOURMET S.L.,<\/b><span style=\"font-weight: 400;\"> (en adelante, GOIKO) con domicilio en Madrid CP 28003, C\/ Maestro \u00c1ngel Llorca 6, Planta 5, con CIF <\/span><b>B-86.590.841<\/b><span style=\"font-weight: 400;\">, organiza en la fecha indicada a continuaci\u00f3n, el sorteo llamado <\/span><b>\u201cONE YEAR CARD\u201d<\/b><span style=\"font-weight: 400;\"> (en adelante, el \u201cSorteo\u201d) de acuerdo con los requisitos que se recogen en estas Bases.<\/span><\/p>\n<p><span style=\"font-weight: 400;\">CL\u00c1USULA 2.- PLAZO Y MODO DE PARTICIPAR.<\/span><\/p>\n<p><span style=\"font-weight: 400;\">-Goiko comunicar\u00e1 el Sorteo a trav\u00e9s de su cuenta oficial de Instagram @goiko. El plazo para participar en el sorteo comienza el 25 de octubre de 2024 hasta el 31 de octubre de 2024.<\/span><\/p>\n<p><span style=\"font-weight: 400;\">Quien desee participar deber\u00e1:<\/span><\/p>\n<ul>\n<li style=\"font-weight: 400;\" aria-level=\"1\"><span style=\"font-weight: 400;\">Ser mayor de 18 a\u00f1os y residir en alg\u00fan punto del territorio espa\u00f1ol.<\/span><\/li>\n<li style=\"font-weight: 400;\" aria-level=\"1\"><span style=\"font-weight: 400;\">Seguir la cuenta @goiko<\/span><\/li>\n<li style=\"font-weight: 400;\" aria-level=\"1\"><span style=\"font-weight: 400;\">Darle like y comentar en dicha publicaci\u00f3n del sorteo.<\/span><\/li>\n<\/ul>\n<p><span style=\"font-weight: 400;\">CL\u00c1USULA 3.- PREMIO.<\/span><\/p>\n<p><span style=\"font-weight: 400;\">-Se sortear\u00e1 una ONE YEAR CARD (1) para UN (1) ganador, consistente en:<\/span><\/p>\n<ul>\n<li style=\"font-weight: 400;\" aria-level=\"1\"><span style=\"font-weight: 400;\">CINCUENTA Y DOS (52) burgers (bebida NO inclu\u00edda). Cualquiera de la carta de Goiko menos la Goiko Kids.\u00a0\u00a0<\/span><\/li>\n<li style=\"font-weight: 400;\" aria-level=\"1\"><span style=\"font-weight: 400;\">El ganador podr\u00e1 renunciar al premio obtenido, no obstante, el premio no podr\u00e1 canjearse por dinero en efectivo o cualquier otro producto o servicio.<\/span><\/li>\n<li style=\"font-weight: 400;\" aria-level=\"1\"><span style=\"font-weight: 400;\">El premio es personal e intransferible y no podr\u00e1 ser objeto de alteraci\u00f3n o compensaci\u00f3n, ni canjeado por su valor econ\u00f3mico.<\/span><\/li>\n<\/ul>\n<p><span style=\"font-weight: 400;\">CL\u00c1USULA 4.- ELECCI\u00d3N DE GANADOR.<\/span><\/p>\n<p><span style=\"font-weight: 400;\">Se nombrar\u00e1 UN (1) ganador y si fuese necesario, UN (1) suplente.<\/span><\/p>\n<p><span style=\"font-weight: 400;\">El ganador ser\u00e1 seleccionado el 01 de noviembre de 2024 mediante la herramienta de selecci\u00f3n aleatoria [https:\/\/arbitrery.com]<\/span><\/p>\n<p><span style=\"font-weight: 400;\">CL\u00c1USULA 5.- ENTREGA DEL PREMIO.<\/span><\/p>\n<p><span style=\"font-weight: 400;\">GOIKO se pondr\u00e1 en contacto con el ganador a trav\u00e9s de mensaje directo desde la cuenta de Instagram de la marca (@goiko). Se le solicitar\u00e1 al ganador datos de domicilio para hacerle llegar el env\u00edo de la tarjeta f\u00edsica \u201cONE YEAR CARD\u201d.<\/span><\/p>\n<p><span style=\"font-weight: 400;\">Desde dicha comunicaci\u00f3n, cada ganador dispondr\u00e1 de 72 horas, para aceptar el premio. En el caso de no recibir dicha aceptaci\u00f3n en el plazo indicado, o bien, si el ganador rechazase el premio expresamente por cualquier causa, el premio correspondiente se ofrecer\u00e1 al suplente, y si \u00e9ste no contestase en el mismo plazo o los rechazase, el premio de que se trate ser\u00e1 declarados desierto.<\/span><\/p>\n<p><span style=\"font-weight: 400;\">CL\u00c1USULA 6.- PROTECCI\u00d3N DE DATOS DE CAR\u00c1CTER PERSONAL.<\/span><\/p>\n<p><span style=\"font-weight: 400;\">El tratamiento de datos de car\u00e1cter personal de los participantes y ganador se hace conforme a lo establecido en la Pol\u00edtica de Protecci\u00f3n de datos de GOIKO, a la que puede acceder a trav\u00e9s del siguiente enlace: https:\/\/www.goiko.com\/politica_de_proteccion_de_datos\/<\/span><\/p>\n<p><span style=\"font-weight: 400;\">CL\u00c1USULA 7.- ACEPTACI\u00d3N DE LAS BASES.<\/span><\/p>\n<ol>\n<li><span style=\"font-weight: 400;\"> El mero hecho de participar en el sorteo implica la aceptaci\u00f3n \u00edntegra de las presentes bases.<\/span><\/li>\n<li><span style=\"font-weight: 400;\"> Goiko se reserva el derecho a modificar las bases del sorteo, parcial o totalmente en cualquier momento en la medida que no perjudique o menoscabe los derechos de los participantes en el sorteo. Asimismo, se reserva tambi\u00e9n el derecho de anularlo o dejar el premio desierto en caso de detectarse alguna irregularidad. Realizada cualquier modificaci\u00f3n, \u00e9sta ser\u00e1 debidamente puesta en conocimiento de los participantes.<\/span><\/li>\n<li><span style=\"font-weight: 400;\"> Goiko se reserva el derecho de excluir de la participaci\u00f3n en el sorteo a todos aquellos participantes que, estime, est\u00e1n incumpliendo cualquier condici\u00f3n de participaci\u00f3n incluida en las presentes bases. La exclusi\u00f3n de un participante, cualquiera que sea la causa, conlleva la p\u00e9rdida de todos los derechos derivados de su condici\u00f3n como tal.<\/span><\/li>\n<li><span style=\"font-weight: 400;\"> Cualquier utilizaci\u00f3n abusiva o fraudulenta de estas bases dar\u00e1 lugar a la consiguiente descalificaci\u00f3n del participante en el sorteo.<\/span><\/li>\n<li><span style=\"font-weight: 400;\"> Goiko queda eximido de cualquier responsabilidad en el supuesto de existir alg\u00fan error en los datos facilitados en su caso por los propios agraciados que impidiera su identificaci\u00f3n.<\/span><\/li>\n<\/ol>\n<p><span style=\"font-weight: 400;\">6.Goiko est\u00e1 exento de cualquier responsabilidad derivada de cualquier circunstancia imputable a terceros que pueda afectar al desarrollo del sorteo y\/o a la entrega del premio.<\/span><\/p>\n<p><span style=\"font-weight: 400;\"><br \/>\n<\/span><span style=\"font-weight: 400;\">7.Goiko en ning\u00fan caso ser\u00e1 responsable por los da\u00f1os y perjuicios directa o indirectamente resultantes de cualquier fallo, problema, acci\u00f3n u omisi\u00f3n por parte de terceros ajenos a Goiko, como por ejemplo y sin limitaci\u00f3n, ataques inform\u00e1ticos, huelgas, cualquier tipo de revuelta civil o amenaza, incendios, inundaciones, terremotos o desastres naturales, etc\u00e9tera. Goiko en ning\u00fan caso ser\u00e1 responsable por cualquier da\u00f1o causado directa o indirectamente por cualquier acci\u00f3n, omisi\u00f3n o negligencia imputable a los participantes y\/o ganadores.<\/span><\/p>\n<p><span style=\"font-weight: 400;\">CL\u00c1USULA 8.- CAUSAS DE DESCALIFICACI\u00d3N DE UN PARTICIPANTE DEL SORTEO.<\/span><\/p>\n<p><span style=\"font-weight: 400;\">Este sorteo se organiza con la pretensi\u00f3n de incentivar y fomentar la participaci\u00f3n de todos los concursantes en condiciones de igualdad y con estricto respeto al principio general de la buena fe. Por ese motivo, Goiko excluir\u00e1 autom\u00e1tica e inmediatamente del mismo a cualquier participante que transgreda las normas de buena fe, observe una conducta mendaz, inadecuada, falaz o impropia, emplee medios desproporcionados, fraudulentos o abusivos, o incumpla estas bases en cualquiera de sus extremos.<\/span><\/p>\n<p><span style=\"font-weight: 400;\">En cualquier caso, con car\u00e1cter enunciativo, pero no limitativo, y en aquello que resulte de aplicaci\u00f3n, se excluir\u00e1 a cualquier participante del sorteo en los siguientes casos:<\/span><\/p>\n<ol>\n<li><span style=\"font-weight: 400;\"> Empleo de v\u00edas, sistemas o dispositivos para alterar el sistema registro de tickets, la introducci\u00f3n automatizada de datos o c\u00f3digos. La mera sospecha de que un participante est\u00e1 utilizando cualquier sistema automatizado para la introducci\u00f3n masiva o repetitiva de los datos o c\u00f3digos necesarios para participar en el sorteo, dar\u00e1 lugar a la exclusi\u00f3n inmediata de todas sus participaciones y le inhabilitar\u00e1 para recibir cualquier premio, sin que sea necesario comunic\u00e1rselo.<\/span><\/li>\n<li><span style=\"font-weight: 400;\"> Introducci\u00f3n de datos personales o de consumo, inexactos, err\u00f3neos, no coincidentes o falsos. La constataci\u00f3n de que un participante ha introducido datos personales o de consumo inexactos, alterados o falsos, dar\u00e1 lugar a la exclusi\u00f3n inmediata de todas sus participaciones en el Concurso, y le inhabilitar\u00e1 para recibir cualquier premio, sin que sea necesario comunic\u00e1rselo.<\/span><\/li>\n<li><span style=\"font-weight: 400;\"> De igual modo, cualquier anomal\u00eda atribuible a un participante que impida, altere o perturbe el normal desarrollo del sorteo, que afecte o perjudique a cualquier otro participante, que pueda falsear los datos de participaci\u00f3n, comprometa la seguridad o la fiabilidad de los sistemas t\u00e9cnicos utilizados para su desarrollo, o que contravenga, de alg\u00fan otro modo las presentes bases, dar\u00e1 derecho a Goiko a excluir unilateral e inmediatamente a dicho participante y a dar cuenta de los hechos a las autoridades competentes. En caso de que cualquiera de las anteriores irregularidades, o cualesquiera otras, se detecten con posterioridad a la entrega efectiva de alguno de los premios, Goiko se reserva el derecho de ejercitar las acciones legales pertinentes contra su autor o responsable, entre otras, las tendentes a la devoluci\u00f3n del premio.<\/span><\/li>\n<\/ol>\n<p><span style=\"font-weight: 400;\">CL\u00c1USULA 9.- ANEXOS<\/span><\/p>\n<p><span style=\"font-weight: 400;\">Se Anexa al presente documento el \u201c<\/span><b>ANEXO I<\/b><span style=\"font-weight: 400;\">\u201d que establece los t\u00e9rminos y condiciones de canje del c\u00f3digo promocional por parte de GOIKO y lo relativo a su uso.<\/span><\/p>\n<p><span style=\"font-weight: 400;\">10.- LEY APLICABLE \u2013 CONTROVERSIA.<\/span><\/p>\n<p><span style=\"font-weight: 400;\">Estas bases legales se regir\u00e1n de conformidad con la ley espa\u00f1ola. Ser\u00e1n competentes para resolver cualquier reclamaci\u00f3n o controversia que pudiera plantearse en relaci\u00f3n con la validez, interpretaci\u00f3n o cumplimiento de estas bases los Juzgados y Tribunales de la ciudad de Madrid.<\/span><\/p>\n<p><b>ANEXO I<\/b><\/p>\n<p><b>SHORTER DISCLAIMER<\/b><\/p>\n<p><span style=\"font-weight: 400;\">C\u00f3digo canjeable hasta el 31 de diciembre de 2025. Sujeto a 52 burgers.\u00a0<\/span><\/p>\n<p><b>T\u00c9RMINOS Y CONDICIONES DEL C\u00d3DIGO PROMOCIONAL<\/b><\/p>\n<ol>\n<li><span style=\"font-weight: 400;\"> GOIKO es responsable del c\u00f3digo promocional.<\/span><\/li>\n<li><span style=\"font-weight: 400;\"> La tarjeta f\u00edsica \u201cONE YEAR CARD\u201d viene con un c\u00f3digo QR en el reverso. Este ser\u00e1 el c\u00f3digo que se tendr\u00e1 que escanear directamente en el local para obtener tu burger gratis.\u00a0<\/span><\/li>\n<li><span style=\"font-weight: 400;\"> La tarjeta ONE YEAR CARD es v\u00e1lida por 52 burgers (bebida NO inclu\u00edda) y ser\u00e1 canjeable en cualquier Goiko de Espa\u00f1a por la misma desde su recepci\u00f3n hasta el 31 de diciembre de 2025.\u00a0<\/span><\/li>\n<li><span style=\"font-weight: 400;\"> C\u00f3digo v\u00e1lido para canjear de lunes a domingo en cualquier horario de comida. <\/span><span style=\"font-weight: 400;\">El c\u00f3digo es v\u00e1lido para consumiciones en sala, delivery y take away. La \u00fanica plataforma de delivery disponible para canjear el premio es Goiko delivery, quedan excluidas el resto de las plataformas.<\/span><\/li>\n<li><span style=\"font-weight: 400;\"> La tarjeta ONE YEAR CARD es personal e intransferible. No es compatible con el men\u00fa del d\u00eda, otros descuentos, promociones ni ofertas especiales. No tiene valor monetario, no se puede reembolsar ni exigir una alternativa monetaria. La persona que canjee el c\u00f3digo debe residir en Espa\u00f1a y ser mayor de edad.\u00a0<\/span><\/li>\n<li><span style=\"font-weight: 400;\"> La tarjeta ONE YEAR CARD solo se puede canjear un m\u00e1ximo de UNA (1) vez por ticket. Este descuento implicar\u00eda el descuento de UNA (1) burger.\u00a0<\/span><\/li>\n<li><span style=\"font-weight: 400;\"> El uso indebido de la ONE YEAR CARD por parte del cliente, incluida, de forma no limitativa, su publicaci\u00f3n o venta, est\u00e1 prohibido y puede ser constitutivo de fraude.<\/span><\/li>\n<li><span style=\"font-weight: 400;\"> Estos t\u00e9rminos y condiciones se regir\u00e1n e interpretar\u00e1n de conformidad con las leyes de Espa\u00f1a. En todo caso, estos t\u00e9rminos y condiciones no limitar\u00e1n ning\u00fan derecho de protecci\u00f3n al consumidor al que pueda tener derecho seg\u00fan las leyes que resulten de aplicaci\u00f3n en su pa\u00eds de residencia y podr\u00e1 presentar una reclamaci\u00f3n ante los tribunales de su pa\u00eds de residencia seg\u00fan las leyes aplicables de su pa\u00eds de residencia.<\/span><\/li>\n<\/ol>\n<h2><\/h2>\n","protected":false},"excerpt":{"rendered":"<p>BASES LEGALES SORTEO \u201cONE YEAR CARD\u201d CL\u00c1USULA 1. \u2013 EMPRESA ORGANIZADORA. GOIKO GOURMET S.L., (en adelante, GOIKO) con domicilio en Madrid CP 28003, C\/ Maestro \u00c1ngel Llorca 6, Planta 5, con CIF B-86.590.841, organiza en la fecha indicada a continuaci\u00f3n, el sorteo llamado \u201cONE YEAR CARD\u201d (en adelante, el \u201cSorteo\u201d) de acuerdo con los requisitos [&hellip;]<\/p>\n","protected":false},"author":53,"featured_media":0,"parent":24894,"menu_order":0,"comment_status":"closed","ping_status":"closed","template":"","meta":{"footnotes":""},"class_list":["post-61128","page","type-page","status-publish","hentry"],"acf":[],"yoast_head":"<!-- This site is optimized with the Yoast SEO plugin v23.8 - https:\/\/yoast.com\/wordpress\/plugins\/seo\/ -->\n<title>BASES LEGALES | SORTEO \u201cONE YEAR CARD\u201d - GOIKO<\/title>\n<meta name=\"robots\" content=\"index, follow, max-snippet:-1, max-image-preview:large, max-video-preview:-1\" \/>\n<link rel=\"canonical\" href=\"https:\/\/www.goiko.com\/es\/bases-condiciones\/oneyearcard\/\" \/>\n<meta property=\"og:locale\" content=\"es_ES\" \/>\n<meta property=\"og:type\" content=\"article\" \/>\n<meta property=\"og:title\" content=\"BASES LEGALES | SORTEO \u201cONE YEAR CARD\u201d - GOIKO\" \/>\n<meta property=\"og:description\" content=\"BASES LEGALES SORTEO \u201cONE YEAR CARD\u201d CL\u00c1USULA 1. \u2013 EMPRESA ORGANIZADORA. GOIKO GOURMET S.L., (en adelante, GOIKO) con domicilio en Madrid CP 28003, C\/ Maestro \u00c1ngel Llorca 6, Planta 5, con CIF B-86.590.841, organiza en la fecha indicada a continuaci\u00f3n, el sorteo llamado \u201cONE YEAR CARD\u201d (en adelante, el \u201cSorteo\u201d) de acuerdo con los requisitos [&hellip;]\" \/>\n<meta property=\"og:url\" content=\"https:\/\/www.goiko.com\/es\/bases-condiciones\/oneyearcard\/\" \/>\n<meta property=\"og:site_name\" content=\"GOIKO\" \/>\n<meta property=\"article:publisher\" content=\"https:\/\/www.facebook.com\/goiko\" \/>\n<meta property=\"article:modified_time\" content=\"2025-08-08T09:32:22+00:00\" \/>\n<meta property=\"og:image\" content=\"https:\/\/www.goiko.com\/es\/wp-content\/uploads\/2017\/03\/Kevin_Web_Desktop.jpg\" \/>\n\t<meta property=\"og:image:width\" content=\"1800\" \/>\n\t<meta property=\"og:image:height\" content=\"1201\" \/>\n\t<meta property=\"og:image:type\" content=\"image\/jpeg\" \/>\n<meta name=\"twitter:card\" content=\"summary_large_image\" \/>\n<meta name=\"twitter:site\" content=\"@goiko\" \/>\n<meta name=\"twitter:label1\" content=\"Tiempo de lectura\" \/>\n\t<meta name=\"twitter:data1\" content=\"7 minutos\" \/>\n<script type=\"application\/ld+json\" class=\"yoast-schema-graph\">{\"@context\":\"https:\/\/schema.org\",\"@graph\":[{\"@type\":\"WebPage\",\"@id\":\"https:\/\/www.goiko.com\/es\/bases-condiciones\/oneyearcard\/\",\"url\":\"https:\/\/www.goiko.com\/es\/bases-condiciones\/oneyearcard\/\",\"name\":\"BASES LEGALES | SORTEO \u201cONE YEAR CARD\u201d - GOIKO\",\"isPartOf\":{\"@id\":\"https:\/\/www.goiko.com\/es\/#website\"},\"datePublished\":\"2024-10-25T13:38:52+00:00\",\"dateModified\":\"2025-08-08T09:32:22+00:00\",\"breadcrumb\":{\"@id\":\"https:\/\/www.goiko.com\/es\/bases-condiciones\/oneyearcard\/#breadcrumb\"},\"inLanguage\":\"es\",\"potentialAction\":[{\"@type\":\"ReadAction\",\"target\":[\"https:\/\/www.goiko.com\/es\/bases-condiciones\/oneyearcard\/\"]}]},{\"@type\":\"BreadcrumbList\",\"@id\":\"https:\/\/www.goiko.com\/es\/bases-condiciones\/oneyearcard\/#breadcrumb\",\"itemListElement\":[{\"@type\":\"ListItem\",\"position\":1,\"name\":\"Portada\",\"item\":\"https:\/\/www.goiko.com\/es\/\"},{\"@type\":\"ListItem\",\"position\":2,\"name\":\"Bases y condiciones\",\"item\":\"https:\/\/www.goiko.com\/es\/bases-condiciones\/\"},{\"@type\":\"ListItem\",\"position\":3,\"name\":\"BASES LEGALES | SORTEO \u201cONE YEAR CARD\u201d\"}]},{\"@type\":\"WebSite\",\"@id\":\"https:\/\/www.goiko.com\/es\/#website\",\"url\":\"https:\/\/www.goiko.com\/es\/\",\"name\":\"GOIKO\",\"description\":\"Chorreo Forever\",\"potentialAction\":[{\"@type\":\"SearchAction\",\"target\":{\"@type\":\"EntryPoint\",\"urlTemplate\":\"https:\/\/www.goiko.com\/es\/?s={search_term_string}\"},\"query-input\":{\"@type\":\"PropertyValueSpecification\",\"valueRequired\":true,\"valueName\":\"search_term_string\"}}],\"inLanguage\":\"es\"}]}<\/script>\n<!-- \/ Yoast SEO plugin. -->","yoast_head_json":{"title":"BASES LEGALES | SORTEO \u201cONE YEAR CARD\u201d - GOIKO","robots":{"index":"index","follow":"follow","max-snippet":"max-snippet:-1","max-image-preview":"max-image-preview:large","max-video-preview":"max-video-preview:-1"},"canonical":"https:\/\/www.goiko.com\/es\/bases-condiciones\/oneyearcard\/","og_locale":"es_ES","og_type":"article","og_title":"BASES LEGALES | SORTEO \u201cONE YEAR CARD\u201d - GOIKO","og_description":"BASES LEGALES SORTEO \u201cONE YEAR CARD\u201d CL\u00c1USULA 1. \u2013 EMPRESA ORGANIZADORA. GOIKO GOURMET S.L., (en adelante, GOIKO) con domicilio en Madrid CP 28003, C\/ Maestro \u00c1ngel Llorca 6, Planta 5, con CIF B-86.590.841, organiza en la fecha indicada a continuaci\u00f3n, el sorteo llamado \u201cONE YEAR CARD\u201d (en adelante, el \u201cSorteo\u201d) de acuerdo con los requisitos [&hellip;]","og_url":"https:\/\/www.goiko.com\/es\/bases-condiciones\/oneyearcard\/","og_site_name":"GOIKO","article_publisher":"https:\/\/www.facebook.com\/goiko","article_modified_time":"2025-08-08T09:32:22+00:00","og_image":[{"width":1800,"height":1201,"url":"https:\/\/www.goiko.com\/es\/wp-content\/uploads\/2017\/03\/Kevin_Web_Desktop.jpg","type":"image\/jpeg"}],"twitter_card":"summary_large_image","twitter_site":"@goiko","twitter_misc":{"Tiempo de lectura":"7 minutos"},"schema":{"@context":"https:\/\/schema.org","@graph":[{"@type":"WebPage","@id":"https:\/\/www.goiko.com\/es\/bases-condiciones\/oneyearcard\/","url":"https:\/\/www.goiko.com\/es\/bases-condiciones\/oneyearcard\/","name":"BASES LEGALES | SORTEO \u201cONE YEAR CARD\u201d - GOIKO","isPartOf":{"@id":"https:\/\/www.goiko.com\/es\/#website"},"datePublished":"2024-10-25T13:38:52+00:00","dateModified":"2025-08-08T09:32:22+00:00","breadcrumb":{"@id":"https:\/\/www.goiko.com\/es\/bases-condiciones\/oneyearcard\/#breadcrumb"},"inLanguage":"es","potentialAction":[{"@type":"ReadAction","target":["https:\/\/www.goiko.com\/es\/bases-condiciones\/oneyearcard\/"]}]},{"@type":"BreadcrumbList","@id":"https:\/\/www.goiko.com\/es\/bases-condiciones\/oneyearcard\/#breadcrumb","itemListElement":[{"@type":"ListItem","position":1,"name":"Portada","item":"https:\/\/www.goiko.com\/es\/"},{"@type":"ListItem","position":2,"name":"Bases y condiciones","item":"https:\/\/www.goiko.com\/es\/bases-condiciones\/"},{"@type":"ListItem","position":3,"name":"BASES LEGALES | SORTEO \u201cONE YEAR CARD\u201d"}]},{"@type":"WebSite","@id":"https:\/\/www.goiko.com\/es\/#website","url":"https:\/\/www.goiko.com\/es\/","name":"GOIKO","description":"Chorreo Forever","potentialAction":[{"@type":"SearchAction","target":{"@type":"EntryPoint","urlTemplate":"https:\/\/www.goiko.com\/es\/?s={search_term_string}"},"query-input":{"@type":"PropertyValueSpecification","valueRequired":true,"valueName":"search_term_string"}}],"inLanguage":"es"}]}},"_links":{"self":[{"href":"https:\/\/www.goiko.com\/es\/wp-json\/wp\/v2\/pages\/61128","targetHints":{"allow":["GET"]}}],"collection":[{"href":"https:\/\/www.goiko.com\/es\/wp-json\/wp\/v2\/pages"}],"about":[{"href":"https:\/\/www.goiko.com\/es\/wp-json\/wp\/v2\/types\/page"}],"author":[{"embeddable":true,"href":"https:\/\/www.goiko.com\/es\/wp-json\/wp\/v2\/users\/53"}],"replies":[{"embeddable":true,"href":"https:\/\/www.goiko.com\/es\/wp-json\/wp\/v2\/comments?post=61128"}],"version-history":[{"count":3,"href":"https:\/\/www.goiko.com\/es\/wp-json\/wp\/v2\/pages\/61128\/revisions"}],"predecessor-version":[{"id":66846,"href":"https:\/\/www.goiko.com\/es\/wp-json\/wp\/v2\/pages\/61128\/revisions\/66846"}],"up":[{"embeddable":true,"href":"https:\/\/www.goiko.com\/es\/wp-json\/wp\/v2\/pages\/24894"}],"wp:attachment":[{"href":"https:\/\/www.goiko.com\/es\/wp-json\/wp\/v2\/media?parent=61128"}],"curies":[{"name":"wp","href":"https:\/\/api.w.org\/{rel}","templated":true}]}}