{"id":61213,"date":"2024-11-11T16:44:06","date_gmt":"2024-11-11T15:44:06","guid":{"rendered":"https:\/\/www.goiko.com\/es\/bases-condiciones\/200-kevin-bacon-granada-copy\/"},"modified":"2024-11-13T18:13:00","modified_gmt":"2024-11-13T17:13:00","slug":"cesion-goiko-cata","status":"publish","type":"page","link":"https:\/\/www.goiko.com\/es\/bases-condiciones\/cesion-goiko-cata\/","title":{"rendered":"AUTORIZACI\u00d3N DE CESI\u00d3N DERECHOS DE IMAGEN Y VOZ"},"content":{"rendered":"<p><strong><u>AUTORIZACI\u00d3N DE CESI\u00d3N DERECHOS DE IMAGEN Y VOZ<\/u><\/strong><\/p>\n<p>El Participante, autoriza expresamente a <strong>GOIKO GRILL GROUP S.L.U.<\/strong>, con domicilio social en, calle Maestro \u00c1ngel Llorca 6, 5\u00ba bajo, C.I.F. <strong>B-87.771.945<\/strong> y correo electr\u00f3nico dpo@goiko.com (en adelante, \u201c<strong>GOIKO<\/strong>\u201d), a la captaci\u00f3n y\/o grabaciones de las im\u00e1genes y\/o voz de su persona en un evento en el que se realizar\u00e1n v\u00eddeos, fotos y distintas actividades referentes a <strong>la cata<\/strong> de productos de <strong>GOIKO<\/strong> (en adelante, \u201c<strong>La Cata<\/strong>\u201d), para fines de promoci\u00f3n de los Productos y Marca <strong>GOIKO<\/strong>.<\/p>\n<p>A los anteriores efectos, el objeto del presente documento comprende expresamente la cesi\u00f3n a favor de <strong>GOIKO<\/strong> del contenido econ\u00f3mico y patrimonial del derecho a la propia imagen y voz, sin limitaci\u00f3n temporal ni espacial, para su explotaci\u00f3n en cualquier medio y bajo cualquier forma, conocidos o no, incluido el uso comercial y\/o promocional del soporte en que quede incorporada dicha imagen y voz, as\u00ed como su difusi\u00f3n y exhibici\u00f3n en cualquier medio y\/o soporte, material o electr\u00f3nico, y para la producci\u00f3n, edici\u00f3n y emisi\u00f3n (ya sea mediante reproducci\u00f3n \u00edntegra o parcial) de <strong>La Cata<\/strong> o cualquier documentaci\u00f3n conexa, en cualquier formato y soporte, con la finalidad de explotar sin limitaci\u00f3n alguna los derechos aqu\u00ed cedidos a <strong>GOIKO<\/strong>.<\/p>\n<p>Esta autorizaci\u00f3n se concede de forma gratuita, por lo que el Participante comprende que no tiene derecho a reclamar compensaci\u00f3n econ\u00f3mica alguna, renunciando a presentar reclamaciones judiciales o extrajudiciales a <strong>GOIKO<\/strong> por la utilizaci\u00f3n de las im\u00e1genes y voz para las finalidades establecidas en el presente documento.<\/p>\n<p>Las secuencias de imagen y\/o voces filmadas y\/o captadas pueden usarse en los siguientes \u00e1mbitos:<\/p>\n<ul>\n<li>Nivel interno (presentaciones, informes, memorias u otros documentos de naturaleza an\u00e1loga).<\/li>\n<li>Nivel externo (Ferias, eventos corporativos, cualquier medio de comunicaci\u00f3n, vallas urbanas publicitarias, soportes publicitarios de distinta \u00edndole etc.).<\/li>\n<li>Internet y Redes Sociales (Web corporativa, Youtube, Facebook, Twitter, Linkedin, Instagram, etc. o cualquier otra que red social que <strong>GOIKO<\/strong> en el futuro pueda tener.).<\/li>\n<\/ul>\n<p>Igualmente, el Participante queda informado de que los v\u00eddeos subidos a YouTube, Instagram, Facebook o cualquier otra plataforma o medio de comunicaci\u00f3n en el que <strong>GOIKO<\/strong> tenga presencia actualmente o en el futuro en los que aparezca su voz, imagen y\/o nombre, podr\u00e1n ser divulgados bajo los criterios de licencia Creative Commons, en su categor\u00eda de Atribuci\u00f3n-No comercial-No derivadas, pudiendo, por tanto, ser visionados por todos aquellos usuarios con acceso a cualquiera de las plataformas antes mencionadas de forma enunciativa m\u00e1s no limitativa.<\/p>\n<p>No obstante, lo anterior, en aquellos casos en los que se participe en estos actos y posteriormente se ejercite oposici\u00f3n o supresi\u00f3n, en aras a proteger la inversi\u00f3n realizada en la grabaci\u00f3n y edici\u00f3n de las secuencias filmadas y\/o captadas, <strong>GOIKO<\/strong> se reserva el derecho de usar las fotograf\u00edas, audios y v\u00eddeos durante un periodo de diez (10) a\u00f1os desde la fecha de aceptaci\u00f3n del presente documento. Ahora bien, si el Participante retira el consentimiento podr\u00eda tener que resarcir econ\u00f3micamente a <strong>GOIKO<\/strong>.<\/p>\n<p>Los datos personales del Participante, concretamente su imagen y voz a ser\u00e1n tratados por <strong>GOIKO<\/strong> con la finalidad de difundir y promocionar sus productos y actividad comercial, as\u00ed como de incluir dicha informaci\u00f3n en informes que se distribuir\u00e1n de forma interna en <strong>GOIKO<\/strong> o cualquiera de sus filiales., siendo la base de legitimaci\u00f3n el consentimiento expreso otorgado mediante la selecci\u00f3n de la correspondiente opci\u00f3n, el cual podr\u00e1 revocar en cualquier momento. A su vez, sus datos podr\u00e1n ser comunicados a las diferentes redes sociales y terceros, siempre dentro de las finalidades descritas con base en el consentimiento otorgado. En este sentido, debe tenerse en cuenta que la publicaci\u00f3n en estas redes sociales podr\u00e1 comportar la realizaci\u00f3n de transferencias internacionales de sus datos a Estados Unidos, las cuales estar\u00e1n garantizadas por la adopci\u00f3n de las Cl\u00e1usulas Contractuales Tipo de la Comisi\u00f3n Europea entre estas redes sociales y <strong>GOIKO<\/strong>.<\/p>\n<p>El Participante tiene derecho a solicitar el ejercicio de sus derechos de acceso, rectificaci\u00f3n, supresi\u00f3n, oposici\u00f3n, limitaci\u00f3n y portabilidad, as\u00ed como revocaci\u00f3n del consentimiento a trav\u00e9s del correo electr\u00f3nico: dpo@goiko.com. Igualmente, el Participante podr\u00e1 interponer una reclamaci\u00f3n ante la Agencia Espa\u00f1ola de Protecci\u00f3n de Datos, cuando sus derechos se hayan visto vulnerados, a trav\u00e9s de<a href=\"http:\/\/www.aepd.es\/\"> www.aepd.es<\/a>.<\/p>\n<p>&nbsp;<\/p>\n<p>&nbsp;<\/p>\n","protected":false},"excerpt":{"rendered":"<p>AUTORIZACI\u00d3N DE CESI\u00d3N DERECHOS DE IMAGEN Y VOZ El Participante, autoriza expresamente a GOIKO GRILL GROUP S.L.U., con domicilio social en, calle Maestro \u00c1ngel Llorca 6, 5\u00ba bajo, C.I.F. B-87.771.945 y correo electr\u00f3nico dpo@goiko.com (en adelante, \u201cGOIKO\u201d), a la captaci\u00f3n y\/o grabaciones de las im\u00e1genes y\/o voz de su persona en un evento en el [&hellip;]<\/p>\n","protected":false},"author":53,"featured_media":45444,"parent":24894,"menu_order":0,"comment_status":"closed","ping_status":"closed","template":"","meta":{"footnotes":""},"class_list":["post-61213","page","type-page","status-publish","has-post-thumbnail","hentry"],"acf":[],"yoast_head":"<!-- This site is optimized with the Yoast SEO plugin v23.8 - https:\/\/yoast.com\/wordpress\/plugins\/seo\/ -->\n<title>AUTORIZACI\u00d3N DE CESI\u00d3N DERECHOS DE IMAGEN Y VOZ - GOIKO<\/title>\n<meta name=\"robots\" content=\"index, follow, max-snippet:-1, max-image-preview:large, max-video-preview:-1\" \/>\n<link rel=\"canonical\" href=\"https:\/\/www.goiko.com\/es\/bases-condiciones\/cesion-goiko-cata\/\" \/>\n<meta property=\"og:locale\" content=\"es_ES\" \/>\n<meta property=\"og:type\" content=\"article\" \/>\n<meta property=\"og:title\" content=\"AUTORIZACI\u00d3N DE CESI\u00d3N DERECHOS DE IMAGEN Y VOZ - GOIKO\" \/>\n<meta property=\"og:description\" content=\"AUTORIZACI\u00d3N DE CESI\u00d3N DERECHOS DE IMAGEN Y VOZ El Participante, autoriza expresamente a GOIKO GRILL GROUP S.L.U., con domicilio social en, calle Maestro \u00c1ngel Llorca 6, 5\u00ba bajo, C.I.F. B-87.771.945 y correo electr\u00f3nico dpo@goiko.com (en adelante, \u201cGOIKO\u201d), a la captaci\u00f3n y\/o grabaciones de las im\u00e1genes y\/o voz de su persona en un evento en el [&hellip;]\" \/>\n<meta property=\"og:url\" content=\"https:\/\/www.goiko.com\/es\/bases-condiciones\/cesion-goiko-cata\/\" \/>\n<meta property=\"og:site_name\" content=\"GOIKO\" \/>\n<meta property=\"article:publisher\" content=\"https:\/\/www.facebook.com\/goiko\" \/>\n<meta property=\"article:modified_time\" content=\"2024-11-13T17:13:00+00:00\" \/>\n<meta property=\"og:image\" content=\"https:\/\/www.goiko.com\/es\/wp-content\/uploads\/2023\/03\/Kevin_Web_Desktop-1.jpg\" \/>\n\t<meta property=\"og:image:width\" content=\"1800\" \/>\n\t<meta property=\"og:image:height\" content=\"1201\" \/>\n\t<meta property=\"og:image:type\" content=\"image\/jpeg\" \/>\n<meta name=\"twitter:card\" content=\"summary_large_image\" \/>\n<meta name=\"twitter:site\" content=\"@goiko\" \/>\n<meta name=\"twitter:label1\" content=\"Tiempo de lectura\" \/>\n\t<meta name=\"twitter:data1\" content=\"4 minutos\" \/>\n<script type=\"application\/ld+json\" class=\"yoast-schema-graph\">{\"@context\":\"https:\/\/schema.org\",\"@graph\":[{\"@type\":\"WebPage\",\"@id\":\"https:\/\/www.goiko.com\/es\/bases-condiciones\/cesion-goiko-cata\/\",\"url\":\"https:\/\/www.goiko.com\/es\/bases-condiciones\/cesion-goiko-cata\/\",\"name\":\"AUTORIZACI\u00d3N DE CESI\u00d3N DERECHOS DE IMAGEN Y VOZ - GOIKO\",\"isPartOf\":{\"@id\":\"https:\/\/www.goiko.com\/es\/#website\"},\"primaryImageOfPage\":{\"@id\":\"https:\/\/www.goiko.com\/es\/bases-condiciones\/cesion-goiko-cata\/#primaryimage\"},\"image\":{\"@id\":\"https:\/\/www.goiko.com\/es\/bases-condiciones\/cesion-goiko-cata\/#primaryimage\"},\"thumbnailUrl\":\"https:\/\/www.goiko.com\/es\/wp-content\/uploads\/2023\/03\/Kevin_Web_Desktop-1.jpg\",\"datePublished\":\"2024-11-11T15:44:06+00:00\",\"dateModified\":\"2024-11-13T17:13:00+00:00\",\"breadcrumb\":{\"@id\":\"https:\/\/www.goiko.com\/es\/bases-condiciones\/cesion-goiko-cata\/#breadcrumb\"},\"inLanguage\":\"es\",\"potentialAction\":[{\"@type\":\"ReadAction\",\"target\":[\"https:\/\/www.goiko.com\/es\/bases-condiciones\/cesion-goiko-cata\/\"]}]},{\"@type\":\"ImageObject\",\"inLanguage\":\"es\",\"@id\":\"https:\/\/www.goiko.com\/es\/bases-condiciones\/cesion-goiko-cata\/#primaryimage\",\"url\":\"https:\/\/www.goiko.com\/es\/wp-content\/uploads\/2023\/03\/Kevin_Web_Desktop-1.jpg\",\"contentUrl\":\"https:\/\/www.goiko.com\/es\/wp-content\/uploads\/2023\/03\/Kevin_Web_Desktop-1.jpg\",\"width\":1800,\"height\":1201},{\"@type\":\"BreadcrumbList\",\"@id\":\"https:\/\/www.goiko.com\/es\/bases-condiciones\/cesion-goiko-cata\/#breadcrumb\",\"itemListElement\":[{\"@type\":\"ListItem\",\"position\":1,\"name\":\"Portada\",\"item\":\"https:\/\/www.goiko.com\/es\/\"},{\"@type\":\"ListItem\",\"position\":2,\"name\":\"Bases y condiciones\",\"item\":\"https:\/\/www.goiko.com\/es\/bases-condiciones\/\"},{\"@type\":\"ListItem\",\"position\":3,\"name\":\"AUTORIZACI\u00d3N DE CESI\u00d3N DERECHOS DE IMAGEN Y VOZ\"}]},{\"@type\":\"WebSite\",\"@id\":\"https:\/\/www.goiko.com\/es\/#website\",\"url\":\"https:\/\/www.goiko.com\/es\/\",\"name\":\"GOIKO\",\"description\":\"Chorreo Forever\",\"potentialAction\":[{\"@type\":\"SearchAction\",\"target\":{\"@type\":\"EntryPoint\",\"urlTemplate\":\"https:\/\/www.goiko.com\/es\/?s={search_term_string}\"},\"query-input\":{\"@type\":\"PropertyValueSpecification\",\"valueRequired\":true,\"valueName\":\"search_term_string\"}}],\"inLanguage\":\"es\"}]}<\/script>\n<!-- \/ Yoast SEO plugin. -->","yoast_head_json":{"title":"AUTORIZACI\u00d3N DE CESI\u00d3N DERECHOS DE IMAGEN Y VOZ - GOIKO","robots":{"index":"index","follow":"follow","max-snippet":"max-snippet:-1","max-image-preview":"max-image-preview:large","max-video-preview":"max-video-preview:-1"},"canonical":"https:\/\/www.goiko.com\/es\/bases-condiciones\/cesion-goiko-cata\/","og_locale":"es_ES","og_type":"article","og_title":"AUTORIZACI\u00d3N DE CESI\u00d3N DERECHOS DE IMAGEN Y VOZ - GOIKO","og_description":"AUTORIZACI\u00d3N DE CESI\u00d3N DERECHOS DE IMAGEN Y VOZ El Participante, autoriza expresamente a GOIKO GRILL GROUP S.L.U., con domicilio social en, calle Maestro \u00c1ngel Llorca 6, 5\u00ba bajo, C.I.F. B-87.771.945 y correo electr\u00f3nico dpo@goiko.com (en adelante, \u201cGOIKO\u201d), a la captaci\u00f3n y\/o grabaciones de las im\u00e1genes y\/o voz de su persona en un evento en el [&hellip;]","og_url":"https:\/\/www.goiko.com\/es\/bases-condiciones\/cesion-goiko-cata\/","og_site_name":"GOIKO","article_publisher":"https:\/\/www.facebook.com\/goiko","article_modified_time":"2024-11-13T17:13:00+00:00","og_image":[{"width":1800,"height":1201,"url":"https:\/\/www.goiko.com\/es\/wp-content\/uploads\/2023\/03\/Kevin_Web_Desktop-1.jpg","type":"image\/jpeg"}],"twitter_card":"summary_large_image","twitter_site":"@goiko","twitter_misc":{"Tiempo de lectura":"4 minutos"},"schema":{"@context":"https:\/\/schema.org","@graph":[{"@type":"WebPage","@id":"https:\/\/www.goiko.com\/es\/bases-condiciones\/cesion-goiko-cata\/","url":"https:\/\/www.goiko.com\/es\/bases-condiciones\/cesion-goiko-cata\/","name":"AUTORIZACI\u00d3N DE CESI\u00d3N DERECHOS DE IMAGEN Y VOZ - GOIKO","isPartOf":{"@id":"https:\/\/www.goiko.com\/es\/#website"},"primaryImageOfPage":{"@id":"https:\/\/www.goiko.com\/es\/bases-condiciones\/cesion-goiko-cata\/#primaryimage"},"image":{"@id":"https:\/\/www.goiko.com\/es\/bases-condiciones\/cesion-goiko-cata\/#primaryimage"},"thumbnailUrl":"https:\/\/www.goiko.com\/es\/wp-content\/uploads\/2023\/03\/Kevin_Web_Desktop-1.jpg","datePublished":"2024-11-11T15:44:06+00:00","dateModified":"2024-11-13T17:13:00+00:00","breadcrumb":{"@id":"https:\/\/www.goiko.com\/es\/bases-condiciones\/cesion-goiko-cata\/#breadcrumb"},"inLanguage":"es","potentialAction":[{"@type":"ReadAction","target":["https:\/\/www.goiko.com\/es\/bases-condiciones\/cesion-goiko-cata\/"]}]},{"@type":"ImageObject","inLanguage":"es","@id":"https:\/\/www.goiko.com\/es\/bases-condiciones\/cesion-goiko-cata\/#primaryimage","url":"https:\/\/www.goiko.com\/es\/wp-content\/uploads\/2023\/03\/Kevin_Web_Desktop-1.jpg","contentUrl":"https:\/\/www.goiko.com\/es\/wp-content\/uploads\/2023\/03\/Kevin_Web_Desktop-1.jpg","width":1800,"height":1201},{"@type":"BreadcrumbList","@id":"https:\/\/www.goiko.com\/es\/bases-condiciones\/cesion-goiko-cata\/#breadcrumb","itemListElement":[{"@type":"ListItem","position":1,"name":"Portada","item":"https:\/\/www.goiko.com\/es\/"},{"@type":"ListItem","position":2,"name":"Bases y condiciones","item":"https:\/\/www.goiko.com\/es\/bases-condiciones\/"},{"@type":"ListItem","position":3,"name":"AUTORIZACI\u00d3N DE CESI\u00d3N DERECHOS DE IMAGEN Y VOZ"}]},{"@type":"WebSite","@id":"https:\/\/www.goiko.com\/es\/#website","url":"https:\/\/www.goiko.com\/es\/","name":"GOIKO","description":"Chorreo Forever","potentialAction":[{"@type":"SearchAction","target":{"@type":"EntryPoint","urlTemplate":"https:\/\/www.goiko.com\/es\/?s={search_term_string}"},"query-input":{"@type":"PropertyValueSpecification","valueRequired":true,"valueName":"search_term_string"}}],"inLanguage":"es"}]}},"_links":{"self":[{"href":"https:\/\/www.goiko.com\/es\/wp-json\/wp\/v2\/pages\/61213","targetHints":{"allow":["GET"]}}],"collection":[{"href":"https:\/\/www.goiko.com\/es\/wp-json\/wp\/v2\/pages"}],"about":[{"href":"https:\/\/www.goiko.com\/es\/wp-json\/wp\/v2\/types\/page"}],"author":[{"embeddable":true,"href":"https:\/\/www.goiko.com\/es\/wp-json\/wp\/v2\/users\/53"}],"replies":[{"embeddable":true,"href":"https:\/\/www.goiko.com\/es\/wp-json\/wp\/v2\/comments?post=61213"}],"version-history":[{"count":3,"href":"https:\/\/www.goiko.com\/es\/wp-json\/wp\/v2\/pages\/61213\/revisions"}],"predecessor-version":[{"id":61223,"href":"https:\/\/www.goiko.com\/es\/wp-json\/wp\/v2\/pages\/61213\/revisions\/61223"}],"up":[{"embeddable":true,"href":"https:\/\/www.goiko.com\/es\/wp-json\/wp\/v2\/pages\/24894"}],"wp:featuredmedia":[{"embeddable":true,"href":"https:\/\/www.goiko.com\/es\/wp-json\/wp\/v2\/media\/45444"}],"wp:attachment":[{"href":"https:\/\/www.goiko.com\/es\/wp-json\/wp\/v2\/media?parent=61213"}],"curies":[{"name":"wp","href":"https:\/\/api.w.org\/{rel}","templated":true}]}}