{"id":61219,"date":"2024-11-13T16:31:11","date_gmt":"2024-11-13T15:31:11","guid":{"rendered":"https:\/\/www.goiko.com\/es\/bases-condiciones\/200-kevin-bacon-granada-copy\/"},"modified":"2024-11-13T16:36:14","modified_gmt":"2024-11-13T15:36:14","slug":"privacidad-goiko-cata","status":"publish","type":"page","link":"https:\/\/www.goiko.com\/es\/bases-condiciones\/privacidad-goiko-cata\/","title":{"rendered":"POL\u00cdTICA DE PRIVACIDAD \u2013 PARTICIPA EN NUESTRA CATA DE HAMBURGUESAS"},"content":{"rendered":"<h2><strong>POL\u00cdTICA DE PRIVACIDAD \u2013 PARTICIPA EN NUESTRA CATA DE HAMBURGUESAS<\/strong><\/h2>\n<p>\u2022 Responsable del Tratamiento: GOIKO GRILL GROUP, S.L.U. (en adelante, \u201cGOIKO\u201d).<br \/>\n\u2022 N.I.F.: B-87.771.945.<br \/>\n\u2022 Domicilio social: C\/ Maestro \u00c1ngel Llorca, 6, 5\u00ba, 28003 \u2013 Madrid (Madrid)<br \/>\n\u2022 Correo electr\u00f3nico: dpo@goiko.com<\/p>\n<p>En GOIKO nos comprometemos a proteger la privacidad y a garantizar el tratamiento adecuado de los datos personales que nos proporcionan. A continuaci\u00f3n, te explicamos c\u00f3mo recopilamos y protegemos tus datos personales en el marco de la cata de hamburguesas (en adelante, la \u201cCata\u201d) organizada por GOIKO.<\/p>\n<p>&nbsp;<\/p>\n<p><strong>1. Datos personales para la participaci\u00f3n en la encuesta de selecci\u00f3n:<\/strong><\/p>\n<p>Cuando participas en la encuesta para ser seleccionado (en adelante, el \u201cParticipante\u201d) para acudir la Cata organizada, recopilamos datos personales con el objetivo exclusivo de determinar tu elegibilidad para formar parte de esta. Los datos personales que solicitamos en esta fase son los siguientes:<\/p>\n<p>\u2022 Datos identificativos: nombre completo.<br \/>\n\u2022 Datos de caracter\u00edsticas personales: g\u00e9nero (opcional) y edad entre otros.<br \/>\n\u2022 Datos de contacto: correo electr\u00f3nico y n\u00famero de tel\u00e9fono.<br \/>\n\u2022 Datos de salud: aquellos derivados de alergias u otra informaci\u00f3n que el Participante considere oportuno trasladar a GOIKO en relaci\u00f3n con la Cata. Entendiendo que la Cata ser\u00e1 de productos como por ejemplo de modo enunciativo m\u00e1s no limitativo, carnes, panes, quesos, bacon y otros complementos de hamburguesas, se ruega a todas las personas que puedan presentar o tener sospechas de alergias con alguno de estos productos o subproductos que los compongan, abstenerse de participar.<\/p>\n<p>Finalidad del tratamiento: Estos datos se utilizar\u00e1n \u00fanicamente para contactar contigo en caso de ser seleccionado y para asegurarnos de que cumples con los requisitos necesarios.<\/p>\n<p>Base legal: El tratamiento de estos datos se basa en tu consentimiento, el cual podr\u00e1s revocar en cualquier momento, sin que ello afecte a la legitimaci\u00f3n de los tratamientos llevados a cabo con anterioridad.<\/p>\n<p>Conservaci\u00f3n de los datos: Los datos obtenidos a trav\u00e9s de la encuesta ser\u00e1n almacenados y utilizados para complementar informaci\u00f3n personal en la cuenta de Friends with Benefits de cada participante, adhiri\u00e9ndose as\u00ed a la Pol\u00edtica de Protecci\u00f3n de Datos aceptada por cada usuario al momento de la creaci\u00f3n de sus cuentas.\u00a0<a href=\"https:\/\/www.goiko.com\/es\/politica_de_privacidad\/\"> https:\/\/www.goiko.com\/es\/politica_de_privacidad\/<\/a><\/p>\n<p>&nbsp;<\/p>\n<p><strong>2. Datos personales tratados en caso de ser seleccionado:<\/strong><\/p>\n<p>Si resultas ser seleccionado para participar en la Cata (en adelante, el \u201cSeleccionado\u201d), adem\u00e1s de las categor\u00edas de datos indicadas en el punto 1, GOIKO podr\u00e1 tratar las siguientes:<\/p>\n<p>\u2022 Datos identificativos: imagen y\/o voz.<br \/>\n\u2022 Otros datos que puedan ser facilitados por el Seleccionado en el transcurso de la Cata.<\/p>\n<p>Finalidad del tratamiento: Los datos se utilizar\u00e1n para organizar la Cata, garantizar la seguridad de los participantes y generar contenido visual para fines promocionales del evento.<\/p>\n<p>Base legal: El tratamiento de estos datos est\u00e1 basado en el consentimiento previamente otorgado, as\u00ed como aqu\u00e9l que ser\u00e1 solicitado respecto a la realizaci\u00f3n de im\u00e1genes y grabaciones.<\/p>\n<p>Desde este preciso momento se informa al Seleccionado que el consentimiento otorgado podr\u00e1 ser revocado en cualquier momento, sin que ello afecte a la licitud de los tratamientos efectuados con anterioridad.<\/p>\n<p>Conservaci\u00f3n de los datos: Los datos personales recopilados ser\u00e1n conservados durante el tiempo necesario para la organizaci\u00f3n y realizaci\u00f3n de la Cata.<\/p>\n<p>En caso de contenido visual, se podr\u00e1 conservar para fines promocionales, salvo que solicites su eliminaci\u00f3n. Una vez finalizada la Cata, los datos se mantendr\u00e1n debidamente bloqueados para atender las posibles responsabilidades que se pudiesen derivar durante el plazo de prescripci\u00f3n de estas y finalizado el mismo, se proceder\u00e1 a su supresi\u00f3n definitiva.<\/p>\n<p>En cuanto a las acciones promocionales, los datos ser\u00e1n conservados hasta que sea retirado el consentimiento, manteni\u00e9ndose posteriormente debidamente bloqueados para atender las posibles responsabilidades que se pudiesen derivar de dicho tratamiento.<\/p>\n<p>&nbsp;<\/p>\n<p><strong>3. Comunicaciones de datos a terceros:<\/strong><\/p>\n<p>En caso de que hayas dado el consentimiento expreso para ello, a nivel enunciativo y no limitativo, los datos podr\u00e1n ser comunicados a terceros a trav\u00e9s de Internet y Redes Sociales (web corporativa, YouTube, Facebook, Twitter, LinkedIn, Instagram, etc. o cualquier otra que red social que GOIKO en el futuro pueda tener.). Al margen de lo anterior, tus datos personales podr\u00e1n ser comunicados a las Administraciones P\u00fablicas para dar cumplimiento a una obligaci\u00f3n legal.<\/p>\n<p><strong>4. Derechos de los interesados:<\/strong><\/p>\n<p>Tienes derecho a acceder, rectificar, suprimir, limitar u oponerte al tratamiento de tus datos personales, as\u00ed como a revocar los consentimientos otorgados, solicitar la limitaci\u00f3n de tus datos y a no ser objeto de decisiones automatizadas. Para ejercer estos derechos, puedes ponerte en contacto con nosotros a trav\u00e9s del siguiente correo electr\u00f3nico dpo@goiko.com. Asimismo, puedes presentar una reclamaci\u00f3n ante la Agencia Espa\u00f1ola de Protecci\u00f3n de Datos en caso de considerar que alguno de los derechos se ha visto vulnerado.<\/p>\n<p>&nbsp;<\/p>\n<p><strong>5. Seguridad de los datos:<\/strong><\/p>\n<p>GOIKO tratar\u00e1 tus datos personales en todo momento de forma absolutamente confidencial y guardando el preceptivo deber de secreto respecto de los mismos, de conformidad con lo previsto en la normativa de aplicaci\u00f3n, adoptando al efecto las medidas de \u00edndole t\u00e9cnica y organizativas necesarias que garanticen la seguridad de sus datos y eviten su alteraci\u00f3n, p\u00e9rdida, tratamiento o acceso no autorizado, habida cuenta del estado de la tecnolog\u00eda, la naturaleza de los datos almacenados y los riesgos a que est\u00e1n expuestos.<\/p>\n<p>&nbsp;<\/p>\n<p><strong>6. Modificaciones a esta pol\u00edtica de privacidad.<\/strong><\/p>\n<p>GOIKO se reserva el derecho de revisar esta Pol\u00edtica de Privacidad en el momento que lo considere oportuno. Por esta raz\u00f3n, rogamos que compruebe de forma regular esta declaraci\u00f3n de privacidad para leer la versi\u00f3n m\u00e1s reciente de la misma.<\/p>\n<p>\u00daltima actualizaci\u00f3n: noviembre de 2024.<\/p>\n","protected":false},"excerpt":{"rendered":"<p>POL\u00cdTICA DE PRIVACIDAD \u2013 PARTICIPA EN NUESTRA CATA DE HAMBURGUESAS \u2022 Responsable del Tratamiento: GOIKO GRILL GROUP, S.L.U. (en adelante, \u201cGOIKO\u201d). \u2022 N.I.F.: B-87.771.945. \u2022 Domicilio social: C\/ Maestro \u00c1ngel Llorca, 6, 5\u00ba, 28003 \u2013 Madrid (Madrid) \u2022 Correo electr\u00f3nico: dpo@goiko.com En GOIKO nos comprometemos a proteger la privacidad y a garantizar el tratamiento adecuado [&hellip;]<\/p>\n","protected":false},"author":53,"featured_media":45444,"parent":24894,"menu_order":0,"comment_status":"closed","ping_status":"closed","template":"","meta":{"footnotes":""},"class_list":["post-61219","page","type-page","status-publish","has-post-thumbnail","hentry"],"acf":[],"yoast_head":"<!-- This site is optimized with the Yoast SEO plugin v23.8 - https:\/\/yoast.com\/wordpress\/plugins\/seo\/ -->\n<title>POL\u00cdTICA DE PRIVACIDAD \u2013 PARTICIPA EN NUESTRA CATA DE HAMBURGUESAS - GOIKO<\/title>\n<meta name=\"robots\" content=\"index, follow, max-snippet:-1, max-image-preview:large, max-video-preview:-1\" \/>\n<link rel=\"canonical\" href=\"https:\/\/www.goiko.com\/es\/bases-condiciones\/privacidad-goiko-cata\/\" \/>\n<meta property=\"og:locale\" content=\"es_ES\" \/>\n<meta property=\"og:type\" content=\"article\" \/>\n<meta property=\"og:title\" content=\"POL\u00cdTICA DE PRIVACIDAD \u2013 PARTICIPA EN NUESTRA CATA DE HAMBURGUESAS - GOIKO\" \/>\n<meta property=\"og:description\" content=\"POL\u00cdTICA DE PRIVACIDAD \u2013 PARTICIPA EN NUESTRA CATA DE HAMBURGUESAS \u2022 Responsable del Tratamiento: GOIKO GRILL GROUP, S.L.U. (en adelante, \u201cGOIKO\u201d). \u2022 N.I.F.: B-87.771.945. \u2022 Domicilio social: C\/ Maestro \u00c1ngel Llorca, 6, 5\u00ba, 28003 \u2013 Madrid (Madrid) \u2022 Correo electr\u00f3nico: dpo@goiko.com En GOIKO nos comprometemos a proteger la privacidad y a garantizar el tratamiento adecuado [&hellip;]\" \/>\n<meta property=\"og:url\" content=\"https:\/\/www.goiko.com\/es\/bases-condiciones\/privacidad-goiko-cata\/\" \/>\n<meta property=\"og:site_name\" content=\"GOIKO\" \/>\n<meta property=\"article:publisher\" content=\"https:\/\/www.facebook.com\/goiko\" \/>\n<meta property=\"article:modified_time\" content=\"2024-11-13T15:36:14+00:00\" \/>\n<meta property=\"og:image\" content=\"https:\/\/www.goiko.com\/es\/wp-content\/uploads\/2023\/03\/Kevin_Web_Desktop-1.jpg\" \/>\n\t<meta property=\"og:image:width\" content=\"1800\" \/>\n\t<meta property=\"og:image:height\" content=\"1201\" \/>\n\t<meta property=\"og:image:type\" content=\"image\/jpeg\" \/>\n<meta name=\"twitter:card\" content=\"summary_large_image\" \/>\n<meta name=\"twitter:site\" content=\"@goiko\" \/>\n<meta name=\"twitter:label1\" content=\"Tiempo de lectura\" \/>\n\t<meta name=\"twitter:data1\" content=\"5 minutos\" \/>\n<script type=\"application\/ld+json\" class=\"yoast-schema-graph\">{\"@context\":\"https:\/\/schema.org\",\"@graph\":[{\"@type\":\"WebPage\",\"@id\":\"https:\/\/www.goiko.com\/es\/bases-condiciones\/privacidad-goiko-cata\/\",\"url\":\"https:\/\/www.goiko.com\/es\/bases-condiciones\/privacidad-goiko-cata\/\",\"name\":\"POL\u00cdTICA DE PRIVACIDAD \u2013 PARTICIPA EN NUESTRA CATA DE HAMBURGUESAS - GOIKO\",\"isPartOf\":{\"@id\":\"https:\/\/www.goiko.com\/es\/#website\"},\"primaryImageOfPage\":{\"@id\":\"https:\/\/www.goiko.com\/es\/bases-condiciones\/privacidad-goiko-cata\/#primaryimage\"},\"image\":{\"@id\":\"https:\/\/www.goiko.com\/es\/bases-condiciones\/privacidad-goiko-cata\/#primaryimage\"},\"thumbnailUrl\":\"https:\/\/www.goiko.com\/es\/wp-content\/uploads\/2023\/03\/Kevin_Web_Desktop-1.jpg\",\"datePublished\":\"2024-11-13T15:31:11+00:00\",\"dateModified\":\"2024-11-13T15:36:14+00:00\",\"breadcrumb\":{\"@id\":\"https:\/\/www.goiko.com\/es\/bases-condiciones\/privacidad-goiko-cata\/#breadcrumb\"},\"inLanguage\":\"es\",\"potentialAction\":[{\"@type\":\"ReadAction\",\"target\":[\"https:\/\/www.goiko.com\/es\/bases-condiciones\/privacidad-goiko-cata\/\"]}]},{\"@type\":\"ImageObject\",\"inLanguage\":\"es\",\"@id\":\"https:\/\/www.goiko.com\/es\/bases-condiciones\/privacidad-goiko-cata\/#primaryimage\",\"url\":\"https:\/\/www.goiko.com\/es\/wp-content\/uploads\/2023\/03\/Kevin_Web_Desktop-1.jpg\",\"contentUrl\":\"https:\/\/www.goiko.com\/es\/wp-content\/uploads\/2023\/03\/Kevin_Web_Desktop-1.jpg\",\"width\":1800,\"height\":1201},{\"@type\":\"BreadcrumbList\",\"@id\":\"https:\/\/www.goiko.com\/es\/bases-condiciones\/privacidad-goiko-cata\/#breadcrumb\",\"itemListElement\":[{\"@type\":\"ListItem\",\"position\":1,\"name\":\"Portada\",\"item\":\"https:\/\/www.goiko.com\/es\/\"},{\"@type\":\"ListItem\",\"position\":2,\"name\":\"Bases y condiciones\",\"item\":\"https:\/\/www.goiko.com\/es\/bases-condiciones\/\"},{\"@type\":\"ListItem\",\"position\":3,\"name\":\"POL\u00cdTICA DE PRIVACIDAD \u2013 PARTICIPA EN NUESTRA CATA DE HAMBURGUESAS\"}]},{\"@type\":\"WebSite\",\"@id\":\"https:\/\/www.goiko.com\/es\/#website\",\"url\":\"https:\/\/www.goiko.com\/es\/\",\"name\":\"GOIKO\",\"description\":\"Chorreo Forever\",\"potentialAction\":[{\"@type\":\"SearchAction\",\"target\":{\"@type\":\"EntryPoint\",\"urlTemplate\":\"https:\/\/www.goiko.com\/es\/?s={search_term_string}\"},\"query-input\":{\"@type\":\"PropertyValueSpecification\",\"valueRequired\":true,\"valueName\":\"search_term_string\"}}],\"inLanguage\":\"es\"}]}<\/script>\n<!-- \/ Yoast SEO plugin. -->","yoast_head_json":{"title":"POL\u00cdTICA DE PRIVACIDAD \u2013 PARTICIPA EN NUESTRA CATA DE HAMBURGUESAS - GOIKO","robots":{"index":"index","follow":"follow","max-snippet":"max-snippet:-1","max-image-preview":"max-image-preview:large","max-video-preview":"max-video-preview:-1"},"canonical":"https:\/\/www.goiko.com\/es\/bases-condiciones\/privacidad-goiko-cata\/","og_locale":"es_ES","og_type":"article","og_title":"POL\u00cdTICA DE PRIVACIDAD \u2013 PARTICIPA EN NUESTRA CATA DE HAMBURGUESAS - GOIKO","og_description":"POL\u00cdTICA DE PRIVACIDAD \u2013 PARTICIPA EN NUESTRA CATA DE HAMBURGUESAS \u2022 Responsable del Tratamiento: GOIKO GRILL GROUP, S.L.U. (en adelante, \u201cGOIKO\u201d). \u2022 N.I.F.: B-87.771.945. \u2022 Domicilio social: C\/ Maestro \u00c1ngel Llorca, 6, 5\u00ba, 28003 \u2013 Madrid (Madrid) \u2022 Correo electr\u00f3nico: dpo@goiko.com En GOIKO nos comprometemos a proteger la privacidad y a garantizar el tratamiento adecuado [&hellip;]","og_url":"https:\/\/www.goiko.com\/es\/bases-condiciones\/privacidad-goiko-cata\/","og_site_name":"GOIKO","article_publisher":"https:\/\/www.facebook.com\/goiko","article_modified_time":"2024-11-13T15:36:14+00:00","og_image":[{"width":1800,"height":1201,"url":"https:\/\/www.goiko.com\/es\/wp-content\/uploads\/2023\/03\/Kevin_Web_Desktop-1.jpg","type":"image\/jpeg"}],"twitter_card":"summary_large_image","twitter_site":"@goiko","twitter_misc":{"Tiempo de lectura":"5 minutos"},"schema":{"@context":"https:\/\/schema.org","@graph":[{"@type":"WebPage","@id":"https:\/\/www.goiko.com\/es\/bases-condiciones\/privacidad-goiko-cata\/","url":"https:\/\/www.goiko.com\/es\/bases-condiciones\/privacidad-goiko-cata\/","name":"POL\u00cdTICA DE PRIVACIDAD \u2013 PARTICIPA EN NUESTRA CATA DE HAMBURGUESAS - GOIKO","isPartOf":{"@id":"https:\/\/www.goiko.com\/es\/#website"},"primaryImageOfPage":{"@id":"https:\/\/www.goiko.com\/es\/bases-condiciones\/privacidad-goiko-cata\/#primaryimage"},"image":{"@id":"https:\/\/www.goiko.com\/es\/bases-condiciones\/privacidad-goiko-cata\/#primaryimage"},"thumbnailUrl":"https:\/\/www.goiko.com\/es\/wp-content\/uploads\/2023\/03\/Kevin_Web_Desktop-1.jpg","datePublished":"2024-11-13T15:31:11+00:00","dateModified":"2024-11-13T15:36:14+00:00","breadcrumb":{"@id":"https:\/\/www.goiko.com\/es\/bases-condiciones\/privacidad-goiko-cata\/#breadcrumb"},"inLanguage":"es","potentialAction":[{"@type":"ReadAction","target":["https:\/\/www.goiko.com\/es\/bases-condiciones\/privacidad-goiko-cata\/"]}]},{"@type":"ImageObject","inLanguage":"es","@id":"https:\/\/www.goiko.com\/es\/bases-condiciones\/privacidad-goiko-cata\/#primaryimage","url":"https:\/\/www.goiko.com\/es\/wp-content\/uploads\/2023\/03\/Kevin_Web_Desktop-1.jpg","contentUrl":"https:\/\/www.goiko.com\/es\/wp-content\/uploads\/2023\/03\/Kevin_Web_Desktop-1.jpg","width":1800,"height":1201},{"@type":"BreadcrumbList","@id":"https:\/\/www.goiko.com\/es\/bases-condiciones\/privacidad-goiko-cata\/#breadcrumb","itemListElement":[{"@type":"ListItem","position":1,"name":"Portada","item":"https:\/\/www.goiko.com\/es\/"},{"@type":"ListItem","position":2,"name":"Bases y condiciones","item":"https:\/\/www.goiko.com\/es\/bases-condiciones\/"},{"@type":"ListItem","position":3,"name":"POL\u00cdTICA DE PRIVACIDAD \u2013 PARTICIPA EN NUESTRA CATA DE HAMBURGUESAS"}]},{"@type":"WebSite","@id":"https:\/\/www.goiko.com\/es\/#website","url":"https:\/\/www.goiko.com\/es\/","name":"GOIKO","description":"Chorreo Forever","potentialAction":[{"@type":"SearchAction","target":{"@type":"EntryPoint","urlTemplate":"https:\/\/www.goiko.com\/es\/?s={search_term_string}"},"query-input":{"@type":"PropertyValueSpecification","valueRequired":true,"valueName":"search_term_string"}}],"inLanguage":"es"}]}},"_links":{"self":[{"href":"https:\/\/www.goiko.com\/es\/wp-json\/wp\/v2\/pages\/61219","targetHints":{"allow":["GET"]}}],"collection":[{"href":"https:\/\/www.goiko.com\/es\/wp-json\/wp\/v2\/pages"}],"about":[{"href":"https:\/\/www.goiko.com\/es\/wp-json\/wp\/v2\/types\/page"}],"author":[{"embeddable":true,"href":"https:\/\/www.goiko.com\/es\/wp-json\/wp\/v2\/users\/53"}],"replies":[{"embeddable":true,"href":"https:\/\/www.goiko.com\/es\/wp-json\/wp\/v2\/comments?post=61219"}],"version-history":[{"count":3,"href":"https:\/\/www.goiko.com\/es\/wp-json\/wp\/v2\/pages\/61219\/revisions"}],"predecessor-version":[{"id":61222,"href":"https:\/\/www.goiko.com\/es\/wp-json\/wp\/v2\/pages\/61219\/revisions\/61222"}],"up":[{"embeddable":true,"href":"https:\/\/www.goiko.com\/es\/wp-json\/wp\/v2\/pages\/24894"}],"wp:featuredmedia":[{"embeddable":true,"href":"https:\/\/www.goiko.com\/es\/wp-json\/wp\/v2\/media\/45444"}],"wp:attachment":[{"href":"https:\/\/www.goiko.com\/es\/wp-json\/wp\/v2\/media?parent=61219"}],"curies":[{"name":"wp","href":"https:\/\/api.w.org\/{rel}","templated":true}]}}