{"id":64651,"date":"2025-05-12T17:37:50","date_gmt":"2025-05-12T16:37:50","guid":{"rendered":"https:\/\/www.goiko.com\/es\/alergenos-copy\/"},"modified":"2026-03-17T16:48:59","modified_gmt":"2026-03-17T15:48:59","slug":"glutenfree","status":"publish","type":"page","link":"https:\/\/www.goiko.com\/es\/alergenos\/glutenfree\/","title":{"rendered":"Al\u00e9rgenos Gluten Free"},"content":{"rendered":"\t\t<div data-elementor-type=\"wp-page\" data-elementor-id=\"64651\" class=\"elementor elementor-64651\" data-elementor-post-type=\"page\">\n\t\t\t\t\t\t<section class=\"elementor-section elementor-top-section elementor-element elementor-element-7956bec9 elementor-section-boxed elementor-section-height-default elementor-section-height-default\" data-id=\"7956bec9\" data-element_type=\"section\">\n\t\t\t\t\t\t<div class=\"elementor-container elementor-column-gap-default\">\n\t\t\t\t\t<div class=\"elementor-column elementor-col-100 elementor-top-column elementor-element elementor-element-1d893633\" data-id=\"1d893633\" data-element_type=\"column\">\n\t\t\t<div class=\"elementor-widget-wrap elementor-element-populated\">\n\t\t\t\t\t\t<div class=\"elementor-element elementor-element-1014e57c elementor-widget elementor-widget-text-editor\" data-id=\"1014e57c\" data-element_type=\"widget\" data-widget_type=\"text-editor.default\">\n\t\t\t\t<div class=\"elementor-widget-container\">\n\t\t\t\t\t\t\t<div>\n<h1 style=\"text-align: center;\"><span style=\"color: #000000;\"><strong>AL\u00c9RGENOS<br>&nbsp;&nbsp;<span style=\"color: #fbca67;\">GLUTEN FREE<\/span><\/strong><\/span><\/h1>\n<div><span style=\"color: #000000;\"><strong>&nbsp;<\/strong><\/span><\/div>\n<p><span style=\"color: #000000;\"><strong>Nuestra carne es TOP. Natural, 100% de vacuno y sazonada con nuestro condimento especial.<\/strong><\/span><\/p>\n<p><span style=\"color: #000000;\"><strong>Nuestro pan, el mejor pan&nbsp;sin gluten&nbsp;de burger jam\u00e1s creado, es una receta exclusiva de&nbsp;Goiko.<\/strong><\/span><\/p>\n<p><span style=\"color: #000000;\"><strong>Nuestras patatas est\u00e1n buen\u00edsimas y condimentadas con nuestra saz\u00f3n.<\/strong><\/span><\/p>\n<\/div>\n<div>&nbsp;<\/div>\n<div>\n<div>\n<div>\n<div>\n<div><span style=\"color: #000000;\">Estimado\/a cliente, para atenderle mejor necesitamos que nos informe si tiene alguna alergia o intolerancia a alguno de nuestros ingredientes. Los platos y bebidas elaborados en los restaurantes&nbsp;<b>GOIKO&nbsp;GLUTEN FREE<\/b>&nbsp;<span style=\"font-family: arial, sans-serif;\">son todos 100% libres de gluten, pero&nbsp;<\/span>pueden contener&nbsp;<span style=\"font-family: arial, sans-serif;\">otros ingredientes que causan alergias o intolerancias<\/span><span style=\"font-family: arial, sans-serif;\">.<\/span>&nbsp;<span style=\"font-family: arial, sans-serif;\">E<\/span>sta informaci\u00f3n se detalla a continuaci\u00f3n en base a los datos suministrados por nuestros proveedores y&nbsp;<span style=\"font-family: arial, sans-serif;\">a<\/span>&nbsp;nuestro an\u00e1lisis de peligros. Los restaurantes&nbsp;<b>GOIKO&nbsp;GLUTEN FREE<\/b>&nbsp;preparan y sirven sus platos y bebidas siguiendo estrictos protocolos de seguridad alimentaria, aunque no contamos con equipos exclusivos para la elaboraci\u00f3n de los distintos tipos de platos, por lo que excepcionalmente los productos podr\u00edan contener alguna traza de otro al\u00e9rgeno. Si tiene cualquier duda, consulte con el responsable del restaurante. Gracias.&nbsp;<\/span><\/div>\n<div><span style=\"color: #000000;\">No todos los ingredientes est\u00e1n disponibles en todos los restaurantes. La informaci\u00f3n de&nbsp;al\u00e9rgenos&nbsp;es v\u00e1lida para los restaurantes&nbsp;<b>GOIKO&nbsp;GLUTEN FREE<\/b>&nbsp;para el momento en el que se hace la consulta, ya que puede actualizarse en el futuro.<\/span><\/div>\n<div style=\"font-family: arial, sans-serif;\">&nbsp;<\/div>\n<div><span style=\"font-family: arial, sans-serif;\">En los restaurantes&nbsp;<b>GOIKO GLUTEN FREE<\/b>&nbsp;se utiliza una&nbsp;<b>freidora exclusiva para los productos sin gluten con l\u00e1cteos.&nbsp;<\/b><\/span><\/div>\n<div><span style=\"font-family: arial, sans-serif;\"><b>&nbsp;<\/b><\/span><\/div>\n<div><span style=\"font-family: arial, sans-serif;\"><b>En los platos en los cuales se puede elegir la salsa o el consumidor realice un cambio de salsa, se deber\u00e1n tener en cuenta los al\u00e9rgenos de la salsa elegida adem\u00e1s de los declarados en el plato.<\/b><\/span><\/div>\n<div><span style=\"font-family: arial, sans-serif;\"><b>&nbsp;<\/b><\/span><\/div>\n<div><span style=\"font-family: arial, sans-serif;\"><b>En los pedidos de delivery y takeaway (para llevar o recoger) revise siempre los al\u00e9rgenos del cuenco de salsa que acompa\u00f1a al pedido adem\u00e1s de los al\u00e9rgenos declarados en el plato<\/b><\/span><\/div>\n<\/div>\n<\/div>\n<\/div>\n<\/div>\n<div>&nbsp;<\/div>\n<div>&nbsp;<\/div>\n<div>Fecha de \u00faltima actualizaci\u00f3n: 26\/02\/2026<\/div>\t\t\t\t\t\t<\/div>\n\t\t\t\t<\/div>\n\t\t\t\t\t<\/div>\n\t\t<\/div>\n\t\t\t\t\t<\/div>\n\t\t<\/section>\n\t\t\t\t<\/div>\n\t\t","protected":false},"excerpt":{"rendered":"<p>AL\u00c9RGENOS GLUTEN FREE \u00a0 Nuestra carne es TOP. Natural, 100% de vacuno y sazonada con nuestro condimento especial. Nuestro pan, el mejor pan\u00a0sin gluten\u00a0de burger jam\u00e1s creado, es una receta exclusiva de\u00a0Goiko. Nuestras patatas est\u00e1n buen\u00edsimas y condimentadas con nuestra saz\u00f3n. Estimado\/a cliente, para atenderle mejor necesitamos que nos informe si tiene alguna alergia o [&hellip;]<\/p>\n","protected":false},"author":1,"featured_media":68806,"parent":5539,"menu_order":267,"comment_status":"closed","ping_status":"closed","template":"templates\/template-glutenfree-allergens.php","meta":{"footnotes":""},"class_list":["post-64651","page","type-page","status-publish","has-post-thumbnail","hentry"],"acf":[],"yoast_head":"<!-- This site is optimized with the Yoast SEO plugin v23.8 - https:\/\/yoast.com\/wordpress\/plugins\/seo\/ -->\n<title>Al\u00e9rgenos: descubre los al\u00e9rgenos Gluten Free - GOIKO<\/title>\n<meta name=\"description\" content=\"Encuentra aqu\u00ed los al\u00e9rgenos de toda la carta GLUTEN FREE de GOIKO.\" \/>\n<meta name=\"robots\" content=\"index, follow, max-snippet:-1, max-image-preview:large, max-video-preview:-1\" \/>\n<link rel=\"canonical\" href=\"https:\/\/www.goiko.com\/es\/alergenos\/glutenfree\/\" \/>\n<meta property=\"og:locale\" content=\"es_ES\" \/>\n<meta property=\"og:type\" content=\"article\" \/>\n<meta property=\"og:title\" content=\"Al\u00e9rgenos: descubre los al\u00e9rgenos Gluten Free - GOIKO\" \/>\n<meta property=\"og:description\" content=\"Encuentra aqu\u00ed los al\u00e9rgenos de toda la carta GLUTEN FREE de GOIKO.\" \/>\n<meta property=\"og:url\" content=\"https:\/\/www.goiko.com\/es\/alergenos\/glutenfree\/\" \/>\n<meta property=\"og:site_name\" content=\"GOIKO\" \/>\n<meta property=\"article:publisher\" content=\"https:\/\/www.facebook.com\/goiko\" \/>\n<meta property=\"article:modified_time\" content=\"2026-03-17T15:48:59+00:00\" \/>\n<meta property=\"og:image\" content=\"https:\/\/www.goiko.com\/es\/wp-content\/uploads\/2026\/03\/GF_Sello-3.jpg\" \/>\n\t<meta property=\"og:image:width\" content=\"1200\" \/>\n\t<meta property=\"og:image:height\" content=\"600\" \/>\n\t<meta property=\"og:image:type\" content=\"image\/jpeg\" \/>\n<meta name=\"twitter:card\" content=\"summary_large_image\" \/>\n<meta name=\"twitter:site\" content=\"@goiko\" \/>\n<meta name=\"twitter:label1\" content=\"Tiempo de lectura\" \/>\n\t<meta name=\"twitter:data1\" content=\"2 minutos\" \/>\n<script type=\"application\/ld+json\" class=\"yoast-schema-graph\">{\"@context\":\"https:\/\/schema.org\",\"@graph\":[{\"@type\":\"WebPage\",\"@id\":\"https:\/\/www.goiko.com\/es\/alergenos\/glutenfree\/\",\"url\":\"https:\/\/www.goiko.com\/es\/alergenos\/glutenfree\/\",\"name\":\"Al\u00e9rgenos: descubre los al\u00e9rgenos Gluten Free - GOIKO\",\"isPartOf\":{\"@id\":\"https:\/\/www.goiko.com\/es\/#website\"},\"primaryImageOfPage\":{\"@id\":\"https:\/\/www.goiko.com\/es\/alergenos\/glutenfree\/#primaryimage\"},\"image\":{\"@id\":\"https:\/\/www.goiko.com\/es\/alergenos\/glutenfree\/#primaryimage\"},\"thumbnailUrl\":\"https:\/\/www.goiko.com\/es\/wp-content\/uploads\/2026\/03\/GF_Sello-3.jpg\",\"datePublished\":\"2025-05-12T16:37:50+00:00\",\"dateModified\":\"2026-03-17T15:48:59+00:00\",\"description\":\"Encuentra aqu\u00ed los al\u00e9rgenos de toda la carta GLUTEN FREE de GOIKO.\",\"breadcrumb\":{\"@id\":\"https:\/\/www.goiko.com\/es\/alergenos\/glutenfree\/#breadcrumb\"},\"inLanguage\":\"es\",\"potentialAction\":[{\"@type\":\"ReadAction\",\"target\":[\"https:\/\/www.goiko.com\/es\/alergenos\/glutenfree\/\"]}]},{\"@type\":\"ImageObject\",\"inLanguage\":\"es\",\"@id\":\"https:\/\/www.goiko.com\/es\/alergenos\/glutenfree\/#primaryimage\",\"url\":\"https:\/\/www.goiko.com\/es\/wp-content\/uploads\/2026\/03\/GF_Sello-3.jpg\",\"contentUrl\":\"https:\/\/www.goiko.com\/es\/wp-content\/uploads\/2026\/03\/GF_Sello-3.jpg\",\"width\":1200,\"height\":600},{\"@type\":\"BreadcrumbList\",\"@id\":\"https:\/\/www.goiko.com\/es\/alergenos\/glutenfree\/#breadcrumb\",\"itemListElement\":[{\"@type\":\"ListItem\",\"position\":1,\"name\":\"Portada\",\"item\":\"https:\/\/www.goiko.com\/es\/\"},{\"@type\":\"ListItem\",\"position\":2,\"name\":\"Al\u00e9rgenos\",\"item\":\"https:\/\/www.goiko.com\/es\/alergenos\/\"},{\"@type\":\"ListItem\",\"position\":3,\"name\":\"Al\u00e9rgenos Gluten Free\"}]},{\"@type\":\"WebSite\",\"@id\":\"https:\/\/www.goiko.com\/es\/#website\",\"url\":\"https:\/\/www.goiko.com\/es\/\",\"name\":\"GOIKO\",\"description\":\"Chorreo Forever\",\"potentialAction\":[{\"@type\":\"SearchAction\",\"target\":{\"@type\":\"EntryPoint\",\"urlTemplate\":\"https:\/\/www.goiko.com\/es\/?s={search_term_string}\"},\"query-input\":{\"@type\":\"PropertyValueSpecification\",\"valueRequired\":true,\"valueName\":\"search_term_string\"}}],\"inLanguage\":\"es\"}]}<\/script>\n<!-- \/ Yoast SEO plugin. -->","yoast_head_json":{"title":"Al\u00e9rgenos: descubre los al\u00e9rgenos Gluten Free - GOIKO","description":"Encuentra aqu\u00ed los al\u00e9rgenos de toda la carta GLUTEN FREE de GOIKO.","robots":{"index":"index","follow":"follow","max-snippet":"max-snippet:-1","max-image-preview":"max-image-preview:large","max-video-preview":"max-video-preview:-1"},"canonical":"https:\/\/www.goiko.com\/es\/alergenos\/glutenfree\/","og_locale":"es_ES","og_type":"article","og_title":"Al\u00e9rgenos: descubre los al\u00e9rgenos Gluten Free - GOIKO","og_description":"Encuentra aqu\u00ed los al\u00e9rgenos de toda la carta GLUTEN FREE de GOIKO.","og_url":"https:\/\/www.goiko.com\/es\/alergenos\/glutenfree\/","og_site_name":"GOIKO","article_publisher":"https:\/\/www.facebook.com\/goiko","article_modified_time":"2026-03-17T15:48:59+00:00","og_image":[{"width":1200,"height":600,"url":"https:\/\/www.goiko.com\/es\/wp-content\/uploads\/2026\/03\/GF_Sello-3.jpg","type":"image\/jpeg"}],"twitter_card":"summary_large_image","twitter_site":"@goiko","twitter_misc":{"Tiempo de lectura":"2 minutos"},"schema":{"@context":"https:\/\/schema.org","@graph":[{"@type":"WebPage","@id":"https:\/\/www.goiko.com\/es\/alergenos\/glutenfree\/","url":"https:\/\/www.goiko.com\/es\/alergenos\/glutenfree\/","name":"Al\u00e9rgenos: descubre los al\u00e9rgenos Gluten Free - GOIKO","isPartOf":{"@id":"https:\/\/www.goiko.com\/es\/#website"},"primaryImageOfPage":{"@id":"https:\/\/www.goiko.com\/es\/alergenos\/glutenfree\/#primaryimage"},"image":{"@id":"https:\/\/www.goiko.com\/es\/alergenos\/glutenfree\/#primaryimage"},"thumbnailUrl":"https:\/\/www.goiko.com\/es\/wp-content\/uploads\/2026\/03\/GF_Sello-3.jpg","datePublished":"2025-05-12T16:37:50+00:00","dateModified":"2026-03-17T15:48:59+00:00","description":"Encuentra aqu\u00ed los al\u00e9rgenos de toda la carta GLUTEN FREE de GOIKO.","breadcrumb":{"@id":"https:\/\/www.goiko.com\/es\/alergenos\/glutenfree\/#breadcrumb"},"inLanguage":"es","potentialAction":[{"@type":"ReadAction","target":["https:\/\/www.goiko.com\/es\/alergenos\/glutenfree\/"]}]},{"@type":"ImageObject","inLanguage":"es","@id":"https:\/\/www.goiko.com\/es\/alergenos\/glutenfree\/#primaryimage","url":"https:\/\/www.goiko.com\/es\/wp-content\/uploads\/2026\/03\/GF_Sello-3.jpg","contentUrl":"https:\/\/www.goiko.com\/es\/wp-content\/uploads\/2026\/03\/GF_Sello-3.jpg","width":1200,"height":600},{"@type":"BreadcrumbList","@id":"https:\/\/www.goiko.com\/es\/alergenos\/glutenfree\/#breadcrumb","itemListElement":[{"@type":"ListItem","position":1,"name":"Portada","item":"https:\/\/www.goiko.com\/es\/"},{"@type":"ListItem","position":2,"name":"Al\u00e9rgenos","item":"https:\/\/www.goiko.com\/es\/alergenos\/"},{"@type":"ListItem","position":3,"name":"Al\u00e9rgenos Gluten Free"}]},{"@type":"WebSite","@id":"https:\/\/www.goiko.com\/es\/#website","url":"https:\/\/www.goiko.com\/es\/","name":"GOIKO","description":"Chorreo Forever","potentialAction":[{"@type":"SearchAction","target":{"@type":"EntryPoint","urlTemplate":"https:\/\/www.goiko.com\/es\/?s={search_term_string}"},"query-input":{"@type":"PropertyValueSpecification","valueRequired":true,"valueName":"search_term_string"}}],"inLanguage":"es"}]}},"_links":{"self":[{"href":"https:\/\/www.goiko.com\/es\/wp-json\/wp\/v2\/pages\/64651","targetHints":{"allow":["GET"]}}],"collection":[{"href":"https:\/\/www.goiko.com\/es\/wp-json\/wp\/v2\/pages"}],"about":[{"href":"https:\/\/www.goiko.com\/es\/wp-json\/wp\/v2\/types\/page"}],"author":[{"embeddable":true,"href":"https:\/\/www.goiko.com\/es\/wp-json\/wp\/v2\/users\/1"}],"replies":[{"embeddable":true,"href":"https:\/\/www.goiko.com\/es\/wp-json\/wp\/v2\/comments?post=64651"}],"version-history":[{"count":68,"href":"https:\/\/www.goiko.com\/es\/wp-json\/wp\/v2\/pages\/64651\/revisions"}],"predecessor-version":[{"id":68781,"href":"https:\/\/www.goiko.com\/es\/wp-json\/wp\/v2\/pages\/64651\/revisions\/68781"}],"up":[{"embeddable":true,"href":"https:\/\/www.goiko.com\/es\/wp-json\/wp\/v2\/pages\/5539"}],"wp:featuredmedia":[{"embeddable":true,"href":"https:\/\/www.goiko.com\/es\/wp-json\/wp\/v2\/media\/68806"}],"wp:attachment":[{"href":"https:\/\/www.goiko.com\/es\/wp-json\/wp\/v2\/media?parent=64651"}],"curies":[{"name":"wp","href":"https:\/\/api.w.org\/{rel}","templated":true}]}}