{"id":65557,"date":"2025-05-29T10:19:06","date_gmt":"2025-05-29T09:19:06","guid":{"rendered":"https:\/\/www.goiko.com\/es\/bases-condiciones\/promo-comeback-entrante-o-postre-14-11-2023-copy\/"},"modified":"2025-06-04T16:42:27","modified_gmt":"2025-06-04T15:42:27","slug":"promocomeback2025","status":"publish","type":"page","link":"https:\/\/www.goiko.com\/es\/bases-condiciones\/promocomeback2025\/","title":{"rendered":"PROMO COMEBACK 2025"},"content":{"rendered":"<h2>PROMO COMEBACK ENTRANTE O POSTRE \/ 50% SEGUNDA BURGER &#8211;\u00a0 29\/05\/2025<\/h2>\n<h2><span style=\"font-size: 16px;\">Goiko Gourmet S.L. de C.I.F. B-86.590.841, con domicilio fiscal en Calle Maestro \u00c1ngel Llorca, 6, planta 5, CP: 28003, en adelante \u201cGOIKO\u201d. Ofrece a sus clientes la promoci\u00f3n \u201cCOME BACK 29\/05\/2025\u201d, en adelante \u201cpromoci\u00f3n\u201d, bajo las siguientes descripciones y condiciones.<\/span><\/h2>\n<div><b>Entrante o postre for free:<\/b><\/div>\n<div>Disponible solo en el restaurante de lunes a domingo hasta el 30 de junio de 2025 con el consumo de una hamburguesa de la carta o de temporada.<\/div>\n<div>No v\u00e1lido a domicilio o para llevar. V\u00e1lido con entrantes o postre seleccionados.<\/div>\n<div>No v\u00e1lido con el men\u00fa del d\u00eda, otras promos o Goiko Kids.<\/div>\n<div>V\u00e1lido en cualquier Goiko de Espa\u00f1a inclu\u00eddo Baleares y Andorra, excepto GOIKO Gluten Free Mar\u00eda de Molina.<\/div>\n<div>Se debe mostrar la tarjeta en f\u00edsico o el wallet al camarero para canjear el entrante o postre.<\/div>\n<div><\/div>\n<div><b>50% en tu segunda burger<\/b><b><\/b><\/div>\n<div>\n<div>Disponible solo en el restaurante de lunes a domingo en cualquier horario hasta el 30 de junio de 2025 con el consumo de una hamburguesa de la carta o de temporada.<\/div>\n<div>No v\u00e1lido a domicilio o para llevar.<\/div>\n<div>No v\u00e1lido con el men\u00fa del d\u00eda, otras promos o Goiko Kids.<\/div>\n<div>V\u00e1lido en cualquier Goiko de Espa\u00f1a inclu\u00eddo Baleares y Andorra, excepto GOIKO Gluten Free Mar\u00eda de Molina.<\/div>\n<div>Se debe mostrar la tarjeta en f\u00edsico o el wallet al camarero para canjear la promoci\u00f3n.<\/div>\n<\/div>\n","protected":false},"excerpt":{"rendered":"<p>PROMO COMEBACK ENTRANTE O POSTRE \/ 50% SEGUNDA BURGER &#8211;\u00a0 29\/05\/2025 Goiko Gourmet S.L. de C.I.F. B-86.590.841, con domicilio fiscal en Calle Maestro \u00c1ngel Llorca, 6, planta 5, CP: 28003, en adelante \u201cGOIKO\u201d. Ofrece a sus clientes la promoci\u00f3n \u201cCOME BACK 29\/05\/2025\u201d, en adelante \u201cpromoci\u00f3n\u201d, bajo las siguientes descripciones y condiciones. Entrante o postre for [&hellip;]<\/p>\n","protected":false},"author":53,"featured_media":53918,"parent":24894,"menu_order":0,"comment_status":"closed","ping_status":"closed","template":"","meta":{"footnotes":""},"class_list":["post-65557","page","type-page","status-publish","has-post-thumbnail","hentry"],"acf":[],"yoast_head":"<!-- This site is optimized with the Yoast SEO plugin v23.8 - https:\/\/yoast.com\/wordpress\/plugins\/seo\/ -->\n<title>PROMO COMEBACK 2025 - GOIKO<\/title>\n<meta name=\"robots\" content=\"index, follow, max-snippet:-1, max-image-preview:large, max-video-preview:-1\" \/>\n<link rel=\"canonical\" href=\"https:\/\/www.goiko.com\/es\/bases-condiciones\/promocomeback2025\/\" \/>\n<meta property=\"og:locale\" content=\"es_ES\" \/>\n<meta property=\"og:type\" content=\"article\" \/>\n<meta property=\"og:title\" content=\"PROMO COMEBACK 2025 - GOIKO\" \/>\n<meta property=\"og:description\" content=\"PROMO COMEBACK ENTRANTE O POSTRE \/ 50% SEGUNDA BURGER &#8211;\u00a0 29\/05\/2025 Goiko Gourmet S.L. de C.I.F. B-86.590.841, con domicilio fiscal en Calle Maestro \u00c1ngel Llorca, 6, planta 5, CP: 28003, en adelante \u201cGOIKO\u201d. Ofrece a sus clientes la promoci\u00f3n \u201cCOME BACK 29\/05\/2025\u201d, en adelante \u201cpromoci\u00f3n\u201d, bajo las siguientes descripciones y condiciones. Entrante o postre for [&hellip;]\" \/>\n<meta property=\"og:url\" content=\"https:\/\/www.goiko.com\/es\/bases-condiciones\/promocomeback2025\/\" \/>\n<meta property=\"og:site_name\" content=\"GOIKO\" \/>\n<meta property=\"article:publisher\" content=\"https:\/\/www.facebook.com\/goiko\" \/>\n<meta property=\"article:modified_time\" content=\"2025-06-04T15:42:27+00:00\" \/>\n<meta property=\"og:image\" content=\"https:\/\/www.goiko.com\/es\/wp-content\/uploads\/2023\/09\/CategoriasWeb_FinalFeliz_1200x600.png\" \/>\n\t<meta property=\"og:image:width\" content=\"1200\" \/>\n\t<meta property=\"og:image:height\" content=\"600\" \/>\n\t<meta property=\"og:image:type\" content=\"image\/png\" \/>\n<meta name=\"twitter:card\" content=\"summary_large_image\" \/>\n<meta name=\"twitter:site\" content=\"@goiko\" \/>\n<meta name=\"twitter:label1\" content=\"Tiempo de lectura\" \/>\n\t<meta name=\"twitter:data1\" content=\"2 minutos\" \/>\n<script type=\"application\/ld+json\" class=\"yoast-schema-graph\">{\"@context\":\"https:\/\/schema.org\",\"@graph\":[{\"@type\":\"WebPage\",\"@id\":\"https:\/\/www.goiko.com\/es\/bases-condiciones\/promocomeback2025\/\",\"url\":\"https:\/\/www.goiko.com\/es\/bases-condiciones\/promocomeback2025\/\",\"name\":\"PROMO COMEBACK 2025 - GOIKO\",\"isPartOf\":{\"@id\":\"https:\/\/www.goiko.com\/es\/#website\"},\"primaryImageOfPage\":{\"@id\":\"https:\/\/www.goiko.com\/es\/bases-condiciones\/promocomeback2025\/#primaryimage\"},\"image\":{\"@id\":\"https:\/\/www.goiko.com\/es\/bases-condiciones\/promocomeback2025\/#primaryimage\"},\"thumbnailUrl\":\"https:\/\/www.goiko.com\/es\/wp-content\/uploads\/2023\/09\/CategoriasWeb_FinalFeliz_1200x600.png\",\"datePublished\":\"2025-05-29T09:19:06+00:00\",\"dateModified\":\"2025-06-04T15:42:27+00:00\",\"breadcrumb\":{\"@id\":\"https:\/\/www.goiko.com\/es\/bases-condiciones\/promocomeback2025\/#breadcrumb\"},\"inLanguage\":\"es\",\"potentialAction\":[{\"@type\":\"ReadAction\",\"target\":[\"https:\/\/www.goiko.com\/es\/bases-condiciones\/promocomeback2025\/\"]}]},{\"@type\":\"ImageObject\",\"inLanguage\":\"es\",\"@id\":\"https:\/\/www.goiko.com\/es\/bases-condiciones\/promocomeback2025\/#primaryimage\",\"url\":\"https:\/\/www.goiko.com\/es\/wp-content\/uploads\/2023\/09\/CategoriasWeb_FinalFeliz_1200x600.png\",\"contentUrl\":\"https:\/\/www.goiko.com\/es\/wp-content\/uploads\/2023\/09\/CategoriasWeb_FinalFeliz_1200x600.png\",\"width\":1200,\"height\":600},{\"@type\":\"BreadcrumbList\",\"@id\":\"https:\/\/www.goiko.com\/es\/bases-condiciones\/promocomeback2025\/#breadcrumb\",\"itemListElement\":[{\"@type\":\"ListItem\",\"position\":1,\"name\":\"Portada\",\"item\":\"https:\/\/www.goiko.com\/es\/\"},{\"@type\":\"ListItem\",\"position\":2,\"name\":\"Bases y condiciones\",\"item\":\"https:\/\/www.goiko.com\/es\/bases-condiciones\/\"},{\"@type\":\"ListItem\",\"position\":3,\"name\":\"PROMO COMEBACK 2025\"}]},{\"@type\":\"WebSite\",\"@id\":\"https:\/\/www.goiko.com\/es\/#website\",\"url\":\"https:\/\/www.goiko.com\/es\/\",\"name\":\"GOIKO\",\"description\":\"Chorreo Forever\",\"potentialAction\":[{\"@type\":\"SearchAction\",\"target\":{\"@type\":\"EntryPoint\",\"urlTemplate\":\"https:\/\/www.goiko.com\/es\/?s={search_term_string}\"},\"query-input\":{\"@type\":\"PropertyValueSpecification\",\"valueRequired\":true,\"valueName\":\"search_term_string\"}}],\"inLanguage\":\"es\"}]}<\/script>\n<!-- \/ Yoast SEO plugin. -->","yoast_head_json":{"title":"PROMO COMEBACK 2025 - GOIKO","robots":{"index":"index","follow":"follow","max-snippet":"max-snippet:-1","max-image-preview":"max-image-preview:large","max-video-preview":"max-video-preview:-1"},"canonical":"https:\/\/www.goiko.com\/es\/bases-condiciones\/promocomeback2025\/","og_locale":"es_ES","og_type":"article","og_title":"PROMO COMEBACK 2025 - GOIKO","og_description":"PROMO COMEBACK ENTRANTE O POSTRE \/ 50% SEGUNDA BURGER &#8211;\u00a0 29\/05\/2025 Goiko Gourmet S.L. de C.I.F. B-86.590.841, con domicilio fiscal en Calle Maestro \u00c1ngel Llorca, 6, planta 5, CP: 28003, en adelante \u201cGOIKO\u201d. Ofrece a sus clientes la promoci\u00f3n \u201cCOME BACK 29\/05\/2025\u201d, en adelante \u201cpromoci\u00f3n\u201d, bajo las siguientes descripciones y condiciones. Entrante o postre for [&hellip;]","og_url":"https:\/\/www.goiko.com\/es\/bases-condiciones\/promocomeback2025\/","og_site_name":"GOIKO","article_publisher":"https:\/\/www.facebook.com\/goiko","article_modified_time":"2025-06-04T15:42:27+00:00","og_image":[{"width":1200,"height":600,"url":"https:\/\/www.goiko.com\/es\/wp-content\/uploads\/2023\/09\/CategoriasWeb_FinalFeliz_1200x600.png","type":"image\/png"}],"twitter_card":"summary_large_image","twitter_site":"@goiko","twitter_misc":{"Tiempo de lectura":"2 minutos"},"schema":{"@context":"https:\/\/schema.org","@graph":[{"@type":"WebPage","@id":"https:\/\/www.goiko.com\/es\/bases-condiciones\/promocomeback2025\/","url":"https:\/\/www.goiko.com\/es\/bases-condiciones\/promocomeback2025\/","name":"PROMO COMEBACK 2025 - GOIKO","isPartOf":{"@id":"https:\/\/www.goiko.com\/es\/#website"},"primaryImageOfPage":{"@id":"https:\/\/www.goiko.com\/es\/bases-condiciones\/promocomeback2025\/#primaryimage"},"image":{"@id":"https:\/\/www.goiko.com\/es\/bases-condiciones\/promocomeback2025\/#primaryimage"},"thumbnailUrl":"https:\/\/www.goiko.com\/es\/wp-content\/uploads\/2023\/09\/CategoriasWeb_FinalFeliz_1200x600.png","datePublished":"2025-05-29T09:19:06+00:00","dateModified":"2025-06-04T15:42:27+00:00","breadcrumb":{"@id":"https:\/\/www.goiko.com\/es\/bases-condiciones\/promocomeback2025\/#breadcrumb"},"inLanguage":"es","potentialAction":[{"@type":"ReadAction","target":["https:\/\/www.goiko.com\/es\/bases-condiciones\/promocomeback2025\/"]}]},{"@type":"ImageObject","inLanguage":"es","@id":"https:\/\/www.goiko.com\/es\/bases-condiciones\/promocomeback2025\/#primaryimage","url":"https:\/\/www.goiko.com\/es\/wp-content\/uploads\/2023\/09\/CategoriasWeb_FinalFeliz_1200x600.png","contentUrl":"https:\/\/www.goiko.com\/es\/wp-content\/uploads\/2023\/09\/CategoriasWeb_FinalFeliz_1200x600.png","width":1200,"height":600},{"@type":"BreadcrumbList","@id":"https:\/\/www.goiko.com\/es\/bases-condiciones\/promocomeback2025\/#breadcrumb","itemListElement":[{"@type":"ListItem","position":1,"name":"Portada","item":"https:\/\/www.goiko.com\/es\/"},{"@type":"ListItem","position":2,"name":"Bases y condiciones","item":"https:\/\/www.goiko.com\/es\/bases-condiciones\/"},{"@type":"ListItem","position":3,"name":"PROMO COMEBACK 2025"}]},{"@type":"WebSite","@id":"https:\/\/www.goiko.com\/es\/#website","url":"https:\/\/www.goiko.com\/es\/","name":"GOIKO","description":"Chorreo Forever","potentialAction":[{"@type":"SearchAction","target":{"@type":"EntryPoint","urlTemplate":"https:\/\/www.goiko.com\/es\/?s={search_term_string}"},"query-input":{"@type":"PropertyValueSpecification","valueRequired":true,"valueName":"search_term_string"}}],"inLanguage":"es"}]}},"_links":{"self":[{"href":"https:\/\/www.goiko.com\/es\/wp-json\/wp\/v2\/pages\/65557","targetHints":{"allow":["GET"]}}],"collection":[{"href":"https:\/\/www.goiko.com\/es\/wp-json\/wp\/v2\/pages"}],"about":[{"href":"https:\/\/www.goiko.com\/es\/wp-json\/wp\/v2\/types\/page"}],"author":[{"embeddable":true,"href":"https:\/\/www.goiko.com\/es\/wp-json\/wp\/v2\/users\/53"}],"replies":[{"embeddable":true,"href":"https:\/\/www.goiko.com\/es\/wp-json\/wp\/v2\/comments?post=65557"}],"version-history":[{"count":3,"href":"https:\/\/www.goiko.com\/es\/wp-json\/wp\/v2\/pages\/65557\/revisions"}],"predecessor-version":[{"id":65922,"href":"https:\/\/www.goiko.com\/es\/wp-json\/wp\/v2\/pages\/65557\/revisions\/65922"}],"up":[{"embeddable":true,"href":"https:\/\/www.goiko.com\/es\/wp-json\/wp\/v2\/pages\/24894"}],"wp:featuredmedia":[{"embeddable":true,"href":"https:\/\/www.goiko.com\/es\/wp-json\/wp\/v2\/media\/53918"}],"wp:attachment":[{"href":"https:\/\/www.goiko.com\/es\/wp-json\/wp\/v2\/media?parent=65557"}],"curies":[{"name":"wp","href":"https:\/\/api.w.org\/{rel}","templated":true}]}}