{"id":66057,"date":"2025-06-17T08:25:20","date_gmt":"2025-06-17T07:25:20","guid":{"rendered":"https:\/\/www.goiko.com\/es\/bases-condiciones\/bbll_apertura_ccparquecorredor-copy-2\/"},"modified":"2025-08-08T10:23:52","modified_gmt":"2025-08-08T09:23:52","slug":"bbll_refillpatatas2025","status":"publish","type":"page","link":"https:\/\/www.goiko.com\/es\/bases-condiciones\/bbll_refillpatatas2025\/","title":{"rendered":"BASES LEGALES | FREE REFILL DE PATATAS"},"content":{"rendered":"<h2 data-pm-slice=\"1 1 []\">FREE REFILL DE PATATAS | BASES LEGALES<\/h2>\n<div>\n<p>GOIKO GOURMET S.L. de C.I.F B-86.590.841, con domicilio fiscal en calle Maestro \u00c1ngel Llorca, 6, planta 5, C.P. 28003 en adelante GOIKO. Ofrece a sus clientes la promoci\u00f3n \u201cFREE REFILL DE PATATAS\u201d, bajo las siguientes descripciones y condiciones.<\/p>\n<p><strong>PRIMERO. &#8211; OBJETIVO.<\/strong><br \/>\nGOIKO comunicar\u00e1 esta promoci\u00f3n a trav\u00e9s de sus redes de comunicaci\u00f3n con el fin de que sus clientes puedan disfrutar de esta.<\/p>\n<p><strong>SEGUNDO. &#8211; RESTAURANTES Y PLAZO.<\/strong><br \/>\nEsta promoci\u00f3n estar\u00e1 vigente desde el d\u00eda 17 de junio de 2025 hasta el 31 de diciembre de 2025.<br \/>\nSer\u00e1 aplicable a todos los GOIKO de la Pen\u00ednsula Ib\u00e9rica, Andorra, Islas Canarias e Islas Baleares (queda excluido el restaurante GOIKO Aeropuerto Palma de Mallorca).<br \/>\nNo ser\u00e1 v\u00e1lida en pedidos de delivery ni take away.<\/p>\n<p><strong>TERCERO. &#8211; CONDICIONES DE LA PROMOCI\u00d3N.<\/strong><br \/>\n&#8211; El comensal deber\u00e1 realizar un pedido m\u00ednimo de UNA (1) hamburguesa de la carta para que sea v\u00e1lido el refill de patatas sobre \u00e9se mismo producto solicitado.<br \/>\n&#8211; El comensal deber\u00e1 elegir en el pedido la raci\u00f3n de patatas que desea.<br \/>\n&#8211; Las patatas refill ser\u00e1n el mismo tipo de patatas que el comensal eligi\u00f3 al pedir su hamburguesa.<br \/>\n&#8211; Las guarniciones a elegir ser\u00e1n: Patatas r\u00fasticas, Patatas finas, Sweet Potatoes y guarnici\u00f3n ensalada (lechugas con tomate).<br \/>\n&#8211; La promoci\u00f3n ser\u00e1 v\u00e1lida \u00fanicamente en sala excluyendo as\u00ed el canje en pedidos para llevar y a trav\u00e9s de la plataforma Delivery by GOIKO y otras plataformas externas.<br \/>\n&#8211; Se podr\u00e1 hacer el refil de las patatas hasta un m\u00e1ximo de 3 veces.<\/p>\n<p><strong>&#8211; El canje NO ser\u00e1 v\u00e1lido con las siguientes promociones:<\/strong><br \/>\n\u25cf Men\u00fa del D\u00eda.<br \/>\n\u25cf Men\u00fa Kids.<br \/>\n\u25cf Vouchers de productos de Friends With Benefits canjeados por Goikoins.<br \/>\n\u25cf No v\u00e1lido con promoci\u00f3n \u201clas patatas del TARDEO\u00bb.<br \/>\n\u25cf NO es acumulable con otras promociones.<br \/>\n\u25cf NO es acumulable con otros descuentos.<br \/>\n\u25cf NO es acumulable con Men\u00fas especiales.<\/p>\n<p>&#8211; La promoci\u00f3n no podr\u00e1 ser canjeada por dinero en efectivo o por cualquier otro producto no aplicable en la misma.<\/p>\n<p><strong>CUARTO.- MODIFICACIONES.<\/strong><br \/>\nGOIKO se reserva el derecho a realizar modificaciones o a\u00f1adir anexos sobre las presentes Bases, siempre que las mismas est\u00e9n justificadas o no perjudiquen a los involucrados.<\/p>\n<p><strong>QUINTO.- TRATAMIENTO DE DATOS DE CAR\u00c1CTER PERSONAL.<\/strong><br \/>\nEn caso de que sean necesario los datos personales de los participantes de la promoci\u00f3n, \u00e9stos ser\u00e1n de acuerdo con las condiciones establecidas a continuaci\u00f3n en el siguiente enlace: https:\/\/www.goiko.com\/es\/politica_de_proteccion_de_datos\/.<\/p>\n<p><strong>SEXTO.- LEGISLACI\u00d3N APLICABLE Y FUERA COMPETENTE.<\/strong><br \/>\nEsta promoci\u00f3n se rige por la legislaci\u00f3n vigente en Espa\u00f1a y por las presentes Bases. Ser\u00e1n competentes para resolver cualquier reclamaci\u00f3n o controversia que pudieran plantearse en relaci\u00f3n con la validez, interpretaci\u00f3n o cumplimiento de estas Bases los Juzgados y Tribunales de la ciudad de Madrid.<\/p>\n<\/div>\n","protected":false},"excerpt":{"rendered":"<p>FREE REFILL DE PATATAS | BASES LEGALES GOIKO GOURMET S.L. de C.I.F B-86.590.841, con domicilio fiscal en calle Maestro \u00c1ngel Llorca, 6, planta 5, C.P. 28003 en adelante GOIKO. Ofrece a sus clientes la promoci\u00f3n \u201cFREE REFILL DE PATATAS\u201d, bajo las siguientes descripciones y condiciones. PRIMERO. &#8211; OBJETIVO. GOIKO comunicar\u00e1 esta promoci\u00f3n a trav\u00e9s de [&hellip;]<\/p>\n","protected":false},"author":53,"featured_media":66059,"parent":24894,"menu_order":0,"comment_status":"closed","ping_status":"closed","template":"","meta":{"footnotes":""},"class_list":["post-66057","page","type-page","status-publish","has-post-thumbnail","hentry"],"acf":[],"yoast_head":"<!-- This site is optimized with the Yoast SEO plugin v23.8 - https:\/\/yoast.com\/wordpress\/plugins\/seo\/ -->\n<title>BASES LEGALES | FREE REFILL DE PATATAS - GOIKO<\/title>\n<meta name=\"description\" content=\"Conoce aqu\u00ed las condiciones de nuestro refill de patatas GOIKO.\" \/>\n<meta name=\"robots\" content=\"index, follow, max-snippet:-1, max-image-preview:large, max-video-preview:-1\" \/>\n<link rel=\"canonical\" href=\"https:\/\/www.goiko.com\/es\/bases-condiciones\/bbll_refillpatatas2025\/\" \/>\n<meta property=\"og:locale\" content=\"es_ES\" \/>\n<meta property=\"og:type\" content=\"article\" \/>\n<meta property=\"og:title\" content=\"BASES LEGALES | FREE REFILL DE PATATAS - GOIKO\" \/>\n<meta property=\"og:description\" content=\"Conoce aqu\u00ed las condiciones de nuestro refill de patatas GOIKO.\" \/>\n<meta property=\"og:url\" content=\"https:\/\/www.goiko.com\/es\/bases-condiciones\/bbll_refillpatatas2025\/\" \/>\n<meta property=\"og:site_name\" content=\"GOIKO\" \/>\n<meta property=\"article:publisher\" content=\"https:\/\/www.facebook.com\/goiko\" \/>\n<meta property=\"article:modified_time\" content=\"2025-08-08T09:23:52+00:00\" \/>\n<meta property=\"og:image\" content=\"https:\/\/www.goiko.com\/es\/wp-content\/uploads\/2025\/06\/Cabecera-RefillPatatas_v2-scaled.jpg\" \/>\n\t<meta property=\"og:image:width\" content=\"1440\" \/>\n\t<meta property=\"og:image:height\" content=\"2560\" \/>\n\t<meta property=\"og:image:type\" content=\"image\/jpeg\" \/>\n<meta name=\"twitter:card\" content=\"summary_large_image\" \/>\n<meta name=\"twitter:site\" content=\"@goiko\" \/>\n<meta name=\"twitter:label1\" content=\"Tiempo de lectura\" \/>\n\t<meta name=\"twitter:data1\" content=\"3 minutos\" \/>\n<script type=\"application\/ld+json\" class=\"yoast-schema-graph\">{\"@context\":\"https:\/\/schema.org\",\"@graph\":[{\"@type\":\"WebPage\",\"@id\":\"https:\/\/www.goiko.com\/es\/bases-condiciones\/bbll_refillpatatas2025\/\",\"url\":\"https:\/\/www.goiko.com\/es\/bases-condiciones\/bbll_refillpatatas2025\/\",\"name\":\"BASES LEGALES | FREE REFILL DE PATATAS - GOIKO\",\"isPartOf\":{\"@id\":\"https:\/\/www.goiko.com\/es\/#website\"},\"primaryImageOfPage\":{\"@id\":\"https:\/\/www.goiko.com\/es\/bases-condiciones\/bbll_refillpatatas2025\/#primaryimage\"},\"image\":{\"@id\":\"https:\/\/www.goiko.com\/es\/bases-condiciones\/bbll_refillpatatas2025\/#primaryimage\"},\"thumbnailUrl\":\"https:\/\/www.goiko.com\/es\/wp-content\/uploads\/2025\/06\/Cabecera-RefillPatatas_v2-scaled.jpg\",\"datePublished\":\"2025-06-17T07:25:20+00:00\",\"dateModified\":\"2025-08-08T09:23:52+00:00\",\"description\":\"Conoce aqu\u00ed las condiciones de nuestro refill de patatas GOIKO.\",\"breadcrumb\":{\"@id\":\"https:\/\/www.goiko.com\/es\/bases-condiciones\/bbll_refillpatatas2025\/#breadcrumb\"},\"inLanguage\":\"es\",\"potentialAction\":[{\"@type\":\"ReadAction\",\"target\":[\"https:\/\/www.goiko.com\/es\/bases-condiciones\/bbll_refillpatatas2025\/\"]}]},{\"@type\":\"ImageObject\",\"inLanguage\":\"es\",\"@id\":\"https:\/\/www.goiko.com\/es\/bases-condiciones\/bbll_refillpatatas2025\/#primaryimage\",\"url\":\"https:\/\/www.goiko.com\/es\/wp-content\/uploads\/2025\/06\/Cabecera-RefillPatatas_v2-scaled.jpg\",\"contentUrl\":\"https:\/\/www.goiko.com\/es\/wp-content\/uploads\/2025\/06\/Cabecera-RefillPatatas_v2-scaled.jpg\",\"width\":1440,\"height\":2560},{\"@type\":\"BreadcrumbList\",\"@id\":\"https:\/\/www.goiko.com\/es\/bases-condiciones\/bbll_refillpatatas2025\/#breadcrumb\",\"itemListElement\":[{\"@type\":\"ListItem\",\"position\":1,\"name\":\"Portada\",\"item\":\"https:\/\/www.goiko.com\/es\/\"},{\"@type\":\"ListItem\",\"position\":2,\"name\":\"Bases y condiciones\",\"item\":\"https:\/\/www.goiko.com\/es\/bases-condiciones\/\"},{\"@type\":\"ListItem\",\"position\":3,\"name\":\"BASES LEGALES | FREE REFILL DE PATATAS\"}]},{\"@type\":\"WebSite\",\"@id\":\"https:\/\/www.goiko.com\/es\/#website\",\"url\":\"https:\/\/www.goiko.com\/es\/\",\"name\":\"GOIKO\",\"description\":\"Chorreo Forever\",\"potentialAction\":[{\"@type\":\"SearchAction\",\"target\":{\"@type\":\"EntryPoint\",\"urlTemplate\":\"https:\/\/www.goiko.com\/es\/?s={search_term_string}\"},\"query-input\":{\"@type\":\"PropertyValueSpecification\",\"valueRequired\":true,\"valueName\":\"search_term_string\"}}],\"inLanguage\":\"es\"}]}<\/script>\n<!-- \/ Yoast SEO plugin. -->","yoast_head_json":{"title":"BASES LEGALES | FREE REFILL DE PATATAS - GOIKO","description":"Conoce aqu\u00ed las condiciones de nuestro refill de patatas GOIKO.","robots":{"index":"index","follow":"follow","max-snippet":"max-snippet:-1","max-image-preview":"max-image-preview:large","max-video-preview":"max-video-preview:-1"},"canonical":"https:\/\/www.goiko.com\/es\/bases-condiciones\/bbll_refillpatatas2025\/","og_locale":"es_ES","og_type":"article","og_title":"BASES LEGALES | FREE REFILL DE PATATAS - GOIKO","og_description":"Conoce aqu\u00ed las condiciones de nuestro refill de patatas GOIKO.","og_url":"https:\/\/www.goiko.com\/es\/bases-condiciones\/bbll_refillpatatas2025\/","og_site_name":"GOIKO","article_publisher":"https:\/\/www.facebook.com\/goiko","article_modified_time":"2025-08-08T09:23:52+00:00","og_image":[{"width":1440,"height":2560,"url":"https:\/\/www.goiko.com\/es\/wp-content\/uploads\/2025\/06\/Cabecera-RefillPatatas_v2-scaled.jpg","type":"image\/jpeg"}],"twitter_card":"summary_large_image","twitter_site":"@goiko","twitter_misc":{"Tiempo de lectura":"3 minutos"},"schema":{"@context":"https:\/\/schema.org","@graph":[{"@type":"WebPage","@id":"https:\/\/www.goiko.com\/es\/bases-condiciones\/bbll_refillpatatas2025\/","url":"https:\/\/www.goiko.com\/es\/bases-condiciones\/bbll_refillpatatas2025\/","name":"BASES LEGALES | FREE REFILL DE PATATAS - GOIKO","isPartOf":{"@id":"https:\/\/www.goiko.com\/es\/#website"},"primaryImageOfPage":{"@id":"https:\/\/www.goiko.com\/es\/bases-condiciones\/bbll_refillpatatas2025\/#primaryimage"},"image":{"@id":"https:\/\/www.goiko.com\/es\/bases-condiciones\/bbll_refillpatatas2025\/#primaryimage"},"thumbnailUrl":"https:\/\/www.goiko.com\/es\/wp-content\/uploads\/2025\/06\/Cabecera-RefillPatatas_v2-scaled.jpg","datePublished":"2025-06-17T07:25:20+00:00","dateModified":"2025-08-08T09:23:52+00:00","description":"Conoce aqu\u00ed las condiciones de nuestro refill de patatas GOIKO.","breadcrumb":{"@id":"https:\/\/www.goiko.com\/es\/bases-condiciones\/bbll_refillpatatas2025\/#breadcrumb"},"inLanguage":"es","potentialAction":[{"@type":"ReadAction","target":["https:\/\/www.goiko.com\/es\/bases-condiciones\/bbll_refillpatatas2025\/"]}]},{"@type":"ImageObject","inLanguage":"es","@id":"https:\/\/www.goiko.com\/es\/bases-condiciones\/bbll_refillpatatas2025\/#primaryimage","url":"https:\/\/www.goiko.com\/es\/wp-content\/uploads\/2025\/06\/Cabecera-RefillPatatas_v2-scaled.jpg","contentUrl":"https:\/\/www.goiko.com\/es\/wp-content\/uploads\/2025\/06\/Cabecera-RefillPatatas_v2-scaled.jpg","width":1440,"height":2560},{"@type":"BreadcrumbList","@id":"https:\/\/www.goiko.com\/es\/bases-condiciones\/bbll_refillpatatas2025\/#breadcrumb","itemListElement":[{"@type":"ListItem","position":1,"name":"Portada","item":"https:\/\/www.goiko.com\/es\/"},{"@type":"ListItem","position":2,"name":"Bases y condiciones","item":"https:\/\/www.goiko.com\/es\/bases-condiciones\/"},{"@type":"ListItem","position":3,"name":"BASES LEGALES | FREE REFILL DE PATATAS"}]},{"@type":"WebSite","@id":"https:\/\/www.goiko.com\/es\/#website","url":"https:\/\/www.goiko.com\/es\/","name":"GOIKO","description":"Chorreo Forever","potentialAction":[{"@type":"SearchAction","target":{"@type":"EntryPoint","urlTemplate":"https:\/\/www.goiko.com\/es\/?s={search_term_string}"},"query-input":{"@type":"PropertyValueSpecification","valueRequired":true,"valueName":"search_term_string"}}],"inLanguage":"es"}]}},"_links":{"self":[{"href":"https:\/\/www.goiko.com\/es\/wp-json\/wp\/v2\/pages\/66057","targetHints":{"allow":["GET"]}}],"collection":[{"href":"https:\/\/www.goiko.com\/es\/wp-json\/wp\/v2\/pages"}],"about":[{"href":"https:\/\/www.goiko.com\/es\/wp-json\/wp\/v2\/types\/page"}],"author":[{"embeddable":true,"href":"https:\/\/www.goiko.com\/es\/wp-json\/wp\/v2\/users\/53"}],"replies":[{"embeddable":true,"href":"https:\/\/www.goiko.com\/es\/wp-json\/wp\/v2\/comments?post=66057"}],"version-history":[{"count":4,"href":"https:\/\/www.goiko.com\/es\/wp-json\/wp\/v2\/pages\/66057\/revisions"}],"predecessor-version":[{"id":66840,"href":"https:\/\/www.goiko.com\/es\/wp-json\/wp\/v2\/pages\/66057\/revisions\/66840"}],"up":[{"embeddable":true,"href":"https:\/\/www.goiko.com\/es\/wp-json\/wp\/v2\/pages\/24894"}],"wp:featuredmedia":[{"embeddable":true,"href":"https:\/\/www.goiko.com\/es\/wp-json\/wp\/v2\/media\/66059"}],"wp:attachment":[{"href":"https:\/\/www.goiko.com\/es\/wp-json\/wp\/v2\/media?parent=66057"}],"curies":[{"name":"wp","href":"https:\/\/api.w.org\/{rel}","templated":true}]}}