{"id":66170,"date":"2025-06-30T09:23:28","date_gmt":"2025-06-30T08:23:28","guid":{"rendered":"https:\/\/www.goiko.com\/es\/bases-condiciones\/bbll_sorteogoikoxwaynabox-copy\/"},"modified":"2025-06-30T09:27:52","modified_gmt":"2025-06-30T08:27:52","slug":"bbll_freefrozenglutenfree","status":"publish","type":"page","link":"https:\/\/www.goiko.com\/es\/bases-condiciones\/bbll_freefrozenglutenfree\/","title":{"rendered":"BASES LEGALES FREE FROZEN GLUTEN FREE"},"content":{"rendered":"<h2 data-pm-slice=\"1 1 []\">BASES LEGALES FREE FROZEN GLUTEN FREE<\/h2>\n<div>\n<p><strong>Goiko Gourmet S.L. <\/strong>de C.I.F. <strong>B-86.590.841,<\/strong> con domicilio fiscal en calle Maestro \u00c1ngel Llorca, 6, planta 5, CP 28003 en adelante <strong>GOIKO.<\/strong> Ofrece a sus clientes la promoci\u00f3n <strong>\u201c<\/strong><strong><u>FREE FROZEN<\/u><\/strong><strong>\u201d, <\/strong>en adelante la promoci\u00f3n, bajo las siguientes descripciones y condiciones.<\/p>\n<p>&nbsp;<\/p>\n<p><strong>PRIMERO.<\/strong><strong>&#8211; <\/strong><u>OBJETIVO. <\/u><\/p>\n<p>GOIKO obsequiar\u00e1 UN (1) Frozen de postre a cada persona que realice UN (1) consumo minimo de alguno de los productos m\u00e1s adelante mencionados. Esta promoci\u00f3n estar\u00e1 sujeta a las condiciones abajo expuestas.<\/p>\n<p>&nbsp;<\/p>\n<p><strong>SEGUNDO.<\/strong><strong>&#8211; <\/strong><u>RESTAURANTE Y PLAZO<\/u><\/p>\n<p>Esta promoci\u00f3n estar\u00e1 vigente desde el lunes 30 de junio de 2025 hasta el jueves 31 de julio de 2025 ambos incluidos, y se podr\u00e1n canjear de lunes a domingo, en los horarios en que nuestros restaurantes ofrezcan servicio.<\/p>\n<p><strong>Ser\u00e1 aplicable en el restaurante GOIKO GLUTEN FREE, ubicado en la Calle Mar\u00eda de Molina, 20, Bajo. 28006, Madrid. No ser\u00e1 v\u00e1lida en pedidos de delivery ni take away.<\/strong><\/p>\n<p>&nbsp;<\/p>\n<p><strong>TERCERO.<\/strong><strong>&#8211; <\/strong><u>DESCRIPCI\u00d3N Y CONDICIONES<\/u><u> DEL CANJE. <\/u><\/p>\n<ul>\n<li>GOIKO ofrecer\u00e1 en sala la promoci\u00f3n de UN (1) Frozen free con el consumo m\u00ednimo de UNA (1) hamburguesa (excepto la Goiko Kids) de nuestra carta como objeto validador de la misma.<\/li>\n<li>Para aplicar la promoci\u00f3n, el cliente deber\u00e1 presentar al Staff el c\u00f3digo QR promocional desde su dispositivo m\u00f3vil previo al pago, que ser\u00e1 comunicado por GOIKO a trav\u00e9s de un Post en Instagram.<\/li>\n<li>El cliente podr\u00e1 escoger s\u00f3lo UN (1) Frozen en cualquiera de las versiones disponibles.<\/li>\n<li>Podr\u00e1n canjearse varias promociones \u201c<u>FREE FROZEN<\/u>\u201d en un mismo ticket, siempre y cuando se cumplan las condiciones de cada una de ellas.<\/li>\n<li>La hamburguesa validadora de la promoci\u00f3n no puede haber sido objeto de aplicaci\u00f3n de ninguna otra promoci\u00f3n o descuento que a su vez afecte su precio.<\/li>\n<li>En el supuesto de que el cliente desee agregar cualquier extra al frozen o producto adicionales en el ticket de consumo, estos ser\u00e1n debidamente cobrados al Cliente con los m\u00e9todos de pagos disponibles en los restaurantes.<\/li>\n<li>El Frozen free est\u00e1 sujeto a disponibilidad de inventario, pudiendo agotarse su existencia en cualquier restaurante.<\/li>\n<li>En los casos en los que el Frozen a descontar se haya agotado, esta situaci\u00f3n NO dar\u00e1 lugar a exigir cualquier otro postre o producto de nuestra carta que no sea el Frozen en las presentaciones antes se\u00f1aladas.<\/li>\n<li>El canje s\u00f3lo ser\u00e1 v\u00e1lido para consumos dentro de los restaurantes GOIKO, excluyendo as\u00ed la posibilidad de pedir el producto para llevar, pedidos de Delivery en plataformas externas o pedidos de Take Away.<\/li>\n<li>La promoci\u00f3n no ser\u00e1 acumulable con otras incluyendo Men\u00fa del D\u00eda, Men\u00fas con precio cerrado, vouchers canjeados por Goikoins y cualquier otra promoci\u00f3n que suponga un % de descuento sobre el importe del ticket.<\/li>\n<li>La promoci\u00f3n ser\u00e1 compatible con Vouchers de Loyalty.<\/li>\n<li>El Frozen no podr\u00e1 ser canjeado por dinero en efectivo o por cualquier otro producto no aplicable en la promoci\u00f3n.<\/li>\n<\/ul>\n<p>&nbsp;<\/p>\n<p><strong>CUARTO.- <\/strong><u>MODIFICACIONES, SUSPEN<\/u><u>SI\u00d3N O CANCELACI\u00d3N. <\/u><\/p>\n<p>GOIKO se reserva el derecho a realizar modificaciones, a\u00f1adir anexos sobre las presentes Bases (siempre que los mismos est\u00e9n justificados y no perjudiquen a los involucrados) o a la cancelaci\u00f3n o suspensi\u00f3n de la promoci\u00f3n.<\/p>\n<p>&nbsp;<\/p>\n<p><strong>QUINTO.<\/strong><strong>&#8211; <\/strong><u>TRATAMIENTO DE DATOS DE CAR\u00c1CTER PERSONAL. <\/u><\/p>\n<p>En caso de que sean necesarios los datos personales de los participantes de la promoci\u00f3n, \u00e9stos ser\u00e1n tratados de acuerdo con las condiciones establecidas a continuaci\u00f3n en el siguiente enlace:\u00a0<a href=\"https:\/\/www.goiko.com\/politica_de_proteccion_de_datos\/\">T\u00e9rminos y condiciones Friends With Benefits &#8211; GOIKO<\/a><\/p>\n<p>&nbsp;<\/p>\n<p><strong><u>SEXTO.- <\/u><\/strong><u>LEGIS<\/u><u>LACI\u00d3N APLICABLE Y FUERO COMPETENTE. <\/u><\/p>\n<p>Esta promoci\u00f3n se rige por la\u00a0legislaci\u00f3n vigente en Espa\u00f1a y por las presentes Bases. Ser\u00e1n competentes\u00a0para resolver cualquier reclamaci\u00f3n o controversia que pudiera plantearse en\u00a0relaci\u00f3n con la validez, interpretaci\u00f3n o cumplimiento de estas Bases los\u00a0Juzgados y Tribunales de la ciudad de Madrid.<\/p>\n<\/div>\n","protected":false},"excerpt":{"rendered":"<p>BASES LEGALES FREE FROZEN GLUTEN FREE Goiko Gourmet S.L. de C.I.F. B-86.590.841, con domicilio fiscal en calle Maestro \u00c1ngel Llorca, 6, planta 5, CP 28003 en adelante GOIKO. Ofrece a sus clientes la promoci\u00f3n \u201cFREE FROZEN\u201d, en adelante la promoci\u00f3n, bajo las siguientes descripciones y condiciones. &nbsp; PRIMERO.&#8211; OBJETIVO. GOIKO obsequiar\u00e1 UN (1) Frozen de [&hellip;]<\/p>\n","protected":false},"author":53,"featured_media":64866,"parent":24894,"menu_order":0,"comment_status":"closed","ping_status":"closed","template":"","meta":{"footnotes":""},"class_list":["post-66170","page","type-page","status-publish","has-post-thumbnail","hentry"],"acf":[],"yoast_head":"<!-- This site is optimized with the Yoast SEO plugin v23.8 - https:\/\/yoast.com\/wordpress\/plugins\/seo\/ -->\n<title>BASES LEGALES FREE FROZEN GLUTEN FREE - GOIKO<\/title>\n<meta name=\"robots\" content=\"index, follow, max-snippet:-1, max-image-preview:large, max-video-preview:-1\" \/>\n<link rel=\"canonical\" href=\"https:\/\/www.goiko.com\/es\/bases-condiciones\/bbll_freefrozenglutenfree\/\" \/>\n<meta property=\"og:locale\" content=\"es_ES\" \/>\n<meta property=\"og:type\" content=\"article\" \/>\n<meta property=\"og:title\" content=\"BASES LEGALES FREE FROZEN GLUTEN FREE - GOIKO\" \/>\n<meta property=\"og:description\" content=\"BASES LEGALES FREE FROZEN GLUTEN FREE Goiko Gourmet S.L. de C.I.F. B-86.590.841, con domicilio fiscal en calle Maestro \u00c1ngel Llorca, 6, planta 5, CP 28003 en adelante GOIKO. Ofrece a sus clientes la promoci\u00f3n \u201cFREE FROZEN\u201d, en adelante la promoci\u00f3n, bajo las siguientes descripciones y condiciones. &nbsp; PRIMERO.&#8211; OBJETIVO. GOIKO obsequiar\u00e1 UN (1) Frozen de [&hellip;]\" \/>\n<meta property=\"og:url\" content=\"https:\/\/www.goiko.com\/es\/bases-condiciones\/bbll_freefrozenglutenfree\/\" \/>\n<meta property=\"og:site_name\" content=\"GOIKO\" \/>\n<meta property=\"article:publisher\" content=\"https:\/\/www.facebook.com\/goiko\" \/>\n<meta property=\"article:modified_time\" content=\"2025-06-30T08:27:52+00:00\" \/>\n<meta property=\"og:image\" content=\"https:\/\/www.goiko.com\/es\/wp-content\/uploads\/2025\/05\/Frozen-Original-GlutenFree-1200x600px.jpg\" \/>\n\t<meta property=\"og:image:width\" content=\"1200\" \/>\n\t<meta property=\"og:image:height\" content=\"600\" \/>\n\t<meta property=\"og:image:type\" content=\"image\/jpeg\" \/>\n<meta name=\"twitter:card\" content=\"summary_large_image\" \/>\n<meta name=\"twitter:site\" content=\"@goiko\" \/>\n<meta name=\"twitter:label1\" content=\"Tiempo de lectura\" \/>\n\t<meta name=\"twitter:data1\" content=\"3 minutos\" \/>\n<script type=\"application\/ld+json\" class=\"yoast-schema-graph\">{\"@context\":\"https:\/\/schema.org\",\"@graph\":[{\"@type\":\"WebPage\",\"@id\":\"https:\/\/www.goiko.com\/es\/bases-condiciones\/bbll_freefrozenglutenfree\/\",\"url\":\"https:\/\/www.goiko.com\/es\/bases-condiciones\/bbll_freefrozenglutenfree\/\",\"name\":\"BASES LEGALES FREE FROZEN GLUTEN FREE - GOIKO\",\"isPartOf\":{\"@id\":\"https:\/\/www.goiko.com\/es\/#website\"},\"primaryImageOfPage\":{\"@id\":\"https:\/\/www.goiko.com\/es\/bases-condiciones\/bbll_freefrozenglutenfree\/#primaryimage\"},\"image\":{\"@id\":\"https:\/\/www.goiko.com\/es\/bases-condiciones\/bbll_freefrozenglutenfree\/#primaryimage\"},\"thumbnailUrl\":\"https:\/\/www.goiko.com\/es\/wp-content\/uploads\/2025\/05\/Frozen-Original-GlutenFree-1200x600px.jpg\",\"datePublished\":\"2025-06-30T08:23:28+00:00\",\"dateModified\":\"2025-06-30T08:27:52+00:00\",\"breadcrumb\":{\"@id\":\"https:\/\/www.goiko.com\/es\/bases-condiciones\/bbll_freefrozenglutenfree\/#breadcrumb\"},\"inLanguage\":\"es\",\"potentialAction\":[{\"@type\":\"ReadAction\",\"target\":[\"https:\/\/www.goiko.com\/es\/bases-condiciones\/bbll_freefrozenglutenfree\/\"]}]},{\"@type\":\"ImageObject\",\"inLanguage\":\"es\",\"@id\":\"https:\/\/www.goiko.com\/es\/bases-condiciones\/bbll_freefrozenglutenfree\/#primaryimage\",\"url\":\"https:\/\/www.goiko.com\/es\/wp-content\/uploads\/2025\/05\/Frozen-Original-GlutenFree-1200x600px.jpg\",\"contentUrl\":\"https:\/\/www.goiko.com\/es\/wp-content\/uploads\/2025\/05\/Frozen-Original-GlutenFree-1200x600px.jpg\",\"width\":1200,\"height\":600},{\"@type\":\"BreadcrumbList\",\"@id\":\"https:\/\/www.goiko.com\/es\/bases-condiciones\/bbll_freefrozenglutenfree\/#breadcrumb\",\"itemListElement\":[{\"@type\":\"ListItem\",\"position\":1,\"name\":\"Portada\",\"item\":\"https:\/\/www.goiko.com\/es\/\"},{\"@type\":\"ListItem\",\"position\":2,\"name\":\"Bases y condiciones\",\"item\":\"https:\/\/www.goiko.com\/es\/bases-condiciones\/\"},{\"@type\":\"ListItem\",\"position\":3,\"name\":\"BASES LEGALES FREE FROZEN GLUTEN FREE\"}]},{\"@type\":\"WebSite\",\"@id\":\"https:\/\/www.goiko.com\/es\/#website\",\"url\":\"https:\/\/www.goiko.com\/es\/\",\"name\":\"GOIKO\",\"description\":\"Chorreo Forever\",\"potentialAction\":[{\"@type\":\"SearchAction\",\"target\":{\"@type\":\"EntryPoint\",\"urlTemplate\":\"https:\/\/www.goiko.com\/es\/?s={search_term_string}\"},\"query-input\":{\"@type\":\"PropertyValueSpecification\",\"valueRequired\":true,\"valueName\":\"search_term_string\"}}],\"inLanguage\":\"es\"}]}<\/script>\n<!-- \/ Yoast SEO plugin. -->","yoast_head_json":{"title":"BASES LEGALES FREE FROZEN GLUTEN FREE - GOIKO","robots":{"index":"index","follow":"follow","max-snippet":"max-snippet:-1","max-image-preview":"max-image-preview:large","max-video-preview":"max-video-preview:-1"},"canonical":"https:\/\/www.goiko.com\/es\/bases-condiciones\/bbll_freefrozenglutenfree\/","og_locale":"es_ES","og_type":"article","og_title":"BASES LEGALES FREE FROZEN GLUTEN FREE - GOIKO","og_description":"BASES LEGALES FREE FROZEN GLUTEN FREE Goiko Gourmet S.L. de C.I.F. B-86.590.841, con domicilio fiscal en calle Maestro \u00c1ngel Llorca, 6, planta 5, CP 28003 en adelante GOIKO. Ofrece a sus clientes la promoci\u00f3n \u201cFREE FROZEN\u201d, en adelante la promoci\u00f3n, bajo las siguientes descripciones y condiciones. &nbsp; PRIMERO.&#8211; OBJETIVO. GOIKO obsequiar\u00e1 UN (1) Frozen de [&hellip;]","og_url":"https:\/\/www.goiko.com\/es\/bases-condiciones\/bbll_freefrozenglutenfree\/","og_site_name":"GOIKO","article_publisher":"https:\/\/www.facebook.com\/goiko","article_modified_time":"2025-06-30T08:27:52+00:00","og_image":[{"width":1200,"height":600,"url":"https:\/\/www.goiko.com\/es\/wp-content\/uploads\/2025\/05\/Frozen-Original-GlutenFree-1200x600px.jpg","type":"image\/jpeg"}],"twitter_card":"summary_large_image","twitter_site":"@goiko","twitter_misc":{"Tiempo de lectura":"3 minutos"},"schema":{"@context":"https:\/\/schema.org","@graph":[{"@type":"WebPage","@id":"https:\/\/www.goiko.com\/es\/bases-condiciones\/bbll_freefrozenglutenfree\/","url":"https:\/\/www.goiko.com\/es\/bases-condiciones\/bbll_freefrozenglutenfree\/","name":"BASES LEGALES FREE FROZEN GLUTEN FREE - GOIKO","isPartOf":{"@id":"https:\/\/www.goiko.com\/es\/#website"},"primaryImageOfPage":{"@id":"https:\/\/www.goiko.com\/es\/bases-condiciones\/bbll_freefrozenglutenfree\/#primaryimage"},"image":{"@id":"https:\/\/www.goiko.com\/es\/bases-condiciones\/bbll_freefrozenglutenfree\/#primaryimage"},"thumbnailUrl":"https:\/\/www.goiko.com\/es\/wp-content\/uploads\/2025\/05\/Frozen-Original-GlutenFree-1200x600px.jpg","datePublished":"2025-06-30T08:23:28+00:00","dateModified":"2025-06-30T08:27:52+00:00","breadcrumb":{"@id":"https:\/\/www.goiko.com\/es\/bases-condiciones\/bbll_freefrozenglutenfree\/#breadcrumb"},"inLanguage":"es","potentialAction":[{"@type":"ReadAction","target":["https:\/\/www.goiko.com\/es\/bases-condiciones\/bbll_freefrozenglutenfree\/"]}]},{"@type":"ImageObject","inLanguage":"es","@id":"https:\/\/www.goiko.com\/es\/bases-condiciones\/bbll_freefrozenglutenfree\/#primaryimage","url":"https:\/\/www.goiko.com\/es\/wp-content\/uploads\/2025\/05\/Frozen-Original-GlutenFree-1200x600px.jpg","contentUrl":"https:\/\/www.goiko.com\/es\/wp-content\/uploads\/2025\/05\/Frozen-Original-GlutenFree-1200x600px.jpg","width":1200,"height":600},{"@type":"BreadcrumbList","@id":"https:\/\/www.goiko.com\/es\/bases-condiciones\/bbll_freefrozenglutenfree\/#breadcrumb","itemListElement":[{"@type":"ListItem","position":1,"name":"Portada","item":"https:\/\/www.goiko.com\/es\/"},{"@type":"ListItem","position":2,"name":"Bases y condiciones","item":"https:\/\/www.goiko.com\/es\/bases-condiciones\/"},{"@type":"ListItem","position":3,"name":"BASES LEGALES FREE FROZEN GLUTEN FREE"}]},{"@type":"WebSite","@id":"https:\/\/www.goiko.com\/es\/#website","url":"https:\/\/www.goiko.com\/es\/","name":"GOIKO","description":"Chorreo Forever","potentialAction":[{"@type":"SearchAction","target":{"@type":"EntryPoint","urlTemplate":"https:\/\/www.goiko.com\/es\/?s={search_term_string}"},"query-input":{"@type":"PropertyValueSpecification","valueRequired":true,"valueName":"search_term_string"}}],"inLanguage":"es"}]}},"_links":{"self":[{"href":"https:\/\/www.goiko.com\/es\/wp-json\/wp\/v2\/pages\/66170","targetHints":{"allow":["GET"]}}],"collection":[{"href":"https:\/\/www.goiko.com\/es\/wp-json\/wp\/v2\/pages"}],"about":[{"href":"https:\/\/www.goiko.com\/es\/wp-json\/wp\/v2\/types\/page"}],"author":[{"embeddable":true,"href":"https:\/\/www.goiko.com\/es\/wp-json\/wp\/v2\/users\/53"}],"replies":[{"embeddable":true,"href":"https:\/\/www.goiko.com\/es\/wp-json\/wp\/v2\/comments?post=66170"}],"version-history":[{"count":2,"href":"https:\/\/www.goiko.com\/es\/wp-json\/wp\/v2\/pages\/66170\/revisions"}],"predecessor-version":[{"id":66172,"href":"https:\/\/www.goiko.com\/es\/wp-json\/wp\/v2\/pages\/66170\/revisions\/66172"}],"up":[{"embeddable":true,"href":"https:\/\/www.goiko.com\/es\/wp-json\/wp\/v2\/pages\/24894"}],"wp:featuredmedia":[{"embeddable":true,"href":"https:\/\/www.goiko.com\/es\/wp-json\/wp\/v2\/media\/64866"}],"wp:attachment":[{"href":"https:\/\/www.goiko.com\/es\/wp-json\/wp\/v2\/media?parent=66170"}],"curies":[{"name":"wp","href":"https:\/\/api.w.org\/{rel}","templated":true}]}}