{"id":66764,"date":"2025-07-29T12:44:29","date_gmt":"2025-07-29T11:44:29","guid":{"rendered":"https:\/\/www.goiko.com\/es\/bases-condiciones\/100-kevin-andorra-copy\/"},"modified":"2025-07-30T11:21:53","modified_gmt":"2025-07-30T10:21:53","slug":"ray-ban-meta-wayfarer","status":"publish","type":"page","link":"https:\/\/www.goiko.com\/es\/bases-condiciones\/ray-ban-meta-wayfarer\/","title":{"rendered":"BASES LEGALES SORTEO \u201cGOIKO &#8211; RAY-BAN META WAYFARER\u201d"},"content":{"rendered":"<h2>BASES LEGALES SORTEO \u201cGOIKO &#8211; RAY-BAN META WAYFARER\u201d<\/h2>\n<p><strong>CL\u00c1USULA 1. \u2013 EMPRESA ORGANIZADORA.<\/strong><\/p>\n<p>GOIKO GOURMET S.L., (en adelante, GOIKO) con domicilio en Madrid CP 28003, C\/ Maestro \u00c1ngel Llorca 6, Planta 5, con CIF B-86.590.841, organiza en la fecha indicada a continuaci\u00f3n, el sorteo llamado \u201cGOIKO &#8211; RAY-BAN META WAYFARER\u201d (en adelante, el \u201cSorteo\u201d) de acuerdo con los requisitos que se recogen en estas Bases.<\/p>\n<p><strong>CL\u00c1USULA 2.- PLAZO Y MODO DE PARTICIPAR.<\/strong><br \/>\n-GOIKO comunicar\u00e1 el Sorteo a trav\u00e9s de su cuenta oficial de Instagram @goiko. El plazo para participar en el sorteo comienza el 29 de julio de 2025 hasta el 3 de agosto<br \/>\nde 2025. Quien desee participar deber\u00e1:<br \/>\n\u25cf Ser mayor de 18 a\u00f1os y residir en alg\u00fan punto del territorio espa\u00f1ol.<br \/>\n\u25cf Seguir la cuenta @goiko y @whereisleto.<br \/>\n\u25cf Darle like y comentar en dicha publicaci\u00f3n del sorteo.<\/p>\n<p><strong>CL\u00c1USULA 3.- PREMIO.<\/strong><br \/>\n-Se sortear\u00e1 UN (1) par de GAFAS RAY-BAN META WAYFARER y CINCO (5) BURGERS SMAC&amp;amp;CHEESE para (1) ganador<br \/>\nEspecificaciones:<br \/>\n\u25cf Se seleccionar\u00e1 UN (1) ganador. El ganador se llevar\u00e1 UN (1) par de GAFAS<br \/>\nRAY-BAN META WAYFARER y CINCO (5) BURGERS SMAC&amp;amp;CHEESE.<\/p>\n<p><strong>CL\u00c1USULA 4.- ELECCI\u00d3N DE GANADOR.<\/strong><br \/>\nSe nombrar\u00e1 UN (1) ganador y si fuese necesario, UN (1) suplente. El ganador ser\u00e1 seleccionado el 4 de agosto de 2025 mediante la herramienta de selecci\u00f3n aleatoria [https:\/\/arbitrery.com]<\/p>\n<p><strong>CL\u00c1USULA 5.- ENTREGA DEL PREMIO.<\/strong><br \/>\nGOIKO se pondr\u00e1 en contacto con los ganadores a trav\u00e9s de mensaje directo desde la cuenta de Instagram de la marca (@goiko). Se le solicitar\u00e1n a los ganadores los datos del domicilio para hacerles llegar las GAFAS RAY-BAN META WAYFARER. Desde dicha comunicaci\u00f3n, cada ganador dispondr\u00e1 de 72 horas, para aceptar el premio. En el caso de no recibir dicha aceptaci\u00f3n en el plazo indicado, o bien, si el ganador rechazase el premio expresamente por cualquier causa, el premio correspondiente se ofrecer\u00e1 al suplente, y si \u00e9ste no contestase en el mismo plazo o los rechazase, el premio de que se trate ser\u00e1 declarados desierto.<\/p>\n<p><strong>CL\u00c1USULA 6.- PROTECCI\u00d3N DE DATOS DE CAR\u00c1CTER PERSONAL.<\/strong><br \/>\nEl tratamiento de datos de car\u00e1cter personal de los participantes y ganador se hace conforme a lo establecido en la Pol\u00edtica de Protecci\u00f3n de datos de GOIKO, a la que puede acceder a trav\u00e9s del siguiente enlace: <a href=\"https:\/\/www.goiko.com\/politica_de_proteccion_de_datos\/\">https:\/\/www.goiko.com\/politica_de_proteccion_de_datos\/<\/a><\/p>\n<p><strong>CL\u00c1USULA 7.- ACEPTACI\u00d3N DE LAS BASES.<\/strong><br \/>\n1. El mero hecho de participar en el sorteo implica la aceptaci\u00f3n \u00edntegra de las presentes bases.<br \/>\n2. GOIKO se reserva el derecho a modificar las bases del sorteo, parcial o totalmente en cualquier momento en la medida que no perjudique o menoscabe los derechos de los participantes en el sorteo. Asimismo, se reserva tambi\u00e9n el derecho de anularlo o dejar el premio desierto en caso de detectarse alguna irregularidad. Realizada cualquier modificaci\u00f3n, \u00e9sta ser\u00e1 debidamente puesta en conocimiento de los participantes.<br \/>\n3. GOIKO se reserva el derecho de excluir de la participaci\u00f3n en el sorteo a todos aquellos participantes que, estime, est\u00e1n incumpliendo cualquier condici\u00f3n de participaci\u00f3n incluida en las presentes bases. La exclusi\u00f3n de un participante, cualquiera que sea la causa, conlleva la p\u00e9rdida de todos los derechos derivados de su condici\u00f3n como tal.<br \/>\n4. Cualquier utilizaci\u00f3n abusiva o fraudulenta de estas bases dar\u00e1 lugar a la consiguiente descalificaci\u00f3n del participante en el sorteo.<br \/>\n5. GOIKO queda eximido de cualquier responsabilidad en el supuesto de existir alg\u00fan error en los datos facilitados en su caso por los propios agraciados que impidiera su identificaci\u00f3n.<br \/>\n6.GOIKO est\u00e1 exento de cualquier responsabilidad derivada de cualquier circunstancia imputable a terceros que pueda afectar al desarrollo del sorteo y\/o a la entrega del premio.<br \/>\n7.GOIKO en ning\u00fan caso ser\u00e1 responsable por los da\u00f1os y perjuicios directa o indirectamente resultantes de cualquier fallo, problema, acci\u00f3n u omisi\u00f3n por parte de terceros ajenos a GOIKO, como por ejemplo y sin limitaci\u00f3n, ataques inform\u00e1ticos, huelgas, cualquier tipo de revuelta civil o amenaza, incendios, inundaciones, terremotos o desastres naturales, etc\u00e9tera. GOIKO en ning\u00fan caso ser\u00e1 responsable por cualquier da\u00f1o causado directa o indirectamente por cualquier acci\u00f3n, omisi\u00f3n o negligencia imputable a los participantes y\/o ganadores.<\/p>\n<p><strong>CL\u00c1USULA 8.- CAUSAS DE DESCALIFICACI\u00d3N DE UN PARTICIPANTE DEL<\/strong><br \/>\n<strong>SORTEO.<\/strong><br \/>\nEste sorteo se organiza con la pretensi\u00f3n de incentivar y fomentar la participaci\u00f3n de todos los concursantes en condiciones de igualdad y con estricto respeto al principio general de la buena fe. Por ese motivo, Goiko excluir\u00e1 autom\u00e1tica e inmediatamente del mismo a cualquier participante que transgreda las normas de buena fe, observe una conducta mendaz, inadecuada, falaz o impropia, emplee medios desproporcionados, fraudulentos o abusivos, o incumpla estas bases en cualquiera de sus extremos. En cualquier caso, con car\u00e1cter enunciativo, pero no limitativo, y en aquello que resulte de aplicaci\u00f3n, se excluir\u00e1 a cualquier participante del sorteo en los siguientes casos:<br \/>\n1. Empleo de v\u00edas, sistemas o dispositivos para alterar el sistema registro de tickets, la introducci\u00f3n automatizada de datos o c\u00f3digos. La mera sospecha de que un participante est\u00e1 utilizando cualquier sistema automatizado para la introducci\u00f3n masiva o repetitiva de los datos o c\u00f3digos necesarios para participar en el sorteo, dar\u00e1 lugar a la exclusi\u00f3n inmediata de todas sus participaciones y le inhabilitar\u00e1 para recibir cualquier premio, sin que sea necesario comunic\u00e1rselo.<br \/>\n2. Introducci\u00f3n de datos personales, inexactos, err\u00f3neos, no coincidentes o falsos. La constataci\u00f3n de que un participante ha introducido datos personales inexactos, alterados o falsos, dar\u00e1 lugar a la exclusi\u00f3n inmediata de todas sus participaciones en el Concurso, y le inhabilitar\u00e1 para recibir cualquier premio, sin que sea necesario comunic\u00e1rselo.<br \/>\n3. De igual modo, cualquier anomal\u00eda atribuible a un participante que impida, altere o perturbe el normal desarrollo del sorteo, que afecte o perjudique a cualquier otro participante, que pueda falsear los datos de participaci\u00f3n, comprometa la seguridad o la fiabilidad de los sistemas t\u00e9cnicos utilizados para su desarrollo, o que contravenga, de alg\u00fan otro modo las presentes bases, dar\u00e1 derecho a Goiko a excluir unilateral e inmediatamente a dicho participante y a dar cuenta de los hechos a las autoridades competentes. En caso de que cualquiera de las anteriores irregularidades, o cualesquiera otras, se detecten con posterioridad a la entrega efectiva de alguno de los premios, Goiko se reserva el derecho de ejercitar las acciones legales pertinentes contra su autor o responsable, entre otras, las tendentes a la devoluci\u00f3n del premio.<\/p>\n<p><strong>9.- LEY APLICABLE \u2013 CONTROVERSIA.<\/strong><br \/>\nEstas bases legales se regir\u00e1n de conformidad con la ley espa\u00f1ola. Ser\u00e1n competentes para resolver cualquier reclamaci\u00f3n o controversia que pudiera plantearse en relaci\u00f3n con la validez, interpretaci\u00f3n o cumplimiento de estas bases los Juzgados y Tribunales de la ciudad de Madrid.<\/p>\n","protected":false},"excerpt":{"rendered":"<p>BASES LEGALES SORTEO \u201cGOIKO &#8211; RAY-BAN META WAYFARER\u201d CL\u00c1USULA 1. \u2013 EMPRESA ORGANIZADORA. GOIKO GOURMET S.L., (en adelante, GOIKO) con domicilio en Madrid CP 28003, C\/ Maestro \u00c1ngel Llorca 6, Planta 5, con CIF B-86.590.841, organiza en la fecha indicada a continuaci\u00f3n, el sorteo llamado \u201cGOIKO &#8211; RAY-BAN META WAYFARER\u201d (en adelante, el \u201cSorteo\u201d) de [&hellip;]<\/p>\n","protected":false},"author":53,"featured_media":54877,"parent":24894,"menu_order":0,"comment_status":"closed","ping_status":"closed","template":"","meta":{"footnotes":""},"class_list":["post-66764","page","type-page","status-publish","has-post-thumbnail","hentry"],"acf":[],"yoast_head":"<!-- This site is optimized with the Yoast SEO plugin v23.8 - https:\/\/yoast.com\/wordpress\/plugins\/seo\/ -->\n<title>BASES LEGALES SORTEO \u201cGOIKO - RAY-BAN META WAYFARER\u201d - GOIKO<\/title>\n<meta name=\"robots\" content=\"index, follow, max-snippet:-1, max-image-preview:large, max-video-preview:-1\" \/>\n<link rel=\"canonical\" href=\"https:\/\/www.goiko.com\/es\/bases-condiciones\/ray-ban-meta-wayfarer\/\" \/>\n<meta property=\"og:locale\" content=\"es_ES\" \/>\n<meta property=\"og:type\" content=\"article\" \/>\n<meta property=\"og:title\" content=\"BASES LEGALES SORTEO \u201cGOIKO - RAY-BAN META WAYFARER\u201d - GOIKO\" \/>\n<meta property=\"og:description\" content=\"BASES LEGALES SORTEO \u201cGOIKO &#8211; RAY-BAN META WAYFARER\u201d CL\u00c1USULA 1. \u2013 EMPRESA ORGANIZADORA. GOIKO GOURMET S.L., (en adelante, GOIKO) con domicilio en Madrid CP 28003, C\/ Maestro \u00c1ngel Llorca 6, Planta 5, con CIF B-86.590.841, organiza en la fecha indicada a continuaci\u00f3n, el sorteo llamado \u201cGOIKO &#8211; RAY-BAN META WAYFARER\u201d (en adelante, el \u201cSorteo\u201d) de [&hellip;]\" \/>\n<meta property=\"og:url\" content=\"https:\/\/www.goiko.com\/es\/bases-condiciones\/ray-ban-meta-wayfarer\/\" \/>\n<meta property=\"og:site_name\" content=\"GOIKO\" \/>\n<meta property=\"article:publisher\" content=\"https:\/\/www.facebook.com\/goiko\" \/>\n<meta property=\"article:modified_time\" content=\"2025-07-30T10:21:53+00:00\" \/>\n<meta property=\"og:image\" content=\"https:\/\/www.goiko.com\/es\/wp-content\/uploads\/2023\/10\/CARRUSEL_GOIKODAYOK_NEW_V2.png\" \/>\n\t<meta property=\"og:image:width\" content=\"1600\" \/>\n\t<meta property=\"og:image:height\" content=\"1000\" \/>\n\t<meta property=\"og:image:type\" content=\"image\/png\" \/>\n<meta name=\"twitter:card\" content=\"summary_large_image\" \/>\n<meta name=\"twitter:site\" content=\"@goiko\" \/>\n<meta name=\"twitter:label1\" content=\"Tiempo de lectura\" \/>\n\t<meta name=\"twitter:data1\" content=\"6 minutos\" \/>\n<script type=\"application\/ld+json\" class=\"yoast-schema-graph\">{\"@context\":\"https:\/\/schema.org\",\"@graph\":[{\"@type\":\"WebPage\",\"@id\":\"https:\/\/www.goiko.com\/es\/bases-condiciones\/ray-ban-meta-wayfarer\/\",\"url\":\"https:\/\/www.goiko.com\/es\/bases-condiciones\/ray-ban-meta-wayfarer\/\",\"name\":\"BASES LEGALES SORTEO \u201cGOIKO - RAY-BAN META WAYFARER\u201d - GOIKO\",\"isPartOf\":{\"@id\":\"https:\/\/www.goiko.com\/es\/#website\"},\"primaryImageOfPage\":{\"@id\":\"https:\/\/www.goiko.com\/es\/bases-condiciones\/ray-ban-meta-wayfarer\/#primaryimage\"},\"image\":{\"@id\":\"https:\/\/www.goiko.com\/es\/bases-condiciones\/ray-ban-meta-wayfarer\/#primaryimage\"},\"thumbnailUrl\":\"https:\/\/www.goiko.com\/es\/wp-content\/uploads\/2023\/10\/CARRUSEL_GOIKODAYOK_NEW_V2.png\",\"datePublished\":\"2025-07-29T11:44:29+00:00\",\"dateModified\":\"2025-07-30T10:21:53+00:00\",\"breadcrumb\":{\"@id\":\"https:\/\/www.goiko.com\/es\/bases-condiciones\/ray-ban-meta-wayfarer\/#breadcrumb\"},\"inLanguage\":\"es\",\"potentialAction\":[{\"@type\":\"ReadAction\",\"target\":[\"https:\/\/www.goiko.com\/es\/bases-condiciones\/ray-ban-meta-wayfarer\/\"]}]},{\"@type\":\"ImageObject\",\"inLanguage\":\"es\",\"@id\":\"https:\/\/www.goiko.com\/es\/bases-condiciones\/ray-ban-meta-wayfarer\/#primaryimage\",\"url\":\"https:\/\/www.goiko.com\/es\/wp-content\/uploads\/2023\/10\/CARRUSEL_GOIKODAYOK_NEW_V2.png\",\"contentUrl\":\"https:\/\/www.goiko.com\/es\/wp-content\/uploads\/2023\/10\/CARRUSEL_GOIKODAYOK_NEW_V2.png\",\"width\":1600,\"height\":1000},{\"@type\":\"BreadcrumbList\",\"@id\":\"https:\/\/www.goiko.com\/es\/bases-condiciones\/ray-ban-meta-wayfarer\/#breadcrumb\",\"itemListElement\":[{\"@type\":\"ListItem\",\"position\":1,\"name\":\"Portada\",\"item\":\"https:\/\/www.goiko.com\/es\/\"},{\"@type\":\"ListItem\",\"position\":2,\"name\":\"Bases y condiciones\",\"item\":\"https:\/\/www.goiko.com\/es\/bases-condiciones\/\"},{\"@type\":\"ListItem\",\"position\":3,\"name\":\"BASES LEGALES SORTEO \u201cGOIKO &#8211; RAY-BAN META WAYFARER\u201d\"}]},{\"@type\":\"WebSite\",\"@id\":\"https:\/\/www.goiko.com\/es\/#website\",\"url\":\"https:\/\/www.goiko.com\/es\/\",\"name\":\"GOIKO\",\"description\":\"Chorreo Forever\",\"potentialAction\":[{\"@type\":\"SearchAction\",\"target\":{\"@type\":\"EntryPoint\",\"urlTemplate\":\"https:\/\/www.goiko.com\/es\/?s={search_term_string}\"},\"query-input\":{\"@type\":\"PropertyValueSpecification\",\"valueRequired\":true,\"valueName\":\"search_term_string\"}}],\"inLanguage\":\"es\"}]}<\/script>\n<!-- \/ Yoast SEO plugin. -->","yoast_head_json":{"title":"BASES LEGALES SORTEO \u201cGOIKO - RAY-BAN META WAYFARER\u201d - GOIKO","robots":{"index":"index","follow":"follow","max-snippet":"max-snippet:-1","max-image-preview":"max-image-preview:large","max-video-preview":"max-video-preview:-1"},"canonical":"https:\/\/www.goiko.com\/es\/bases-condiciones\/ray-ban-meta-wayfarer\/","og_locale":"es_ES","og_type":"article","og_title":"BASES LEGALES SORTEO \u201cGOIKO - RAY-BAN META WAYFARER\u201d - GOIKO","og_description":"BASES LEGALES SORTEO \u201cGOIKO &#8211; RAY-BAN META WAYFARER\u201d CL\u00c1USULA 1. \u2013 EMPRESA ORGANIZADORA. GOIKO GOURMET S.L., (en adelante, GOIKO) con domicilio en Madrid CP 28003, C\/ Maestro \u00c1ngel Llorca 6, Planta 5, con CIF B-86.590.841, organiza en la fecha indicada a continuaci\u00f3n, el sorteo llamado \u201cGOIKO &#8211; RAY-BAN META WAYFARER\u201d (en adelante, el \u201cSorteo\u201d) de [&hellip;]","og_url":"https:\/\/www.goiko.com\/es\/bases-condiciones\/ray-ban-meta-wayfarer\/","og_site_name":"GOIKO","article_publisher":"https:\/\/www.facebook.com\/goiko","article_modified_time":"2025-07-30T10:21:53+00:00","og_image":[{"width":1600,"height":1000,"url":"https:\/\/www.goiko.com\/es\/wp-content\/uploads\/2023\/10\/CARRUSEL_GOIKODAYOK_NEW_V2.png","type":"image\/png"}],"twitter_card":"summary_large_image","twitter_site":"@goiko","twitter_misc":{"Tiempo de lectura":"6 minutos"},"schema":{"@context":"https:\/\/schema.org","@graph":[{"@type":"WebPage","@id":"https:\/\/www.goiko.com\/es\/bases-condiciones\/ray-ban-meta-wayfarer\/","url":"https:\/\/www.goiko.com\/es\/bases-condiciones\/ray-ban-meta-wayfarer\/","name":"BASES LEGALES SORTEO \u201cGOIKO - RAY-BAN META WAYFARER\u201d - GOIKO","isPartOf":{"@id":"https:\/\/www.goiko.com\/es\/#website"},"primaryImageOfPage":{"@id":"https:\/\/www.goiko.com\/es\/bases-condiciones\/ray-ban-meta-wayfarer\/#primaryimage"},"image":{"@id":"https:\/\/www.goiko.com\/es\/bases-condiciones\/ray-ban-meta-wayfarer\/#primaryimage"},"thumbnailUrl":"https:\/\/www.goiko.com\/es\/wp-content\/uploads\/2023\/10\/CARRUSEL_GOIKODAYOK_NEW_V2.png","datePublished":"2025-07-29T11:44:29+00:00","dateModified":"2025-07-30T10:21:53+00:00","breadcrumb":{"@id":"https:\/\/www.goiko.com\/es\/bases-condiciones\/ray-ban-meta-wayfarer\/#breadcrumb"},"inLanguage":"es","potentialAction":[{"@type":"ReadAction","target":["https:\/\/www.goiko.com\/es\/bases-condiciones\/ray-ban-meta-wayfarer\/"]}]},{"@type":"ImageObject","inLanguage":"es","@id":"https:\/\/www.goiko.com\/es\/bases-condiciones\/ray-ban-meta-wayfarer\/#primaryimage","url":"https:\/\/www.goiko.com\/es\/wp-content\/uploads\/2023\/10\/CARRUSEL_GOIKODAYOK_NEW_V2.png","contentUrl":"https:\/\/www.goiko.com\/es\/wp-content\/uploads\/2023\/10\/CARRUSEL_GOIKODAYOK_NEW_V2.png","width":1600,"height":1000},{"@type":"BreadcrumbList","@id":"https:\/\/www.goiko.com\/es\/bases-condiciones\/ray-ban-meta-wayfarer\/#breadcrumb","itemListElement":[{"@type":"ListItem","position":1,"name":"Portada","item":"https:\/\/www.goiko.com\/es\/"},{"@type":"ListItem","position":2,"name":"Bases y condiciones","item":"https:\/\/www.goiko.com\/es\/bases-condiciones\/"},{"@type":"ListItem","position":3,"name":"BASES LEGALES SORTEO \u201cGOIKO &#8211; RAY-BAN META WAYFARER\u201d"}]},{"@type":"WebSite","@id":"https:\/\/www.goiko.com\/es\/#website","url":"https:\/\/www.goiko.com\/es\/","name":"GOIKO","description":"Chorreo Forever","potentialAction":[{"@type":"SearchAction","target":{"@type":"EntryPoint","urlTemplate":"https:\/\/www.goiko.com\/es\/?s={search_term_string}"},"query-input":{"@type":"PropertyValueSpecification","valueRequired":true,"valueName":"search_term_string"}}],"inLanguage":"es"}]}},"_links":{"self":[{"href":"https:\/\/www.goiko.com\/es\/wp-json\/wp\/v2\/pages\/66764","targetHints":{"allow":["GET"]}}],"collection":[{"href":"https:\/\/www.goiko.com\/es\/wp-json\/wp\/v2\/pages"}],"about":[{"href":"https:\/\/www.goiko.com\/es\/wp-json\/wp\/v2\/types\/page"}],"author":[{"embeddable":true,"href":"https:\/\/www.goiko.com\/es\/wp-json\/wp\/v2\/users\/53"}],"replies":[{"embeddable":true,"href":"https:\/\/www.goiko.com\/es\/wp-json\/wp\/v2\/comments?post=66764"}],"version-history":[{"count":3,"href":"https:\/\/www.goiko.com\/es\/wp-json\/wp\/v2\/pages\/66764\/revisions"}],"predecessor-version":[{"id":66767,"href":"https:\/\/www.goiko.com\/es\/wp-json\/wp\/v2\/pages\/66764\/revisions\/66767"}],"up":[{"embeddable":true,"href":"https:\/\/www.goiko.com\/es\/wp-json\/wp\/v2\/pages\/24894"}],"wp:featuredmedia":[{"embeddable":true,"href":"https:\/\/www.goiko.com\/es\/wp-json\/wp\/v2\/media\/54877"}],"wp:attachment":[{"href":"https:\/\/www.goiko.com\/es\/wp-json\/wp\/v2\/media?parent=66764"}],"curies":[{"name":"wp","href":"https:\/\/api.w.org\/{rel}","templated":true}]}}