{"id":66894,"date":"2025-08-12T12:50:05","date_gmt":"2025-08-12T11:50:05","guid":{"rendered":"https:\/\/www.goiko.com\/es\/bases-condiciones\/bbll_mupimallorcafrozengratis-copy\/"},"modified":"2025-08-12T13:00:17","modified_gmt":"2025-08-12T12:00:17","slug":"bbll_mupimallorcaentrantegratis","status":"publish","type":"page","link":"https:\/\/www.goiko.com\/es\/bases-condiciones\/bbll_mupimallorcaentrantegratis\/","title":{"rendered":"BASES LEGALES | ENTRANTE GRATIS CC MALLORCA FASHION OUTLET"},"content":{"rendered":"<h2 data-pm-slice=\"1 1 []\">BASES LEGALES Mupi Verano CC Mallorca Fashion Outlet: Entrante gratis en consumo de una Burger<\/h2>\n<div>\n<p>GOIKO BALEARES SL de C.I.F. BB56160112 , con domicilio fiscal en Carretera antigua de Yepes 1. Oca\u00f1a (Toledo), C.P. 45300 en adelante GOIKO BALEARES Ofrece a sus clientes la promoci\u00f3n \u201cEnrante gratis\u201d, bajo las siguientes descripciones y condiciones.<\/p>\n<p><strong>PRIMERO.- OBJETIVO.<\/strong><br \/>\nGOIKO Baleares obsequiar\u00e1 UN (1) Entrante (los m\u00e1s adelante mencionados) a cada persona que realice UN (1) consumo m\u00ednimo de alguno de los productos m\u00e1s adelante mencionados. Esta promoci\u00f3n estar\u00e1 sujeta a las condiciones abajo expuestas.<\/p>\n<p><strong>SEGUNDO.- RESTAURANTE Y PLAZO<\/strong><br \/>\nEsta promoci\u00f3n estar\u00e1 vigente desde el 16 de agosto de 2025 hasta 16 de septiembre del 2025, y se podr\u00e1n canjear en los horarios en que nuestro restaurante PMIOF (Mallorca Fashion Outlet) ofrezca servicio.<br \/>\nSer\u00e1 aplicable de forma exclusiva en PMIOF (Mallorca Fashion Outlet) con un consumo exclusivo en Sala. No ser\u00e1 v\u00e1lida en pedidos de delivery ni take away.<\/p>\n<p><strong>TERCERO.- DESCRIPCI\u00d3N Y CONDICIONES DEL CANJE.<\/strong><br \/>\n\u2013 GOIKO ofrecer\u00e1 en sala la promoci\u00f3n de UN (1) Entrante (a elegir entre Teques, Chicken Tenders small, Nachorreo small, Chicken wings small, Onion Rings o Teque Vinci) a descontar con el consumo m\u00ednimo de UNA (1) hamburguesa de nuestra carta como objeto validador de la misma.<br \/>\n\u2013 Para aplicar la promoci\u00f3n, el cliente deber\u00e1 presentar al Staff el c\u00f3digo QR promocional desde el cup\u00f3n en la wallet (cartera digital) en su dispositivo m\u00f3vil previo al pago.<br \/>\n\u2013 No v\u00e1lido para llevar, delivery, men\u00fa del d\u00eda, Goiko Kids ni otras promos.<br \/>\n\u2013 El cliente podr\u00e1 escoger s\u00f3lo UN (1) Entrante a elegir entre Teques, Chicken Tenders small, Nachorreo small, Chicken wings small, Onion Rings o Teque Vinci.<br \/>\n\u2013 No podr\u00e1n canjearse varias promociones en un mismo ticket.<br \/>\n\u2013 La hamburguesa validadora de la promoci\u00f3n no puede haber sido objeto de aplicaci\u00f3n de ninguna otra promoci\u00f3n o descuento que a su vez afecte su precio.<br \/>\n\u2013 En el supuesto de que el cliente desee agregar cualquier extra a la hamburguesa, entrante o productos adicionales en el ticket de consumo, estos ser\u00e1n debidamente cobrados al Cliente con los m\u00e9todos de pagos disponibles en los restaurantes.<br \/>\n\u2013 El Entrante a descontar est\u00e1 sujeto a disponibilidad de inventario, pudiendo agotarse su existencia en cualquier restaurante.<br \/>\n\u2013 En los casos en los que el Entrante a descontar se haya agotado, esta situaci\u00f3n NO dar\u00e1 lugar a exigir cualquier otro Entrante o producto de nuestra carta que no sean los antes se\u00f1alados.<br \/>\n\u2013 El canje s\u00f3lo ser\u00e1 v\u00e1lido para consumos dentro de los restaurantes GOIKO, excluyendo as\u00ed la posibilidad de pedir el producto para llevar, pedidos de Delivery en plataformas externas o pedidos de Take Away.<br \/>\n\u2013 La promoci\u00f3n no ser\u00e1 acumulable con otras incluyendo Men\u00fa del D\u00eda, Men\u00fas con precio cerrado, vouchers canjeados por Goikoins y cualquier otra promoci\u00f3n que suponga un % de descuento sobre el importe del ticket.<br \/>\n\u2013 La promoci\u00f3n ser\u00e1 compatible con Vouchers de Loyalty.<br \/>\n\u2013 El Entrante no podr\u00e1 ser canjeado por dinero en efectivo o por cualquier otro producto no aplicable en la promoci\u00f3n.<\/p>\n<p><strong>CUARTO.- MODIFICACIONES, SUSPENSI\u00d3N O CANCELACI\u00d3N.<\/strong><br \/>\nGOIKO se reserva el derecho a realizar modificaciones, a\u00f1adir anexos sobre las presentes Bases (siempre que los mismos est\u00e9n justificados y no perjudiquen a los involucrados) o a la cancelaci\u00f3n o suspensi\u00f3n de la promoci\u00f3n.<br \/>\n<strong>QUINTO.- TRATAMIENTO DE DATOS DE CAR\u00c1CTER PERSONAL.<\/strong><br \/>\nEn caso de que sean necesarios los datos personales de los participantes de la promoci\u00f3n, estos ser\u00e1n tratados de acuerdo con las condiciones establecidas a continuaci\u00f3n en el siguiente enlace: T\u00e9rminos y condiciones Friends With Benefits \u2013 GOIKO<br \/>\n<strong>SEXTO.- LEGISLACI\u00d3N APLICABLE Y FUERO COMPETENTE.<\/strong><br \/>\nEsta promoci\u00f3n se rige por la legislaci\u00f3n vigente en Espa\u00f1a y por las presentes Bases. Ser\u00e1n competentes para resolver cualquier reclamaci\u00f3n o controversia que pudiera plantearse en relaci\u00f3n con la validez, interpretaci\u00f3n o cumplimiento de estas Bases los Juzgados y Tribunales de la ciudad de Madrid.<\/p>\n<p>&nbsp;<\/p>\n<\/div>\n","protected":false},"excerpt":{"rendered":"<p>BASES LEGALES Mupi Verano CC Mallorca Fashion Outlet: Entrante gratis en consumo de una Burger GOIKO BALEARES SL de C.I.F. BB56160112 , con domicilio fiscal en Carretera antigua de Yepes 1. Oca\u00f1a (Toledo), C.P. 45300 en adelante GOIKO BALEARES Ofrece a sus clientes la promoci\u00f3n \u201cEnrante gratis\u201d, bajo las siguientes descripciones y condiciones. PRIMERO.- OBJETIVO. [&hellip;]<\/p>\n","protected":false},"author":12,"featured_media":62030,"parent":24894,"menu_order":0,"comment_status":"closed","ping_status":"closed","template":"","meta":{"footnotes":""},"class_list":["post-66894","page","type-page","status-publish","has-post-thumbnail","hentry"],"acf":[],"yoast_head":"<!-- This site is optimized with the Yoast SEO plugin v23.8 - https:\/\/yoast.com\/wordpress\/plugins\/seo\/ -->\n<title>BASES LEGALES | ENTRANTE GRATIS CC MALLORCA FASHION OUTLET - GOIKO<\/title>\n<meta name=\"robots\" content=\"index, follow, max-snippet:-1, max-image-preview:large, max-video-preview:-1\" \/>\n<link rel=\"canonical\" href=\"https:\/\/www.goiko.com\/es\/bases-condiciones\/bbll_mupimallorcaentrantegratis\/\" \/>\n<meta property=\"og:locale\" content=\"es_ES\" \/>\n<meta property=\"og:type\" content=\"article\" \/>\n<meta property=\"og:title\" content=\"BASES LEGALES | ENTRANTE GRATIS CC MALLORCA FASHION OUTLET - GOIKO\" \/>\n<meta property=\"og:description\" content=\"BASES LEGALES Mupi Verano CC Mallorca Fashion Outlet: Entrante gratis en consumo de una Burger GOIKO BALEARES SL de C.I.F. BB56160112 , con domicilio fiscal en Carretera antigua de Yepes 1. Oca\u00f1a (Toledo), C.P. 45300 en adelante GOIKO BALEARES Ofrece a sus clientes la promoci\u00f3n \u201cEnrante gratis\u201d, bajo las siguientes descripciones y condiciones. PRIMERO.- OBJETIVO. [&hellip;]\" \/>\n<meta property=\"og:url\" content=\"https:\/\/www.goiko.com\/es\/bases-condiciones\/bbll_mupimallorcaentrantegratis\/\" \/>\n<meta property=\"og:site_name\" content=\"GOIKO\" \/>\n<meta property=\"article:publisher\" content=\"https:\/\/www.facebook.com\/goiko\" \/>\n<meta property=\"article:modified_time\" content=\"2025-08-12T12:00:17+00:00\" \/>\n<meta property=\"og:image\" content=\"https:\/\/www.goiko.com\/es\/wp-content\/uploads\/2025\/02\/FROZEN_ORIGINAL_1200x600px.png\" \/>\n\t<meta property=\"og:image:width\" content=\"1200\" \/>\n\t<meta property=\"og:image:height\" content=\"600\" \/>\n\t<meta property=\"og:image:type\" content=\"image\/png\" \/>\n<meta name=\"twitter:card\" content=\"summary_large_image\" \/>\n<meta name=\"twitter:site\" content=\"@goiko\" \/>\n<meta name=\"twitter:label1\" content=\"Tiempo de lectura\" \/>\n\t<meta name=\"twitter:data1\" content=\"4 minutos\" \/>\n<script type=\"application\/ld+json\" class=\"yoast-schema-graph\">{\"@context\":\"https:\/\/schema.org\",\"@graph\":[{\"@type\":\"WebPage\",\"@id\":\"https:\/\/www.goiko.com\/es\/bases-condiciones\/bbll_mupimallorcaentrantegratis\/\",\"url\":\"https:\/\/www.goiko.com\/es\/bases-condiciones\/bbll_mupimallorcaentrantegratis\/\",\"name\":\"BASES LEGALES | ENTRANTE GRATIS CC MALLORCA FASHION OUTLET - GOIKO\",\"isPartOf\":{\"@id\":\"https:\/\/www.goiko.com\/es\/#website\"},\"primaryImageOfPage\":{\"@id\":\"https:\/\/www.goiko.com\/es\/bases-condiciones\/bbll_mupimallorcaentrantegratis\/#primaryimage\"},\"image\":{\"@id\":\"https:\/\/www.goiko.com\/es\/bases-condiciones\/bbll_mupimallorcaentrantegratis\/#primaryimage\"},\"thumbnailUrl\":\"https:\/\/www.goiko.com\/es\/wp-content\/uploads\/2025\/02\/FROZEN_ORIGINAL_1200x600px.png\",\"datePublished\":\"2025-08-12T11:50:05+00:00\",\"dateModified\":\"2025-08-12T12:00:17+00:00\",\"breadcrumb\":{\"@id\":\"https:\/\/www.goiko.com\/es\/bases-condiciones\/bbll_mupimallorcaentrantegratis\/#breadcrumb\"},\"inLanguage\":\"es\",\"potentialAction\":[{\"@type\":\"ReadAction\",\"target\":[\"https:\/\/www.goiko.com\/es\/bases-condiciones\/bbll_mupimallorcaentrantegratis\/\"]}]},{\"@type\":\"ImageObject\",\"inLanguage\":\"es\",\"@id\":\"https:\/\/www.goiko.com\/es\/bases-condiciones\/bbll_mupimallorcaentrantegratis\/#primaryimage\",\"url\":\"https:\/\/www.goiko.com\/es\/wp-content\/uploads\/2025\/02\/FROZEN_ORIGINAL_1200x600px.png\",\"contentUrl\":\"https:\/\/www.goiko.com\/es\/wp-content\/uploads\/2025\/02\/FROZEN_ORIGINAL_1200x600px.png\",\"width\":1200,\"height\":600},{\"@type\":\"BreadcrumbList\",\"@id\":\"https:\/\/www.goiko.com\/es\/bases-condiciones\/bbll_mupimallorcaentrantegratis\/#breadcrumb\",\"itemListElement\":[{\"@type\":\"ListItem\",\"position\":1,\"name\":\"Portada\",\"item\":\"https:\/\/www.goiko.com\/es\/\"},{\"@type\":\"ListItem\",\"position\":2,\"name\":\"Bases y condiciones\",\"item\":\"https:\/\/www.goiko.com\/es\/bases-condiciones\/\"},{\"@type\":\"ListItem\",\"position\":3,\"name\":\"BASES LEGALES | ENTRANTE GRATIS CC MALLORCA FASHION OUTLET\"}]},{\"@type\":\"WebSite\",\"@id\":\"https:\/\/www.goiko.com\/es\/#website\",\"url\":\"https:\/\/www.goiko.com\/es\/\",\"name\":\"GOIKO\",\"description\":\"Chorreo Forever\",\"potentialAction\":[{\"@type\":\"SearchAction\",\"target\":{\"@type\":\"EntryPoint\",\"urlTemplate\":\"https:\/\/www.goiko.com\/es\/?s={search_term_string}\"},\"query-input\":{\"@type\":\"PropertyValueSpecification\",\"valueRequired\":true,\"valueName\":\"search_term_string\"}}],\"inLanguage\":\"es\"}]}<\/script>\n<!-- \/ Yoast SEO plugin. -->","yoast_head_json":{"title":"BASES LEGALES | ENTRANTE GRATIS CC MALLORCA FASHION OUTLET - GOIKO","robots":{"index":"index","follow":"follow","max-snippet":"max-snippet:-1","max-image-preview":"max-image-preview:large","max-video-preview":"max-video-preview:-1"},"canonical":"https:\/\/www.goiko.com\/es\/bases-condiciones\/bbll_mupimallorcaentrantegratis\/","og_locale":"es_ES","og_type":"article","og_title":"BASES LEGALES | ENTRANTE GRATIS CC MALLORCA FASHION OUTLET - GOIKO","og_description":"BASES LEGALES Mupi Verano CC Mallorca Fashion Outlet: Entrante gratis en consumo de una Burger GOIKO BALEARES SL de C.I.F. BB56160112 , con domicilio fiscal en Carretera antigua de Yepes 1. Oca\u00f1a (Toledo), C.P. 45300 en adelante GOIKO BALEARES Ofrece a sus clientes la promoci\u00f3n \u201cEnrante gratis\u201d, bajo las siguientes descripciones y condiciones. PRIMERO.- OBJETIVO. [&hellip;]","og_url":"https:\/\/www.goiko.com\/es\/bases-condiciones\/bbll_mupimallorcaentrantegratis\/","og_site_name":"GOIKO","article_publisher":"https:\/\/www.facebook.com\/goiko","article_modified_time":"2025-08-12T12:00:17+00:00","og_image":[{"width":1200,"height":600,"url":"https:\/\/www.goiko.com\/es\/wp-content\/uploads\/2025\/02\/FROZEN_ORIGINAL_1200x600px.png","type":"image\/png"}],"twitter_card":"summary_large_image","twitter_site":"@goiko","twitter_misc":{"Tiempo de lectura":"4 minutos"},"schema":{"@context":"https:\/\/schema.org","@graph":[{"@type":"WebPage","@id":"https:\/\/www.goiko.com\/es\/bases-condiciones\/bbll_mupimallorcaentrantegratis\/","url":"https:\/\/www.goiko.com\/es\/bases-condiciones\/bbll_mupimallorcaentrantegratis\/","name":"BASES LEGALES | ENTRANTE GRATIS CC MALLORCA FASHION OUTLET - GOIKO","isPartOf":{"@id":"https:\/\/www.goiko.com\/es\/#website"},"primaryImageOfPage":{"@id":"https:\/\/www.goiko.com\/es\/bases-condiciones\/bbll_mupimallorcaentrantegratis\/#primaryimage"},"image":{"@id":"https:\/\/www.goiko.com\/es\/bases-condiciones\/bbll_mupimallorcaentrantegratis\/#primaryimage"},"thumbnailUrl":"https:\/\/www.goiko.com\/es\/wp-content\/uploads\/2025\/02\/FROZEN_ORIGINAL_1200x600px.png","datePublished":"2025-08-12T11:50:05+00:00","dateModified":"2025-08-12T12:00:17+00:00","breadcrumb":{"@id":"https:\/\/www.goiko.com\/es\/bases-condiciones\/bbll_mupimallorcaentrantegratis\/#breadcrumb"},"inLanguage":"es","potentialAction":[{"@type":"ReadAction","target":["https:\/\/www.goiko.com\/es\/bases-condiciones\/bbll_mupimallorcaentrantegratis\/"]}]},{"@type":"ImageObject","inLanguage":"es","@id":"https:\/\/www.goiko.com\/es\/bases-condiciones\/bbll_mupimallorcaentrantegratis\/#primaryimage","url":"https:\/\/www.goiko.com\/es\/wp-content\/uploads\/2025\/02\/FROZEN_ORIGINAL_1200x600px.png","contentUrl":"https:\/\/www.goiko.com\/es\/wp-content\/uploads\/2025\/02\/FROZEN_ORIGINAL_1200x600px.png","width":1200,"height":600},{"@type":"BreadcrumbList","@id":"https:\/\/www.goiko.com\/es\/bases-condiciones\/bbll_mupimallorcaentrantegratis\/#breadcrumb","itemListElement":[{"@type":"ListItem","position":1,"name":"Portada","item":"https:\/\/www.goiko.com\/es\/"},{"@type":"ListItem","position":2,"name":"Bases y condiciones","item":"https:\/\/www.goiko.com\/es\/bases-condiciones\/"},{"@type":"ListItem","position":3,"name":"BASES LEGALES | ENTRANTE GRATIS CC MALLORCA FASHION OUTLET"}]},{"@type":"WebSite","@id":"https:\/\/www.goiko.com\/es\/#website","url":"https:\/\/www.goiko.com\/es\/","name":"GOIKO","description":"Chorreo Forever","potentialAction":[{"@type":"SearchAction","target":{"@type":"EntryPoint","urlTemplate":"https:\/\/www.goiko.com\/es\/?s={search_term_string}"},"query-input":{"@type":"PropertyValueSpecification","valueRequired":true,"valueName":"search_term_string"}}],"inLanguage":"es"}]}},"_links":{"self":[{"href":"https:\/\/www.goiko.com\/es\/wp-json\/wp\/v2\/pages\/66894","targetHints":{"allow":["GET"]}}],"collection":[{"href":"https:\/\/www.goiko.com\/es\/wp-json\/wp\/v2\/pages"}],"about":[{"href":"https:\/\/www.goiko.com\/es\/wp-json\/wp\/v2\/types\/page"}],"author":[{"embeddable":true,"href":"https:\/\/www.goiko.com\/es\/wp-json\/wp\/v2\/users\/12"}],"replies":[{"embeddable":true,"href":"https:\/\/www.goiko.com\/es\/wp-json\/wp\/v2\/comments?post=66894"}],"version-history":[{"count":2,"href":"https:\/\/www.goiko.com\/es\/wp-json\/wp\/v2\/pages\/66894\/revisions"}],"predecessor-version":[{"id":66896,"href":"https:\/\/www.goiko.com\/es\/wp-json\/wp\/v2\/pages\/66894\/revisions\/66896"}],"up":[{"embeddable":true,"href":"https:\/\/www.goiko.com\/es\/wp-json\/wp\/v2\/pages\/24894"}],"wp:featuredmedia":[{"embeddable":true,"href":"https:\/\/www.goiko.com\/es\/wp-json\/wp\/v2\/media\/62030"}],"wp:attachment":[{"href":"https:\/\/www.goiko.com\/es\/wp-json\/wp\/v2\/media?parent=66894"}],"curies":[{"name":"wp","href":"https:\/\/api.w.org\/{rel}","templated":true}]}}