{"id":67281,"date":"2025-09-23T14:31:20","date_gmt":"2025-09-23T13:31:20","guid":{"rendered":"https:\/\/www.goiko.com\/es\/bases-condiciones\/menudenoche-copy\/"},"modified":"2025-10-31T10:28:26","modified_gmt":"2025-10-31T09:28:26","slug":"menudenochegoiko","status":"publish","type":"page","link":"https:\/\/www.goiko.com\/es\/bases-condiciones\/menudenochegoiko\/","title":{"rendered":"BASES LEGALES | MEN\u00da DE NOCHE"},"content":{"rendered":"<p><b>BASES LEGALES \u2013 \u201cMEN\u00da DE NOCHE\u201d<\/b><\/p>\n<p><strong>GOIKO GOURMET S.L.<\/strong> de C.I.F. <strong>B-86.590.841<\/strong>, con domicilio fiscal en calle Maestro \u00c1ngel Llorca, 6, planta 5, C.P. 28003 en adelante GOIKO. Ofrece a sus clientes la promoci\u00f3n \u201c<strong><u>MEN\u00da DE NOCHE PARA 2 PERSONAS<\/u><\/strong>\u201d, en adelante la promoci\u00f3n, bajo las siguientes descripciones y condiciones.<\/p>\n<p><u>PRIMERO.- <strong>OBJETIVO. <\/strong><\/u><\/p>\n<p>GOIKO ofrecer\u00e1 en sus restaurantes la promoci\u00f3n <strong>\u201c<u>MEN\u00da DE NOCHE PARA 2 PERSONAS<\/u><\/strong>\u201d para que sus clientes puedan disfrutar de la misma. Esta promoci\u00f3n estar\u00e1 sujeta a las condiciones abajo expuestas.<\/p>\n<p><u>SEGUNDO.- <strong>RESTAURANTE Y PLAZO.<\/strong> <\/u><\/p>\n<p>La promoci\u00f3n estar\u00e1 vigente desde el mi\u00e9rcoles 23 de septiembre de 2025. Solo ser\u00e1 v\u00e1lido en sala.<\/p>\n<p>Ser\u00e1 aplicable en todos los restaurantes GOIKO de la Pen\u00ednsula Ib\u00e9rica, Isla Canarias (excluyendo de la promoci\u00f3n a GOIKO Islas Baleares, Andorra, GOIKO Aeropuerto de Mallorca y GOIKO Gluten Free). No ser\u00e1 v\u00e1lida en pedido de delivery ni takeaway.<\/p>\n<p>Disponible de lunes a domingo, a partir de las 20:00 horas. No disponible en festivos.<\/p>\n<p><u>TERCERO.- <strong>DESCRIPCI\u00d3N Y CONDICIONES DE LA PROMOCI\u00d3N. <\/strong><\/u><\/p>\n<ul>\n<li>GOIKO ofrecer\u00e1 a sus clientes la promoci\u00f3n de <u>\u201c<strong>MEN\u00da NOCHE PARA 2 PERSONAS\u201d<\/strong><\/u> por un precio de 19,90\u20ac por persona, que incluye:\n<ul>\n<li><strong>UNA (1) BEBIDA POR PERSONA<\/strong>, a elegir entre agua (con gas o sin gas), refresco, doble de cerveza, tinto de verano, Goiko Ice tea (lim\u00f3n o melocot\u00f3n).<\/li>\n<li><strong>UN (1) ENTRANTE SMALL PARA COMPARTIR<\/strong>, a elegir entre Teques Small, Chicken Tenders Small, Onions Rings Small, Crispy Chicken Wings Small o Nachorreo Small.<\/li>\n<li><strong>UNA (1) BURGER CON PATATAS POR PERSONA<\/strong>, a elegir entre Burgers Kikiller, Smaschic, La Moza o Ensalada Chicken Garden (sin patatas).<\/li>\n<li><strong>UN (1) POSTRE PARA COMPARTIR<\/strong>, a elegir entre Frozen de la Yaya o Frozen Original.<\/li>\n<\/ul>\n<\/li>\n<li>Para que la promoci\u00f3n sea v\u00e1lida, el cliente deber\u00e1 solicitarlo en pareja, m\u00ednimo 2 personas y siempre en n\u00famero par.<\/li>\n<li>Podr\u00e1n canjearse varias promociones de \u201c<strong><u>MENU DE NOCHE 2 PERSONAS\u201d <\/u><\/strong>en un mismo ticket siempre y cuando se cumplan las condiciones de cada una de ellas.<\/li>\n<li>En el supuesto de que el cliente desee agregar cualquier extra a la hamburguesa o producto adicional en el ticket de consumo, estos ser\u00e1n debidamente cobrados al cliente con los m\u00e9todos de pago disponibles en los restaurantes.<\/li>\n<li>No se permiten cambios por productos fuera del men\u00fa ni combinaciones no contempladas en estas bases.<\/li>\n<li>El precio es por persona, no por pareja.<\/li>\n<li>La promoci\u00f3n s\u00f3lo ser\u00e1 v\u00e1lida para consumos en las salas de los restaurantes GOIKO excluyendo as\u00ed la posibilidad de canje del c\u00f3digo en pedidos de Takeaway, pedidos de Delivery propio o de plataformas externas.<\/li>\n<li>La promoci\u00f3n objeto de estas bases no es compatible con Men\u00fa del D\u00eda, Men\u00fas con precio cerrado, vouchers canjeados por Goikoins y cualquier otra promoci\u00f3n que suponga un % de descuento sobre el importe del ticket.<\/li>\n<\/ul>\n<p><u>CUARTO.- <strong>MODIFICACIONES<\/strong>. <\/u><\/p>\n<p>GOIKO se reserva el derecho a realizar modificaciones o a\u00f1adir anexos sobre las presentes Bases, siempre que las mismas est\u00e9n justificadas o no perjudiquen a los involucrados.<\/p>\n<p><u>QUINTO.- <strong>TRATAMIENTO DE DATOS DE CAR\u00c1CTER PERSONAL. <\/strong><\/u><\/p>\n<p>En caso de que sean necesarios los datos personales de los participantes de la promoci\u00f3n, \u00e9stos ser\u00e1n tratados de acuerdo con las condiciones establecidas a continuaci\u00f3n en el siguiente enlace: <a href=\"https:\/\/www.goiko.com\/politica_de_proteccion_de_datos\/\">T\u00e9rminos y condiciones Friends With Benefits &#8211; GOIKO<\/a><strong><u>. <\/u><\/strong><\/p>\n<p><u>SEXTO. &#8211; <strong>LEGISLACI\u00d3N APLICABLE Y FUERO COMPETENTE. <\/strong><\/u><\/p>\n<p>Esta promoci\u00f3n se rige por la legislaci\u00f3n vigente en Espa\u00f1a y por las presentes Bases. Ser\u00e1n competentes para resolver cualquier reclamaci\u00f3n o controversia que pudiera plantearse en relaci\u00f3n con la validez, interpretaci\u00f3n o cumplimiento de estas Bases, los Juzgados y Tribunales de la ciudad de Madrid.<\/p>\n<p>&nbsp;<\/p>\n<p>&nbsp;<\/p>\n","protected":false},"excerpt":{"rendered":"<p>BASES LEGALES \u2013 \u201cMEN\u00da DE NOCHE\u201d GOIKO GOURMET S.L. de C.I.F. B-86.590.841, con domicilio fiscal en calle Maestro \u00c1ngel Llorca, 6, planta 5, C.P. 28003 en adelante GOIKO. Ofrece a sus clientes la promoci\u00f3n \u201cMEN\u00da DE NOCHE PARA 2 PERSONAS\u201d, en adelante la promoci\u00f3n, bajo las siguientes descripciones y condiciones. PRIMERO.- OBJETIVO. GOIKO ofrecer\u00e1 en [&hellip;]<\/p>\n","protected":false},"author":53,"featured_media":67285,"parent":24894,"menu_order":0,"comment_status":"closed","ping_status":"closed","template":"","meta":{"footnotes":""},"class_list":["post-67281","page","type-page","status-publish","has-post-thumbnail","hentry"],"acf":[],"yoast_head":"<!-- This site is optimized with the Yoast SEO plugin v23.8 - https:\/\/yoast.com\/wordpress\/plugins\/seo\/ -->\n<title>BASES LEGALES | MEN\u00da DE NOCHE - GOIKO<\/title>\n<meta name=\"robots\" content=\"index, follow, max-snippet:-1, max-image-preview:large, max-video-preview:-1\" \/>\n<link rel=\"canonical\" href=\"https:\/\/www.goiko.com\/es\/bases-condiciones\/menudenochegoiko\/\" \/>\n<meta property=\"og:locale\" content=\"es_ES\" \/>\n<meta property=\"og:type\" content=\"article\" \/>\n<meta property=\"og:title\" content=\"BASES LEGALES | MEN\u00da DE NOCHE - GOIKO\" \/>\n<meta property=\"og:description\" content=\"BASES LEGALES \u2013 \u201cMEN\u00da DE NOCHE\u201d GOIKO GOURMET S.L. de C.I.F. B-86.590.841, con domicilio fiscal en calle Maestro \u00c1ngel Llorca, 6, planta 5, C.P. 28003 en adelante GOIKO. Ofrece a sus clientes la promoci\u00f3n \u201cMEN\u00da DE NOCHE PARA 2 PERSONAS\u201d, en adelante la promoci\u00f3n, bajo las siguientes descripciones y condiciones. PRIMERO.- OBJETIVO. GOIKO ofrecer\u00e1 en [&hellip;]\" \/>\n<meta property=\"og:url\" content=\"https:\/\/www.goiko.com\/es\/bases-condiciones\/menudenochegoiko\/\" \/>\n<meta property=\"og:site_name\" content=\"GOIKO\" \/>\n<meta property=\"article:publisher\" content=\"https:\/\/www.facebook.com\/goiko\" \/>\n<meta property=\"article:modified_time\" content=\"2025-10-31T09:28:26+00:00\" \/>\n<meta property=\"og:image\" content=\"https:\/\/www.goiko.com\/es\/wp-content\/uploads\/2025\/08\/CabeceraMenuNoche-1200x600px.jpg\" \/>\n\t<meta property=\"og:image:width\" content=\"1200\" \/>\n\t<meta property=\"og:image:height\" content=\"600\" \/>\n\t<meta property=\"og:image:type\" content=\"image\/jpeg\" \/>\n<meta name=\"twitter:card\" content=\"summary_large_image\" \/>\n<meta name=\"twitter:site\" content=\"@goiko\" \/>\n<meta name=\"twitter:label1\" content=\"Tiempo de lectura\" \/>\n\t<meta name=\"twitter:data1\" content=\"3 minutos\" \/>\n<script type=\"application\/ld+json\" class=\"yoast-schema-graph\">{\"@context\":\"https:\/\/schema.org\",\"@graph\":[{\"@type\":\"WebPage\",\"@id\":\"https:\/\/www.goiko.com\/es\/bases-condiciones\/menudenochegoiko\/\",\"url\":\"https:\/\/www.goiko.com\/es\/bases-condiciones\/menudenochegoiko\/\",\"name\":\"BASES LEGALES | MEN\u00da DE NOCHE - GOIKO\",\"isPartOf\":{\"@id\":\"https:\/\/www.goiko.com\/es\/#website\"},\"primaryImageOfPage\":{\"@id\":\"https:\/\/www.goiko.com\/es\/bases-condiciones\/menudenochegoiko\/#primaryimage\"},\"image\":{\"@id\":\"https:\/\/www.goiko.com\/es\/bases-condiciones\/menudenochegoiko\/#primaryimage\"},\"thumbnailUrl\":\"https:\/\/www.goiko.com\/es\/wp-content\/uploads\/2025\/08\/CabeceraMenuNoche-1200x600px.jpg\",\"datePublished\":\"2025-09-23T13:31:20+00:00\",\"dateModified\":\"2025-10-31T09:28:26+00:00\",\"breadcrumb\":{\"@id\":\"https:\/\/www.goiko.com\/es\/bases-condiciones\/menudenochegoiko\/#breadcrumb\"},\"inLanguage\":\"es\",\"potentialAction\":[{\"@type\":\"ReadAction\",\"target\":[\"https:\/\/www.goiko.com\/es\/bases-condiciones\/menudenochegoiko\/\"]}]},{\"@type\":\"ImageObject\",\"inLanguage\":\"es\",\"@id\":\"https:\/\/www.goiko.com\/es\/bases-condiciones\/menudenochegoiko\/#primaryimage\",\"url\":\"https:\/\/www.goiko.com\/es\/wp-content\/uploads\/2025\/08\/CabeceraMenuNoche-1200x600px.jpg\",\"contentUrl\":\"https:\/\/www.goiko.com\/es\/wp-content\/uploads\/2025\/08\/CabeceraMenuNoche-1200x600px.jpg\",\"width\":1200,\"height\":600},{\"@type\":\"BreadcrumbList\",\"@id\":\"https:\/\/www.goiko.com\/es\/bases-condiciones\/menudenochegoiko\/#breadcrumb\",\"itemListElement\":[{\"@type\":\"ListItem\",\"position\":1,\"name\":\"Portada\",\"item\":\"https:\/\/www.goiko.com\/es\/\"},{\"@type\":\"ListItem\",\"position\":2,\"name\":\"Bases y condiciones\",\"item\":\"https:\/\/www.goiko.com\/es\/bases-condiciones\/\"},{\"@type\":\"ListItem\",\"position\":3,\"name\":\"BASES LEGALES | MEN\u00da DE NOCHE\"}]},{\"@type\":\"WebSite\",\"@id\":\"https:\/\/www.goiko.com\/es\/#website\",\"url\":\"https:\/\/www.goiko.com\/es\/\",\"name\":\"GOIKO\",\"description\":\"Chorreo Forever\",\"potentialAction\":[{\"@type\":\"SearchAction\",\"target\":{\"@type\":\"EntryPoint\",\"urlTemplate\":\"https:\/\/www.goiko.com\/es\/?s={search_term_string}\"},\"query-input\":{\"@type\":\"PropertyValueSpecification\",\"valueRequired\":true,\"valueName\":\"search_term_string\"}}],\"inLanguage\":\"es\"}]}<\/script>\n<!-- \/ Yoast SEO plugin. -->","yoast_head_json":{"title":"BASES LEGALES | MEN\u00da DE NOCHE - GOIKO","robots":{"index":"index","follow":"follow","max-snippet":"max-snippet:-1","max-image-preview":"max-image-preview:large","max-video-preview":"max-video-preview:-1"},"canonical":"https:\/\/www.goiko.com\/es\/bases-condiciones\/menudenochegoiko\/","og_locale":"es_ES","og_type":"article","og_title":"BASES LEGALES | MEN\u00da DE NOCHE - GOIKO","og_description":"BASES LEGALES \u2013 \u201cMEN\u00da DE NOCHE\u201d GOIKO GOURMET S.L. de C.I.F. B-86.590.841, con domicilio fiscal en calle Maestro \u00c1ngel Llorca, 6, planta 5, C.P. 28003 en adelante GOIKO. Ofrece a sus clientes la promoci\u00f3n \u201cMEN\u00da DE NOCHE PARA 2 PERSONAS\u201d, en adelante la promoci\u00f3n, bajo las siguientes descripciones y condiciones. PRIMERO.- OBJETIVO. GOIKO ofrecer\u00e1 en [&hellip;]","og_url":"https:\/\/www.goiko.com\/es\/bases-condiciones\/menudenochegoiko\/","og_site_name":"GOIKO","article_publisher":"https:\/\/www.facebook.com\/goiko","article_modified_time":"2025-10-31T09:28:26+00:00","og_image":[{"width":1200,"height":600,"url":"https:\/\/www.goiko.com\/es\/wp-content\/uploads\/2025\/08\/CabeceraMenuNoche-1200x600px.jpg","type":"image\/jpeg"}],"twitter_card":"summary_large_image","twitter_site":"@goiko","twitter_misc":{"Tiempo de lectura":"3 minutos"},"schema":{"@context":"https:\/\/schema.org","@graph":[{"@type":"WebPage","@id":"https:\/\/www.goiko.com\/es\/bases-condiciones\/menudenochegoiko\/","url":"https:\/\/www.goiko.com\/es\/bases-condiciones\/menudenochegoiko\/","name":"BASES LEGALES | MEN\u00da DE NOCHE - GOIKO","isPartOf":{"@id":"https:\/\/www.goiko.com\/es\/#website"},"primaryImageOfPage":{"@id":"https:\/\/www.goiko.com\/es\/bases-condiciones\/menudenochegoiko\/#primaryimage"},"image":{"@id":"https:\/\/www.goiko.com\/es\/bases-condiciones\/menudenochegoiko\/#primaryimage"},"thumbnailUrl":"https:\/\/www.goiko.com\/es\/wp-content\/uploads\/2025\/08\/CabeceraMenuNoche-1200x600px.jpg","datePublished":"2025-09-23T13:31:20+00:00","dateModified":"2025-10-31T09:28:26+00:00","breadcrumb":{"@id":"https:\/\/www.goiko.com\/es\/bases-condiciones\/menudenochegoiko\/#breadcrumb"},"inLanguage":"es","potentialAction":[{"@type":"ReadAction","target":["https:\/\/www.goiko.com\/es\/bases-condiciones\/menudenochegoiko\/"]}]},{"@type":"ImageObject","inLanguage":"es","@id":"https:\/\/www.goiko.com\/es\/bases-condiciones\/menudenochegoiko\/#primaryimage","url":"https:\/\/www.goiko.com\/es\/wp-content\/uploads\/2025\/08\/CabeceraMenuNoche-1200x600px.jpg","contentUrl":"https:\/\/www.goiko.com\/es\/wp-content\/uploads\/2025\/08\/CabeceraMenuNoche-1200x600px.jpg","width":1200,"height":600},{"@type":"BreadcrumbList","@id":"https:\/\/www.goiko.com\/es\/bases-condiciones\/menudenochegoiko\/#breadcrumb","itemListElement":[{"@type":"ListItem","position":1,"name":"Portada","item":"https:\/\/www.goiko.com\/es\/"},{"@type":"ListItem","position":2,"name":"Bases y condiciones","item":"https:\/\/www.goiko.com\/es\/bases-condiciones\/"},{"@type":"ListItem","position":3,"name":"BASES LEGALES | MEN\u00da DE NOCHE"}]},{"@type":"WebSite","@id":"https:\/\/www.goiko.com\/es\/#website","url":"https:\/\/www.goiko.com\/es\/","name":"GOIKO","description":"Chorreo Forever","potentialAction":[{"@type":"SearchAction","target":{"@type":"EntryPoint","urlTemplate":"https:\/\/www.goiko.com\/es\/?s={search_term_string}"},"query-input":{"@type":"PropertyValueSpecification","valueRequired":true,"valueName":"search_term_string"}}],"inLanguage":"es"}]}},"_links":{"self":[{"href":"https:\/\/www.goiko.com\/es\/wp-json\/wp\/v2\/pages\/67281","targetHints":{"allow":["GET"]}}],"collection":[{"href":"https:\/\/www.goiko.com\/es\/wp-json\/wp\/v2\/pages"}],"about":[{"href":"https:\/\/www.goiko.com\/es\/wp-json\/wp\/v2\/types\/page"}],"author":[{"embeddable":true,"href":"https:\/\/www.goiko.com\/es\/wp-json\/wp\/v2\/users\/53"}],"replies":[{"embeddable":true,"href":"https:\/\/www.goiko.com\/es\/wp-json\/wp\/v2\/comments?post=67281"}],"version-history":[{"count":4,"href":"https:\/\/www.goiko.com\/es\/wp-json\/wp\/v2\/pages\/67281\/revisions"}],"predecessor-version":[{"id":67732,"href":"https:\/\/www.goiko.com\/es\/wp-json\/wp\/v2\/pages\/67281\/revisions\/67732"}],"up":[{"embeddable":true,"href":"https:\/\/www.goiko.com\/es\/wp-json\/wp\/v2\/pages\/24894"}],"wp:featuredmedia":[{"embeddable":true,"href":"https:\/\/www.goiko.com\/es\/wp-json\/wp\/v2\/media\/67285"}],"wp:attachment":[{"href":"https:\/\/www.goiko.com\/es\/wp-json\/wp\/v2\/media?parent=67281"}],"curies":[{"name":"wp","href":"https:\/\/api.w.org\/{rel}","templated":true}]}}