{"id":67376,"date":"2025-10-02T16:12:13","date_gmt":"2025-10-02T15:12:13","guid":{"rendered":"https:\/\/www.goiko.com\/es\/bases-condiciones\/bbll_refillpatatas2025-copy\/"},"modified":"2025-10-02T16:20:46","modified_gmt":"2025-10-02T15:20:46","slug":"dado-sabor-heron-diversia","status":"publish","type":"page","link":"https:\/\/www.goiko.com\/es\/bases-condiciones\/dado-sabor-heron-diversia\/","title":{"rendered":"BASES LEGALES | \u00abEl Dado del Sabor\u00bb de CC Her\u00f3n Diversia"},"content":{"rendered":"<h2 data-pm-slice=\"1 1 []\"><b>\u00abEL DADO DEL SABOR\u00bb de CC Her\u00f3n Diversia<\/b>| BASES LEGALES<\/h2>\n<div>\n<p><b>CENTRO COMERCIAL HER\u00d3N DIVERSIA<\/b><span style=\"font-weight: 400;\"> (en adelante, \u201cEL CC\u201d), en colaboraci\u00f3n con <\/span><b>GOIKO GOURMET S.L.<\/b><span style=\"font-weight: 400;\"> de C.I.F. B-86.590.841, con domicilio fiscal en calle Maestro \u00c1ngel Llorca, 6, planta 5, C.P. 28003 (en adelante \u201cGOIKO\u201d), ofrecen conjuntamente la promoci\u00f3n <\/span><b>\u201cEL DADO DEL SABOR\u201d<\/b><span style=\"font-weight: 400;\"> (en adelante la promoci\u00f3n), bajo las siguientes descripciones y condiciones.<\/span><\/p>\n<h3><b>PRIMERO.- OBJETIVO.<\/b><\/h3>\n<p><span style=\"font-weight: 400;\">EL CC organizar\u00e1 la actividad \u201cEl Dado del Sabor\u201d en el marco de su evento de reinauguraci\u00f3n \u00abFun is Now\u00bb. GOIKO colabora ofreciendo premios directos canjeables en su restaurante, sujetos a las condiciones aqu\u00ed expuestas.<\/span><\/p>\n<h3><b>SEGUNDO.- RESTAURANTE Y PLAZO.<\/b><\/h3>\n<p><span style=\"font-weight: 400;\">La promoci\u00f3n se regir\u00e1 por los siguientes criterios de vigencia y aplicabilidad:<\/span><\/p>\n<ul>\n<li style=\"font-weight: 400;\" aria-level=\"1\"><b>Fecha de la actividad y entrega de flyers:<\/b><span style=\"font-weight: 400;\"> S\u00e1bado, <\/span><b>4 de octubre de 2025<\/b><span style=\"font-weight: 400;\">.<\/span><\/li>\n<li style=\"font-weight: 400;\" aria-level=\"1\"><b>Lugar de la actividad:<\/b><span style=\"font-weight: 400;\"> Centro Comercial Her\u00f3n Diversia, Alcobendas (Madrid), en el espacio designado por la organizaci\u00f3n del evento \u00abFun is Now\u00bb.<\/span><\/li>\n<li style=\"font-weight: 400;\" aria-level=\"1\"><b>Lugar de canje:<\/b><span style=\"font-weight: 400;\"> Solo ser\u00e1 v\u00e1lido en la <\/span><b>sala<\/b><span style=\"font-weight: 400;\"> del restaurante <\/span><b>GOIKO Her\u00f3n Diversia<\/b><span style=\"font-weight: 400;\">.<\/span><\/li>\n<li style=\"font-weight: 400;\" aria-level=\"1\"><b>Exclusiones:<\/b><span style=\"font-weight: 400;\"> No ser\u00e1 v\u00e1lida para pedidos de <\/span><i><span style=\"font-weight: 400;\">delivery<\/span><\/i><span style=\"font-weight: 400;\"> ni <\/span><i><span style=\"font-weight: 400;\">takeaway, ni combinable con otras promociones<\/span><\/i><span style=\"font-weight: 400;\">.<\/span><\/li>\n<\/ul>\n<h3><b>TERCERO.- DESCRIPCI\u00d3N Y CONDICIONES DE LA PROMOCI\u00d3N.<\/b><\/h3>\n<p><span style=\"font-weight: 400;\">La promoci\u00f3n se desarrolla a trav\u00e9s de la actividad \u201cEl Dado del Sabor\u201d:<\/span><\/p>\n<ol>\n<li style=\"font-weight: 400;\" aria-level=\"1\"><b>Mec\u00e1nica de la actividad:<\/b><span style=\"font-weight: 400;\"> El participante lanzar\u00e1 un dado de seis caras. Si cae en uno de los lados con premio (1 Bebida Gratis, 1 Entrante Gratis, o 1 Frozen Gratis), la organizaci\u00f3n del CC le facilitar\u00e1 el <\/span><b>flyer<\/b><span style=\"font-weight: 400;\"> correspondiente al premio.<\/span><\/li>\n<li style=\"font-weight: 400;\" aria-level=\"1\"><b>Limitaci\u00f3n:<\/b><span style=\"font-weight: 400;\"> Solo se entregar\u00e1 <\/span><b>un (1) flyer por persona<\/b><span style=\"font-weight: 400;\">.<\/span><\/li>\n<\/ol>\n<p><b>Condiciones obligatorias para el canje de premios (Estipuladas por GOIKO):<\/b><\/p>\n<ul>\n<li style=\"font-weight: 400;\" aria-level=\"1\"><b>Consumo M\u00ednimo Requerido:<\/b><span style=\"font-weight: 400;\"> El canje de cualquiera de los premios (Bebida, Entrante o Frozen) est\u00e1 sujeto a un consumo m\u00ednimo de <\/span><b>una (1) Burger de la carta<\/b><span style=\"font-weight: 400;\"> (excluyendo la Goiko Kids) en el mismo ticket de compra.<\/span><\/li>\n<li style=\"font-weight: 400;\" aria-level=\"1\"><b>Aplicaci\u00f3n del Flyer:<\/b><span style=\"font-weight: 400;\"> El flyer debe entregarse en el restaurante GOIKO Her\u00f3n Diversia para su canje.<\/span><\/li>\n<li style=\"font-weight: 400;\" aria-level=\"1\"><b>Validaci\u00f3n:<\/b><span style=\"font-weight: 400;\"> El <\/span><i><span style=\"font-weight: 400;\">staff<\/span><\/i><span style=\"font-weight: 400;\"> de GOIKO es el \u00fanico que puede <\/span><b>escanear el QR con el c\u00f3digo promocional<\/b><span style=\"font-weight: 400;\"> del flyer para aplicar el premio.<\/span><\/li>\n<li style=\"font-weight: 400;\" aria-level=\"1\"><b>Restricci\u00f3n por Ticket:<\/b><span style=\"font-weight: 400;\"> Solo se podr\u00e1 aplicar esta promoci\u00f3n <\/span><b>una vez por ticket<\/b><span style=\"font-weight: 400;\"> de consumo.<\/span><\/li>\n<li style=\"font-weight: 400;\" aria-level=\"1\"><b>Incompatibilidad:<\/b><span style=\"font-weight: 400;\"> No se podr\u00e1n aplicar promociones o descuentos adicionales en el mismo ticket de consumo.<\/span><\/li>\n<li style=\"font-weight: 400;\" aria-level=\"1\"><b>Productos:<\/b><span style=\"font-weight: 400;\"> Los premios son personales e intransferibles, no pudiendo ser canjeados por su valor en met\u00e1lico ni por otro producto distinto al indicado en el flyer.<\/span><\/li>\n<\/ul>\n<h3><b>CUARTO.- MODIFICACIONES.<\/b><\/h3>\n<p><span style=\"font-weight: 400;\">GOIKO y EL CC se reservan el derecho a realizar modificaciones o a\u00f1adir anexos sobre las presentes Bases, siempre que las mismas est\u00e9n justificadas o no perjudiquen a los involucrados.<\/span><\/p>\n<h3><b>QUINTO.- TRATAMIENTO DE DATOS DE CAR\u00c1CTER PERSONAL.<\/b><\/h3>\n<p><span style=\"font-weight: 400;\">Al no requerirse la recogida de datos personales para la participaci\u00f3n en esta promoci\u00f3n, no aplica un tratamiento de datos espec\u00edfico. En caso de que fueran necesarios, estos ser\u00e1n tratados de acuerdo con la legislaci\u00f3n vigente.<\/span><\/p>\n<h3><b>SEXTO.- LEGISLACI\u00d3N APLICABLE Y FUERO COMPETENTE.<\/b><\/h3>\n<p><span style=\"font-weight: 400;\">Esta promoci\u00f3n se rige por la legislaci\u00f3n vigente en Espa\u00f1a y por las presentes Bases. Ser\u00e1n competentes para resolver cualquier reclamaci\u00f3n o controversia que pudiera plantearse en relaci\u00f3n con la validez, interpretaci\u00f3n o cumplimiento de estas Bases, los Juzgados y Tribunales de la ciudad de <\/span><b>Madrid<\/b><span style=\"font-weight: 400;\">.<\/span><\/p>\n<\/div>\n","protected":false},"excerpt":{"rendered":"<p>\u00abEL DADO DEL SABOR\u00bb de CC Her\u00f3n Diversia| BASES LEGALES CENTRO COMERCIAL HER\u00d3N DIVERSIA (en adelante, \u201cEL CC\u201d), en colaboraci\u00f3n con GOIKO GOURMET S.L. de C.I.F. B-86.590.841, con domicilio fiscal en calle Maestro \u00c1ngel Llorca, 6, planta 5, C.P. 28003 (en adelante \u201cGOIKO\u201d), ofrecen conjuntamente la promoci\u00f3n \u201cEL DADO DEL SABOR\u201d (en adelante la promoci\u00f3n), [&hellip;]<\/p>\n","protected":false},"author":72,"featured_media":66059,"parent":24894,"menu_order":0,"comment_status":"closed","ping_status":"closed","template":"","meta":{"footnotes":""},"class_list":["post-67376","page","type-page","status-publish","has-post-thumbnail","hentry"],"acf":[],"yoast_head":"<!-- This site is optimized with the Yoast SEO plugin v23.8 - https:\/\/yoast.com\/wordpress\/plugins\/seo\/ -->\n<title>BASES LEGALES | &quot;El Dado del Sabor&quot; de CC Her\u00f3n Diversia - GOIKO<\/title>\n<meta name=\"description\" content=\"Conoce aqu\u00ed las bases y condiciones de esta actividad en colaboraci\u00f3n con el CC Her\u00f3n Diversia.\" \/>\n<meta name=\"robots\" content=\"index, follow, max-snippet:-1, max-image-preview:large, max-video-preview:-1\" \/>\n<link rel=\"canonical\" href=\"https:\/\/www.goiko.com\/es\/bases-condiciones\/dado-sabor-heron-diversia\/\" \/>\n<meta property=\"og:locale\" content=\"es_ES\" \/>\n<meta property=\"og:type\" content=\"article\" \/>\n<meta property=\"og:title\" content=\"BASES LEGALES | &quot;El Dado del Sabor&quot; de CC Her\u00f3n Diversia - GOIKO\" \/>\n<meta property=\"og:description\" content=\"Conoce aqu\u00ed las bases y condiciones de esta actividad en colaboraci\u00f3n con el CC Her\u00f3n Diversia.\" \/>\n<meta property=\"og:url\" content=\"https:\/\/www.goiko.com\/es\/bases-condiciones\/dado-sabor-heron-diversia\/\" \/>\n<meta property=\"og:site_name\" content=\"GOIKO\" \/>\n<meta property=\"article:publisher\" content=\"https:\/\/www.facebook.com\/goiko\" \/>\n<meta property=\"article:modified_time\" content=\"2025-10-02T15:20:46+00:00\" \/>\n<meta property=\"og:image\" content=\"https:\/\/www.goiko.com\/es\/wp-content\/uploads\/2025\/06\/Cabecera-RefillPatatas_v2-scaled.jpg\" \/>\n\t<meta property=\"og:image:width\" content=\"1440\" \/>\n\t<meta property=\"og:image:height\" content=\"2560\" \/>\n\t<meta property=\"og:image:type\" content=\"image\/jpeg\" \/>\n<meta name=\"twitter:card\" content=\"summary_large_image\" \/>\n<meta name=\"twitter:site\" content=\"@goiko\" \/>\n<meta name=\"twitter:label1\" content=\"Tiempo de lectura\" \/>\n\t<meta name=\"twitter:data1\" content=\"3 minutos\" \/>\n<script type=\"application\/ld+json\" class=\"yoast-schema-graph\">{\"@context\":\"https:\/\/schema.org\",\"@graph\":[{\"@type\":\"WebPage\",\"@id\":\"https:\/\/www.goiko.com\/es\/bases-condiciones\/dado-sabor-heron-diversia\/\",\"url\":\"https:\/\/www.goiko.com\/es\/bases-condiciones\/dado-sabor-heron-diversia\/\",\"name\":\"BASES LEGALES | \\\"El Dado del Sabor\\\" de CC Her\u00f3n Diversia - GOIKO\",\"isPartOf\":{\"@id\":\"https:\/\/www.goiko.com\/es\/#website\"},\"primaryImageOfPage\":{\"@id\":\"https:\/\/www.goiko.com\/es\/bases-condiciones\/dado-sabor-heron-diversia\/#primaryimage\"},\"image\":{\"@id\":\"https:\/\/www.goiko.com\/es\/bases-condiciones\/dado-sabor-heron-diversia\/#primaryimage\"},\"thumbnailUrl\":\"https:\/\/www.goiko.com\/es\/wp-content\/uploads\/2025\/06\/Cabecera-RefillPatatas_v2-scaled.jpg\",\"datePublished\":\"2025-10-02T15:12:13+00:00\",\"dateModified\":\"2025-10-02T15:20:46+00:00\",\"description\":\"Conoce aqu\u00ed las bases y condiciones de esta actividad en colaboraci\u00f3n con el CC Her\u00f3n Diversia.\",\"breadcrumb\":{\"@id\":\"https:\/\/www.goiko.com\/es\/bases-condiciones\/dado-sabor-heron-diversia\/#breadcrumb\"},\"inLanguage\":\"es\",\"potentialAction\":[{\"@type\":\"ReadAction\",\"target\":[\"https:\/\/www.goiko.com\/es\/bases-condiciones\/dado-sabor-heron-diversia\/\"]}]},{\"@type\":\"ImageObject\",\"inLanguage\":\"es\",\"@id\":\"https:\/\/www.goiko.com\/es\/bases-condiciones\/dado-sabor-heron-diversia\/#primaryimage\",\"url\":\"https:\/\/www.goiko.com\/es\/wp-content\/uploads\/2025\/06\/Cabecera-RefillPatatas_v2-scaled.jpg\",\"contentUrl\":\"https:\/\/www.goiko.com\/es\/wp-content\/uploads\/2025\/06\/Cabecera-RefillPatatas_v2-scaled.jpg\",\"width\":1440,\"height\":2560},{\"@type\":\"BreadcrumbList\",\"@id\":\"https:\/\/www.goiko.com\/es\/bases-condiciones\/dado-sabor-heron-diversia\/#breadcrumb\",\"itemListElement\":[{\"@type\":\"ListItem\",\"position\":1,\"name\":\"Portada\",\"item\":\"https:\/\/www.goiko.com\/es\/\"},{\"@type\":\"ListItem\",\"position\":2,\"name\":\"Bases y condiciones\",\"item\":\"https:\/\/www.goiko.com\/es\/bases-condiciones\/\"},{\"@type\":\"ListItem\",\"position\":3,\"name\":\"BASES LEGALES | \u00abEl Dado del Sabor\u00bb de CC Her\u00f3n Diversia\"}]},{\"@type\":\"WebSite\",\"@id\":\"https:\/\/www.goiko.com\/es\/#website\",\"url\":\"https:\/\/www.goiko.com\/es\/\",\"name\":\"GOIKO\",\"description\":\"Chorreo Forever\",\"potentialAction\":[{\"@type\":\"SearchAction\",\"target\":{\"@type\":\"EntryPoint\",\"urlTemplate\":\"https:\/\/www.goiko.com\/es\/?s={search_term_string}\"},\"query-input\":{\"@type\":\"PropertyValueSpecification\",\"valueRequired\":true,\"valueName\":\"search_term_string\"}}],\"inLanguage\":\"es\"}]}<\/script>\n<!-- \/ Yoast SEO plugin. -->","yoast_head_json":{"title":"BASES LEGALES | \"El Dado del Sabor\" de CC Her\u00f3n Diversia - GOIKO","description":"Conoce aqu\u00ed las bases y condiciones de esta actividad en colaboraci\u00f3n con el CC Her\u00f3n Diversia.","robots":{"index":"index","follow":"follow","max-snippet":"max-snippet:-1","max-image-preview":"max-image-preview:large","max-video-preview":"max-video-preview:-1"},"canonical":"https:\/\/www.goiko.com\/es\/bases-condiciones\/dado-sabor-heron-diversia\/","og_locale":"es_ES","og_type":"article","og_title":"BASES LEGALES | \"El Dado del Sabor\" de CC Her\u00f3n Diversia - GOIKO","og_description":"Conoce aqu\u00ed las bases y condiciones de esta actividad en colaboraci\u00f3n con el CC Her\u00f3n Diversia.","og_url":"https:\/\/www.goiko.com\/es\/bases-condiciones\/dado-sabor-heron-diversia\/","og_site_name":"GOIKO","article_publisher":"https:\/\/www.facebook.com\/goiko","article_modified_time":"2025-10-02T15:20:46+00:00","og_image":[{"width":1440,"height":2560,"url":"https:\/\/www.goiko.com\/es\/wp-content\/uploads\/2025\/06\/Cabecera-RefillPatatas_v2-scaled.jpg","type":"image\/jpeg"}],"twitter_card":"summary_large_image","twitter_site":"@goiko","twitter_misc":{"Tiempo de lectura":"3 minutos"},"schema":{"@context":"https:\/\/schema.org","@graph":[{"@type":"WebPage","@id":"https:\/\/www.goiko.com\/es\/bases-condiciones\/dado-sabor-heron-diversia\/","url":"https:\/\/www.goiko.com\/es\/bases-condiciones\/dado-sabor-heron-diversia\/","name":"BASES LEGALES | \"El Dado del Sabor\" de CC Her\u00f3n Diversia - GOIKO","isPartOf":{"@id":"https:\/\/www.goiko.com\/es\/#website"},"primaryImageOfPage":{"@id":"https:\/\/www.goiko.com\/es\/bases-condiciones\/dado-sabor-heron-diversia\/#primaryimage"},"image":{"@id":"https:\/\/www.goiko.com\/es\/bases-condiciones\/dado-sabor-heron-diversia\/#primaryimage"},"thumbnailUrl":"https:\/\/www.goiko.com\/es\/wp-content\/uploads\/2025\/06\/Cabecera-RefillPatatas_v2-scaled.jpg","datePublished":"2025-10-02T15:12:13+00:00","dateModified":"2025-10-02T15:20:46+00:00","description":"Conoce aqu\u00ed las bases y condiciones de esta actividad en colaboraci\u00f3n con el CC Her\u00f3n Diversia.","breadcrumb":{"@id":"https:\/\/www.goiko.com\/es\/bases-condiciones\/dado-sabor-heron-diversia\/#breadcrumb"},"inLanguage":"es","potentialAction":[{"@type":"ReadAction","target":["https:\/\/www.goiko.com\/es\/bases-condiciones\/dado-sabor-heron-diversia\/"]}]},{"@type":"ImageObject","inLanguage":"es","@id":"https:\/\/www.goiko.com\/es\/bases-condiciones\/dado-sabor-heron-diversia\/#primaryimage","url":"https:\/\/www.goiko.com\/es\/wp-content\/uploads\/2025\/06\/Cabecera-RefillPatatas_v2-scaled.jpg","contentUrl":"https:\/\/www.goiko.com\/es\/wp-content\/uploads\/2025\/06\/Cabecera-RefillPatatas_v2-scaled.jpg","width":1440,"height":2560},{"@type":"BreadcrumbList","@id":"https:\/\/www.goiko.com\/es\/bases-condiciones\/dado-sabor-heron-diversia\/#breadcrumb","itemListElement":[{"@type":"ListItem","position":1,"name":"Portada","item":"https:\/\/www.goiko.com\/es\/"},{"@type":"ListItem","position":2,"name":"Bases y condiciones","item":"https:\/\/www.goiko.com\/es\/bases-condiciones\/"},{"@type":"ListItem","position":3,"name":"BASES LEGALES | \u00abEl Dado del Sabor\u00bb de CC Her\u00f3n Diversia"}]},{"@type":"WebSite","@id":"https:\/\/www.goiko.com\/es\/#website","url":"https:\/\/www.goiko.com\/es\/","name":"GOIKO","description":"Chorreo Forever","potentialAction":[{"@type":"SearchAction","target":{"@type":"EntryPoint","urlTemplate":"https:\/\/www.goiko.com\/es\/?s={search_term_string}"},"query-input":{"@type":"PropertyValueSpecification","valueRequired":true,"valueName":"search_term_string"}}],"inLanguage":"es"}]}},"_links":{"self":[{"href":"https:\/\/www.goiko.com\/es\/wp-json\/wp\/v2\/pages\/67376","targetHints":{"allow":["GET"]}}],"collection":[{"href":"https:\/\/www.goiko.com\/es\/wp-json\/wp\/v2\/pages"}],"about":[{"href":"https:\/\/www.goiko.com\/es\/wp-json\/wp\/v2\/types\/page"}],"author":[{"embeddable":true,"href":"https:\/\/www.goiko.com\/es\/wp-json\/wp\/v2\/users\/72"}],"replies":[{"embeddable":true,"href":"https:\/\/www.goiko.com\/es\/wp-json\/wp\/v2\/comments?post=67376"}],"version-history":[{"count":3,"href":"https:\/\/www.goiko.com\/es\/wp-json\/wp\/v2\/pages\/67376\/revisions"}],"predecessor-version":[{"id":67379,"href":"https:\/\/www.goiko.com\/es\/wp-json\/wp\/v2\/pages\/67376\/revisions\/67379"}],"up":[{"embeddable":true,"href":"https:\/\/www.goiko.com\/es\/wp-json\/wp\/v2\/pages\/24894"}],"wp:featuredmedia":[{"embeddable":true,"href":"https:\/\/www.goiko.com\/es\/wp-json\/wp\/v2\/media\/66059"}],"wp:attachment":[{"href":"https:\/\/www.goiko.com\/es\/wp-json\/wp\/v2\/media?parent=67376"}],"curies":[{"name":"wp","href":"https:\/\/api.w.org\/{rel}","templated":true}]}}