{"id":67447,"date":"2025-10-08T16:07:15","date_gmt":"2025-10-08T15:07:15","guid":{"rendered":"https:\/\/www.goiko.com\/es\/bases-condiciones\/2x1verano2025-copy\/"},"modified":"2025-10-15T14:54:16","modified_gmt":"2025-10-15T13:54:16","slug":"2x1octubre2025","status":"publish","type":"page","link":"https:\/\/www.goiko.com\/es\/bases-condiciones\/2x1octubre2025\/","title":{"rendered":"BASES LEGALES | 2X1 OCTUBRE 2025"},"content":{"rendered":"<p><strong><u>BASES LEGALES 2X1 EN BURGERS OCTUBRE 2025<\/u><\/strong><\/p>\n<p><strong>GOIKO GOURMET S.L.<\/strong> de C.I.F. <strong>B-86.590.841<\/strong>, con domicilio fiscal en calle Maestro \u00c1ngel Llorca, 6, planta 5, C.P. 28003 en adelante GOIKO. Ofrece a sus clientes la promoci\u00f3n \u201c<strong><u>2\u00d71 BURGERS<\/u><\/strong>\u201d, en adelante la promoci\u00f3n, bajo las siguientes descripciones y condiciones.<\/p>\n<p><u>PRIMERO. &#8211; <strong>OBJETIVO<\/strong>.<\/u><\/p>\n<p>GOIKO ofrecer\u00e1 en sus restaurantes la promoci\u00f3n <strong>\u201c<u>2\u00d71 BURGERS<\/u><\/strong>\u201d para que sus clientes puedan disfrutar de la misma. Esta promoci\u00f3n estar\u00e1 sujeta a las condiciones abajo expuestas.<\/p>\n<p><u>SEGUNDO. &#8211; <strong>RESTAURANTE Y PLAZO.<\/strong> <\/u><\/p>\n<p>Esta promoci\u00f3n estar\u00e1 vigente desde el lunes 14 de octubre de 2025 hasta el jueves 30 de octubre de 2025, ambos inclusive.<\/p>\n<p>Solo v\u00e1lido en sala.<\/p>\n<p>Ser\u00e1 aplicable en todos los restaurantes GOIKO de la Pen\u00ednsula Ib\u00e9rica, Islas Canarias, Andorra y GOIKO Gluten Free\u00a0 (excluyendo de la promoci\u00f3n GOIKO Islas Baleares). No ser\u00e1 v\u00e1lida en pedido de delivery ni take away.<\/p>\n<p>Disponible de lunes a jueves en todo el horario; y domingos a partir de las 20:00h. No disponible en d\u00edas festivos.<\/p>\n<p><u>TERCERO. &#8211; <strong>DESCRIPCI\u00d3N Y CONDICIONES DEL CANJE<\/strong><\/u>.<\/p>\n<ul>\n<li>GOIKO ofrecer\u00e1 a trav\u00e9s de sus redes sociales un c\u00f3digo QR v\u00e1lido por un descuento de 2&#215;1 en sus hamburguesas.<\/li>\n<li>Para aplicar la promoci\u00f3n, el cliente deber\u00e1 presentar al staff el c\u00f3digo QR promocional desde el cup\u00f3n en la wallet (o cartera digital) en su dispositivo m\u00f3vil previo al pago.<\/li>\n<li>Para que la promoci\u00f3n sea v\u00e1lida, el cliente deber\u00e1 consumir al menos UNA (1) hamburguesa de la carta (excepto Goiko Kids) como objeto validador de la misma.<\/li>\n<li>Cualquier hamburguesa de la carta (excepto Goiko Kids) podr\u00e1n ser objeto de aplicaci\u00f3n de la promoci\u00f3n como \u00abla hamburguesa a precio 0\u20ac\u00bb.<\/li>\n<li>Podr\u00e1n canjearse varias promociones de <strong><u>\u201c2&#215;1 Burgers\u201d<\/u><\/strong> en un mismo ticket, siempre y cuando se cumplan las condiciones de cada una de ellas.<\/li>\n<li>La hamburguesa que se cobrar\u00e1 ser\u00e1 la de mayor precio, por lo que se aplicar\u00e1 precio 0\u20ac a la de menor precio.<\/li>\n<li>La hamburguesa validadora de la promoci\u00f3n y objeto de su aplicaci\u00f3n pueden ser iguales o del mismo precio.<\/li>\n<li>La hamburguesa validadora de la promoci\u00f3n <strong>no<\/strong> puede haber sido objeto de aplicaci\u00f3n de ninguna otra promoci\u00f3n o descuento que a su vez afecte su precio.<\/li>\n<li>En el supuesto de que el cliente desee agregar cualquier extra a la hamburguesa o productos adicionales en el ticket de consumo, estos ser\u00e1n debidamente cobrados al cliente con los m\u00e9todos de pago disponibles en los restaurantes.<\/li>\n<li>La promoci\u00f3n s\u00f3lo ser\u00e1 v\u00e1lida para consumos en las salas de los restaurantes GOIKO excluyendo as\u00ed la posibilidad de canje del c\u00f3digo en pedidos de Takeaway, pedidos de Delivery propio o de plataformas externas.<\/li>\n<li>La promoci\u00f3n objeto de estas bases no es compatible con Men\u00fa del D\u00eda, Men\u00fas con precio cerrado, ni cualquier otra promoci\u00f3n que suponga un % de descuento sobre el importe del ticket. Es compatible el uso de esta promoci\u00f3n con vouchers de Goikoins en el mismo ticket, mientras la burger validadora de la promoci\u00f3n no haya sido objeto de aplicaci\u00f3n de un voucher.<\/li>\n<li>El c\u00f3digo promocional no podr\u00e1 ser canjeado por dinero en efectivo o por cualquier otro producto no aplicable en la promoci\u00f3n.<\/li>\n<li>El c\u00f3digo promocional no podr\u00e1 ser objeto de alteraci\u00f3n o compensaci\u00f3n.<\/li>\n<\/ul>\n<p><u>CUARTO. &#8211; <strong>MODIFICACIONES. <\/strong><\/u><\/p>\n<p>GOIKO se reserva el derecho a realizar modificaciones o a\u00f1adir anexos sobres las presentes Bases, siempre que las mismas est\u00e9n justificadas o no perjudiquen a los involucrados.<\/p>\n<p><u>QUINTO . &#8211; <strong>TRATAMIENTO DE DATOS DE CAR\u00c1CTER PERSONAL.<\/strong> <\/u><\/p>\n<p>En caso de que sean necesarios los datos personales de los participantes de la promoci\u00f3n, estos ser\u00e1n tratados de acuerdo con las condiciones establecidas a continuaci\u00f3n en el siguiente enlace: <a href=\"https:\/\/www.goiko.com\/politica_de_proteccion_de_datos\/\">T\u00e9rminos y condiciones Friends With Benefits &#8211; GOIKO<\/a><strong><u>. <\/u><\/strong><\/p>\n<p><u>SEXTO. &#8211; <strong>LEGISLACI\u00d3N APLICABLE Y FUERO COMPETENTE. <\/strong><\/u><\/p>\n<p>Esta promoci\u00f3n se rige por la legislaci\u00f3n vigente en Espa\u00f1a y por las presentes Bases. Ser\u00e1n competentes para resolver cualquier reclamaci\u00f3n o controversia que pudiera plantearse en relaci\u00f3n con la validez, interpretaci\u00f3n o cumplimiento de estas Bases, los Juzgados y Tribunales de la ciudad de Madrid.<\/p>\n","protected":false},"excerpt":{"rendered":"<p>BASES LEGALES 2X1 EN BURGERS OCTUBRE 2025 GOIKO GOURMET S.L. de C.I.F. B-86.590.841, con domicilio fiscal en calle Maestro \u00c1ngel Llorca, 6, planta 5, C.P. 28003 en adelante GOIKO. Ofrece a sus clientes la promoci\u00f3n \u201c2\u00d71 BURGERS\u201d, en adelante la promoci\u00f3n, bajo las siguientes descripciones y condiciones. PRIMERO. &#8211; OBJETIVO. GOIKO ofrecer\u00e1 en sus restaurantes [&hellip;]<\/p>\n","protected":false},"author":53,"featured_media":54877,"parent":24894,"menu_order":0,"comment_status":"closed","ping_status":"closed","template":"","meta":{"footnotes":""},"class_list":["post-67447","page","type-page","status-publish","has-post-thumbnail","hentry"],"acf":[],"yoast_head":"<!-- This site is optimized with the Yoast SEO plugin v23.8 - https:\/\/yoast.com\/wordpress\/plugins\/seo\/ -->\n<title>BASES LEGALES | 2X1 OCTUBRE 2025 - GOIKO<\/title>\n<meta name=\"robots\" content=\"index, follow, max-snippet:-1, max-image-preview:large, max-video-preview:-1\" \/>\n<link rel=\"canonical\" href=\"https:\/\/www.goiko.com\/es\/bases-condiciones\/2x1octubre2025\/\" \/>\n<meta property=\"og:locale\" content=\"es_ES\" \/>\n<meta property=\"og:type\" content=\"article\" \/>\n<meta property=\"og:title\" content=\"BASES LEGALES | 2X1 OCTUBRE 2025 - GOIKO\" \/>\n<meta property=\"og:description\" content=\"BASES LEGALES 2X1 EN BURGERS OCTUBRE 2025 GOIKO GOURMET S.L. de C.I.F. B-86.590.841, con domicilio fiscal en calle Maestro \u00c1ngel Llorca, 6, planta 5, C.P. 28003 en adelante GOIKO. Ofrece a sus clientes la promoci\u00f3n \u201c2\u00d71 BURGERS\u201d, en adelante la promoci\u00f3n, bajo las siguientes descripciones y condiciones. PRIMERO. &#8211; OBJETIVO. GOIKO ofrecer\u00e1 en sus restaurantes [&hellip;]\" \/>\n<meta property=\"og:url\" content=\"https:\/\/www.goiko.com\/es\/bases-condiciones\/2x1octubre2025\/\" \/>\n<meta property=\"og:site_name\" content=\"GOIKO\" \/>\n<meta property=\"article:publisher\" content=\"https:\/\/www.facebook.com\/goiko\" \/>\n<meta property=\"article:modified_time\" content=\"2025-10-15T13:54:16+00:00\" \/>\n<meta property=\"og:image\" content=\"https:\/\/www.goiko.com\/es\/wp-content\/uploads\/2023\/10\/CARRUSEL_GOIKODAYOK_NEW_V2.png\" \/>\n\t<meta property=\"og:image:width\" content=\"1600\" \/>\n\t<meta property=\"og:image:height\" content=\"1000\" \/>\n\t<meta property=\"og:image:type\" content=\"image\/png\" \/>\n<meta name=\"twitter:card\" content=\"summary_large_image\" \/>\n<meta name=\"twitter:site\" content=\"@goiko\" \/>\n<meta name=\"twitter:label1\" content=\"Tiempo de lectura\" \/>\n\t<meta name=\"twitter:data1\" content=\"4 minutos\" \/>\n<script type=\"application\/ld+json\" class=\"yoast-schema-graph\">{\"@context\":\"https:\/\/schema.org\",\"@graph\":[{\"@type\":\"WebPage\",\"@id\":\"https:\/\/www.goiko.com\/es\/bases-condiciones\/2x1octubre2025\/\",\"url\":\"https:\/\/www.goiko.com\/es\/bases-condiciones\/2x1octubre2025\/\",\"name\":\"BASES LEGALES | 2X1 OCTUBRE 2025 - GOIKO\",\"isPartOf\":{\"@id\":\"https:\/\/www.goiko.com\/es\/#website\"},\"primaryImageOfPage\":{\"@id\":\"https:\/\/www.goiko.com\/es\/bases-condiciones\/2x1octubre2025\/#primaryimage\"},\"image\":{\"@id\":\"https:\/\/www.goiko.com\/es\/bases-condiciones\/2x1octubre2025\/#primaryimage\"},\"thumbnailUrl\":\"https:\/\/www.goiko.com\/es\/wp-content\/uploads\/2023\/10\/CARRUSEL_GOIKODAYOK_NEW_V2.png\",\"datePublished\":\"2025-10-08T15:07:15+00:00\",\"dateModified\":\"2025-10-15T13:54:16+00:00\",\"breadcrumb\":{\"@id\":\"https:\/\/www.goiko.com\/es\/bases-condiciones\/2x1octubre2025\/#breadcrumb\"},\"inLanguage\":\"es\",\"potentialAction\":[{\"@type\":\"ReadAction\",\"target\":[\"https:\/\/www.goiko.com\/es\/bases-condiciones\/2x1octubre2025\/\"]}]},{\"@type\":\"ImageObject\",\"inLanguage\":\"es\",\"@id\":\"https:\/\/www.goiko.com\/es\/bases-condiciones\/2x1octubre2025\/#primaryimage\",\"url\":\"https:\/\/www.goiko.com\/es\/wp-content\/uploads\/2023\/10\/CARRUSEL_GOIKODAYOK_NEW_V2.png\",\"contentUrl\":\"https:\/\/www.goiko.com\/es\/wp-content\/uploads\/2023\/10\/CARRUSEL_GOIKODAYOK_NEW_V2.png\",\"width\":1600,\"height\":1000},{\"@type\":\"BreadcrumbList\",\"@id\":\"https:\/\/www.goiko.com\/es\/bases-condiciones\/2x1octubre2025\/#breadcrumb\",\"itemListElement\":[{\"@type\":\"ListItem\",\"position\":1,\"name\":\"Portada\",\"item\":\"https:\/\/www.goiko.com\/es\/\"},{\"@type\":\"ListItem\",\"position\":2,\"name\":\"Bases y condiciones\",\"item\":\"https:\/\/www.goiko.com\/es\/bases-condiciones\/\"},{\"@type\":\"ListItem\",\"position\":3,\"name\":\"BASES LEGALES | 2X1 OCTUBRE 2025\"}]},{\"@type\":\"WebSite\",\"@id\":\"https:\/\/www.goiko.com\/es\/#website\",\"url\":\"https:\/\/www.goiko.com\/es\/\",\"name\":\"GOIKO\",\"description\":\"Chorreo Forever\",\"potentialAction\":[{\"@type\":\"SearchAction\",\"target\":{\"@type\":\"EntryPoint\",\"urlTemplate\":\"https:\/\/www.goiko.com\/es\/?s={search_term_string}\"},\"query-input\":{\"@type\":\"PropertyValueSpecification\",\"valueRequired\":true,\"valueName\":\"search_term_string\"}}],\"inLanguage\":\"es\"}]}<\/script>\n<!-- \/ Yoast SEO plugin. -->","yoast_head_json":{"title":"BASES LEGALES | 2X1 OCTUBRE 2025 - GOIKO","robots":{"index":"index","follow":"follow","max-snippet":"max-snippet:-1","max-image-preview":"max-image-preview:large","max-video-preview":"max-video-preview:-1"},"canonical":"https:\/\/www.goiko.com\/es\/bases-condiciones\/2x1octubre2025\/","og_locale":"es_ES","og_type":"article","og_title":"BASES LEGALES | 2X1 OCTUBRE 2025 - GOIKO","og_description":"BASES LEGALES 2X1 EN BURGERS OCTUBRE 2025 GOIKO GOURMET S.L. de C.I.F. B-86.590.841, con domicilio fiscal en calle Maestro \u00c1ngel Llorca, 6, planta 5, C.P. 28003 en adelante GOIKO. Ofrece a sus clientes la promoci\u00f3n \u201c2\u00d71 BURGERS\u201d, en adelante la promoci\u00f3n, bajo las siguientes descripciones y condiciones. PRIMERO. &#8211; OBJETIVO. GOIKO ofrecer\u00e1 en sus restaurantes [&hellip;]","og_url":"https:\/\/www.goiko.com\/es\/bases-condiciones\/2x1octubre2025\/","og_site_name":"GOIKO","article_publisher":"https:\/\/www.facebook.com\/goiko","article_modified_time":"2025-10-15T13:54:16+00:00","og_image":[{"width":1600,"height":1000,"url":"https:\/\/www.goiko.com\/es\/wp-content\/uploads\/2023\/10\/CARRUSEL_GOIKODAYOK_NEW_V2.png","type":"image\/png"}],"twitter_card":"summary_large_image","twitter_site":"@goiko","twitter_misc":{"Tiempo de lectura":"4 minutos"},"schema":{"@context":"https:\/\/schema.org","@graph":[{"@type":"WebPage","@id":"https:\/\/www.goiko.com\/es\/bases-condiciones\/2x1octubre2025\/","url":"https:\/\/www.goiko.com\/es\/bases-condiciones\/2x1octubre2025\/","name":"BASES LEGALES | 2X1 OCTUBRE 2025 - GOIKO","isPartOf":{"@id":"https:\/\/www.goiko.com\/es\/#website"},"primaryImageOfPage":{"@id":"https:\/\/www.goiko.com\/es\/bases-condiciones\/2x1octubre2025\/#primaryimage"},"image":{"@id":"https:\/\/www.goiko.com\/es\/bases-condiciones\/2x1octubre2025\/#primaryimage"},"thumbnailUrl":"https:\/\/www.goiko.com\/es\/wp-content\/uploads\/2023\/10\/CARRUSEL_GOIKODAYOK_NEW_V2.png","datePublished":"2025-10-08T15:07:15+00:00","dateModified":"2025-10-15T13:54:16+00:00","breadcrumb":{"@id":"https:\/\/www.goiko.com\/es\/bases-condiciones\/2x1octubre2025\/#breadcrumb"},"inLanguage":"es","potentialAction":[{"@type":"ReadAction","target":["https:\/\/www.goiko.com\/es\/bases-condiciones\/2x1octubre2025\/"]}]},{"@type":"ImageObject","inLanguage":"es","@id":"https:\/\/www.goiko.com\/es\/bases-condiciones\/2x1octubre2025\/#primaryimage","url":"https:\/\/www.goiko.com\/es\/wp-content\/uploads\/2023\/10\/CARRUSEL_GOIKODAYOK_NEW_V2.png","contentUrl":"https:\/\/www.goiko.com\/es\/wp-content\/uploads\/2023\/10\/CARRUSEL_GOIKODAYOK_NEW_V2.png","width":1600,"height":1000},{"@type":"BreadcrumbList","@id":"https:\/\/www.goiko.com\/es\/bases-condiciones\/2x1octubre2025\/#breadcrumb","itemListElement":[{"@type":"ListItem","position":1,"name":"Portada","item":"https:\/\/www.goiko.com\/es\/"},{"@type":"ListItem","position":2,"name":"Bases y condiciones","item":"https:\/\/www.goiko.com\/es\/bases-condiciones\/"},{"@type":"ListItem","position":3,"name":"BASES LEGALES | 2X1 OCTUBRE 2025"}]},{"@type":"WebSite","@id":"https:\/\/www.goiko.com\/es\/#website","url":"https:\/\/www.goiko.com\/es\/","name":"GOIKO","description":"Chorreo Forever","potentialAction":[{"@type":"SearchAction","target":{"@type":"EntryPoint","urlTemplate":"https:\/\/www.goiko.com\/es\/?s={search_term_string}"},"query-input":{"@type":"PropertyValueSpecification","valueRequired":true,"valueName":"search_term_string"}}],"inLanguage":"es"}]}},"_links":{"self":[{"href":"https:\/\/www.goiko.com\/es\/wp-json\/wp\/v2\/pages\/67447","targetHints":{"allow":["GET"]}}],"collection":[{"href":"https:\/\/www.goiko.com\/es\/wp-json\/wp\/v2\/pages"}],"about":[{"href":"https:\/\/www.goiko.com\/es\/wp-json\/wp\/v2\/types\/page"}],"author":[{"embeddable":true,"href":"https:\/\/www.goiko.com\/es\/wp-json\/wp\/v2\/users\/53"}],"replies":[{"embeddable":true,"href":"https:\/\/www.goiko.com\/es\/wp-json\/wp\/v2\/comments?post=67447"}],"version-history":[{"count":12,"href":"https:\/\/www.goiko.com\/es\/wp-json\/wp\/v2\/pages\/67447\/revisions"}],"predecessor-version":[{"id":67594,"href":"https:\/\/www.goiko.com\/es\/wp-json\/wp\/v2\/pages\/67447\/revisions\/67594"}],"up":[{"embeddable":true,"href":"https:\/\/www.goiko.com\/es\/wp-json\/wp\/v2\/pages\/24894"}],"wp:featuredmedia":[{"embeddable":true,"href":"https:\/\/www.goiko.com\/es\/wp-json\/wp\/v2\/media\/54877"}],"wp:attachment":[{"href":"https:\/\/www.goiko.com\/es\/wp-json\/wp\/v2\/media?parent=67447"}],"curies":[{"name":"wp","href":"https:\/\/api.w.org\/{rel}","templated":true}]}}