{"id":67466,"date":"2025-10-10T13:22:44","date_gmt":"2025-10-10T12:22:44","guid":{"rendered":"https:\/\/www.goiko.com\/es\/bases-condiciones\/bbll_apertura_ccparquecorredor-copy-2\/"},"modified":"2025-10-10T13:32:31","modified_gmt":"2025-10-10T12:32:31","slug":"goikoxdukier","status":"publish","type":"page","link":"https:\/\/www.goiko.com\/es\/bases-condiciones\/goikoxdukier\/","title":{"rendered":"Bases Legales Sorteo Goiko x Dukier"},"content":{"rendered":"<h2 data-pm-slice=\"1 1 []\">Bases Legales Sorteo Goiko x Dukier<\/h2>\n<div>\n<ol>\n<li dir=\"ltr\" aria-level=\"1\">\n<p dir=\"ltr\" role=\"presentation\"><strong>Organizador<\/strong><\/p>\n<\/li>\n<\/ol>\n<p dir=\"ltr\">La empresa organizadora es WE ARE DUKIER, S.L. (en adelante \u201cDukier\u201d o el \u201cOrganizador\u201d), con domicilio en El Puerto de Santa Mar\u00eda, Calle Sor Mar\u00eda Aguilar, n\u00ba 25, portal 25, 11500. CIF B87783502 (m\u00e1s informaci\u00f3n en https:\/\/www.dukier.com\/<a href=\"http:\/\/www.mrwonderful.com\/)\">),<\/a>\u00a0y organiza un sorteo (en adelante \u201cel SORTEO\u201d) bajo su responsabilidad y de conformidad con las bases detalladas a continuaci\u00f3n.<b><\/b><\/p>\n<ol start=\"2\">\n<li dir=\"ltr\" aria-level=\"1\">\n<p dir=\"ltr\" role=\"presentation\"><strong>Requisitos para participar<\/strong><\/p>\n<\/li>\n<\/ol>\n<p dir=\"ltr\">Solo podr\u00e1n participar en el presente sorteo las personas mayores de 18 a\u00f1os con un domicilio en Espa\u00f1a (Pen\u00ednsula y Baleares) que sigan las cuentas de @goiko y @wearedukier y mencionen a un (1) amigo en el post en Instagram del 12 de octubre al 16 de octubre de 2025, ambas fechas inclusive.<b><\/b><\/p>\n<ol start=\"3\">\n<li dir=\"ltr\" aria-level=\"1\">\n<p dir=\"ltr\" role=\"presentation\"><strong>Mec\u00e1nica, premio y fechas<\/strong><\/p>\n<\/li>\n<\/ol>\n<p dir=\"ltr\">La mec\u00e1nica del sorteo consiste en seguir las cuentas de Instagram @goiko y @wearedukier y mencionar a un (1) amigo en el post. Se puede participar m\u00e1s de una vez mencionando a personas diferentes.\u00a0<b><\/b><\/p>\n<p dir=\"ltr\">El premio consiste en:<\/p>\n<ul>\n<li dir=\"ltr\" aria-level=\"1\">\n<p dir=\"ltr\" role=\"presentation\">3 packs compuestos por: arn\u00e9s, correa, porta bolsas, pajarita, manta plegable y comedero de Dukier.<\/p>\n<\/li>\n<li dir=\"ltr\" aria-level=\"1\">\n<p dir=\"ltr\" role=\"presentation\">3 cenas para 2 personas en los restaurantes Goiko.\u00a0El premio se podr\u00e1 canjear en TODOS los Goiko de la Pen\u00ednsula, excluido Baleares e Islas Canarias. V\u00e1lido\u00a0todos los d\u00edas en cualquier horario, c\u00f3digo de 50\u20ac con validez hasta el 31\/12\/2025<\/p>\n<\/li>\n<\/ul>\n<ol start=\"4\">\n<li dir=\"ltr\" aria-level=\"1\">\n<p dir=\"ltr\" role=\"presentation\"><strong>Elecci\u00f3n de los ganadores<\/strong><\/p>\n<\/li>\n<\/ol>\n<p dir=\"ltr\">Los ganadores ser\u00e1n escogidos por Dukier de forma aleatoria a trav\u00e9s de una plataforma digital de selecci\u00f3n automatizada entre el listado de todos los participantes en el sorteo.\u00a0<b><\/b><\/p>\n<p dir=\"ltr\">Dukier\u00a0se pondr\u00e1 en contacto con el ganador v\u00eda mensaje privado de Instagram para obtener los datos necesarios y ambas marcas har\u00e1n el env\u00edo del premio. Al entregar sus datos personales, el ganador acepta expresamente las condiciones de las promociones descritas en estas bases de participaci\u00f3n. En el caso en que no se pueda contactar con un ganador en el plazo de 7 d\u00edas desde la comunicaci\u00f3n del ganador, se proceder\u00e1 a contactar con el siguiente participante repitiendo el proceso de selecci\u00f3n inicial y as\u00ed hasta conseguir un ganador definitivo.<b><\/b><\/p>\n<ol start=\"5\">\n<li dir=\"ltr\" aria-level=\"1\">\n<p dir=\"ltr\" role=\"presentation\"><strong>Propiedad Intelectual y Cesi\u00f3n de Derechos de Imagen<\/strong><\/p>\n<\/li>\n<\/ol>\n<p dir=\"ltr\">Los ganadores del sorteo conocen y consienten que su nombre completo y foto de perfil p\u00fablica de Instagram\/Facebook sea publicada por Dukier en todos aquellos perfiles en redes sociales en donde el sorteo tenga una cuenta.<b><\/b><\/p>\n<ol start=\"6\">\n<li dir=\"ltr\" aria-level=\"1\">\n<p dir=\"ltr\" role=\"presentation\"><strong>Protecci\u00f3n de datos<\/strong><\/p>\n<\/li>\n<\/ol>\n<p dir=\"ltr\">WE ARE DUKIER S.L., en adelante RESPONSABLE, es el Responsable del tratamiento de los datos personales del Usuario y le informa que estos datos ser\u00e1n tratados de conformidad con lo dispuesto en las normativas vigentes en protecci\u00f3n de datos personales, el Reglamento (UE) 2016\/679 de 27 de abril de 2016 (GDPR) relativo a la protecci\u00f3n de las personas f\u00edsicas en lo que respecta al tratamiento de datos personales y a la libre circulaci\u00f3n de estos datos, por lo que se le facilita la siguiente informaci\u00f3n del tratamiento:<b><\/b><\/p>\n<p dir=\"ltr\">Fin del tratamiento: mantener una relaci\u00f3n comercial con el Usuario. Las operaciones previstas para realizar el tratamiento son:<b><\/b><\/p>\n<ul>\n<li dir=\"ltr\" aria-level=\"1\">\n<p dir=\"ltr\" role=\"presentation\">Remisi\u00f3n de comunicaciones comerciales publicitarias, siempre y cuando se haya autorizado previamente, por email, fax, SMS, MMS, comunidades sociales o cualquier otro medio electr\u00f3nico o f\u00edsico, presente o futuro, que posibilite realizar comunicaciones comerciales. Estas comunicaciones ser\u00e1n realizadas por el RESPONSABLE y relacionadas sobre sus productos y servicios, o de sus colaboradores o proveedores con los que \u00e9ste haya alcanzado alg\u00fan acuerdo de promoci\u00f3n. En este caso, los terceros nunca tendr\u00e1n acceso a los datos personales.<\/p>\n<\/li>\n<li dir=\"ltr\" aria-level=\"1\">\n<p dir=\"ltr\" role=\"presentation\">Realizar estudios estad\u00edsticos.<\/p>\n<\/li>\n<li dir=\"ltr\" aria-level=\"1\">\n<p dir=\"ltr\" role=\"presentation\">Tramitar encargos, solicitudes o cualquier tipo de petici\u00f3n que sea realizada por el usuario a trav\u00e9s de cualquiera de las formas de contacto que se ponen a su disposici\u00f3n.<\/p>\n<\/li>\n<li dir=\"ltr\" aria-level=\"1\">\n<p dir=\"ltr\" role=\"presentation\">Remitir el bolet\u00edn de noticias de la p\u00e1gina web.<\/p>\n<\/li>\n<\/ul>\n<p dir=\"ltr\">Elaboraci\u00f3n de Perfiles: el RESPONSABLE tambi\u00e9n podr\u00e1 realizar, previo consentimiento del Usuario, una elaboraci\u00f3n de perfiles basada en un tratamiento automatizado, destinada a evaluar los aspectos personales facilitados por el Interesado con el fin de realizar un an\u00e1lisis de su perfil.<b><\/b><\/p>\n<p dir=\"ltr\">Consecuencias previstas: El tratamiento de los datos no prev\u00e9 ninguna consecuencia que pueda tener alg\u00fan efecto jur\u00eddico o de alg\u00fan otro modo que afecte significativamente al Interesado.<b><\/b><\/p>\n<p dir=\"ltr\">L\u00f3gica empleada: Para realizar el tratamiento de los datos se usa procedimiento automatizado donde se filtran todos los campos con el fin de obtener un resultado que se ajuste a su perfil.<b><\/b><\/p>\n<p dir=\"ltr\">Criterios de conservaci\u00f3n de los datos: se conservar\u00e1n mientras exista un inter\u00e9s mutuo para mantener el fin del tratamiento y cuando ya no sea necesario para tal fin, se suprimir\u00e1n con medidas de seguridad adecuadas para garantizar la seudonimizaci\u00f3n de los datos o la destrucci\u00f3n total de los mismos.<b><\/b><\/p>\n<p dir=\"ltr\">Comunicaci\u00f3n de los datos: No se comunicar\u00e1n los datos a terceros, salvo obligaci\u00f3n legal.<b><\/b><\/p>\n<p dir=\"ltr\">Derechos que asisten al Usuario:<\/p>\n<ul>\n<li dir=\"ltr\" aria-level=\"1\">\n<p dir=\"ltr\" role=\"presentation\">Derecho a retirar el consentimiento en cualquier momento.<\/p>\n<\/li>\n<li dir=\"ltr\" aria-level=\"1\">\n<p dir=\"ltr\" role=\"presentation\">Derecho de acceso, rectificaci\u00f3n, portabilidad y supresi\u00f3n de sus datos y a la limitaci\u00f3n u oposici\u00f3n al su tratamiento.<\/p>\n<\/li>\n<li dir=\"ltr\" aria-level=\"1\">\n<p dir=\"ltr\" role=\"presentation\">Derecho a presentar una reclamaci\u00f3n ante la autoridad de control (agpd.es) si considera que el tratamiento no se ajusta a la normativa vigente.<\/p>\n<\/li>\n<\/ul>\n<p dir=\"ltr\">Datos de contacto para ejercer sus derechos: WE ARE DUKIER S.L.,\u00a0 El Puerto de Santa Mar\u00eda, Calle Sor Mar\u00eda Aguilar, n\u00ba 25, portal 25, 11500. CIF B87783502. Email:\u00a0<a href=\"mailto:info@dukier.com\">info@dukier.com<\/a>.<b><\/b><\/p>\n<p dir=\"ltr\">En consecuencia, GOIKO quedar\u00e1 exonerado de cualquier responsabilidad que pudiese derivarse del mencionado tratamiento.<\/p>\n<ol start=\"7\">\n<li dir=\"ltr\" aria-level=\"1\">\n<p dir=\"ltr\" role=\"presentation\"><strong>Cuestiones fiscales<\/strong><\/p>\n<\/li>\n<\/ol>\n<p dir=\"ltr\">En su caso, a los premios de la presente promoci\u00f3n, les ser\u00e1n de aplicaci\u00f3n la normativa en materia de Impuesto sobre la Renta de las Persona F\u00edsicas, Renta de no residentes y dem\u00e1s textos legales en materia fiscal. En este sentido, la obtenci\u00f3n de un premio de este tipo podr\u00eda constituir para el ganador una ganancia patrimonial a efectos de IRPF, al dar lugar a una variaci\u00f3n en el valor de su patrimonio puesta de manifiesta por una alteraci\u00f3n en su composici\u00f3n. El ganador del premio quedar\u00e1 sometido al cumplimiento de todas las obligaciones fiscales establecidas por la legislaci\u00f3n vigente aplicable, en su caso, siendo de su cargo exclusivo el pago de las mismas.<b><\/b><\/p>\n<p dir=\"ltr\">GOIKO quedar\u00e1 exento de cualquier responsabilidad frente a los ganadores en relaci\u00f3n con el premio ofrecido por Dukier.<\/p>\n<ol start=\"8\">\n<li dir=\"ltr\" aria-level=\"1\">\n<p dir=\"ltr\" role=\"presentation\"><strong>Otras normas de uso<\/strong><\/p>\n<\/li>\n<\/ol>\n<p dir=\"ltr\">No se admitir\u00e1n comentarios ofensivos, insultos, amenazas, lenguaje malsonante, contenidos degradantes o descalificaciones hacia otros miembros de la comunidad o hacia nuestros productos y servicio, marcas o equipo humano.<b><\/b><\/p>\n<ol start=\"9\">\n<li dir=\"ltr\" aria-level=\"1\">\n<p dir=\"ltr\" role=\"presentation\"><strong>Aceptaci\u00f3n de las bases<\/strong><\/p>\n<\/li>\n<\/ol>\n<p dir=\"ltr\">El mero hecho de participar en el sorteo implica que el participante acepta totalmente las condiciones de estas bases legales. Asimismo, la participaci\u00f3n en un sorteo de esta naturaleza supone la aceptaci\u00f3n de las normas de la red social donde se desarrolla el mismo.<b><\/b><\/p>\n<ol start=\"10\">\n<li dir=\"ltr\" aria-level=\"1\">\n<p dir=\"ltr\" role=\"presentation\"><strong>Ley aplicable<\/strong><\/p>\n<\/li>\n<\/ol>\n<p dir=\"ltr\">Estas Bases est\u00e1n sujetas a la legislaci\u00f3n espa\u00f1ola. Cualquier reclamaci\u00f3n relacionada con el sorteo debe enviarse por escrito a WE ARE DUKIER S.L. En caso de controversia en la aplicaci\u00f3n o interpretaci\u00f3n de estas bases y en ausencia de un acuerdo amistoso, todo litigio estar\u00e1 sujeto a los tribunales de la ciudad de Madrid.<\/p>\n<\/div>\n","protected":false},"excerpt":{"rendered":"<p>Bases Legales Sorteo Goiko x Dukier Organizador La empresa organizadora es WE ARE DUKIER, S.L. (en adelante \u201cDukier\u201d o el \u201cOrganizador\u201d), con domicilio en El Puerto de Santa Mar\u00eda, Calle Sor Mar\u00eda Aguilar, n\u00ba 25, portal 25, 11500. CIF B87783502 (m\u00e1s informaci\u00f3n en https:\/\/www.dukier.com\/),\u00a0y organiza un sorteo (en adelante \u201cel SORTEO\u201d) bajo su responsabilidad y [&hellip;]<\/p>\n","protected":false},"author":53,"featured_media":46412,"parent":24894,"menu_order":0,"comment_status":"closed","ping_status":"closed","template":"","meta":{"footnotes":""},"class_list":["post-67466","page","type-page","status-publish","has-post-thumbnail","hentry"],"acf":[],"yoast_head":"<!-- This site is optimized with the Yoast SEO plugin v23.8 - https:\/\/yoast.com\/wordpress\/plugins\/seo\/ -->\n<title>Bases Legales Sorteo Goiko x Dukier - GOIKO<\/title>\n<meta name=\"robots\" content=\"index, follow, max-snippet:-1, max-image-preview:large, max-video-preview:-1\" \/>\n<link rel=\"canonical\" href=\"https:\/\/www.goiko.com\/es\/bases-condiciones\/goikoxdukier\/\" \/>\n<meta property=\"og:locale\" content=\"es_ES\" \/>\n<meta property=\"og:type\" content=\"article\" \/>\n<meta property=\"og:title\" content=\"Bases Legales Sorteo Goiko x Dukier - GOIKO\" \/>\n<meta property=\"og:description\" content=\"Bases Legales Sorteo Goiko x Dukier Organizador La empresa organizadora es WE ARE DUKIER, S.L. (en adelante \u201cDukier\u201d o el \u201cOrganizador\u201d), con domicilio en El Puerto de Santa Mar\u00eda, Calle Sor Mar\u00eda Aguilar, n\u00ba 25, portal 25, 11500. CIF B87783502 (m\u00e1s informaci\u00f3n en https:\/\/www.dukier.com\/),\u00a0y organiza un sorteo (en adelante \u201cel SORTEO\u201d) bajo su responsabilidad y [&hellip;]\" \/>\n<meta property=\"og:url\" content=\"https:\/\/www.goiko.com\/es\/bases-condiciones\/goikoxdukier\/\" \/>\n<meta property=\"og:site_name\" content=\"GOIKO\" \/>\n<meta property=\"article:publisher\" content=\"https:\/\/www.facebook.com\/goiko\" \/>\n<meta property=\"article:modified_time\" content=\"2025-10-10T12:32:31+00:00\" \/>\n<meta property=\"og:image\" content=\"https:\/\/www.goiko.com\/es\/wp-content\/uploads\/2017\/03\/KevinBacon_1200x600px.png\" \/>\n\t<meta property=\"og:image:width\" content=\"1200\" \/>\n\t<meta property=\"og:image:height\" content=\"600\" \/>\n\t<meta property=\"og:image:type\" content=\"image\/png\" \/>\n<meta name=\"twitter:card\" content=\"summary_large_image\" \/>\n<meta name=\"twitter:site\" content=\"@goiko\" \/>\n<meta name=\"twitter:label1\" content=\"Tiempo de lectura\" \/>\n\t<meta name=\"twitter:data1\" content=\"6 minutos\" \/>\n<script type=\"application\/ld+json\" class=\"yoast-schema-graph\">{\"@context\":\"https:\/\/schema.org\",\"@graph\":[{\"@type\":\"WebPage\",\"@id\":\"https:\/\/www.goiko.com\/es\/bases-condiciones\/goikoxdukier\/\",\"url\":\"https:\/\/www.goiko.com\/es\/bases-condiciones\/goikoxdukier\/\",\"name\":\"Bases Legales Sorteo Goiko x Dukier - GOIKO\",\"isPartOf\":{\"@id\":\"https:\/\/www.goiko.com\/es\/#website\"},\"primaryImageOfPage\":{\"@id\":\"https:\/\/www.goiko.com\/es\/bases-condiciones\/goikoxdukier\/#primaryimage\"},\"image\":{\"@id\":\"https:\/\/www.goiko.com\/es\/bases-condiciones\/goikoxdukier\/#primaryimage\"},\"thumbnailUrl\":\"https:\/\/www.goiko.com\/es\/wp-content\/uploads\/2017\/03\/KevinBacon_1200x600px.png\",\"datePublished\":\"2025-10-10T12:22:44+00:00\",\"dateModified\":\"2025-10-10T12:32:31+00:00\",\"breadcrumb\":{\"@id\":\"https:\/\/www.goiko.com\/es\/bases-condiciones\/goikoxdukier\/#breadcrumb\"},\"inLanguage\":\"es\",\"potentialAction\":[{\"@type\":\"ReadAction\",\"target\":[\"https:\/\/www.goiko.com\/es\/bases-condiciones\/goikoxdukier\/\"]}]},{\"@type\":\"ImageObject\",\"inLanguage\":\"es\",\"@id\":\"https:\/\/www.goiko.com\/es\/bases-condiciones\/goikoxdukier\/#primaryimage\",\"url\":\"https:\/\/www.goiko.com\/es\/wp-content\/uploads\/2017\/03\/KevinBacon_1200x600px.png\",\"contentUrl\":\"https:\/\/www.goiko.com\/es\/wp-content\/uploads\/2017\/03\/KevinBacon_1200x600px.png\",\"width\":1200,\"height\":600},{\"@type\":\"BreadcrumbList\",\"@id\":\"https:\/\/www.goiko.com\/es\/bases-condiciones\/goikoxdukier\/#breadcrumb\",\"itemListElement\":[{\"@type\":\"ListItem\",\"position\":1,\"name\":\"Portada\",\"item\":\"https:\/\/www.goiko.com\/es\/\"},{\"@type\":\"ListItem\",\"position\":2,\"name\":\"Bases y condiciones\",\"item\":\"https:\/\/www.goiko.com\/es\/bases-condiciones\/\"},{\"@type\":\"ListItem\",\"position\":3,\"name\":\"Bases Legales Sorteo Goiko x Dukier\"}]},{\"@type\":\"WebSite\",\"@id\":\"https:\/\/www.goiko.com\/es\/#website\",\"url\":\"https:\/\/www.goiko.com\/es\/\",\"name\":\"GOIKO\",\"description\":\"Chorreo Forever\",\"potentialAction\":[{\"@type\":\"SearchAction\",\"target\":{\"@type\":\"EntryPoint\",\"urlTemplate\":\"https:\/\/www.goiko.com\/es\/?s={search_term_string}\"},\"query-input\":{\"@type\":\"PropertyValueSpecification\",\"valueRequired\":true,\"valueName\":\"search_term_string\"}}],\"inLanguage\":\"es\"}]}<\/script>\n<!-- \/ Yoast SEO plugin. -->","yoast_head_json":{"title":"Bases Legales Sorteo Goiko x Dukier - GOIKO","robots":{"index":"index","follow":"follow","max-snippet":"max-snippet:-1","max-image-preview":"max-image-preview:large","max-video-preview":"max-video-preview:-1"},"canonical":"https:\/\/www.goiko.com\/es\/bases-condiciones\/goikoxdukier\/","og_locale":"es_ES","og_type":"article","og_title":"Bases Legales Sorteo Goiko x Dukier - GOIKO","og_description":"Bases Legales Sorteo Goiko x Dukier Organizador La empresa organizadora es WE ARE DUKIER, S.L. (en adelante \u201cDukier\u201d o el \u201cOrganizador\u201d), con domicilio en El Puerto de Santa Mar\u00eda, Calle Sor Mar\u00eda Aguilar, n\u00ba 25, portal 25, 11500. CIF B87783502 (m\u00e1s informaci\u00f3n en https:\/\/www.dukier.com\/),\u00a0y organiza un sorteo (en adelante \u201cel SORTEO\u201d) bajo su responsabilidad y [&hellip;]","og_url":"https:\/\/www.goiko.com\/es\/bases-condiciones\/goikoxdukier\/","og_site_name":"GOIKO","article_publisher":"https:\/\/www.facebook.com\/goiko","article_modified_time":"2025-10-10T12:32:31+00:00","og_image":[{"width":1200,"height":600,"url":"https:\/\/www.goiko.com\/es\/wp-content\/uploads\/2017\/03\/KevinBacon_1200x600px.png","type":"image\/png"}],"twitter_card":"summary_large_image","twitter_site":"@goiko","twitter_misc":{"Tiempo de lectura":"6 minutos"},"schema":{"@context":"https:\/\/schema.org","@graph":[{"@type":"WebPage","@id":"https:\/\/www.goiko.com\/es\/bases-condiciones\/goikoxdukier\/","url":"https:\/\/www.goiko.com\/es\/bases-condiciones\/goikoxdukier\/","name":"Bases Legales Sorteo Goiko x Dukier - GOIKO","isPartOf":{"@id":"https:\/\/www.goiko.com\/es\/#website"},"primaryImageOfPage":{"@id":"https:\/\/www.goiko.com\/es\/bases-condiciones\/goikoxdukier\/#primaryimage"},"image":{"@id":"https:\/\/www.goiko.com\/es\/bases-condiciones\/goikoxdukier\/#primaryimage"},"thumbnailUrl":"https:\/\/www.goiko.com\/es\/wp-content\/uploads\/2017\/03\/KevinBacon_1200x600px.png","datePublished":"2025-10-10T12:22:44+00:00","dateModified":"2025-10-10T12:32:31+00:00","breadcrumb":{"@id":"https:\/\/www.goiko.com\/es\/bases-condiciones\/goikoxdukier\/#breadcrumb"},"inLanguage":"es","potentialAction":[{"@type":"ReadAction","target":["https:\/\/www.goiko.com\/es\/bases-condiciones\/goikoxdukier\/"]}]},{"@type":"ImageObject","inLanguage":"es","@id":"https:\/\/www.goiko.com\/es\/bases-condiciones\/goikoxdukier\/#primaryimage","url":"https:\/\/www.goiko.com\/es\/wp-content\/uploads\/2017\/03\/KevinBacon_1200x600px.png","contentUrl":"https:\/\/www.goiko.com\/es\/wp-content\/uploads\/2017\/03\/KevinBacon_1200x600px.png","width":1200,"height":600},{"@type":"BreadcrumbList","@id":"https:\/\/www.goiko.com\/es\/bases-condiciones\/goikoxdukier\/#breadcrumb","itemListElement":[{"@type":"ListItem","position":1,"name":"Portada","item":"https:\/\/www.goiko.com\/es\/"},{"@type":"ListItem","position":2,"name":"Bases y condiciones","item":"https:\/\/www.goiko.com\/es\/bases-condiciones\/"},{"@type":"ListItem","position":3,"name":"Bases Legales Sorteo Goiko x Dukier"}]},{"@type":"WebSite","@id":"https:\/\/www.goiko.com\/es\/#website","url":"https:\/\/www.goiko.com\/es\/","name":"GOIKO","description":"Chorreo Forever","potentialAction":[{"@type":"SearchAction","target":{"@type":"EntryPoint","urlTemplate":"https:\/\/www.goiko.com\/es\/?s={search_term_string}"},"query-input":{"@type":"PropertyValueSpecification","valueRequired":true,"valueName":"search_term_string"}}],"inLanguage":"es"}]}},"_links":{"self":[{"href":"https:\/\/www.goiko.com\/es\/wp-json\/wp\/v2\/pages\/67466","targetHints":{"allow":["GET"]}}],"collection":[{"href":"https:\/\/www.goiko.com\/es\/wp-json\/wp\/v2\/pages"}],"about":[{"href":"https:\/\/www.goiko.com\/es\/wp-json\/wp\/v2\/types\/page"}],"author":[{"embeddable":true,"href":"https:\/\/www.goiko.com\/es\/wp-json\/wp\/v2\/users\/53"}],"replies":[{"embeddable":true,"href":"https:\/\/www.goiko.com\/es\/wp-json\/wp\/v2\/comments?post=67466"}],"version-history":[{"count":2,"href":"https:\/\/www.goiko.com\/es\/wp-json\/wp\/v2\/pages\/67466\/revisions"}],"predecessor-version":[{"id":67468,"href":"https:\/\/www.goiko.com\/es\/wp-json\/wp\/v2\/pages\/67466\/revisions\/67468"}],"up":[{"embeddable":true,"href":"https:\/\/www.goiko.com\/es\/wp-json\/wp\/v2\/pages\/24894"}],"wp:featuredmedia":[{"embeddable":true,"href":"https:\/\/www.goiko.com\/es\/wp-json\/wp\/v2\/media\/46412"}],"wp:attachment":[{"href":"https:\/\/www.goiko.com\/es\/wp-json\/wp\/v2\/media?parent=67466"}],"curies":[{"name":"wp","href":"https:\/\/api.w.org\/{rel}","templated":true}]}}