{"id":68127,"date":"2025-11-26T12:43:02","date_gmt":"2025-11-26T11:43:02","guid":{"rendered":"https:\/\/www.goiko.com\/es\/bases-condiciones\/iphone17promax-copy\/"},"modified":"2025-11-26T13:02:50","modified_gmt":"2025-11-26T12:02:50","slug":"bbllmonstersorteofwb","status":"publish","type":"page","link":"https:\/\/www.goiko.com\/es\/bases-condiciones\/bbllmonstersorteofwb\/","title":{"rendered":"BASES LEGALES | SORTEO FRIENDS WITH BENEFITS MOTO GP"},"content":{"rendered":"<p style=\"text-align: center;\"><strong><u>BASES LEGALES SORTEO \u201cFRIENDS WITH BENEFITS MOTO GP\u201d<\/u><\/strong><\/p>\n<p>&nbsp;<\/p>\n<p><strong>GOIKO GOURMET S.L.,<\/strong> (en adelante, GOIKO) con domicilio en, C\/ Maestro \u00c1ngel Llorca 6, Planta 5, Madrid C.P. 28003, con C.I.F. <strong>B-86.590.841<\/strong>, organiza en la fecha indicada a continuaci\u00f3n, el sorteo gratuito, sin obligaci\u00f3n de compra, llamado <strong><u>\u201cFriends with Benefits MOTO GP\u201d<\/u><\/strong> (en adelante, el \u201cSorteo\u201d) de acuerdo con los requisitos que se recogen en estas Bases.<\/p>\n<p><strong>PRIMERO. &#8211; OBJETIVO. <\/strong><\/p>\n<p>GOIKO realizar\u00e1 UN (1) sorteo que tendr\u00e1 DOS (2) ganador, cuyo premio se distribuye de la siguiente manera:<\/p>\n<ul>\n<li>UN (1) VIAJE A BARCELONA CON UNA (1) ENTRADA DOBLE AL EVENTO MOTO GP PARA DOS (2) PERSONAS, para cada uno de los ganadores.<\/li>\n<\/ul>\n<p><strong>SEGUNDO.- RESTAURANTE Y PLAZO<\/strong>.<\/p>\n<p>El sorteo ser\u00e1 publicado a trav\u00e9s de:<\/p>\n<ul>\n<li>La p\u00e1gina web oficial de GOIKO <a href=\"https:\/\/www.goiko.com\/es\/\">https:\/\/www.goiko.com\/es\/<\/a>.<\/li>\n<li>Correo electr\u00f3nico.<\/li>\n<li>Gafa de Friend with Benefits colocados en la Sala de los restaurantes GOIKO.<\/li>\n<\/ul>\n<p>Las gafas de promoci\u00f3n de Friend with Benefits se van a encontrar disponibles en los locales de la Pen\u00ednsula Ib\u00e9rica, excluyendo as\u00ed a GOIKO Gluten Free, Isla Canarias e Islas Baleares, y Andorra.<\/p>\n<p>El plazo para participar en el sorteo comienza el 1 de diciembre de 2025 a las 12:00hrs, hasta el 31 de diciembre de 2025 a las 23:59 hrs.<\/p>\n<p>La validez del premio ser\u00e1 la siguiente:<\/p>\n<ul>\n<li>DOS (2) viaje ida y vuelta de cualquier estaci\u00f3n de tren o aeropuerto de Espa\u00f1a con destino a Barcelona para DOS (2) personas con UNA (1) entrada doble al evento MOTO GP para cada uno de los ganadores. Incluye un bono de 3 d\u00edas, 2 noches, de alojamiento en un hotel de 4 estrellas con desayuno; Traslado in\/out privados desde la estaci\u00f3n o Aeropuerto hasta el hotel; seguro de viaje; contacto 24h para incidencias.<\/li>\n<\/ul>\n<p>La fecha para disfrutar los premios deber\u00e1 ser del 15 de mayo de 2026 al 17 de mayo de 2026, d\u00edas en los cuales se va a celebrar el evento MOTO GP BARCELONA 2026.<\/p>\n<p><strong>TERCERO.- DESCRIPCI\u00d3N Y CONDICIONES PARA PARTICIPAR.<\/strong><\/p>\n<ul>\n<li>Quien desee participar deber\u00e1 cumplir con los siguientes requisitos:<\/li>\n<li>Ser mayor de 18 a\u00f1os.<\/li>\n<li>Estar registrado en el programa de \u201cFriends With Benefits\u201d de GOIKO.<\/li>\n<li>Un consumo m\u00ednimo de UNA (1) de la bebida MONSTER por participante.<\/li>\n<li>Los participantes que no se encuentren inscritos en el programa de \u201cFriend With Benefits\u201d, podr\u00e1 participar con el consumo m\u00ednimo de UNA (1) bebida MONSTER que contar\u00e1 como una participaci\u00f3n doble en el sorteo.<\/li>\n<li>Registrar el ticket de consumo en su cuenta de Friends with Benefits desde el 1 de diciembre de 2025 a las 12:00hrs, hasta el 31 de diciembre de 2025 a las 23:59 hrs.<\/li>\n<li>Los participantes en el Sorteo declaran y garantizan que cumplen con los requisitos establecidos, siendo responsables de la veracidad de dicha declaraci\u00f3n.<\/li>\n<li>Quedan excluidos de esta promoci\u00f3n los empleados de GOIKO y sus filiales, as\u00ed como de cualquier empresa del Grupo.<\/li>\n<li>No ser\u00e1n v\u00e1lidas las participaciones de cuentas de personas jur\u00eddicas.<\/li>\n<li>La participaci\u00f3n en el sorteo es gratuita. No se facilitar\u00e1 el terminal para participar. Los gastos de conexi\u00f3n a Internet son asumidos por el participante.<\/li>\n<li>Los gastos adicionales, como lo pueden ser el desplazamiento hasta la estaci\u00f3n\/aeropuerto, tasas tur\u00edsticas, gastos personales, etc, ser\u00e1n asumidos por el ganador del sorteo, sin que se le pueda exigir su pago a GOIKO.<\/li>\n<li>Los detalles de la reserva se deber\u00e1n de gestionar con una antelaci\u00f3n m\u00ednima de UN (1) mes.<\/li>\n<li>El premio consistente en DOS (2) ENTRADA DOBLE PARA EL EVENTO MOTO GP BARCELONA 2026 se encuentra sujeto a disponibilidad.<\/li>\n<li>Los ganadores podr\u00e1n renunciar al premio obtenido, no obstante, el premio no podr\u00e1 canjearse por dinero en efectivo o cualquier otro producto o servicio.<\/li>\n<li>El premio es personal e intransferible y no podr\u00e1 ser objeto de alteraci\u00f3n o compensaci\u00f3n, ni canjeando su valor econ\u00f3mico.<\/li>\n<\/ul>\n<p>&nbsp;<\/p>\n<p><strong>CUARTO.- ELECCI\u00d3N DEL GANADOR.<\/strong><\/p>\n<p>&nbsp;<\/p>\n<p>Se nombrar\u00e1 DOS (2) ganadores y si fuese necesario, UN (1) suplente por cada uno. El ganador ser\u00e1 seleccionado el d\u00eda 8 de enero de 2026, mediante la herramienta de selecci\u00f3n aleatoria ARITRERY [<a href=\"https:\/\/arbitrery.com\">https:\/\/arbitrery.com<\/a>].<\/p>\n<p>El anuncio de los ganadores ser\u00e1 mediante el correo electr\u00f3nico afiliado a la cuenta Friend with Benefits.\u00a0 .<\/p>\n<p><strong>\u00a0<\/strong><\/p>\n<p><strong>QUINTO.- ENTREGA DEL PREMIO.<\/strong><\/p>\n<p>GOIKO se pondr\u00e1 en contacto con el ganador\u00a0 a trav\u00e9s de un mensaje\u00a0 al correo electr\u00f3nico afiliado a la cuenta de Friend with Benefits. Desde dicha comunicaci\u00f3n, cada ganador dispondr\u00e1 de 72 horas, para aceptar, o bien, rechazar el premio expresamente por cualquier causa, el premio correspondiente se ofrecer\u00e1 al suplente, y si \u00e9ste no contestase en el mismo plazo o lo rechazase, el premio del que se trate ser\u00e1 declarado desierto.<\/p>\n<p>Una vez aceptado el premio, el ganador recibir\u00e1 un mensaje directo a su correo electr\u00f3nico afiliado a la cuenta de Friend with Benefits para poder coordinar la log\u00edstica del viaje con destino a Barcelona de la mano de MONSTER.<\/p>\n<p>Cada ganador autoriza a que su nombre pueda ser publicado en la p\u00e1gina web y redes sociales de @goiko, as\u00ed como en cualquiera de los canales oficiales de comunicaci\u00f3n de las marcas sin que ello genere derecho a su favor a recibir contraprestaci\u00f3n alguna. A cada ganador se le solicitar\u00e1 adem\u00e1s los datos necesarios para gestionar el premio en caso de ser necesario.<\/p>\n<p><strong>SEXTO.- PROTECCI\u00d3N DE DATOS DE CAR\u00c1CTER PERSONAL.<\/strong><\/p>\n<p>El tratamiento de datos de car\u00e1cter personal de los participantes y ganadores se hace conforme a los establecido en las Pol\u00edticas de Protecci\u00f3n de datos de GOIKO, a la que se puede acceder a trav\u00e9s del siguiente enlace: <a href=\"https:\/\/www.goiko.com\/es\/politica_de_proteccion_de_datos_friends_with_benefits\/\">https:\/\/www.goiko.com\/es\/politica_de_proteccion_de_datos_friends_with_benefits\/<\/a>.<\/p>\n<p>En relaci\u00f3n con los datos de car\u00e1cter personal promocionados por los ganadores del Viaje a Barcelona de la mano de MONSTER, dicha entidad ser\u00e1 la \u00fanica responsable del tratamiento de sus datos. En consecuencia, GOIKO quedar\u00e1 exonerado de cualquier responsabilidad que pudiese derivarse del mencionado tratamiento.<\/p>\n<p>&nbsp;<\/p>\n<p><strong>S\u00c9PTIMO.- ACEPTACI\u00d3N DE LAS BASES. <\/strong><\/p>\n<ol>\n<li>El mero hecho de participar en el sorteo implica la aceptaci\u00f3n \u00edntegra de las presentes bases.<\/li>\n<li>GOIKO se reserva el derecho a modificar las bases del sorteo, parcial o totalmente en cualquier momento, en la medida que no perjudique o menoscabe los derechos de los participantes en el sorteo. Asimismo, se reservan tambi\u00e9n el derecho de anularlo o dejar el premio desierto en caso de detectarse alguna irregularidad. Realizada cualquier modificaci\u00f3n, \u00e9sta ser\u00e1 debidamente puesta en conocimiento de los participantes.<\/li>\n<li>GOIKO se reserva el derecho de excluir de la participaci\u00f3n en el sorteo a todos aquellos participantes que, estime, est\u00e1n incumpliendo cualquier condici\u00f3n de participaci\u00f3n incluida en las presentes bases. La exclusi\u00f3n de una participante, cualquiera que sea la causa, conlleva la p\u00e9rdida de todos los derechos derivados de su condici\u00f3n como tal.<\/li>\n<li>Cualquier utilizaci\u00f3n abusiva o fraudulenta de estas bases dar\u00e1 lugar a la consiguiente descalificaci\u00f3n del participante en el sorteo.<\/li>\n<li>GOIKO queda eximido de cualquier responsabilidad en el supuesto de existir alg\u00fan error en los datos facilitados en su caso por los propios agraciados que impidiera su identificaci\u00f3n.<\/li>\n<li>No vinculaci\u00f3n. El sorteo no est\u00e1 patrocinado, avalado, administrado ni asociado en modo alguno a Instagram por lo que los participantes liberan a Instagram de toda responsabilidad por los eventuales da\u00f1os que se deriven de la misma. no<\/li>\n<\/ol>\n<p>GOIKO est\u00e1 exento de cualquier responsabilidad derivada de cualquier circunstancia imputable a terceros que pueda afectar al desarrollo del sorteo y\/o entrega del premio.<\/p>\n<p>GOIKO en ning\u00fan caso ser\u00e1 responsable por los da\u00f1os y perjuicios directa o indirectamente resultantes de cualquier fallo, problema, acci\u00f3n u omisi\u00f3n por parte de terceros ajenos a GOIKO, como por ejemplo y sin limitaci\u00f3n, ataques inform\u00e1ticos, huelga, cualquier tipo de revuelta civil o amenaza, incendios, inundaciones, terremotos o desastres naturales, etc\u00e9tera. GOIKO en ning\u00fan caso ser\u00e1 responsable por cualquier da\u00f1o causado directa o indirectamente por cualquier acci\u00f3n, omisi\u00f3n o negligencia imputable a los participantes y\/o ganadores.<\/p>\n<p>&nbsp;<\/p>\n<p><strong>OCTAVO.- RESPONSABILIDAD<\/strong>.<\/p>\n<p>GOIKO actuar\u00e1 como intermediario entre MONSTER y los DOS (2) ganadores con relaci\u00f3n al premio VIAJE A BARCELONA PARA DOS (2) PERSONAS, por lo que, GOIKO quedar\u00e1 exento de cualquier responsabilidad frente a los ganadores en relaci\u00f3n con este premio, m\u00e1s all\u00e1 de ponerlos en contacto con MONSTER.<\/p>\n<p>GOIKO no se har\u00e1 responsable por cualquier riesgo ni da\u00f1os que conlleve el uso del premio aceptado. Por lo que, los ganadores aceptan su responsabilidad sobre cualquier riesgo o da\u00f1o que esto pueda causar.<\/p>\n<p>El ganador ser\u00e1 responsable de cualquier otro gasto no incluido en la descripci\u00f3n del premio.<\/p>\n<p><strong>NOVENO.- CAUSAS DE DESCALIFICACI\u00d3N DE UN PARTICIPANTE DEL SORTEO.<\/strong><\/p>\n<p>Este sorteo se organiza con la pretensi\u00f3n de incentivar y fomentar la participaci\u00f3n de todos los concursantes en condiciones de igualdad y con estricto respeto al principio general de la buena fe. Por ese motivo, GOIKO excluir\u00e1 autom\u00e1tica e inmediatamente del mismo a cualquier participante que transgreda las normas de buena fe, observe una conducta mendaz, inadecuada, falaz o impropia, emplee medios desproporcionados, fraudulentos o abusivos, o incumpla estas bases en cualquiera de sus extremos.<\/p>\n<p>En cualquier caso, con car\u00e1cter enunciativo, pero no limitativo, y en aquello que resulte de aplicaci\u00f3n, se excluir\u00e1 a cualquier participante del sorteo en los siguientes casos:<\/p>\n<ol>\n<li>Empleo de v\u00edas, sistemas o dispositivos para alterar el sistema de votaciones, como la compra de votos, o la introducci\u00f3n automatizada de datos o c\u00f3digos. La mera sospecha de que un participante est\u00e1 utilizando cualquier sistema automatizado para la introducci\u00f3n masiva o repetitiva de los datos o c\u00f3digos necesarios para participar en el sorteo, dar\u00e1 lugar a la exclusi\u00f3n inmediata de todas sus participaciones y le inhabilitar\u00e1 para recibir cualquier premio, sin que sea necesario comunic\u00e1rselo.<\/li>\n<li>Introducci\u00f3n de datos personales inexactos, err\u00f3neos, no coincidentes o falsos. La constataci\u00f3n de que un participante ha introducido datos personales inexactos, alterados o falsos, dar\u00e1 lugar a la exclusi\u00f3n inmediata de todas sus participaciones en el Concurso, y le inhabilitar\u00e1 para recibir cualquier premio, sin que sea necesario comunic\u00e1rselo.<\/li>\n<li>De igual modo, cualquier anomal\u00eda atribuible a un participante que impida, altere o perturbe el normal desarrollo del sorteo, que afecte o perjudique a cualquier otro participante, que pueda falsear los datos de participaci\u00f3n, comprometa la seguridad o la fiabilidad de los sistemas t\u00e9cnicos utilizados para su desarrollo, o que contravenga, de alg\u00fan otro modo las presentes bases, dar\u00e1 derecho a GOIKO a excluir unilateral e inmediatamente a dicho participante y a dar cuenta de los hechos a las autoridades competentes. En caso de que cualquiera de las anteriores irregularidades, o cualesquiera otras, se detecten con posterioridad a la entrega efectiva de alguno de los premios, GOIKO se reserva el derecho de ejercitar las acciones legales pertinentes contra su autor o responsable, entre otras, las tendentes a la devoluci\u00f3n del premio.<\/li>\n<\/ol>\n<p>&nbsp;<\/p>\n<p><strong>D\u00c9CIMO.- LEY APLICABLE &#8211; CONTROVERSIA.<\/strong><\/p>\n<p>Estas bases legales se regir\u00e1n de conformidad con la ley espa\u00f1ola. Ser\u00e1n competentes para resolver cualquier reclamaci\u00f3n o controversia que pudiera plantearse en relaci\u00f3n con la validez, interpretaci\u00f3n o cumplimiento de estas bases los Juzgados y Tribunales de la ciudad de Madrid.<\/p>\n","protected":false},"excerpt":{"rendered":"<p>BASES LEGALES SORTEO \u201cFRIENDS WITH BENEFITS MOTO GP\u201d &nbsp; GOIKO GOURMET S.L., (en adelante, GOIKO) con domicilio en, C\/ Maestro \u00c1ngel Llorca 6, Planta 5, Madrid C.P. 28003, con C.I.F. B-86.590.841, organiza en la fecha indicada a continuaci\u00f3n, el sorteo gratuito, sin obligaci\u00f3n de compra, llamado \u201cFriends with Benefits MOTO GP\u201d (en adelante, el \u201cSorteo\u201d) [&hellip;]<\/p>\n","protected":false},"author":53,"featured_media":68143,"parent":24894,"menu_order":0,"comment_status":"closed","ping_status":"closed","template":"","meta":{"footnotes":""},"class_list":["post-68127","page","type-page","status-publish","has-post-thumbnail","hentry"],"acf":[],"yoast_head":"<!-- This site is optimized with the Yoast SEO plugin v23.8 - https:\/\/yoast.com\/wordpress\/plugins\/seo\/ -->\n<title>BASES LEGALES | SORTEO FRIENDS WITH BENEFITS MOTO GP - GOIKO<\/title>\n<meta name=\"robots\" content=\"index, follow, max-snippet:-1, max-image-preview:large, max-video-preview:-1\" \/>\n<link rel=\"canonical\" href=\"https:\/\/www.goiko.com\/es\/bases-condiciones\/bbllmonstersorteofwb\/\" \/>\n<meta property=\"og:locale\" content=\"es_ES\" \/>\n<meta property=\"og:type\" content=\"article\" \/>\n<meta property=\"og:title\" content=\"BASES LEGALES | SORTEO FRIENDS WITH BENEFITS MOTO GP - GOIKO\" \/>\n<meta property=\"og:description\" content=\"BASES LEGALES SORTEO \u201cFRIENDS WITH BENEFITS MOTO GP\u201d &nbsp; GOIKO GOURMET S.L., (en adelante, GOIKO) con domicilio en, C\/ Maestro \u00c1ngel Llorca 6, Planta 5, Madrid C.P. 28003, con C.I.F. B-86.590.841, organiza en la fecha indicada a continuaci\u00f3n, el sorteo gratuito, sin obligaci\u00f3n de compra, llamado \u201cFriends with Benefits MOTO GP\u201d (en adelante, el \u201cSorteo\u201d) [&hellip;]\" \/>\n<meta property=\"og:url\" content=\"https:\/\/www.goiko.com\/es\/bases-condiciones\/bbllmonstersorteofwb\/\" \/>\n<meta property=\"og:site_name\" content=\"GOIKO\" \/>\n<meta property=\"article:publisher\" content=\"https:\/\/www.facebook.com\/goiko\" \/>\n<meta property=\"article:modified_time\" content=\"2025-11-26T12:02:50+00:00\" \/>\n<meta property=\"og:image\" content=\"https:\/\/www.goiko.com\/es\/wp-content\/uploads\/2025\/11\/GoikoMonster-1200x600-1.jpg\" \/>\n\t<meta property=\"og:image:width\" content=\"1200\" \/>\n\t<meta property=\"og:image:height\" content=\"600\" \/>\n\t<meta property=\"og:image:type\" content=\"image\/jpeg\" \/>\n<meta name=\"twitter:card\" content=\"summary_large_image\" \/>\n<meta name=\"twitter:site\" content=\"@goiko\" \/>\n<meta name=\"twitter:label1\" content=\"Tiempo de lectura\" \/>\n\t<meta name=\"twitter:data1\" content=\"9 minutos\" \/>\n<script type=\"application\/ld+json\" class=\"yoast-schema-graph\">{\"@context\":\"https:\/\/schema.org\",\"@graph\":[{\"@type\":\"WebPage\",\"@id\":\"https:\/\/www.goiko.com\/es\/bases-condiciones\/bbllmonstersorteofwb\/\",\"url\":\"https:\/\/www.goiko.com\/es\/bases-condiciones\/bbllmonstersorteofwb\/\",\"name\":\"BASES LEGALES | SORTEO FRIENDS WITH BENEFITS MOTO GP - GOIKO\",\"isPartOf\":{\"@id\":\"https:\/\/www.goiko.com\/es\/#website\"},\"primaryImageOfPage\":{\"@id\":\"https:\/\/www.goiko.com\/es\/bases-condiciones\/bbllmonstersorteofwb\/#primaryimage\"},\"image\":{\"@id\":\"https:\/\/www.goiko.com\/es\/bases-condiciones\/bbllmonstersorteofwb\/#primaryimage\"},\"thumbnailUrl\":\"https:\/\/www.goiko.com\/es\/wp-content\/uploads\/2025\/11\/GoikoMonster-1200x600-1.jpg\",\"datePublished\":\"2025-11-26T11:43:02+00:00\",\"dateModified\":\"2025-11-26T12:02:50+00:00\",\"breadcrumb\":{\"@id\":\"https:\/\/www.goiko.com\/es\/bases-condiciones\/bbllmonstersorteofwb\/#breadcrumb\"},\"inLanguage\":\"es\",\"potentialAction\":[{\"@type\":\"ReadAction\",\"target\":[\"https:\/\/www.goiko.com\/es\/bases-condiciones\/bbllmonstersorteofwb\/\"]}]},{\"@type\":\"ImageObject\",\"inLanguage\":\"es\",\"@id\":\"https:\/\/www.goiko.com\/es\/bases-condiciones\/bbllmonstersorteofwb\/#primaryimage\",\"url\":\"https:\/\/www.goiko.com\/es\/wp-content\/uploads\/2025\/11\/GoikoMonster-1200x600-1.jpg\",\"contentUrl\":\"https:\/\/www.goiko.com\/es\/wp-content\/uploads\/2025\/11\/GoikoMonster-1200x600-1.jpg\",\"width\":1200,\"height\":600},{\"@type\":\"BreadcrumbList\",\"@id\":\"https:\/\/www.goiko.com\/es\/bases-condiciones\/bbllmonstersorteofwb\/#breadcrumb\",\"itemListElement\":[{\"@type\":\"ListItem\",\"position\":1,\"name\":\"Portada\",\"item\":\"https:\/\/www.goiko.com\/es\/\"},{\"@type\":\"ListItem\",\"position\":2,\"name\":\"Bases y condiciones\",\"item\":\"https:\/\/www.goiko.com\/es\/bases-condiciones\/\"},{\"@type\":\"ListItem\",\"position\":3,\"name\":\"BASES LEGALES | SORTEO FRIENDS WITH BENEFITS MOTO GP\"}]},{\"@type\":\"WebSite\",\"@id\":\"https:\/\/www.goiko.com\/es\/#website\",\"url\":\"https:\/\/www.goiko.com\/es\/\",\"name\":\"GOIKO\",\"description\":\"Chorreo Forever\",\"potentialAction\":[{\"@type\":\"SearchAction\",\"target\":{\"@type\":\"EntryPoint\",\"urlTemplate\":\"https:\/\/www.goiko.com\/es\/?s={search_term_string}\"},\"query-input\":{\"@type\":\"PropertyValueSpecification\",\"valueRequired\":true,\"valueName\":\"search_term_string\"}}],\"inLanguage\":\"es\"}]}<\/script>\n<!-- \/ Yoast SEO plugin. -->","yoast_head_json":{"title":"BASES LEGALES | SORTEO FRIENDS WITH BENEFITS MOTO GP - GOIKO","robots":{"index":"index","follow":"follow","max-snippet":"max-snippet:-1","max-image-preview":"max-image-preview:large","max-video-preview":"max-video-preview:-1"},"canonical":"https:\/\/www.goiko.com\/es\/bases-condiciones\/bbllmonstersorteofwb\/","og_locale":"es_ES","og_type":"article","og_title":"BASES LEGALES | SORTEO FRIENDS WITH BENEFITS MOTO GP - GOIKO","og_description":"BASES LEGALES SORTEO \u201cFRIENDS WITH BENEFITS MOTO GP\u201d &nbsp; GOIKO GOURMET S.L., (en adelante, GOIKO) con domicilio en, C\/ Maestro \u00c1ngel Llorca 6, Planta 5, Madrid C.P. 28003, con C.I.F. B-86.590.841, organiza en la fecha indicada a continuaci\u00f3n, el sorteo gratuito, sin obligaci\u00f3n de compra, llamado \u201cFriends with Benefits MOTO GP\u201d (en adelante, el \u201cSorteo\u201d) [&hellip;]","og_url":"https:\/\/www.goiko.com\/es\/bases-condiciones\/bbllmonstersorteofwb\/","og_site_name":"GOIKO","article_publisher":"https:\/\/www.facebook.com\/goiko","article_modified_time":"2025-11-26T12:02:50+00:00","og_image":[{"width":1200,"height":600,"url":"https:\/\/www.goiko.com\/es\/wp-content\/uploads\/2025\/11\/GoikoMonster-1200x600-1.jpg","type":"image\/jpeg"}],"twitter_card":"summary_large_image","twitter_site":"@goiko","twitter_misc":{"Tiempo de lectura":"9 minutos"},"schema":{"@context":"https:\/\/schema.org","@graph":[{"@type":"WebPage","@id":"https:\/\/www.goiko.com\/es\/bases-condiciones\/bbllmonstersorteofwb\/","url":"https:\/\/www.goiko.com\/es\/bases-condiciones\/bbllmonstersorteofwb\/","name":"BASES LEGALES | SORTEO FRIENDS WITH BENEFITS MOTO GP - GOIKO","isPartOf":{"@id":"https:\/\/www.goiko.com\/es\/#website"},"primaryImageOfPage":{"@id":"https:\/\/www.goiko.com\/es\/bases-condiciones\/bbllmonstersorteofwb\/#primaryimage"},"image":{"@id":"https:\/\/www.goiko.com\/es\/bases-condiciones\/bbllmonstersorteofwb\/#primaryimage"},"thumbnailUrl":"https:\/\/www.goiko.com\/es\/wp-content\/uploads\/2025\/11\/GoikoMonster-1200x600-1.jpg","datePublished":"2025-11-26T11:43:02+00:00","dateModified":"2025-11-26T12:02:50+00:00","breadcrumb":{"@id":"https:\/\/www.goiko.com\/es\/bases-condiciones\/bbllmonstersorteofwb\/#breadcrumb"},"inLanguage":"es","potentialAction":[{"@type":"ReadAction","target":["https:\/\/www.goiko.com\/es\/bases-condiciones\/bbllmonstersorteofwb\/"]}]},{"@type":"ImageObject","inLanguage":"es","@id":"https:\/\/www.goiko.com\/es\/bases-condiciones\/bbllmonstersorteofwb\/#primaryimage","url":"https:\/\/www.goiko.com\/es\/wp-content\/uploads\/2025\/11\/GoikoMonster-1200x600-1.jpg","contentUrl":"https:\/\/www.goiko.com\/es\/wp-content\/uploads\/2025\/11\/GoikoMonster-1200x600-1.jpg","width":1200,"height":600},{"@type":"BreadcrumbList","@id":"https:\/\/www.goiko.com\/es\/bases-condiciones\/bbllmonstersorteofwb\/#breadcrumb","itemListElement":[{"@type":"ListItem","position":1,"name":"Portada","item":"https:\/\/www.goiko.com\/es\/"},{"@type":"ListItem","position":2,"name":"Bases y condiciones","item":"https:\/\/www.goiko.com\/es\/bases-condiciones\/"},{"@type":"ListItem","position":3,"name":"BASES LEGALES | SORTEO FRIENDS WITH BENEFITS MOTO GP"}]},{"@type":"WebSite","@id":"https:\/\/www.goiko.com\/es\/#website","url":"https:\/\/www.goiko.com\/es\/","name":"GOIKO","description":"Chorreo Forever","potentialAction":[{"@type":"SearchAction","target":{"@type":"EntryPoint","urlTemplate":"https:\/\/www.goiko.com\/es\/?s={search_term_string}"},"query-input":{"@type":"PropertyValueSpecification","valueRequired":true,"valueName":"search_term_string"}}],"inLanguage":"es"}]}},"_links":{"self":[{"href":"https:\/\/www.goiko.com\/es\/wp-json\/wp\/v2\/pages\/68127","targetHints":{"allow":["GET"]}}],"collection":[{"href":"https:\/\/www.goiko.com\/es\/wp-json\/wp\/v2\/pages"}],"about":[{"href":"https:\/\/www.goiko.com\/es\/wp-json\/wp\/v2\/types\/page"}],"author":[{"embeddable":true,"href":"https:\/\/www.goiko.com\/es\/wp-json\/wp\/v2\/users\/53"}],"replies":[{"embeddable":true,"href":"https:\/\/www.goiko.com\/es\/wp-json\/wp\/v2\/comments?post=68127"}],"version-history":[{"count":2,"href":"https:\/\/www.goiko.com\/es\/wp-json\/wp\/v2\/pages\/68127\/revisions"}],"predecessor-version":[{"id":68129,"href":"https:\/\/www.goiko.com\/es\/wp-json\/wp\/v2\/pages\/68127\/revisions\/68129"}],"up":[{"embeddable":true,"href":"https:\/\/www.goiko.com\/es\/wp-json\/wp\/v2\/pages\/24894"}],"wp:featuredmedia":[{"embeddable":true,"href":"https:\/\/www.goiko.com\/es\/wp-json\/wp\/v2\/media\/68143"}],"wp:attachment":[{"href":"https:\/\/www.goiko.com\/es\/wp-json\/wp\/v2\/media?parent=68127"}],"curies":[{"name":"wp","href":"https:\/\/api.w.org\/{rel}","templated":true}]}}