{"id":68328,"date":"2025-12-23T15:39:26","date_gmt":"2025-12-23T14:39:26","guid":{"rendered":"https:\/\/www.goiko.com\/es\/bases-condiciones\/dado-sabor-heron-diversia-copy\/"},"modified":"2025-12-23T17:06:18","modified_gmt":"2025-12-23T16:06:18","slug":"tourist-10-madal","status":"publish","type":"page","link":"https:\/\/www.goiko.com\/es\/bases-condiciones\/tourist-10-madal\/","title":{"rendered":"BASES LEGALES | Tourist 10% en CC Alegra"},"content":{"rendered":"<h2 data-pm-slice=\"1 1 []\"><b>Tourist 10% en CC Alegra <\/b>| BASES LEGALES<\/h2>\n<div>\n<ul class=\"ak-ul\" data-indent-level=\"1\">\n<li>\n<p data-renderer-start-pos=\"3\">GOIKO ofrecer\u00e1 a los clientes con la tarjeta GOIKO Tourist un descuento del<br \/>\n10% sobre el ticket final.<\/p>\n<\/li>\n<li>\n<p data-renderer-start-pos=\"109\">Para aplicar la promoci\u00f3n, el cliente deber\u00e1 de presentar al staff la tarjeta de<br \/>\ntarjeta de GOIKO Tourist proporcionada por por CC ALEGRA, previo al pago.<\/p>\n<\/li>\n<li>\n<p data-renderer-start-pos=\"267\">Los clientes que presenten su pasaporte en el punto de informaci\u00f3n del<br \/>\nCentro Comercial Alegra recibir\u00e1n la tarjeta GOIKO Tourist. Esta promoci\u00f3n<br \/>\nest\u00e1 sujeta a los t\u00e9rminos y condiciones establecidos por el CC Alegra.<\/p>\n<\/li>\n<li>\n<p data-renderer-start-pos=\"488\">La promoci\u00f3n s\u00f3lo ser\u00e1 v\u00e1lida para consumos en sala, excluyendo as\u00ed la<br \/>\nposibilidad de de canje del c\u00f3digo en pedidos de TakeAway, pedidos de Delivery propio o de plataformas externas.<\/p>\n<\/li>\n<li>\n<p data-renderer-start-pos=\"675\">La promoci\u00f3n objeto de estas bases no es compatible con Men\u00fa del D\u00eda,<br \/>\nMen\u00fas con precio cerrado, bebida gratis, vouchers canjeados por Goikoins y<br \/>\ncualquier otra promoci\u00f3n que suponga un % de descuento sobre el importe<br \/>\ndel ticket.<\/p>\n<\/li>\n<li>\n<p data-renderer-start-pos=\"907\">La promoci\u00f3n no podr\u00e1 ser canjeada por dinero en efectivo o por cualquier<br \/>\notro producto no aplicable en la promoci\u00f3n.<\/p>\n<\/li>\n<li>\n<p data-renderer-start-pos=\"1028\">La promoci\u00f3n no podr\u00e1 ser objeto de alteraci\u00f3n o compensaci\u00f3n alguna.<\/p>\n<\/li>\n<li>\n<p data-renderer-start-pos=\"1101\">Descuento aplicable al importe final del ticket y v\u00e1lido hasta el 31\/12\/2026.<\/p>\n<\/li>\n<\/ul>\n<\/div>\n","protected":false},"excerpt":{"rendered":"<p>Tourist 10% en CC Alegra | BASES LEGALES GOIKO ofrecer\u00e1 a los clientes con la tarjeta GOIKO Tourist un descuento del 10% sobre el ticket final. Para aplicar la promoci\u00f3n, el cliente deber\u00e1 de presentar al staff la tarjeta de tarjeta de GOIKO Tourist proporcionada por por CC ALEGRA, previo al pago. Los clientes que [&hellip;]<\/p>\n","protected":false},"author":72,"featured_media":66059,"parent":24894,"menu_order":0,"comment_status":"closed","ping_status":"closed","template":"","meta":{"footnotes":""},"class_list":["post-68328","page","type-page","status-publish","has-post-thumbnail","hentry"],"acf":[],"yoast_head":"<!-- This site is optimized with the Yoast SEO plugin v23.8 - https:\/\/yoast.com\/wordpress\/plugins\/seo\/ -->\n<title>BASES LEGALES | Tourist 10% en CC Alegra - GOIKO<\/title>\n<meta name=\"description\" content=\"Conoce aqu\u00ed las bases y condiciones de este descuento especial en el Centro Comercial Alegra.\" \/>\n<meta name=\"robots\" content=\"index, follow, max-snippet:-1, max-image-preview:large, max-video-preview:-1\" \/>\n<link rel=\"canonical\" href=\"https:\/\/www.goiko.com\/es\/bases-condiciones\/tourist-10-madal\/\" \/>\n<meta property=\"og:locale\" content=\"es_ES\" \/>\n<meta property=\"og:type\" content=\"article\" \/>\n<meta property=\"og:title\" content=\"BASES LEGALES | Tourist 10% en CC Alegra - GOIKO\" \/>\n<meta property=\"og:description\" content=\"Conoce aqu\u00ed las bases y condiciones de este descuento especial en el Centro Comercial Alegra.\" \/>\n<meta property=\"og:url\" content=\"https:\/\/www.goiko.com\/es\/bases-condiciones\/tourist-10-madal\/\" \/>\n<meta property=\"og:site_name\" content=\"GOIKO\" \/>\n<meta property=\"article:publisher\" content=\"https:\/\/www.facebook.com\/goiko\" \/>\n<meta property=\"article:modified_time\" content=\"2025-12-23T16:06:18+00:00\" \/>\n<meta property=\"og:image\" content=\"https:\/\/www.goiko.com\/es\/wp-content\/uploads\/2025\/06\/Cabecera-RefillPatatas_v2-scaled.jpg\" \/>\n\t<meta property=\"og:image:width\" content=\"1440\" \/>\n\t<meta property=\"og:image:height\" content=\"2560\" \/>\n\t<meta property=\"og:image:type\" content=\"image\/jpeg\" \/>\n<meta name=\"twitter:card\" content=\"summary_large_image\" \/>\n<meta name=\"twitter:site\" content=\"@goiko\" \/>\n<meta name=\"twitter:label1\" content=\"Tiempo de lectura\" \/>\n\t<meta name=\"twitter:data1\" content=\"2 minutos\" \/>\n<script type=\"application\/ld+json\" class=\"yoast-schema-graph\">{\"@context\":\"https:\/\/schema.org\",\"@graph\":[{\"@type\":\"WebPage\",\"@id\":\"https:\/\/www.goiko.com\/es\/bases-condiciones\/tourist-10-madal\/\",\"url\":\"https:\/\/www.goiko.com\/es\/bases-condiciones\/tourist-10-madal\/\",\"name\":\"BASES LEGALES | Tourist 10% en CC Alegra - GOIKO\",\"isPartOf\":{\"@id\":\"https:\/\/www.goiko.com\/es\/#website\"},\"primaryImageOfPage\":{\"@id\":\"https:\/\/www.goiko.com\/es\/bases-condiciones\/tourist-10-madal\/#primaryimage\"},\"image\":{\"@id\":\"https:\/\/www.goiko.com\/es\/bases-condiciones\/tourist-10-madal\/#primaryimage\"},\"thumbnailUrl\":\"https:\/\/www.goiko.com\/es\/wp-content\/uploads\/2025\/06\/Cabecera-RefillPatatas_v2-scaled.jpg\",\"datePublished\":\"2025-12-23T14:39:26+00:00\",\"dateModified\":\"2025-12-23T16:06:18+00:00\",\"description\":\"Conoce aqu\u00ed las bases y condiciones de este descuento especial en el Centro Comercial Alegra.\",\"breadcrumb\":{\"@id\":\"https:\/\/www.goiko.com\/es\/bases-condiciones\/tourist-10-madal\/#breadcrumb\"},\"inLanguage\":\"es\",\"potentialAction\":[{\"@type\":\"ReadAction\",\"target\":[\"https:\/\/www.goiko.com\/es\/bases-condiciones\/tourist-10-madal\/\"]}]},{\"@type\":\"ImageObject\",\"inLanguage\":\"es\",\"@id\":\"https:\/\/www.goiko.com\/es\/bases-condiciones\/tourist-10-madal\/#primaryimage\",\"url\":\"https:\/\/www.goiko.com\/es\/wp-content\/uploads\/2025\/06\/Cabecera-RefillPatatas_v2-scaled.jpg\",\"contentUrl\":\"https:\/\/www.goiko.com\/es\/wp-content\/uploads\/2025\/06\/Cabecera-RefillPatatas_v2-scaled.jpg\",\"width\":1440,\"height\":2560},{\"@type\":\"BreadcrumbList\",\"@id\":\"https:\/\/www.goiko.com\/es\/bases-condiciones\/tourist-10-madal\/#breadcrumb\",\"itemListElement\":[{\"@type\":\"ListItem\",\"position\":1,\"name\":\"Portada\",\"item\":\"https:\/\/www.goiko.com\/es\/\"},{\"@type\":\"ListItem\",\"position\":2,\"name\":\"Bases y condiciones\",\"item\":\"https:\/\/www.goiko.com\/es\/bases-condiciones\/\"},{\"@type\":\"ListItem\",\"position\":3,\"name\":\"BASES LEGALES | Tourist 10% en CC Alegra\"}]},{\"@type\":\"WebSite\",\"@id\":\"https:\/\/www.goiko.com\/es\/#website\",\"url\":\"https:\/\/www.goiko.com\/es\/\",\"name\":\"GOIKO\",\"description\":\"Chorreo Forever\",\"potentialAction\":[{\"@type\":\"SearchAction\",\"target\":{\"@type\":\"EntryPoint\",\"urlTemplate\":\"https:\/\/www.goiko.com\/es\/?s={search_term_string}\"},\"query-input\":{\"@type\":\"PropertyValueSpecification\",\"valueRequired\":true,\"valueName\":\"search_term_string\"}}],\"inLanguage\":\"es\"}]}<\/script>\n<!-- \/ Yoast SEO plugin. -->","yoast_head_json":{"title":"BASES LEGALES | Tourist 10% en CC Alegra - GOIKO","description":"Conoce aqu\u00ed las bases y condiciones de este descuento especial en el Centro Comercial Alegra.","robots":{"index":"index","follow":"follow","max-snippet":"max-snippet:-1","max-image-preview":"max-image-preview:large","max-video-preview":"max-video-preview:-1"},"canonical":"https:\/\/www.goiko.com\/es\/bases-condiciones\/tourist-10-madal\/","og_locale":"es_ES","og_type":"article","og_title":"BASES LEGALES | Tourist 10% en CC Alegra - GOIKO","og_description":"Conoce aqu\u00ed las bases y condiciones de este descuento especial en el Centro Comercial Alegra.","og_url":"https:\/\/www.goiko.com\/es\/bases-condiciones\/tourist-10-madal\/","og_site_name":"GOIKO","article_publisher":"https:\/\/www.facebook.com\/goiko","article_modified_time":"2025-12-23T16:06:18+00:00","og_image":[{"width":1440,"height":2560,"url":"https:\/\/www.goiko.com\/es\/wp-content\/uploads\/2025\/06\/Cabecera-RefillPatatas_v2-scaled.jpg","type":"image\/jpeg"}],"twitter_card":"summary_large_image","twitter_site":"@goiko","twitter_misc":{"Tiempo de lectura":"2 minutos"},"schema":{"@context":"https:\/\/schema.org","@graph":[{"@type":"WebPage","@id":"https:\/\/www.goiko.com\/es\/bases-condiciones\/tourist-10-madal\/","url":"https:\/\/www.goiko.com\/es\/bases-condiciones\/tourist-10-madal\/","name":"BASES LEGALES | Tourist 10% en CC Alegra - GOIKO","isPartOf":{"@id":"https:\/\/www.goiko.com\/es\/#website"},"primaryImageOfPage":{"@id":"https:\/\/www.goiko.com\/es\/bases-condiciones\/tourist-10-madal\/#primaryimage"},"image":{"@id":"https:\/\/www.goiko.com\/es\/bases-condiciones\/tourist-10-madal\/#primaryimage"},"thumbnailUrl":"https:\/\/www.goiko.com\/es\/wp-content\/uploads\/2025\/06\/Cabecera-RefillPatatas_v2-scaled.jpg","datePublished":"2025-12-23T14:39:26+00:00","dateModified":"2025-12-23T16:06:18+00:00","description":"Conoce aqu\u00ed las bases y condiciones de este descuento especial en el Centro Comercial Alegra.","breadcrumb":{"@id":"https:\/\/www.goiko.com\/es\/bases-condiciones\/tourist-10-madal\/#breadcrumb"},"inLanguage":"es","potentialAction":[{"@type":"ReadAction","target":["https:\/\/www.goiko.com\/es\/bases-condiciones\/tourist-10-madal\/"]}]},{"@type":"ImageObject","inLanguage":"es","@id":"https:\/\/www.goiko.com\/es\/bases-condiciones\/tourist-10-madal\/#primaryimage","url":"https:\/\/www.goiko.com\/es\/wp-content\/uploads\/2025\/06\/Cabecera-RefillPatatas_v2-scaled.jpg","contentUrl":"https:\/\/www.goiko.com\/es\/wp-content\/uploads\/2025\/06\/Cabecera-RefillPatatas_v2-scaled.jpg","width":1440,"height":2560},{"@type":"BreadcrumbList","@id":"https:\/\/www.goiko.com\/es\/bases-condiciones\/tourist-10-madal\/#breadcrumb","itemListElement":[{"@type":"ListItem","position":1,"name":"Portada","item":"https:\/\/www.goiko.com\/es\/"},{"@type":"ListItem","position":2,"name":"Bases y condiciones","item":"https:\/\/www.goiko.com\/es\/bases-condiciones\/"},{"@type":"ListItem","position":3,"name":"BASES LEGALES | Tourist 10% en CC Alegra"}]},{"@type":"WebSite","@id":"https:\/\/www.goiko.com\/es\/#website","url":"https:\/\/www.goiko.com\/es\/","name":"GOIKO","description":"Chorreo Forever","potentialAction":[{"@type":"SearchAction","target":{"@type":"EntryPoint","urlTemplate":"https:\/\/www.goiko.com\/es\/?s={search_term_string}"},"query-input":{"@type":"PropertyValueSpecification","valueRequired":true,"valueName":"search_term_string"}}],"inLanguage":"es"}]}},"_links":{"self":[{"href":"https:\/\/www.goiko.com\/es\/wp-json\/wp\/v2\/pages\/68328","targetHints":{"allow":["GET"]}}],"collection":[{"href":"https:\/\/www.goiko.com\/es\/wp-json\/wp\/v2\/pages"}],"about":[{"href":"https:\/\/www.goiko.com\/es\/wp-json\/wp\/v2\/types\/page"}],"author":[{"embeddable":true,"href":"https:\/\/www.goiko.com\/es\/wp-json\/wp\/v2\/users\/72"}],"replies":[{"embeddable":true,"href":"https:\/\/www.goiko.com\/es\/wp-json\/wp\/v2\/comments?post=68328"}],"version-history":[{"count":2,"href":"https:\/\/www.goiko.com\/es\/wp-json\/wp\/v2\/pages\/68328\/revisions"}],"predecessor-version":[{"id":68330,"href":"https:\/\/www.goiko.com\/es\/wp-json\/wp\/v2\/pages\/68328\/revisions\/68330"}],"up":[{"embeddable":true,"href":"https:\/\/www.goiko.com\/es\/wp-json\/wp\/v2\/pages\/24894"}],"wp:featuredmedia":[{"embeddable":true,"href":"https:\/\/www.goiko.com\/es\/wp-json\/wp\/v2\/media\/66059"}],"wp:attachment":[{"href":"https:\/\/www.goiko.com\/es\/wp-json\/wp\/v2\/media?parent=68328"}],"curies":[{"name":"wp","href":"https:\/\/api.w.org\/{rel}","templated":true}]}}