{"id":68392,"date":"2026-01-15T16:32:54","date_gmt":"2026-01-15T15:32:54","guid":{"rendered":"https:\/\/www.goiko.com\/es\/bases-condiciones\/takeaway15-copy\/"},"modified":"2026-01-15T16:32:54","modified_gmt":"2026-01-15T15:32:54","slug":"takeaway15-copy","status":"publish","type":"page","link":"https:\/\/www.goiko.com\/es\/bases-condiciones\/takeaway15-copy\/","title":{"rendered":"TAKEAWAY | BASES LEGALES 15% OFF | 2025 Copiar"},"content":{"rendered":"<h2 data-pm-slice=\"1 1 []\">TAKEAWAY | BASES LEGALES 15% OFF<\/h2>\n<p><span style=\"font-weight: 400\">GOIKO GOURMET S.L.\u00a0de C.I.F.\u00a0B-86.590.841,\u00a0con domicilio fiscal en calle Maestro \u00c1ngel Llorca, 6, planta 5, CP 28003 en adelante\u00a0GOIKO.\u00a0Ofrece a sus clientes la promoci\u00f3n\u00a0\u201c15% OFF EN TAKEAWAY\u00a0\u201d\u00a0en adelante la promoci\u00f3n, bajo las siguientes descripciones y condiciones.<\/span><\/p>\n<p><strong>PRIMERO.- OBJETIVO.<\/strong><\/p>\n<p><span style=\"font-weight: 400\">GOIKO publicar\u00e1 por distintas v\u00edas de comunicaci\u00f3n, UN (1) c\u00f3digo (GOIKO15) v\u00e1lido por un 15% de descuento sobre el ticket final en los pedidos de Takeaway online. Esta promoci\u00f3n estar\u00e1 sujeta a las condiciones abajo expuestas.<\/span><\/p>\n<p><strong>SEGUNDO.\u00a0RESTAURANTES Y PLAZO.<\/strong><\/p>\n<p><span style=\"font-weight: 400\">Esta promoci\u00f3n estar\u00e1 vigente\u00a0<\/span><span style=\"font-weight: 400\">desde el d\u00eda 08 de octubre 2025<\/span><span style=\"font-weight: 400\">.<\/span><\/p>\n<p><span style=\"font-weight: 400\">Ser\u00e1 aplicable en todos los restaurantes GOIKO de la Pen\u00ednsula Ib\u00e9rica y GOIKO Gluten Free, excluyendo de la promoci\u00f3n a GOIKO Isla Canarias, GOIKO Islas Baleares y Andorra.<\/span><\/p>\n<p><span style=\"font-weight: 400\">Estar\u00e1 disponible de lunes a domingo en los horarios de servicio de los locales.\u00a0\u00a0<\/span><\/p>\n<p><strong>TERCERO.- DESCRIPCI\u00d3N Y CONDICIONES DEL CANJE.<\/strong><\/p>\n<p><span style=\"font-weight: 400\">&#8211; GOIKO publicar\u00e1 un c\u00f3digo con el 15% de descuento que se debe aplicar sobre el ticket final en los pedidos de Takeaway realizados en su p\u00e1gina web.<\/span><\/p>\n<p><span style=\"font-weight: 400\">&#8211; Para que la promoci\u00f3n sea v\u00e1lida, el cliente deber\u00e1 realizar un pedido para recoger a trav\u00e9s de la p\u00e1gina web de GOIKO.<\/span><\/p>\n<p><span style=\"font-weight: 400\">&#8211; No es necesaria la compra de productos espec\u00edficos de nuestra carta, es decir, son v\u00e1lidos todos los productos.<\/span><\/p>\n<p><span style=\"font-weight: 400\">&#8211; La promoci\u00f3n estar\u00e1 disponible de lunes a domingo en todo el horario de nuestros restaurantes mencionado en el apartado anterior.\u00a0<\/span><\/p>\n<p><span style=\"font-weight: 400\">&#8211; NO es posible realizar m\u00e1s de UN (1) canje de c\u00f3digo por ticket de consumo, esto es, s\u00f3lo se aplicar\u00e1 un descuento por ticket final.<\/span><\/p>\n<p><span style=\"font-weight: 400\">&#8211; La promoci\u00f3n ser\u00e1 v\u00e1lida \u00fanicamente para consumos de Takeaway online en los GOIKO, excluyendo as\u00ed el canje del c\u00f3digo en pedidos de Delivery en plataformas externas o el consumo en mesas de\u00a0 nuestros restaurantes.<\/span><\/p>\n<p><span style=\"font-weight: 400\">&#8211; El canje no ser\u00e1 v\u00e1lido con otras promociones, men\u00fa del d\u00eda, men\u00fa 9,90\u20ac, men\u00fa de noche o vouchers del programa Friends with Benefits.<\/span><\/p>\n<p><span style=\"font-weight: 400\">&#8211; El c\u00f3digo no podr\u00e1 ser canjeado por dinero en efectivo o por cualquier otro producto no aplicable en la promoci\u00f3n.<\/span><\/p>\n<p><span style=\"font-weight: 400\">-El c\u00f3digo no podr\u00e1 ser objeto de alteraci\u00f3n o compensaci\u00f3n.<\/span><\/p>\n<p><strong>CUARTO.- MODIFICACIONES.\u00a0<\/strong><\/p>\n<p><span style=\"font-weight: 400\">GOIKO se reserva el derecho a realizar modificaciones o a\u00f1adir anexos sobre las presentes Bases, siempre que las mismas est\u00e9n justificadas o no perjudiquen a los involucrados.<\/span><\/p>\n<p><strong>QUINTO.\u00a0TRATAMIENTO DE DATOS DE CAR\u00c1CTER PERSONAL.<\/strong><\/p>\n<p><span style=\"font-weight: 400\">En caso de que sean necesarios los datos personales de los participantes de la promoci\u00f3n, \u00e9stos ser\u00e1n tratados de acuerdo con las condiciones establecidas a continuaci\u00f3n en el siguiente enlace: <\/span><a href=\"https:\/\/www.goiko.com\/politica_de_proteccion_de_datos\/\"><span style=\"font-weight: 400\">T\u00e9rminos y condiciones Friends With Benefits &#8211; GOIKO<\/span><\/a><span style=\"font-weight: 400\">.\u00a0<\/span><\/p>\n<p><strong>SEXTO.\u00a0LEGISLACI\u00d3N APLICABLE Y FUERO COMPETENTE.<\/strong><\/p>\n<p><span style=\"font-weight: 400\">Esta promoci\u00f3n se rige por la\u00a0legislaci\u00f3n vigente en Espa\u00f1a y por las presentes Bases. Ser\u00e1n competentes\u00a0para resolver cualquier reclamaci\u00f3n o controversia que pudiera plantearse en\u00a0relaci\u00f3n con la validez, interpretaci\u00f3n o cumplimiento de estas Bases los\u00a0Juzgados y Tribunales de la ciudad de Madrid.<\/span><\/p>\n","protected":false},"excerpt":{"rendered":"<p>TAKEAWAY | BASES LEGALES 15% OFF GOIKO GOURMET S.L.\u00a0de C.I.F.\u00a0B-86.590.841,\u00a0con domicilio fiscal en calle Maestro \u00c1ngel Llorca, 6, planta 5, CP 28003 en adelante\u00a0GOIKO.\u00a0Ofrece a sus clientes la promoci\u00f3n\u00a0\u201c15% OFF EN TAKEAWAY\u00a0\u201d\u00a0en adelante la promoci\u00f3n, bajo las siguientes descripciones y condiciones. PRIMERO.- OBJETIVO. GOIKO publicar\u00e1 por distintas v\u00edas de comunicaci\u00f3n, UN (1) c\u00f3digo (GOIKO15) v\u00e1lido [&hellip;]<\/p>\n","protected":false},"author":53,"featured_media":58987,"parent":24894,"menu_order":0,"comment_status":"closed","ping_status":"closed","template":"","meta":{"footnotes":""},"class_list":["post-68392","page","type-page","status-publish","has-post-thumbnail","hentry"],"acf":[],"yoast_head":"<!-- This site is optimized with the Yoast SEO plugin v23.8 - https:\/\/yoast.com\/wordpress\/plugins\/seo\/ -->\n<title>TAKEAWAY | BASES LEGALES 15% OFF | 2025 Copiar - GOIKO<\/title>\n<meta name=\"robots\" content=\"index, follow, max-snippet:-1, max-image-preview:large, max-video-preview:-1\" \/>\n<link rel=\"canonical\" href=\"https:\/\/www.goiko.com\/es\/bases-condiciones\/takeaway15-copy\/\" \/>\n<meta property=\"og:locale\" content=\"es_ES\" \/>\n<meta property=\"og:type\" content=\"article\" \/>\n<meta property=\"og:title\" content=\"TAKEAWAY | BASES LEGALES 15% OFF | 2025 Copiar - GOIKO\" \/>\n<meta property=\"og:description\" content=\"TAKEAWAY | BASES LEGALES 15% OFF GOIKO GOURMET S.L.\u00a0de C.I.F.\u00a0B-86.590.841,\u00a0con domicilio fiscal en calle Maestro \u00c1ngel Llorca, 6, planta 5, CP 28003 en adelante\u00a0GOIKO.\u00a0Ofrece a sus clientes la promoci\u00f3n\u00a0\u201c15% OFF EN TAKEAWAY\u00a0\u201d\u00a0en adelante la promoci\u00f3n, bajo las siguientes descripciones y condiciones. PRIMERO.- OBJETIVO. GOIKO publicar\u00e1 por distintas v\u00edas de comunicaci\u00f3n, UN (1) c\u00f3digo (GOIKO15) v\u00e1lido [&hellip;]\" \/>\n<meta property=\"og:url\" content=\"https:\/\/www.goiko.com\/es\/bases-condiciones\/takeaway15-copy\/\" \/>\n<meta property=\"og:site_name\" content=\"GOIKO\" \/>\n<meta property=\"article:publisher\" content=\"https:\/\/www.facebook.com\/goiko\" \/>\n<meta property=\"og:image\" content=\"https:\/\/www.goiko.com\/es\/wp-content\/uploads\/2017\/03\/Kevin_Web_Desktop.jpg\" \/>\n\t<meta property=\"og:image:width\" content=\"1800\" \/>\n\t<meta property=\"og:image:height\" content=\"1201\" \/>\n\t<meta property=\"og:image:type\" content=\"image\/jpeg\" \/>\n<meta name=\"twitter:card\" content=\"summary_large_image\" \/>\n<meta name=\"twitter:site\" content=\"@goiko\" \/>\n<meta name=\"twitter:label1\" content=\"Tiempo de lectura\" \/>\n\t<meta name=\"twitter:data1\" content=\"3 minutos\" \/>\n<script type=\"application\/ld+json\" class=\"yoast-schema-graph\">{\"@context\":\"https:\/\/schema.org\",\"@graph\":[{\"@type\":\"WebPage\",\"@id\":\"https:\/\/www.goiko.com\/es\/bases-condiciones\/takeaway15-copy\/\",\"url\":\"https:\/\/www.goiko.com\/es\/bases-condiciones\/takeaway15-copy\/\",\"name\":\"TAKEAWAY | BASES LEGALES 15% OFF | 2025 Copiar - GOIKO\",\"isPartOf\":{\"@id\":\"https:\/\/www.goiko.com\/es\/#website\"},\"primaryImageOfPage\":{\"@id\":\"https:\/\/www.goiko.com\/es\/bases-condiciones\/takeaway15-copy\/#primaryimage\"},\"image\":{\"@id\":\"https:\/\/www.goiko.com\/es\/bases-condiciones\/takeaway15-copy\/#primaryimage\"},\"thumbnailUrl\":\"https:\/\/www.goiko.com\/es\/wp-content\/uploads\/2024\/06\/CARRUSEL_TAKEAWAY.png\",\"datePublished\":\"2026-01-15T15:32:54+00:00\",\"dateModified\":\"2026-01-15T15:32:54+00:00\",\"breadcrumb\":{\"@id\":\"https:\/\/www.goiko.com\/es\/bases-condiciones\/takeaway15-copy\/#breadcrumb\"},\"inLanguage\":\"es\",\"potentialAction\":[{\"@type\":\"ReadAction\",\"target\":[\"https:\/\/www.goiko.com\/es\/bases-condiciones\/takeaway15-copy\/\"]}]},{\"@type\":\"ImageObject\",\"inLanguage\":\"es\",\"@id\":\"https:\/\/www.goiko.com\/es\/bases-condiciones\/takeaway15-copy\/#primaryimage\",\"url\":\"https:\/\/www.goiko.com\/es\/wp-content\/uploads\/2024\/06\/CARRUSEL_TAKEAWAY.png\",\"contentUrl\":\"https:\/\/www.goiko.com\/es\/wp-content\/uploads\/2024\/06\/CARRUSEL_TAKEAWAY.png\",\"width\":1600,\"height\":725},{\"@type\":\"BreadcrumbList\",\"@id\":\"https:\/\/www.goiko.com\/es\/bases-condiciones\/takeaway15-copy\/#breadcrumb\",\"itemListElement\":[{\"@type\":\"ListItem\",\"position\":1,\"name\":\"Portada\",\"item\":\"https:\/\/www.goiko.com\/es\/\"},{\"@type\":\"ListItem\",\"position\":2,\"name\":\"Bases y condiciones\",\"item\":\"https:\/\/www.goiko.com\/es\/bases-condiciones\/\"},{\"@type\":\"ListItem\",\"position\":3,\"name\":\"TAKEAWAY | BASES LEGALES 15% OFF | 2025 Copiar\"}]},{\"@type\":\"WebSite\",\"@id\":\"https:\/\/www.goiko.com\/es\/#website\",\"url\":\"https:\/\/www.goiko.com\/es\/\",\"name\":\"GOIKO\",\"description\":\"Chorreo Forever\",\"potentialAction\":[{\"@type\":\"SearchAction\",\"target\":{\"@type\":\"EntryPoint\",\"urlTemplate\":\"https:\/\/www.goiko.com\/es\/?s={search_term_string}\"},\"query-input\":{\"@type\":\"PropertyValueSpecification\",\"valueRequired\":true,\"valueName\":\"search_term_string\"}}],\"inLanguage\":\"es\"}]}<\/script>\n<!-- \/ Yoast SEO plugin. -->","yoast_head_json":{"title":"TAKEAWAY | BASES LEGALES 15% OFF | 2025 Copiar - GOIKO","robots":{"index":"index","follow":"follow","max-snippet":"max-snippet:-1","max-image-preview":"max-image-preview:large","max-video-preview":"max-video-preview:-1"},"canonical":"https:\/\/www.goiko.com\/es\/bases-condiciones\/takeaway15-copy\/","og_locale":"es_ES","og_type":"article","og_title":"TAKEAWAY | BASES LEGALES 15% OFF | 2025 Copiar - GOIKO","og_description":"TAKEAWAY | BASES LEGALES 15% OFF GOIKO GOURMET S.L.\u00a0de C.I.F.\u00a0B-86.590.841,\u00a0con domicilio fiscal en calle Maestro \u00c1ngel Llorca, 6, planta 5, CP 28003 en adelante\u00a0GOIKO.\u00a0Ofrece a sus clientes la promoci\u00f3n\u00a0\u201c15% OFF EN TAKEAWAY\u00a0\u201d\u00a0en adelante la promoci\u00f3n, bajo las siguientes descripciones y condiciones. PRIMERO.- OBJETIVO. GOIKO publicar\u00e1 por distintas v\u00edas de comunicaci\u00f3n, UN (1) c\u00f3digo (GOIKO15) v\u00e1lido [&hellip;]","og_url":"https:\/\/www.goiko.com\/es\/bases-condiciones\/takeaway15-copy\/","og_site_name":"GOIKO","article_publisher":"https:\/\/www.facebook.com\/goiko","og_image":[{"width":1800,"height":1201,"url":"https:\/\/www.goiko.com\/es\/wp-content\/uploads\/2017\/03\/Kevin_Web_Desktop.jpg","type":"image\/jpeg"}],"twitter_card":"summary_large_image","twitter_site":"@goiko","twitter_misc":{"Tiempo de lectura":"3 minutos"},"schema":{"@context":"https:\/\/schema.org","@graph":[{"@type":"WebPage","@id":"https:\/\/www.goiko.com\/es\/bases-condiciones\/takeaway15-copy\/","url":"https:\/\/www.goiko.com\/es\/bases-condiciones\/takeaway15-copy\/","name":"TAKEAWAY | BASES LEGALES 15% OFF | 2025 Copiar - GOIKO","isPartOf":{"@id":"https:\/\/www.goiko.com\/es\/#website"},"primaryImageOfPage":{"@id":"https:\/\/www.goiko.com\/es\/bases-condiciones\/takeaway15-copy\/#primaryimage"},"image":{"@id":"https:\/\/www.goiko.com\/es\/bases-condiciones\/takeaway15-copy\/#primaryimage"},"thumbnailUrl":"https:\/\/www.goiko.com\/es\/wp-content\/uploads\/2024\/06\/CARRUSEL_TAKEAWAY.png","datePublished":"2026-01-15T15:32:54+00:00","dateModified":"2026-01-15T15:32:54+00:00","breadcrumb":{"@id":"https:\/\/www.goiko.com\/es\/bases-condiciones\/takeaway15-copy\/#breadcrumb"},"inLanguage":"es","potentialAction":[{"@type":"ReadAction","target":["https:\/\/www.goiko.com\/es\/bases-condiciones\/takeaway15-copy\/"]}]},{"@type":"ImageObject","inLanguage":"es","@id":"https:\/\/www.goiko.com\/es\/bases-condiciones\/takeaway15-copy\/#primaryimage","url":"https:\/\/www.goiko.com\/es\/wp-content\/uploads\/2024\/06\/CARRUSEL_TAKEAWAY.png","contentUrl":"https:\/\/www.goiko.com\/es\/wp-content\/uploads\/2024\/06\/CARRUSEL_TAKEAWAY.png","width":1600,"height":725},{"@type":"BreadcrumbList","@id":"https:\/\/www.goiko.com\/es\/bases-condiciones\/takeaway15-copy\/#breadcrumb","itemListElement":[{"@type":"ListItem","position":1,"name":"Portada","item":"https:\/\/www.goiko.com\/es\/"},{"@type":"ListItem","position":2,"name":"Bases y condiciones","item":"https:\/\/www.goiko.com\/es\/bases-condiciones\/"},{"@type":"ListItem","position":3,"name":"TAKEAWAY | BASES LEGALES 15% OFF | 2025 Copiar"}]},{"@type":"WebSite","@id":"https:\/\/www.goiko.com\/es\/#website","url":"https:\/\/www.goiko.com\/es\/","name":"GOIKO","description":"Chorreo Forever","potentialAction":[{"@type":"SearchAction","target":{"@type":"EntryPoint","urlTemplate":"https:\/\/www.goiko.com\/es\/?s={search_term_string}"},"query-input":{"@type":"PropertyValueSpecification","valueRequired":true,"valueName":"search_term_string"}}],"inLanguage":"es"}]}},"_links":{"self":[{"href":"https:\/\/www.goiko.com\/es\/wp-json\/wp\/v2\/pages\/68392","targetHints":{"allow":["GET"]}}],"collection":[{"href":"https:\/\/www.goiko.com\/es\/wp-json\/wp\/v2\/pages"}],"about":[{"href":"https:\/\/www.goiko.com\/es\/wp-json\/wp\/v2\/types\/page"}],"author":[{"embeddable":true,"href":"https:\/\/www.goiko.com\/es\/wp-json\/wp\/v2\/users\/53"}],"replies":[{"embeddable":true,"href":"https:\/\/www.goiko.com\/es\/wp-json\/wp\/v2\/comments?post=68392"}],"version-history":[{"count":0,"href":"https:\/\/www.goiko.com\/es\/wp-json\/wp\/v2\/pages\/68392\/revisions"}],"up":[{"embeddable":true,"href":"https:\/\/www.goiko.com\/es\/wp-json\/wp\/v2\/pages\/24894"}],"wp:featuredmedia":[{"embeddable":true,"href":"https:\/\/www.goiko.com\/es\/wp-json\/wp\/v2\/media\/58987"}],"wp:attachment":[{"href":"https:\/\/www.goiko.com\/es\/wp-json\/wp\/v2\/media?parent=68392"}],"curies":[{"name":"wp","href":"https:\/\/api.w.org\/{rel}","templated":true}]}}