{"id":68650,"date":"2026-02-04T09:35:12","date_gmt":"2026-02-04T08:35:12","guid":{"rendered":"https:\/\/www.goiko.com\/es\/bases-condiciones\/takeaway15-copy-copy\/"},"modified":"2026-02-04T09:38:40","modified_gmt":"2026-02-04T08:38:40","slug":"fwbgoikobabynutella","status":"publish","type":"page","link":"https:\/\/www.goiko.com\/es\/bases-condiciones\/fwbgoikobabynutella\/","title":{"rendered":"FWB | BASES LEGALES | CONDICIONES GOIKO BABY CON NUTELLA + BEBIDA GRATIS \u2013 Febrero 2026"},"content":{"rendered":"<h2 data-pm-slice=\"1 1 []\">CONDICIONES GOIKO BABY CON NUTELLA + BEBIDA GRATIS \u2013 FRIENDS WITH BENEFITS (FWB)<\/h2>\n<ul>\n<li>La presente promoci\u00f3n corresponde a <strong>UNA (1) GOIKO Baby con Nutella gratis y UNA (1) bebida gratis<\/strong>, incluida dentro del programa Friends With Benefits (FWB).<\/li>\n<li>La promoci\u00f3n es v\u00e1lida para todos aquellos clientes que se <strong>registren en el programa Friends With Benefits<\/strong> entre los d\u00edas <strong>04 y 08 de febrero de 2026<\/strong> (ambos inclusive).<\/li>\n<li>La promoci\u00f3n podr\u00e1 <strong>canjearse \u00fanicamente durante el periodo comprendido entre el 04 y 08 de febrero de 2026<\/strong> (ambos inclusive).<\/li>\n<li>Para poder canjear la promoci\u00f3n ser\u00e1 <strong>obligatorio el consumo m\u00ednimo de UNA (1) burger <\/strong>de la carta, quedando <strong>excluidas<\/strong>:\n<ul>\n<li>Cheeseburgers (de pollo o de carne).<\/li>\n<li>GOIKO Babies.<\/li>\n<\/ul>\n<\/li>\n<li>La <strong>bebida gratis<\/strong> incluida en la promoci\u00f3n podr\u00e1 ser <strong>un doble de cerveza, un refresco o agua<\/strong>.<\/li>\n<li>La promoci\u00f3n es <strong>v\u00e1lida \u00fanicamente para consumo en sala<\/strong>. No es v\u00e1lida para pedidos <strong>delivery ni takeaway<\/strong>.<\/li>\n<li>El c\u00f3digo promocional es de <strong>UN (1) \u00fanico uso por cliente<\/strong> y deber\u00e1 canjearse <strong>exclusivamente en el restaurante<\/strong>.<\/li>\n<li>La promoci\u00f3n <strong>no es acumulable<\/strong> con:\n<ul>\n<li>Men\u00fas de precio cerrado.<\/li>\n<li>Vouchers o cheques regalo.<\/li>\n<li>Otras promociones, descuentos u ofertas vigentes.<\/li>\n<\/ul>\n<\/li>\n<li>La promoci\u00f3n est\u00e1 sujeta a <strong>disponibilidad de producto solicitado.<\/strong><\/li>\n<li>GOIKO se reserva el derecho de <strong>modificar o cancelar la promoci\u00f3n<\/strong> en caso de uso fraudulento, uso indebido o incumplimiento de las presentes condiciones.<\/li>\n<li>La presente promoci\u00f3n corresponde a <strong>UNA (1) GOIKO Baby con Nutella gratis y UNA (1) bebida gratis<\/strong>, incluida dentro del programa Friends With Benefits (FWB).<\/li>\n<li>La promoci\u00f3n es v\u00e1lida para todos aquellos clientes que se <strong>registren en el programa Friends With Benefits<\/strong> entre los d\u00edas <strong>04 y 08 de febrero de 2026<\/strong> (ambos inclusive).<\/li>\n<li>La promoci\u00f3n podr\u00e1 <strong>canjearse \u00fanicamente durante el periodo comprendido entre el 04 y 08 de febrero de 2026<\/strong> (ambos inclusive).<\/li>\n<li>Para poder canjear la promoci\u00f3n ser\u00e1 <strong>obligatorio el consumo m\u00ednimo de UNA (1) burger <\/strong>de la carta, quedando <strong>excluidas<\/strong>:\n<ul>\n<li>Cheeseburgers (de pollo o de carne).<\/li>\n<li>GOIKO Babies.<\/li>\n<\/ul>\n<\/li>\n<li>La <strong>bebida gratis<\/strong> incluida en la promoci\u00f3n podr\u00e1 ser <strong>un doble de cerveza, un refresco o agua<\/strong>.<\/li>\n<li>La promoci\u00f3n es <strong>v\u00e1lida \u00fanicamente para consumo en sala<\/strong>. No es v\u00e1lida para pedidos <strong>delivery ni takeaway<\/strong>.<\/li>\n<li>El c\u00f3digo promocional es de <strong>UN (1) \u00fanico uso por cliente<\/strong> y deber\u00e1 canjearse <strong>exclusivamente en el restaurante<\/strong>.<\/li>\n<li>La promoci\u00f3n <strong>no es acumulable<\/strong> con:\n<ul>\n<li>Men\u00fas de precio cerrado.<\/li>\n<li>Vouchers o cheques regalo.<\/li>\n<li>Otras promociones, descuentos u ofertas vigentes.<\/li>\n<\/ul>\n<\/li>\n<li>La promoci\u00f3n est\u00e1 sujeta a <strong>disponibilidad de producto solicitado.<\/strong><\/li>\n<li>GOIKO se reserva el derecho de <strong>modificar o cancelar la promoci\u00f3n<\/strong> en caso de uso fraudulento, uso indebido o incumplimiento de las presentes condiciones.<\/li>\n<\/ul>\n","protected":false},"excerpt":{"rendered":"<p>CONDICIONES GOIKO BABY CON NUTELLA + BEBIDA GRATIS \u2013 FRIENDS WITH BENEFITS (FWB) La presente promoci\u00f3n corresponde a UNA (1) GOIKO Baby con Nutella gratis y UNA (1) bebida gratis, incluida dentro del programa Friends With Benefits (FWB). La promoci\u00f3n es v\u00e1lida para todos aquellos clientes que se registren en el programa Friends With Benefits [&hellip;]<\/p>\n","protected":false},"author":53,"featured_media":68374,"parent":24894,"menu_order":0,"comment_status":"closed","ping_status":"closed","template":"","meta":{"footnotes":""},"class_list":["post-68650","page","type-page","status-publish","has-post-thumbnail","hentry"],"acf":[],"yoast_head":"<!-- This site is optimized with the Yoast SEO plugin v23.8 - https:\/\/yoast.com\/wordpress\/plugins\/seo\/ -->\n<title>FWB | BASES LEGALES | CONDICIONES GOIKO BABY CON NUTELLA + BEBIDA GRATIS \u2013 Febrero 2026 - GOIKO<\/title>\n<meta name=\"robots\" content=\"index, follow, max-snippet:-1, max-image-preview:large, max-video-preview:-1\" \/>\n<link rel=\"canonical\" href=\"https:\/\/www.goiko.com\/es\/bases-condiciones\/fwbgoikobabynutella\/\" \/>\n<meta property=\"og:locale\" content=\"es_ES\" \/>\n<meta property=\"og:type\" content=\"article\" \/>\n<meta property=\"og:title\" content=\"FWB | BASES LEGALES | CONDICIONES GOIKO BABY CON NUTELLA + BEBIDA GRATIS \u2013 Febrero 2026 - GOIKO\" \/>\n<meta property=\"og:description\" content=\"CONDICIONES GOIKO BABY CON NUTELLA + BEBIDA GRATIS \u2013 FRIENDS WITH BENEFITS (FWB) La presente promoci\u00f3n corresponde a UNA (1) GOIKO Baby con Nutella gratis y UNA (1) bebida gratis, incluida dentro del programa Friends With Benefits (FWB). La promoci\u00f3n es v\u00e1lida para todos aquellos clientes que se registren en el programa Friends With Benefits [&hellip;]\" \/>\n<meta property=\"og:url\" content=\"https:\/\/www.goiko.com\/es\/bases-condiciones\/fwbgoikobabynutella\/\" \/>\n<meta property=\"og:site_name\" content=\"GOIKO\" \/>\n<meta property=\"article:publisher\" content=\"https:\/\/www.facebook.com\/goiko\" \/>\n<meta property=\"article:modified_time\" content=\"2026-02-04T08:38:40+00:00\" \/>\n<meta property=\"og:image\" content=\"https:\/\/www.goiko.com\/es\/wp-content\/uploads\/2026\/01\/Goiko-Baby-Nutella-1200x600px.jpg\" \/>\n\t<meta property=\"og:image:width\" content=\"1200\" \/>\n\t<meta property=\"og:image:height\" content=\"600\" \/>\n\t<meta property=\"og:image:type\" content=\"image\/jpeg\" \/>\n<meta name=\"twitter:card\" content=\"summary_large_image\" \/>\n<meta name=\"twitter:site\" content=\"@goiko\" \/>\n<meta name=\"twitter:label1\" content=\"Tiempo de lectura\" \/>\n\t<meta name=\"twitter:data1\" content=\"3 minutos\" \/>\n<script type=\"application\/ld+json\" class=\"yoast-schema-graph\">{\"@context\":\"https:\/\/schema.org\",\"@graph\":[{\"@type\":\"WebPage\",\"@id\":\"https:\/\/www.goiko.com\/es\/bases-condiciones\/fwbgoikobabynutella\/\",\"url\":\"https:\/\/www.goiko.com\/es\/bases-condiciones\/fwbgoikobabynutella\/\",\"name\":\"FWB | BASES LEGALES | CONDICIONES GOIKO BABY CON NUTELLA + BEBIDA GRATIS \u2013 Febrero 2026 - GOIKO\",\"isPartOf\":{\"@id\":\"https:\/\/www.goiko.com\/es\/#website\"},\"primaryImageOfPage\":{\"@id\":\"https:\/\/www.goiko.com\/es\/bases-condiciones\/fwbgoikobabynutella\/#primaryimage\"},\"image\":{\"@id\":\"https:\/\/www.goiko.com\/es\/bases-condiciones\/fwbgoikobabynutella\/#primaryimage\"},\"thumbnailUrl\":\"https:\/\/www.goiko.com\/es\/wp-content\/uploads\/2026\/01\/Goiko-Baby-Nutella-1200x600px.jpg\",\"datePublished\":\"2026-02-04T08:35:12+00:00\",\"dateModified\":\"2026-02-04T08:38:40+00:00\",\"breadcrumb\":{\"@id\":\"https:\/\/www.goiko.com\/es\/bases-condiciones\/fwbgoikobabynutella\/#breadcrumb\"},\"inLanguage\":\"es\",\"potentialAction\":[{\"@type\":\"ReadAction\",\"target\":[\"https:\/\/www.goiko.com\/es\/bases-condiciones\/fwbgoikobabynutella\/\"]}]},{\"@type\":\"ImageObject\",\"inLanguage\":\"es\",\"@id\":\"https:\/\/www.goiko.com\/es\/bases-condiciones\/fwbgoikobabynutella\/#primaryimage\",\"url\":\"https:\/\/www.goiko.com\/es\/wp-content\/uploads\/2026\/01\/Goiko-Baby-Nutella-1200x600px.jpg\",\"contentUrl\":\"https:\/\/www.goiko.com\/es\/wp-content\/uploads\/2026\/01\/Goiko-Baby-Nutella-1200x600px.jpg\",\"width\":1200,\"height\":600},{\"@type\":\"BreadcrumbList\",\"@id\":\"https:\/\/www.goiko.com\/es\/bases-condiciones\/fwbgoikobabynutella\/#breadcrumb\",\"itemListElement\":[{\"@type\":\"ListItem\",\"position\":1,\"name\":\"Portada\",\"item\":\"https:\/\/www.goiko.com\/es\/\"},{\"@type\":\"ListItem\",\"position\":2,\"name\":\"Bases y condiciones\",\"item\":\"https:\/\/www.goiko.com\/es\/bases-condiciones\/\"},{\"@type\":\"ListItem\",\"position\":3,\"name\":\"FWB | BASES LEGALES | CONDICIONES GOIKO BABY CON NUTELLA + BEBIDA GRATIS \u2013 Febrero 2026\"}]},{\"@type\":\"WebSite\",\"@id\":\"https:\/\/www.goiko.com\/es\/#website\",\"url\":\"https:\/\/www.goiko.com\/es\/\",\"name\":\"GOIKO\",\"description\":\"Chorreo Forever\",\"potentialAction\":[{\"@type\":\"SearchAction\",\"target\":{\"@type\":\"EntryPoint\",\"urlTemplate\":\"https:\/\/www.goiko.com\/es\/?s={search_term_string}\"},\"query-input\":{\"@type\":\"PropertyValueSpecification\",\"valueRequired\":true,\"valueName\":\"search_term_string\"}}],\"inLanguage\":\"es\"}]}<\/script>\n<!-- \/ Yoast SEO plugin. -->","yoast_head_json":{"title":"FWB | BASES LEGALES | CONDICIONES GOIKO BABY CON NUTELLA + BEBIDA GRATIS \u2013 Febrero 2026 - GOIKO","robots":{"index":"index","follow":"follow","max-snippet":"max-snippet:-1","max-image-preview":"max-image-preview:large","max-video-preview":"max-video-preview:-1"},"canonical":"https:\/\/www.goiko.com\/es\/bases-condiciones\/fwbgoikobabynutella\/","og_locale":"es_ES","og_type":"article","og_title":"FWB | BASES LEGALES | CONDICIONES GOIKO BABY CON NUTELLA + BEBIDA GRATIS \u2013 Febrero 2026 - GOIKO","og_description":"CONDICIONES GOIKO BABY CON NUTELLA + BEBIDA GRATIS \u2013 FRIENDS WITH BENEFITS (FWB) La presente promoci\u00f3n corresponde a UNA (1) GOIKO Baby con Nutella gratis y UNA (1) bebida gratis, incluida dentro del programa Friends With Benefits (FWB). La promoci\u00f3n es v\u00e1lida para todos aquellos clientes que se registren en el programa Friends With Benefits [&hellip;]","og_url":"https:\/\/www.goiko.com\/es\/bases-condiciones\/fwbgoikobabynutella\/","og_site_name":"GOIKO","article_publisher":"https:\/\/www.facebook.com\/goiko","article_modified_time":"2026-02-04T08:38:40+00:00","og_image":[{"width":1200,"height":600,"url":"https:\/\/www.goiko.com\/es\/wp-content\/uploads\/2026\/01\/Goiko-Baby-Nutella-1200x600px.jpg","type":"image\/jpeg"}],"twitter_card":"summary_large_image","twitter_site":"@goiko","twitter_misc":{"Tiempo de lectura":"3 minutos"},"schema":{"@context":"https:\/\/schema.org","@graph":[{"@type":"WebPage","@id":"https:\/\/www.goiko.com\/es\/bases-condiciones\/fwbgoikobabynutella\/","url":"https:\/\/www.goiko.com\/es\/bases-condiciones\/fwbgoikobabynutella\/","name":"FWB | BASES LEGALES | CONDICIONES GOIKO BABY CON NUTELLA + BEBIDA GRATIS \u2013 Febrero 2026 - GOIKO","isPartOf":{"@id":"https:\/\/www.goiko.com\/es\/#website"},"primaryImageOfPage":{"@id":"https:\/\/www.goiko.com\/es\/bases-condiciones\/fwbgoikobabynutella\/#primaryimage"},"image":{"@id":"https:\/\/www.goiko.com\/es\/bases-condiciones\/fwbgoikobabynutella\/#primaryimage"},"thumbnailUrl":"https:\/\/www.goiko.com\/es\/wp-content\/uploads\/2026\/01\/Goiko-Baby-Nutella-1200x600px.jpg","datePublished":"2026-02-04T08:35:12+00:00","dateModified":"2026-02-04T08:38:40+00:00","breadcrumb":{"@id":"https:\/\/www.goiko.com\/es\/bases-condiciones\/fwbgoikobabynutella\/#breadcrumb"},"inLanguage":"es","potentialAction":[{"@type":"ReadAction","target":["https:\/\/www.goiko.com\/es\/bases-condiciones\/fwbgoikobabynutella\/"]}]},{"@type":"ImageObject","inLanguage":"es","@id":"https:\/\/www.goiko.com\/es\/bases-condiciones\/fwbgoikobabynutella\/#primaryimage","url":"https:\/\/www.goiko.com\/es\/wp-content\/uploads\/2026\/01\/Goiko-Baby-Nutella-1200x600px.jpg","contentUrl":"https:\/\/www.goiko.com\/es\/wp-content\/uploads\/2026\/01\/Goiko-Baby-Nutella-1200x600px.jpg","width":1200,"height":600},{"@type":"BreadcrumbList","@id":"https:\/\/www.goiko.com\/es\/bases-condiciones\/fwbgoikobabynutella\/#breadcrumb","itemListElement":[{"@type":"ListItem","position":1,"name":"Portada","item":"https:\/\/www.goiko.com\/es\/"},{"@type":"ListItem","position":2,"name":"Bases y condiciones","item":"https:\/\/www.goiko.com\/es\/bases-condiciones\/"},{"@type":"ListItem","position":3,"name":"FWB | BASES LEGALES | CONDICIONES GOIKO BABY CON NUTELLA + BEBIDA GRATIS \u2013 Febrero 2026"}]},{"@type":"WebSite","@id":"https:\/\/www.goiko.com\/es\/#website","url":"https:\/\/www.goiko.com\/es\/","name":"GOIKO","description":"Chorreo Forever","potentialAction":[{"@type":"SearchAction","target":{"@type":"EntryPoint","urlTemplate":"https:\/\/www.goiko.com\/es\/?s={search_term_string}"},"query-input":{"@type":"PropertyValueSpecification","valueRequired":true,"valueName":"search_term_string"}}],"inLanguage":"es"}]}},"_links":{"self":[{"href":"https:\/\/www.goiko.com\/es\/wp-json\/wp\/v2\/pages\/68650","targetHints":{"allow":["GET"]}}],"collection":[{"href":"https:\/\/www.goiko.com\/es\/wp-json\/wp\/v2\/pages"}],"about":[{"href":"https:\/\/www.goiko.com\/es\/wp-json\/wp\/v2\/types\/page"}],"author":[{"embeddable":true,"href":"https:\/\/www.goiko.com\/es\/wp-json\/wp\/v2\/users\/53"}],"replies":[{"embeddable":true,"href":"https:\/\/www.goiko.com\/es\/wp-json\/wp\/v2\/comments?post=68650"}],"version-history":[{"count":2,"href":"https:\/\/www.goiko.com\/es\/wp-json\/wp\/v2\/pages\/68650\/revisions"}],"predecessor-version":[{"id":68652,"href":"https:\/\/www.goiko.com\/es\/wp-json\/wp\/v2\/pages\/68650\/revisions\/68652"}],"up":[{"embeddable":true,"href":"https:\/\/www.goiko.com\/es\/wp-json\/wp\/v2\/pages\/24894"}],"wp:featuredmedia":[{"embeddable":true,"href":"https:\/\/www.goiko.com\/es\/wp-json\/wp\/v2\/media\/68374"}],"wp:attachment":[{"href":"https:\/\/www.goiko.com\/es\/wp-json\/wp\/v2\/media?parent=68650"}],"curies":[{"name":"wp","href":"https:\/\/api.w.org\/{rel}","templated":true}]}}