{"id":68653,"date":"2026-02-04T09:42:43","date_gmt":"2026-02-04T08:42:43","guid":{"rendered":"https:\/\/www.goiko.com\/es\/bases-condiciones\/fwbgoikobabynutella-copy\/"},"modified":"2026-02-11T15:22:46","modified_gmt":"2026-02-11T14:22:46","slug":"fwbtequesgratis","status":"publish","type":"page","link":"https:\/\/www.goiko.com\/es\/bases-condiciones\/fwbtequesgratis\/","title":{"rendered":"FWB | BASES LEGALES | CONDICIONES TEQUES GRATIS \u2013 Febrero 2026"},"content":{"rendered":"<h2 data-pm-slice=\"1 1 []\">CONDICIONES TEQUES GRATIS \u2013 FRIENDS WITH BENEFITS<\/h2>\n<p>&#8211; La promoci\u00f3n <strong>Teques gratis<\/strong> corresponde a una raci\u00f3n de Teques gratis incluido dentro del programa Friends With Benefits.<\/p>\n<p>&#8211; El miembro de Friends With Benefits dispone de <strong>7 d\u00edas naturales<\/strong>, a contar desde la confirmaci\u00f3n de su registro en el programa, para disfrutar del entrante gratis.<\/p>\n<p>&#8211; Esta promoci\u00f3n es <strong>v\u00e1lida \u00fanicamente para consumo en sala<\/strong>; no es v\u00e1lida para pedidos <strong>delivery ni takeaway<\/strong>.<\/p>\n<p>&#8211; El c\u00f3digo de la promoci\u00f3n debe <strong>canjearse exclusivamente en el restaurante<\/strong>, no siendo v\u00e1lido su uso en la web oficial de GOIKO (<a href=\"http:\/\/goiko.com\">Goiko.com<\/a>)\u00a0 ni en otros canales digitales.<\/p>\n<p>Para que la promoci\u00f3n sea v\u00e1lida, el cliente deber\u00e1 consumir al menos UNA (1) hamburguesa de la carta (excepto Cheeseburger de carne o pollo). La promoci\u00f3n no es compatible con men\u00fa del d\u00eda ni otros men\u00fas de precio cerrado.<\/p>\n<p>&#8211; En caso de no haber disponibilidad de productos, GOIKO se reserva el derecho a sustituir el entrante por otro de valor equivalente, con previo aviso al cliente de dicha situaci\u00f3n. Se podr\u00e1 sustituir por:<\/p>\n<ul>\n<li>Teque Vinci<\/li>\n<li>Truff Rings<\/li>\n<\/ul>\n<p>&#8211; En los restaurantes <strong>GOIKO Gluten Free<\/strong>, el regalo por darse de alta en el programa de fidelizaci\u00f3n ser\u00e1n Chicken Tender Small, o en caso de no haber disponibilidad en el restaurante de podr\u00e1 sustituir por Crispy Chicken Wings, en las mismas condiciones anteriormente descritas.<\/p>\n<p>&#8211; La promoci\u00f3n no es acumulable con otras promociones, descuentos u ofertas ajenas al programa Friends With Benefits.<\/p>\n<p>&#8211; GOIKO se reserva el derecho de modificar o cancelar la promoci\u00f3n en caso de uso fraudulento o incumplimiento de las condiciones.<\/p>\n","protected":false},"excerpt":{"rendered":"<p>CONDICIONES TEQUES GRATIS \u2013 FRIENDS WITH BENEFITS &#8211; La promoci\u00f3n Teques gratis corresponde a una raci\u00f3n de Teques gratis incluido dentro del programa Friends With Benefits. &#8211; El miembro de Friends With Benefits dispone de 7 d\u00edas naturales, a contar desde la confirmaci\u00f3n de su registro en el programa, para disfrutar del entrante gratis. &#8211; [&hellip;]<\/p>\n","protected":false},"author":53,"featured_media":46973,"parent":24894,"menu_order":0,"comment_status":"closed","ping_status":"closed","template":"","meta":{"footnotes":""},"class_list":["post-68653","page","type-page","status-publish","has-post-thumbnail","hentry"],"acf":[],"yoast_head":"<!-- This site is optimized with the Yoast SEO plugin v23.8 - https:\/\/yoast.com\/wordpress\/plugins\/seo\/ -->\n<title>FWB | BASES LEGALES | CONDICIONES TEQUES GRATIS \u2013 Febrero 2026 - GOIKO<\/title>\n<meta name=\"robots\" content=\"index, follow, max-snippet:-1, max-image-preview:large, max-video-preview:-1\" \/>\n<link rel=\"canonical\" href=\"https:\/\/www.goiko.com\/es\/bases-condiciones\/fwbtequesgratis\/\" \/>\n<meta property=\"og:locale\" content=\"es_ES\" \/>\n<meta property=\"og:type\" content=\"article\" \/>\n<meta property=\"og:title\" content=\"FWB | BASES LEGALES | CONDICIONES TEQUES GRATIS \u2013 Febrero 2026 - GOIKO\" \/>\n<meta property=\"og:description\" content=\"CONDICIONES TEQUES GRATIS \u2013 FRIENDS WITH BENEFITS &#8211; La promoci\u00f3n Teques gratis corresponde a una raci\u00f3n de Teques gratis incluido dentro del programa Friends With Benefits. &#8211; El miembro de Friends With Benefits dispone de 7 d\u00edas naturales, a contar desde la confirmaci\u00f3n de su registro en el programa, para disfrutar del entrante gratis. &#8211; [&hellip;]\" \/>\n<meta property=\"og:url\" content=\"https:\/\/www.goiko.com\/es\/bases-condiciones\/fwbtequesgratis\/\" \/>\n<meta property=\"og:site_name\" content=\"GOIKO\" \/>\n<meta property=\"article:publisher\" content=\"https:\/\/www.facebook.com\/goiko\" \/>\n<meta property=\"article:modified_time\" content=\"2026-02-11T14:22:46+00:00\" \/>\n<meta property=\"og:image\" content=\"https:\/\/www.goiko.com\/es\/wp-content\/uploads\/2017\/02\/Teques_Sala_1200x600px.png\" \/>\n\t<meta property=\"og:image:width\" content=\"1200\" \/>\n\t<meta property=\"og:image:height\" content=\"600\" \/>\n\t<meta property=\"og:image:type\" content=\"image\/png\" \/>\n<meta name=\"twitter:card\" content=\"summary_large_image\" \/>\n<meta name=\"twitter:site\" content=\"@goiko\" \/>\n<meta name=\"twitter:label1\" content=\"Tiempo de lectura\" \/>\n\t<meta name=\"twitter:data1\" content=\"2 minutos\" \/>\n<script type=\"application\/ld+json\" class=\"yoast-schema-graph\">{\"@context\":\"https:\/\/schema.org\",\"@graph\":[{\"@type\":\"WebPage\",\"@id\":\"https:\/\/www.goiko.com\/es\/bases-condiciones\/fwbtequesgratis\/\",\"url\":\"https:\/\/www.goiko.com\/es\/bases-condiciones\/fwbtequesgratis\/\",\"name\":\"FWB | BASES LEGALES | CONDICIONES TEQUES GRATIS \u2013 Febrero 2026 - GOIKO\",\"isPartOf\":{\"@id\":\"https:\/\/www.goiko.com\/es\/#website\"},\"primaryImageOfPage\":{\"@id\":\"https:\/\/www.goiko.com\/es\/bases-condiciones\/fwbtequesgratis\/#primaryimage\"},\"image\":{\"@id\":\"https:\/\/www.goiko.com\/es\/bases-condiciones\/fwbtequesgratis\/#primaryimage\"},\"thumbnailUrl\":\"https:\/\/www.goiko.com\/es\/wp-content\/uploads\/2017\/02\/Teques_Sala_1200x600px.png\",\"datePublished\":\"2026-02-04T08:42:43+00:00\",\"dateModified\":\"2026-02-11T14:22:46+00:00\",\"breadcrumb\":{\"@id\":\"https:\/\/www.goiko.com\/es\/bases-condiciones\/fwbtequesgratis\/#breadcrumb\"},\"inLanguage\":\"es\",\"potentialAction\":[{\"@type\":\"ReadAction\",\"target\":[\"https:\/\/www.goiko.com\/es\/bases-condiciones\/fwbtequesgratis\/\"]}]},{\"@type\":\"ImageObject\",\"inLanguage\":\"es\",\"@id\":\"https:\/\/www.goiko.com\/es\/bases-condiciones\/fwbtequesgratis\/#primaryimage\",\"url\":\"https:\/\/www.goiko.com\/es\/wp-content\/uploads\/2017\/02\/Teques_Sala_1200x600px.png\",\"contentUrl\":\"https:\/\/www.goiko.com\/es\/wp-content\/uploads\/2017\/02\/Teques_Sala_1200x600px.png\",\"width\":1200,\"height\":600,\"caption\":\"teques entrantes goiko\"},{\"@type\":\"BreadcrumbList\",\"@id\":\"https:\/\/www.goiko.com\/es\/bases-condiciones\/fwbtequesgratis\/#breadcrumb\",\"itemListElement\":[{\"@type\":\"ListItem\",\"position\":1,\"name\":\"Portada\",\"item\":\"https:\/\/www.goiko.com\/es\/\"},{\"@type\":\"ListItem\",\"position\":2,\"name\":\"Bases y condiciones\",\"item\":\"https:\/\/www.goiko.com\/es\/bases-condiciones\/\"},{\"@type\":\"ListItem\",\"position\":3,\"name\":\"FWB | BASES LEGALES | CONDICIONES TEQUES GRATIS \u2013 Febrero 2026\"}]},{\"@type\":\"WebSite\",\"@id\":\"https:\/\/www.goiko.com\/es\/#website\",\"url\":\"https:\/\/www.goiko.com\/es\/\",\"name\":\"GOIKO\",\"description\":\"Chorreo Forever\",\"potentialAction\":[{\"@type\":\"SearchAction\",\"target\":{\"@type\":\"EntryPoint\",\"urlTemplate\":\"https:\/\/www.goiko.com\/es\/?s={search_term_string}\"},\"query-input\":{\"@type\":\"PropertyValueSpecification\",\"valueRequired\":true,\"valueName\":\"search_term_string\"}}],\"inLanguage\":\"es\"}]}<\/script>\n<!-- \/ Yoast SEO plugin. -->","yoast_head_json":{"title":"FWB | BASES LEGALES | CONDICIONES TEQUES GRATIS \u2013 Febrero 2026 - GOIKO","robots":{"index":"index","follow":"follow","max-snippet":"max-snippet:-1","max-image-preview":"max-image-preview:large","max-video-preview":"max-video-preview:-1"},"canonical":"https:\/\/www.goiko.com\/es\/bases-condiciones\/fwbtequesgratis\/","og_locale":"es_ES","og_type":"article","og_title":"FWB | BASES LEGALES | CONDICIONES TEQUES GRATIS \u2013 Febrero 2026 - GOIKO","og_description":"CONDICIONES TEQUES GRATIS \u2013 FRIENDS WITH BENEFITS &#8211; La promoci\u00f3n Teques gratis corresponde a una raci\u00f3n de Teques gratis incluido dentro del programa Friends With Benefits. &#8211; El miembro de Friends With Benefits dispone de 7 d\u00edas naturales, a contar desde la confirmaci\u00f3n de su registro en el programa, para disfrutar del entrante gratis. &#8211; [&hellip;]","og_url":"https:\/\/www.goiko.com\/es\/bases-condiciones\/fwbtequesgratis\/","og_site_name":"GOIKO","article_publisher":"https:\/\/www.facebook.com\/goiko","article_modified_time":"2026-02-11T14:22:46+00:00","og_image":[{"width":1200,"height":600,"url":"https:\/\/www.goiko.com\/es\/wp-content\/uploads\/2017\/02\/Teques_Sala_1200x600px.png","type":"image\/png"}],"twitter_card":"summary_large_image","twitter_site":"@goiko","twitter_misc":{"Tiempo de lectura":"2 minutos"},"schema":{"@context":"https:\/\/schema.org","@graph":[{"@type":"WebPage","@id":"https:\/\/www.goiko.com\/es\/bases-condiciones\/fwbtequesgratis\/","url":"https:\/\/www.goiko.com\/es\/bases-condiciones\/fwbtequesgratis\/","name":"FWB | BASES LEGALES | CONDICIONES TEQUES GRATIS \u2013 Febrero 2026 - GOIKO","isPartOf":{"@id":"https:\/\/www.goiko.com\/es\/#website"},"primaryImageOfPage":{"@id":"https:\/\/www.goiko.com\/es\/bases-condiciones\/fwbtequesgratis\/#primaryimage"},"image":{"@id":"https:\/\/www.goiko.com\/es\/bases-condiciones\/fwbtequesgratis\/#primaryimage"},"thumbnailUrl":"https:\/\/www.goiko.com\/es\/wp-content\/uploads\/2017\/02\/Teques_Sala_1200x600px.png","datePublished":"2026-02-04T08:42:43+00:00","dateModified":"2026-02-11T14:22:46+00:00","breadcrumb":{"@id":"https:\/\/www.goiko.com\/es\/bases-condiciones\/fwbtequesgratis\/#breadcrumb"},"inLanguage":"es","potentialAction":[{"@type":"ReadAction","target":["https:\/\/www.goiko.com\/es\/bases-condiciones\/fwbtequesgratis\/"]}]},{"@type":"ImageObject","inLanguage":"es","@id":"https:\/\/www.goiko.com\/es\/bases-condiciones\/fwbtequesgratis\/#primaryimage","url":"https:\/\/www.goiko.com\/es\/wp-content\/uploads\/2017\/02\/Teques_Sala_1200x600px.png","contentUrl":"https:\/\/www.goiko.com\/es\/wp-content\/uploads\/2017\/02\/Teques_Sala_1200x600px.png","width":1200,"height":600,"caption":"teques entrantes goiko"},{"@type":"BreadcrumbList","@id":"https:\/\/www.goiko.com\/es\/bases-condiciones\/fwbtequesgratis\/#breadcrumb","itemListElement":[{"@type":"ListItem","position":1,"name":"Portada","item":"https:\/\/www.goiko.com\/es\/"},{"@type":"ListItem","position":2,"name":"Bases y condiciones","item":"https:\/\/www.goiko.com\/es\/bases-condiciones\/"},{"@type":"ListItem","position":3,"name":"FWB | BASES LEGALES | CONDICIONES TEQUES GRATIS \u2013 Febrero 2026"}]},{"@type":"WebSite","@id":"https:\/\/www.goiko.com\/es\/#website","url":"https:\/\/www.goiko.com\/es\/","name":"GOIKO","description":"Chorreo Forever","potentialAction":[{"@type":"SearchAction","target":{"@type":"EntryPoint","urlTemplate":"https:\/\/www.goiko.com\/es\/?s={search_term_string}"},"query-input":{"@type":"PropertyValueSpecification","valueRequired":true,"valueName":"search_term_string"}}],"inLanguage":"es"}]}},"_links":{"self":[{"href":"https:\/\/www.goiko.com\/es\/wp-json\/wp\/v2\/pages\/68653","targetHints":{"allow":["GET"]}}],"collection":[{"href":"https:\/\/www.goiko.com\/es\/wp-json\/wp\/v2\/pages"}],"about":[{"href":"https:\/\/www.goiko.com\/es\/wp-json\/wp\/v2\/types\/page"}],"author":[{"embeddable":true,"href":"https:\/\/www.goiko.com\/es\/wp-json\/wp\/v2\/users\/53"}],"replies":[{"embeddable":true,"href":"https:\/\/www.goiko.com\/es\/wp-json\/wp\/v2\/comments?post=68653"}],"version-history":[{"count":4,"href":"https:\/\/www.goiko.com\/es\/wp-json\/wp\/v2\/pages\/68653\/revisions"}],"predecessor-version":[{"id":68745,"href":"https:\/\/www.goiko.com\/es\/wp-json\/wp\/v2\/pages\/68653\/revisions\/68745"}],"up":[{"embeddable":true,"href":"https:\/\/www.goiko.com\/es\/wp-json\/wp\/v2\/pages\/24894"}],"wp:featuredmedia":[{"embeddable":true,"href":"https:\/\/www.goiko.com\/es\/wp-json\/wp\/v2\/media\/46973"}],"wp:attachment":[{"href":"https:\/\/www.goiko.com\/es\/wp-json\/wp\/v2\/media?parent=68653"}],"curies":[{"name":"wp","href":"https:\/\/api.w.org\/{rel}","templated":true}]}}