{"id":68757,"date":"2026-02-20T13:04:41","date_gmt":"2026-02-20T12:04:41","guid":{"rendered":"https:\/\/www.goiko.com\/es\/bases-condiciones\/fwbtequesgratis-copy\/"},"modified":"2026-02-20T13:08:21","modified_gmt":"2026-02-20T12:08:21","slug":"sorteoarcade","status":"publish","type":"page","link":"https:\/\/www.goiko.com\/es\/bases-condiciones\/sorteoarcade\/","title":{"rendered":"GOIKO | BASES LEGALES | SORTEO M\u00c1QUINA DE ARCADE GOIKO"},"content":{"rendered":"<h2 data-pm-slice=\"1 1 []\">BASES LEGALES SORTEO M\u00c1QUINA DE ARCADE GOIKO<\/h2>\n<p><strong>GOIKO GOURMET S.L<\/strong>., (en adelante, <strong>GOIKO<\/strong>) con domicilio en, C\/ Maestro \u00c1ngel Llorca 6, Planta 5, Madrid C.P. 28003, con C.I.F. <strong>B-86.590.841<\/strong>, organiza en la fecha indicada a continuaci\u00f3n, el sorteo gratuito, sin obligaci\u00f3n de compra, llamado <strong>\u201cSORTEO M\u00c1QUINA DE ARCADE\u201d<\/strong> (en adelante, el \u201cSorteo\u201d) de acuerdo con los requisitos que se recogen en estas Bases.<\/p>\n<p><strong>PRIMERO. \u2013 <\/strong><u>OBJETIVO<\/u><strong>.<\/strong><\/p>\n<p><strong>GOIKO<\/strong> realizar\u00e1<strong> UN (1)<\/strong> sorteo que tendr\u00e1<strong> VEINTE (20) ganadores<\/strong>, cuyo premio se distribuir\u00e1 de la siguiente manera:<\/p>\n<ol>\n<li>El primer ganador tendr\u00e1 como premio <strong>UNA (1) M\u00c1QUINA DE ARCADE DE GOIKO<\/strong> + <strong>UNA (1) CENA para 4 personas<\/strong> valorada en CIEN (100) EUROS + <strong>UNA (1) CAJA DE CERVEZA DE MAHOU RESERVA<\/strong>.<\/li>\n<li>Los DIECINUEVE (19) ganadores, obtendr\u00e1n como premio<strong> UN (1) C\u00d3DIGO<\/strong> v\u00e1lido para <strong>UNA (1) HAMBURGUESA KEVIN RESERVA<\/strong> con patatas incluidas. Los C\u00f3digo ser\u00e1n UNO (1) por ganador.<\/li>\n<\/ol>\n<p><strong>SEGUNDO. \u2013 <\/strong><u>RESTAURANTE Y PLAZO.<\/u><\/p>\n<p>El sorteo ser\u00e1 publicado en la cuenta oficial de GOIKO @goiko y el influencer Marcos Alberca @marcosalberca.<\/p>\n<p>Ser\u00e1 aplicable en todos los restaurantes GOIKO de la Pen\u00ednsula Ib\u00e9rica, Isla Canarias, GOIKO Islas Baleares y GOIKO Gluten Free (se excluye de la promoci\u00f3n a GOIKO Aeropuerto de Mallorca y GOIKO Andorra).<\/p>\n<p>El plazo para participar en el sorteo comienza el <strong>20 de febrero de 2026 a las 13:00<\/strong> hrs hasta el <strong>24 de febrero de 2026 a las 23:59 hrs<\/strong>.<\/p>\n<p>Validez de los premios:<\/p>\n<ul>\n<li><strong>UNA (1) M\u00c1QUINA DE ARCADE DE GOIKO<\/strong>, que cuenta con las siguientes caracter\u00edsticas:\n<ul>\n<li>Pantalla de 24 pulgadas.<\/li>\n<li>Nevera integrada.<\/li>\n<li>Sistema de pandora.<\/li>\n<li>000 juegos integrados.<\/li>\n<\/ul>\n<\/li>\n<li><strong>UNA (1) CENA para 4 personas<\/strong> valorada en CIEN (100) EUROS + UNA (1) CAJA DE CERVEZA MAHOU RESERVA.<\/li>\n<li><strong>DIECINUEVE (19) C\u00d3DIGO<\/strong>S por v\u00e1lido para <strong>UNA (1) Kevin Reserva<\/strong> con patatas incluidas.<\/li>\n<\/ul>\n<p>Se podr\u00e1n hacer uso de los c\u00f3digos desde\u00a0 la fecha de su entrega hasta el d\u00eda <strong>30 de abril de 2026<\/strong>.<\/p>\n<p><strong>TERCERO. \u2013 <\/strong><u>DESCRIPCI\u00d3N Y CONDICIONES PARA PARTICIPAR<\/u><strong>.<\/strong><\/p>\n<ul>\n<li>Quien desee participar deber\u00e1 cumplir con los siguientes requisitos:<\/li>\n<li>Ser mayor de 18 a\u00f1os.<\/li>\n<li>Seguir la cuenta oficial de Instagram de GOIKO @goiko<\/li>\n<li>Dar \u201cme gusta\u201d a la publicaci\u00f3n del Sorteo.<\/li>\n<li>Mencionar en un comentario a otro\/s usuario\/s de Instagram en la publicaci\u00f3n del sorteo. S\u00f3lo ser\u00e1n v\u00e1lidas las cuentas de personas naturales.<\/li>\n<li>Se puede participar m\u00e1s de una vez, siempre que se cumplan todas las condiciones de participaci\u00f3n.<\/li>\n<li>M\u00e1s oportunidades de ganar si se publica el post del sorteo en stories.<\/li>\n<li>Los participantes en el Sorteo declaran y garantizan que cumplen con los requisitos establecidos, siendo responsables de la veracidad de dicha declaraci\u00f3n. Instagram no patrocina, avala, ni administra, en modo alguno, este sorteo, ni est\u00e1 asociado al mismo.<\/li>\n<li>Quedan excluidos de esta promoci\u00f3n los empleados de GOIKO y sus filiales, as\u00ed como de cualquier empresa del Grupo.<\/li>\n<li>No ser\u00e1n v\u00e1lidas las participaciones de cuentas de personas jur\u00eddicas.<\/li>\n<li>La participaci\u00f3n en el sorteo es gratuita. No se facilitar\u00e1 el terminal para participar. Los gastos de conexi\u00f3n a Internet son asumidos por el participante.<\/li>\n<li>Los c\u00f3digos v\u00e1lidos por las VEINTE (20) comidas o cenas, no podr\u00e1n ser acumulables con otras promociones, descuentos o Men\u00fa del D\u00eda ofrecidos en los restaurantes GOIKO Espa\u00f1a.<\/li>\n<li>Cualquier otro gasto extra que supere el valor del C\u00f3digo, deber\u00e1 ser cubierto por el ganador.<\/li>\n<li>Los ganadores podr\u00e1n renunciar al premio obtenido, no obstante, el premio no podr\u00e1 canjearse por dinero en efectivo o cualquier otro producto o servicio.<\/li>\n<li>El premio es personal e intransferible y no podr\u00e1 ser objeto de alteraci\u00f3n o compensaci\u00f3n, ni canjeando su valor econ\u00f3mico.<\/li>\n<\/ul>\n<p><strong>CUARTO. \u2013 <\/strong><u>ELECCI\u00d3N DE GANADOR<\/u><strong>.<\/strong><\/p>\n<p>Se nombrar\u00e1 <strong>VEINTE (20)<\/strong> ganadores y si fuese necesario,<strong> UN (1) suplente<\/strong> por cada ganador.<\/p>\n<p>Los ganadores ser\u00e1n seleccionados y anunciados el d\u00eda <strong>25 de febrero de 2026<\/strong> mediante la herramienta de selecci\u00f3n aleatoria ARBITERY <a href=\"https:\/\/arbitery.com\/\">https:\/\/arbitery.com\/<\/a>.<\/p>\n<p>El anuncio de los ganadores ser\u00e1 mediante stories de la cuenta oficial de Instagram de GOIKO @goiko y en el post del sorteo.<\/p>\n<p><strong>QUINTO. \u2013\u00a0 <\/strong><u>ENTREGA DEL PREMIO.<\/u><\/p>\n<p>GOIKO se pondr\u00e1 en contacto con cada uno de los ganadores a trav\u00e9s de un mensaje privado a la cuenta de Instagram del usuario ganador. Desde dicha comunicaci\u00f3n, cada ganador dispondr\u00e1 de 72 horas, para aceptar, o bien, rechazar el premio expresamente por cualquier causa, el premio correspondiente se ofrecer\u00e1 al suplente, y si \u00e9ste no contestase en el mismo plazo o lo rechazase, el premio del que se trate ser\u00e1 declarado desierto.<\/p>\n<p>Una vez aceptado el premio, el ganador recibir\u00e1 un mensaje directo desde la cuenta oficial de GOIKO (@goiko) en Instagram para poder concretar la log\u00edstica del env\u00edo de la caja de cerveza de Mahou Reserva y la m\u00e1quina de Arcade de GOIKO, as\u00ed como se proporcionar\u00e1n los VEINTE (20) C\u00d3DIGOS QR con la informaci\u00f3n para el canje del premio.<\/p>\n<p>Cada ganador autoriza a que su nombre de perfil en Instagram sea publicado en la p\u00e1gina web y redes sociales de @goiko, as\u00ed como en cualquiera de los canales oficiales de comunicaci\u00f3n de las marcas sin que ello genere derecho a su favor a recibir contraprestaci\u00f3n alguna. A cada ganador se le solicitar\u00e1 adem\u00e1s los datos necesarios para gestionar el premio en caso de ser necesario.<\/p>\n<p>En el supuesto de que el ganador de la <strong>M\u00c1QUINA DE ARCADE DE GOIKO<\/strong> residiese en Islas Canarias o Islas Baleares, y una vez aceptado el premio, dicho ganador deber\u00e1 hacerse cargo de los gastos de env\u00edo que se generen para la entrega de la m\u00e1quina de Arcade y de la caja de cerveza Mahou Reserva hasta su domicilio. GOIKO solo asumir\u00e1 el coste de env\u00edo en la Pen\u00ednsula Ib\u00e9rica.<\/p>\n<p>&nbsp;<\/p>\n<p><strong>SEXTO. \u2013 <\/strong><u>PROTECCI\u00d3N DE DATOS DE CAR\u00c1CTER PERSONAL.<\/u><\/p>\n<p>El tratamiento de datos de car\u00e1cter personal de los participantes y ganadores se hace conforme a los establecido en las Pol\u00edticas de Protecci\u00f3n de datos de GOIKO, a la que se puede acceder a trav\u00e9s del siguiente enlace: <a href=\"https:\/\/www.goiko.com\/es\/politica_de_proteccion_de_datos_friends_with_benefits\/\">https:\/\/www.goiko.com\/es\/politica_de_proteccion_de_datos_friends_with_benefits\/<\/a><\/p>\n<p><strong>S\u00c9PTIMO. \u2013\u00a0 <\/strong><u>ACEPTACI\u00d3N DE LAS BASES<\/u><strong>.<\/strong><\/p>\n<ol>\n<li>El mero hecho de participar en el sorteo implica la aceptaci\u00f3n \u00edntegra de las presentes bases.<\/li>\n<li>GOIKO se reserva el derecho a modificar las bases del sorteo, parcial o totalmente en cualquier momento, en la medida que no perjudique o menoscabe los derechos de los participantes en el sorteo. Asimismo, se reservan tambi\u00e9n el derecho de anularlo o dejar el premio desierto en caso de detectarse alguna irregularidad. Realizada cualquier modificaci\u00f3n, \u00e9sta ser\u00e1 debidamente puesta en conocimiento de los participantes.<\/li>\n<li>GOIKO se reserva el derecho de excluir de la participaci\u00f3n en el sorteo a todos aquellos participantes que, estime, est\u00e1n incumpliendo cualquier condici\u00f3n de participaci\u00f3n incluida en las presentes bases. La exclusi\u00f3n de una participante, cualquiera que sea la causa, conlleva la p\u00e9rdida de todos los derechos derivados de su condici\u00f3n como tal.<\/li>\n<li>Cualquier utilizaci\u00f3n abusiva o fraudulenta de estas bases dar\u00e1 lugar a la consiguiente descalificaci\u00f3n del participante en el sorteo.<\/li>\n<li>GOIKO queda eximido de cualquier responsabilidad en el supuesto de existir alg\u00fan error en los datos facilitados en su caso por los propios agraciados que impidiera su identificaci\u00f3n.<\/li>\n<li>No vinculaci\u00f3n. El sorteo no est\u00e1 patrocinado, avalado, administrado ni asociado en modo alguno a Instagram por lo que los participantes liberan a Instagram de toda responsabilidad por los eventuales da\u00f1os que se deriven de la misma.<\/li>\n<li>GOIKO est\u00e1 exento de cualquier responsabilidad derivada de cualquier circunstancia imputable a terceros que pueda afectar al desarrollo del sorteo y\/o entrega del premio.<\/li>\n<li>GOIKO en ning\u00fan caso ser\u00e1 responsable por los da\u00f1os y perjuicios directa o indirectamente resultantes de cualquier fallo, problema, acci\u00f3n u omisi\u00f3n por parte de terceros ajenos a GOIKO, como por ejemplo y sin limitaci\u00f3n, ataques inform\u00e1ticos, huelga, cualquier tipo de revuelta civil o amenaza, incendios, inundaciones, terremotos o desastres naturales, etc\u00e9tera. GOIKO en ning\u00fan caso ser\u00e1 responsable por cualquier da\u00f1o causado directa o indirectamente por cualquier acci\u00f3n, omisi\u00f3n o negligencia imputable a los participantes y\/o ganadores.<\/li>\n<\/ol>\n<p>&nbsp;<\/p>\n<p><strong>OCTAVO.<\/strong> &#8211; <u>RESPONSABILIDAD.<\/u><\/p>\n<p>GOIKO queda eximido de cualquier responsabilidad ante cualquier fallo, problema, acci\u00f3n u omisi\u00f3n por parte de terceros ajenos a este. MAHOU, S.A. no patrocina, avala, administra ni est\u00e1 asociada de modo alguno a este Sorteo, por lo que los participantes liberan a MAHOU, S.A. de toda responsabilidad por los eventuales da\u00f1os o reclamaciones que se deriven del mismo o de la participaci\u00f3n.<\/p>\n<p>GOIKO promueve el consumo responsable de bebidas alcoh\u00f3licas. La caja de cerveza MAHOU RESERVA que forma parte del premio est\u00e1 destinada \u00fanicamente a personas mayores de dieciocho (18) a\u00f1os. El ganador, al aceptar este premio, declara ser mayor de edad y se compromete a hacer un consumo moderado y responsable de la bebida alcoh\u00f3lica. GOIKO no se hace responsable del uso indebido o irresponsable del premio.<\/p>\n<p><strong>NOVENO. \u2013<\/strong> <u>CAUSA DE DESCALIFICACI\u00d3N DE UN PARTICIPANTE DEL SORTEO.<\/u><\/p>\n<p>Este sorteo se organiza con la pretensi\u00f3n de incentivar y fomentar la participaci\u00f3n de todos los concursantes en condiciones de igualdad y con estricto respeto al principio general de la buena fe. Por ese motivo, GOIKO excluir\u00e1 autom\u00e1tica e inmediatamente del mismo a cualquier participante que transgreda las normas de buena fe, observe una conducta mendaz, inadecuada, falaz o impropia, emplee medios desproporcionados, fraudulentos o abusivos, o incumpla estas bases en cualquiera de sus extremos.<\/p>\n<p>En cualquier caso, con car\u00e1cter enunciativo, pero no limitativo, y en aquello que resulte de aplicaci\u00f3n, se excluir\u00e1 a cualquier participante del sorteo en los siguientes casos:<\/p>\n<ol>\n<li>Empleo de v\u00edas, sistemas o dispositivos para alterar el sistema de votaciones, como la compra de votos, o la introducci\u00f3n automatizada de datos o c\u00f3digos. La mera sospecha de que un participante est\u00e1 utilizando cualquier sistema automatizado para la introducci\u00f3n masiva o repetitiva de los datos o c\u00f3digos necesarios para participar en el sorteo, dar\u00e1 lugar a la exclusi\u00f3n inmediata de todas sus participaciones y le inhabilitar\u00e1 para recibir cualquier premio, sin que sea necesario comunic\u00e1rselo.<\/li>\n<li>Introducci\u00f3n de datos personales inexactos, err\u00f3neos, no coincidentes o falsos. La constataci\u00f3n de que un participante ha introducido datos personales inexactos, alterados o falsos, dar\u00e1 lugar a la exclusi\u00f3n inmediata de todas sus participaciones en el Concurso, y le inhabilitar\u00e1 para recibir cualquier premio, sin que sea necesario comunic\u00e1rselo.<\/li>\n<li>De igual modo, cualquier anomal\u00eda atribuible a un participante que impida, altere o perturbe el normal desarrollo del sorteo, que afecte o perjudique a cualquier otro participante, que pueda falsear los datos de participaci\u00f3n, comprometa la seguridad o la fiabilidad de los sistemas t\u00e9cnicos utilizados para su desarrollo, o que contravenga, de alg\u00fan otro modo las presentes bases, dar\u00e1 derecho a GOIKO a excluir unilateral e inmediatamente a dicho participante y a dar cuenta de los hechos a las autoridades competentes. En caso de que cualquiera de las anteriores irregularidades, o cualesquiera otras, se detecten con posterioridad a la entrega efectiva de alguno de los premios, GOIKO se reserva el derecho de ejercitar las acciones legales pertinentes contra su autor o responsable, entre otras, las tendentes a la devoluci\u00f3n del premio.<\/li>\n<\/ol>\n<p>&nbsp;<\/p>\n<p><strong>D\u00c9CIMO. \u2013<\/strong><u> LEY APLICABLE \u2013 CONTROVERSIA<\/u><strong>.<\/strong><\/p>\n<p>Estas bases legales se regir\u00e1n de conformidad con la ley espa\u00f1ola. Ser\u00e1n competentes para resolver cualquier reclamaci\u00f3n o controversia que pudiera plantearse en relaci\u00f3n con la validez, interpretaci\u00f3n o cumplimiento de estas bases los Juzgados y Tribunales de la ciudad de Madrid.<\/p>\n","protected":false},"excerpt":{"rendered":"<p>BASES LEGALES SORTEO M\u00c1QUINA DE ARCADE GOIKO GOIKO GOURMET S.L., (en adelante, GOIKO) con domicilio en, C\/ Maestro \u00c1ngel Llorca 6, Planta 5, Madrid C.P. 28003, con C.I.F. B-86.590.841, organiza en la fecha indicada a continuaci\u00f3n, el sorteo gratuito, sin obligaci\u00f3n de compra, llamado \u201cSORTEO M\u00c1QUINA DE ARCADE\u201d (en adelante, el \u201cSorteo\u201d) de acuerdo con [&hellip;]<\/p>\n","protected":false},"author":53,"featured_media":68420,"parent":24894,"menu_order":0,"comment_status":"closed","ping_status":"closed","template":"","meta":{"footnotes":""},"class_list":["post-68757","page","type-page","status-publish","has-post-thumbnail","hentry"],"acf":[],"yoast_head":"<!-- This site is optimized with the Yoast SEO plugin v23.8 - https:\/\/yoast.com\/wordpress\/plugins\/seo\/ -->\n<title>GOIKO | BASES LEGALES | SORTEO M\u00c1QUINA DE ARCADE GOIKO - GOIKO<\/title>\n<meta name=\"robots\" content=\"index, follow, max-snippet:-1, max-image-preview:large, max-video-preview:-1\" \/>\n<link rel=\"canonical\" href=\"https:\/\/www.goiko.com\/es\/bases-condiciones\/sorteoarcade\/\" \/>\n<meta property=\"og:locale\" content=\"es_ES\" \/>\n<meta property=\"og:type\" content=\"article\" \/>\n<meta property=\"og:title\" content=\"GOIKO | BASES LEGALES | SORTEO M\u00c1QUINA DE ARCADE GOIKO - GOIKO\" \/>\n<meta property=\"og:description\" content=\"BASES LEGALES SORTEO M\u00c1QUINA DE ARCADE GOIKO GOIKO GOURMET S.L., (en adelante, GOIKO) con domicilio en, C\/ Maestro \u00c1ngel Llorca 6, Planta 5, Madrid C.P. 28003, con C.I.F. B-86.590.841, organiza en la fecha indicada a continuaci\u00f3n, el sorteo gratuito, sin obligaci\u00f3n de compra, llamado \u201cSORTEO M\u00c1QUINA DE ARCADE\u201d (en adelante, el \u201cSorteo\u201d) de acuerdo con [&hellip;]\" \/>\n<meta property=\"og:url\" content=\"https:\/\/www.goiko.com\/es\/bases-condiciones\/sorteoarcade\/\" \/>\n<meta property=\"og:site_name\" content=\"GOIKO\" \/>\n<meta property=\"article:publisher\" content=\"https:\/\/www.facebook.com\/goiko\" \/>\n<meta property=\"article:modified_time\" content=\"2026-02-20T12:08:21+00:00\" \/>\n<meta property=\"og:image\" content=\"https:\/\/www.goiko.com\/es\/wp-content\/uploads\/2026\/01\/KevinReserva-1200x600-1.jpg\" \/>\n\t<meta property=\"og:image:width\" content=\"1200\" \/>\n\t<meta property=\"og:image:height\" content=\"600\" \/>\n\t<meta property=\"og:image:type\" content=\"image\/jpeg\" \/>\n<meta name=\"twitter:card\" content=\"summary_large_image\" \/>\n<meta name=\"twitter:site\" content=\"@goiko\" \/>\n<meta name=\"twitter:label1\" content=\"Tiempo de lectura\" \/>\n\t<meta name=\"twitter:data1\" content=\"9 minutos\" \/>\n<script type=\"application\/ld+json\" class=\"yoast-schema-graph\">{\"@context\":\"https:\/\/schema.org\",\"@graph\":[{\"@type\":\"WebPage\",\"@id\":\"https:\/\/www.goiko.com\/es\/bases-condiciones\/sorteoarcade\/\",\"url\":\"https:\/\/www.goiko.com\/es\/bases-condiciones\/sorteoarcade\/\",\"name\":\"GOIKO | BASES LEGALES | SORTEO M\u00c1QUINA DE ARCADE GOIKO - GOIKO\",\"isPartOf\":{\"@id\":\"https:\/\/www.goiko.com\/es\/#website\"},\"primaryImageOfPage\":{\"@id\":\"https:\/\/www.goiko.com\/es\/bases-condiciones\/sorteoarcade\/#primaryimage\"},\"image\":{\"@id\":\"https:\/\/www.goiko.com\/es\/bases-condiciones\/sorteoarcade\/#primaryimage\"},\"thumbnailUrl\":\"https:\/\/www.goiko.com\/es\/wp-content\/uploads\/2026\/01\/KevinReserva-1200x600-1.jpg\",\"datePublished\":\"2026-02-20T12:04:41+00:00\",\"dateModified\":\"2026-02-20T12:08:21+00:00\",\"breadcrumb\":{\"@id\":\"https:\/\/www.goiko.com\/es\/bases-condiciones\/sorteoarcade\/#breadcrumb\"},\"inLanguage\":\"es\",\"potentialAction\":[{\"@type\":\"ReadAction\",\"target\":[\"https:\/\/www.goiko.com\/es\/bases-condiciones\/sorteoarcade\/\"]}]},{\"@type\":\"ImageObject\",\"inLanguage\":\"es\",\"@id\":\"https:\/\/www.goiko.com\/es\/bases-condiciones\/sorteoarcade\/#primaryimage\",\"url\":\"https:\/\/www.goiko.com\/es\/wp-content\/uploads\/2026\/01\/KevinReserva-1200x600-1.jpg\",\"contentUrl\":\"https:\/\/www.goiko.com\/es\/wp-content\/uploads\/2026\/01\/KevinReserva-1200x600-1.jpg\",\"width\":1200,\"height\":600},{\"@type\":\"BreadcrumbList\",\"@id\":\"https:\/\/www.goiko.com\/es\/bases-condiciones\/sorteoarcade\/#breadcrumb\",\"itemListElement\":[{\"@type\":\"ListItem\",\"position\":1,\"name\":\"Portada\",\"item\":\"https:\/\/www.goiko.com\/es\/\"},{\"@type\":\"ListItem\",\"position\":2,\"name\":\"Bases y condiciones\",\"item\":\"https:\/\/www.goiko.com\/es\/bases-condiciones\/\"},{\"@type\":\"ListItem\",\"position\":3,\"name\":\"GOIKO | BASES LEGALES | SORTEO M\u00c1QUINA DE ARCADE GOIKO\"}]},{\"@type\":\"WebSite\",\"@id\":\"https:\/\/www.goiko.com\/es\/#website\",\"url\":\"https:\/\/www.goiko.com\/es\/\",\"name\":\"GOIKO\",\"description\":\"Chorreo Forever\",\"potentialAction\":[{\"@type\":\"SearchAction\",\"target\":{\"@type\":\"EntryPoint\",\"urlTemplate\":\"https:\/\/www.goiko.com\/es\/?s={search_term_string}\"},\"query-input\":{\"@type\":\"PropertyValueSpecification\",\"valueRequired\":true,\"valueName\":\"search_term_string\"}}],\"inLanguage\":\"es\"}]}<\/script>\n<!-- \/ Yoast SEO plugin. -->","yoast_head_json":{"title":"GOIKO | BASES LEGALES | SORTEO M\u00c1QUINA DE ARCADE GOIKO - GOIKO","robots":{"index":"index","follow":"follow","max-snippet":"max-snippet:-1","max-image-preview":"max-image-preview:large","max-video-preview":"max-video-preview:-1"},"canonical":"https:\/\/www.goiko.com\/es\/bases-condiciones\/sorteoarcade\/","og_locale":"es_ES","og_type":"article","og_title":"GOIKO | BASES LEGALES | SORTEO M\u00c1QUINA DE ARCADE GOIKO - GOIKO","og_description":"BASES LEGALES SORTEO M\u00c1QUINA DE ARCADE GOIKO GOIKO GOURMET S.L., (en adelante, GOIKO) con domicilio en, C\/ Maestro \u00c1ngel Llorca 6, Planta 5, Madrid C.P. 28003, con C.I.F. B-86.590.841, organiza en la fecha indicada a continuaci\u00f3n, el sorteo gratuito, sin obligaci\u00f3n de compra, llamado \u201cSORTEO M\u00c1QUINA DE ARCADE\u201d (en adelante, el \u201cSorteo\u201d) de acuerdo con [&hellip;]","og_url":"https:\/\/www.goiko.com\/es\/bases-condiciones\/sorteoarcade\/","og_site_name":"GOIKO","article_publisher":"https:\/\/www.facebook.com\/goiko","article_modified_time":"2026-02-20T12:08:21+00:00","og_image":[{"width":1200,"height":600,"url":"https:\/\/www.goiko.com\/es\/wp-content\/uploads\/2026\/01\/KevinReserva-1200x600-1.jpg","type":"image\/jpeg"}],"twitter_card":"summary_large_image","twitter_site":"@goiko","twitter_misc":{"Tiempo de lectura":"9 minutos"},"schema":{"@context":"https:\/\/schema.org","@graph":[{"@type":"WebPage","@id":"https:\/\/www.goiko.com\/es\/bases-condiciones\/sorteoarcade\/","url":"https:\/\/www.goiko.com\/es\/bases-condiciones\/sorteoarcade\/","name":"GOIKO | BASES LEGALES | SORTEO M\u00c1QUINA DE ARCADE GOIKO - GOIKO","isPartOf":{"@id":"https:\/\/www.goiko.com\/es\/#website"},"primaryImageOfPage":{"@id":"https:\/\/www.goiko.com\/es\/bases-condiciones\/sorteoarcade\/#primaryimage"},"image":{"@id":"https:\/\/www.goiko.com\/es\/bases-condiciones\/sorteoarcade\/#primaryimage"},"thumbnailUrl":"https:\/\/www.goiko.com\/es\/wp-content\/uploads\/2026\/01\/KevinReserva-1200x600-1.jpg","datePublished":"2026-02-20T12:04:41+00:00","dateModified":"2026-02-20T12:08:21+00:00","breadcrumb":{"@id":"https:\/\/www.goiko.com\/es\/bases-condiciones\/sorteoarcade\/#breadcrumb"},"inLanguage":"es","potentialAction":[{"@type":"ReadAction","target":["https:\/\/www.goiko.com\/es\/bases-condiciones\/sorteoarcade\/"]}]},{"@type":"ImageObject","inLanguage":"es","@id":"https:\/\/www.goiko.com\/es\/bases-condiciones\/sorteoarcade\/#primaryimage","url":"https:\/\/www.goiko.com\/es\/wp-content\/uploads\/2026\/01\/KevinReserva-1200x600-1.jpg","contentUrl":"https:\/\/www.goiko.com\/es\/wp-content\/uploads\/2026\/01\/KevinReserva-1200x600-1.jpg","width":1200,"height":600},{"@type":"BreadcrumbList","@id":"https:\/\/www.goiko.com\/es\/bases-condiciones\/sorteoarcade\/#breadcrumb","itemListElement":[{"@type":"ListItem","position":1,"name":"Portada","item":"https:\/\/www.goiko.com\/es\/"},{"@type":"ListItem","position":2,"name":"Bases y condiciones","item":"https:\/\/www.goiko.com\/es\/bases-condiciones\/"},{"@type":"ListItem","position":3,"name":"GOIKO | BASES LEGALES | SORTEO M\u00c1QUINA DE ARCADE GOIKO"}]},{"@type":"WebSite","@id":"https:\/\/www.goiko.com\/es\/#website","url":"https:\/\/www.goiko.com\/es\/","name":"GOIKO","description":"Chorreo Forever","potentialAction":[{"@type":"SearchAction","target":{"@type":"EntryPoint","urlTemplate":"https:\/\/www.goiko.com\/es\/?s={search_term_string}"},"query-input":{"@type":"PropertyValueSpecification","valueRequired":true,"valueName":"search_term_string"}}],"inLanguage":"es"}]}},"_links":{"self":[{"href":"https:\/\/www.goiko.com\/es\/wp-json\/wp\/v2\/pages\/68757","targetHints":{"allow":["GET"]}}],"collection":[{"href":"https:\/\/www.goiko.com\/es\/wp-json\/wp\/v2\/pages"}],"about":[{"href":"https:\/\/www.goiko.com\/es\/wp-json\/wp\/v2\/types\/page"}],"author":[{"embeddable":true,"href":"https:\/\/www.goiko.com\/es\/wp-json\/wp\/v2\/users\/53"}],"replies":[{"embeddable":true,"href":"https:\/\/www.goiko.com\/es\/wp-json\/wp\/v2\/comments?post=68757"}],"version-history":[{"count":2,"href":"https:\/\/www.goiko.com\/es\/wp-json\/wp\/v2\/pages\/68757\/revisions"}],"predecessor-version":[{"id":68759,"href":"https:\/\/www.goiko.com\/es\/wp-json\/wp\/v2\/pages\/68757\/revisions\/68759"}],"up":[{"embeddable":true,"href":"https:\/\/www.goiko.com\/es\/wp-json\/wp\/v2\/pages\/24894"}],"wp:featuredmedia":[{"embeddable":true,"href":"https:\/\/www.goiko.com\/es\/wp-json\/wp\/v2\/media\/68420"}],"wp:attachment":[{"href":"https:\/\/www.goiko.com\/es\/wp-json\/wp\/v2\/media?parent=68757"}],"curies":[{"name":"wp","href":"https:\/\/api.w.org\/{rel}","templated":true}]}}